{"id":11213,"date":"2017-12-19T10:22:01","date_gmt":"2017-12-19T09:22:01","guid":{"rendered":"https:\/\/jh.nl\/berekeningsprogramma\/"},"modified":"2022-04-05T11:47:11","modified_gmt":"2022-04-05T09:47:11","slug":"berekeningsprogramma","status":"publish","type":"page","link":"https:\/\/jh.nl\/de\/berekeningsprogramma\/","title":{"rendered":"Berechnungen F\u00f6rdertechnik"},"content":{"rendered":"<p>Wenn Sie diesen Rechner bereits verwendet haben, m\u00fcssen Sie ihn m\u00f6glicherweise aus Ihrem Browserverlauf l\u00f6schen, um sicherzustellen, dass Sie die neueste Version verwenden. Es ist m\u00f6glich, dass dies die Ursache f\u00fcr Fehlfunktionen ist.<\/p>\n<p><strong>Ben\u00f6tigen Sie Hilfe bei Ihrer Berechnung?<\/strong><br \/>\nBitte kontaktieren Sie unsere Ingenieure: <a href=\"tel:+31502100928\">+31 (0)50 210 09 28<\/a><\/p>\n<p><iframe id=\"band\" src=\"\/wp-content\/themes\/jh\/tools\/band.html\" height=\"800\" frameborder=\"0\"><\/iframe><\/p>\n<p><a href=\"tel:+31502100928\"><img fetchpriority=\"high\" decoding=\"async\" class=\"alignnone wp-image-19385 size-full\" src=\"https:\/\/jh.nl\/wp-content\/uploads\/2022\/04\/Screenshot-18.jpg\" alt=\"\" width=\"1264\" height=\"447\" srcset=\"https:\/\/jh.nl\/wp-content\/uploads\/2022\/04\/Screenshot-18.jpg 1264w, https:\/\/jh.nl\/wp-content\/uploads\/2022\/04\/Screenshot-18-400x141.jpg 400w, https:\/\/jh.nl\/wp-content\/uploads\/2022\/04\/Screenshot-18-300x106.png 300w, https:\/\/jh.nl\/wp-content\/uploads\/2022\/04\/Screenshot-18-768x272.png 768w, https:\/\/jh.nl\/wp-content\/uploads\/2022\/04\/Screenshot-18-1024x362.png 1024w, https:\/\/jh.nl\/wp-content\/uploads\/2022\/04\/Screenshot-18-600x212.png 600w\" sizes=\"(max-width: 1264px) 100vw, 1264px\" \/><\/a><\/p>\n","protected":false},"excerpt":{"rendered":"<p>Wenn Sie diesen Rechner bereits verwendet haben, m\u00fcssen Sie ihn&#8230;<\/p>\n","protected":false},"author":1,"featured_media":19707,"parent":0,"menu_order":0,"comment_status":"closed","ping_status":"closed","template":"","meta":{"_acf_changed":false,"footnotes":""},"class_list":["post-11213","page","type-page","status-publish","has-post-thumbnail","hentry"],"acf":[],"yoast_head":"<!-- This site is optimized with the Yoast SEO plugin v27.3 - https:\/\/yoast.com\/product\/yoast-seo-wordpress\/ -->\n<title>Berechnungen F\u00f6rdertechnik | Jansen&amp;Heuning<\/title>\n<meta name=\"description\" content=\"Berechnungen F\u00f6rdertechnik | Jansen&amp;Heuning\" \/>\n<meta name=\"robots\" content=\"index, follow, max-snippet:-1, max-image-preview:large, max-video-preview:-1\" \/>\n<link rel=\"canonical\" href=\"https:\/\/jh.nl\/de\/berekeningsprogramma\/\" \/>\n<meta property=\"og:locale\" content=\"de_DE\" \/>\n<meta property=\"og:type\" content=\"article\" \/>\n<meta property=\"og:title\" content=\"Berechnungen F\u00f6rdertechnik | Jansen&amp;Heuning\" \/>\n<meta property=\"og:description\" content=\"Berechnungen F\u00f6rdertechnik | Jansen&amp;Heuning\" \/>\n<meta property=\"og:url\" content=\"https:\/\/jh.nl\/de\/berekeningsprogramma\/\" \/>\n<meta property=\"og:site_name\" content=\"Jansen&amp;Heuning\" \/>\n<meta property=\"article:publisher\" content=\"https:\/\/www.facebook.com\/JansenHeuning\" \/>\n<meta property=\"article:modified_time\" content=\"2022-04-05T09:47:11+00:00\" \/>\n<meta property=\"og:image\" content=\"https:\/\/jh.nl\/wp-content\/uploads\/2019\/09\/actie-meten-678x1024.jpg\" \/>\n\t<meta property=\"og:image:width\" content=\"678\" \/>\n\t<meta property=\"og:image:height\" content=\"1024\" \/>\n\t<meta property=\"og:image:type\" content=\"image\/jpeg\" \/>\n<meta name=\"twitter:card\" content=\"summary_large_image\" \/>\n<meta name=\"twitter:label1\" content=\"Gesch\u00e4tzte Lesezeit\" \/>\n\t<meta name=\"twitter:data1\" content=\"1\u00a0Minute\" \/>\n<script type=\"application\/ld+json\" class=\"yoast-schema-graph\">{\"@context\":\"https:\\\/\\\/schema.org\",\"@graph\":[{\"@type\":\"WebPage\",\"@id\":\"https:\\\/\\\/jh.nl\\\/de\\\/berekeningsprogramma\\\/\",\"url\":\"https:\\\/\\\/jh.nl\\\/de\\\/berekeningsprogramma\\\/\",\"name\":\"Berechnungen F\u00f6rdertechnik | Jansen&amp;Heuning\",\"isPartOf\":{\"@id\":\"https:\\\/\\\/jh.nl\\\/nl\\\/#website\"},\"primaryImageOfPage\":{\"@id\":\"https:\\\/\\\/jh.nl\\\/de\\\/berekeningsprogramma\\\/#primaryimage\"},\"image\":{\"@id\":\"https:\\\/\\\/jh.nl\\\/de\\\/berekeningsprogramma\\\/#primaryimage\"},\"thumbnailUrl\":\"https:\\\/\\\/jh.nl\\\/wp-content\\\/uploads\\\/2022\\\/05\\\/JHS0300-R4-grinded-milk-powder.jpg\",\"datePublished\":\"2017-12-19T09:22:01+00:00\",\"dateModified\":\"2022-04-05T09:47:11+00:00\",\"description\":\"Berechnungen F\u00f6rdertechnik | Jansen&amp;Heuning\",\"breadcrumb\":{\"@id\":\"https:\\\/\\\/jh.nl\\\/de\\\/berekeningsprogramma\\\/#breadcrumb\"},\"inLanguage\":\"de\",\"potentialAction\":[{\"@type\":\"ReadAction\",\"target\":[\"https:\\\/\\\/jh.nl\\\/de\\\/berekeningsprogramma\\\/\"]}]},{\"@type\":\"ImageObject\",\"inLanguage\":\"de\",\"@id\":\"https:\\\/\\\/jh.nl\\\/de\\\/berekeningsprogramma\\\/#primaryimage\",\"url\":\"https:\\\/\\\/jh.nl\\\/wp-content\\\/uploads\\\/2022\\\/05\\\/JHS0300-R4-grinded-milk-powder.jpg\",\"contentUrl\":\"https:\\\/\\\/jh.nl\\\/wp-content\\\/uploads\\\/2022\\\/05\\\/JHS0300-R4-grinded-milk-powder.jpg\",\"width\":1927,\"height\":1512,\"caption\":\"Schroeftransporteur voor continu transport van bulkgoed.\"},{\"@type\":\"BreadcrumbList\",\"@id\":\"https:\\\/\\\/jh.nl\\\/de\\\/berekeningsprogramma\\\/#breadcrumb\",\"itemListElement\":[{\"@type\":\"ListItem\",\"position\":1,\"name\":\"Home\",\"item\":\"https:\\\/\\\/jh.nl\\\/de\\\/\"},{\"@type\":\"ListItem\",\"position\":2,\"name\":\"Berechnungen F\u00f6rdertechnik\"}]},{\"@type\":\"WebSite\",\"@id\":\"https:\\\/\\\/jh.nl\\\/nl\\\/#website\",\"url\":\"https:\\\/\\\/jh.nl\\\/nl\\\/\",\"name\":\"Jansen & Heuning\",\"description\":\"Bulk Handling Systems\",\"publisher\":{\"@id\":\"https:\\\/\\\/jh.nl\\\/nl\\\/#organization\"},\"alternateName\":\"J&H\",\"potentialAction\":[{\"@type\":\"SearchAction\",\"target\":{\"@type\":\"EntryPoint\",\"urlTemplate\":\"https:\\\/\\\/jh.nl\\\/nl\\\/?s={search_term_string}\"},\"query-input\":{\"@type\":\"PropertyValueSpecification\",\"valueRequired\":true,\"valueName\":\"search_term_string\"}}],\"inLanguage\":\"de\"},{\"@type\":\"Organization\",\"@id\":\"https:\\\/\\\/jh.nl\\\/nl\\\/#organization\",\"name\":\"Jansen & Heuning\",\"alternateName\":\"J&H\",\"url\":\"https:\\\/\\\/jh.nl\\\/nl\\\/\",\"logo\":{\"@type\":\"ImageObject\",\"inLanguage\":\"de\",\"@id\":\"https:\\\/\\\/jh.nl\\\/nl\\\/#\\\/schema\\\/logo\\\/image\\\/\",\"url\":\"https:\\\/\\\/jh.nl\\\/wp-content\\\/uploads\\\/2022\\\/05\\\/JH-logo-scaled.gif\",\"contentUrl\":\"https:\\\/\\\/jh.nl\\\/wp-content\\\/uploads\\\/2022\\\/05\\\/JH-logo-scaled.gif\",\"width\":2560,\"height\":429,\"caption\":\"Jansen & Heuning\"},\"image\":{\"@id\":\"https:\\\/\\\/jh.nl\\\/nl\\\/#\\\/schema\\\/logo\\\/image\\\/\"},\"sameAs\":[\"https:\\\/\\\/www.facebook.com\\\/JansenHeuning\",\"https:\\\/\\\/www.youtube.com\\\/user\\\/JansenenHeuning\\\/featured\",\"https:\\\/\\\/www.linkedin.com\\\/company\\\/1768497\\\/\"]}]}<\/script>\n<!-- \/ Yoast SEO plugin. -->","yoast_head_json":{"title":"Berechnungen F\u00f6rdertechnik | Jansen&amp;Heuning","description":"Berechnungen F\u00f6rdertechnik | Jansen&amp;Heuning","robots":{"index":"index","follow":"follow","max-snippet":"max-snippet:-1","max-image-preview":"max-image-preview:large","max-video-preview":"max-video-preview:-1"},"canonical":"https:\/\/jh.nl\/de\/berekeningsprogramma\/","og_locale":"de_DE","og_type":"article","og_title":"Berechnungen F\u00f6rdertechnik | Jansen&amp;Heuning","og_description":"Berechnungen F\u00f6rdertechnik | Jansen&amp;Heuning","og_url":"https:\/\/jh.nl\/de\/berekeningsprogramma\/","og_site_name":"Jansen&amp;Heuning","article_publisher":"https:\/\/www.facebook.com\/JansenHeuning","article_modified_time":"2022-04-05T09:47:11+00:00","og_image":[{"width":678,"height":1024,"url":"https:\/\/jh.nl\/wp-content\/uploads\/2019\/09\/actie-meten-678x1024.jpg","type":"image\/jpeg"}],"twitter_card":"summary_large_image","twitter_misc":{"Gesch\u00e4tzte Lesezeit":"1\u00a0Minute"},"schema":{"@context":"https:\/\/schema.org","@graph":[{"@type":"WebPage","@id":"https:\/\/jh.nl\/de\/berekeningsprogramma\/","url":"https:\/\/jh.nl\/de\/berekeningsprogramma\/","name":"Berechnungen F\u00f6rdertechnik | Jansen&amp;Heuning","isPartOf":{"@id":"https:\/\/jh.nl\/nl\/#website"},"primaryImageOfPage":{"@id":"https:\/\/jh.nl\/de\/berekeningsprogramma\/#primaryimage"},"image":{"@id":"https:\/\/jh.nl\/de\/berekeningsprogramma\/#primaryimage"},"thumbnailUrl":"https:\/\/jh.nl\/wp-content\/uploads\/2022\/05\/JHS0300-R4-grinded-milk-powder.jpg","datePublished":"2017-12-19T09:22:01+00:00","dateModified":"2022-04-05T09:47:11+00:00","description":"Berechnungen F\u00f6rdertechnik | Jansen&amp;Heuning","breadcrumb":{"@id":"https:\/\/jh.nl\/de\/berekeningsprogramma\/#breadcrumb"},"inLanguage":"de","potentialAction":[{"@type":"ReadAction","target":["https:\/\/jh.nl\/de\/berekeningsprogramma\/"]}]},{"@type":"ImageObject","inLanguage":"de","@id":"https:\/\/jh.nl\/de\/berekeningsprogramma\/#primaryimage","url":"https:\/\/jh.nl\/wp-content\/uploads\/2022\/05\/JHS0300-R4-grinded-milk-powder.jpg","contentUrl":"https:\/\/jh.nl\/wp-content\/uploads\/2022\/05\/JHS0300-R4-grinded-milk-powder.jpg","width":1927,"height":1512,"caption":"Schroeftransporteur voor continu transport van bulkgoed."},{"@type":"BreadcrumbList","@id":"https:\/\/jh.nl\/de\/berekeningsprogramma\/#breadcrumb","itemListElement":[{"@type":"ListItem","position":1,"name":"Home","item":"https:\/\/jh.nl\/de\/"},{"@type":"ListItem","position":2,"name":"Berechnungen F\u00f6rdertechnik"}]},{"@type":"WebSite","@id":"https:\/\/jh.nl\/nl\/#website","url":"https:\/\/jh.nl\/nl\/","name":"Jansen & Heuning","description":"Bulk Handling Systems","publisher":{"@id":"https:\/\/jh.nl\/nl\/#organization"},"alternateName":"J&H","potentialAction":[{"@type":"SearchAction","target":{"@type":"EntryPoint","urlTemplate":"https:\/\/jh.nl\/nl\/?s={search_term_string}"},"query-input":{"@type":"PropertyValueSpecification","valueRequired":true,"valueName":"search_term_string"}}],"inLanguage":"de"},{"@type":"Organization","@id":"https:\/\/jh.nl\/nl\/#organization","name":"Jansen & Heuning","alternateName":"J&H","url":"https:\/\/jh.nl\/nl\/","logo":{"@type":"ImageObject","inLanguage":"de","@id":"https:\/\/jh.nl\/nl\/#\/schema\/logo\/image\/","url":"https:\/\/jh.nl\/wp-content\/uploads\/2022\/05\/JH-logo-scaled.gif","contentUrl":"https:\/\/jh.nl\/wp-content\/uploads\/2022\/05\/JH-logo-scaled.gif","width":2560,"height":429,"caption":"Jansen & Heuning"},"image":{"@id":"https:\/\/jh.nl\/nl\/#\/schema\/logo\/image\/"},"sameAs":["https:\/\/www.facebook.com\/JansenHeuning","https:\/\/www.youtube.com\/user\/JansenenHeuning\/featured","https:\/\/www.linkedin.com\/company\/1768497\/"]}]}},"_links":{"self":[{"href":"https:\/\/jh.nl\/de\/wp-json\/wp\/v2\/pages\/11213","targetHints":{"allow":["GET"]}}],"collection":[{"href":"https:\/\/jh.nl\/de\/wp-json\/wp\/v2\/pages"}],"about":[{"href":"https:\/\/jh.nl\/de\/wp-json\/wp\/v2\/types\/page"}],"author":[{"embeddable":true,"href":"https:\/\/jh.nl\/de\/wp-json\/wp\/v2\/users\/1"}],"replies":[{"embeddable":true,"href":"https:\/\/jh.nl\/de\/wp-json\/wp\/v2\/comments?post=11213"}],"version-history":[{"count":0,"href":"https:\/\/jh.nl\/de\/wp-json\/wp\/v2\/pages\/11213\/revisions"}],"wp:featuredmedia":[{"embeddable":true,"href":"https:\/\/jh.nl\/de\/wp-json\/wp\/v2\/media\/19707"}],"wp:attachment":[{"href":"https:\/\/jh.nl\/de\/wp-json\/wp\/v2\/media?parent=11213"}],"curies":[{"name":"wp","href":"https:\/\/api.w.org\/{rel}","templated":true}]}}