{"id":11347,"date":"2019-03-29T14:12:15","date_gmt":"2019-03-29T13:12:15","guid":{"rendered":"https:\/\/jh.nl\/?page_id=11347"},"modified":"2024-10-31T16:32:39","modified_gmt":"2024-10-31T15:32:39","slug":"ueber-uns","status":"publish","type":"page","link":"https:\/\/jh.nl\/de\/ueber-uns\/","title":{"rendered":"\u00dcber uns"},"content":{"rendered":"<h3>Wer sind wir?<\/h3>\n<p>Jansen&amp;Heuning ist als Unternehmen mittlerer Gr\u00f6\u00dfe mit ca. 50 Mitarbeiter\/-innen klein genug, um bei Konstruktion und Fertigung schnell und flexibel auf spezielle Kundenw\u00fcnsche reagieren zu k\u00f6nnen und gro\u00df genug, um auch Gro\u00dfprojekte technisch perfekt und in der vereinbarten Zeit abzuwickeln. Unser<\/p>\n<p>Vertriebspersonal ist in der Branche geschult, verf\u00fcgt \u00fcber gro\u00dfe Erfahrung und ist somit bestens geeignet, aus Ihren Fragen und Anforderungen technisch optimale und wirtschaftliche L\u00f6sungen zu entwickeln. Ein von Jansen&amp;Heuning entwickeltes <a href=\"https:\/\/jh.nl\/de\/berekeningsprogramma\/\">Computerprogramm<\/a> hilft bei der Berechnung und Auslegung der F\u00f6rderger\u00e4te.<\/p>\n<p><iframe width=\"560\" height=\"315\" src=\"https:\/\/www.youtube.com\/embed\/VJyWOUCJ6NY?si=c95QuyCcHcYFJCCJ\" title=\"YouTube video player\" frameborder=\"0\" allow=\"accelerometer; autoplay; clipboard-write; encrypted-media; gyroscope; picture-in-picture; web-share\" referrerpolicy=\"strict-origin-when-cross-origin\" allowfullscreen><\/iframe><\/p>\n<h3>In welchen Branchen operieren wir?<\/h3>\n<p>Wir produzieren Maschinen f\u00fcr den Umschlag von Sch\u00fcttg\u00fctern (Lebensmittel, Recycling, Sand, Kies und Beton, Torf- und Humuswirtschaft) und f\u00fcr den Umschlag von landwirtschaftlichen Produkte (Kartoffeln, Zwiebeln und Getreide). Nach der \u00dcbernahme von <a href=\"http:\/\/www.meijerholland.nl\/deutsch\/809_home\">Meijer Holland<\/a> im Jahr 2011, wurde unser landwirtschaftlichen Produktsortiment mit Ballengreifer und Ballensammler erweitert.<\/p>\n\n\t\t<style type=\"text\/css\">\n\t\t\t#gallery-1 {\n\t\t\t\tmargin: auto;\n\t\t\t}\n\t\t\t#gallery-1 .gallery-item {\n\t\t\t\tfloat: left;\n\t\t\t\tmargin-top: 10px;\n\t\t\t\ttext-align: center;\n\t\t\t\twidth: 33%;\n\t\t\t}\n\t\t\t#gallery-1 img {\n\t\t\t\tborder: 2px solid #cfcfcf;\n\t\t\t}\n\t\t\t#gallery-1 .gallery-caption {\n\t\t\t\tmargin-left: 0;\n\t\t\t}\n\t\t\t\/* see gallery_shortcode() in wp-includes\/media.php *\/\n\t\t<\/style>\n\t\t<div id='gallery-1' class='gallery galleryid-11347 gallery-columns-3 gallery-size-full'><dl class='gallery-item'>\n\t\t\t<dt class='gallery-icon landscape'>\n\t\t\t\t<a href='https:\/\/jh.nl\/de\/schermopname-25_edited-2\/'><img fetchpriority=\"high\" decoding=\"async\" width=\"1879\" height=\"1029\" src=\"https:\/\/jh.nl\/wp-content\/uploads\/2024\/10\/Schermopname-25_edited.jpg\" class=\"attachment-full size-full\" alt=\"\" srcset=\"https:\/\/jh.nl\/wp-content\/uploads\/2024\/10\/Schermopname-25_edited.jpg 1879w, https:\/\/jh.nl\/wp-content\/uploads\/2024\/10\/Schermopname-25_edited-300x164.jpg 300w, https:\/\/jh.nl\/wp-content\/uploads\/2024\/10\/Schermopname-25_edited-1024x561.jpg 1024w, https:\/\/jh.nl\/wp-content\/uploads\/2024\/10\/Schermopname-25_edited-768x421.jpg 768w, https:\/\/jh.nl\/wp-content\/uploads\/2024\/10\/Schermopname-25_edited-1536x841.jpg 1536w, https:\/\/jh.nl\/wp-content\/uploads\/2024\/10\/Schermopname-25_edited-600x329.jpg 600w, https:\/\/jh.nl\/wp-content\/uploads\/2024\/10\/Schermopname-25_edited-400x219.jpg 400w\" sizes=\"(max-width: 1879px) 100vw, 1879px\" \/><\/a>\n\t\t\t<\/dt><\/dl><dl class='gallery-item'>\n\t\t\t<dt class='gallery-icon landscape'>\n\t\t\t\t<a href='https:\/\/jh.nl\/de\/contact\/schermopname-40_edited-2\/'><img decoding=\"async\" width=\"1889\" height=\"1064\" src=\"https:\/\/jh.nl\/wp-content\/uploads\/2024\/10\/Schermopname-40_edited.jpg\" class=\"attachment-full size-full\" alt=\"\" srcset=\"https:\/\/jh.nl\/wp-content\/uploads\/2024\/10\/Schermopname-40_edited.jpg 1889w, https:\/\/jh.nl\/wp-content\/uploads\/2024\/10\/Schermopname-40_edited-300x169.jpg 300w, https:\/\/jh.nl\/wp-content\/uploads\/2024\/10\/Schermopname-40_edited-1024x577.jpg 1024w, https:\/\/jh.nl\/wp-content\/uploads\/2024\/10\/Schermopname-40_edited-768x433.jpg 768w, https:\/\/jh.nl\/wp-content\/uploads\/2024\/10\/Schermopname-40_edited-1536x865.jpg 1536w, https:\/\/jh.nl\/wp-content\/uploads\/2024\/10\/Schermopname-40_edited-1600x900.jpg 1600w, https:\/\/jh.nl\/wp-content\/uploads\/2024\/10\/Schermopname-40_edited-600x338.jpg 600w, https:\/\/jh.nl\/wp-content\/uploads\/2024\/10\/Schermopname-40_edited-400x225.jpg 400w\" sizes=\"(max-width: 1889px) 100vw, 1889px\" \/><\/a>\n\t\t\t<\/dt><\/dl><dl class='gallery-item'>\n\t\t\t<dt class='gallery-icon landscape'>\n\t\t\t\t<a href='https:\/\/jh.nl\/de\/schermopname-39_edited-2\/'><img decoding=\"async\" width=\"1889\" height=\"1015\" src=\"https:\/\/jh.nl\/wp-content\/uploads\/2024\/10\/Schermopname-39_edited.jpg\" class=\"attachment-full size-full\" alt=\"\" srcset=\"https:\/\/jh.nl\/wp-content\/uploads\/2024\/10\/Schermopname-39_edited.jpg 1889w, https:\/\/jh.nl\/wp-content\/uploads\/2024\/10\/Schermopname-39_edited-300x161.jpg 300w, https:\/\/jh.nl\/wp-content\/uploads\/2024\/10\/Schermopname-39_edited-1024x550.jpg 1024w, https:\/\/jh.nl\/wp-content\/uploads\/2024\/10\/Schermopname-39_edited-768x413.jpg 768w, https:\/\/jh.nl\/wp-content\/uploads\/2024\/10\/Schermopname-39_edited-1536x825.jpg 1536w, https:\/\/jh.nl\/wp-content\/uploads\/2024\/10\/Schermopname-39_edited-600x322.jpg 600w, https:\/\/jh.nl\/wp-content\/uploads\/2024\/10\/Schermopname-39_edited-400x215.jpg 400w\" sizes=\"(max-width: 1889px) 100vw, 1889px\" \/><\/a>\n\t\t\t<\/dt><\/dl><br style=\"clear: both\" \/><dl class='gallery-item'>\n\t\t\t<dt class='gallery-icon landscape'>\n\t\t\t\t<a href='https:\/\/jh.nl\/de\/schermopname-36_edited-2\/'><img loading=\"lazy\" decoding=\"async\" width=\"1879\" height=\"1058\" src=\"https:\/\/jh.nl\/wp-content\/uploads\/2024\/10\/Schermopname-36_edited.jpg\" class=\"attachment-full size-full\" alt=\"\" srcset=\"https:\/\/jh.nl\/wp-content\/uploads\/2024\/10\/Schermopname-36_edited.jpg 1879w, https:\/\/jh.nl\/wp-content\/uploads\/2024\/10\/Schermopname-36_edited-300x169.jpg 300w, https:\/\/jh.nl\/wp-content\/uploads\/2024\/10\/Schermopname-36_edited-1024x577.jpg 1024w, https:\/\/jh.nl\/wp-content\/uploads\/2024\/10\/Schermopname-36_edited-768x432.jpg 768w, https:\/\/jh.nl\/wp-content\/uploads\/2024\/10\/Schermopname-36_edited-1536x865.jpg 1536w, https:\/\/jh.nl\/wp-content\/uploads\/2024\/10\/Schermopname-36_edited-1600x900.jpg 1600w, https:\/\/jh.nl\/wp-content\/uploads\/2024\/10\/Schermopname-36_edited-600x338.jpg 600w, https:\/\/jh.nl\/wp-content\/uploads\/2024\/10\/Schermopname-36_edited-400x225.jpg 400w\" sizes=\"(max-width: 1879px) 100vw, 1879px\" \/><\/a>\n\t\t\t<\/dt><\/dl><dl class='gallery-item'>\n\t\t\t<dt class='gallery-icon landscape'>\n\t\t\t\t<a href='https:\/\/jh.nl\/de\/schermopname-23_edited-2\/'><img loading=\"lazy\" decoding=\"async\" width=\"1882\" height=\"1064\" src=\"https:\/\/jh.nl\/wp-content\/uploads\/2024\/10\/Schermopname-23_edited.jpg\" class=\"attachment-full size-full\" alt=\"\" srcset=\"https:\/\/jh.nl\/wp-content\/uploads\/2024\/10\/Schermopname-23_edited.jpg 1882w, https:\/\/jh.nl\/wp-content\/uploads\/2024\/10\/Schermopname-23_edited-300x170.jpg 300w, https:\/\/jh.nl\/wp-content\/uploads\/2024\/10\/Schermopname-23_edited-1024x579.jpg 1024w, https:\/\/jh.nl\/wp-content\/uploads\/2024\/10\/Schermopname-23_edited-768x434.jpg 768w, https:\/\/jh.nl\/wp-content\/uploads\/2024\/10\/Schermopname-23_edited-1536x868.jpg 1536w, https:\/\/jh.nl\/wp-content\/uploads\/2024\/10\/Schermopname-23_edited-600x339.jpg 600w, https:\/\/jh.nl\/wp-content\/uploads\/2024\/10\/Schermopname-23_edited-400x226.jpg 400w\" sizes=\"(max-width: 1882px) 100vw, 1882px\" \/><\/a>\n\t\t\t<\/dt><\/dl><dl class='gallery-item'>\n\t\t\t<dt class='gallery-icon landscape'>\n\t\t\t\t<a href='https:\/\/jh.nl\/de\/schermopname-27_edited-2\/'><img loading=\"lazy\" decoding=\"async\" width=\"1900\" height=\"898\" src=\"https:\/\/jh.nl\/wp-content\/uploads\/2024\/10\/Schermopname-27_edited.jpg\" class=\"attachment-full size-full\" alt=\"\" srcset=\"https:\/\/jh.nl\/wp-content\/uploads\/2024\/10\/Schermopname-27_edited.jpg 1900w, https:\/\/jh.nl\/wp-content\/uploads\/2024\/10\/Schermopname-27_edited-300x142.jpg 300w, https:\/\/jh.nl\/wp-content\/uploads\/2024\/10\/Schermopname-27_edited-1024x484.jpg 1024w, https:\/\/jh.nl\/wp-content\/uploads\/2024\/10\/Schermopname-27_edited-768x363.jpg 768w, https:\/\/jh.nl\/wp-content\/uploads\/2024\/10\/Schermopname-27_edited-1536x726.jpg 1536w, https:\/\/jh.nl\/wp-content\/uploads\/2024\/10\/Schermopname-27_edited-600x284.jpg 600w, https:\/\/jh.nl\/wp-content\/uploads\/2024\/10\/Schermopname-27_edited-400x189.jpg 400w\" sizes=\"(max-width: 1900px) 100vw, 1900px\" \/><\/a>\n\t\t\t<\/dt><\/dl><br style=\"clear: both\" \/>\n\t\t<\/div>\n\n<h3>Woher kommen wir?<\/h3>\n<p>Seit der Gr\u00fcndung 1901 hat sich Jansen&amp;Heuning von einer allgemeinen Maschinenfabrik zu einem auf das Sch\u00fcttguthandling spezialisierten internationalen Unternehmen entwickelt. St\u00e4ndige Innovationen, eine eigene Entwicklungs- und Konstruktionsabteilung, engagierte Fachleute und ein modernes Management sind die Erfolgsbasis dieses dynamischen Unternehmens.<\/p>\n<p>Gurt- und Schneckenf\u00f6rderer, Becherwerke, Verladeb\u00e4lge, Staubfiltersysteme, Bef\u00fcll- und Entleerstationen f\u00fcr Big-Bags, etc. sind wichtige Komponenten unseres Lieferprogramms. Selbst unsere Standardmaschinen k\u00f6nnen an Ihre spezifischen Anforderungen angepasst werden, dank umfangreicher optionaler Ausr\u00fcstung.<\/p>\n<p><a class=\"button\" href=\"https:\/\/jh.nl\/du\/\">zu der cases<\/a><\/p>\n","protected":false},"excerpt":{"rendered":"<p>Wer sind wir? Jansen&amp;Heuning ist als Unternehmen mittlerer Gr\u00f6\u00dfe mit&#8230;<\/p>\n","protected":false},"author":1,"featured_media":24954,"parent":0,"menu_order":0,"comment_status":"closed","ping_status":"closed","template":"template-over-ons.php","meta":{"_acf_changed":false,"footnotes":""},"class_list":["post-11347","page","type-page","status-publish","has-post-thumbnail","hentry"],"acf":[],"yoast_head":"<!-- This site is optimized with the Yoast SEO plugin v27.3 - https:\/\/yoast.com\/product\/yoast-seo-wordpress\/ -->\n<title>\u00dcber uns | Jansen&amp;Heuning<\/title>\n<meta name=\"description\" content=\"\u00dcber uns | Jansen&amp;Heuning\" \/>\n<meta name=\"robots\" content=\"index, follow, max-snippet:-1, max-image-preview:large, max-video-preview:-1\" \/>\n<link rel=\"canonical\" href=\"https:\/\/jh.nl\/de\/ueber-uns\/\" \/>\n<meta property=\"og:locale\" content=\"de_DE\" \/>\n<meta property=\"og:type\" content=\"article\" \/>\n<meta property=\"og:title\" content=\"\u00dcber uns | Jansen&amp;Heuning\" \/>\n<meta property=\"og:description\" content=\"\u00dcber uns | Jansen&amp;Heuning\" \/>\n<meta property=\"og:url\" content=\"https:\/\/jh.nl\/de\/ueber-uns\/\" \/>\n<meta property=\"og:site_name\" content=\"Jansen&amp;Heuning\" \/>\n<meta property=\"article:publisher\" content=\"https:\/\/www.facebook.com\/JansenHeuning\" \/>\n<meta property=\"article:modified_time\" content=\"2024-10-31T15:32:39+00:00\" \/>\n<meta property=\"og:image\" content=\"https:\/\/jh.nl\/wp-content\/uploads\/2024\/10\/Schermopname-32_edited.jpg\" \/>\n\t<meta property=\"og:image:width\" content=\"1825\" \/>\n\t<meta property=\"og:image:height\" content=\"944\" \/>\n\t<meta property=\"og:image:type\" content=\"image\/jpeg\" \/>\n<meta name=\"twitter:card\" content=\"summary_large_image\" \/>\n<meta name=\"twitter:label1\" content=\"Gesch\u00e4tzte Lesezeit\" \/>\n\t<meta name=\"twitter:data1\" content=\"2\u00a0Minuten\" \/>\n<script type=\"application\/ld+json\" class=\"yoast-schema-graph\">{\"@context\":\"https:\\\/\\\/schema.org\",\"@graph\":[{\"@type\":\"WebPage\",\"@id\":\"https:\\\/\\\/jh.nl\\\/de\\\/ueber-uns\\\/\",\"url\":\"https:\\\/\\\/jh.nl\\\/de\\\/ueber-uns\\\/\",\"name\":\"\u00dcber uns | Jansen&amp;Heuning\",\"isPartOf\":{\"@id\":\"https:\\\/\\\/jh.nl\\\/nl\\\/#website\"},\"primaryImageOfPage\":{\"@id\":\"https:\\\/\\\/jh.nl\\\/de\\\/ueber-uns\\\/#primaryimage\"},\"image\":{\"@id\":\"https:\\\/\\\/jh.nl\\\/de\\\/ueber-uns\\\/#primaryimage\"},\"thumbnailUrl\":\"https:\\\/\\\/jh.nl\\\/wp-content\\\/uploads\\\/2024\\\/10\\\/Schermopname-32_edited.jpg\",\"datePublished\":\"2019-03-29T13:12:15+00:00\",\"dateModified\":\"2024-10-31T15:32:39+00:00\",\"description\":\"\u00dcber uns | Jansen&amp;Heuning\",\"breadcrumb\":{\"@id\":\"https:\\\/\\\/jh.nl\\\/de\\\/ueber-uns\\\/#breadcrumb\"},\"inLanguage\":\"de\",\"potentialAction\":[{\"@type\":\"ReadAction\",\"target\":[\"https:\\\/\\\/jh.nl\\\/de\\\/ueber-uns\\\/\"]}]},{\"@type\":\"ImageObject\",\"inLanguage\":\"de\",\"@id\":\"https:\\\/\\\/jh.nl\\\/de\\\/ueber-uns\\\/#primaryimage\",\"url\":\"https:\\\/\\\/jh.nl\\\/wp-content\\\/uploads\\\/2024\\\/10\\\/Schermopname-32_edited.jpg\",\"contentUrl\":\"https:\\\/\\\/jh.nl\\\/wp-content\\\/uploads\\\/2024\\\/10\\\/Schermopname-32_edited.jpg\",\"width\":1825,\"height\":944,\"caption\":\"Over ons\"},{\"@type\":\"BreadcrumbList\",\"@id\":\"https:\\\/\\\/jh.nl\\\/de\\\/ueber-uns\\\/#breadcrumb\",\"itemListElement\":[{\"@type\":\"ListItem\",\"position\":1,\"name\":\"Home\",\"item\":\"https:\\\/\\\/jh.nl\\\/de\\\/\"},{\"@type\":\"ListItem\",\"position\":2,\"name\":\"\u00dcber uns\"}]},{\"@type\":\"WebSite\",\"@id\":\"https:\\\/\\\/jh.nl\\\/nl\\\/#website\",\"url\":\"https:\\\/\\\/jh.nl\\\/nl\\\/\",\"name\":\"Jansen & Heuning\",\"description\":\"Bulk Handling Systems\",\"publisher\":{\"@id\":\"https:\\\/\\\/jh.nl\\\/nl\\\/#organization\"},\"alternateName\":\"J&H\",\"potentialAction\":[{\"@type\":\"SearchAction\",\"target\":{\"@type\":\"EntryPoint\",\"urlTemplate\":\"https:\\\/\\\/jh.nl\\\/nl\\\/?s={search_term_string}\"},\"query-input\":{\"@type\":\"PropertyValueSpecification\",\"valueRequired\":true,\"valueName\":\"search_term_string\"}}],\"inLanguage\":\"de\"},{\"@type\":\"Organization\",\"@id\":\"https:\\\/\\\/jh.nl\\\/nl\\\/#organization\",\"name\":\"Jansen & Heuning\",\"alternateName\":\"J&H\",\"url\":\"https:\\\/\\\/jh.nl\\\/nl\\\/\",\"logo\":{\"@type\":\"ImageObject\",\"inLanguage\":\"de\",\"@id\":\"https:\\\/\\\/jh.nl\\\/nl\\\/#\\\/schema\\\/logo\\\/image\\\/\",\"url\":\"https:\\\/\\\/jh.nl\\\/wp-content\\\/uploads\\\/2022\\\/05\\\/JH-logo-scaled.gif\",\"contentUrl\":\"https:\\\/\\\/jh.nl\\\/wp-content\\\/uploads\\\/2022\\\/05\\\/JH-logo-scaled.gif\",\"width\":2560,\"height\":429,\"caption\":\"Jansen & Heuning\"},\"image\":{\"@id\":\"https:\\\/\\\/jh.nl\\\/nl\\\/#\\\/schema\\\/logo\\\/image\\\/\"},\"sameAs\":[\"https:\\\/\\\/www.facebook.com\\\/JansenHeuning\",\"https:\\\/\\\/www.youtube.com\\\/user\\\/JansenenHeuning\\\/featured\",\"https:\\\/\\\/www.linkedin.com\\\/company\\\/1768497\\\/\"]}]}<\/script>\n<!-- \/ Yoast SEO plugin. -->","yoast_head_json":{"title":"\u00dcber uns | Jansen&amp;Heuning","description":"\u00dcber uns | Jansen&amp;Heuning","robots":{"index":"index","follow":"follow","max-snippet":"max-snippet:-1","max-image-preview":"max-image-preview:large","max-video-preview":"max-video-preview:-1"},"canonical":"https:\/\/jh.nl\/de\/ueber-uns\/","og_locale":"de_DE","og_type":"article","og_title":"\u00dcber uns | Jansen&amp;Heuning","og_description":"\u00dcber uns | Jansen&amp;Heuning","og_url":"https:\/\/jh.nl\/de\/ueber-uns\/","og_site_name":"Jansen&amp;Heuning","article_publisher":"https:\/\/www.facebook.com\/JansenHeuning","article_modified_time":"2024-10-31T15:32:39+00:00","og_image":[{"width":1825,"height":944,"url":"https:\/\/jh.nl\/wp-content\/uploads\/2024\/10\/Schermopname-32_edited.jpg","type":"image\/jpeg"}],"twitter_card":"summary_large_image","twitter_misc":{"Gesch\u00e4tzte Lesezeit":"2\u00a0Minuten"},"schema":{"@context":"https:\/\/schema.org","@graph":[{"@type":"WebPage","@id":"https:\/\/jh.nl\/de\/ueber-uns\/","url":"https:\/\/jh.nl\/de\/ueber-uns\/","name":"\u00dcber uns | Jansen&amp;Heuning","isPartOf":{"@id":"https:\/\/jh.nl\/nl\/#website"},"primaryImageOfPage":{"@id":"https:\/\/jh.nl\/de\/ueber-uns\/#primaryimage"},"image":{"@id":"https:\/\/jh.nl\/de\/ueber-uns\/#primaryimage"},"thumbnailUrl":"https:\/\/jh.nl\/wp-content\/uploads\/2024\/10\/Schermopname-32_edited.jpg","datePublished":"2019-03-29T13:12:15+00:00","dateModified":"2024-10-31T15:32:39+00:00","description":"\u00dcber uns | Jansen&amp;Heuning","breadcrumb":{"@id":"https:\/\/jh.nl\/de\/ueber-uns\/#breadcrumb"},"inLanguage":"de","potentialAction":[{"@type":"ReadAction","target":["https:\/\/jh.nl\/de\/ueber-uns\/"]}]},{"@type":"ImageObject","inLanguage":"de","@id":"https:\/\/jh.nl\/de\/ueber-uns\/#primaryimage","url":"https:\/\/jh.nl\/wp-content\/uploads\/2024\/10\/Schermopname-32_edited.jpg","contentUrl":"https:\/\/jh.nl\/wp-content\/uploads\/2024\/10\/Schermopname-32_edited.jpg","width":1825,"height":944,"caption":"Over ons"},{"@type":"BreadcrumbList","@id":"https:\/\/jh.nl\/de\/ueber-uns\/#breadcrumb","itemListElement":[{"@type":"ListItem","position":1,"name":"Home","item":"https:\/\/jh.nl\/de\/"},{"@type":"ListItem","position":2,"name":"\u00dcber uns"}]},{"@type":"WebSite","@id":"https:\/\/jh.nl\/nl\/#website","url":"https:\/\/jh.nl\/nl\/","name":"Jansen & Heuning","description":"Bulk Handling Systems","publisher":{"@id":"https:\/\/jh.nl\/nl\/#organization"},"alternateName":"J&H","potentialAction":[{"@type":"SearchAction","target":{"@type":"EntryPoint","urlTemplate":"https:\/\/jh.nl\/nl\/?s={search_term_string}"},"query-input":{"@type":"PropertyValueSpecification","valueRequired":true,"valueName":"search_term_string"}}],"inLanguage":"de"},{"@type":"Organization","@id":"https:\/\/jh.nl\/nl\/#organization","name":"Jansen & Heuning","alternateName":"J&H","url":"https:\/\/jh.nl\/nl\/","logo":{"@type":"ImageObject","inLanguage":"de","@id":"https:\/\/jh.nl\/nl\/#\/schema\/logo\/image\/","url":"https:\/\/jh.nl\/wp-content\/uploads\/2022\/05\/JH-logo-scaled.gif","contentUrl":"https:\/\/jh.nl\/wp-content\/uploads\/2022\/05\/JH-logo-scaled.gif","width":2560,"height":429,"caption":"Jansen & Heuning"},"image":{"@id":"https:\/\/jh.nl\/nl\/#\/schema\/logo\/image\/"},"sameAs":["https:\/\/www.facebook.com\/JansenHeuning","https:\/\/www.youtube.com\/user\/JansenenHeuning\/featured","https:\/\/www.linkedin.com\/company\/1768497\/"]}]}},"_links":{"self":[{"href":"https:\/\/jh.nl\/de\/wp-json\/wp\/v2\/pages\/11347","targetHints":{"allow":["GET"]}}],"collection":[{"href":"https:\/\/jh.nl\/de\/wp-json\/wp\/v2\/pages"}],"about":[{"href":"https:\/\/jh.nl\/de\/wp-json\/wp\/v2\/types\/page"}],"author":[{"embeddable":true,"href":"https:\/\/jh.nl\/de\/wp-json\/wp\/v2\/users\/1"}],"replies":[{"embeddable":true,"href":"https:\/\/jh.nl\/de\/wp-json\/wp\/v2\/comments?post=11347"}],"version-history":[{"count":1,"href":"https:\/\/jh.nl\/de\/wp-json\/wp\/v2\/pages\/11347\/revisions"}],"predecessor-version":[{"id":24992,"href":"https:\/\/jh.nl\/de\/wp-json\/wp\/v2\/pages\/11347\/revisions\/24992"}],"wp:featuredmedia":[{"embeddable":true,"href":"https:\/\/jh.nl\/de\/wp-json\/wp\/v2\/media\/24954"}],"wp:attachment":[{"href":"https:\/\/jh.nl\/de\/wp-json\/wp\/v2\/media?parent=11347"}],"curies":[{"name":"wp","href":"https:\/\/api.w.org\/{rel}","templated":true}]}}