{"id":232,"date":"2017-11-13T23:44:15","date_gmt":"2017-11-13T22:44:15","guid":{"rendered":"https:\/\/jh.nl\/home\/"},"modified":"2026-02-27T14:00:43","modified_gmt":"2026-02-27T13:00:43","slug":"home","status":"publish","type":"page","link":"https:\/\/jh.nl\/de\/","title":{"rendered":"Home"},"content":{"rendered":"\r\n<p>We hebben een veelheid aan producten in ons vakgebied. Hieronder staat een selectie van categorie\u00ebn, maar niet alles. Neem rustig de tijd om door ons aanbod te gaan door het filter of de zoekmodule te gebruiken.<\/p>\r\n","protected":false},"excerpt":{"rendered":"<p>We hebben een veelheid aan producten in ons vakgebied. Hieronder&#8230;<\/p>\n","protected":false},"author":1,"featured_media":0,"parent":0,"menu_order":0,"comment_status":"closed","ping_status":"open","template":"front-page.php","meta":{"_acf_changed":false,"footnotes":""},"class_list":["post-232","page","type-page","status-publish","hentry"],"acf":[],"yoast_head":"<!-- This site is optimized with the Yoast SEO plugin v27.3 - https:\/\/yoast.com\/product\/yoast-seo-wordpress\/ -->\n<title>Jansen&amp;Heuning - Bulk Handling Systems<\/title>\n<meta name=\"description\" content=\"Jansen&amp;Heuning fertigt Anlagen f\u00fcr die Be- und Entladung von Sch\u00fcttg\u00fctern. Ma\u00dfgeschneiderte L\u00f6sungen f\u00fcr Bulk-Handling-Systeme in der Industrie und im Agrarsektor.\" \/>\n<meta name=\"robots\" content=\"index, follow, max-snippet:-1, max-image-preview:large, max-video-preview:-1\" \/>\n<link rel=\"canonical\" href=\"https:\/\/jh.nl\/de\/\" \/>\n<meta property=\"og:locale\" content=\"de_DE\" \/>\n<meta property=\"og:type\" content=\"article\" \/>\n<meta property=\"og:title\" content=\"Jansen&amp;Heuning - Bulk Handling Systems\" \/>\n<meta property=\"og:description\" content=\"Jansen&amp;Heuning fertigt Anlagen f\u00fcr die Be- und Entladung von Sch\u00fcttg\u00fctern. Ma\u00dfgeschneiderte L\u00f6sungen f\u00fcr Bulk-Handling-Systeme in der Industrie und im Agrarsektor.\" \/>\n<meta property=\"og:url\" content=\"https:\/\/jh.nl\/de\/\" \/>\n<meta property=\"og:site_name\" content=\"Jansen&amp;Heuning\" \/>\n<meta property=\"article:publisher\" content=\"https:\/\/www.facebook.com\/JansenHeuning\" \/>\n<meta property=\"article:modified_time\" content=\"2026-02-27T13:00:43+00:00\" \/>\n<meta property=\"og:image\" content=\"https:\/\/jh.nl\/wp-content\/uploads\/2024\/10\/Schermopname-27_edited.jpg\" \/>\n\t<meta property=\"og:image:width\" content=\"1900\" \/>\n\t<meta property=\"og:image:height\" content=\"898\" \/>\n\t<meta property=\"og:image:type\" content=\"image\/jpeg\" \/>\n<meta name=\"twitter:card\" content=\"summary_large_image\" \/>\n<meta name=\"twitter:label1\" content=\"Gesch\u00e4tzte Lesezeit\" \/>\n\t<meta name=\"twitter:data1\" content=\"2\u00a0Minuten\" \/>\n<script type=\"application\/ld+json\" class=\"yoast-schema-graph\">{\"@context\":\"https:\\\/\\\/schema.org\",\"@graph\":[{\"@type\":\"WebPage\",\"@id\":\"https:\\\/\\\/jh.nl\\\/de\\\/\",\"url\":\"https:\\\/\\\/jh.nl\\\/de\\\/\",\"name\":\"Jansen&Heuning - Bulk Handling Systems\",\"isPartOf\":{\"@id\":\"https:\\\/\\\/jh.nl\\\/nl\\\/#website\"},\"datePublished\":\"2017-11-13T22:44:15+00:00\",\"dateModified\":\"2026-02-27T13:00:43+00:00\",\"description\":\"Jansen&Heuning fertigt Anlagen f\u00fcr die Be- und Entladung von Sch\u00fcttg\u00fctern. Ma\u00dfgeschneiderte L\u00f6sungen f\u00fcr Bulk-Handling-Systeme in der Industrie und im Agrarsektor.\",\"breadcrumb\":{\"@id\":\"https:\\\/\\\/jh.nl\\\/de\\\/#breadcrumb\"},\"inLanguage\":\"de\",\"potentialAction\":[{\"@type\":\"ReadAction\",\"target\":[\"https:\\\/\\\/jh.nl\\\/de\\\/\"]}]},{\"@type\":\"BreadcrumbList\",\"@id\":\"https:\\\/\\\/jh.nl\\\/de\\\/#breadcrumb\",\"itemListElement\":[{\"@type\":\"ListItem\",\"position\":1,\"name\":\"Home\",\"item\":\"https:\\\/\\\/jh.nl\\\/de\\\/\"},{\"@type\":\"ListItem\",\"position\":2,\"name\":\"Home\"}]},{\"@type\":\"WebSite\",\"@id\":\"https:\\\/\\\/jh.nl\\\/nl\\\/#website\",\"url\":\"https:\\\/\\\/jh.nl\\\/nl\\\/\",\"name\":\"Jansen & Heuning\",\"description\":\"Bulk Handling Systems\",\"publisher\":{\"@id\":\"https:\\\/\\\/jh.nl\\\/nl\\\/#organization\"},\"alternateName\":\"J&H\",\"potentialAction\":[{\"@type\":\"SearchAction\",\"target\":{\"@type\":\"EntryPoint\",\"urlTemplate\":\"https:\\\/\\\/jh.nl\\\/nl\\\/?s={search_term_string}\"},\"query-input\":{\"@type\":\"PropertyValueSpecification\",\"valueRequired\":true,\"valueName\":\"search_term_string\"}}],\"inLanguage\":\"de\"},{\"@type\":\"Organization\",\"@id\":\"https:\\\/\\\/jh.nl\\\/nl\\\/#organization\",\"name\":\"Jansen & Heuning\",\"alternateName\":\"J&H\",\"url\":\"https:\\\/\\\/jh.nl\\\/nl\\\/\",\"logo\":{\"@type\":\"ImageObject\",\"inLanguage\":\"de\",\"@id\":\"https:\\\/\\\/jh.nl\\\/nl\\\/#\\\/schema\\\/logo\\\/image\\\/\",\"url\":\"https:\\\/\\\/jh.nl\\\/wp-content\\\/uploads\\\/2022\\\/05\\\/JH-logo-scaled.gif\",\"contentUrl\":\"https:\\\/\\\/jh.nl\\\/wp-content\\\/uploads\\\/2022\\\/05\\\/JH-logo-scaled.gif\",\"width\":2560,\"height\":429,\"caption\":\"Jansen & Heuning\"},\"image\":{\"@id\":\"https:\\\/\\\/jh.nl\\\/nl\\\/#\\\/schema\\\/logo\\\/image\\\/\"},\"sameAs\":[\"https:\\\/\\\/www.facebook.com\\\/JansenHeuning\",\"https:\\\/\\\/www.youtube.com\\\/user\\\/JansenenHeuning\\\/featured\",\"https:\\\/\\\/www.linkedin.com\\\/company\\\/1768497\\\/\"]}]}<\/script>\n<!-- \/ Yoast SEO plugin. -->","yoast_head_json":{"title":"Jansen&Heuning - Bulk Handling Systems","description":"Jansen&Heuning fertigt Anlagen f\u00fcr die Be- und Entladung von Sch\u00fcttg\u00fctern. Ma\u00dfgeschneiderte L\u00f6sungen f\u00fcr Bulk-Handling-Systeme in der Industrie und im Agrarsektor.","robots":{"index":"index","follow":"follow","max-snippet":"max-snippet:-1","max-image-preview":"max-image-preview:large","max-video-preview":"max-video-preview:-1"},"canonical":"https:\/\/jh.nl\/de\/","og_locale":"de_DE","og_type":"article","og_title":"Jansen&Heuning - Bulk Handling Systems","og_description":"Jansen&Heuning fertigt Anlagen f\u00fcr die Be- und Entladung von Sch\u00fcttg\u00fctern. Ma\u00dfgeschneiderte L\u00f6sungen f\u00fcr Bulk-Handling-Systeme in der Industrie und im Agrarsektor.","og_url":"https:\/\/jh.nl\/de\/","og_site_name":"Jansen&amp;Heuning","article_publisher":"https:\/\/www.facebook.com\/JansenHeuning","article_modified_time":"2026-02-27T13:00:43+00:00","og_image":[{"width":1900,"height":898,"url":"https:\/\/jh.nl\/wp-content\/uploads\/2024\/10\/Schermopname-27_edited.jpg","type":"image\/jpeg"}],"twitter_card":"summary_large_image","twitter_misc":{"Gesch\u00e4tzte Lesezeit":"2\u00a0Minuten"},"schema":{"@context":"https:\/\/schema.org","@graph":[{"@type":"WebPage","@id":"https:\/\/jh.nl\/de\/","url":"https:\/\/jh.nl\/de\/","name":"Jansen&Heuning - Bulk Handling Systems","isPartOf":{"@id":"https:\/\/jh.nl\/nl\/#website"},"datePublished":"2017-11-13T22:44:15+00:00","dateModified":"2026-02-27T13:00:43+00:00","description":"Jansen&Heuning fertigt Anlagen f\u00fcr die Be- und Entladung von Sch\u00fcttg\u00fctern. Ma\u00dfgeschneiderte L\u00f6sungen f\u00fcr Bulk-Handling-Systeme in der Industrie und im Agrarsektor.","breadcrumb":{"@id":"https:\/\/jh.nl\/de\/#breadcrumb"},"inLanguage":"de","potentialAction":[{"@type":"ReadAction","target":["https:\/\/jh.nl\/de\/"]}]},{"@type":"BreadcrumbList","@id":"https:\/\/jh.nl\/de\/#breadcrumb","itemListElement":[{"@type":"ListItem","position":1,"name":"Home","item":"https:\/\/jh.nl\/de\/"},{"@type":"ListItem","position":2,"name":"Home"}]},{"@type":"WebSite","@id":"https:\/\/jh.nl\/nl\/#website","url":"https:\/\/jh.nl\/nl\/","name":"Jansen & Heuning","description":"Bulk Handling Systems","publisher":{"@id":"https:\/\/jh.nl\/nl\/#organization"},"alternateName":"J&H","potentialAction":[{"@type":"SearchAction","target":{"@type":"EntryPoint","urlTemplate":"https:\/\/jh.nl\/nl\/?s={search_term_string}"},"query-input":{"@type":"PropertyValueSpecification","valueRequired":true,"valueName":"search_term_string"}}],"inLanguage":"de"},{"@type":"Organization","@id":"https:\/\/jh.nl\/nl\/#organization","name":"Jansen & Heuning","alternateName":"J&H","url":"https:\/\/jh.nl\/nl\/","logo":{"@type":"ImageObject","inLanguage":"de","@id":"https:\/\/jh.nl\/nl\/#\/schema\/logo\/image\/","url":"https:\/\/jh.nl\/wp-content\/uploads\/2022\/05\/JH-logo-scaled.gif","contentUrl":"https:\/\/jh.nl\/wp-content\/uploads\/2022\/05\/JH-logo-scaled.gif","width":2560,"height":429,"caption":"Jansen & Heuning"},"image":{"@id":"https:\/\/jh.nl\/nl\/#\/schema\/logo\/image\/"},"sameAs":["https:\/\/www.facebook.com\/JansenHeuning","https:\/\/www.youtube.com\/user\/JansenenHeuning\/featured","https:\/\/www.linkedin.com\/company\/1768497\/"]}]}},"_links":{"self":[{"href":"https:\/\/jh.nl\/de\/wp-json\/wp\/v2\/pages\/232","targetHints":{"allow":["GET"]}}],"collection":[{"href":"https:\/\/jh.nl\/de\/wp-json\/wp\/v2\/pages"}],"about":[{"href":"https:\/\/jh.nl\/de\/wp-json\/wp\/v2\/types\/page"}],"author":[{"embeddable":true,"href":"https:\/\/jh.nl\/de\/wp-json\/wp\/v2\/users\/1"}],"replies":[{"embeddable":true,"href":"https:\/\/jh.nl\/de\/wp-json\/wp\/v2\/comments?post=232"}],"version-history":[{"count":7,"href":"https:\/\/jh.nl\/de\/wp-json\/wp\/v2\/pages\/232\/revisions"}],"predecessor-version":[{"id":27811,"href":"https:\/\/jh.nl\/de\/wp-json\/wp\/v2\/pages\/232\/revisions\/27811"}],"wp:attachment":[{"href":"https:\/\/jh.nl\/de\/wp-json\/wp\/v2\/media?parent=232"}],"curies":[{"name":"wp","href":"https:\/\/api.w.org\/{rel}","templated":true}]}}