{"id":23732,"date":"2024-02-21T11:16:33","date_gmt":"2024-02-21T10:16:33","guid":{"rendered":"https:\/\/jh.nl\/partners\/"},"modified":"2024-06-03T09:08:33","modified_gmt":"2024-06-03T07:08:33","slug":"haendlers","status":"publish","type":"page","link":"https:\/\/jh.nl\/de\/haendlers\/","title":{"rendered":"H\u00e4ndlers"},"content":{"rendered":"<table class=\" alignleft\" style=\"width: 100%; border-collapse: collapse; background-color: #fff;\" cellpadding=\"30px\">\n<tbody>\n<tr style=\"height: 32px;\">\n<td style=\"width: 50%; height: 32px;\">\n<h3 style=\"text-align: left;\"><img decoding=\"async\" class=\"alignleft wp-image-23695\" src=\"https:\/\/jh.nl\/wp-content\/uploads\/2024\/02\/akron-logotype-red.jpg\" alt=\"\" width=\"200\" height=\"61\" \/><\/h3>\n<\/td>\n<td style=\"width: 50%; height: 32px; vertical-align: top;\">\n<h2>Akron<\/h2>\n<p>Akron entwickelt, fertigt und vertreibt L\u00f6sungen f\u00fcr die Getreideverarbeitung, Getreidetrocknung und -bel\u00fcftung.<\/td>\n<\/tr>\n<\/tbody>\n<\/table>\n<table class=\" alignleft\" style=\"width: 100%; border-collapse: collapse; background-color: #fff;\" cellpadding=\"30px\">\n<tbody>\n<tr style=\"height: 32px;\">\n<td style=\"width: 50%; height: 32px;\">\n<h3 style=\"text-align: left;\"><img decoding=\"async\" class=\"alignleft wp-image-23710\" src=\"https:\/\/jh.nl\/wp-content\/uploads\/2024\/02\/download-e1708520097803.png\" alt=\"\" width=\"175\" height=\"128\" \/><\/h3>\n<\/td>\n<td style=\"width: 50%; height: 32px; vertical-align: top;\">\n<h2>BIN<\/h2>\n<p>BIN ist ein polnisches Unternehmen, das seit 1990 auf die Getreidelagerung spezialisiert ist. BIN ist bei Landwirten f\u00fcr seine hochwertigen Getreidesilos bekannt.<\/td>\n<\/tr>\n<\/tbody>\n<\/table>\n<table class=\" alignleft\" style=\"width: 100%; border-collapse: collapse;\" cellpadding=\"30px\">\n<tbody>\n<tr style=\"height: 32px;\">\n<td style=\"width: 50%; height: 32px;\">\n<h3><img decoding=\"async\" class=\"alignnone wp-image-23707 size-full\" src=\"https:\/\/jh.nl\/wp-content\/uploads\/2024\/02\/Logo-web.jpg\" alt=\"\" width=\"180\" height=\"101\" \/><\/h3>\n<\/td>\n<td style=\"width: 50%; height: 32px; vertical-align: top;\">\n<h2>BM Silo<\/h2>\n<p>BM Silo ist ein Spezialist f\u00fcr hochwertige Lagerl\u00f6sungen. Die breite Produktpalette umfasst quadratische Silos aus verzinktem oder rostfreiem Stahl f\u00fcr den Innen- und Au\u00dfenbereich, Transportger\u00e4te und Zubeh\u00f6r.<\/td>\n<\/tr>\n<\/tbody>\n<\/table>\n<table class=\" alignleft\" style=\"width: 100%; border-collapse: collapse; background-color: #fff;\" cellpadding=\"30px\">\n<tbody>\n<tr style=\"height: 32px;\">\n<td style=\"width: 50%; height: 32px;\">\n<h3 style=\"text-align: left;\"><img loading=\"lazy\" decoding=\"async\" class=\"alignleft wp-image-23701\" src=\"https:\/\/jh.nl\/wp-content\/uploads\/2024\/02\/Color-logo-no-background-2-2048x365-1-300x53.png\" alt=\"\" width=\"200\" height=\"36\" srcset=\"https:\/\/jh.nl\/wp-content\/uploads\/2024\/02\/Color-logo-no-background-2-2048x365-1-300x53.png 300w, https:\/\/jh.nl\/wp-content\/uploads\/2024\/02\/Color-logo-no-background-2-2048x365-1-768x137.png 768w, https:\/\/jh.nl\/wp-content\/uploads\/2024\/02\/Color-logo-no-background-2-2048x365-1-1024x183.png 1024w, https:\/\/jh.nl\/wp-content\/uploads\/2024\/02\/Color-logo-no-background-2-2048x365-1-1536x274.png 1536w, https:\/\/jh.nl\/wp-content\/uploads\/2024\/02\/Color-logo-no-background-2-2048x365-1-600x107.png 600w, https:\/\/jh.nl\/wp-content\/uploads\/2024\/02\/Color-logo-no-background-2-2048x365-1-400x71.png 400w, https:\/\/jh.nl\/wp-content\/uploads\/2024\/02\/Color-logo-no-background-2-2048x365-1.png 2048w\" sizes=\"(max-width: 200px) 100vw, 200px\" \/><\/h3>\n<\/td>\n<td style=\"width: 50%; height: 32px; vertical-align: top;\">\n<h2>DamasSeed<\/h2>\n<p>Damas Seed Processing verf\u00fcgt \u00fcber Erfahrung und Wissen in der Reinigung und Sortierung von Getreide, Saatgut, H\u00fclsenfr\u00fcchten und Grassamen.<\/td>\n<\/tr>\n<\/tbody>\n<\/table>\n<table class=\" alignleft\" style=\"width: 100%; border-collapse: collapse;\" cellpadding=\"30px\">\n<tbody>\n<tr style=\"height: 32px;\">\n<td style=\"width: 50%; height: 32px;\">\n<h3><img loading=\"lazy\" decoding=\"async\" class=\"alignnone wp-image-23691\" src=\"https:\/\/jh.nl\/wp-content\/uploads\/2024\/02\/7075-Profile-Logo-96f5b95c-1687-449f-a2b7-700af17ea18f-300x99.jpg\" alt=\"\" width=\"200\" height=\"66\" srcset=\"https:\/\/jh.nl\/wp-content\/uploads\/2024\/02\/7075-Profile-Logo-96f5b95c-1687-449f-a2b7-700af17ea18f-300x99.jpg 300w, https:\/\/jh.nl\/wp-content\/uploads\/2024\/02\/7075-Profile-Logo-96f5b95c-1687-449f-a2b7-700af17ea18f-768x252.jpg 768w, https:\/\/jh.nl\/wp-content\/uploads\/2024\/02\/7075-Profile-Logo-96f5b95c-1687-449f-a2b7-700af17ea18f-1024x336.jpg 1024w, https:\/\/jh.nl\/wp-content\/uploads\/2024\/02\/7075-Profile-Logo-96f5b95c-1687-449f-a2b7-700af17ea18f-1536x505.jpg 1536w, https:\/\/jh.nl\/wp-content\/uploads\/2024\/02\/7075-Profile-Logo-96f5b95c-1687-449f-a2b7-700af17ea18f-2048x673.jpg 2048w, https:\/\/jh.nl\/wp-content\/uploads\/2024\/02\/7075-Profile-Logo-96f5b95c-1687-449f-a2b7-700af17ea18f-600x197.jpg 600w, https:\/\/jh.nl\/wp-content\/uploads\/2024\/02\/7075-Profile-Logo-96f5b95c-1687-449f-a2b7-700af17ea18f-400x131.jpg 400w\" sizes=\"(max-width: 200px) 100vw, 200px\" \/><\/h3>\n<\/td>\n<td style=\"width: 50%; height: 32px; vertical-align: top;\">\n<h2>JEMA<\/h2>\n<p>JEMA entwickelt und fertigt komplette F\u00f6rdersysteme f\u00fcr K\u00f6rner, Saatgut und Granulat.<\/td>\n<\/tr>\n<\/tbody>\n<\/table>\n<p>&nbsp;<\/p>\n<table class=\" alignleft\" style=\"width: 100%; border-collapse: collapse;\" cellpadding=\"30px\">\n<tbody>\n<tr style=\"height: 32px;\">\n<td style=\"width: 50%; height: 32px;\">\n<h3><img loading=\"lazy\" decoding=\"async\" class=\"alignnone  wp-image-24237\" src=\"https:\/\/jh.nl\/wp-content\/uploads\/2024\/06\/JK-machinery-Google-Zoeken.png\" alt=\"\" width=\"178\" height=\"56\" srcset=\"https:\/\/jh.nl\/wp-content\/uploads\/2024\/06\/JK-machinery-Google-Zoeken.png 302w, https:\/\/jh.nl\/wp-content\/uploads\/2024\/06\/JK-machinery-Google-Zoeken-300x95.png 300w\" sizes=\"(max-width: 178px) 100vw, 178px\" \/><\/h3>\n<\/td>\n<td style=\"width: 50%; height: 32px; vertical-align: top;\">\n<h2>JK Machinery<\/h2>\n<p>JK Machinery befasst sich mit der Entwicklung und Herstellung von Spezialmaschinen zum Reinigen, Sortieren, Sch\u00e4len und Zerkleinern landwirtschaftlicher Produkte.<\/td>\n<\/tr>\n<\/tbody>\n<\/table>\n<table class=\" alignleft\" style=\"width: 100%; border-collapse: collapse; background-color: #fff;\" cellpadding=\"30px\">\n<tbody>\n<tr style=\"height: 32px;\">\n<td style=\"width: 50%; height: 32px;\">\n<h3><img loading=\"lazy\" decoding=\"async\" class=\"alignnone wp-image-23673\" src=\"https:\/\/jh.nl\/wp-content\/uploads\/2024\/02\/Logo-Kongskilde-Moving-agriculture-ahead-bold-frem-til-N-72-ppi-300x54.png\" alt=\"\" width=\"200\" height=\"36\" srcset=\"https:\/\/jh.nl\/wp-content\/uploads\/2024\/02\/Logo-Kongskilde-Moving-agriculture-ahead-bold-frem-til-N-72-ppi-300x54.png 300w, https:\/\/jh.nl\/wp-content\/uploads\/2024\/02\/Logo-Kongskilde-Moving-agriculture-ahead-bold-frem-til-N-72-ppi-768x137.png 768w, https:\/\/jh.nl\/wp-content\/uploads\/2024\/02\/Logo-Kongskilde-Moving-agriculture-ahead-bold-frem-til-N-72-ppi-600x107.png 600w, https:\/\/jh.nl\/wp-content\/uploads\/2024\/02\/Logo-Kongskilde-Moving-agriculture-ahead-bold-frem-til-N-72-ppi-400x71.png 400w, https:\/\/jh.nl\/wp-content\/uploads\/2024\/02\/Logo-Kongskilde-Moving-agriculture-ahead-bold-frem-til-N-72-ppi.png 1008w\" sizes=\"(max-width: 200px) 100vw, 200px\" \/><\/h3>\n<\/td>\n<td style=\"width: 50%; height: 32px; vertical-align: top;\">\n<h2>Kongskilde<\/h2>\n<p>Kongskilde ist ein d\u00e4nischer Hersteller von Anlagen f\u00fcr die Getreidelagerung, Getreidereinigung, pneumatische F\u00f6rderung und Rohrleitungen.<\/td>\n<\/tr>\n<\/tbody>\n<\/table>\n<table class=\" alignleft\" style=\"width: 100%; border-collapse: collapse; background-color: #fff;\" cellpadding=\"30px\">\n<tbody>\n<tr style=\"height: 32px;\">\n<td style=\"width: 50%; height: 32px;\">\n<h3><img loading=\"lazy\" decoding=\"async\" class=\"alignnone wp-image-23718\" src=\"https:\/\/jh.nl\/wp-content\/uploads\/2024\/02\/download-2-300x118.png\" alt=\"\" width=\"200\" height=\"79\" srcset=\"https:\/\/jh.nl\/wp-content\/uploads\/2024\/02\/download-2-300x118.png 300w, https:\/\/jh.nl\/wp-content\/uploads\/2024\/02\/download-2.png 358w\" sizes=\"(max-width: 200px) 100vw, 200px\" \/><\/h3>\n<\/td>\n<td style=\"width: 50%; height: 32px; vertical-align: top;\">\n<h2>Pfeuffer<\/h2>\n<p>Pfeuffer ist ein Hersteller von Qualit\u00e4tskontrollprodukten f\u00fcr die getreide- und saatgutverarbeitende Industrie.<\/td>\n<\/tr>\n<\/tbody>\n<\/table>\n<table class=\" alignleft\" style=\"width: 100%; border-collapse: collapse;\" cellpadding=\"30px\">\n<tbody>\n<tr style=\"height: 32px;\">\n<td style=\"width: 50%; height: 32px;\">\n<h3><img loading=\"lazy\" decoding=\"async\" class=\"alignnone wp-image-23698\" src=\"https:\/\/jh.nl\/wp-content\/uploads\/2024\/02\/berenyi-magtisztito-gepek-logo-hu-300x107.png\" alt=\"\" width=\"200\" height=\"71\" srcset=\"https:\/\/jh.nl\/wp-content\/uploads\/2024\/02\/berenyi-magtisztito-gepek-logo-hu-300x107.png 300w, https:\/\/jh.nl\/wp-content\/uploads\/2024\/02\/berenyi-magtisztito-gepek-logo-hu.png 352w\" sizes=\"(max-width: 200px) 100vw, 200px\" \/><\/h3>\n<\/td>\n<td style=\"width: 50%; height: 32px; vertical-align: top;\">\n<h2>Seedcleaner<\/h2>\n<p>Seedcleaner stellt seit 1991 Saatgutreiniger f\u00fcr Getreide, Saatgut und andere Produkte her.<\/td>\n<\/tr>\n<\/tbody>\n<\/table>\n<p>&nbsp;<\/p>\n<table class=\" alignleft\" style=\"width: 100%; border-collapse: collapse; background-color: #ffffff;\" cellpadding=\"30px\">\n<tbody>\n<tr style=\"height: 32px;\">\n<td style=\"width: 50%; height: 32px;\">\n<h3><img loading=\"lazy\" decoding=\"async\" class=\"alignnone wp-image-23877\" src=\"https:\/\/jh.nl\/wp-content\/uploads\/2024\/04\/logo-300x42.png\" alt=\"\" width=\"199\" height=\"28\" srcset=\"https:\/\/jh.nl\/wp-content\/uploads\/2024\/04\/logo-300x42.png 300w, https:\/\/jh.nl\/wp-content\/uploads\/2024\/04\/logo-400x56.png 400w, https:\/\/jh.nl\/wp-content\/uploads\/2024\/04\/logo.png 454w\" sizes=\"(max-width: 199px) 100vw, 199px\" \/><\/h3>\n<\/td>\n<td style=\"width: 50%; height: 32px; vertical-align: top;\">\n<h2>Simatek<\/h2>\n<p>Simatek ist ein Hersteller von Industrieemissionen, Luftreinhaltung, wie Staubfilter.<\/td>\n<\/tr>\n<\/tbody>\n<\/table>\n<table class=\" alignleft\" style=\"width: 100%; border-collapse: collapse;\" cellpadding=\"30px\">\n<tbody>\n<tr style=\"height: 32px;\">\n<td style=\"width: 50%; height: 32px;\">\n<h3><img loading=\"lazy\" decoding=\"async\" class=\"alignnone wp-image-23704\" src=\"https:\/\/jh.nl\/wp-content\/uploads\/2024\/02\/2019_skiold-landmeco_cmyk-300x115.png\" alt=\"\" width=\"200\" height=\"77\" srcset=\"https:\/\/jh.nl\/wp-content\/uploads\/2024\/02\/2019_skiold-landmeco_cmyk-300x115.png 300w, https:\/\/jh.nl\/wp-content\/uploads\/2024\/02\/2019_skiold-landmeco_cmyk-768x295.png 768w, https:\/\/jh.nl\/wp-content\/uploads\/2024\/02\/2019_skiold-landmeco_cmyk-1024x393.png 1024w, https:\/\/jh.nl\/wp-content\/uploads\/2024\/02\/2019_skiold-landmeco_cmyk-1536x589.png 1536w, https:\/\/jh.nl\/wp-content\/uploads\/2024\/02\/2019_skiold-landmeco_cmyk-2048x786.png 2048w, https:\/\/jh.nl\/wp-content\/uploads\/2024\/02\/2019_skiold-landmeco_cmyk-600x230.png 600w, https:\/\/jh.nl\/wp-content\/uploads\/2024\/02\/2019_skiold-landmeco_cmyk-400x153.png 400w\" sizes=\"(max-width: 200px) 100vw, 200px\" \/><\/h3>\n<\/td>\n<td style=\"width: 50%; height: 32px; vertical-align: top;\">\n<h2>Skiold<\/h2>\n<p>Skiold hat sich seit 1877 unter anderem auf die Entwicklung von Produkten f\u00fcr die Getreidelagerung, Getreideverarbeitung und Saatgutreinigung spezialisiert.<\/td>\n<\/tr>\n<\/tbody>\n<\/table>\n<table class=\" alignleft\" style=\"width: 100%; border-collapse: collapse; background-color: #ffffff; height: 32px;\" cellpadding=\"30px\">\n<tbody>\n<tr style=\"height: 32px;\">\n<td style=\"width: 50%; height: 32px;\">\n<h3><img loading=\"lazy\" decoding=\"async\" class=\"alignleft wp-image-23620\" src=\"https:\/\/jh.nl\/wp-content\/uploads\/2020\/05\/160331-1_SyBY-Logo-RGB-Subline-CenteredDot-Com-300x95.png\" alt=\"\" width=\"200\" height=\"63\" \/><\/h3>\n<\/td>\n<td style=\"width: 50%; height: 32px; vertical-align: top;\">\n<h2>S\u00d8BY<\/h2>\n<p>S\u00d8BY ist ein d\u00e4nisches Unternehmen, das seit mehr als 50 Jahren L\u00f6sungen f\u00fcr den Transport und die Lagerung von Getreide und anderen Feldfr\u00fcchten entwickelt und herstellt.<\/td>\n<\/tr>\n<\/tbody>\n<\/table>\n","protected":false},"excerpt":{"rendered":"<p>Akron Akron entwickelt, fertigt und vertreibt L\u00f6sungen f\u00fcr die Getreideverarbeitung,&#8230;<\/p>\n","protected":false},"author":1,"featured_media":11574,"parent":0,"menu_order":0,"comment_status":"closed","ping_status":"closed","template":"","meta":{"_acf_changed":false,"footnotes":""},"class_list":["post-23732","page","type-page","status-publish","has-post-thumbnail","hentry"],"acf":[],"yoast_head":"<!-- This site is optimized with the Yoast SEO plugin v27.3 - https:\/\/yoast.com\/product\/yoast-seo-wordpress\/ -->\n<title>H\u00e4ndlers | Jansen&amp;Heuning<\/title>\n<meta name=\"description\" content=\"H\u00e4ndlers | Jansen&amp;Heuning\" \/>\n<meta name=\"robots\" content=\"index, follow, max-snippet:-1, max-image-preview:large, max-video-preview:-1\" \/>\n<link rel=\"canonical\" href=\"https:\/\/jh.nl\/de\/haendlers\/\" \/>\n<meta property=\"og:locale\" content=\"de_DE\" \/>\n<meta property=\"og:type\" content=\"article\" \/>\n<meta property=\"og:title\" content=\"H\u00e4ndlers | Jansen&amp;Heuning\" \/>\n<meta property=\"og:description\" content=\"H\u00e4ndlers | Jansen&amp;Heuning\" \/>\n<meta property=\"og:url\" content=\"https:\/\/jh.nl\/de\/haendlers\/\" \/>\n<meta property=\"og:site_name\" content=\"Jansen&amp;Heuning\" \/>\n<meta property=\"article:publisher\" content=\"https:\/\/www.facebook.com\/JansenHeuning\" \/>\n<meta property=\"article:modified_time\" content=\"2024-06-03T07:08:33+00:00\" \/>\n<meta property=\"og:image\" content=\"https:\/\/jh.nl\/wp-content\/uploads\/2019\/04\/Isah-JH-beeldmerk-e1708512805103.png\" \/>\n\t<meta property=\"og:image:width\" content=\"470\" \/>\n\t<meta property=\"og:image:height\" content=\"470\" \/>\n\t<meta property=\"og:image:type\" content=\"image\/png\" \/>\n<meta name=\"twitter:card\" content=\"summary_large_image\" \/>\n<meta name=\"twitter:label1\" content=\"Gesch\u00e4tzte Lesezeit\" \/>\n\t<meta name=\"twitter:data1\" content=\"4\u00a0Minuten\" \/>\n<script type=\"application\/ld+json\" class=\"yoast-schema-graph\">{\"@context\":\"https:\\\/\\\/schema.org\",\"@graph\":[{\"@type\":\"WebPage\",\"@id\":\"https:\\\/\\\/jh.nl\\\/de\\\/haendlers\\\/\",\"url\":\"https:\\\/\\\/jh.nl\\\/de\\\/haendlers\\\/\",\"name\":\"H\u00e4ndlers | Jansen&amp;Heuning\",\"isPartOf\":{\"@id\":\"https:\\\/\\\/jh.nl\\\/nl\\\/#website\"},\"primaryImageOfPage\":{\"@id\":\"https:\\\/\\\/jh.nl\\\/de\\\/haendlers\\\/#primaryimage\"},\"image\":{\"@id\":\"https:\\\/\\\/jh.nl\\\/de\\\/haendlers\\\/#primaryimage\"},\"thumbnailUrl\":\"https:\\\/\\\/jh.nl\\\/wp-content\\\/uploads\\\/2019\\\/04\\\/Isah-JH-beeldmerk-e1708512805103.png\",\"datePublished\":\"2024-02-21T10:16:33+00:00\",\"dateModified\":\"2024-06-03T07:08:33+00:00\",\"description\":\"H\u00e4ndlers | Jansen&amp;Heuning\",\"breadcrumb\":{\"@id\":\"https:\\\/\\\/jh.nl\\\/de\\\/haendlers\\\/#breadcrumb\"},\"inLanguage\":\"de\",\"potentialAction\":[{\"@type\":\"ReadAction\",\"target\":[\"https:\\\/\\\/jh.nl\\\/de\\\/haendlers\\\/\"]}]},{\"@type\":\"ImageObject\",\"inLanguage\":\"de\",\"@id\":\"https:\\\/\\\/jh.nl\\\/de\\\/haendlers\\\/#primaryimage\",\"url\":\"https:\\\/\\\/jh.nl\\\/wp-content\\\/uploads\\\/2019\\\/04\\\/Isah-JH-beeldmerk-e1708512805103.png\",\"contentUrl\":\"https:\\\/\\\/jh.nl\\\/wp-content\\\/uploads\\\/2019\\\/04\\\/Isah-JH-beeldmerk-e1708512805103.png\",\"width\":470,\"height\":470},{\"@type\":\"BreadcrumbList\",\"@id\":\"https:\\\/\\\/jh.nl\\\/de\\\/haendlers\\\/#breadcrumb\",\"itemListElement\":[{\"@type\":\"ListItem\",\"position\":1,\"name\":\"Home\",\"item\":\"https:\\\/\\\/jh.nl\\\/de\\\/\"},{\"@type\":\"ListItem\",\"position\":2,\"name\":\"H\u00e4ndlers\"}]},{\"@type\":\"WebSite\",\"@id\":\"https:\\\/\\\/jh.nl\\\/nl\\\/#website\",\"url\":\"https:\\\/\\\/jh.nl\\\/nl\\\/\",\"name\":\"Jansen & Heuning\",\"description\":\"Bulk Handling Systems\",\"publisher\":{\"@id\":\"https:\\\/\\\/jh.nl\\\/nl\\\/#organization\"},\"alternateName\":\"J&H\",\"potentialAction\":[{\"@type\":\"SearchAction\",\"target\":{\"@type\":\"EntryPoint\",\"urlTemplate\":\"https:\\\/\\\/jh.nl\\\/nl\\\/?s={search_term_string}\"},\"query-input\":{\"@type\":\"PropertyValueSpecification\",\"valueRequired\":true,\"valueName\":\"search_term_string\"}}],\"inLanguage\":\"de\"},{\"@type\":\"Organization\",\"@id\":\"https:\\\/\\\/jh.nl\\\/nl\\\/#organization\",\"name\":\"Jansen & Heuning\",\"alternateName\":\"J&H\",\"url\":\"https:\\\/\\\/jh.nl\\\/nl\\\/\",\"logo\":{\"@type\":\"ImageObject\",\"inLanguage\":\"de\",\"@id\":\"https:\\\/\\\/jh.nl\\\/nl\\\/#\\\/schema\\\/logo\\\/image\\\/\",\"url\":\"https:\\\/\\\/jh.nl\\\/wp-content\\\/uploads\\\/2022\\\/05\\\/JH-logo-scaled.gif\",\"contentUrl\":\"https:\\\/\\\/jh.nl\\\/wp-content\\\/uploads\\\/2022\\\/05\\\/JH-logo-scaled.gif\",\"width\":2560,\"height\":429,\"caption\":\"Jansen & Heuning\"},\"image\":{\"@id\":\"https:\\\/\\\/jh.nl\\\/nl\\\/#\\\/schema\\\/logo\\\/image\\\/\"},\"sameAs\":[\"https:\\\/\\\/www.facebook.com\\\/JansenHeuning\",\"https:\\\/\\\/www.youtube.com\\\/user\\\/JansenenHeuning\\\/featured\",\"https:\\\/\\\/www.linkedin.com\\\/company\\\/1768497\\\/\"]}]}<\/script>\n<!-- \/ Yoast SEO plugin. -->","yoast_head_json":{"title":"H\u00e4ndlers | Jansen&amp;Heuning","description":"H\u00e4ndlers | Jansen&amp;Heuning","robots":{"index":"index","follow":"follow","max-snippet":"max-snippet:-1","max-image-preview":"max-image-preview:large","max-video-preview":"max-video-preview:-1"},"canonical":"https:\/\/jh.nl\/de\/haendlers\/","og_locale":"de_DE","og_type":"article","og_title":"H\u00e4ndlers | Jansen&amp;Heuning","og_description":"H\u00e4ndlers | Jansen&amp;Heuning","og_url":"https:\/\/jh.nl\/de\/haendlers\/","og_site_name":"Jansen&amp;Heuning","article_publisher":"https:\/\/www.facebook.com\/JansenHeuning","article_modified_time":"2024-06-03T07:08:33+00:00","og_image":[{"width":470,"height":470,"url":"https:\/\/jh.nl\/wp-content\/uploads\/2019\/04\/Isah-JH-beeldmerk-e1708512805103.png","type":"image\/png"}],"twitter_card":"summary_large_image","twitter_misc":{"Gesch\u00e4tzte Lesezeit":"4\u00a0Minuten"},"schema":{"@context":"https:\/\/schema.org","@graph":[{"@type":"WebPage","@id":"https:\/\/jh.nl\/de\/haendlers\/","url":"https:\/\/jh.nl\/de\/haendlers\/","name":"H\u00e4ndlers | Jansen&amp;Heuning","isPartOf":{"@id":"https:\/\/jh.nl\/nl\/#website"},"primaryImageOfPage":{"@id":"https:\/\/jh.nl\/de\/haendlers\/#primaryimage"},"image":{"@id":"https:\/\/jh.nl\/de\/haendlers\/#primaryimage"},"thumbnailUrl":"https:\/\/jh.nl\/wp-content\/uploads\/2019\/04\/Isah-JH-beeldmerk-e1708512805103.png","datePublished":"2024-02-21T10:16:33+00:00","dateModified":"2024-06-03T07:08:33+00:00","description":"H\u00e4ndlers | Jansen&amp;Heuning","breadcrumb":{"@id":"https:\/\/jh.nl\/de\/haendlers\/#breadcrumb"},"inLanguage":"de","potentialAction":[{"@type":"ReadAction","target":["https:\/\/jh.nl\/de\/haendlers\/"]}]},{"@type":"ImageObject","inLanguage":"de","@id":"https:\/\/jh.nl\/de\/haendlers\/#primaryimage","url":"https:\/\/jh.nl\/wp-content\/uploads\/2019\/04\/Isah-JH-beeldmerk-e1708512805103.png","contentUrl":"https:\/\/jh.nl\/wp-content\/uploads\/2019\/04\/Isah-JH-beeldmerk-e1708512805103.png","width":470,"height":470},{"@type":"BreadcrumbList","@id":"https:\/\/jh.nl\/de\/haendlers\/#breadcrumb","itemListElement":[{"@type":"ListItem","position":1,"name":"Home","item":"https:\/\/jh.nl\/de\/"},{"@type":"ListItem","position":2,"name":"H\u00e4ndlers"}]},{"@type":"WebSite","@id":"https:\/\/jh.nl\/nl\/#website","url":"https:\/\/jh.nl\/nl\/","name":"Jansen & Heuning","description":"Bulk Handling Systems","publisher":{"@id":"https:\/\/jh.nl\/nl\/#organization"},"alternateName":"J&H","potentialAction":[{"@type":"SearchAction","target":{"@type":"EntryPoint","urlTemplate":"https:\/\/jh.nl\/nl\/?s={search_term_string}"},"query-input":{"@type":"PropertyValueSpecification","valueRequired":true,"valueName":"search_term_string"}}],"inLanguage":"de"},{"@type":"Organization","@id":"https:\/\/jh.nl\/nl\/#organization","name":"Jansen & Heuning","alternateName":"J&H","url":"https:\/\/jh.nl\/nl\/","logo":{"@type":"ImageObject","inLanguage":"de","@id":"https:\/\/jh.nl\/nl\/#\/schema\/logo\/image\/","url":"https:\/\/jh.nl\/wp-content\/uploads\/2022\/05\/JH-logo-scaled.gif","contentUrl":"https:\/\/jh.nl\/wp-content\/uploads\/2022\/05\/JH-logo-scaled.gif","width":2560,"height":429,"caption":"Jansen & Heuning"},"image":{"@id":"https:\/\/jh.nl\/nl\/#\/schema\/logo\/image\/"},"sameAs":["https:\/\/www.facebook.com\/JansenHeuning","https:\/\/www.youtube.com\/user\/JansenenHeuning\/featured","https:\/\/www.linkedin.com\/company\/1768497\/"]}]}},"_links":{"self":[{"href":"https:\/\/jh.nl\/de\/wp-json\/wp\/v2\/pages\/23732","targetHints":{"allow":["GET"]}}],"collection":[{"href":"https:\/\/jh.nl\/de\/wp-json\/wp\/v2\/pages"}],"about":[{"href":"https:\/\/jh.nl\/de\/wp-json\/wp\/v2\/types\/page"}],"author":[{"embeddable":true,"href":"https:\/\/jh.nl\/de\/wp-json\/wp\/v2\/users\/1"}],"replies":[{"embeddable":true,"href":"https:\/\/jh.nl\/de\/wp-json\/wp\/v2\/comments?post=23732"}],"version-history":[{"count":10,"href":"https:\/\/jh.nl\/de\/wp-json\/wp\/v2\/pages\/23732\/revisions"}],"predecessor-version":[{"id":24242,"href":"https:\/\/jh.nl\/de\/wp-json\/wp\/v2\/pages\/23732\/revisions\/24242"}],"wp:featuredmedia":[{"embeddable":true,"href":"https:\/\/jh.nl\/de\/wp-json\/wp\/v2\/media\/11574"}],"wp:attachment":[{"href":"https:\/\/jh.nl\/de\/wp-json\/wp\/v2\/media?parent=23732"}],"curies":[{"name":"wp","href":"https:\/\/api.w.org\/{rel}","templated":true}]}}