{"id":26436,"date":"2025-06-04T13:58:50","date_gmt":"2025-06-04T11:58:50","guid":{"rendered":"https:\/\/jh.nl\/volg-jh\/"},"modified":"2025-06-10T12:06:45","modified_gmt":"2025-06-10T10:06:45","slug":"folg-jh","status":"publish","type":"page","link":"https:\/\/jh.nl\/de\/folg-jh\/","title":{"rendered":"Folgen Sie Jansen&#038;Heuning auf sozialen Medien"},"content":{"rendered":"\t\t<div data-elementor-type=\"wp-page\" data-elementor-id=\"26436\" class=\"elementor elementor-26436 elementor-26197\">\n\t\t\t\t\t\t<section class=\"elementor-section elementor-top-section elementor-element elementor-element-145f1a5 elementor-section-boxed elementor-section-height-default elementor-section-height-default\" data-id=\"145f1a5\" data-element_type=\"section\" data-e-type=\"section\">\n\t\t\t\t\t\t<div class=\"elementor-container elementor-column-gap-default\">\n\t\t\t\t\t<div class=\"elementor-column elementor-col-33 elementor-top-column elementor-element elementor-element-5bd770a\" data-id=\"5bd770a\" data-element_type=\"column\" data-e-type=\"column\">\n\t\t\t<div class=\"elementor-widget-wrap elementor-element-populated\">\n\t\t\t\t\t\t<div class=\"elementor-element elementor-element-a759350 elementor-widget elementor-widget-spacer\" data-id=\"a759350\" data-element_type=\"widget\" data-e-type=\"widget\" data-widget_type=\"spacer.default\">\n\t\t\t\t<div class=\"elementor-widget-container\">\n\t\t\t\t\t\t\t<div class=\"elementor-spacer\">\n\t\t\t<div class=\"elementor-spacer-inner\"><\/div>\n\t\t<\/div>\n\t\t\t\t\t\t<\/div>\n\t\t\t\t<\/div>\n\t\t\t\t<div class=\"elementor-element elementor-element-08c2325 elementor-widget elementor-widget-image\" data-id=\"08c2325\" data-element_type=\"widget\" data-e-type=\"widget\" data-widget_type=\"image.default\">\n\t\t\t\t<div class=\"elementor-widget-container\">\n\t\t\t\t\t\t\t\t\t\t\t\t\t\t\t\t<a href=\"https:\/\/nl.linkedin.com\/company\/jansen-&#038;-heuning\">\n\t\t\t\t\t\t\t<img decoding=\"async\" width=\"150\" height=\"150\" src=\"https:\/\/jh.nl\/wp-content\/uploads\/2025\/06\/LI-logoo-150x150.webp\" class=\"attachment-thumbnail size-thumbnail wp-image-26353\" alt=\"\" srcset=\"https:\/\/jh.nl\/wp-content\/uploads\/2025\/06\/LI-logoo-150x150.webp 150w, https:\/\/jh.nl\/wp-content\/uploads\/2025\/06\/LI-logoo-300x300.webp 300w, https:\/\/jh.nl\/wp-content\/uploads\/2025\/06\/LI-logoo-768x768.webp 768w, https:\/\/jh.nl\/wp-content\/uploads\/2025\/06\/LI-logoo-600x600.webp 600w, https:\/\/jh.nl\/wp-content\/uploads\/2025\/06\/LI-logoo-100x100.webp 100w, https:\/\/jh.nl\/wp-content\/uploads\/2025\/06\/LI-logoo-200x200.webp 200w, https:\/\/jh.nl\/wp-content\/uploads\/2025\/06\/LI-logoo-400x400.webp 400w, https:\/\/jh.nl\/wp-content\/uploads\/2025\/06\/LI-logoo.webp 960w\" sizes=\"(max-width: 150px) 100vw, 150px\" \/>\t\t\t\t\t\t\t\t<\/a>\n\t\t\t\t\t\t\t\t\t\t\t\t\t\t\t<\/div>\n\t\t\t\t<\/div>\n\t\t\t\t<div class=\"elementor-element elementor-element-c248c16 elementor-widget elementor-widget-heading\" data-id=\"c248c16\" data-element_type=\"widget\" data-e-type=\"widget\" data-widget_type=\"heading.default\">\n\t\t\t\t<div class=\"elementor-widget-container\">\n\t\t\t\t\t<h2 class=\"elementor-heading-title elementor-size-default\">LinkedIn<\/h2>\t\t\t\t<\/div>\n\t\t\t\t<\/div>\n\t\t\t\t<div class=\"elementor-element elementor-element-6756454 elementor-widget elementor-widget-text-editor\" data-id=\"6756454\" data-element_type=\"widget\" data-e-type=\"widget\" data-widget_type=\"text-editor.default\">\n\t\t\t\t<div class=\"elementor-widget-container\">\n\t\t\t\t\t\t\t\t\t<p>Folgen Sie Jansen&amp;Heuning auf LinkedIn, um aktuelle Informationen \u00fcber Projekte, offene Stellen und technische Entwicklungen zu erhalten.<\/p><p>Neugierig geworden? <a href=\"https:\/\/nl.linkedin.com\/company\/jansen-&amp;-heuning\">Klicken Sie hier!\u00a0<\/a><\/p>\t\t\t\t\t\t\t\t<\/div>\n\t\t\t\t<\/div>\n\t\t\t\t\t<\/div>\n\t\t<\/div>\n\t\t\t\t<div class=\"elementor-column elementor-col-33 elementor-top-column elementor-element elementor-element-a765222\" data-id=\"a765222\" data-element_type=\"column\" data-e-type=\"column\">\n\t\t\t<div class=\"elementor-widget-wrap elementor-element-populated\">\n\t\t\t\t\t\t<div class=\"elementor-element elementor-element-9d16d46 elementor-widget elementor-widget-spacer\" data-id=\"9d16d46\" data-element_type=\"widget\" data-e-type=\"widget\" data-widget_type=\"spacer.default\">\n\t\t\t\t<div class=\"elementor-widget-container\">\n\t\t\t\t\t\t\t<div class=\"elementor-spacer\">\n\t\t\t<div class=\"elementor-spacer-inner\"><\/div>\n\t\t<\/div>\n\t\t\t\t\t\t<\/div>\n\t\t\t\t<\/div>\n\t\t\t\t<div class=\"elementor-element elementor-element-7debc09 elementor-widget elementor-widget-image\" data-id=\"7debc09\" data-element_type=\"widget\" data-e-type=\"widget\" data-widget_type=\"image.default\">\n\t\t\t\t<div class=\"elementor-widget-container\">\n\t\t\t\t\t\t\t\t\t\t\t\t\t\t\t\t<a href=\"https:\/\/www.youtube.com\/@JansenHeuning\">\n\t\t\t\t\t\t\t<img decoding=\"async\" width=\"150\" height=\"150\" src=\"https:\/\/jh.nl\/wp-content\/uploads\/2025\/06\/YT-logoo-150x150.png\" class=\"attachment-thumbnail size-thumbnail wp-image-26356\" alt=\"\" srcset=\"https:\/\/jh.nl\/wp-content\/uploads\/2025\/06\/YT-logoo-150x150.png 150w, https:\/\/jh.nl\/wp-content\/uploads\/2025\/06\/YT-logoo-100x100.png 100w, https:\/\/jh.nl\/wp-content\/uploads\/2025\/06\/YT-logoo-200x200.png 200w, https:\/\/jh.nl\/wp-content\/uploads\/2025\/06\/YT-logoo.png 225w\" sizes=\"(max-width: 150px) 100vw, 150px\" \/>\t\t\t\t\t\t\t\t<\/a>\n\t\t\t\t\t\t\t\t\t\t\t\t\t\t\t<\/div>\n\t\t\t\t<\/div>\n\t\t\t\t<div class=\"elementor-element elementor-element-2b06186 elementor-widget elementor-widget-heading\" data-id=\"2b06186\" data-element_type=\"widget\" data-e-type=\"widget\" data-widget_type=\"heading.default\">\n\t\t\t\t<div class=\"elementor-widget-container\">\n\t\t\t\t\t<h2 class=\"elementor-heading-title elementor-size-default\">YouTube<\/h2>\t\t\t\t<\/div>\n\t\t\t\t<\/div>\n\t\t\t\t<div class=\"elementor-element elementor-element-21109d0 elementor-widget elementor-widget-text-editor\" data-id=\"21109d0\" data-element_type=\"widget\" data-e-type=\"widget\" data-widget_type=\"text-editor.default\">\n\t\t\t\t<div class=\"elementor-widget-container\">\n\t\t\t\t\t\t\t\t\t<p>Sehen Sie unsere Maschinen in Aktion und entdecken Sie Produktvideos und Animationen auf dem YouTube-Kanal von Jansen&amp;Heuning.<\/p><p>Neugierig geworden?\u00a0<a href=\"https:\/\/www.youtube.com\/@JansenHeuning\">Klicken Sie hier!\u00a0<\/a><\/p>\t\t\t\t\t\t\t\t<\/div>\n\t\t\t\t<\/div>\n\t\t\t\t\t<\/div>\n\t\t<\/div>\n\t\t\t\t<div class=\"elementor-column elementor-col-33 elementor-top-column elementor-element elementor-element-9f8924e\" data-id=\"9f8924e\" data-element_type=\"column\" data-e-type=\"column\">\n\t\t\t<div class=\"elementor-widget-wrap elementor-element-populated\">\n\t\t\t\t\t\t<div class=\"elementor-element elementor-element-a37dcc4 elementor-widget elementor-widget-spacer\" data-id=\"a37dcc4\" data-element_type=\"widget\" data-e-type=\"widget\" data-widget_type=\"spacer.default\">\n\t\t\t\t<div class=\"elementor-widget-container\">\n\t\t\t\t\t\t\t<div class=\"elementor-spacer\">\n\t\t\t<div class=\"elementor-spacer-inner\"><\/div>\n\t\t<\/div>\n\t\t\t\t\t\t<\/div>\n\t\t\t\t<\/div>\n\t\t\t\t<div class=\"elementor-element elementor-element-3853cb4 elementor-widget elementor-widget-image\" data-id=\"3853cb4\" data-element_type=\"widget\" data-e-type=\"widget\" data-widget_type=\"image.default\">\n\t\t\t\t<div class=\"elementor-widget-container\">\n\t\t\t\t\t\t\t\t\t\t\t\t\t\t\t\t<a href=\"https:\/\/www.facebook.com\/JansenHeuning\/\">\n\t\t\t\t\t\t\t<img decoding=\"async\" width=\"150\" height=\"150\" src=\"https:\/\/jh.nl\/wp-content\/uploads\/2025\/06\/FB-Logo-150x150.png\" class=\"attachment-thumbnail size-thumbnail wp-image-26359\" alt=\"\" srcset=\"https:\/\/jh.nl\/wp-content\/uploads\/2025\/06\/FB-Logo-150x150.png 150w, https:\/\/jh.nl\/wp-content\/uploads\/2025\/06\/FB-Logo-300x300.png 300w, https:\/\/jh.nl\/wp-content\/uploads\/2025\/06\/FB-Logo-768x768.png 768w, https:\/\/jh.nl\/wp-content\/uploads\/2025\/06\/FB-Logo-600x600.png 600w, https:\/\/jh.nl\/wp-content\/uploads\/2025\/06\/FB-Logo-100x100.png 100w, https:\/\/jh.nl\/wp-content\/uploads\/2025\/06\/FB-Logo-200x200.png 200w, https:\/\/jh.nl\/wp-content\/uploads\/2025\/06\/FB-Logo-400x400.png 400w, https:\/\/jh.nl\/wp-content\/uploads\/2025\/06\/FB-Logo.png 960w\" sizes=\"(max-width: 150px) 100vw, 150px\" \/>\t\t\t\t\t\t\t\t<\/a>\n\t\t\t\t\t\t\t\t\t\t\t\t\t\t\t<\/div>\n\t\t\t\t<\/div>\n\t\t\t\t<div class=\"elementor-element elementor-element-5f12516 elementor-widget elementor-widget-heading\" data-id=\"5f12516\" data-element_type=\"widget\" data-e-type=\"widget\" data-widget_type=\"heading.default\">\n\t\t\t\t<div class=\"elementor-widget-container\">\n\t\t\t\t\t<h2 class=\"elementor-heading-title elementor-size-default\">Facebook<\/h2>\t\t\t\t<\/div>\n\t\t\t\t<\/div>\n\t\t\t\t<div class=\"elementor-element elementor-element-7fa4412 elementor-widget elementor-widget-text-editor\" data-id=\"7fa4412\" data-element_type=\"widget\" data-e-type=\"widget\" data-widget_type=\"text-editor.default\">\n\t\t\t\t<div class=\"elementor-widget-container\">\n\t\t\t\t\t\t\t\t\t<p>Halten Sie sich auf unserer Facebook-Seite \u00fcber Neuigkeiten, Fotos und praktische Anwendungen auf dem Laufenden.<\/p><p>Neugierig geworden? <a href=\"https:\/\/www.facebook.com\/JansenHeuning\/\">Klicken Sie hier!\u00a0<\/a><\/p>\t\t\t\t\t\t\t\t<\/div>\n\t\t\t\t<\/div>\n\t\t\t\t\t<\/div>\n\t\t<\/div>\n\t\t\t\t\t<\/div>\n\t\t<\/section>\n\t\t\t\t<section class=\"elementor-section elementor-top-section elementor-element elementor-element-e6e3d18 elementor-section-boxed elementor-section-height-default elementor-section-height-default\" data-id=\"e6e3d18\" data-element_type=\"section\" data-e-type=\"section\">\n\t\t\t\t\t\t<div class=\"elementor-container elementor-column-gap-default\">\n\t\t\t\t\t<div class=\"elementor-column elementor-col-100 elementor-top-column elementor-element elementor-element-e0ba85b\" data-id=\"e0ba85b\" data-element_type=\"column\" data-e-type=\"column\">\n\t\t\t<div class=\"elementor-widget-wrap elementor-element-populated\">\n\t\t\t\t\t\t<div class=\"elementor-element elementor-element-df2aab1 elementor-widget elementor-widget-text-editor\" data-id=\"df2aab1\" data-element_type=\"widget\" data-e-type=\"widget\" data-widget_type=\"text-editor.default\">\n\t\t\t\t<div class=\"elementor-widget-container\">\n\t\t\t\t\t\t\t\t\t<p>M\u00f6chten Sie \u00fcber soziale Medien zusammenarbeiten? Nehmen Sie Kontakt mit uns auf und wir werden die M\u00f6glichkeiten besprechen.<\/p><ul><li>Telefon: <a href=\"tel:+310503126448\">+31(0)50 3126 448<\/a><\/li><li>E-Mail: <a href=\"mailto:sales@jh.nl\">sales@jh.nl<\/a>\u200b<\/li><li>Kontakt-Formular: <a href=\"https:\/\/jh.nl\/de\/contact\">www.jh.de\/contact<\/a><\/li><\/ul>\t\t\t\t\t\t\t\t<\/div>\n\t\t\t\t<\/div>\n\t\t\t\t\t<\/div>\n\t\t<\/div>\n\t\t\t\t\t<\/div>\n\t\t<\/section>\n\t\t\t\t<\/div>\n\t\t","protected":false},"excerpt":{"rendered":"<p>LinkedIn Folgen Sie Jansen&amp;Heuning auf LinkedIn, um aktuelle Informationen \u00fcber&#8230;<\/p>\n","protected":false},"author":19,"featured_media":26449,"parent":0,"menu_order":0,"comment_status":"closed","ping_status":"closed","template":"","meta":{"_acf_changed":false,"footnotes":""},"class_list":["post-26436","page","type-page","status-publish","has-post-thumbnail","hentry"],"acf":[],"yoast_head":"<!-- This site is optimized with the Yoast SEO plugin v27.3 - https:\/\/yoast.com\/product\/yoast-seo-wordpress\/ -->\n<title>Folgen Sie Jansen&amp;Heuning sozialen Medien | Jansen&amp;Heuning<\/title>\n<meta name=\"description\" content=\"Bleiben Sie auf dem Laufenden \u00fcber LinkedIn, YouTube und Facebook. Nachrichten und Updates von Jansen&amp;Heuning jetzt auch online verf\u00fcgbar.\" \/>\n<meta name=\"robots\" content=\"index, follow, max-snippet:-1, max-image-preview:large, max-video-preview:-1\" \/>\n<link rel=\"canonical\" href=\"https:\/\/jh.nl\/de\/folg-jh\/\" \/>\n<meta property=\"og:locale\" content=\"de_DE\" \/>\n<meta property=\"og:type\" content=\"article\" \/>\n<meta property=\"og:title\" content=\"Folgen Sie Jansen&amp;Heuning sozialen Medien | Jansen&amp;Heuning\" \/>\n<meta property=\"og:description\" content=\"Bleiben Sie auf dem Laufenden \u00fcber LinkedIn, YouTube und Facebook. Nachrichten und Updates von Jansen&amp;Heuning jetzt auch online verf\u00fcgbar.\" \/>\n<meta property=\"og:url\" content=\"https:\/\/jh.nl\/de\/folg-jh\/\" \/>\n<meta property=\"og:site_name\" content=\"Jansen&amp;Heuning\" \/>\n<meta property=\"article:publisher\" content=\"https:\/\/www.facebook.com\/JansenHeuning\" \/>\n<meta property=\"article:modified_time\" content=\"2025-06-10T10:06:45+00:00\" \/>\n<meta property=\"og:image\" content=\"https:\/\/jh.nl\/wp-content\/uploads\/2025\/06\/JH-Socials-like--scaled.jpg\" \/>\n\t<meta property=\"og:image:width\" content=\"2560\" \/>\n\t<meta property=\"og:image:height\" content=\"2146\" \/>\n\t<meta property=\"og:image:type\" content=\"image\/jpeg\" \/>\n<meta name=\"twitter:card\" content=\"summary_large_image\" \/>\n<meta name=\"twitter:label1\" content=\"Gesch\u00e4tzte Lesezeit\" \/>\n\t<meta name=\"twitter:data1\" content=\"2\u00a0Minuten\" \/>\n<script type=\"application\/ld+json\" class=\"yoast-schema-graph\">{\"@context\":\"https:\\\/\\\/schema.org\",\"@graph\":[{\"@type\":\"WebPage\",\"@id\":\"https:\\\/\\\/jh.nl\\\/de\\\/folg-jh\\\/\",\"url\":\"https:\\\/\\\/jh.nl\\\/de\\\/folg-jh\\\/\",\"name\":\"Folgen Sie Jansen&Heuning sozialen Medien | Jansen&Heuning\",\"isPartOf\":{\"@id\":\"https:\\\/\\\/jh.nl\\\/nl\\\/#website\"},\"primaryImageOfPage\":{\"@id\":\"https:\\\/\\\/jh.nl\\\/de\\\/folg-jh\\\/#primaryimage\"},\"image\":{\"@id\":\"https:\\\/\\\/jh.nl\\\/de\\\/folg-jh\\\/#primaryimage\"},\"thumbnailUrl\":\"https:\\\/\\\/jh.nl\\\/wp-content\\\/uploads\\\/2025\\\/06\\\/JH-Socials-like--scaled.jpg\",\"datePublished\":\"2025-06-04T11:58:50+00:00\",\"dateModified\":\"2025-06-10T10:06:45+00:00\",\"description\":\"Bleiben Sie auf dem Laufenden \u00fcber LinkedIn, YouTube und Facebook. Nachrichten und Updates von Jansen&Heuning jetzt auch online verf\u00fcgbar.\",\"breadcrumb\":{\"@id\":\"https:\\\/\\\/jh.nl\\\/de\\\/folg-jh\\\/#breadcrumb\"},\"inLanguage\":\"de\",\"potentialAction\":[{\"@type\":\"ReadAction\",\"target\":[\"https:\\\/\\\/jh.nl\\\/de\\\/folg-jh\\\/\"]}]},{\"@type\":\"ImageObject\",\"inLanguage\":\"de\",\"@id\":\"https:\\\/\\\/jh.nl\\\/de\\\/folg-jh\\\/#primaryimage\",\"url\":\"https:\\\/\\\/jh.nl\\\/wp-content\\\/uploads\\\/2025\\\/06\\\/JH-Socials-like--scaled.jpg\",\"contentUrl\":\"https:\\\/\\\/jh.nl\\\/wp-content\\\/uploads\\\/2025\\\/06\\\/JH-Socials-like--scaled.jpg\",\"width\":2560,\"height\":2146,\"caption\":\"Jansen&Heuning social media\"},{\"@type\":\"BreadcrumbList\",\"@id\":\"https:\\\/\\\/jh.nl\\\/de\\\/folg-jh\\\/#breadcrumb\",\"itemListElement\":[{\"@type\":\"ListItem\",\"position\":1,\"name\":\"Home\",\"item\":\"https:\\\/\\\/jh.nl\\\/de\\\/\"},{\"@type\":\"ListItem\",\"position\":2,\"name\":\"Folgen Sie Jansen&#038;Heuning auf sozialen Medien\"}]},{\"@type\":\"WebSite\",\"@id\":\"https:\\\/\\\/jh.nl\\\/nl\\\/#website\",\"url\":\"https:\\\/\\\/jh.nl\\\/nl\\\/\",\"name\":\"Jansen & Heuning\",\"description\":\"Bulk Handling Systems\",\"publisher\":{\"@id\":\"https:\\\/\\\/jh.nl\\\/nl\\\/#organization\"},\"alternateName\":\"J&H\",\"potentialAction\":[{\"@type\":\"SearchAction\",\"target\":{\"@type\":\"EntryPoint\",\"urlTemplate\":\"https:\\\/\\\/jh.nl\\\/nl\\\/?s={search_term_string}\"},\"query-input\":{\"@type\":\"PropertyValueSpecification\",\"valueRequired\":true,\"valueName\":\"search_term_string\"}}],\"inLanguage\":\"de\"},{\"@type\":\"Organization\",\"@id\":\"https:\\\/\\\/jh.nl\\\/nl\\\/#organization\",\"name\":\"Jansen & Heuning\",\"alternateName\":\"J&H\",\"url\":\"https:\\\/\\\/jh.nl\\\/nl\\\/\",\"logo\":{\"@type\":\"ImageObject\",\"inLanguage\":\"de\",\"@id\":\"https:\\\/\\\/jh.nl\\\/nl\\\/#\\\/schema\\\/logo\\\/image\\\/\",\"url\":\"https:\\\/\\\/jh.nl\\\/wp-content\\\/uploads\\\/2022\\\/05\\\/JH-logo-scaled.gif\",\"contentUrl\":\"https:\\\/\\\/jh.nl\\\/wp-content\\\/uploads\\\/2022\\\/05\\\/JH-logo-scaled.gif\",\"width\":2560,\"height\":429,\"caption\":\"Jansen & Heuning\"},\"image\":{\"@id\":\"https:\\\/\\\/jh.nl\\\/nl\\\/#\\\/schema\\\/logo\\\/image\\\/\"},\"sameAs\":[\"https:\\\/\\\/www.facebook.com\\\/JansenHeuning\",\"https:\\\/\\\/www.youtube.com\\\/user\\\/JansenenHeuning\\\/featured\",\"https:\\\/\\\/www.linkedin.com\\\/company\\\/1768497\\\/\"]}]}<\/script>\n<!-- \/ Yoast SEO plugin. -->","yoast_head_json":{"title":"Folgen Sie Jansen&Heuning sozialen Medien | Jansen&Heuning","description":"Bleiben Sie auf dem Laufenden \u00fcber LinkedIn, YouTube und Facebook. Nachrichten und Updates von Jansen&Heuning jetzt auch online verf\u00fcgbar.","robots":{"index":"index","follow":"follow","max-snippet":"max-snippet:-1","max-image-preview":"max-image-preview:large","max-video-preview":"max-video-preview:-1"},"canonical":"https:\/\/jh.nl\/de\/folg-jh\/","og_locale":"de_DE","og_type":"article","og_title":"Folgen Sie Jansen&Heuning sozialen Medien | Jansen&Heuning","og_description":"Bleiben Sie auf dem Laufenden \u00fcber LinkedIn, YouTube und Facebook. Nachrichten und Updates von Jansen&Heuning jetzt auch online verf\u00fcgbar.","og_url":"https:\/\/jh.nl\/de\/folg-jh\/","og_site_name":"Jansen&amp;Heuning","article_publisher":"https:\/\/www.facebook.com\/JansenHeuning","article_modified_time":"2025-06-10T10:06:45+00:00","og_image":[{"width":2560,"height":2146,"url":"https:\/\/jh.nl\/wp-content\/uploads\/2025\/06\/JH-Socials-like--scaled.jpg","type":"image\/jpeg"}],"twitter_card":"summary_large_image","twitter_misc":{"Gesch\u00e4tzte Lesezeit":"2\u00a0Minuten"},"schema":{"@context":"https:\/\/schema.org","@graph":[{"@type":"WebPage","@id":"https:\/\/jh.nl\/de\/folg-jh\/","url":"https:\/\/jh.nl\/de\/folg-jh\/","name":"Folgen Sie Jansen&Heuning sozialen Medien | Jansen&Heuning","isPartOf":{"@id":"https:\/\/jh.nl\/nl\/#website"},"primaryImageOfPage":{"@id":"https:\/\/jh.nl\/de\/folg-jh\/#primaryimage"},"image":{"@id":"https:\/\/jh.nl\/de\/folg-jh\/#primaryimage"},"thumbnailUrl":"https:\/\/jh.nl\/wp-content\/uploads\/2025\/06\/JH-Socials-like--scaled.jpg","datePublished":"2025-06-04T11:58:50+00:00","dateModified":"2025-06-10T10:06:45+00:00","description":"Bleiben Sie auf dem Laufenden \u00fcber LinkedIn, YouTube und Facebook. Nachrichten und Updates von Jansen&Heuning jetzt auch online verf\u00fcgbar.","breadcrumb":{"@id":"https:\/\/jh.nl\/de\/folg-jh\/#breadcrumb"},"inLanguage":"de","potentialAction":[{"@type":"ReadAction","target":["https:\/\/jh.nl\/de\/folg-jh\/"]}]},{"@type":"ImageObject","inLanguage":"de","@id":"https:\/\/jh.nl\/de\/folg-jh\/#primaryimage","url":"https:\/\/jh.nl\/wp-content\/uploads\/2025\/06\/JH-Socials-like--scaled.jpg","contentUrl":"https:\/\/jh.nl\/wp-content\/uploads\/2025\/06\/JH-Socials-like--scaled.jpg","width":2560,"height":2146,"caption":"Jansen&Heuning social media"},{"@type":"BreadcrumbList","@id":"https:\/\/jh.nl\/de\/folg-jh\/#breadcrumb","itemListElement":[{"@type":"ListItem","position":1,"name":"Home","item":"https:\/\/jh.nl\/de\/"},{"@type":"ListItem","position":2,"name":"Folgen Sie Jansen&#038;Heuning auf sozialen Medien"}]},{"@type":"WebSite","@id":"https:\/\/jh.nl\/nl\/#website","url":"https:\/\/jh.nl\/nl\/","name":"Jansen & Heuning","description":"Bulk Handling Systems","publisher":{"@id":"https:\/\/jh.nl\/nl\/#organization"},"alternateName":"J&H","potentialAction":[{"@type":"SearchAction","target":{"@type":"EntryPoint","urlTemplate":"https:\/\/jh.nl\/nl\/?s={search_term_string}"},"query-input":{"@type":"PropertyValueSpecification","valueRequired":true,"valueName":"search_term_string"}}],"inLanguage":"de"},{"@type":"Organization","@id":"https:\/\/jh.nl\/nl\/#organization","name":"Jansen & Heuning","alternateName":"J&H","url":"https:\/\/jh.nl\/nl\/","logo":{"@type":"ImageObject","inLanguage":"de","@id":"https:\/\/jh.nl\/nl\/#\/schema\/logo\/image\/","url":"https:\/\/jh.nl\/wp-content\/uploads\/2022\/05\/JH-logo-scaled.gif","contentUrl":"https:\/\/jh.nl\/wp-content\/uploads\/2022\/05\/JH-logo-scaled.gif","width":2560,"height":429,"caption":"Jansen & Heuning"},"image":{"@id":"https:\/\/jh.nl\/nl\/#\/schema\/logo\/image\/"},"sameAs":["https:\/\/www.facebook.com\/JansenHeuning","https:\/\/www.youtube.com\/user\/JansenenHeuning\/featured","https:\/\/www.linkedin.com\/company\/1768497\/"]}]}},"_links":{"self":[{"href":"https:\/\/jh.nl\/de\/wp-json\/wp\/v2\/pages\/26436","targetHints":{"allow":["GET"]}}],"collection":[{"href":"https:\/\/jh.nl\/de\/wp-json\/wp\/v2\/pages"}],"about":[{"href":"https:\/\/jh.nl\/de\/wp-json\/wp\/v2\/types\/page"}],"author":[{"embeddable":true,"href":"https:\/\/jh.nl\/de\/wp-json\/wp\/v2\/users\/19"}],"replies":[{"embeddable":true,"href":"https:\/\/jh.nl\/de\/wp-json\/wp\/v2\/comments?post=26436"}],"version-history":[{"count":5,"href":"https:\/\/jh.nl\/de\/wp-json\/wp\/v2\/pages\/26436\/revisions"}],"predecessor-version":[{"id":26454,"href":"https:\/\/jh.nl\/de\/wp-json\/wp\/v2\/pages\/26436\/revisions\/26454"}],"wp:featuredmedia":[{"embeddable":true,"href":"https:\/\/jh.nl\/de\/wp-json\/wp\/v2\/media\/26449"}],"wp:attachment":[{"href":"https:\/\/jh.nl\/de\/wp-json\/wp\/v2\/media?parent=26436"}],"curies":[{"name":"wp","href":"https:\/\/api.w.org\/{rel}","templated":true}]}}