{"id":26780,"date":"2025-05-09T10:44:40","date_gmt":"2025-05-09T08:44:40","guid":{"rendered":"https:\/\/jh.nl\/bedankt-contact\/"},"modified":"2025-08-07T09:24:38","modified_gmt":"2025-08-07T07:24:38","slug":"vielen-dank","status":"publish","type":"page","link":"https:\/\/jh.nl\/de\/vielen-dank\/","title":{"rendered":"Vielen Dank f\u00fcr Ausf\u00fcllen!"},"content":{"rendered":"<div>\n<h3>Kontaktformular \u00e4ndern oder anpassen?<\/h3>\n<p class=\"\" data-start=\"771\" data-end=\"895\">Rufen Sie uns gerne an unter<a href=\"callto:+310503126448\"> +31(0)50 3126 448<\/a> oder senden Sie eine E-Mail an <a class=\"cursor-pointer\" href=\"mailto:sales@jh.nl\" rel=\"noopener\" data-start=\"851\" data-end=\"894\">sales@jh.nl\u00a0<\/a><\/p>\n<hr class=\"\" data-start=\"720\" data-end=\"723\" \/>\n<p><a href=\"https:\/\/jh.nl\/wp-content\/uploads\/2025\/05\/Thank-you-300x128.png\"><img fetchpriority=\"high\" decoding=\"async\" class=\"alignnone wp-image-26056\" src=\"https:\/\/jh.nl\/wp-content\/uploads\/2025\/05\/Thank-you-300x128.png\" alt=\"\" width=\"853\" height=\"364\" srcset=\"https:\/\/jh.nl\/wp-content\/uploads\/2025\/05\/Thank-you-300x128.png 300w, https:\/\/jh.nl\/wp-content\/uploads\/2025\/05\/Thank-you-1024x436.png 1024w, https:\/\/jh.nl\/wp-content\/uploads\/2025\/05\/Thank-you-768x327.png 768w, https:\/\/jh.nl\/wp-content\/uploads\/2025\/05\/Thank-you-1536x653.png 1536w, https:\/\/jh.nl\/wp-content\/uploads\/2025\/05\/Thank-you-2048x871.png 2048w, https:\/\/jh.nl\/wp-content\/uploads\/2025\/05\/Thank-you-600x255.png 600w, https:\/\/jh.nl\/wp-content\/uploads\/2025\/05\/Thank-you-400x170.png 400w\" sizes=\"(max-width: 853px) 100vw, 853px\" \/><\/a><\/p>\n<\/div>\n<hr class=\"\" data-start=\"364\" data-end=\"367\" \/>\n<h3>Auf dem Laufenden bleiben?<\/h3>\n<p>Folgen Sie Jansen&amp;Heuning in den sozialen Medien, um Updates zu technischen Anwendungen, Innovationen und realisierten Projekten im Bereich der Sch\u00fcttgutverarbeitung zu erhalten.<\/p>\n<p>\ud83d\udd17<a href=\"https:\/\/www.linkedin.com\/company\/jansen-&amp;-heuning\/\">Folgen Sie uns auf\u00a0LinkedIn<\/a><br data-start=\"644\" data-end=\"647\" \/>\ud83d\udd17<a href=\"https:\/\/www.facebook.com\/jansenheuning\">Sehen Sie sich unsere\u00a0Facebookpagina<\/a><\/p>\n<p data-start=\"571\" data-end=\"718\">Sind Sie noch nicht ganz zufrieden? Schauen Sie sich<a href=\"https:\/\/jh.nl\/de\/shop\/\"> hier<\/a> Unsere Produkte.<br \/>\nNeugierig geworden? Sehen Sie sich unten unser Unternehmensvideo an.<\/p>\n<p><iframe title=\"Jansen&amp;Heuning - Bulk handling systems\" width=\"500\" height=\"281\" src=\"https:\/\/www.youtube.com\/embed\/VJyWOUCJ6NY?start=11&#038;feature=oembed\" frameborder=\"0\" allow=\"accelerometer; autoplay; clipboard-write; encrypted-media; gyroscope; picture-in-picture; web-share\" referrerpolicy=\"strict-origin-when-cross-origin\" allowfullscreen><\/iframe><\/p>\n","protected":false},"excerpt":{"rendered":"<p>Kontaktformular \u00e4ndern oder anpassen? Rufen Sie uns gerne an unter&#8230;<\/p>\n","protected":false},"author":19,"featured_media":0,"parent":0,"menu_order":0,"comment_status":"closed","ping_status":"closed","template":"","meta":{"_acf_changed":false,"footnotes":""},"class_list":["post-26780","page","type-page","status-publish","hentry"],"acf":[],"yoast_head":"<!-- This site is optimized with the Yoast SEO plugin v27.5 - https:\/\/yoast.com\/product\/yoast-seo-wordpress\/ -->\n<title>Vielen Dank f\u00fcr Ausf\u00fcllen! | Jansen&amp;Heuning<\/title>\n<meta name=\"description\" content=\"Vielen Dank f\u00fcr Ausf\u00fcllen! | Jansen&amp;Heuning\" \/>\n<meta name=\"robots\" content=\"index, follow, max-snippet:-1, max-image-preview:large, max-video-preview:-1\" \/>\n<link rel=\"canonical\" href=\"https:\/\/jh.nl\/de\/vielen-dank\/\" \/>\n<meta property=\"og:locale\" content=\"de_DE\" \/>\n<meta property=\"og:type\" content=\"article\" \/>\n<meta property=\"og:title\" content=\"Vielen Dank f\u00fcr Ausf\u00fcllen! | Jansen&amp;Heuning\" \/>\n<meta property=\"og:description\" content=\"Vielen Dank f\u00fcr Ausf\u00fcllen! | Jansen&amp;Heuning\" \/>\n<meta property=\"og:url\" content=\"https:\/\/jh.nl\/de\/vielen-dank\/\" \/>\n<meta property=\"og:site_name\" content=\"Jansen&amp;Heuning\" \/>\n<meta property=\"article:publisher\" content=\"https:\/\/www.facebook.com\/JansenHeuning\" \/>\n<meta property=\"article:modified_time\" content=\"2025-08-07T07:24:38+00:00\" \/>\n<meta property=\"og:image\" content=\"https:\/\/jh.nl\/wp-content\/uploads\/2025\/05\/Thank-you-1024x436.png\" \/>\n\t<meta property=\"og:image:width\" content=\"1024\" \/>\n\t<meta property=\"og:image:height\" content=\"436\" \/>\n\t<meta property=\"og:image:type\" content=\"image\/png\" \/>\n<meta name=\"twitter:card\" content=\"summary_large_image\" \/>\n<meta name=\"twitter:label1\" content=\"Gesch\u00e4tzte Lesezeit\" \/>\n\t<meta name=\"twitter:data1\" content=\"1\u00a0Minute\" \/>\n<script type=\"application\/ld+json\" class=\"yoast-schema-graph\">{\"@context\":\"https:\\\/\\\/schema.org\",\"@graph\":[{\"@type\":\"WebPage\",\"@id\":\"https:\\\/\\\/jh.nl\\\/de\\\/vielen-dank\\\/\",\"url\":\"https:\\\/\\\/jh.nl\\\/de\\\/vielen-dank\\\/\",\"name\":\"Vielen Dank f\u00fcr Ausf\u00fcllen! | Jansen&amp;Heuning\",\"isPartOf\":{\"@id\":\"https:\\\/\\\/jh.nl\\\/nl\\\/#website\"},\"primaryImageOfPage\":{\"@id\":\"https:\\\/\\\/jh.nl\\\/de\\\/vielen-dank\\\/#primaryimage\"},\"image\":{\"@id\":\"https:\\\/\\\/jh.nl\\\/de\\\/vielen-dank\\\/#primaryimage\"},\"thumbnailUrl\":\"https:\\\/\\\/jh.nl\\\/wp-content\\\/uploads\\\/2025\\\/05\\\/Thank-you-300x128.png\",\"datePublished\":\"2025-05-09T08:44:40+00:00\",\"dateModified\":\"2025-08-07T07:24:38+00:00\",\"description\":\"Vielen Dank f\u00fcr Ausf\u00fcllen! | Jansen&amp;Heuning\",\"breadcrumb\":{\"@id\":\"https:\\\/\\\/jh.nl\\\/de\\\/vielen-dank\\\/#breadcrumb\"},\"inLanguage\":\"de\",\"potentialAction\":[{\"@type\":\"ReadAction\",\"target\":[\"https:\\\/\\\/jh.nl\\\/de\\\/vielen-dank\\\/\"]}]},{\"@type\":\"ImageObject\",\"inLanguage\":\"de\",\"@id\":\"https:\\\/\\\/jh.nl\\\/de\\\/vielen-dank\\\/#primaryimage\",\"url\":\"https:\\\/\\\/jh.nl\\\/wp-content\\\/uploads\\\/2025\\\/05\\\/Thank-you-300x128.png\",\"contentUrl\":\"https:\\\/\\\/jh.nl\\\/wp-content\\\/uploads\\\/2025\\\/05\\\/Thank-you-300x128.png\"},{\"@type\":\"BreadcrumbList\",\"@id\":\"https:\\\/\\\/jh.nl\\\/de\\\/vielen-dank\\\/#breadcrumb\",\"itemListElement\":[{\"@type\":\"ListItem\",\"position\":1,\"name\":\"Home\",\"item\":\"https:\\\/\\\/jh.nl\\\/de\\\/\"},{\"@type\":\"ListItem\",\"position\":2,\"name\":\"Vielen Dank f\u00fcr Ausf\u00fcllen!\"}]},{\"@type\":\"WebSite\",\"@id\":\"https:\\\/\\\/jh.nl\\\/nl\\\/#website\",\"url\":\"https:\\\/\\\/jh.nl\\\/nl\\\/\",\"name\":\"Jansen & Heuning\",\"description\":\"Bulk Handling Systems\",\"publisher\":{\"@id\":\"https:\\\/\\\/jh.nl\\\/nl\\\/#organization\"},\"alternateName\":\"J&H\",\"potentialAction\":[{\"@type\":\"SearchAction\",\"target\":{\"@type\":\"EntryPoint\",\"urlTemplate\":\"https:\\\/\\\/jh.nl\\\/nl\\\/?s={search_term_string}\"},\"query-input\":{\"@type\":\"PropertyValueSpecification\",\"valueRequired\":true,\"valueName\":\"search_term_string\"}}],\"inLanguage\":\"de\"},{\"@type\":\"Organization\",\"@id\":\"https:\\\/\\\/jh.nl\\\/nl\\\/#organization\",\"name\":\"Jansen & Heuning\",\"alternateName\":\"J&H\",\"url\":\"https:\\\/\\\/jh.nl\\\/nl\\\/\",\"logo\":{\"@type\":\"ImageObject\",\"inLanguage\":\"de\",\"@id\":\"https:\\\/\\\/jh.nl\\\/nl\\\/#\\\/schema\\\/logo\\\/image\\\/\",\"url\":\"https:\\\/\\\/jh.nl\\\/wp-content\\\/uploads\\\/2022\\\/05\\\/JH-logo-scaled.gif\",\"contentUrl\":\"https:\\\/\\\/jh.nl\\\/wp-content\\\/uploads\\\/2022\\\/05\\\/JH-logo-scaled.gif\",\"width\":2560,\"height\":429,\"caption\":\"Jansen & Heuning\"},\"image\":{\"@id\":\"https:\\\/\\\/jh.nl\\\/nl\\\/#\\\/schema\\\/logo\\\/image\\\/\"},\"sameAs\":[\"https:\\\/\\\/www.facebook.com\\\/JansenHeuning\",\"https:\\\/\\\/www.youtube.com\\\/user\\\/JansenenHeuning\\\/featured\",\"https:\\\/\\\/www.linkedin.com\\\/company\\\/1768497\\\/\"]}]}<\/script>\n<!-- \/ Yoast SEO plugin. -->","yoast_head_json":{"title":"Vielen Dank f\u00fcr Ausf\u00fcllen! | Jansen&amp;Heuning","description":"Vielen Dank f\u00fcr Ausf\u00fcllen! | Jansen&amp;Heuning","robots":{"index":"index","follow":"follow","max-snippet":"max-snippet:-1","max-image-preview":"max-image-preview:large","max-video-preview":"max-video-preview:-1"},"canonical":"https:\/\/jh.nl\/de\/vielen-dank\/","og_locale":"de_DE","og_type":"article","og_title":"Vielen Dank f\u00fcr Ausf\u00fcllen! | Jansen&amp;Heuning","og_description":"Vielen Dank f\u00fcr Ausf\u00fcllen! | Jansen&amp;Heuning","og_url":"https:\/\/jh.nl\/de\/vielen-dank\/","og_site_name":"Jansen&amp;Heuning","article_publisher":"https:\/\/www.facebook.com\/JansenHeuning","article_modified_time":"2025-08-07T07:24:38+00:00","og_image":[{"width":1024,"height":436,"url":"https:\/\/jh.nl\/wp-content\/uploads\/2025\/05\/Thank-you-1024x436.png","type":"image\/png"}],"twitter_card":"summary_large_image","twitter_misc":{"Gesch\u00e4tzte Lesezeit":"1\u00a0Minute"},"schema":{"@context":"https:\/\/schema.org","@graph":[{"@type":"WebPage","@id":"https:\/\/jh.nl\/de\/vielen-dank\/","url":"https:\/\/jh.nl\/de\/vielen-dank\/","name":"Vielen Dank f\u00fcr Ausf\u00fcllen! | Jansen&amp;Heuning","isPartOf":{"@id":"https:\/\/jh.nl\/nl\/#website"},"primaryImageOfPage":{"@id":"https:\/\/jh.nl\/de\/vielen-dank\/#primaryimage"},"image":{"@id":"https:\/\/jh.nl\/de\/vielen-dank\/#primaryimage"},"thumbnailUrl":"https:\/\/jh.nl\/wp-content\/uploads\/2025\/05\/Thank-you-300x128.png","datePublished":"2025-05-09T08:44:40+00:00","dateModified":"2025-08-07T07:24:38+00:00","description":"Vielen Dank f\u00fcr Ausf\u00fcllen! | Jansen&amp;Heuning","breadcrumb":{"@id":"https:\/\/jh.nl\/de\/vielen-dank\/#breadcrumb"},"inLanguage":"de","potentialAction":[{"@type":"ReadAction","target":["https:\/\/jh.nl\/de\/vielen-dank\/"]}]},{"@type":"ImageObject","inLanguage":"de","@id":"https:\/\/jh.nl\/de\/vielen-dank\/#primaryimage","url":"https:\/\/jh.nl\/wp-content\/uploads\/2025\/05\/Thank-you-300x128.png","contentUrl":"https:\/\/jh.nl\/wp-content\/uploads\/2025\/05\/Thank-you-300x128.png"},{"@type":"BreadcrumbList","@id":"https:\/\/jh.nl\/de\/vielen-dank\/#breadcrumb","itemListElement":[{"@type":"ListItem","position":1,"name":"Home","item":"https:\/\/jh.nl\/de\/"},{"@type":"ListItem","position":2,"name":"Vielen Dank f\u00fcr Ausf\u00fcllen!"}]},{"@type":"WebSite","@id":"https:\/\/jh.nl\/nl\/#website","url":"https:\/\/jh.nl\/nl\/","name":"Jansen & Heuning","description":"Bulk Handling Systems","publisher":{"@id":"https:\/\/jh.nl\/nl\/#organization"},"alternateName":"J&H","potentialAction":[{"@type":"SearchAction","target":{"@type":"EntryPoint","urlTemplate":"https:\/\/jh.nl\/nl\/?s={search_term_string}"},"query-input":{"@type":"PropertyValueSpecification","valueRequired":true,"valueName":"search_term_string"}}],"inLanguage":"de"},{"@type":"Organization","@id":"https:\/\/jh.nl\/nl\/#organization","name":"Jansen & Heuning","alternateName":"J&H","url":"https:\/\/jh.nl\/nl\/","logo":{"@type":"ImageObject","inLanguage":"de","@id":"https:\/\/jh.nl\/nl\/#\/schema\/logo\/image\/","url":"https:\/\/jh.nl\/wp-content\/uploads\/2022\/05\/JH-logo-scaled.gif","contentUrl":"https:\/\/jh.nl\/wp-content\/uploads\/2022\/05\/JH-logo-scaled.gif","width":2560,"height":429,"caption":"Jansen & Heuning"},"image":{"@id":"https:\/\/jh.nl\/nl\/#\/schema\/logo\/image\/"},"sameAs":["https:\/\/www.facebook.com\/JansenHeuning","https:\/\/www.youtube.com\/user\/JansenenHeuning\/featured","https:\/\/www.linkedin.com\/company\/1768497\/"]}]}},"_links":{"self":[{"href":"https:\/\/jh.nl\/de\/wp-json\/wp\/v2\/pages\/26780","targetHints":{"allow":["GET"]}}],"collection":[{"href":"https:\/\/jh.nl\/de\/wp-json\/wp\/v2\/pages"}],"about":[{"href":"https:\/\/jh.nl\/de\/wp-json\/wp\/v2\/types\/page"}],"author":[{"embeddable":true,"href":"https:\/\/jh.nl\/de\/wp-json\/wp\/v2\/users\/19"}],"replies":[{"embeddable":true,"href":"https:\/\/jh.nl\/de\/wp-json\/wp\/v2\/comments?post=26780"}],"version-history":[{"count":2,"href":"https:\/\/jh.nl\/de\/wp-json\/wp\/v2\/pages\/26780\/revisions"}],"predecessor-version":[{"id":26786,"href":"https:\/\/jh.nl\/de\/wp-json\/wp\/v2\/pages\/26780\/revisions\/26786"}],"wp:attachment":[{"href":"https:\/\/jh.nl\/de\/wp-json\/wp\/v2\/media?parent=26780"}],"curies":[{"name":"wp","href":"https:\/\/api.w.org\/{rel}","templated":true}]}}