{"id":10731,"date":"2018-01-29T15:38:49","date_gmt":"2019-03-19T12:04:39","guid":{"rendered":"https:\/\/jh.nl\/?post_type=product&#038;p=10731"},"modified":"2025-05-28T13:30:16","modified_gmt":"2025-05-28T11:30:16","slug":"hammermuehle","status":"publish","type":"product","link":"https:\/\/jh.nl\/de\/product\/hammermuehle\/","title":{"rendered":"Hammerm\u00fchle"},"content":{"rendered":"<p>Die Hammerm\u00fchle DM6 ist eine neu entwickelte M\u00fchle zum Mahlen von Futtermitteln f\u00fcr Schweine und Gefl\u00fcgel. Die Zufuhr der Produkte zur Hammerm\u00fchle wird vorzugsweise frequenzgesteuert, so dass die Zufuhr konstant ist. Dies hat den Vorteil einer optimalen Ausnutzung der Motorleistung. Die Entleerung kann \u00fcber eine kleine Schnecke unter der M\u00fchle erfolgen, eventuell mit einem Filter zur getrennten Abscheidung von Staub und Hei\u00dfluft. Die Kapazit\u00e4t bei Weizen betr\u00e4gt bis zu 4 Tonnen\/Stunde. Der Vorteil dieser einfachen, aber robusten Konstruktion ist, dass beim Fr\u00e4sen nur wenig W\u00e4rme entsteht und der Austausch von Verschlei\u00dfteilen sehr einfach ist.<\/p>\n<h3>Rotor mit Saugwirkung bis zu 4 Tonnen\/Stunde<\/h3>\n<p>Das Material wird in die Mitte des Rotors gesaugt, wo es gleichm\u00e4\u00dfig auf dem Sieb verteilt wird. Das Produkt wird dann w\u00e4hrend des Mahlvorgangs gek\u00fchlt, wodurch eine Erhitzung verhindert wird. Der mechanische Transport zur und von der M\u00fchle in Kombination mit dem Saugeffekt sorgt f\u00fcr eine optimale Vermahlung bei geringem Energieverbrauch und begrenzter Erw\u00e4rmung des Produkts.<\/p>\n<h3>K\u00fchlung und Entstaubung w\u00e4hrend des Schleifprozesses<\/h3>\n<p>Bei feuchtem Material und\/oder bei sehr feiner Vermahlung empfiehlt es sich, f\u00fcr einen gewissen Luftstrom in der M\u00fchle zu sorgen. Der Luftstrom sorgt f\u00fcr einen K\u00fchl- und Trocknungseffekt und minimiert die Staubentwicklung in der M\u00fchle und in den nachfolgenden Transportmitteln.<\/p>\n<p>Die beste Wirkung wird durch die Anwendung eines aktiven Filters (Punktfilter) auf dem F\u00f6rderband unmittelbar nach der M\u00fchle erzielt. Der Luftdurchsatz sollte je nach Mahlleistung etwa 300 bis 700 m3\/Stunde betragen. Nach Beendigung des Mahlvorgangs wird eine Nachfilterzeit von 30 Minuten empfohlen, um Schimmel in der M\u00fchle zu vermeiden.<\/p>\n<h3>H\u00e4mmer<\/h3>\n<p>Die H\u00e4mmer sind aus langlebigem, geh\u00e4rtetem Stahl gefertigt und auch mit zus\u00e4tzlich aufgeschwei\u00dftem verschlei\u00dffestem Material erh\u00e4ltlich. Die Originalh\u00e4mmer haben eine lange Lebensdauer und einen st\u00f6rungsfreien Betrieb; jeder Hammer wird ausgiebig auf seine Qualit\u00e4t gepr\u00fcft.<\/p>\n<h3>Sieben<\/h3>\n<p>Die M\u00fchle ist mit zwei verschiedenen Siebtypen erh\u00e4ltlich: einem Drahtsieb oder einem Plattensieb. Das Drahtsieb besteht aus gewebtem Stahl und hat eine etwas h\u00f6here Kapazit\u00e4t als das Plattensieb. Das Plattensieb ist v\u00f6llig flach und hat runde L\u00f6cher. Die Lebensdauer eines Plattensiebs ist etwas l\u00e4nger als die eines Drahtsiebs. Die Kapazit\u00e4t h\u00e4ngt von der Siebgr\u00f6\u00dfe, dem Produkt und dem Feuchtigkeitsgehalt ab. Die M\u00fchle verarbeitet in der Standardausf\u00fchrung Produkte mit einem Feuchtigkeitsgehalt von bis zu 20%. Sieblochung von \u00d81,0 mm bis 15\u00d715 mm erh\u00e4ltlich.<\/p>\n<h3>Kapazit\u00e4t in kg\/h (Motorgr\u00f6\u00dfen 7,5 tot 22 kW)<\/h3>\n<p>Die angegebenen Kapazit\u00e4ten sind Richtwerte.<\/p>\n<table style=\"width: 779px;\" border=\"1\" width=\"795\">\n<tbody>\n<tr>\n<td style=\"width: 189px;\" width=\"187\"><em>Anzeigekapazit\u00e4t kg\/Stunde<\/em><\/td>\n<td style=\"width: 590px;\" colspan=\"5\" width=\"608\"><strong>4,0 mm Lochsieb<\/strong><\/td>\n<\/tr>\n<tr>\n<td style=\"width: 189px;\" width=\"187\"><strong><em>kw<\/em><\/strong><\/td>\n<td style=\"width: 143px;\" width=\"140\"><strong><em>11<\/em><\/strong><\/td>\n<td style=\"width: 112px;\" width=\"109\"><strong><em>15<\/em><\/strong><\/td>\n<td style=\"width: 112px;\" width=\"109\"><strong><em>18,5<\/em><\/strong><\/td>\n<td style=\"width: 112px;\" width=\"109\"><strong><em>22<\/em><\/strong><\/td>\n<td style=\"width: 111px;\" width=\"109\"><\/td>\n<\/tr>\n<tr>\n<td style=\"width: 189px;\" width=\"187\">Gerste<\/td>\n<td style=\"width: 143px;\" width=\"140\">1280<\/td>\n<td style=\"width: 112px;\" width=\"109\">1650<\/td>\n<td style=\"width: 112px;\" width=\"109\">1975<\/td>\n<td style=\"width: 112px;\" width=\"109\">2300<\/td>\n<td style=\"width: 111px;\" width=\"109\"><\/td>\n<\/tr>\n<tr>\n<td style=\"width: 189px;\" width=\"187\">Weizen<\/td>\n<td style=\"width: 143px;\" width=\"140\">1960<\/td>\n<td style=\"width: 112px;\" width=\"109\">2780<\/td>\n<td style=\"width: 112px;\" width=\"109\">3490<\/td>\n<td style=\"width: 112px;\" width=\"109\">4200<\/td>\n<td style=\"width: 111px;\" width=\"109\"><\/td>\n<\/tr>\n<tr>\n<td style=\"width: 189px;\" width=\"187\">Hafer<\/td>\n<td style=\"width: 143px;\" width=\"140\">610<\/td>\n<td style=\"width: 112px;\" width=\"109\">895<\/td>\n<td style=\"width: 112px;\" width=\"109\">1150<\/td>\n<td style=\"width: 112px;\" width=\"109\">1400<\/td>\n<td style=\"width: 111px;\" width=\"109\"><\/td>\n<\/tr>\n<tr>\n<td style=\"width: 189px;\" width=\"187\">Mais<\/td>\n<td style=\"width: 143px;\" width=\"140\">2340<\/td>\n<td style=\"width: 112px;\" width=\"109\">3420<\/td>\n<td style=\"width: 112px;\" width=\"109\">4360<\/td>\n<td style=\"width: 112px;\" width=\"109\">5300<\/td>\n<td style=\"width: 111px;\" width=\"109\"><\/td>\n<\/tr>\n<\/tbody>\n<\/table>\n<p>&nbsp;<\/p>\n<table style=\"width: 59.3293%; height: 168px;\" border=\"1\" width=\"795\">\n<tbody>\n<tr style=\"height: 48px;\">\n<td style=\"height: 48px; width: 23.6318%;\" width=\"187\"><em>Anzeigekapazit\u00e4t kg\/Stunde<\/em><\/td>\n<td style=\"height: 48px; width: 74.1294%;\" colspan=\"5\" width=\"608\"><strong>3,15 mm Drahtgewebesieb<\/strong><\/td>\n<\/tr>\n<tr style=\"height: 24px;\">\n<td style=\"height: 24px; width: 23.6318%;\" width=\"187\"><strong><em>kw<\/em><\/strong><\/td>\n<td style=\"width: 17.9104%; height: 24px;\" width=\"140\"><strong><em>11<\/em><\/strong><\/td>\n<td style=\"width: 14.0547%; height: 24px;\" width=\"109\"><strong><em>15<\/em><\/strong><\/td>\n<td style=\"width: 14.0547%; height: 24px;\" width=\"109\"><strong><em>18,5<\/em><\/strong><\/td>\n<td style=\"width: 14.0547%; height: 24px;\" width=\"109\"><strong><em>22<\/em><\/strong><\/td>\n<td style=\"height: 24px; width: 14.0547%;\" width=\"109\"><\/td>\n<\/tr>\n<tr style=\"height: 24px;\">\n<td style=\"height: 24px; width: 23.6318%;\" width=\"187\">Gerste<\/td>\n<td style=\"width: 17.9104%; height: 24px;\" width=\"140\">1880<\/td>\n<td style=\"width: 14.0547%; height: 24px;\" width=\"109\">2650<\/td>\n<td style=\"width: 14.0547%; height: 24px;\" width=\"109\">3320<\/td>\n<td style=\"width: 14.0547%; height: 24px;\" width=\"109\">4000<\/td>\n<td style=\"height: 24px; width: 14.0547%;\" width=\"109\"><\/td>\n<\/tr>\n<tr style=\"height: 24px;\">\n<td style=\"height: 24px; width: 23.6318%;\" width=\"187\">Weizen<\/td>\n<td style=\"width: 17.9104%; height: 24px;\" width=\"140\">1960<\/td>\n<td style=\"width: 14.0547%; height: 24px;\" width=\"109\">2780<\/td>\n<td style=\"width: 14.0547%; height: 24px;\" width=\"109\">3490<\/td>\n<td style=\"width: 14.0547%; height: 24px;\" width=\"109\">4200<\/td>\n<td style=\"height: 24px; width: 14.0547%;\" width=\"109\"><\/td>\n<\/tr>\n<tr style=\"height: 24px;\">\n<td style=\"height: 24px; width: 23.6318%;\" width=\"187\">Hafer<\/td>\n<td style=\"width: 17.9104%; height: 24px;\" width=\"140\">810<\/td>\n<td style=\"width: 14.0547%; height: 24px;\" width=\"109\">1170<\/td>\n<td style=\"width: 14.0547%; height: 24px;\" width=\"109\">1490<\/td>\n<td style=\"width: 14.0547%; height: 24px;\" width=\"109\">1800<\/td>\n<td style=\"height: 24px; width: 14.0547%;\" width=\"109\"><\/td>\n<\/tr>\n<tr style=\"height: 24px;\">\n<td style=\"height: 24px; width: 23.6318%;\" width=\"187\">Mais<\/td>\n<td style=\"width: 17.9104%; height: 24px;\" width=\"140\">3050<\/td>\n<td style=\"width: 14.0547%; height: 24px;\" width=\"109\">4300<\/td>\n<td style=\"width: 14.0547%; height: 24px;\" width=\"109\">5400<\/td>\n<td style=\"width: 14.0547%; height: 24px;\" width=\"109\">6500<\/td>\n<td style=\"height: 24px; width: 14.0547%;\" width=\"109\"><\/td>\n<\/tr>\n<\/tbody>\n<\/table>\n<p><span style=\"font-size: 10pt;\">die Kapazit\u00e4t ist von der Siebgr\u00f6\u00dfe, Motorgr\u00f6\u00dfe, Feuchtigkeit und Getreidesorte abh\u00e4ngig.\u00a0<\/span><\/p>\n<table style=\"width: 67.4389%; height: 161px;\" border=\"0\" rules=\"all\">\n<tbody>\n<tr style=\"height: 23px;\">\n<td style=\"height: 23px;\"><strong>Motor<\/strong><\/td>\n<td style=\"height: 23px;\">11,0 &#8211; 15,0 &#8211; 18,5 &#8211; 22 kW (2800 rPM)<\/td>\n<\/tr>\n<tr style=\"height: 23px;\">\n<td style=\"height: 23px;\">Siebareal<\/td>\n<td style=\"height: 23px;\">2.700 cm\u00b2<\/td>\n<\/tr>\n<tr style=\"height: 23px;\">\n<td style=\"height: 23px;\">Siebtypen<\/td>\n<td style=\"height: 23px;\">Lochsieb (\u00d8) oder Drahtgewebesieb (\u25ca)<\/td>\n<\/tr>\n<tr style=\"height: 23px;\">\n<td style=\"height: 23px;\">Anzahl Schl\u00e4ger<\/td>\n<td style=\"height: 23px;\">28<\/td>\n<\/tr>\n<tr style=\"height: 23px;\">\n<td style=\"height: 23px;\">Ger\u00e4uschpegel<\/td>\n<td style=\"height: 23px;\">ca. 85 Db (A)<\/td>\n<\/tr>\n<tr style=\"height: 23px;\">\n<td style=\"height: 23px;\">Gewicht<\/td>\n<td style=\"height: 23px;\">245 &#8211; 255 &#8211; 270 &#8211; 315 kg<\/td>\n<\/tr>\n<tr style=\"height: 23px;\">\n<td style=\"height: 23px;\">Kapazit\u00e4t<\/td>\n<td style=\"height: 23px;\">350 &#8211; 6500 kg\/h<\/td>\n<\/tr>\n<\/tbody>\n<\/table>\n<p><span style=\"font-size: 10pt;\">die Kapazit\u00e4t reduziert um ca. 5% je Prozent-anteil Feuchtigkeitsgehalt \u00fcber 15%\u00a0(zum Beispiel: gibt 18% Feucktigkeitsgehalt (18 \u2013 15) x 5 = 15% Reduktion der Kapazit\u00e4t.\u00a0<\/span><\/p>\n<h3>Abmessungen in mm<\/h3>\n<p><a href=\"https:\/\/jh.nl\/wp-content\/uploads\/2018\/01\/JHDM6-1024x386.jpg\"><img fetchpriority=\"high\" decoding=\"async\" class=\"alignnone wp-image-15510\" src=\"https:\/\/jh.nl\/wp-content\/uploads\/2018\/01\/JHDM6-1024x386.jpg\" alt=\"\" width=\"750\" height=\"283\" srcset=\"https:\/\/jh.nl\/wp-content\/uploads\/2018\/01\/JHDM6-1024x386.jpg 1024w, https:\/\/jh.nl\/wp-content\/uploads\/2018\/01\/JHDM6-400x151.jpg 400w, https:\/\/jh.nl\/wp-content\/uploads\/2018\/01\/JHDM6-300x113.jpg 300w, https:\/\/jh.nl\/wp-content\/uploads\/2018\/01\/JHDM6-768x289.jpg 768w, https:\/\/jh.nl\/wp-content\/uploads\/2018\/01\/JHDM6-1536x579.jpg 1536w, https:\/\/jh.nl\/wp-content\/uploads\/2018\/01\/JHDM6-600x226.jpg 600w, https:\/\/jh.nl\/wp-content\/uploads\/2018\/01\/JHDM6.jpg 1569w\" sizes=\"(max-width: 750px) 100vw, 750px\" \/><\/a><\/p>\n<table style=\"width: 64.6287%; height: 95px;\" border=\"0\" rules=\"all\">\n<tbody>\n<tr>\n<td style=\"width: 9.85806%;\">DM6<\/td>\n<td style=\"text-align: center; width: 18.0235%;\">A<\/td>\n<td style=\"text-align: center; width: 18.4134%;\">B<\/td>\n<td style=\"text-align: center; width: 17.6586%;\">C<\/td>\n<td style=\"text-align: center; width: 18.2549%;\">D<\/td>\n<td style=\"text-align: center; width: 70.3862%;\">E<\/td>\n<\/tr>\n<tr>\n<td style=\"width: 9.85806%;\"><\/td>\n<td style=\"text-align: center; width: 18.0235%;\"><\/td>\n<td style=\"text-align: center; width: 18.4134%;\"><\/td>\n<td style=\"text-align: center; width: 17.6586%;\"><\/td>\n<td style=\"text-align: center; width: 18.2549%;\"><\/td>\n<td style=\"text-align: center; width: 70.3862%;\" rowspan=\"4\">971-1165<\/td>\n<\/tr>\n<tr>\n<td style=\"width: 9.85806%;\">11 kW<\/td>\n<td style=\"text-align: center; width: 18.0235%;\" rowspan=\"2\">1130-1400<\/td>\n<td style=\"text-align: center; width: 18.4134%;\" rowspan=\"2\">480-750<\/td>\n<td style=\"text-align: center; width: 17.6586%;\" rowspan=\"2\">1230-1500<\/td>\n<td style=\"text-align: center; width: 18.2549%;\" rowspan=\"2\">940<\/td>\n<\/tr>\n<tr>\n<td style=\"width: 9.85806%;\">15 kW<\/td>\n<\/tr>\n<tr>\n<td style=\"width: 9.85806%;\">22 kW<\/td>\n<td style=\"text-align: center; width: 18.0235%;\">1150-1400<\/td>\n<td style=\"text-align: center; width: 18.4134%;\">500-750<\/td>\n<td style=\"text-align: center; width: 17.6586%;\">1250-1500<\/td>\n<td style=\"text-align: center; width: 18.2549%;\">1025<\/td>\n<\/tr>\n<\/tbody>\n<\/table>\n","protected":false},"excerpt":{"rendered":"<p>Die Hammerm\u00fchle DM6 ist eine neu entwickelte M\u00fchle zum Mahlen&#8230;<\/p>\n","protected":false},"featured_media":25027,"comment_status":"closed","ping_status":"closed","template":"","meta":{"_acf_changed":false},"product_brand":[],"product_cat":[436],"product_tag":[],"class_list":{"0":"post-10731","1":"product","2":"type-product","3":"status-publish","4":"has-post-thumbnail","6":"product_cat-getreidequetscher","8":"first","9":"instock","10":"product-type-simple"},"acf":[],"yoast_head":"<!-- This site is optimized with the Yoast SEO plugin v27.4 - https:\/\/yoast.com\/product\/yoast-seo-wordpress\/ -->\n<title>Hammerm\u00fchle | Jansen&amp;Heuning<\/title>\n<meta name=\"description\" content=\"Hammerm\u00fchle | Jansen&amp;Heuning\" \/>\n<meta name=\"robots\" content=\"index, follow, max-snippet:-1, max-image-preview:large, max-video-preview:-1\" \/>\n<link rel=\"canonical\" href=\"https:\/\/jh.nl\/de\/product\/hammermuehle\/\" \/>\n<meta property=\"og:locale\" content=\"de_DE\" \/>\n<meta property=\"og:type\" content=\"article\" \/>\n<meta property=\"og:title\" content=\"Hammerm\u00fchle | Jansen&amp;Heuning\" \/>\n<meta property=\"og:description\" content=\"Hammerm\u00fchle | Jansen&amp;Heuning\" \/>\n<meta property=\"og:url\" content=\"https:\/\/jh.nl\/de\/product\/hammermuehle\/\" \/>\n<meta property=\"og:site_name\" content=\"Jansen&amp;Heuning\" \/>\n<meta property=\"article:publisher\" content=\"https:\/\/www.facebook.com\/JansenHeuning\" \/>\n<meta property=\"article:modified_time\" content=\"2025-05-28T11:30:16+00:00\" \/>\n<meta property=\"og:image\" content=\"https:\/\/jh.nl\/wp-content\/uploads\/2018\/01\/8D8DF252-C1FC-4C59-AE7A-6D0D481DF888-scaled-1.jpeg\" \/>\n\t<meta property=\"og:image:width\" content=\"2560\" \/>\n\t<meta property=\"og:image:height\" content=\"2560\" \/>\n\t<meta property=\"og:image:type\" content=\"image\/jpeg\" \/>\n<meta name=\"twitter:card\" content=\"summary_large_image\" \/>\n<meta name=\"twitter:label1\" content=\"Gesch\u00e4tzte Lesezeit\" \/>\n\t<meta name=\"twitter:data1\" content=\"4\u00a0Minuten\" \/>\n<script type=\"application\/ld+json\" class=\"yoast-schema-graph\">{\"@context\":\"https:\\\/\\\/schema.org\",\"@graph\":[{\"@type\":\"WebPage\",\"@id\":\"https:\\\/\\\/jh.nl\\\/de\\\/product\\\/hammermuehle\\\/\",\"url\":\"https:\\\/\\\/jh.nl\\\/de\\\/product\\\/hammermuehle\\\/\",\"name\":\"Hammerm\u00fchle | Jansen&amp;Heuning\",\"isPartOf\":{\"@id\":\"https:\\\/\\\/jh.nl\\\/nl\\\/#website\"},\"primaryImageOfPage\":{\"@id\":\"https:\\\/\\\/jh.nl\\\/de\\\/product\\\/hammermuehle\\\/#primaryimage\"},\"image\":{\"@id\":\"https:\\\/\\\/jh.nl\\\/de\\\/product\\\/hammermuehle\\\/#primaryimage\"},\"thumbnailUrl\":\"https:\\\/\\\/jh.nl\\\/wp-content\\\/uploads\\\/2018\\\/01\\\/8D8DF252-C1FC-4C59-AE7A-6D0D481DF888-scaled-1-e1758183601970.jpeg\",\"datePublished\":\"2019-03-19T12:04:39+00:00\",\"dateModified\":\"2025-05-28T11:30:16+00:00\",\"description\":\"Hammerm\u00fchle | Jansen&amp;Heuning\",\"breadcrumb\":{\"@id\":\"https:\\\/\\\/jh.nl\\\/de\\\/product\\\/hammermuehle\\\/#breadcrumb\"},\"inLanguage\":\"de\",\"potentialAction\":[{\"@type\":\"ReadAction\",\"target\":[\"https:\\\/\\\/jh.nl\\\/de\\\/product\\\/hammermuehle\\\/\"]}]},{\"@type\":\"ImageObject\",\"inLanguage\":\"de\",\"@id\":\"https:\\\/\\\/jh.nl\\\/de\\\/product\\\/hammermuehle\\\/#primaryimage\",\"url\":\"https:\\\/\\\/jh.nl\\\/wp-content\\\/uploads\\\/2018\\\/01\\\/8D8DF252-C1FC-4C59-AE7A-6D0D481DF888-scaled-1-e1758183601970.jpeg\",\"contentUrl\":\"https:\\\/\\\/jh.nl\\\/wp-content\\\/uploads\\\/2018\\\/01\\\/8D8DF252-C1FC-4C59-AE7A-6D0D481DF888-scaled-1-e1758183601970.jpeg\",\"width\":2560,\"height\":2560,\"caption\":\"Hamermolen voor het gecontroleerd vermalen van graan binnen veevoer en bulkverwerkingsinstallaties.\"},{\"@type\":\"BreadcrumbList\",\"@id\":\"https:\\\/\\\/jh.nl\\\/de\\\/product\\\/hammermuehle\\\/#breadcrumb\",\"itemListElement\":[{\"@type\":\"ListItem\",\"position\":1,\"name\":\"Home\",\"item\":\"https:\\\/\\\/jh.nl\\\/de\\\/\"},{\"@type\":\"ListItem\",\"position\":2,\"name\":\"Producten\",\"item\":\"https:\\\/\\\/jh.nl\\\/nl\\\/producten\\\/\"},{\"@type\":\"ListItem\",\"position\":3,\"name\":\"Getreidetechnik\",\"item\":\"https:\\\/\\\/jh.nl\\\/de\\\/produkt-kategorie\\\/getreidetechnik\\\/\"},{\"@type\":\"ListItem\",\"position\":4,\"name\":\"Getreide quetschen \\\/ mahlen\",\"item\":\"https:\\\/\\\/jh.nl\\\/de\\\/produkt-kategorie\\\/getreidetechnik\\\/getreidequetscher\\\/\"},{\"@type\":\"ListItem\",\"position\":5,\"name\":\"Hammerm\u00fchle\"}]},{\"@type\":\"WebSite\",\"@id\":\"https:\\\/\\\/jh.nl\\\/nl\\\/#website\",\"url\":\"https:\\\/\\\/jh.nl\\\/nl\\\/\",\"name\":\"Jansen & Heuning\",\"description\":\"Bulk Handling Systems\",\"publisher\":{\"@id\":\"https:\\\/\\\/jh.nl\\\/nl\\\/#organization\"},\"alternateName\":\"J&H\",\"potentialAction\":[{\"@type\":\"SearchAction\",\"target\":{\"@type\":\"EntryPoint\",\"urlTemplate\":\"https:\\\/\\\/jh.nl\\\/nl\\\/?s={search_term_string}\"},\"query-input\":{\"@type\":\"PropertyValueSpecification\",\"valueRequired\":true,\"valueName\":\"search_term_string\"}}],\"inLanguage\":\"de\"},{\"@type\":\"Organization\",\"@id\":\"https:\\\/\\\/jh.nl\\\/nl\\\/#organization\",\"name\":\"Jansen & Heuning\",\"alternateName\":\"J&H\",\"url\":\"https:\\\/\\\/jh.nl\\\/nl\\\/\",\"logo\":{\"@type\":\"ImageObject\",\"inLanguage\":\"de\",\"@id\":\"https:\\\/\\\/jh.nl\\\/nl\\\/#\\\/schema\\\/logo\\\/image\\\/\",\"url\":\"https:\\\/\\\/jh.nl\\\/wp-content\\\/uploads\\\/2022\\\/05\\\/JH-logo-scaled.gif\",\"contentUrl\":\"https:\\\/\\\/jh.nl\\\/wp-content\\\/uploads\\\/2022\\\/05\\\/JH-logo-scaled.gif\",\"width\":2560,\"height\":429,\"caption\":\"Jansen & Heuning\"},\"image\":{\"@id\":\"https:\\\/\\\/jh.nl\\\/nl\\\/#\\\/schema\\\/logo\\\/image\\\/\"},\"sameAs\":[\"https:\\\/\\\/www.facebook.com\\\/JansenHeuning\",\"https:\\\/\\\/www.youtube.com\\\/user\\\/JansenenHeuning\\\/featured\",\"https:\\\/\\\/www.linkedin.com\\\/company\\\/1768497\\\/\"]}]}<\/script>\n<!-- \/ Yoast SEO plugin. -->","yoast_head_json":{"title":"Hammerm\u00fchle | Jansen&amp;Heuning","description":"Hammerm\u00fchle | Jansen&amp;Heuning","robots":{"index":"index","follow":"follow","max-snippet":"max-snippet:-1","max-image-preview":"max-image-preview:large","max-video-preview":"max-video-preview:-1"},"canonical":"https:\/\/jh.nl\/de\/product\/hammermuehle\/","og_locale":"de_DE","og_type":"article","og_title":"Hammerm\u00fchle | Jansen&amp;Heuning","og_description":"Hammerm\u00fchle | Jansen&amp;Heuning","og_url":"https:\/\/jh.nl\/de\/product\/hammermuehle\/","og_site_name":"Jansen&amp;Heuning","article_publisher":"https:\/\/www.facebook.com\/JansenHeuning","article_modified_time":"2025-05-28T11:30:16+00:00","og_image":[{"width":2560,"height":2560,"url":"https:\/\/jh.nl\/wp-content\/uploads\/2018\/01\/8D8DF252-C1FC-4C59-AE7A-6D0D481DF888-scaled-1.jpeg","type":"image\/jpeg"}],"twitter_card":"summary_large_image","twitter_misc":{"Gesch\u00e4tzte Lesezeit":"4\u00a0Minuten"},"schema":{"@context":"https:\/\/schema.org","@graph":[{"@type":"WebPage","@id":"https:\/\/jh.nl\/de\/product\/hammermuehle\/","url":"https:\/\/jh.nl\/de\/product\/hammermuehle\/","name":"Hammerm\u00fchle | Jansen&amp;Heuning","isPartOf":{"@id":"https:\/\/jh.nl\/nl\/#website"},"primaryImageOfPage":{"@id":"https:\/\/jh.nl\/de\/product\/hammermuehle\/#primaryimage"},"image":{"@id":"https:\/\/jh.nl\/de\/product\/hammermuehle\/#primaryimage"},"thumbnailUrl":"https:\/\/jh.nl\/wp-content\/uploads\/2018\/01\/8D8DF252-C1FC-4C59-AE7A-6D0D481DF888-scaled-1-e1758183601970.jpeg","datePublished":"2019-03-19T12:04:39+00:00","dateModified":"2025-05-28T11:30:16+00:00","description":"Hammerm\u00fchle | Jansen&amp;Heuning","breadcrumb":{"@id":"https:\/\/jh.nl\/de\/product\/hammermuehle\/#breadcrumb"},"inLanguage":"de","potentialAction":[{"@type":"ReadAction","target":["https:\/\/jh.nl\/de\/product\/hammermuehle\/"]}]},{"@type":"ImageObject","inLanguage":"de","@id":"https:\/\/jh.nl\/de\/product\/hammermuehle\/#primaryimage","url":"https:\/\/jh.nl\/wp-content\/uploads\/2018\/01\/8D8DF252-C1FC-4C59-AE7A-6D0D481DF888-scaled-1-e1758183601970.jpeg","contentUrl":"https:\/\/jh.nl\/wp-content\/uploads\/2018\/01\/8D8DF252-C1FC-4C59-AE7A-6D0D481DF888-scaled-1-e1758183601970.jpeg","width":2560,"height":2560,"caption":"Hamermolen voor het gecontroleerd vermalen van graan binnen veevoer en bulkverwerkingsinstallaties."},{"@type":"BreadcrumbList","@id":"https:\/\/jh.nl\/de\/product\/hammermuehle\/#breadcrumb","itemListElement":[{"@type":"ListItem","position":1,"name":"Home","item":"https:\/\/jh.nl\/de\/"},{"@type":"ListItem","position":2,"name":"Producten","item":"https:\/\/jh.nl\/nl\/producten\/"},{"@type":"ListItem","position":3,"name":"Getreidetechnik","item":"https:\/\/jh.nl\/de\/produkt-kategorie\/getreidetechnik\/"},{"@type":"ListItem","position":4,"name":"Getreide quetschen \/ mahlen","item":"https:\/\/jh.nl\/de\/produkt-kategorie\/getreidetechnik\/getreidequetscher\/"},{"@type":"ListItem","position":5,"name":"Hammerm\u00fchle"}]},{"@type":"WebSite","@id":"https:\/\/jh.nl\/nl\/#website","url":"https:\/\/jh.nl\/nl\/","name":"Jansen & Heuning","description":"Bulk Handling Systems","publisher":{"@id":"https:\/\/jh.nl\/nl\/#organization"},"alternateName":"J&H","potentialAction":[{"@type":"SearchAction","target":{"@type":"EntryPoint","urlTemplate":"https:\/\/jh.nl\/nl\/?s={search_term_string}"},"query-input":{"@type":"PropertyValueSpecification","valueRequired":true,"valueName":"search_term_string"}}],"inLanguage":"de"},{"@type":"Organization","@id":"https:\/\/jh.nl\/nl\/#organization","name":"Jansen & Heuning","alternateName":"J&H","url":"https:\/\/jh.nl\/nl\/","logo":{"@type":"ImageObject","inLanguage":"de","@id":"https:\/\/jh.nl\/nl\/#\/schema\/logo\/image\/","url":"https:\/\/jh.nl\/wp-content\/uploads\/2022\/05\/JH-logo-scaled.gif","contentUrl":"https:\/\/jh.nl\/wp-content\/uploads\/2022\/05\/JH-logo-scaled.gif","width":2560,"height":429,"caption":"Jansen & Heuning"},"image":{"@id":"https:\/\/jh.nl\/nl\/#\/schema\/logo\/image\/"},"sameAs":["https:\/\/www.facebook.com\/JansenHeuning","https:\/\/www.youtube.com\/user\/JansenenHeuning\/featured","https:\/\/www.linkedin.com\/company\/1768497\/"]}]}},"_links":{"self":[{"href":"https:\/\/jh.nl\/de\/wp-json\/wp\/v2\/product\/10731","targetHints":{"allow":["GET"]}}],"collection":[{"href":"https:\/\/jh.nl\/de\/wp-json\/wp\/v2\/product"}],"about":[{"href":"https:\/\/jh.nl\/de\/wp-json\/wp\/v2\/types\/product"}],"replies":[{"embeddable":true,"href":"https:\/\/jh.nl\/de\/wp-json\/wp\/v2\/comments?post=10731"}],"wp:featuredmedia":[{"embeddable":true,"href":"https:\/\/jh.nl\/de\/wp-json\/wp\/v2\/media\/25027"}],"wp:attachment":[{"href":"https:\/\/jh.nl\/de\/wp-json\/wp\/v2\/media?parent=10731"}],"wp:term":[{"taxonomy":"product_brand","embeddable":true,"href":"https:\/\/jh.nl\/de\/wp-json\/wp\/v2\/product_brand?post=10731"},{"taxonomy":"product_cat","embeddable":true,"href":"https:\/\/jh.nl\/de\/wp-json\/wp\/v2\/product_cat?post=10731"},{"taxonomy":"product_tag","embeddable":true,"href":"https:\/\/jh.nl\/de\/wp-json\/wp\/v2\/product_tag?post=10731"}],"curies":[{"name":"wp","href":"https:\/\/api.w.org\/{rel}","templated":true}]}}