{"id":10739,"date":"2019-03-05T16:16:23","date_gmt":"2019-03-05T15:16:23","guid":{"rendered":"https:\/\/jh.nl\/?post_type=product&#038;p=10739"},"modified":"2025-03-28T09:22:16","modified_gmt":"2025-03-28T08:22:16","slug":"big-bag-brecher","status":"publish","type":"product","link":"https:\/\/jh.nl\/de\/product\/big-bag-brecher\/","title":{"rendered":"Vollautomatischer Big-Bag-Brecher"},"content":{"rendered":"<p><span class=\"relative -mx-px my-[-0.2rem] rounded px-px py-[0.2rem]\">Der Inhalt Ihrer Big-Bags wird hart, und Sie suchen eine Maschine, die Ihre Big-Bags automatisch auf Knopfdruck zerkleinert? Dann ist der vollautomatische Big-Bag-Zerkleinerer von Jansen&amp;Heuning die richtige Wahl.<\/span> <span class=\"relative -mx-px my-[-0.2rem] rounded px-px py-[0.2rem]\">Dieser Big-Bag-Aufbereiter verf\u00fcgt \u00fcber einen Drehtisch und einen Hubtisch, um die Big-Bags von allen Seiten und in jeder gew\u00fcnschten H\u00f6he zu zerkleinern.<\/span> <span class=\"relative -mx-px my-[-0.2rem] rounded px-px py-[0.2rem]\">In der mitgelieferten Steuerbox mit Touchscreen-Bedienfeld k\u00f6nnen Sie ganz einfach zwischen manuellem Betrieb oder Ihrem eigenen benutzerdefinierten Programm w\u00e4hlen.<\/span> <span class=\"relative -mx-px my-[-0.2rem] rounded px-px py-[0.2rem]\">Die Programme lassen sich ganz einfach an Ihre eigenen W\u00fcnsche und Bed\u00fcrfnisse anpassen.<\/span> <span class=\"relative -mx-px my-[-0.2rem] rounded px-px py-[0.2rem]\">So k\u00f6nnen Sie beispielsweise die H\u00f6he zwischen den Zerkleinerungsschritten, die Kraft der Zerkleinerungsbewegung und die Drehung des Drehtisches f\u00fcr jedes Programm einstellen.<\/span><\/p>\n\n        <div class=\"modelViewerBlock\" data-attributes='{&quot;align&quot;:&quot;center&quot;,&quot;uniqueId&quot;:&quot;model25740&quot;,&quot;currentViewer&quot;:&quot;modelViewer&quot;,&quot;multiple&quot;:false,&quot;O3DVSettings&quot;:{&quot;isFullscreen&quot;:true,&quot;isPagination&quot;:false,&quot;isNavigation&quot;:false,&quot;camera&quot;:null,&quot;mouseControl&quot;:true},&quot;environmentImage&quot;:null,&quot;lazyLoad&quot;:false,&quot;loading&quot;:&quot;auto&quot;,&quot;autoplay&quot;:false,&quot;shadow&quot;:&quot;1&quot;,&quot;autoRotate&quot;:false,&quot;zoomLevel&quot;:null,&quot;zoom&quot;:true,&quot;isPagination&quot;:false,&quot;isNavigation&quot;:false,&quot;hotspotStyle&quot;:&quot;style-1&quot;,&quot;preload&quot;:&quot;auto&quot;,&quot;rotationPerSecond&quot;:&quot;30&quot;,&quot;mouseControl&quot;:true,&quot;lockXAxisRotation&quot;:false,&quot;lockYAxisRotation&quot;:false,&quot;fullscreen&quot;:true,&quot;zoomInOutBtn&quot;:false,&quot;cameraBtn&quot;:false,&quot;variant&quot;:false,&quot;loadingPercentage&quot;:false,&quot;progressBar&quot;:true,&quot;rotate&quot;:false,&quot;rotateDelay&quot;:3000,&quot;rotateAlongX&quot;:&quot;0&quot;,&quot;rotateAlongY&quot;:&quot;75&quot;,&quot;exposure&quot;:&quot;1&quot;,&quot;stylesheet&quot;:null,&quot;additional&quot;:{&quot;ID&quot;:&quot;&quot;,&quot;Class&quot;:&quot;&quot;,&quot;CSS&quot;:null},&quot;animation&quot;:false,&quot;woo&quot;:false,&quot;selectedAnimation&quot;:&quot;&quot;,&quot;placement&quot;:&quot;shortcode&quot;,&quot;styles&quot;:{&quot;width&quot;:&quot;100%&quot;,&quot;height&quot;:&quot;320px&quot;,&quot;bgColor&quot;:&quot;transparent&quot;,&quot;progressBarColor&quot;:null},&quot;model&quot;:{&quot;modelUrl&quot;:&quot;https:\\\/\\\/jh.nl\\\/wp-content\\\/uploads\\\/2025\\\/03\\\/Automatisch-Crusher.glb&quot;,&quot;poster&quot;:&quot;&quot;},&quot;models&quot;:[]}'>\n            <div class=\"bp3d_backup_view\" style=\"display: none;height:350px;\">\n                    <model-viewer camera-controls src=\"https:\/\/jh.nl\/wp-content\/uploads\/2025\/03\/Automatisch-Crusher.glb\" style=\"height: 350px;\"><\/model-viewer>\n            <\/div>\n            <script>\n                setTimeout(() => {\n                    let backupModels = document.querySelectorAll('.bp3d_backup_view');\n                    if(backupModels.length > 0){\n                        backupModels.forEach(element => {\n                            if(element){\n                                element.style.display = 'block';\n                                setTimeout(() => {\n                                    let adminMessages = document.querySelectorAll('.bp3d_admin_message');\n                                    if(adminMessages.length > 0){\n                                        adminMessages.forEach(adminMessage => {\n                                            if(adminMessage){\n                                                adminMessage.style.display = 'block';\n                                            }\n                                        });\n                                    }\n                                }, 5000);\n                            }\n                        });\n                    }\n                }, 5000);\n            <\/script>\n        <\/div>\n\n\n<h3>Vollautomatischer Betrieb des Big-Bag-Brechers<\/h3>\n<p>Der Bediener setzt einen Big-Bag mit einem Gabelstapler auf den Hubtisch mit Drehteller. Sobald der Gabelstapler weggefahren ist, kann der Bediener das richtige Programm am Big-Bag-Zerkleinerer ausw\u00e4hlen. Der Zerkleinerungsprozess wird dann per Knopfdruck gestartet. Der Big-Bag wird in maximal 12 verschiedenen Schritten zerkleinert, w\u00e4hrend sich der Drehteller um 90\u00b0 dreht. Der Big-Bag kann auf beiden Seiten mehrmals zerkleinert werden. Sobald der Big-Bag vollst\u00e4ndig geknetet ist, kann der Bediener ihn mit dem Gabelstapler aus der Station entfernen, wonach der Big-Bag im restlichen Prozess verarbeitet werden kann.<\/p>\n<p>&nbsp;<\/p>\n<h3>Spezifikationen FIBC-Zerkleinerer vollautomatisch<\/h3>\n<ul style=\"list-style-type: circle;\">\n<li>Zwei hydraulisch gesteuerte Knickarme, ein Scherentisch mit Drehtisch<\/li>\n<li>In maximal 12 Schritten (nach Kundenwunsch) dr\u00fcckt der Brecher einen gro\u00dfen Sack von verschiedenen Seiten und in verschiedenen H\u00f6hen (einstellbar) zusammen. Dadurch wird der Inhalt in kleine St\u00fccke zerkleinert<\/li>\n<li>Stahl-Schaltschrank mit 7-Zoll-HMI-Touchscreen<\/li>\n<li>SPS Siemens Typ S7, 1214 C<\/li>\n<li>Bis zur Steuerseite ist eine 32 Ampere Stromzufuhr erforderlich<\/li>\n<li>Hydraulisches Aggregat<\/li>\n<li>Scherentisch belastbar bis 2000 kg<\/li>\n<li>Drehtisch 90\u00b0, links und rechts drehbar, und bis zu 150 cm hoch<\/li>\n<li>Lichtvorhang zum Schutz des Bedieners<\/li>\n<li>Der automatische Brecher wird in unserem Werk komplett montiert und getestet<\/li>\n<\/ul>\n<h3>Optional<\/h3>\n<ul style=\"list-style-type: circle;\">\n<li>Umz\u00e4unung zum Schutz des Arbeitsbereichs der Maschine<\/li>\n<li>Erh\u00f6hte Version f\u00fcr die Verarbeitung von Big-Bags mit einer maximalen H\u00f6he von 2,2 Metern<\/li>\n<li>Der Brecher ist bereits als <a href=\"https:\/\/jh.nl\/de\/produkt\/bigbag-crusher-halbautomatisch\/\"><u>halbautomatische<\/u><\/a> und <a href=\"https:\/\/jh.nl\/de\/produkt\/mobile-crusher\/\"><u>mobile Version<\/u><\/a> erh\u00e4ltlich<\/li>\n<li>Sehen Sie sich auch unsere<a href=\"https:\/\/jh.nl\/de\/produkt\/big-bag-fuellstationen\/\"><u> Bef\u00fcll-<\/u><\/a> und <a href=\"https:\/\/jh.nl\/de\/produkt\/big-bag-entleerstationen\/\"><u>Entladestation<\/u><\/a> f\u00fcr Big-Bags an<\/li>\n<\/ul>\n<p><strong>Kontakt<\/strong><\/p>\n<p>F\u00fcr weitere Informationen oder ein ma\u00dfgeschneidertes Angebot wenden Sie sich bitte an Jansen&amp;Heuning:<\/p>\n<ul>\n<li>Telefon: <a href=\"callto:+310503126448\">+31(0)50 3126 448<\/a><\/li>\n<li>E-Mail: <a href=\"mailto:sales@jh.nl\">sales@jh.nl<\/a><\/li>\n<li>Kontaktformular: <a href=\"http:\/\/jh.nl\/de\/kontakt\">jh.nl\/de\/kontakt<\/a><\/li>\n<\/ul>\n<p><iframe src=\"https:\/\/www.youtube.com\/embed\/ETWPw_XOjLU\" width=\"560\" height=\"315\" frameborder=\"0\" data-mce-fragment=\"1\"><\/iframe><\/p>\n<p>&nbsp;<\/p>\n","protected":false},"excerpt":{"rendered":"<p>Der Inhalt Ihrer Big-Bags wird hart, und Sie suchen eine&#8230;<\/p>\n","protected":false},"featured_media":22357,"comment_status":"open","ping_status":"closed","template":"","meta":{"_acf_changed":false},"product_brand":[],"product_cat":[965],"product_tag":[],"class_list":{"0":"post-10739","1":"product","2":"type-product","3":"status-publish","4":"has-post-thumbnail","6":"product_cat-big-bag-brecher","8":"first","9":"instock","10":"taxable","11":"shipping-taxable","12":"product-type-simple"},"acf":[],"yoast_head":"<!-- This site is optimized with the Yoast SEO plugin v27.4 - https:\/\/yoast.com\/product\/yoast-seo-wordpress\/ -->\n<title>Vollautomatischer Big-Bag-Brecher | Jansen&amp;Heuning<\/title>\n<meta name=\"description\" content=\"\u200bEntdecken Sie den vollautomatischer Big-Bag-Brecher von Jansen&amp;Heuning f\u00fcr eine effiziente Verarbeitung verh\u00e4rteter Big-Bags.\" \/>\n<meta name=\"robots\" content=\"index, follow, max-snippet:-1, max-image-preview:large, max-video-preview:-1\" \/>\n<link rel=\"canonical\" href=\"https:\/\/jh.nl\/de\/product\/big-bag-brecher\/\" \/>\n<meta property=\"og:locale\" content=\"de_DE\" \/>\n<meta property=\"og:type\" content=\"article\" \/>\n<meta property=\"og:title\" content=\"Vollautomatischer Big-Bag-Brecher | Jansen&amp;Heuning\" \/>\n<meta property=\"og:description\" content=\"\u200bEntdecken Sie den vollautomatischer Big-Bag-Brecher von Jansen&amp;Heuning f\u00fcr eine effiziente Verarbeitung verh\u00e4rteter Big-Bags.\" \/>\n<meta property=\"og:url\" content=\"https:\/\/jh.nl\/de\/product\/big-bag-brecher\/\" \/>\n<meta property=\"og:site_name\" content=\"Jansen&amp;Heuning\" \/>\n<meta property=\"article:publisher\" content=\"https:\/\/www.facebook.com\/JansenHeuning\" \/>\n<meta property=\"article:modified_time\" content=\"2025-03-28T08:22:16+00:00\" \/>\n<meta property=\"og:image\" content=\"https:\/\/jh.nl\/wp-content\/uploads\/2023\/06\/JHBBC_1.jpg\" \/>\n\t<meta property=\"og:image:width\" content=\"1500\" \/>\n\t<meta property=\"og:image:height\" content=\"1077\" \/>\n\t<meta property=\"og:image:type\" content=\"image\/jpeg\" \/>\n<meta name=\"twitter:card\" content=\"summary_large_image\" \/>\n<meta name=\"twitter:label1\" content=\"Gesch\u00e4tzte Lesezeit\" \/>\n\t<meta name=\"twitter:data1\" content=\"2\u00a0Minuten\" \/>\n<script type=\"application\/ld+json\" class=\"yoast-schema-graph\">{\"@context\":\"https:\\\/\\\/schema.org\",\"@graph\":[{\"@type\":\"WebPage\",\"@id\":\"https:\\\/\\\/jh.nl\\\/de\\\/product\\\/big-bag-brecher\\\/\",\"url\":\"https:\\\/\\\/jh.nl\\\/de\\\/product\\\/big-bag-brecher\\\/\",\"name\":\"Vollautomatischer Big-Bag-Brecher | Jansen&Heuning\",\"isPartOf\":{\"@id\":\"https:\\\/\\\/jh.nl\\\/nl\\\/#website\"},\"primaryImageOfPage\":{\"@id\":\"https:\\\/\\\/jh.nl\\\/de\\\/product\\\/big-bag-brecher\\\/#primaryimage\"},\"image\":{\"@id\":\"https:\\\/\\\/jh.nl\\\/de\\\/product\\\/big-bag-brecher\\\/#primaryimage\"},\"thumbnailUrl\":\"https:\\\/\\\/jh.nl\\\/wp-content\\\/uploads\\\/2023\\\/06\\\/JHBBC_1.jpg\",\"datePublished\":\"2019-03-05T15:16:23+00:00\",\"dateModified\":\"2025-03-28T08:22:16+00:00\",\"description\":\"\u200bEntdecken Sie den vollautomatischer Big-Bag-Brecher von Jansen&Heuning f\u00fcr eine effiziente Verarbeitung verh\u00e4rteter Big-Bags.\",\"breadcrumb\":{\"@id\":\"https:\\\/\\\/jh.nl\\\/de\\\/product\\\/big-bag-brecher\\\/#breadcrumb\"},\"inLanguage\":\"de\",\"potentialAction\":[{\"@type\":\"ReadAction\",\"target\":[\"https:\\\/\\\/jh.nl\\\/de\\\/product\\\/big-bag-brecher\\\/\"]}]},{\"@type\":\"ImageObject\",\"inLanguage\":\"de\",\"@id\":\"https:\\\/\\\/jh.nl\\\/de\\\/product\\\/big-bag-brecher\\\/#primaryimage\",\"url\":\"https:\\\/\\\/jh.nl\\\/wp-content\\\/uploads\\\/2023\\\/06\\\/JHBBC_1.jpg\",\"contentUrl\":\"https:\\\/\\\/jh.nl\\\/wp-content\\\/uploads\\\/2023\\\/06\\\/JHBBC_1.jpg\",\"width\":1500,\"height\":1077,\"caption\":\"3D print volautomatische bigbag crusher\"},{\"@type\":\"BreadcrumbList\",\"@id\":\"https:\\\/\\\/jh.nl\\\/de\\\/product\\\/big-bag-brecher\\\/#breadcrumb\",\"itemListElement\":[{\"@type\":\"ListItem\",\"position\":1,\"name\":\"Home\",\"item\":\"https:\\\/\\\/jh.nl\\\/de\\\/\"},{\"@type\":\"ListItem\",\"position\":2,\"name\":\"Producten\",\"item\":\"https:\\\/\\\/jh.nl\\\/nl\\\/producten\\\/\"},{\"@type\":\"ListItem\",\"position\":3,\"name\":\"Big bag handling (FIBC)\",\"item\":\"https:\\\/\\\/jh.nl\\\/en\\\/category\\\/big-bag-handling-fibc\\\/\"},{\"@type\":\"ListItem\",\"position\":4,\"name\":\"Bigbag crushers\",\"item\":\"https:\\\/\\\/jh.nl\\\/en\\\/category\\\/big-bag-handling-fibc\\\/bigbag-crushers\\\/\"},{\"@type\":\"ListItem\",\"position\":5,\"name\":\"Vollautomatischer Big-Bag-Brecher\"}]},{\"@type\":\"WebSite\",\"@id\":\"https:\\\/\\\/jh.nl\\\/nl\\\/#website\",\"url\":\"https:\\\/\\\/jh.nl\\\/nl\\\/\",\"name\":\"Jansen & Heuning\",\"description\":\"Bulk Handling Systems\",\"publisher\":{\"@id\":\"https:\\\/\\\/jh.nl\\\/nl\\\/#organization\"},\"alternateName\":\"J&H\",\"potentialAction\":[{\"@type\":\"SearchAction\",\"target\":{\"@type\":\"EntryPoint\",\"urlTemplate\":\"https:\\\/\\\/jh.nl\\\/nl\\\/?s={search_term_string}\"},\"query-input\":{\"@type\":\"PropertyValueSpecification\",\"valueRequired\":true,\"valueName\":\"search_term_string\"}}],\"inLanguage\":\"de\"},{\"@type\":\"Organization\",\"@id\":\"https:\\\/\\\/jh.nl\\\/nl\\\/#organization\",\"name\":\"Jansen & Heuning\",\"alternateName\":\"J&H\",\"url\":\"https:\\\/\\\/jh.nl\\\/nl\\\/\",\"logo\":{\"@type\":\"ImageObject\",\"inLanguage\":\"de\",\"@id\":\"https:\\\/\\\/jh.nl\\\/nl\\\/#\\\/schema\\\/logo\\\/image\\\/\",\"url\":\"https:\\\/\\\/jh.nl\\\/wp-content\\\/uploads\\\/2022\\\/05\\\/JH-logo-scaled.gif\",\"contentUrl\":\"https:\\\/\\\/jh.nl\\\/wp-content\\\/uploads\\\/2022\\\/05\\\/JH-logo-scaled.gif\",\"width\":2560,\"height\":429,\"caption\":\"Jansen & Heuning\"},\"image\":{\"@id\":\"https:\\\/\\\/jh.nl\\\/nl\\\/#\\\/schema\\\/logo\\\/image\\\/\"},\"sameAs\":[\"https:\\\/\\\/www.facebook.com\\\/JansenHeuning\",\"https:\\\/\\\/www.youtube.com\\\/user\\\/JansenenHeuning\\\/featured\",\"https:\\\/\\\/www.linkedin.com\\\/company\\\/1768497\\\/\"]}]}<\/script>\n<!-- \/ Yoast SEO plugin. -->","yoast_head_json":{"title":"Vollautomatischer Big-Bag-Brecher | Jansen&Heuning","description":"\u200bEntdecken Sie den vollautomatischer Big-Bag-Brecher von Jansen&Heuning f\u00fcr eine effiziente Verarbeitung verh\u00e4rteter Big-Bags.","robots":{"index":"index","follow":"follow","max-snippet":"max-snippet:-1","max-image-preview":"max-image-preview:large","max-video-preview":"max-video-preview:-1"},"canonical":"https:\/\/jh.nl\/de\/product\/big-bag-brecher\/","og_locale":"de_DE","og_type":"article","og_title":"Vollautomatischer Big-Bag-Brecher | Jansen&Heuning","og_description":"\u200bEntdecken Sie den vollautomatischer Big-Bag-Brecher von Jansen&Heuning f\u00fcr eine effiziente Verarbeitung verh\u00e4rteter Big-Bags.","og_url":"https:\/\/jh.nl\/de\/product\/big-bag-brecher\/","og_site_name":"Jansen&amp;Heuning","article_publisher":"https:\/\/www.facebook.com\/JansenHeuning","article_modified_time":"2025-03-28T08:22:16+00:00","og_image":[{"width":1500,"height":1077,"url":"https:\/\/jh.nl\/wp-content\/uploads\/2023\/06\/JHBBC_1.jpg","type":"image\/jpeg"}],"twitter_card":"summary_large_image","twitter_misc":{"Gesch\u00e4tzte Lesezeit":"2\u00a0Minuten"},"schema":{"@context":"https:\/\/schema.org","@graph":[{"@type":"WebPage","@id":"https:\/\/jh.nl\/de\/product\/big-bag-brecher\/","url":"https:\/\/jh.nl\/de\/product\/big-bag-brecher\/","name":"Vollautomatischer Big-Bag-Brecher | Jansen&Heuning","isPartOf":{"@id":"https:\/\/jh.nl\/nl\/#website"},"primaryImageOfPage":{"@id":"https:\/\/jh.nl\/de\/product\/big-bag-brecher\/#primaryimage"},"image":{"@id":"https:\/\/jh.nl\/de\/product\/big-bag-brecher\/#primaryimage"},"thumbnailUrl":"https:\/\/jh.nl\/wp-content\/uploads\/2023\/06\/JHBBC_1.jpg","datePublished":"2019-03-05T15:16:23+00:00","dateModified":"2025-03-28T08:22:16+00:00","description":"\u200bEntdecken Sie den vollautomatischer Big-Bag-Brecher von Jansen&Heuning f\u00fcr eine effiziente Verarbeitung verh\u00e4rteter Big-Bags.","breadcrumb":{"@id":"https:\/\/jh.nl\/de\/product\/big-bag-brecher\/#breadcrumb"},"inLanguage":"de","potentialAction":[{"@type":"ReadAction","target":["https:\/\/jh.nl\/de\/product\/big-bag-brecher\/"]}]},{"@type":"ImageObject","inLanguage":"de","@id":"https:\/\/jh.nl\/de\/product\/big-bag-brecher\/#primaryimage","url":"https:\/\/jh.nl\/wp-content\/uploads\/2023\/06\/JHBBC_1.jpg","contentUrl":"https:\/\/jh.nl\/wp-content\/uploads\/2023\/06\/JHBBC_1.jpg","width":1500,"height":1077,"caption":"3D print volautomatische bigbag crusher"},{"@type":"BreadcrumbList","@id":"https:\/\/jh.nl\/de\/product\/big-bag-brecher\/#breadcrumb","itemListElement":[{"@type":"ListItem","position":1,"name":"Home","item":"https:\/\/jh.nl\/de\/"},{"@type":"ListItem","position":2,"name":"Producten","item":"https:\/\/jh.nl\/nl\/producten\/"},{"@type":"ListItem","position":3,"name":"Big bag handling (FIBC)","item":"https:\/\/jh.nl\/en\/category\/big-bag-handling-fibc\/"},{"@type":"ListItem","position":4,"name":"Bigbag crushers","item":"https:\/\/jh.nl\/en\/category\/big-bag-handling-fibc\/bigbag-crushers\/"},{"@type":"ListItem","position":5,"name":"Vollautomatischer Big-Bag-Brecher"}]},{"@type":"WebSite","@id":"https:\/\/jh.nl\/nl\/#website","url":"https:\/\/jh.nl\/nl\/","name":"Jansen & Heuning","description":"Bulk Handling Systems","publisher":{"@id":"https:\/\/jh.nl\/nl\/#organization"},"alternateName":"J&H","potentialAction":[{"@type":"SearchAction","target":{"@type":"EntryPoint","urlTemplate":"https:\/\/jh.nl\/nl\/?s={search_term_string}"},"query-input":{"@type":"PropertyValueSpecification","valueRequired":true,"valueName":"search_term_string"}}],"inLanguage":"de"},{"@type":"Organization","@id":"https:\/\/jh.nl\/nl\/#organization","name":"Jansen & Heuning","alternateName":"J&H","url":"https:\/\/jh.nl\/nl\/","logo":{"@type":"ImageObject","inLanguage":"de","@id":"https:\/\/jh.nl\/nl\/#\/schema\/logo\/image\/","url":"https:\/\/jh.nl\/wp-content\/uploads\/2022\/05\/JH-logo-scaled.gif","contentUrl":"https:\/\/jh.nl\/wp-content\/uploads\/2022\/05\/JH-logo-scaled.gif","width":2560,"height":429,"caption":"Jansen & Heuning"},"image":{"@id":"https:\/\/jh.nl\/nl\/#\/schema\/logo\/image\/"},"sameAs":["https:\/\/www.facebook.com\/JansenHeuning","https:\/\/www.youtube.com\/user\/JansenenHeuning\/featured","https:\/\/www.linkedin.com\/company\/1768497\/"]}]}},"_links":{"self":[{"href":"https:\/\/jh.nl\/de\/wp-json\/wp\/v2\/product\/10739","targetHints":{"allow":["GET"]}}],"collection":[{"href":"https:\/\/jh.nl\/de\/wp-json\/wp\/v2\/product"}],"about":[{"href":"https:\/\/jh.nl\/de\/wp-json\/wp\/v2\/types\/product"}],"replies":[{"embeddable":true,"href":"https:\/\/jh.nl\/de\/wp-json\/wp\/v2\/comments?post=10739"}],"wp:featuredmedia":[{"embeddable":true,"href":"https:\/\/jh.nl\/de\/wp-json\/wp\/v2\/media\/22357"}],"wp:attachment":[{"href":"https:\/\/jh.nl\/de\/wp-json\/wp\/v2\/media?parent=10739"}],"wp:term":[{"taxonomy":"product_brand","embeddable":true,"href":"https:\/\/jh.nl\/de\/wp-json\/wp\/v2\/product_brand?post=10739"},{"taxonomy":"product_cat","embeddable":true,"href":"https:\/\/jh.nl\/de\/wp-json\/wp\/v2\/product_cat?post=10739"},{"taxonomy":"product_tag","embeddable":true,"href":"https:\/\/jh.nl\/de\/wp-json\/wp\/v2\/product_tag?post=10739"}],"curies":[{"name":"wp","href":"https:\/\/api.w.org\/{rel}","templated":true}]}}