{"id":10787,"date":"2019-03-21T10:26:48","date_gmt":"2019-03-21T09:26:48","guid":{"rendered":"https:\/\/jh.nl\/?post_type=product&#038;p=10787"},"modified":"2026-04-13T13:54:03","modified_gmt":"2026-04-13T11:54:03","slug":"schieflaufwaechter","status":"publish","type":"product","link":"https:\/\/jh.nl\/de\/product\/schieflaufwaechter\/","title":{"rendered":"Schieflaufw\u00e4chter"},"content":{"rendered":"<p class=\"\" data-start=\"90\" data-end=\"525\">Die Schieflaufw\u00e4chter von Jansen&amp;Heuning bieten eine robuste und zuverl\u00e4ssige L\u00f6sung zur \u00dcberwachung von schieflaufenden B\u00e4ndern. Schieflaufende B\u00e4nder k\u00f6nnen Explosionen und Verschlei\u00df an der Anlage verursachen. Sie sind f\u00fcr den Einsatz in ATEX-Umgebungen konzipiert und entsprechen den strengsten <a href=\"https:\/\/jh.nl\/de\/produkt\/explosionssicherheit-atex-zuendanalyse\/\">ATEX<\/a>-Zertifizierungen, wodurch sie f\u00fcr explosive Atmosph\u00e4ren, wie sie in den Zonen 20\/21\/22 auftreten, geeignet sind.<\/p>\n<p class=\"\" data-start=\"527\" data-end=\"848\">Die Schieflaufw\u00e4chter sind f\u00fcr eine oder zwei Bandrichtungen erh\u00e4ltlich, je nach den Anforderungen der Installation, und lassen sich einfach in verschiedene Systeme integrieren. Sie eignen sich besonders f\u00fcr Becherwerke und Gurtf\u00f6rderer, bei denen eine stabile und sichere Bandf\u00fchrung entscheidend ist.<\/p>\n<h3 class=\"product__title section__title page__title\">Schieflaufw\u00e4chter geeignet f\u00fcr<\/h3>\n<p class=\"\" data-start=\"887\" data-end=\"975\">Jansen&amp;Heuning empfiehlt den Einsatz des Schieflaufdetektors f\u00fcr die folgenden Produkte:<\/p>\n<ul>\n<li data-start=\"979\" data-end=\"994\"><a href=\"https:\/\/jh.nl\/de\/produkt-kategorie\/becherwerke-becherwerke\/\">Becherwerke<\/a><\/li>\n<li data-start=\"997\" data-end=\"1013\"><a href=\"https:\/\/jh.nl\/de\/produkt-kategorie\/gurtfoerderer\/\">Gurtf\u00f6rderer<\/a><\/li>\n<\/ul>\n<h3 class=\"product__title section__title page__title\">Schieflaufw\u00e4chter ausgestattet mit<\/h3>\n<ul>\n<li data-start=\"1058\" data-end=\"1150\">Elektromechanisches Design: Garantiert zuverl\u00e4ssige Funktion unter extremen Bedingungen.<\/li>\n<li data-start=\"1153\" data-end=\"1280\">ATEX-Zertifizierung: Geeignet f\u00fcr ATEX-Zonen 20\/21, gem\u00e4\u00df ATEX-Richtlinie 94\/9\/EG, Anhang III, Gruppe II, Kategorie 1D.<\/li>\n<li data-start=\"1283\" data-end=\"1402\">Einfache Montage: Der Schieflaufdetektor l\u00e4sst sich schnell an Gurtf\u00f6rderern und Becherwerken installieren.<\/li>\n<\/ul>\n<h3 class=\"\" data-start=\"1404\" data-end=\"1434\">Technische Spezifikationen<\/h3>\n<ul>\n<li data-start=\"1438\" data-end=\"1482\"><strong data-start=\"1438\" data-end=\"1454\">Abmessungen:<\/strong> 91 x 87 x 66 mm (B x H x T)<\/li>\n<li data-start=\"1485\" data-end=\"1520\"><strong data-start=\"1485\" data-end=\"1505\">Stromversorgung:<\/strong> 10 bis 30 V DC<\/li>\n<li data-start=\"1523\" data-end=\"1554\"><strong data-start=\"1523\" data-end=\"1542\">Schaltleistung:<\/strong> Max. 300 mA<\/li>\n<li data-start=\"1557\" data-end=\"1597\"><strong data-start=\"1557\" data-end=\"1579\">Temperaturbereich:<\/strong> \u201320 \u00b0C bis +40 \u00b0C<\/li>\n<li data-start=\"1600\" data-end=\"1649\"><strong data-start=\"1600\" data-end=\"1618\">Typ ELECSLM01:<\/strong> Geeignet f\u00fcr eine Drehrichtung<\/li>\n<li data-start=\"1652\" data-end=\"1703\"><strong data-start=\"1652\" data-end=\"1670\">Typ ELECSLM02:<\/strong> Geeignet f\u00fcr zwei Drehrichtungen<\/li>\n<\/ul>\n<h3><strong>Kontakt<\/strong><\/h3>\n<p>F\u00fcr weitere Informationen oder ein ma\u00dfgeschneidertes Angebot wenden Sie sich bitte an Jansen&amp;Heuning:<\/p>\n<ul>\n<li>Telefon: <a href=\"callto:+310503126448\">+31(0)50 3126 448<\/a><\/li>\n<li>E-Mail: <a href=\"mailto:sales@jh.nl\">sales@jh.nl<\/a><\/li>\n<li>Kontaktformular: <a href=\"http:\/\/jh.nl\/de\/kontakt\">jh.nl\/de\/kontakt<\/a><\/li>\n<\/ul>\n","protected":false},"excerpt":{"rendered":"<p>Die Schieflaufw\u00e4chter von Jansen&amp;Heuning bieten eine robuste und zuverl\u00e4ssige L\u00f6sung&#8230;<\/p>\n","protected":false},"featured_media":10776,"comment_status":"open","ping_status":"closed","template":"","meta":{"_acf_changed":false},"product_brand":[],"product_cat":[996],"product_tag":[],"class_list":{"0":"post-10787","1":"product","2":"type-product","3":"status-publish","4":"has-post-thumbnail","6":"product_cat-komponenten","8":"first","9":"instock","10":"featured","11":"taxable","12":"shipping-taxable","13":"product-type-simple"},"acf":[],"yoast_head":"<!-- This site is optimized with the Yoast SEO plugin v27.4 - https:\/\/yoast.com\/product\/yoast-seo-wordpress\/ -->\n<title>schieflaufwaechter f\u00fcr Gurtf\u00f6rderer | Jansen&amp;Heuning<\/title>\n<meta name=\"description\" content=\"schieflaufwaechter von Jansen&amp;Heuning verhindert schieflaufende B\u00e4nder, sch\u00fctzt vor Verschlei\u00df und Explosionen. Geeignet f\u00fcr ATEX-Zonen 20\/21.\" \/>\n<meta name=\"robots\" content=\"index, follow, max-snippet:-1, max-image-preview:large, max-video-preview:-1\" \/>\n<link rel=\"canonical\" href=\"https:\/\/jh.nl\/de\/product\/schieflaufwaechter\/\" \/>\n<meta property=\"og:locale\" content=\"de_DE\" \/>\n<meta property=\"og:type\" content=\"article\" \/>\n<meta property=\"og:title\" content=\"schieflaufwaechter f\u00fcr Gurtf\u00f6rderer | Jansen&amp;Heuning\" \/>\n<meta property=\"og:description\" content=\"schieflaufwaechter von Jansen&amp;Heuning verhindert schieflaufende B\u00e4nder, sch\u00fctzt vor Verschlei\u00df und Explosionen. Geeignet f\u00fcr ATEX-Zonen 20\/21.\" \/>\n<meta property=\"og:url\" content=\"https:\/\/jh.nl\/de\/product\/schieflaufwaechter\/\" \/>\n<meta property=\"og:site_name\" content=\"Jansen&amp;Heuning\" \/>\n<meta property=\"article:publisher\" content=\"https:\/\/www.facebook.com\/JansenHeuning\" \/>\n<meta property=\"article:modified_time\" content=\"2026-04-13T11:54:03+00:00\" \/>\n<meta property=\"og:image\" content=\"https:\/\/jh.nl\/wp-content\/uploads\/2019\/03\/scheefloopmelder.JH_.jpg\" \/>\n\t<meta property=\"og:image:width\" content=\"743\" \/>\n\t<meta property=\"og:image:height\" content=\"687\" \/>\n\t<meta property=\"og:image:type\" content=\"image\/jpeg\" \/>\n<meta name=\"twitter:card\" content=\"summary_large_image\" \/>\n<meta name=\"twitter:label1\" content=\"Gesch\u00e4tzte Lesezeit\" \/>\n\t<meta name=\"twitter:data1\" content=\"2\u00a0Minuten\" \/>\n<script type=\"application\/ld+json\" class=\"yoast-schema-graph\">{\"@context\":\"https:\\\/\\\/schema.org\",\"@graph\":[{\"@type\":\"WebPage\",\"@id\":\"https:\\\/\\\/jh.nl\\\/de\\\/product\\\/schieflaufwaechter\\\/\",\"url\":\"https:\\\/\\\/jh.nl\\\/de\\\/product\\\/schieflaufwaechter\\\/\",\"name\":\"schieflaufwaechter f\u00fcr Gurtf\u00f6rderer | Jansen&Heuning\",\"isPartOf\":{\"@id\":\"https:\\\/\\\/jh.nl\\\/nl\\\/#website\"},\"primaryImageOfPage\":{\"@id\":\"https:\\\/\\\/jh.nl\\\/de\\\/product\\\/schieflaufwaechter\\\/#primaryimage\"},\"image\":{\"@id\":\"https:\\\/\\\/jh.nl\\\/de\\\/product\\\/schieflaufwaechter\\\/#primaryimage\"},\"thumbnailUrl\":\"https:\\\/\\\/jh.nl\\\/wp-content\\\/uploads\\\/2019\\\/03\\\/scheefloopmelder.JH_.jpg\",\"datePublished\":\"2019-03-21T09:26:48+00:00\",\"dateModified\":\"2026-04-13T11:54:03+00:00\",\"description\":\"schieflaufwaechter von Jansen&Heuning verhindert schieflaufende B\u00e4nder, sch\u00fctzt vor Verschlei\u00df und Explosionen. Geeignet f\u00fcr ATEX-Zonen 20\\\/21.\",\"breadcrumb\":{\"@id\":\"https:\\\/\\\/jh.nl\\\/de\\\/product\\\/schieflaufwaechter\\\/#breadcrumb\"},\"inLanguage\":\"de\",\"potentialAction\":[{\"@type\":\"ReadAction\",\"target\":[\"https:\\\/\\\/jh.nl\\\/de\\\/product\\\/schieflaufwaechter\\\/\"]}]},{\"@type\":\"ImageObject\",\"inLanguage\":\"de\",\"@id\":\"https:\\\/\\\/jh.nl\\\/de\\\/product\\\/schieflaufwaechter\\\/#primaryimage\",\"url\":\"https:\\\/\\\/jh.nl\\\/wp-content\\\/uploads\\\/2019\\\/03\\\/scheefloopmelder.JH_.jpg\",\"contentUrl\":\"https:\\\/\\\/jh.nl\\\/wp-content\\\/uploads\\\/2019\\\/03\\\/scheefloopmelder.JH_.jpg\",\"width\":743,\"height\":687,\"caption\":\"De scheefloopmelder van Jansen&Heuning voorkomt slijtage en explosies door het detecteren van scheeflopende banden in elevatoren en bandtransporteurs.\"},{\"@type\":\"BreadcrumbList\",\"@id\":\"https:\\\/\\\/jh.nl\\\/de\\\/product\\\/schieflaufwaechter\\\/#breadcrumb\",\"itemListElement\":[{\"@type\":\"ListItem\",\"position\":1,\"name\":\"Home\",\"item\":\"https:\\\/\\\/jh.nl\\\/de\\\/\"},{\"@type\":\"ListItem\",\"position\":2,\"name\":\"Producten\",\"item\":\"https:\\\/\\\/jh.nl\\\/nl\\\/producten\\\/\"},{\"@type\":\"ListItem\",\"position\":3,\"name\":\"Technik, Services und mehr\",\"item\":\"https:\\\/\\\/jh.nl\\\/de\\\/produkt-kategorie\\\/technik-services\\\/\"},{\"@type\":\"ListItem\",\"position\":4,\"name\":\"Komponenten\",\"item\":\"https:\\\/\\\/jh.nl\\\/de\\\/produkt-kategorie\\\/technik-services\\\/komponenten\\\/\"},{\"@type\":\"ListItem\",\"position\":5,\"name\":\"Schieflaufw\u00e4chter\"}]},{\"@type\":\"WebSite\",\"@id\":\"https:\\\/\\\/jh.nl\\\/nl\\\/#website\",\"url\":\"https:\\\/\\\/jh.nl\\\/nl\\\/\",\"name\":\"Jansen & Heuning\",\"description\":\"Bulk Handling Systems\",\"publisher\":{\"@id\":\"https:\\\/\\\/jh.nl\\\/nl\\\/#organization\"},\"alternateName\":\"J&H\",\"potentialAction\":[{\"@type\":\"SearchAction\",\"target\":{\"@type\":\"EntryPoint\",\"urlTemplate\":\"https:\\\/\\\/jh.nl\\\/nl\\\/?s={search_term_string}\"},\"query-input\":{\"@type\":\"PropertyValueSpecification\",\"valueRequired\":true,\"valueName\":\"search_term_string\"}}],\"inLanguage\":\"de\"},{\"@type\":\"Organization\",\"@id\":\"https:\\\/\\\/jh.nl\\\/nl\\\/#organization\",\"name\":\"Jansen & Heuning\",\"alternateName\":\"J&H\",\"url\":\"https:\\\/\\\/jh.nl\\\/nl\\\/\",\"logo\":{\"@type\":\"ImageObject\",\"inLanguage\":\"de\",\"@id\":\"https:\\\/\\\/jh.nl\\\/nl\\\/#\\\/schema\\\/logo\\\/image\\\/\",\"url\":\"https:\\\/\\\/jh.nl\\\/wp-content\\\/uploads\\\/2022\\\/05\\\/JH-logo-scaled.gif\",\"contentUrl\":\"https:\\\/\\\/jh.nl\\\/wp-content\\\/uploads\\\/2022\\\/05\\\/JH-logo-scaled.gif\",\"width\":2560,\"height\":429,\"caption\":\"Jansen & Heuning\"},\"image\":{\"@id\":\"https:\\\/\\\/jh.nl\\\/nl\\\/#\\\/schema\\\/logo\\\/image\\\/\"},\"sameAs\":[\"https:\\\/\\\/www.facebook.com\\\/JansenHeuning\",\"https:\\\/\\\/www.youtube.com\\\/user\\\/JansenenHeuning\\\/featured\",\"https:\\\/\\\/www.linkedin.com\\\/company\\\/1768497\\\/\"]}]}<\/script>\n<!-- \/ Yoast SEO plugin. -->","yoast_head_json":{"title":"schieflaufwaechter f\u00fcr Gurtf\u00f6rderer | Jansen&Heuning","description":"schieflaufwaechter von Jansen&Heuning verhindert schieflaufende B\u00e4nder, sch\u00fctzt vor Verschlei\u00df und Explosionen. Geeignet f\u00fcr ATEX-Zonen 20\/21.","robots":{"index":"index","follow":"follow","max-snippet":"max-snippet:-1","max-image-preview":"max-image-preview:large","max-video-preview":"max-video-preview:-1"},"canonical":"https:\/\/jh.nl\/de\/product\/schieflaufwaechter\/","og_locale":"de_DE","og_type":"article","og_title":"schieflaufwaechter f\u00fcr Gurtf\u00f6rderer | Jansen&Heuning","og_description":"schieflaufwaechter von Jansen&Heuning verhindert schieflaufende B\u00e4nder, sch\u00fctzt vor Verschlei\u00df und Explosionen. Geeignet f\u00fcr ATEX-Zonen 20\/21.","og_url":"https:\/\/jh.nl\/de\/product\/schieflaufwaechter\/","og_site_name":"Jansen&amp;Heuning","article_publisher":"https:\/\/www.facebook.com\/JansenHeuning","article_modified_time":"2026-04-13T11:54:03+00:00","og_image":[{"width":743,"height":687,"url":"https:\/\/jh.nl\/wp-content\/uploads\/2019\/03\/scheefloopmelder.JH_.jpg","type":"image\/jpeg"}],"twitter_card":"summary_large_image","twitter_misc":{"Gesch\u00e4tzte Lesezeit":"2\u00a0Minuten"},"schema":{"@context":"https:\/\/schema.org","@graph":[{"@type":"WebPage","@id":"https:\/\/jh.nl\/de\/product\/schieflaufwaechter\/","url":"https:\/\/jh.nl\/de\/product\/schieflaufwaechter\/","name":"schieflaufwaechter f\u00fcr Gurtf\u00f6rderer | Jansen&Heuning","isPartOf":{"@id":"https:\/\/jh.nl\/nl\/#website"},"primaryImageOfPage":{"@id":"https:\/\/jh.nl\/de\/product\/schieflaufwaechter\/#primaryimage"},"image":{"@id":"https:\/\/jh.nl\/de\/product\/schieflaufwaechter\/#primaryimage"},"thumbnailUrl":"https:\/\/jh.nl\/wp-content\/uploads\/2019\/03\/scheefloopmelder.JH_.jpg","datePublished":"2019-03-21T09:26:48+00:00","dateModified":"2026-04-13T11:54:03+00:00","description":"schieflaufwaechter von Jansen&Heuning verhindert schieflaufende B\u00e4nder, sch\u00fctzt vor Verschlei\u00df und Explosionen. Geeignet f\u00fcr ATEX-Zonen 20\/21.","breadcrumb":{"@id":"https:\/\/jh.nl\/de\/product\/schieflaufwaechter\/#breadcrumb"},"inLanguage":"de","potentialAction":[{"@type":"ReadAction","target":["https:\/\/jh.nl\/de\/product\/schieflaufwaechter\/"]}]},{"@type":"ImageObject","inLanguage":"de","@id":"https:\/\/jh.nl\/de\/product\/schieflaufwaechter\/#primaryimage","url":"https:\/\/jh.nl\/wp-content\/uploads\/2019\/03\/scheefloopmelder.JH_.jpg","contentUrl":"https:\/\/jh.nl\/wp-content\/uploads\/2019\/03\/scheefloopmelder.JH_.jpg","width":743,"height":687,"caption":"De scheefloopmelder van Jansen&Heuning voorkomt slijtage en explosies door het detecteren van scheeflopende banden in elevatoren en bandtransporteurs."},{"@type":"BreadcrumbList","@id":"https:\/\/jh.nl\/de\/product\/schieflaufwaechter\/#breadcrumb","itemListElement":[{"@type":"ListItem","position":1,"name":"Home","item":"https:\/\/jh.nl\/de\/"},{"@type":"ListItem","position":2,"name":"Producten","item":"https:\/\/jh.nl\/nl\/producten\/"},{"@type":"ListItem","position":3,"name":"Technik, Services und mehr","item":"https:\/\/jh.nl\/de\/produkt-kategorie\/technik-services\/"},{"@type":"ListItem","position":4,"name":"Komponenten","item":"https:\/\/jh.nl\/de\/produkt-kategorie\/technik-services\/komponenten\/"},{"@type":"ListItem","position":5,"name":"Schieflaufw\u00e4chter"}]},{"@type":"WebSite","@id":"https:\/\/jh.nl\/nl\/#website","url":"https:\/\/jh.nl\/nl\/","name":"Jansen & Heuning","description":"Bulk Handling Systems","publisher":{"@id":"https:\/\/jh.nl\/nl\/#organization"},"alternateName":"J&H","potentialAction":[{"@type":"SearchAction","target":{"@type":"EntryPoint","urlTemplate":"https:\/\/jh.nl\/nl\/?s={search_term_string}"},"query-input":{"@type":"PropertyValueSpecification","valueRequired":true,"valueName":"search_term_string"}}],"inLanguage":"de"},{"@type":"Organization","@id":"https:\/\/jh.nl\/nl\/#organization","name":"Jansen & Heuning","alternateName":"J&H","url":"https:\/\/jh.nl\/nl\/","logo":{"@type":"ImageObject","inLanguage":"de","@id":"https:\/\/jh.nl\/nl\/#\/schema\/logo\/image\/","url":"https:\/\/jh.nl\/wp-content\/uploads\/2022\/05\/JH-logo-scaled.gif","contentUrl":"https:\/\/jh.nl\/wp-content\/uploads\/2022\/05\/JH-logo-scaled.gif","width":2560,"height":429,"caption":"Jansen & Heuning"},"image":{"@id":"https:\/\/jh.nl\/nl\/#\/schema\/logo\/image\/"},"sameAs":["https:\/\/www.facebook.com\/JansenHeuning","https:\/\/www.youtube.com\/user\/JansenenHeuning\/featured","https:\/\/www.linkedin.com\/company\/1768497\/"]}]}},"_links":{"self":[{"href":"https:\/\/jh.nl\/de\/wp-json\/wp\/v2\/product\/10787","targetHints":{"allow":["GET"]}}],"collection":[{"href":"https:\/\/jh.nl\/de\/wp-json\/wp\/v2\/product"}],"about":[{"href":"https:\/\/jh.nl\/de\/wp-json\/wp\/v2\/types\/product"}],"replies":[{"embeddable":true,"href":"https:\/\/jh.nl\/de\/wp-json\/wp\/v2\/comments?post=10787"}],"wp:featuredmedia":[{"embeddable":true,"href":"https:\/\/jh.nl\/de\/wp-json\/wp\/v2\/media\/10776"}],"wp:attachment":[{"href":"https:\/\/jh.nl\/de\/wp-json\/wp\/v2\/media?parent=10787"}],"wp:term":[{"taxonomy":"product_brand","embeddable":true,"href":"https:\/\/jh.nl\/de\/wp-json\/wp\/v2\/product_brand?post=10787"},{"taxonomy":"product_cat","embeddable":true,"href":"https:\/\/jh.nl\/de\/wp-json\/wp\/v2\/product_cat?post=10787"},{"taxonomy":"product_tag","embeddable":true,"href":"https:\/\/jh.nl\/de\/wp-json\/wp\/v2\/product_tag?post=10787"}],"curies":[{"name":"wp","href":"https:\/\/api.w.org\/{rel}","templated":true}]}}