{"id":11159,"date":"2019-03-26T13:43:06","date_gmt":"2019-03-26T13:13:14","guid":{"rendered":"https:\/\/jh.nl\/?post_type=product&#038;p=11159"},"modified":"2025-06-25T08:28:03","modified_gmt":"2025-06-25T06:28:03","slug":"gurtfoerderer-schwere-ausfuehrung","status":"publish","type":"product","link":"https:\/\/jh.nl\/de\/product\/gurtfoerderer-schwere-ausfuehrung\/","title":{"rendered":"Gurtf\u00f6rderer &#8211; schwere Ausf\u00fchrung"},"content":{"rendered":"<p>In der Schwerindustrie werden hohe Anforderungen an die Betriebszuverl\u00e4ssigkeit und die Langlebigkeit der Anlagen gestellt, insbesondere bei schweren Lasten und schwierigen Umgebungsbedingungen. Schwerlast-Gurtf\u00f6rderer von Jansen&amp;Heuning liefern zuverl\u00e4ssige Leistung beim Transport von Sch\u00fcttgut in anspruchsvollen industriellen Anwendungen.<br \/>\nJede Anwendung hat andere technische Anforderungen. Deshalb entwickelt Jansen&amp;Heuning in enger Abstimmung mit dem Kunden ma\u00dfgeschneiderte L\u00f6sungen. Erfahrung und spezifische Anforderungen bilden die Grundlage f\u00fcr das Design des F\u00f6rderers. Dies f\u00fchrt zu einer L\u00f6sung, die technisch mit dem Produktionsprozess kompatibel ist und Haltbarkeit, Zuverl\u00e4ssigkeit und eine lange Lebensdauer unter harten Bedingungen garantiert.<\/p>\n<table style=\"width: 66.6803%;\" border=\"0\">\n<tbody>\n<tr style=\"height: 18px;\" valign=\"top\">\n<td style=\"height: 18px; width: 35.5482%;\" width=\"46%\"><strong>Gurtbreite<\/strong><\/td>\n<td style=\"width: 9.88948%;\"><strong>500 mm<\/strong><\/td>\n<td style=\"width: 10.5239%;\"><strong>650 mm<\/strong><\/td>\n<td style=\"width: 10.2152%;\"><strong>800 mm<\/strong><\/td>\n<td style=\"width: 10.7274%;\"><strong>1000 mm<\/strong><\/td>\n<td style=\"width: 10.8455%;\"><strong>1200 mm<\/strong><\/td>\n<td style=\"width: 65.0722%;\"><strong>1400\u00a0 mm<\/strong><\/td>\n<\/tr>\n<tr class=\"roweven\" style=\"height: 18px;\" valign=\"top\">\n<td style=\"height: 18px; width: 35.5482%;\"><span style=\"font-size: 12pt;\">L\u00e4nge Antriebs-\/Umlenktrommel<\/span><\/td>\n<td style=\"height: 18px; width: 9.88948%;\">\n<div align=\"right\"><span style=\"font-size: 12pt;\">600<\/span><\/div>\n<\/td>\n<td style=\"height: 18px; width: 10.5239%;\" valign=\"top\">\n<div align=\"right\"><span style=\"font-size: 12pt;\">750<\/span><\/div>\n<\/td>\n<td style=\"height: 18px; width: 10.2152%;\">\n<div align=\"right\"><span style=\"font-size: 12pt;\">950<\/span><\/div>\n<\/td>\n<td style=\"height: 18px; width: 10.7274%;\">\n<div align=\"right\"><span style=\"font-size: 12pt;\">1150<\/span><\/div>\n<\/td>\n<td style=\"height: 18px; width: 10.8455%;\">\n<div align=\"right\"><span style=\"font-size: 12pt;\">1400<\/span><\/div>\n<\/td>\n<td style=\"height: 18px; width: 65.0722%;\" valign=\"top\" width=\"9%\">\n<div align=\"right\"><span style=\"font-size: 12pt;\">1600<\/span><\/div>\n<\/td>\n<\/tr>\n<tr class=\"rowoneven\" style=\"height: 18px;\" valign=\"top\">\n<td style=\"height: 18px; width: 35.5482%;\"><span style=\"font-size: 12pt;\">Ger\u00fcstbreite (Au\u00dfenma\u00df)<\/span><\/td>\n<td style=\"height: 18px; width: 9.88948%;\">\n<div align=\"right\"><span style=\"font-size: 12pt;\">800<\/span><\/div>\n<\/td>\n<td style=\"height: 18px; width: 10.5239%;\" valign=\"top\">\n<div align=\"right\"><span style=\"font-size: 12pt;\">950<\/span><\/div>\n<\/td>\n<td style=\"height: 18px; width: 10.2152%;\">\n<div align=\"right\"><span style=\"font-size: 12pt;\">1150<\/span><\/div>\n<\/td>\n<td style=\"height: 18px; width: 10.7274%;\">\n<div align=\"right\"><span style=\"font-size: 12pt;\">1350<\/span><\/div>\n<\/td>\n<td style=\"height: 18px; width: 10.8455%;\">\n<div align=\"right\"><span style=\"font-size: 12pt;\">1600<\/span><\/div>\n<\/td>\n<td style=\"height: 18px; width: 65.0722%;\" valign=\"top\" width=\"9%\">\n<div align=\"right\"><span style=\"font-size: 12pt;\">1800<\/span><\/div>\n<\/td>\n<\/tr>\n<tr class=\"roweven\" style=\"height: 18px;\" valign=\"top\">\n<td style=\"height: 18px; width: 35.5482%;\"><span style=\"font-size: 12pt;\">F\u00f6rderleistung (m\u00b3\/h bei 1 m\/s)<\/span><\/td>\n<td style=\"height: 18px; width: 9.88948%;\">\n<div align=\"right\"><span style=\"font-size: 12pt;\">65<\/span><\/div>\n<\/td>\n<td style=\"height: 18px; width: 10.5239%;\" valign=\"top\">\n<div align=\"right\"><span style=\"font-size: 12pt;\">115<\/span><\/div>\n<\/td>\n<td style=\"height: 18px; width: 10.2152%;\">\n<div align=\"right\"><span style=\"font-size: 12pt;\">180<\/span><\/div>\n<\/td>\n<td style=\"height: 18px; width: 10.7274%;\">\n<div align=\"right\"><span style=\"font-size: 12pt;\">290<\/span><\/div>\n<\/td>\n<td style=\"height: 18px; width: 10.8455%;\">\n<div align=\"right\"><span style=\"font-size: 12pt;\">515<\/span><\/div>\n<\/td>\n<td style=\"height: 18px; width: 65.0722%;\" valign=\"top\" width=\"9%\">\n<div align=\"right\"><span style=\"font-size: 12pt;\">710<\/span><\/div>\n<\/td>\n<\/tr>\n<tr style=\"height: 31px;\" valign=\"top\">\n<td class=\"klikhier\" style=\"color: #909090; line-height: 12px; height: 31px; width: 152.822%;\" colspan=\"7\"><span style=\"font-size: 8pt; color: #000000;\">Ma\u00dfangaben in mm<\/span><\/td>\n<\/tr>\n<\/tbody>\n<\/table>\n<p>Mit dem <a href=\"https:\/\/jh.nl\/de\/berekeningsprogramma\/\">JH-Kalkulationsprogramm\u00a0<\/a>erm\u00f6glicht die selbst\u00e4ndige Berechnung eines kompletten F\u00f6rdersystems, einschlie\u00dflich des erforderlichen Schwerlast-Gurtf\u00f6rderers und des tragenden Stahlrahmens. Technische Parameter wie Kapazit\u00e4t, Bandl\u00e4nge, Neigungswinkel, Materialart und Bandgeschwindigkeit bestimmen automatisch die optimale Konfiguration.<\/p>\n<p>Das Programm berechnet nicht nur den richtigen Gurttyp und die erforderlichen Antriebsleistungen, sondern ber\u00fccksichtigt auch die Belastung des Rahmens, die Rollwege und die strukturelle Stabilit\u00e4t. Die Berechnung entspricht den aktuellen Normen und eignet sich u.a. f\u00fcr Anwendungen in den Bereichen Sch\u00fcttgutumschlag, Recycling, Schwerindustrie und Lagerlogistik.<\/p>\n<h3><b><strong>Implementierungsm\u00f6glichkeiten Schwerlast-Gurtf\u00f6rderer<\/strong><\/b><\/h3>\n<h4><b><strong>Band und Bandreinigung<\/strong><\/b><\/h4>\n<p>Der Gurtf\u00f6rderer in einem Gurtf\u00f6rderersystem f\u00fcr Schwerlastanwendungen besteht aus <b><strong>Gummi<\/strong><\/b> oder <b><strong>PVC<\/strong><\/b>, das in verschiedenen <b><strong>industriellen Standardqualit\u00e4ten<\/strong><\/b> erh\u00e4ltlich ist. Je nach Prozessanforderungen kann das Band mit <b><strong>Stollen<\/strong><\/b>, <b><strong>Seitenw\u00e4nden<\/strong><\/b> oder <b><strong>seitlichen F\u00fchrungen<\/strong><\/b> ausgestattet werden, um einen kontrollierten Transport von Sch\u00fcttg\u00fctern zu gew\u00e4hrleisten, insbesondere bei starken Steigungen oder bei bindigen Materialien.<\/p>\n<p>Ein <b><strong>Gurtspannsystem<\/strong><\/b> mit Druck- oder Zugspindeln sorgt f\u00fcr eine korrekte Gurtspannung an der <b><strong>Umlenktrommel<\/strong><\/b>. Alternativ eignet sich eine <b><strong>Schwerkraft-Aufnahmeeinheit<\/strong><\/b> f\u00fcr lange F\u00f6rderstrecken oder Anwendungen, die schwankenden Belastungen ausgesetzt sind.<\/p>\n<p>Effektive <b><strong>Bandreinigungseinheiten<\/strong><\/b> sind unerl\u00e4sslich, um Ausfallzeiten zu reduzieren und die Lebensdauer der F\u00f6rderkomponenten zu verl\u00e4ngern. Bei der Innenreinigung wird ein <b><strong>Pflugabstreifer<\/strong><\/b> vor der Umlenkrolle eingesetzt, um Restmaterial von der R\u00fccklaufseite des Bandes zu entfernen. Die Au\u00dfenreinigung erfolgt mit einem <b><strong>prim\u00e4ren oder sekund\u00e4ren Abstreifer<\/strong><\/b>, einem <b><strong>PU-Abstreifer<\/strong><\/b> oder einer <b><strong>rotierenden B\u00fcrstenwalze<\/strong><\/b>, die je nach Materialeigenschaften und Verschmutzungsgrad ausgew\u00e4hlt werden.<\/p>\n<h4><b><strong>Schwerer Gurtf\u00f6rderer-Antrieb<\/strong><\/b><\/h4>\n<p>Das <b><strong>Antriebssystem des F\u00f6rderers<\/strong><\/b> ist auf die spezifischen Kapazit\u00e4tsanforderungen, die Bandgeschwindigkeit und die Standortbedingungen abgestimmt. Zu den Standard-Antriebskonfigurationen geh\u00f6ren ein <b><strong>integrierter Trommelmotor<\/strong><\/b> oder eine <b><strong>Antriebstrommel mit aufsteckbarem Getriebemotor<\/strong><\/b>. Beide Optionen sind f\u00fcr hohe Zuverl\u00e4ssigkeit und Dauerbetrieb in anspruchsvollen Umgebungen ausgelegt.<\/p>\n<p>Je nach Betriebsanforderungen kann die <b><strong>Antriebstrommel<\/strong><\/b> als <b><strong>versiegelte Stahltrommel<\/strong><\/b> (mit oder ohne Gummierung), <b><strong>K\u00e4figrolle<\/strong><\/b> oder <b><strong>Fl\u00fcgelrad<\/strong><\/b> ausgef\u00fchrt werden. Diese Konfigurationen wirken sich auf die Zugkraft des Bandes, die Reinigungsfreundlichkeit und die Verschlei\u00dffestigkeit aus.<\/p>\n<p>Abh\u00e4ngig vom transportierten Material, der Gesamtl\u00e4nge des Bandes und den Durchsatzanforderungen k\u00f6nnen Bandgeschwindigkeiten von bis zu <b><strong>4 m\/s<\/strong><\/b> erreicht werden. Die Auswahl der Antriebskomponenten gew\u00e4hrleistet eine stabile Leistung, hohe Effizienz und minimalen Wartungsaufwand, selbst unter schwierigen industriellen Betriebsbedingungen.<\/p>\n<h4><strong>Optionen<\/strong><\/h4>\n<ul style=\"list-style-type: square;\">\n<li>Flachgurt oder gemuldeter Gurt<\/li>\n<li>Tragrollen oder Gleitplatte<\/li>\n<li>Seitliche Gurtabdichtung<\/li>\n<li>Obergurtabdeckung mit PVC- oder Wellblechhauben<\/li>\n<li>komplett geschlossene Ausf\u00fchrung \u00fcber die gesamte L\u00e4nge, mit Einrichtung zur Selbstreinigung<\/li>\n<li>fahrbar<\/li>\n<li>Ausr\u00fcstung\u00a0mit einem Bandschleifenwagen<\/li>\n<li>F\u00f6rderrichtung umkehrbar<\/li>\n<li>Technische- oder andere Fragen? Nehmen Sie <a href=\"https:\/\/jh.nl\/de\/contact\/\"><u>Kontakt<\/u><\/a> mit unseren Spezialisten auf<\/li>\n<\/ul>\n","protected":false},"excerpt":{"rendered":"<p>In der Schwerindustrie werden hohe Anforderungen an die Betriebszuverl\u00e4ssigkeit und&#8230;<\/p>\n","protected":false},"featured_media":22301,"comment_status":"open","ping_status":"closed","template":"","meta":{"_acf_changed":false},"product_brand":[],"product_cat":[402],"product_tag":[],"class_list":{"0":"post-11159","1":"product","2":"type-product","3":"status-publish","4":"has-post-thumbnail","6":"product_cat-gurtfoerderer","8":"first","9":"instock","10":"taxable","11":"shipping-taxable","12":"product-type-simple"},"acf":[],"yoast_head":"<!-- This site is optimized with the Yoast SEO plugin v27.4 - https:\/\/yoast.com\/product\/yoast-seo-wordpress\/ -->\n<title>Gurtf\u00f6rderer Schwerer f\u00fcr Sch\u00fcttgut und Industrieanlagen<\/title>\n<meta name=\"description\" content=\"Robustes Schwerer Gurtf\u00f6rderer f\u00fcr den kontinuierlichen Transport von Sch\u00fcttgut in Industrie, Recycling, Bergbau und Schwerlastanwendungen.\" \/>\n<meta name=\"robots\" content=\"index, follow, max-snippet:-1, max-image-preview:large, max-video-preview:-1\" \/>\n<link rel=\"canonical\" href=\"https:\/\/jh.nl\/de\/product\/gurtfoerderer-schwere-ausfuehrung\/\" \/>\n<meta property=\"og:locale\" content=\"de_DE\" \/>\n<meta property=\"og:type\" content=\"article\" \/>\n<meta property=\"og:title\" content=\"Gurtf\u00f6rderer Schwerer f\u00fcr Sch\u00fcttgut und Industrieanlagen\" \/>\n<meta property=\"og:description\" content=\"Robustes Schwerer Gurtf\u00f6rderer f\u00fcr den kontinuierlichen Transport von Sch\u00fcttgut in Industrie, Recycling, Bergbau und Schwerlastanwendungen.\" \/>\n<meta property=\"og:url\" content=\"https:\/\/jh.nl\/de\/product\/gurtfoerderer-schwere-ausfuehrung\/\" \/>\n<meta property=\"og:site_name\" content=\"Jansen&amp;Heuning\" \/>\n<meta property=\"article:publisher\" content=\"https:\/\/www.facebook.com\/JansenHeuning\" \/>\n<meta property=\"article:modified_time\" content=\"2025-06-25T06:28:03+00:00\" \/>\n<meta property=\"og:image\" content=\"https:\/\/jh.nl\/wp-content\/uploads\/2019\/03\/vrijstaand-maken-IMG_E3395-scaled-e1750832863175.jpg\" \/>\n\t<meta property=\"og:image:width\" content=\"2510\" \/>\n\t<meta property=\"og:image:height\" content=\"1890\" \/>\n\t<meta property=\"og:image:type\" content=\"image\/jpeg\" \/>\n<meta name=\"twitter:card\" content=\"summary_large_image\" \/>\n<meta name=\"twitter:label1\" content=\"Gesch\u00e4tzte Lesezeit\" \/>\n\t<meta name=\"twitter:data1\" content=\"3\u00a0Minuten\" \/>\n<script type=\"application\/ld+json\" class=\"yoast-schema-graph\">{\"@context\":\"https:\\\/\\\/schema.org\",\"@graph\":[{\"@type\":\"WebPage\",\"@id\":\"https:\\\/\\\/jh.nl\\\/de\\\/product\\\/gurtfoerderer-schwere-ausfuehrung\\\/\",\"url\":\"https:\\\/\\\/jh.nl\\\/de\\\/product\\\/gurtfoerderer-schwere-ausfuehrung\\\/\",\"name\":\"Gurtf\u00f6rderer Schwerer f\u00fcr Sch\u00fcttgut und Industrieanlagen\",\"isPartOf\":{\"@id\":\"https:\\\/\\\/jh.nl\\\/nl\\\/#website\"},\"primaryImageOfPage\":{\"@id\":\"https:\\\/\\\/jh.nl\\\/de\\\/product\\\/gurtfoerderer-schwere-ausfuehrung\\\/#primaryimage\"},\"image\":{\"@id\":\"https:\\\/\\\/jh.nl\\\/de\\\/product\\\/gurtfoerderer-schwere-ausfuehrung\\\/#primaryimage\"},\"thumbnailUrl\":\"https:\\\/\\\/jh.nl\\\/wp-content\\\/uploads\\\/2019\\\/03\\\/vrijstaand-maken-IMG_E3395-scaled-e1750832863175.jpg\",\"datePublished\":\"2019-03-26T13:13:14+00:00\",\"dateModified\":\"2025-06-25T06:28:03+00:00\",\"description\":\"Robustes Schwerer Gurtf\u00f6rderer f\u00fcr den kontinuierlichen Transport von Sch\u00fcttgut in Industrie, Recycling, Bergbau und Schwerlastanwendungen.\",\"breadcrumb\":{\"@id\":\"https:\\\/\\\/jh.nl\\\/de\\\/product\\\/gurtfoerderer-schwere-ausfuehrung\\\/#breadcrumb\"},\"inLanguage\":\"de\",\"potentialAction\":[{\"@type\":\"ReadAction\",\"target\":[\"https:\\\/\\\/jh.nl\\\/de\\\/product\\\/gurtfoerderer-schwere-ausfuehrung\\\/\"]}]},{\"@type\":\"ImageObject\",\"inLanguage\":\"de\",\"@id\":\"https:\\\/\\\/jh.nl\\\/de\\\/product\\\/gurtfoerderer-schwere-ausfuehrung\\\/#primaryimage\",\"url\":\"https:\\\/\\\/jh.nl\\\/wp-content\\\/uploads\\\/2019\\\/03\\\/vrijstaand-maken-IMG_E3395-scaled-e1750832863175.jpg\",\"contentUrl\":\"https:\\\/\\\/jh.nl\\\/wp-content\\\/uploads\\\/2019\\\/03\\\/vrijstaand-maken-IMG_E3395-scaled-e1750832863175.jpg\",\"width\":2510,\"height\":1890,\"caption\":\"Robuuste bandtransporteur met versterkt frame, geschikt voor continu transport van bulkgoederen in zware industri\u00eble omgevingen.\"},{\"@type\":\"BreadcrumbList\",\"@id\":\"https:\\\/\\\/jh.nl\\\/de\\\/product\\\/gurtfoerderer-schwere-ausfuehrung\\\/#breadcrumb\",\"itemListElement\":[{\"@type\":\"ListItem\",\"position\":1,\"name\":\"Home\",\"item\":\"https:\\\/\\\/jh.nl\\\/de\\\/\"},{\"@type\":\"ListItem\",\"position\":2,\"name\":\"Producten\",\"item\":\"https:\\\/\\\/jh.nl\\\/nl\\\/producten\\\/\"},{\"@type\":\"ListItem\",\"position\":3,\"name\":\"Gurtf\u00f6rderer\",\"item\":\"https:\\\/\\\/jh.nl\\\/de\\\/produkt-kategorie\\\/gurtfoerderer\\\/\"},{\"@type\":\"ListItem\",\"position\":4,\"name\":\"Gurtf\u00f6rderer &#8211; schwere Ausf\u00fchrung\"}]},{\"@type\":\"WebSite\",\"@id\":\"https:\\\/\\\/jh.nl\\\/nl\\\/#website\",\"url\":\"https:\\\/\\\/jh.nl\\\/nl\\\/\",\"name\":\"Jansen & Heuning\",\"description\":\"Bulk Handling Systems\",\"publisher\":{\"@id\":\"https:\\\/\\\/jh.nl\\\/nl\\\/#organization\"},\"alternateName\":\"J&H\",\"potentialAction\":[{\"@type\":\"SearchAction\",\"target\":{\"@type\":\"EntryPoint\",\"urlTemplate\":\"https:\\\/\\\/jh.nl\\\/nl\\\/?s={search_term_string}\"},\"query-input\":{\"@type\":\"PropertyValueSpecification\",\"valueRequired\":true,\"valueName\":\"search_term_string\"}}],\"inLanguage\":\"de\"},{\"@type\":\"Organization\",\"@id\":\"https:\\\/\\\/jh.nl\\\/nl\\\/#organization\",\"name\":\"Jansen & Heuning\",\"alternateName\":\"J&H\",\"url\":\"https:\\\/\\\/jh.nl\\\/nl\\\/\",\"logo\":{\"@type\":\"ImageObject\",\"inLanguage\":\"de\",\"@id\":\"https:\\\/\\\/jh.nl\\\/nl\\\/#\\\/schema\\\/logo\\\/image\\\/\",\"url\":\"https:\\\/\\\/jh.nl\\\/wp-content\\\/uploads\\\/2022\\\/05\\\/JH-logo-scaled.gif\",\"contentUrl\":\"https:\\\/\\\/jh.nl\\\/wp-content\\\/uploads\\\/2022\\\/05\\\/JH-logo-scaled.gif\",\"width\":2560,\"height\":429,\"caption\":\"Jansen & Heuning\"},\"image\":{\"@id\":\"https:\\\/\\\/jh.nl\\\/nl\\\/#\\\/schema\\\/logo\\\/image\\\/\"},\"sameAs\":[\"https:\\\/\\\/www.facebook.com\\\/JansenHeuning\",\"https:\\\/\\\/www.youtube.com\\\/user\\\/JansenenHeuning\\\/featured\",\"https:\\\/\\\/www.linkedin.com\\\/company\\\/1768497\\\/\"]}]}<\/script>\n<!-- \/ Yoast SEO plugin. -->","yoast_head_json":{"title":"Gurtf\u00f6rderer Schwerer f\u00fcr Sch\u00fcttgut und Industrieanlagen","description":"Robustes Schwerer Gurtf\u00f6rderer f\u00fcr den kontinuierlichen Transport von Sch\u00fcttgut in Industrie, Recycling, Bergbau und Schwerlastanwendungen.","robots":{"index":"index","follow":"follow","max-snippet":"max-snippet:-1","max-image-preview":"max-image-preview:large","max-video-preview":"max-video-preview:-1"},"canonical":"https:\/\/jh.nl\/de\/product\/gurtfoerderer-schwere-ausfuehrung\/","og_locale":"de_DE","og_type":"article","og_title":"Gurtf\u00f6rderer Schwerer f\u00fcr Sch\u00fcttgut und Industrieanlagen","og_description":"Robustes Schwerer Gurtf\u00f6rderer f\u00fcr den kontinuierlichen Transport von Sch\u00fcttgut in Industrie, Recycling, Bergbau und Schwerlastanwendungen.","og_url":"https:\/\/jh.nl\/de\/product\/gurtfoerderer-schwere-ausfuehrung\/","og_site_name":"Jansen&amp;Heuning","article_publisher":"https:\/\/www.facebook.com\/JansenHeuning","article_modified_time":"2025-06-25T06:28:03+00:00","og_image":[{"width":2510,"height":1890,"url":"https:\/\/jh.nl\/wp-content\/uploads\/2019\/03\/vrijstaand-maken-IMG_E3395-scaled-e1750832863175.jpg","type":"image\/jpeg"}],"twitter_card":"summary_large_image","twitter_misc":{"Gesch\u00e4tzte Lesezeit":"3\u00a0Minuten"},"schema":{"@context":"https:\/\/schema.org","@graph":[{"@type":"WebPage","@id":"https:\/\/jh.nl\/de\/product\/gurtfoerderer-schwere-ausfuehrung\/","url":"https:\/\/jh.nl\/de\/product\/gurtfoerderer-schwere-ausfuehrung\/","name":"Gurtf\u00f6rderer Schwerer f\u00fcr Sch\u00fcttgut und Industrieanlagen","isPartOf":{"@id":"https:\/\/jh.nl\/nl\/#website"},"primaryImageOfPage":{"@id":"https:\/\/jh.nl\/de\/product\/gurtfoerderer-schwere-ausfuehrung\/#primaryimage"},"image":{"@id":"https:\/\/jh.nl\/de\/product\/gurtfoerderer-schwere-ausfuehrung\/#primaryimage"},"thumbnailUrl":"https:\/\/jh.nl\/wp-content\/uploads\/2019\/03\/vrijstaand-maken-IMG_E3395-scaled-e1750832863175.jpg","datePublished":"2019-03-26T13:13:14+00:00","dateModified":"2025-06-25T06:28:03+00:00","description":"Robustes Schwerer Gurtf\u00f6rderer f\u00fcr den kontinuierlichen Transport von Sch\u00fcttgut in Industrie, Recycling, Bergbau und Schwerlastanwendungen.","breadcrumb":{"@id":"https:\/\/jh.nl\/de\/product\/gurtfoerderer-schwere-ausfuehrung\/#breadcrumb"},"inLanguage":"de","potentialAction":[{"@type":"ReadAction","target":["https:\/\/jh.nl\/de\/product\/gurtfoerderer-schwere-ausfuehrung\/"]}]},{"@type":"ImageObject","inLanguage":"de","@id":"https:\/\/jh.nl\/de\/product\/gurtfoerderer-schwere-ausfuehrung\/#primaryimage","url":"https:\/\/jh.nl\/wp-content\/uploads\/2019\/03\/vrijstaand-maken-IMG_E3395-scaled-e1750832863175.jpg","contentUrl":"https:\/\/jh.nl\/wp-content\/uploads\/2019\/03\/vrijstaand-maken-IMG_E3395-scaled-e1750832863175.jpg","width":2510,"height":1890,"caption":"Robuuste bandtransporteur met versterkt frame, geschikt voor continu transport van bulkgoederen in zware industri\u00eble omgevingen."},{"@type":"BreadcrumbList","@id":"https:\/\/jh.nl\/de\/product\/gurtfoerderer-schwere-ausfuehrung\/#breadcrumb","itemListElement":[{"@type":"ListItem","position":1,"name":"Home","item":"https:\/\/jh.nl\/de\/"},{"@type":"ListItem","position":2,"name":"Producten","item":"https:\/\/jh.nl\/nl\/producten\/"},{"@type":"ListItem","position":3,"name":"Gurtf\u00f6rderer","item":"https:\/\/jh.nl\/de\/produkt-kategorie\/gurtfoerderer\/"},{"@type":"ListItem","position":4,"name":"Gurtf\u00f6rderer &#8211; schwere Ausf\u00fchrung"}]},{"@type":"WebSite","@id":"https:\/\/jh.nl\/nl\/#website","url":"https:\/\/jh.nl\/nl\/","name":"Jansen & Heuning","description":"Bulk Handling Systems","publisher":{"@id":"https:\/\/jh.nl\/nl\/#organization"},"alternateName":"J&H","potentialAction":[{"@type":"SearchAction","target":{"@type":"EntryPoint","urlTemplate":"https:\/\/jh.nl\/nl\/?s={search_term_string}"},"query-input":{"@type":"PropertyValueSpecification","valueRequired":true,"valueName":"search_term_string"}}],"inLanguage":"de"},{"@type":"Organization","@id":"https:\/\/jh.nl\/nl\/#organization","name":"Jansen & Heuning","alternateName":"J&H","url":"https:\/\/jh.nl\/nl\/","logo":{"@type":"ImageObject","inLanguage":"de","@id":"https:\/\/jh.nl\/nl\/#\/schema\/logo\/image\/","url":"https:\/\/jh.nl\/wp-content\/uploads\/2022\/05\/JH-logo-scaled.gif","contentUrl":"https:\/\/jh.nl\/wp-content\/uploads\/2022\/05\/JH-logo-scaled.gif","width":2560,"height":429,"caption":"Jansen & Heuning"},"image":{"@id":"https:\/\/jh.nl\/nl\/#\/schema\/logo\/image\/"},"sameAs":["https:\/\/www.facebook.com\/JansenHeuning","https:\/\/www.youtube.com\/user\/JansenenHeuning\/featured","https:\/\/www.linkedin.com\/company\/1768497\/"]}]}},"_links":{"self":[{"href":"https:\/\/jh.nl\/de\/wp-json\/wp\/v2\/product\/11159","targetHints":{"allow":["GET"]}}],"collection":[{"href":"https:\/\/jh.nl\/de\/wp-json\/wp\/v2\/product"}],"about":[{"href":"https:\/\/jh.nl\/de\/wp-json\/wp\/v2\/types\/product"}],"replies":[{"embeddable":true,"href":"https:\/\/jh.nl\/de\/wp-json\/wp\/v2\/comments?post=11159"}],"wp:featuredmedia":[{"embeddable":true,"href":"https:\/\/jh.nl\/de\/wp-json\/wp\/v2\/media\/22301"}],"wp:attachment":[{"href":"https:\/\/jh.nl\/de\/wp-json\/wp\/v2\/media?parent=11159"}],"wp:term":[{"taxonomy":"product_brand","embeddable":true,"href":"https:\/\/jh.nl\/de\/wp-json\/wp\/v2\/product_brand?post=11159"},{"taxonomy":"product_cat","embeddable":true,"href":"https:\/\/jh.nl\/de\/wp-json\/wp\/v2\/product_cat?post=11159"},{"taxonomy":"product_tag","embeddable":true,"href":"https:\/\/jh.nl\/de\/wp-json\/wp\/v2\/product_tag?post=11159"}],"curies":[{"name":"wp","href":"https:\/\/api.w.org\/{rel}","templated":true}]}}