{"id":11163,"date":"2019-03-05T16:25:56","date_gmt":"2019-03-26T13:36:21","guid":{"rendered":"https:\/\/jh.nl\/?post_type=product&#038;p=11163"},"modified":"2025-05-28T15:48:24","modified_gmt":"2025-05-28T13:48:24","slug":"gurtfoerderer-modulare-ausfuehrung","status":"publish","type":"product","link":"https:\/\/jh.nl\/de\/product\/gurtfoerderer-modulare-ausfuehrung\/","title":{"rendered":"Gurtf\u00f6rderer &#8211; leichte Ausf\u00fchrung"},"content":{"rendered":"<p>F\u00fcr leichte F\u00f6rderanwendungen hat Jansen&amp;Heuning ein intelligentes F\u00f6rderkonzept. Nicht, dass an den rotierenden Teilen gespart worden w\u00e4re! Diese sind f\u00fcr eine lange Lebensdauer ausgelegt.<\/p>\n<table>\n<tbody>\n<tr>\n<td style=\"width: 118.667px;\"><strong>Typ\u00a0<\/strong><\/td>\n<td style=\"width: 69.3333px;\"><strong>JHB500<\/strong><\/td>\n<td style=\"width: 73.3333px;\"><strong>JHB650<\/strong><\/td>\n<\/tr>\n<tr>\n<td style=\"width: 118.667px;\">Gurtbreite<\/td>\n<td style=\"width: 69.3333px;\">500 mm<\/td>\n<td style=\"width: 73.3333px;\">650 mm<\/td>\n<\/tr>\n<tr>\n<td style=\"width: 118.667px;\">Ger\u00fcstbreite<\/td>\n<td style=\"width: 69.3333px;\">550 mm<\/td>\n<td style=\"width: 73.3333px;\">750 mm<\/td>\n<\/tr>\n<\/tbody>\n<\/table>\n<p>Mit dem <a href=\"[mojolink:3185:mojolink]\">JH-Kalkulationsprogramm<\/a> k\u00f6nnen Sie die Kosten einer F\u00f6rderbandanlage kalkulieren. Tragen Sie Ihre Daten in die entsprechenden Felder ein, das Programm ermittelt f\u00fcr Sie die Ger\u00e4te (und die Kosten), die Ihre Anforderungen bestm\u00f6glich erf\u00fcllen.<\/p>\n<h3>Ausf\u00fchrungsvarianten<\/h3>\n<ul style=\"list-style-type: square;\">\n<li>aus verzinktem Stahlblech\u00a0oder rostfreiem Stahl<\/li>\n<li>Rahmensegmente in L\u00e4ngen von 1.500 mm, 2.500 mm und 3.000 mm<\/li>\n<li>Antrieb mit Aufsteckgetriebe oder Trommelmotor<\/li>\n<li>Gurt aus Gummi oder PVC, Ausf\u00fchrung nach\u00a0Kundenwunsch<\/li>\n<li>zweiteilige Tragrollenstationen, Gurtmuldung 20\u00b0, Tragrollendurchmesser 63\u00a0mm oder 89\u00a0mm<\/li>\n<li>Gleitplatten zur Gurtunterst\u00fctzung<\/li>\n<li>Ausf\u00fchrung mit Flachgurt<\/li>\n<li>Tragrollenabst\u00e4nde 125 mm, 250 mm, 375 mm, usw.<\/li>\n<li>Untergurtrollenabst\u00e4nde 500 mm, 1.000 mm, 1.500 mm, usw.<\/li>\n<li>Befestigungsmaterial verzinkt (8.8) oder aus rostfreiem Stahl<\/li>\n<li>St\u00fctzen mit Queraussteifung, Verst\u00e4rkungen und Fu\u03b2platten<\/li>\n<li>Gurtreiniger mit einstellbaren Kunststoffbl\u00e4ttern und Spannvorrichtung<\/li>\n<li>Lieferung komplett montiert oder in Baugruppen, je nach Kundenwunsch<\/li>\n<\/ul>\n<p>&nbsp;<\/p>\n","protected":false},"excerpt":{"rendered":"<p>F\u00fcr leichte F\u00f6rderanwendungen hat Jansen&amp;Heuning ein intelligentes F\u00f6rderkonzept. Nicht, dass&#8230;<\/p>\n","protected":false},"featured_media":13907,"comment_status":"open","ping_status":"closed","template":"","meta":{"_acf_changed":false},"product_brand":[],"product_cat":[402],"product_tag":[],"class_list":{"0":"post-11163","1":"product","2":"type-product","3":"status-publish","4":"has-post-thumbnail","6":"product_cat-gurtfoerderer","8":"first","9":"instock","10":"taxable","11":"shipping-taxable","12":"product-type-simple"},"acf":[],"yoast_head":"<!-- This site is optimized with the Yoast SEO plugin v27.4 - https:\/\/yoast.com\/product\/yoast-seo-wordpress\/ -->\n<title>Gurtf\u00f6rderer - leichte Ausf\u00fchrung | Jansen&amp;Heuning<\/title>\n<meta name=\"description\" content=\"Gurtf\u00f6rderer - leichte Ausf\u00fchrung | Jansen&amp;Heuning\" \/>\n<meta name=\"robots\" content=\"index, follow, max-snippet:-1, max-image-preview:large, max-video-preview:-1\" \/>\n<link rel=\"canonical\" href=\"https:\/\/jh.nl\/de\/product\/gurtfoerderer-modulare-ausfuehrung\/\" \/>\n<meta property=\"og:locale\" content=\"de_DE\" \/>\n<meta property=\"og:type\" content=\"article\" \/>\n<meta property=\"og:title\" content=\"Gurtf\u00f6rderer - leichte Ausf\u00fchrung | Jansen&amp;Heuning\" \/>\n<meta property=\"og:description\" content=\"Gurtf\u00f6rderer - leichte Ausf\u00fchrung | Jansen&amp;Heuning\" \/>\n<meta property=\"og:url\" content=\"https:\/\/jh.nl\/de\/product\/gurtfoerderer-modulare-ausfuehrung\/\" \/>\n<meta property=\"og:site_name\" content=\"Jansen&amp;Heuning\" \/>\n<meta property=\"article:publisher\" content=\"https:\/\/www.facebook.com\/JansenHeuning\" \/>\n<meta property=\"article:modified_time\" content=\"2025-05-28T13:48:24+00:00\" \/>\n<meta property=\"og:image\" content=\"https:\/\/jh.nl\/wp-content\/uploads\/2019\/03\/Graaco-fotos-website-1.jpeg\" \/>\n\t<meta property=\"og:image:width\" content=\"640\" \/>\n\t<meta property=\"og:image:height\" content=\"427\" \/>\n\t<meta property=\"og:image:type\" content=\"image\/jpeg\" \/>\n<meta name=\"twitter:card\" content=\"summary_large_image\" \/>\n<meta name=\"twitter:label1\" content=\"Gesch\u00e4tzte Lesezeit\" \/>\n\t<meta name=\"twitter:data1\" content=\"2\u00a0Minuten\" \/>\n<script type=\"application\/ld+json\" class=\"yoast-schema-graph\">{\"@context\":\"https:\\\/\\\/schema.org\",\"@graph\":[{\"@type\":\"WebPage\",\"@id\":\"https:\\\/\\\/jh.nl\\\/de\\\/product\\\/gurtfoerderer-modulare-ausfuehrung\\\/\",\"url\":\"https:\\\/\\\/jh.nl\\\/de\\\/product\\\/gurtfoerderer-modulare-ausfuehrung\\\/\",\"name\":\"Gurtf\u00f6rderer - leichte Ausf\u00fchrung | Jansen&amp;Heuning\",\"isPartOf\":{\"@id\":\"https:\\\/\\\/jh.nl\\\/nl\\\/#website\"},\"primaryImageOfPage\":{\"@id\":\"https:\\\/\\\/jh.nl\\\/de\\\/product\\\/gurtfoerderer-modulare-ausfuehrung\\\/#primaryimage\"},\"image\":{\"@id\":\"https:\\\/\\\/jh.nl\\\/de\\\/product\\\/gurtfoerderer-modulare-ausfuehrung\\\/#primaryimage\"},\"thumbnailUrl\":\"https:\\\/\\\/jh.nl\\\/wp-content\\\/uploads\\\/2019\\\/03\\\/Graaco-fotos-website-1.jpeg\",\"datePublished\":\"2019-03-26T13:36:21+00:00\",\"dateModified\":\"2025-05-28T13:48:24+00:00\",\"description\":\"Gurtf\u00f6rderer - leichte Ausf\u00fchrung | Jansen&amp;Heuning\",\"breadcrumb\":{\"@id\":\"https:\\\/\\\/jh.nl\\\/de\\\/product\\\/gurtfoerderer-modulare-ausfuehrung\\\/#breadcrumb\"},\"inLanguage\":\"de\",\"potentialAction\":[{\"@type\":\"ReadAction\",\"target\":[\"https:\\\/\\\/jh.nl\\\/de\\\/product\\\/gurtfoerderer-modulare-ausfuehrung\\\/\"]}]},{\"@type\":\"ImageObject\",\"inLanguage\":\"de\",\"@id\":\"https:\\\/\\\/jh.nl\\\/de\\\/product\\\/gurtfoerderer-modulare-ausfuehrung\\\/#primaryimage\",\"url\":\"https:\\\/\\\/jh.nl\\\/wp-content\\\/uploads\\\/2019\\\/03\\\/Graaco-fotos-website-1.jpeg\",\"contentUrl\":\"https:\\\/\\\/jh.nl\\\/wp-content\\\/uploads\\\/2019\\\/03\\\/Graaco-fotos-website-1.jpeg\",\"width\":640,\"height\":427,\"caption\":\"Lichte bandtransporteur met rubber transportband voor het vervoeren van graan in een opslaginstallatie\"},{\"@type\":\"BreadcrumbList\",\"@id\":\"https:\\\/\\\/jh.nl\\\/de\\\/product\\\/gurtfoerderer-modulare-ausfuehrung\\\/#breadcrumb\",\"itemListElement\":[{\"@type\":\"ListItem\",\"position\":1,\"name\":\"Home\",\"item\":\"https:\\\/\\\/jh.nl\\\/de\\\/\"},{\"@type\":\"ListItem\",\"position\":2,\"name\":\"Producten\",\"item\":\"https:\\\/\\\/jh.nl\\\/nl\\\/producten\\\/\"},{\"@type\":\"ListItem\",\"position\":3,\"name\":\"Gurtf\u00f6rderer\",\"item\":\"https:\\\/\\\/jh.nl\\\/de\\\/produkt-kategorie\\\/gurtfoerderer\\\/\"},{\"@type\":\"ListItem\",\"position\":4,\"name\":\"Gurtf\u00f6rderer &#8211; leichte Ausf\u00fchrung\"}]},{\"@type\":\"WebSite\",\"@id\":\"https:\\\/\\\/jh.nl\\\/nl\\\/#website\",\"url\":\"https:\\\/\\\/jh.nl\\\/nl\\\/\",\"name\":\"Jansen & Heuning\",\"description\":\"Bulk Handling Systems\",\"publisher\":{\"@id\":\"https:\\\/\\\/jh.nl\\\/nl\\\/#organization\"},\"alternateName\":\"J&H\",\"potentialAction\":[{\"@type\":\"SearchAction\",\"target\":{\"@type\":\"EntryPoint\",\"urlTemplate\":\"https:\\\/\\\/jh.nl\\\/nl\\\/?s={search_term_string}\"},\"query-input\":{\"@type\":\"PropertyValueSpecification\",\"valueRequired\":true,\"valueName\":\"search_term_string\"}}],\"inLanguage\":\"de\"},{\"@type\":\"Organization\",\"@id\":\"https:\\\/\\\/jh.nl\\\/nl\\\/#organization\",\"name\":\"Jansen & Heuning\",\"alternateName\":\"J&H\",\"url\":\"https:\\\/\\\/jh.nl\\\/nl\\\/\",\"logo\":{\"@type\":\"ImageObject\",\"inLanguage\":\"de\",\"@id\":\"https:\\\/\\\/jh.nl\\\/nl\\\/#\\\/schema\\\/logo\\\/image\\\/\",\"url\":\"https:\\\/\\\/jh.nl\\\/wp-content\\\/uploads\\\/2022\\\/05\\\/JH-logo-scaled.gif\",\"contentUrl\":\"https:\\\/\\\/jh.nl\\\/wp-content\\\/uploads\\\/2022\\\/05\\\/JH-logo-scaled.gif\",\"width\":2560,\"height\":429,\"caption\":\"Jansen & Heuning\"},\"image\":{\"@id\":\"https:\\\/\\\/jh.nl\\\/nl\\\/#\\\/schema\\\/logo\\\/image\\\/\"},\"sameAs\":[\"https:\\\/\\\/www.facebook.com\\\/JansenHeuning\",\"https:\\\/\\\/www.youtube.com\\\/user\\\/JansenenHeuning\\\/featured\",\"https:\\\/\\\/www.linkedin.com\\\/company\\\/1768497\\\/\"]}]}<\/script>\n<!-- \/ Yoast SEO plugin. -->","yoast_head_json":{"title":"Gurtf\u00f6rderer - leichte Ausf\u00fchrung | Jansen&amp;Heuning","description":"Gurtf\u00f6rderer - leichte Ausf\u00fchrung | Jansen&amp;Heuning","robots":{"index":"index","follow":"follow","max-snippet":"max-snippet:-1","max-image-preview":"max-image-preview:large","max-video-preview":"max-video-preview:-1"},"canonical":"https:\/\/jh.nl\/de\/product\/gurtfoerderer-modulare-ausfuehrung\/","og_locale":"de_DE","og_type":"article","og_title":"Gurtf\u00f6rderer - leichte Ausf\u00fchrung | Jansen&amp;Heuning","og_description":"Gurtf\u00f6rderer - leichte Ausf\u00fchrung | Jansen&amp;Heuning","og_url":"https:\/\/jh.nl\/de\/product\/gurtfoerderer-modulare-ausfuehrung\/","og_site_name":"Jansen&amp;Heuning","article_publisher":"https:\/\/www.facebook.com\/JansenHeuning","article_modified_time":"2025-05-28T13:48:24+00:00","og_image":[{"width":640,"height":427,"url":"https:\/\/jh.nl\/wp-content\/uploads\/2019\/03\/Graaco-fotos-website-1.jpeg","type":"image\/jpeg"}],"twitter_card":"summary_large_image","twitter_misc":{"Gesch\u00e4tzte Lesezeit":"2\u00a0Minuten"},"schema":{"@context":"https:\/\/schema.org","@graph":[{"@type":"WebPage","@id":"https:\/\/jh.nl\/de\/product\/gurtfoerderer-modulare-ausfuehrung\/","url":"https:\/\/jh.nl\/de\/product\/gurtfoerderer-modulare-ausfuehrung\/","name":"Gurtf\u00f6rderer - leichte Ausf\u00fchrung | Jansen&amp;Heuning","isPartOf":{"@id":"https:\/\/jh.nl\/nl\/#website"},"primaryImageOfPage":{"@id":"https:\/\/jh.nl\/de\/product\/gurtfoerderer-modulare-ausfuehrung\/#primaryimage"},"image":{"@id":"https:\/\/jh.nl\/de\/product\/gurtfoerderer-modulare-ausfuehrung\/#primaryimage"},"thumbnailUrl":"https:\/\/jh.nl\/wp-content\/uploads\/2019\/03\/Graaco-fotos-website-1.jpeg","datePublished":"2019-03-26T13:36:21+00:00","dateModified":"2025-05-28T13:48:24+00:00","description":"Gurtf\u00f6rderer - leichte Ausf\u00fchrung | Jansen&amp;Heuning","breadcrumb":{"@id":"https:\/\/jh.nl\/de\/product\/gurtfoerderer-modulare-ausfuehrung\/#breadcrumb"},"inLanguage":"de","potentialAction":[{"@type":"ReadAction","target":["https:\/\/jh.nl\/de\/product\/gurtfoerderer-modulare-ausfuehrung\/"]}]},{"@type":"ImageObject","inLanguage":"de","@id":"https:\/\/jh.nl\/de\/product\/gurtfoerderer-modulare-ausfuehrung\/#primaryimage","url":"https:\/\/jh.nl\/wp-content\/uploads\/2019\/03\/Graaco-fotos-website-1.jpeg","contentUrl":"https:\/\/jh.nl\/wp-content\/uploads\/2019\/03\/Graaco-fotos-website-1.jpeg","width":640,"height":427,"caption":"Lichte bandtransporteur met rubber transportband voor het vervoeren van graan in een opslaginstallatie"},{"@type":"BreadcrumbList","@id":"https:\/\/jh.nl\/de\/product\/gurtfoerderer-modulare-ausfuehrung\/#breadcrumb","itemListElement":[{"@type":"ListItem","position":1,"name":"Home","item":"https:\/\/jh.nl\/de\/"},{"@type":"ListItem","position":2,"name":"Producten","item":"https:\/\/jh.nl\/nl\/producten\/"},{"@type":"ListItem","position":3,"name":"Gurtf\u00f6rderer","item":"https:\/\/jh.nl\/de\/produkt-kategorie\/gurtfoerderer\/"},{"@type":"ListItem","position":4,"name":"Gurtf\u00f6rderer &#8211; leichte Ausf\u00fchrung"}]},{"@type":"WebSite","@id":"https:\/\/jh.nl\/nl\/#website","url":"https:\/\/jh.nl\/nl\/","name":"Jansen & Heuning","description":"Bulk Handling Systems","publisher":{"@id":"https:\/\/jh.nl\/nl\/#organization"},"alternateName":"J&H","potentialAction":[{"@type":"SearchAction","target":{"@type":"EntryPoint","urlTemplate":"https:\/\/jh.nl\/nl\/?s={search_term_string}"},"query-input":{"@type":"PropertyValueSpecification","valueRequired":true,"valueName":"search_term_string"}}],"inLanguage":"de"},{"@type":"Organization","@id":"https:\/\/jh.nl\/nl\/#organization","name":"Jansen & Heuning","alternateName":"J&H","url":"https:\/\/jh.nl\/nl\/","logo":{"@type":"ImageObject","inLanguage":"de","@id":"https:\/\/jh.nl\/nl\/#\/schema\/logo\/image\/","url":"https:\/\/jh.nl\/wp-content\/uploads\/2022\/05\/JH-logo-scaled.gif","contentUrl":"https:\/\/jh.nl\/wp-content\/uploads\/2022\/05\/JH-logo-scaled.gif","width":2560,"height":429,"caption":"Jansen & Heuning"},"image":{"@id":"https:\/\/jh.nl\/nl\/#\/schema\/logo\/image\/"},"sameAs":["https:\/\/www.facebook.com\/JansenHeuning","https:\/\/www.youtube.com\/user\/JansenenHeuning\/featured","https:\/\/www.linkedin.com\/company\/1768497\/"]}]}},"_links":{"self":[{"href":"https:\/\/jh.nl\/de\/wp-json\/wp\/v2\/product\/11163","targetHints":{"allow":["GET"]}}],"collection":[{"href":"https:\/\/jh.nl\/de\/wp-json\/wp\/v2\/product"}],"about":[{"href":"https:\/\/jh.nl\/de\/wp-json\/wp\/v2\/types\/product"}],"replies":[{"embeddable":true,"href":"https:\/\/jh.nl\/de\/wp-json\/wp\/v2\/comments?post=11163"}],"wp:featuredmedia":[{"embeddable":true,"href":"https:\/\/jh.nl\/de\/wp-json\/wp\/v2\/media\/13907"}],"wp:attachment":[{"href":"https:\/\/jh.nl\/de\/wp-json\/wp\/v2\/media?parent=11163"}],"wp:term":[{"taxonomy":"product_brand","embeddable":true,"href":"https:\/\/jh.nl\/de\/wp-json\/wp\/v2\/product_brand?post=11163"},{"taxonomy":"product_cat","embeddable":true,"href":"https:\/\/jh.nl\/de\/wp-json\/wp\/v2\/product_cat?post=11163"},{"taxonomy":"product_tag","embeddable":true,"href":"https:\/\/jh.nl\/de\/wp-json\/wp\/v2\/product_tag?post=11163"}],"curies":[{"name":"wp","href":"https:\/\/api.w.org\/{rel}","templated":true}]}}