{"id":11754,"date":"2018-12-17T15:26:03","date_gmt":"2018-12-17T14:26:03","guid":{"rendered":"https:\/\/jh.nl\/?post_type=product&#038;p=11754"},"modified":"2026-04-21T14:34:33","modified_gmt":"2026-04-21T12:34:33","slug":"big-bag-robot","status":"publish","type":"product","link":"https:\/\/jh.nl\/de\/product\/big-bag-robot\/","title":{"rendered":"Big-Bag-Robot"},"content":{"rendered":"<p data-start=\"2923\" data-end=\"3302\">Der Big-Bag-Robot automatisiert das Bef\u00fcllen, Aufh\u00e4ngen und F\u00f6rdern von FIBCs vollst\u00e4ndig und erh\u00f6ht die Effizienz sowie die Sicherheit des Prozesses. Bei diesem patentierten System sind die Hebeschlaufen durch d\u00fcnne Schn\u00fcre miteinander verbunden, die am F\u00fcllstutzen zusammenlaufen, sodass sich dieser automatisch entfaltet und einfach \u00fcber das F\u00fcllrohr positioniert werden kann.<\/p>\n<h2 data-start=\"3304\" data-end=\"3331\"><strong data-start=\"3304\" data-end=\"3331\">Anwendung Big-Bag-Robot<\/strong><\/h2>\n<p data-start=\"3333\" data-end=\"3487\">Der Big-Bag-Robot ist f\u00fcr das effiziente Bef\u00fcllen gro\u00dfer Mengen von Big-Bags pro Jahr ausgelegt, mit einer Kapazit\u00e4t von etwa 50 bis 100 St\u00fcck pro Stunde.<\/p>\n<p data-start=\"3489\" data-end=\"3703\">Big-Bags werden f\u00fcr verschiedene Sch\u00fcttg\u00fcter eingesetzt, abh\u00e4ngig von den physikalischen Eigenschaften des Materials, wie Pulver, Granulate und Pellets, Flocken, kristalline Produkte, grobe Sch\u00fcttg\u00fcter und Pellets.<\/p>\n<p><iframe src=\"https:\/\/www.youtube.com\/embed\/sQvGqoTMoDo\" width=\"560\" height=\"315\" frameborder=\"0\" data-mce-fragment=\"1\"><\/iframe><\/p>\n<p><strong>F\u00fcr diese Erfindung erhielt Jansen&amp;Heuning das Patent NL2002251<\/strong><\/p>\n<h2 data-start=\"3705\" data-end=\"3737\"><strong data-start=\"3705\" data-end=\"3737\">Funktionsweise Big-Bag-Robot<\/strong><\/h2>\n<ul>\n<li data-start=\"3739\" data-end=\"4795\">Eine leere Palette wird aus dem Palettenmagazin auf die F\u00fcllposition gelegt<\/li>\n<li data-start=\"3739\" data-end=\"4795\">Ein Saugnapf und Greifarme nehmen einen leeren Big-Bag vom Stapel auf und entfalten ihn<\/li>\n<li data-start=\"3739\" data-end=\"4795\">Die Arme bewegen sich in einer halbkreisf\u00f6rmigen Bewegung<\/li>\n<li data-start=\"3739\" data-end=\"4795\">Der ge\u00f6ffnete F\u00fcllstutzen wird \u00fcber das F\u00fcllrohr positioniert<\/li>\n<li data-start=\"3739\" data-end=\"4795\">Die aufblasbare Manschette am F\u00fcllrohr dichtet den Stutzen ab<\/li>\n<li data-start=\"3739\" data-end=\"4795\">Der Big-Bag wird aufgeblasen, um eine stabile Form zu erhalten<\/li>\n<li data-start=\"3739\" data-end=\"4795\">Die Hebeschlaufen werden gel\u00f6st<\/li>\n<li data-start=\"3739\" data-end=\"4795\">Die Palette f\u00e4hrt nach oben, st\u00fctzt den Big-Bag w\u00e4hrend des Bef\u00fcllens und wiegt den Nettoinhalt<\/li>\n<li data-start=\"3739\" data-end=\"4795\">Das Produkt wird in den Big-Bag eingef\u00fcllt, wobei der letzte Teil dosiert wird, um ein exaktes F\u00fcllgewicht zu erreichen<\/li>\n<li data-start=\"3739\" data-end=\"4795\">Der Big-Bag wird leicht angehoben, sodass der F\u00fcllstutzen spannungsfrei ist<\/li>\n<li data-start=\"3739\" data-end=\"4795\">Die aufblasbare Manschette entleert sich und gibt den Stutzen frei<\/li>\n<li data-start=\"3739\" data-end=\"4795\">Der F\u00fcllstutzen wird automatisch verschlossen<\/li>\n<li data-start=\"3739\" data-end=\"4795\">Der Big-Bag wird auf das Niveau der Abf\u00f6rderrollenbahn abgesenkt und darauf \u00fcbergeben<\/li>\n<li data-start=\"3739\" data-end=\"4795\">W\u00e4hrenddessen nimmt der zweite Arm bereits einen neuen Big-Bag auf und der Zyklus beginnt erneut<\/li>\n<\/ul>\n<h2 data-start=\"4797\" data-end=\"4830\"><strong data-start=\"4797\" data-end=\"4830\">Spezifikationen Big-Bag-Robot<\/strong><\/h2>\n<ul>\n<li data-start=\"4832\" data-end=\"5200\">Kapazit\u00e4t f\u00fcr Einarm-Ausf\u00fchrung ca. 50 St\u00fcck pro Stunde<\/li>\n<li data-start=\"4832\" data-end=\"5200\">Kapazit\u00e4t f\u00fcr Doppelausf\u00fchrung mit Dreharm ca. 100 St\u00fcck pro Stunde<\/li>\n<li data-start=\"4832\" data-end=\"5200\">Alle g\u00e4ngigen Big-Bag-Abmessungen sind m\u00f6glich<\/li>\n<li data-start=\"4832\" data-end=\"5200\">Zufuhr leerer und Abtransport gef\u00fcllter FIBCs k\u00f6nnen vollst\u00e4ndig automatisiert werden. Gabelstapler \u00fcbernehmen den Abtransport gef\u00fcllter Big-Bags sowie die Zufuhr leerer Paletten und Stapel<\/li>\n<\/ul>\n<h2 data-start=\"5202\" data-end=\"5228\"><strong data-start=\"5202\" data-end=\"5228\">Vorteile Big-Bag-Robot<\/strong><\/h2>\n<p data-start=\"5230\" data-end=\"5423\">Vollautomatisches Aufh\u00e4ngen, Bef\u00fcllen und Abf\u00fchren von Big-Bags<br data-start=\"5293\" data-end=\"5296\" \/>Kein physischer Bediener erforderlich, lediglich ein oder mehrere Gabelstapler<br data-start=\"5374\" data-end=\"5377\" \/>Geeignet f\u00fcr Gabelstapler mit Standardgabeln<\/p>\n<h3 data-start=\"5425\" data-end=\"5474\"><strong data-start=\"5425\" data-end=\"5474\">Ausf\u00fchrungsoptionen und Zubeh\u00f6r Big-Bag-Robot<\/strong><\/h3>\n<p data-start=\"5476\" data-end=\"5802\">Das patentierte System zum Aufnehmen der Big-Bags bietet zahlreiche Ausf\u00fchrungsvarianten. F\u00fcr eine Kapazit\u00e4t von bis zu 100 St\u00fcck pro Stunde ist ein System mit zwei Armen erforderlich. Ein einfacheres System mit einem Aufnahmemechanismus ist ebenfalls m\u00f6glich und erreicht eine Kapazit\u00e4t von etwa 50 bis 60 St\u00fcck pro Stunde.<\/p>\n<p data-start=\"5804\" data-end=\"5873\">Der Betrieb ohne Paletten unter den Big-Bags ist ebenfalls m\u00f6glich.<\/p>\n<article class=\"text-token-text-primary w-full\" dir=\"auto\" data-testid=\"conversation-turn-151\" data-scroll-anchor=\"true\">\n<div class=\"text-base my-auto mx-auto pb-10 [--thread-content-margin:--spacing(4)] @[37rem]:[--thread-content-margin:--spacing(6)] @[72rem]:[--thread-content-margin:--spacing(16)] px-(--thread-content-margin)\">\n<div class=\"[--thread-content-max-width:32rem] @[34rem]:[--thread-content-max-width:40rem] @[64rem]:[--thread-content-max-width:48rem] mx-auto flex max-w-(--thread-content-max-width) flex-1 text-base gap-4 md:gap-5 lg:gap-6 group\/turn-messages focus-visible:outline-hidden\" tabindex=\"-1\">\n<div class=\"group\/conversation-turn relative flex w-full min-w-0 flex-col agent-turn\">\n<div class=\"relative flex-col gap-1 md:gap-3\">\n<div class=\"flex max-w-full flex-col grow\">\n<div class=\"min-h-8 text-message relative flex w-full flex-col items-end gap-2 text-start break-words whitespace-normal [.text-message+&amp;]:mt-5\" dir=\"auto\" data-message-author-role=\"assistant\" data-message-id=\"8a2d64dd-5050-49f0-87be-ef839967f4a4\" data-message-model-slug=\"gpt-4o\">\n<div class=\"flex w-full flex-col gap-1 empty:hidden first:pt-[3px]\">\n<div class=\"markdown prose dark:prose-invert w-full break-words light\">\n<h3 data-start=\"1350\" data-end=\"1461\"><strong data-start=\"1350\" data-end=\"1361\">Kontakt<\/strong><\/h3>\n<p data-start=\"1350\" data-end=\"1461\">\u00fcr weitere Informationen oder ein individuelles Angebot wenden Sie sich bitte an Jansen&amp;Heuning.<\/p>\n<\/div>\n<\/div>\n<\/div>\n<\/div>\n<\/div>\n<\/div>\n<\/div>\n<\/div>\n<\/article>\n<ul>\n<li>Telefon:\u00a0<a href=\"callto:+31503126448\">+31(0)50 3126 448<\/a><\/li>\n<li>E-mail:\u00a0<a href=\"mailto:sales@jh.nl\">sales@jh.nl<\/a>\u200b<\/li>\n<li>Kontaktformular:\u00a0<a href=\"https:\/\/jh.nl\/de\/contact\/\">jh.de\/kontakt\/<\/a><\/li>\n<\/ul>\n","protected":false},"excerpt":{"rendered":"<p>Der Big-Bag-Robot automatisiert das Bef\u00fcllen, Aufh\u00e4ngen und F\u00f6rdern von FIBCs&#8230;<\/p>\n","protected":false},"featured_media":11686,"comment_status":"open","ping_status":"closed","template":"","meta":{"_acf_changed":false},"product_brand":[],"product_cat":[1003],"product_tag":[],"class_list":{"0":"post-11754","1":"product","2":"type-product","3":"status-publish","4":"has-post-thumbnail","6":"product_cat-big-bag-befoellen","8":"first","9":"instock","10":"taxable","11":"shipping-taxable","12":"product-type-simple"},"acf":[],"yoast_head":"<!-- This site is optimized with the Yoast SEO plugin v27.5 - https:\/\/yoast.com\/product\/yoast-seo-wordpress\/ -->\n<title>Big-Bag Robot Automatisches Bef\u00fcllen | Jansen&amp;Heuning<\/title>\n<meta name=\"description\" content=\"Big-Bag Robot f\u00fcr automatisches Bef\u00fcllen und Handling von FIBCs. Kapazit\u00e4t bis 100 Big-Bags pro Stunde bei minimalem Personalaufwand.\" \/>\n<meta name=\"robots\" content=\"index, follow, max-snippet:-1, max-image-preview:large, max-video-preview:-1\" \/>\n<link rel=\"canonical\" href=\"https:\/\/jh.nl\/de\/product\/big-bag-robot\/\" \/>\n<meta property=\"og:locale\" content=\"de_DE\" \/>\n<meta property=\"og:type\" content=\"article\" \/>\n<meta property=\"og:title\" content=\"Big-Bag Robot Automatisches Bef\u00fcllen | Jansen&amp;Heuning\" \/>\n<meta property=\"og:description\" content=\"Big-Bag Robot f\u00fcr automatisches Bef\u00fcllen und Handling von FIBCs. Kapazit\u00e4t bis 100 Big-Bags pro Stunde bei minimalem Personalaufwand.\" \/>\n<meta property=\"og:url\" content=\"https:\/\/jh.nl\/de\/product\/big-bag-robot\/\" \/>\n<meta property=\"og:site_name\" content=\"Jansen&amp;Heuning\" \/>\n<meta property=\"article:publisher\" content=\"https:\/\/www.facebook.com\/JansenHeuning\" \/>\n<meta property=\"article:modified_time\" content=\"2026-04-21T12:34:33+00:00\" \/>\n<meta property=\"og:image\" content=\"https:\/\/jh.nl\/wp-content\/uploads\/2018\/12\/FIBC-robot-3D-presentation-723x1024.jpg\" \/>\n\t<meta property=\"og:image:width\" content=\"723\" \/>\n\t<meta property=\"og:image:height\" content=\"1024\" \/>\n\t<meta property=\"og:image:type\" content=\"image\/jpeg\" \/>\n<meta name=\"twitter:card\" content=\"summary_large_image\" \/>\n<meta name=\"twitter:label1\" content=\"Gesch\u00e4tzte Lesezeit\" \/>\n\t<meta name=\"twitter:data1\" content=\"3\u00a0Minuten\" \/>\n<script type=\"application\/ld+json\" class=\"yoast-schema-graph\">{\"@context\":\"https:\\\/\\\/schema.org\",\"@graph\":[{\"@type\":\"WebPage\",\"@id\":\"https:\\\/\\\/jh.nl\\\/de\\\/product\\\/big-bag-robot\\\/\",\"url\":\"https:\\\/\\\/jh.nl\\\/de\\\/product\\\/big-bag-robot\\\/\",\"name\":\"Big-Bag Robot Automatisches Bef\u00fcllen | Jansen&Heuning\",\"isPartOf\":{\"@id\":\"https:\\\/\\\/jh.nl\\\/nl\\\/#website\"},\"primaryImageOfPage\":{\"@id\":\"https:\\\/\\\/jh.nl\\\/de\\\/product\\\/big-bag-robot\\\/#primaryimage\"},\"image\":{\"@id\":\"https:\\\/\\\/jh.nl\\\/de\\\/product\\\/big-bag-robot\\\/#primaryimage\"},\"thumbnailUrl\":\"https:\\\/\\\/jh.nl\\\/wp-content\\\/uploads\\\/2018\\\/12\\\/FIBC-robot-3D-presentation.jpg\",\"datePublished\":\"2018-12-17T14:26:03+00:00\",\"dateModified\":\"2026-04-21T12:34:33+00:00\",\"description\":\"Big-Bag Robot f\u00fcr automatisches Bef\u00fcllen und Handling von FIBCs. Kapazit\u00e4t bis 100 Big-Bags pro Stunde bei minimalem Personalaufwand.\",\"breadcrumb\":{\"@id\":\"https:\\\/\\\/jh.nl\\\/de\\\/product\\\/big-bag-robot\\\/#breadcrumb\"},\"inLanguage\":\"de\",\"potentialAction\":[{\"@type\":\"ReadAction\",\"target\":[\"https:\\\/\\\/jh.nl\\\/de\\\/product\\\/big-bag-robot\\\/\"]}]},{\"@type\":\"ImageObject\",\"inLanguage\":\"de\",\"@id\":\"https:\\\/\\\/jh.nl\\\/de\\\/product\\\/big-bag-robot\\\/#primaryimage\",\"url\":\"https:\\\/\\\/jh.nl\\\/wp-content\\\/uploads\\\/2018\\\/12\\\/FIBC-robot-3D-presentation.jpg\",\"contentUrl\":\"https:\\\/\\\/jh.nl\\\/wp-content\\\/uploads\\\/2018\\\/12\\\/FIBC-robot-3D-presentation.jpg\",\"width\":7017,\"height\":9934,\"caption\":\"De Bigbag Robot vult, opent en hangt bigbags op, waarna de heftruck deze direct kan oppakken en verplaatsen zonder dat de chauffeur hoeft uit te stappen\"},{\"@type\":\"BreadcrumbList\",\"@id\":\"https:\\\/\\\/jh.nl\\\/de\\\/product\\\/big-bag-robot\\\/#breadcrumb\",\"itemListElement\":[{\"@type\":\"ListItem\",\"position\":1,\"name\":\"Home\",\"item\":\"https:\\\/\\\/jh.nl\\\/de\\\/\"},{\"@type\":\"ListItem\",\"position\":2,\"name\":\"Producten\",\"item\":\"https:\\\/\\\/jh.nl\\\/nl\\\/producten\\\/\"},{\"@type\":\"ListItem\",\"position\":3,\"name\":\"Big-Bag-Handling\",\"item\":\"https:\\\/\\\/jh.nl\\\/de\\\/produkt-kategorie\\\/bigbaghandling\\\/\"},{\"@type\":\"ListItem\",\"position\":4,\"name\":\"Big-Bag Bef\u00fcllen\",\"item\":\"https:\\\/\\\/jh.nl\\\/de\\\/produkt-kategorie\\\/bigbaghandling\\\/big-bag-befoellen\\\/\"},{\"@type\":\"ListItem\",\"position\":5,\"name\":\"Big-Bag-Robot\"}]},{\"@type\":\"WebSite\",\"@id\":\"https:\\\/\\\/jh.nl\\\/nl\\\/#website\",\"url\":\"https:\\\/\\\/jh.nl\\\/nl\\\/\",\"name\":\"Jansen & Heuning\",\"description\":\"Bulk Handling Systems\",\"publisher\":{\"@id\":\"https:\\\/\\\/jh.nl\\\/nl\\\/#organization\"},\"alternateName\":\"J&H\",\"potentialAction\":[{\"@type\":\"SearchAction\",\"target\":{\"@type\":\"EntryPoint\",\"urlTemplate\":\"https:\\\/\\\/jh.nl\\\/nl\\\/?s={search_term_string}\"},\"query-input\":{\"@type\":\"PropertyValueSpecification\",\"valueRequired\":true,\"valueName\":\"search_term_string\"}}],\"inLanguage\":\"de\"},{\"@type\":\"Organization\",\"@id\":\"https:\\\/\\\/jh.nl\\\/nl\\\/#organization\",\"name\":\"Jansen & Heuning\",\"alternateName\":\"J&H\",\"url\":\"https:\\\/\\\/jh.nl\\\/nl\\\/\",\"logo\":{\"@type\":\"ImageObject\",\"inLanguage\":\"de\",\"@id\":\"https:\\\/\\\/jh.nl\\\/nl\\\/#\\\/schema\\\/logo\\\/image\\\/\",\"url\":\"https:\\\/\\\/jh.nl\\\/wp-content\\\/uploads\\\/2022\\\/05\\\/JH-logo-scaled.gif\",\"contentUrl\":\"https:\\\/\\\/jh.nl\\\/wp-content\\\/uploads\\\/2022\\\/05\\\/JH-logo-scaled.gif\",\"width\":2560,\"height\":429,\"caption\":\"Jansen & Heuning\"},\"image\":{\"@id\":\"https:\\\/\\\/jh.nl\\\/nl\\\/#\\\/schema\\\/logo\\\/image\\\/\"},\"sameAs\":[\"https:\\\/\\\/www.facebook.com\\\/JansenHeuning\",\"https:\\\/\\\/www.youtube.com\\\/user\\\/JansenenHeuning\\\/featured\",\"https:\\\/\\\/www.linkedin.com\\\/company\\\/1768497\\\/\"]}]}<\/script>\n<!-- \/ Yoast SEO plugin. -->","yoast_head_json":{"title":"Big-Bag Robot Automatisches Bef\u00fcllen | Jansen&Heuning","description":"Big-Bag Robot f\u00fcr automatisches Bef\u00fcllen und Handling von FIBCs. Kapazit\u00e4t bis 100 Big-Bags pro Stunde bei minimalem Personalaufwand.","robots":{"index":"index","follow":"follow","max-snippet":"max-snippet:-1","max-image-preview":"max-image-preview:large","max-video-preview":"max-video-preview:-1"},"canonical":"https:\/\/jh.nl\/de\/product\/big-bag-robot\/","og_locale":"de_DE","og_type":"article","og_title":"Big-Bag Robot Automatisches Bef\u00fcllen | Jansen&Heuning","og_description":"Big-Bag Robot f\u00fcr automatisches Bef\u00fcllen und Handling von FIBCs. Kapazit\u00e4t bis 100 Big-Bags pro Stunde bei minimalem Personalaufwand.","og_url":"https:\/\/jh.nl\/de\/product\/big-bag-robot\/","og_site_name":"Jansen&amp;Heuning","article_publisher":"https:\/\/www.facebook.com\/JansenHeuning","article_modified_time":"2026-04-21T12:34:33+00:00","og_image":[{"width":723,"height":1024,"url":"https:\/\/jh.nl\/wp-content\/uploads\/2018\/12\/FIBC-robot-3D-presentation-723x1024.jpg","type":"image\/jpeg"}],"twitter_card":"summary_large_image","twitter_misc":{"Gesch\u00e4tzte Lesezeit":"3\u00a0Minuten"},"schema":{"@context":"https:\/\/schema.org","@graph":[{"@type":"WebPage","@id":"https:\/\/jh.nl\/de\/product\/big-bag-robot\/","url":"https:\/\/jh.nl\/de\/product\/big-bag-robot\/","name":"Big-Bag Robot Automatisches Bef\u00fcllen | Jansen&Heuning","isPartOf":{"@id":"https:\/\/jh.nl\/nl\/#website"},"primaryImageOfPage":{"@id":"https:\/\/jh.nl\/de\/product\/big-bag-robot\/#primaryimage"},"image":{"@id":"https:\/\/jh.nl\/de\/product\/big-bag-robot\/#primaryimage"},"thumbnailUrl":"https:\/\/jh.nl\/wp-content\/uploads\/2018\/12\/FIBC-robot-3D-presentation.jpg","datePublished":"2018-12-17T14:26:03+00:00","dateModified":"2026-04-21T12:34:33+00:00","description":"Big-Bag Robot f\u00fcr automatisches Bef\u00fcllen und Handling von FIBCs. Kapazit\u00e4t bis 100 Big-Bags pro Stunde bei minimalem Personalaufwand.","breadcrumb":{"@id":"https:\/\/jh.nl\/de\/product\/big-bag-robot\/#breadcrumb"},"inLanguage":"de","potentialAction":[{"@type":"ReadAction","target":["https:\/\/jh.nl\/de\/product\/big-bag-robot\/"]}]},{"@type":"ImageObject","inLanguage":"de","@id":"https:\/\/jh.nl\/de\/product\/big-bag-robot\/#primaryimage","url":"https:\/\/jh.nl\/wp-content\/uploads\/2018\/12\/FIBC-robot-3D-presentation.jpg","contentUrl":"https:\/\/jh.nl\/wp-content\/uploads\/2018\/12\/FIBC-robot-3D-presentation.jpg","width":7017,"height":9934,"caption":"De Bigbag Robot vult, opent en hangt bigbags op, waarna de heftruck deze direct kan oppakken en verplaatsen zonder dat de chauffeur hoeft uit te stappen"},{"@type":"BreadcrumbList","@id":"https:\/\/jh.nl\/de\/product\/big-bag-robot\/#breadcrumb","itemListElement":[{"@type":"ListItem","position":1,"name":"Home","item":"https:\/\/jh.nl\/de\/"},{"@type":"ListItem","position":2,"name":"Producten","item":"https:\/\/jh.nl\/nl\/producten\/"},{"@type":"ListItem","position":3,"name":"Big-Bag-Handling","item":"https:\/\/jh.nl\/de\/produkt-kategorie\/bigbaghandling\/"},{"@type":"ListItem","position":4,"name":"Big-Bag Bef\u00fcllen","item":"https:\/\/jh.nl\/de\/produkt-kategorie\/bigbaghandling\/big-bag-befoellen\/"},{"@type":"ListItem","position":5,"name":"Big-Bag-Robot"}]},{"@type":"WebSite","@id":"https:\/\/jh.nl\/nl\/#website","url":"https:\/\/jh.nl\/nl\/","name":"Jansen & Heuning","description":"Bulk Handling Systems","publisher":{"@id":"https:\/\/jh.nl\/nl\/#organization"},"alternateName":"J&H","potentialAction":[{"@type":"SearchAction","target":{"@type":"EntryPoint","urlTemplate":"https:\/\/jh.nl\/nl\/?s={search_term_string}"},"query-input":{"@type":"PropertyValueSpecification","valueRequired":true,"valueName":"search_term_string"}}],"inLanguage":"de"},{"@type":"Organization","@id":"https:\/\/jh.nl\/nl\/#organization","name":"Jansen & Heuning","alternateName":"J&H","url":"https:\/\/jh.nl\/nl\/","logo":{"@type":"ImageObject","inLanguage":"de","@id":"https:\/\/jh.nl\/nl\/#\/schema\/logo\/image\/","url":"https:\/\/jh.nl\/wp-content\/uploads\/2022\/05\/JH-logo-scaled.gif","contentUrl":"https:\/\/jh.nl\/wp-content\/uploads\/2022\/05\/JH-logo-scaled.gif","width":2560,"height":429,"caption":"Jansen & Heuning"},"image":{"@id":"https:\/\/jh.nl\/nl\/#\/schema\/logo\/image\/"},"sameAs":["https:\/\/www.facebook.com\/JansenHeuning","https:\/\/www.youtube.com\/user\/JansenenHeuning\/featured","https:\/\/www.linkedin.com\/company\/1768497\/"]}]}},"_links":{"self":[{"href":"https:\/\/jh.nl\/de\/wp-json\/wp\/v2\/product\/11754","targetHints":{"allow":["GET"]}}],"collection":[{"href":"https:\/\/jh.nl\/de\/wp-json\/wp\/v2\/product"}],"about":[{"href":"https:\/\/jh.nl\/de\/wp-json\/wp\/v2\/types\/product"}],"replies":[{"embeddable":true,"href":"https:\/\/jh.nl\/de\/wp-json\/wp\/v2\/comments?post=11754"}],"wp:featuredmedia":[{"embeddable":true,"href":"https:\/\/jh.nl\/de\/wp-json\/wp\/v2\/media\/11686"}],"wp:attachment":[{"href":"https:\/\/jh.nl\/de\/wp-json\/wp\/v2\/media?parent=11754"}],"wp:term":[{"taxonomy":"product_brand","embeddable":true,"href":"https:\/\/jh.nl\/de\/wp-json\/wp\/v2\/product_brand?post=11754"},{"taxonomy":"product_cat","embeddable":true,"href":"https:\/\/jh.nl\/de\/wp-json\/wp\/v2\/product_cat?post=11754"},{"taxonomy":"product_tag","embeddable":true,"href":"https:\/\/jh.nl\/de\/wp-json\/wp\/v2\/product_tag?post=11754"}],"curies":[{"name":"wp","href":"https:\/\/api.w.org\/{rel}","templated":true}]}}