{"id":11768,"date":"2019-04-05T11:53:17","date_gmt":"2019-04-05T09:53:17","guid":{"rendered":"https:\/\/jh.nl\/?post_type=product&#038;p=11768"},"modified":"2026-04-13T15:16:19","modified_gmt":"2026-04-13T13:16:19","slug":"big-bag-fuellstationen","status":"publish","type":"product","link":"https:\/\/jh.nl\/de\/product\/big-bag-fuellstationen\/","title":{"rendered":"Big-Bag F\u00fcllstationen"},"content":{"rendered":"<div class=\"floatLeft\">\n<p>Die Bef\u00fcllung von <b><strong>Big-Bags (FIBCs)<\/strong><\/b> ist ein wesentlicher Bestandteil von Sch\u00fcttgutprozessen in Sektoren wie Lebensmittel, Chemikalien, Baustoffe und landwirtschaftliche Produkte. Eine genaue und rationelle Bef\u00fcllung bestimmt die Produktqualit\u00e4t, die Sicherheit w\u00e4hrend des Transports und die Effizienz des Verpackungsprozesses. Jansen&amp;Heuning entwickelt und liefert modulare Big-Bag-Abf\u00fcllstationen, die auf die Produktspezifikationen, die Verpackungsziele und den verf\u00fcgbaren Platz am Standort zugeschnitten sind.<\/p>\n<h3><b><strong>Ma\u00dfgeschneiderte L\u00f6sungen f\u00fcr jede Abf\u00fcllanwendung<\/strong><\/b><\/h3>\n<p>Jeder Produktionsprozess hat seine eigenen Herausforderungen. Deshalb werden Big-Bag-Abf\u00fcllanlagen bei Jansen&amp;Heuning auf der Grundlage einer Analyse der Produkteigenschaften, der Verpackungsziele und der logistischen Voraussetzungen gebaut.<\/p>\n<p>Die Anlage kann unter anderem mit den folgenden Merkmalen ausgestattet werden:<\/p>\n<h4><b><strong>Vibrationsmechanismus f\u00fcr die Produktverdichtung<\/strong><\/b><\/h4>\n<ul>\n<li>Ein integrierter Vibrationsmotor aktiviert das Produkt w\u00e4hrend der Bef\u00fcllung, wodurch eingeschlossene Luft entweicht und ein <b><strong>kompakter, stabiler Big-Bag<\/strong><\/b> entsteht. Dies f\u00f6rdert die Stapelbarkeit und die Transportsicherheit.<\/li>\n<\/ul>\n<h4><b><strong>Integrierte Wiegetechnik<\/strong><\/b><\/h4>\n<ul>\n<li>Alle Abf\u00fcllstationen k\u00f6nnen mit einem pr\u00e4zisen Wiegesystem ausgestattet werden, das auf die Chargengewichte und -toleranzen abgestimmt ist. Dies unterst\u00fctzt sowohl die Qualit\u00e4tssicherung als auch die Prozessoptimierung.<\/li>\n<\/ul>\n<h4><b><strong>Automatisierter Palettentransport<\/strong><\/b><\/h4>\n<ul>\n<li>F\u00fcr eine reibungslose Entladung der gef\u00fcllten Big-Bags kann die Station mit einer Staurollenbahn f\u00fcr Paletten erweitert werden, wodurch die Handhabungszeit zwischen den F\u00fcllzyklen minimiert wird.<\/li>\n<\/ul>\n<h4><b><strong>DUO-Abf\u00fcllsystem f\u00fcr hohe Kapazit\u00e4t<\/strong><\/b><\/h4>\n<ul>\n<li>Um Spitzenbelastungen und eine kontinuierliche Produktion zu erm\u00f6glichen, erm\u00f6glicht das DUO-System die Bef\u00fcllung eines Big-Bags, w\u00e4hrend der n\u00e4chste bereits positioniert ist. Dies erh\u00f6ht den Durchsatz und reduziert die Ausfallzeiten.<\/li>\n<\/ul>\n<h3>Optional<\/h3>\n<p>Weitere Produkte, die f\u00fcr Sie von Interesse sein k\u00f6nnten, sind: <a href=\"https:\/\/jh.nl\/de\/produkt\/big-bag-entleerstationen\/\"><u>Big-Bag-Entleerstationen<\/u><\/a>, <a href=\"https:\/\/jh.nl\/en\/product\/big-bag-crusher\/\"><u>Big-Bag Crusher <\/u><\/a><u><a href=\"https:\/\/jh.nl\/en\/product\/big-bag-crusher\/\">Vollautomatischer<\/a><\/u>\u00a0und das <a href=\"https:\/\/jh.nl\/de\/produkt\/entladungsrohr-pipe\/\"><u>Big-Bag-Entladerohr<\/u><\/a>.<\/p>\n<\/div>\n<h3><strong>Kontakt<\/strong><\/h3>\n<p>F\u00fcr weitere Informationen oder ein ma\u00dfgeschneidertes Angebot wenden Sie sich bitte an Jansen&amp;Heuning:<\/p>\n<ul>\n<li>Telefon: <a href=\"callto:+310503126448\">+31(0)50 3126 448<\/a><\/li>\n<li>E-Mail: <a href=\"mailto:sales@jh.nl\">sales@jh.nl<\/a><\/li>\n<li>Kontaktformular: <a href=\"http:\/\/jh.nl\/de\/kontakt\">jh.nl\/de\/kontakt<\/a><\/li>\n<\/ul>\n","protected":false},"excerpt":{"rendered":"<p>Die Bef\u00fcllung von Big-Bags (FIBCs) ist ein wesentlicher Bestandteil von&#8230;<\/p>\n","protected":false},"featured_media":28007,"comment_status":"open","ping_status":"closed","template":"","meta":{"_acf_changed":false},"product_brand":[],"product_cat":[1003],"product_tag":[],"class_list":{"0":"post-11768","1":"product","2":"type-product","3":"status-publish","4":"has-post-thumbnail","6":"product_cat-big-bag-befoellen","8":"first","9":"instock","10":"taxable","11":"shipping-taxable","12":"product-type-simple"},"acf":[],"yoast_head":"<!-- This site is optimized with the Yoast SEO plugin v27.4 - https:\/\/yoast.com\/product\/yoast-seo-wordpress\/ -->\n<title>Big-Bag F\u00fcllstationen | Modulare FIBC-F\u00fcllstationen<\/title>\n<meta name=\"description\" content=\"Pr\u00e4zise Big-Bag F\u00fcllstationen f\u00fcr Sch\u00fcttgut. Mit Wiegetechnik, Vibration, DUO-System und automatischem Palettentransport. Ma\u00dfgeschneidert und effizient.\" \/>\n<meta name=\"robots\" content=\"index, follow, max-snippet:-1, max-image-preview:large, max-video-preview:-1\" \/>\n<link rel=\"canonical\" href=\"https:\/\/jh.nl\/de\/product\/big-bag-fuellstationen\/\" \/>\n<meta property=\"og:locale\" content=\"de_DE\" \/>\n<meta property=\"og:type\" content=\"article\" \/>\n<meta property=\"og:title\" content=\"Big-Bag F\u00fcllstationen | Modulare FIBC-F\u00fcllstationen\" \/>\n<meta property=\"og:description\" content=\"Pr\u00e4zise Big-Bag F\u00fcllstationen f\u00fcr Sch\u00fcttgut. Mit Wiegetechnik, Vibration, DUO-System und automatischem Palettentransport. Ma\u00dfgeschneidert und effizient.\" \/>\n<meta property=\"og:url\" content=\"https:\/\/jh.nl\/de\/product\/big-bag-fuellstationen\/\" \/>\n<meta property=\"og:site_name\" content=\"Jansen&amp;Heuning\" \/>\n<meta property=\"article:publisher\" content=\"https:\/\/www.facebook.com\/JansenHeuning\" \/>\n<meta property=\"article:modified_time\" content=\"2026-04-13T13:16:19+00:00\" \/>\n<meta property=\"og:image\" content=\"https:\/\/jh.nl\/wp-content\/uploads\/2019\/04\/vulstation-3-1024x1024.png\" \/>\n\t<meta property=\"og:image:width\" content=\"1024\" \/>\n\t<meta property=\"og:image:height\" content=\"1024\" \/>\n\t<meta property=\"og:image:type\" content=\"image\/png\" \/>\n<meta name=\"twitter:card\" content=\"summary_large_image\" \/>\n<meta name=\"twitter:label1\" content=\"Gesch\u00e4tzte Lesezeit\" \/>\n\t<meta name=\"twitter:data1\" content=\"2\u00a0Minuten\" \/>\n<script type=\"application\/ld+json\" class=\"yoast-schema-graph\">{\"@context\":\"https:\\\/\\\/schema.org\",\"@graph\":[{\"@type\":\"WebPage\",\"@id\":\"https:\\\/\\\/jh.nl\\\/de\\\/product\\\/big-bag-fuellstationen\\\/\",\"url\":\"https:\\\/\\\/jh.nl\\\/de\\\/product\\\/big-bag-fuellstationen\\\/\",\"name\":\"Big-Bag F\u00fcllstationen | Modulare FIBC-F\u00fcllstationen\",\"isPartOf\":{\"@id\":\"https:\\\/\\\/jh.nl\\\/nl\\\/#website\"},\"primaryImageOfPage\":{\"@id\":\"https:\\\/\\\/jh.nl\\\/de\\\/product\\\/big-bag-fuellstationen\\\/#primaryimage\"},\"image\":{\"@id\":\"https:\\\/\\\/jh.nl\\\/de\\\/product\\\/big-bag-fuellstationen\\\/#primaryimage\"},\"thumbnailUrl\":\"https:\\\/\\\/jh.nl\\\/wp-content\\\/uploads\\\/2019\\\/04\\\/vulstation-3.png\",\"datePublished\":\"2019-04-05T09:53:17+00:00\",\"dateModified\":\"2026-04-13T13:16:19+00:00\",\"description\":\"Pr\u00e4zise Big-Bag F\u00fcllstationen f\u00fcr Sch\u00fcttgut. Mit Wiegetechnik, Vibration, DUO-System und automatischem Palettentransport. Ma\u00dfgeschneidert und effizient.\",\"breadcrumb\":{\"@id\":\"https:\\\/\\\/jh.nl\\\/de\\\/product\\\/big-bag-fuellstationen\\\/#breadcrumb\"},\"inLanguage\":\"de\",\"potentialAction\":[{\"@type\":\"ReadAction\",\"target\":[\"https:\\\/\\\/jh.nl\\\/de\\\/product\\\/big-bag-fuellstationen\\\/\"]}]},{\"@type\":\"ImageObject\",\"inLanguage\":\"de\",\"@id\":\"https:\\\/\\\/jh.nl\\\/de\\\/product\\\/big-bag-fuellstationen\\\/#primaryimage\",\"url\":\"https:\\\/\\\/jh.nl\\\/wp-content\\\/uploads\\\/2019\\\/04\\\/vulstation-3.png\",\"contentUrl\":\"https:\\\/\\\/jh.nl\\\/wp-content\\\/uploads\\\/2019\\\/04\\\/vulstation-3.png\",\"width\":2048,\"height\":2048,\"caption\":\"vulstation bigbags\"},{\"@type\":\"BreadcrumbList\",\"@id\":\"https:\\\/\\\/jh.nl\\\/de\\\/product\\\/big-bag-fuellstationen\\\/#breadcrumb\",\"itemListElement\":[{\"@type\":\"ListItem\",\"position\":1,\"name\":\"Home\",\"item\":\"https:\\\/\\\/jh.nl\\\/de\\\/\"},{\"@type\":\"ListItem\",\"position\":2,\"name\":\"Producten\",\"item\":\"https:\\\/\\\/jh.nl\\\/nl\\\/producten\\\/\"},{\"@type\":\"ListItem\",\"position\":3,\"name\":\"Bigbag handling (FIBC)\",\"item\":\"https:\\\/\\\/jh.nl\\\/nl\\\/product-categorie\\\/bigbag-handling\\\/\"},{\"@type\":\"ListItem\",\"position\":4,\"name\":\"Bigbag vullen\",\"item\":\"https:\\\/\\\/jh.nl\\\/nl\\\/product-categorie\\\/bigbag-handling\\\/bigbag-vullen\\\/\"},{\"@type\":\"ListItem\",\"position\":5,\"name\":\"Big-Bag F\u00fcllstationen\"}]},{\"@type\":\"WebSite\",\"@id\":\"https:\\\/\\\/jh.nl\\\/nl\\\/#website\",\"url\":\"https:\\\/\\\/jh.nl\\\/nl\\\/\",\"name\":\"Jansen & Heuning\",\"description\":\"Bulk Handling Systems\",\"publisher\":{\"@id\":\"https:\\\/\\\/jh.nl\\\/nl\\\/#organization\"},\"alternateName\":\"J&H\",\"potentialAction\":[{\"@type\":\"SearchAction\",\"target\":{\"@type\":\"EntryPoint\",\"urlTemplate\":\"https:\\\/\\\/jh.nl\\\/nl\\\/?s={search_term_string}\"},\"query-input\":{\"@type\":\"PropertyValueSpecification\",\"valueRequired\":true,\"valueName\":\"search_term_string\"}}],\"inLanguage\":\"de\"},{\"@type\":\"Organization\",\"@id\":\"https:\\\/\\\/jh.nl\\\/nl\\\/#organization\",\"name\":\"Jansen & Heuning\",\"alternateName\":\"J&H\",\"url\":\"https:\\\/\\\/jh.nl\\\/nl\\\/\",\"logo\":{\"@type\":\"ImageObject\",\"inLanguage\":\"de\",\"@id\":\"https:\\\/\\\/jh.nl\\\/nl\\\/#\\\/schema\\\/logo\\\/image\\\/\",\"url\":\"https:\\\/\\\/jh.nl\\\/wp-content\\\/uploads\\\/2022\\\/05\\\/JH-logo-scaled.gif\",\"contentUrl\":\"https:\\\/\\\/jh.nl\\\/wp-content\\\/uploads\\\/2022\\\/05\\\/JH-logo-scaled.gif\",\"width\":2560,\"height\":429,\"caption\":\"Jansen & Heuning\"},\"image\":{\"@id\":\"https:\\\/\\\/jh.nl\\\/nl\\\/#\\\/schema\\\/logo\\\/image\\\/\"},\"sameAs\":[\"https:\\\/\\\/www.facebook.com\\\/JansenHeuning\",\"https:\\\/\\\/www.youtube.com\\\/user\\\/JansenenHeuning\\\/featured\",\"https:\\\/\\\/www.linkedin.com\\\/company\\\/1768497\\\/\"]}]}<\/script>\n<!-- \/ Yoast SEO plugin. -->","yoast_head_json":{"title":"Big-Bag F\u00fcllstationen | Modulare FIBC-F\u00fcllstationen","description":"Pr\u00e4zise Big-Bag F\u00fcllstationen f\u00fcr Sch\u00fcttgut. Mit Wiegetechnik, Vibration, DUO-System und automatischem Palettentransport. Ma\u00dfgeschneidert und effizient.","robots":{"index":"index","follow":"follow","max-snippet":"max-snippet:-1","max-image-preview":"max-image-preview:large","max-video-preview":"max-video-preview:-1"},"canonical":"https:\/\/jh.nl\/de\/product\/big-bag-fuellstationen\/","og_locale":"de_DE","og_type":"article","og_title":"Big-Bag F\u00fcllstationen | Modulare FIBC-F\u00fcllstationen","og_description":"Pr\u00e4zise Big-Bag F\u00fcllstationen f\u00fcr Sch\u00fcttgut. Mit Wiegetechnik, Vibration, DUO-System und automatischem Palettentransport. Ma\u00dfgeschneidert und effizient.","og_url":"https:\/\/jh.nl\/de\/product\/big-bag-fuellstationen\/","og_site_name":"Jansen&amp;Heuning","article_publisher":"https:\/\/www.facebook.com\/JansenHeuning","article_modified_time":"2026-04-13T13:16:19+00:00","og_image":[{"width":1024,"height":1024,"url":"https:\/\/jh.nl\/wp-content\/uploads\/2019\/04\/vulstation-3-1024x1024.png","type":"image\/png"}],"twitter_card":"summary_large_image","twitter_misc":{"Gesch\u00e4tzte Lesezeit":"2\u00a0Minuten"},"schema":{"@context":"https:\/\/schema.org","@graph":[{"@type":"WebPage","@id":"https:\/\/jh.nl\/de\/product\/big-bag-fuellstationen\/","url":"https:\/\/jh.nl\/de\/product\/big-bag-fuellstationen\/","name":"Big-Bag F\u00fcllstationen | Modulare FIBC-F\u00fcllstationen","isPartOf":{"@id":"https:\/\/jh.nl\/nl\/#website"},"primaryImageOfPage":{"@id":"https:\/\/jh.nl\/de\/product\/big-bag-fuellstationen\/#primaryimage"},"image":{"@id":"https:\/\/jh.nl\/de\/product\/big-bag-fuellstationen\/#primaryimage"},"thumbnailUrl":"https:\/\/jh.nl\/wp-content\/uploads\/2019\/04\/vulstation-3.png","datePublished":"2019-04-05T09:53:17+00:00","dateModified":"2026-04-13T13:16:19+00:00","description":"Pr\u00e4zise Big-Bag F\u00fcllstationen f\u00fcr Sch\u00fcttgut. Mit Wiegetechnik, Vibration, DUO-System und automatischem Palettentransport. Ma\u00dfgeschneidert und effizient.","breadcrumb":{"@id":"https:\/\/jh.nl\/de\/product\/big-bag-fuellstationen\/#breadcrumb"},"inLanguage":"de","potentialAction":[{"@type":"ReadAction","target":["https:\/\/jh.nl\/de\/product\/big-bag-fuellstationen\/"]}]},{"@type":"ImageObject","inLanguage":"de","@id":"https:\/\/jh.nl\/de\/product\/big-bag-fuellstationen\/#primaryimage","url":"https:\/\/jh.nl\/wp-content\/uploads\/2019\/04\/vulstation-3.png","contentUrl":"https:\/\/jh.nl\/wp-content\/uploads\/2019\/04\/vulstation-3.png","width":2048,"height":2048,"caption":"vulstation bigbags"},{"@type":"BreadcrumbList","@id":"https:\/\/jh.nl\/de\/product\/big-bag-fuellstationen\/#breadcrumb","itemListElement":[{"@type":"ListItem","position":1,"name":"Home","item":"https:\/\/jh.nl\/de\/"},{"@type":"ListItem","position":2,"name":"Producten","item":"https:\/\/jh.nl\/nl\/producten\/"},{"@type":"ListItem","position":3,"name":"Bigbag handling (FIBC)","item":"https:\/\/jh.nl\/nl\/product-categorie\/bigbag-handling\/"},{"@type":"ListItem","position":4,"name":"Bigbag vullen","item":"https:\/\/jh.nl\/nl\/product-categorie\/bigbag-handling\/bigbag-vullen\/"},{"@type":"ListItem","position":5,"name":"Big-Bag F\u00fcllstationen"}]},{"@type":"WebSite","@id":"https:\/\/jh.nl\/nl\/#website","url":"https:\/\/jh.nl\/nl\/","name":"Jansen & Heuning","description":"Bulk Handling Systems","publisher":{"@id":"https:\/\/jh.nl\/nl\/#organization"},"alternateName":"J&H","potentialAction":[{"@type":"SearchAction","target":{"@type":"EntryPoint","urlTemplate":"https:\/\/jh.nl\/nl\/?s={search_term_string}"},"query-input":{"@type":"PropertyValueSpecification","valueRequired":true,"valueName":"search_term_string"}}],"inLanguage":"de"},{"@type":"Organization","@id":"https:\/\/jh.nl\/nl\/#organization","name":"Jansen & Heuning","alternateName":"J&H","url":"https:\/\/jh.nl\/nl\/","logo":{"@type":"ImageObject","inLanguage":"de","@id":"https:\/\/jh.nl\/nl\/#\/schema\/logo\/image\/","url":"https:\/\/jh.nl\/wp-content\/uploads\/2022\/05\/JH-logo-scaled.gif","contentUrl":"https:\/\/jh.nl\/wp-content\/uploads\/2022\/05\/JH-logo-scaled.gif","width":2560,"height":429,"caption":"Jansen & Heuning"},"image":{"@id":"https:\/\/jh.nl\/nl\/#\/schema\/logo\/image\/"},"sameAs":["https:\/\/www.facebook.com\/JansenHeuning","https:\/\/www.youtube.com\/user\/JansenenHeuning\/featured","https:\/\/www.linkedin.com\/company\/1768497\/"]}]}},"_links":{"self":[{"href":"https:\/\/jh.nl\/de\/wp-json\/wp\/v2\/product\/11768","targetHints":{"allow":["GET"]}}],"collection":[{"href":"https:\/\/jh.nl\/de\/wp-json\/wp\/v2\/product"}],"about":[{"href":"https:\/\/jh.nl\/de\/wp-json\/wp\/v2\/types\/product"}],"replies":[{"embeddable":true,"href":"https:\/\/jh.nl\/de\/wp-json\/wp\/v2\/comments?post=11768"}],"wp:featuredmedia":[{"embeddable":true,"href":"https:\/\/jh.nl\/de\/wp-json\/wp\/v2\/media\/28007"}],"wp:attachment":[{"href":"https:\/\/jh.nl\/de\/wp-json\/wp\/v2\/media?parent=11768"}],"wp:term":[{"taxonomy":"product_brand","embeddable":true,"href":"https:\/\/jh.nl\/de\/wp-json\/wp\/v2\/product_brand?post=11768"},{"taxonomy":"product_cat","embeddable":true,"href":"https:\/\/jh.nl\/de\/wp-json\/wp\/v2\/product_cat?post=11768"},{"taxonomy":"product_tag","embeddable":true,"href":"https:\/\/jh.nl\/de\/wp-json\/wp\/v2\/product_tag?post=11768"}],"curies":[{"name":"wp","href":"https:\/\/api.w.org\/{rel}","templated":true}]}}