{"id":11773,"date":"2019-04-05T12:01:03","date_gmt":"2019-04-05T10:01:03","guid":{"rendered":"https:\/\/jh.nl\/?post_type=product&#038;p=11773"},"modified":"2026-04-21T12:02:06","modified_gmt":"2026-04-21T10:02:06","slug":"big-bag-entleerstationen","status":"publish","type":"product","link":"https:\/\/jh.nl\/de\/product\/big-bag-entleerstationen\/","title":{"rendered":"Big-Bag Entleerstationen"},"content":{"rendered":"<p data-start=\"3228\" data-end=\"3608\">Eine Big-Bag-Entleerstation erm\u00f6glicht das sichere, schnelle und ergonomische Entleeren von Big-Bags bei minimaler Staubemission. Das System reduziert den manuellen Aufwand und verhindert Produktverluste w\u00e4hrend des Entleerprozesses. Durch den Einsatz von Vibrationseinheiten, R\u00fcttelrahmen und\/oder optionalen Brecheinheiten entsteht ein stabiler und kontrollierter Materialfluss.<\/p>\n<h2 data-start=\"3610\" data-end=\"3646\"><strong data-start=\"3610\" data-end=\"3646\">Anwendung Big-Bag Entleerstation<\/strong><\/h2>\n<p data-start=\"3648\" data-end=\"3744\">Big-Bags werden f\u00fcr verschiedene Sch\u00fcttg\u00fcter eingesetzt, abh\u00e4ngig von den Materialeigenschaften.<\/p>\n<h2 data-start=\"3746\" data-end=\"3893\">Geeignet f\u00fcr unter anderem:<\/h2>\n<ul>\n<li data-start=\"3746\" data-end=\"3893\">Pulver und feine Produkte<\/li>\n<li data-start=\"3746\" data-end=\"3893\">Granulate und K\u00f6rner<\/li>\n<li data-start=\"3746\" data-end=\"3893\">Flocken und kristalline Produkte<\/li>\n<li data-start=\"3746\" data-end=\"3893\">Pellets und grobe Sch\u00fcttg\u00fcter<\/li>\n<\/ul>\n<p data-start=\"3895\" data-end=\"3996\">Anwendungen finden sich in Branchen wie Lebensmittelverarbeitung, Chemie, Recycling und Bulklogistik.<\/p>\n<h2 data-start=\"3998\" data-end=\"4051\"><strong data-start=\"3998\" data-end=\"4051\">Funktionsweise Big-Bag Entleerstation mit Auslauf<\/strong><\/h2>\n<p data-start=\"4053\" data-end=\"4190\">Bei der Ausf\u00fchrung mit Auslauf wird der Big-Bag auf eine Entladeplattform gestellt, woraufhin das Material kontrolliert freigegeben wird.<\/p>\n<ul>\n<li data-start=\"4192\" data-end=\"4552\">Der Boden des Big-Bags liegt auf einer Plattform auf, wodurch eine staubdichte Verbindung entsteht<\/li>\n<li data-start=\"4192\" data-end=\"4552\">Der Auslauf wird \u00fcber eine verschlie\u00dfbare und gut zug\u00e4ngliche \u00d6ffnung ge\u00f6ffnet<\/li>\n<li data-start=\"4192\" data-end=\"4552\">Das System \u00f6ffnet erst, wenn der Big-Bag korrekt positioniert ist<\/li>\n<li data-start=\"4192\" data-end=\"4552\">Bei schwerflie\u00dfenden Materialien sorgen Vibrationseinheiten oder R\u00fcttelrahmen f\u00fcr Bewegung und Materialfluss<\/li>\n<\/ul>\n<h3 data-start=\"4554\" data-end=\"4581\"><strong data-start=\"4554\" data-end=\"4581\">\u00d6ffnen mit Schneidkreuz<\/strong><\/h3>\n<p data-start=\"4583\" data-end=\"4789\">Das Aufschneiden des Big-Bag-Bodens mit einem Schneidkreuz ist eine sehr schnelle Methode, kann jedoch nicht immer eingesetzt werden, da das Risiko besteht, dass Fasern des Big-Bags in das Produkt gelangen.<\/p>\n<h2 data-start=\"4791\" data-end=\"4826\"><strong data-start=\"4791\" data-end=\"4826\">Vorteile Big-Bag Entleerstation<\/strong><\/h2>\n<ul>\n<li data-start=\"4828\" data-end=\"5147\">Vollst\u00e4ndig kontrolliertes Entleeren<\/li>\n<li data-start=\"4828\" data-end=\"5147\">Minimierung von Materialverlusten<\/li>\n<li data-start=\"4828\" data-end=\"5147\">Verbesserte Ergonomie und reduzierter manueller Aufwand<\/li>\n<li data-start=\"4828\" data-end=\"5147\">Staubfreie Arbeitsumgebung durch integrierte Staubabsaugung m\u00f6glich<\/li>\n<li data-start=\"4828\" data-end=\"5147\">Modular aufgebaut und erweiterbar mit Brech- und Dosiereinheiten<\/li>\n<li data-start=\"4828\" data-end=\"5147\">Geeignet f\u00fcr verschiedene Produkte und Branchen<\/li>\n<\/ul>\n<h2 data-start=\"5149\" data-end=\"5207\"><strong data-start=\"5149\" data-end=\"5207\">Ausf\u00fchrungsoptionen und Zubeh\u00f6r Big-Bag Entleerstation<\/strong><\/h2>\n<p data-start=\"5209\" data-end=\"5266\">Eine Big-Bag-Entleerstation kann ausgestattet werden mit:<\/p>\n<ul>\n<li data-start=\"5268\" data-end=\"5881\">Vibrationseinheiten mit hoher Frequenz zur Verbesserung des Materialflusses, f\u00fcr leichte oder feine Pulver<\/li>\n<li data-start=\"5268\" data-end=\"5881\">R\u00fcttelrahmen mit gr\u00f6\u00dferer Amplitude f\u00fcr kompaktere Materialien<\/li>\n<li data-start=\"5268\" data-end=\"5881\">F\u00fcr toxische Produkte eine vollst\u00e4ndig geschlossene Kabine. Der Big-Bag wird von au\u00dfen mit Handschuhen ge\u00f6ffnet<\/li>\n<li data-start=\"5268\" data-end=\"5881\">Schneidkreuz in einer vertieften Entladeplattform anstelle des \u00d6ffnens des Auslaufs<\/li>\n<li data-start=\"5268\" data-end=\"5881\">Staubabsaugung f\u00fcr emissionsfreies Entleeren und eine saubere Arbeitsumgebung<\/li>\n<li data-start=\"5268\" data-end=\"5881\">Entladeplattformen in beschichtetem Kohlenstoffstahl oder Edelstahl 304\/316<\/li>\n<li data-start=\"5268\" data-end=\"5881\">Anpassung des Designs an die spezifische Situation und Anforderungen des Kunden<\/li>\n<li data-start=\"5883\" data-end=\"6021\">Steuerung<\/li>\n<li data-start=\"5883\" data-end=\"6021\">mit einstellbarem Timer f\u00fcr die Entladedauer<\/li>\n<li data-start=\"5883\" data-end=\"6021\">Start-\/Stopp-Tasten<\/li>\n<li data-start=\"5883\" data-end=\"6021\">Anbindung an die SPS oder zentrale Steuerung des Kunden<\/li>\n<li data-start=\"6023\" data-end=\"6534\">Rahmen f\u00fcr den Einsatz von Hebetraversen, an denen der Big-Bag h\u00e4ngt<\/li>\n<li data-start=\"6023\" data-end=\"6534\">Erh\u00f6hter Rahmen unter der Plattform mit Zwischenpuffer<\/li>\n<li data-start=\"6023\" data-end=\"6534\">Rahmen mit Kranbahn, Laufkatze und Elektrokettenzug zum Anheben des Big-Bags und Positionieren \u00fcber einer h\u00f6her gelegenen Entladeplattform<\/li>\n<li data-start=\"6023\" data-end=\"6534\">Verschiedene Ausf\u00fchrungen der Anbindung an das F\u00f6rdersystem<\/li>\n<li data-start=\"6023\" data-end=\"6534\">Alle Materialien wahlweise in beschichtetem Kohlenstoffstahl, Edelstahl 304 oder Edelstahl 316<\/li>\n<li data-start=\"6023\" data-end=\"6534\">Ein Klumpenbrecher unter der Entleerstation zur Zerkleinerung von Materialklumpen<\/li>\n<\/ul>\n<h3 data-start=\"1949\" data-end=\"2034\"><strong>Kontakt<\/strong><\/h3>\n<p>F\u00fcr weitere Informationen oder ein ma\u00dfgeschneidertes Angebot wenden Sie sich bitte an Jansen&amp;Heuning:<\/p>\n<ul>\n<li>Telefon: <a href=\"callto:+310503126448\">+31(0)50 3126 448<\/a><\/li>\n<li>E-Mail: <a href=\"mailto:sales@jh.nl\">sales@jh.nl<\/a><\/li>\n<li>Kontaktformular: <a href=\"http:\/\/jh.nl\/de\/kontakt\">jh.nl\/de\/kontakt<\/a><\/li>\n<\/ul>\n","protected":false},"excerpt":{"rendered":"<p>Eine Big-Bag-Entleerstation erm\u00f6glicht das sichere, schnelle und ergonomische Entleeren von&#8230;<\/p>\n","protected":false},"featured_media":23423,"comment_status":"open","ping_status":"closed","template":"","meta":{"_acf_changed":false},"product_brand":[],"product_cat":[967],"product_tag":[],"class_list":{"0":"post-11773","1":"product","2":"type-product","3":"status-publish","4":"has-post-thumbnail","6":"product_cat-big-bag-fullen-entleeren","8":"first","9":"instock","10":"taxable","11":"shipping-taxable","12":"product-type-simple"},"acf":[],"yoast_head":"<!-- This site is optimized with the Yoast SEO plugin v27.5 - https:\/\/yoast.com\/product\/yoast-seo-wordpress\/ -->\n<title>Big-Bag Entleerstationen | FIBC-Entleerung | Jansen&amp;Heuning<\/title>\n<meta name=\"description\" content=\"Effiziente Big-Bag Entleerstationen f\u00fcr Sch\u00fcttg\u00fcter. Mit Vibration, Staubabdichtung und Optionen f\u00fcr schwerflie\u00dfende oder verdichtete Materialien.\" \/>\n<meta name=\"robots\" content=\"index, follow, max-snippet:-1, max-image-preview:large, max-video-preview:-1\" \/>\n<link rel=\"canonical\" href=\"https:\/\/jh.nl\/de\/product\/big-bag-entleerstationen\/\" \/>\n<meta property=\"og:locale\" content=\"de_DE\" \/>\n<meta property=\"og:type\" content=\"article\" \/>\n<meta property=\"og:title\" content=\"Big-Bag Entleerstationen | FIBC-Entleerung | Jansen&amp;Heuning\" \/>\n<meta property=\"og:description\" content=\"Effiziente Big-Bag Entleerstationen f\u00fcr Sch\u00fcttg\u00fcter. Mit Vibration, Staubabdichtung und Optionen f\u00fcr schwerflie\u00dfende oder verdichtete Materialien.\" \/>\n<meta property=\"og:url\" content=\"https:\/\/jh.nl\/de\/product\/big-bag-entleerstationen\/\" \/>\n<meta property=\"og:site_name\" content=\"Jansen&amp;Heuning\" \/>\n<meta property=\"article:publisher\" content=\"https:\/\/www.facebook.com\/JansenHeuning\" \/>\n<meta property=\"article:modified_time\" content=\"2026-04-21T10:02:06+00:00\" \/>\n<meta property=\"og:image\" content=\"https:\/\/jh.nl\/wp-content\/uploads\/2019\/04\/bulkbelader-UM.jpg\" \/>\n\t<meta property=\"og:image:width\" content=\"807\" \/>\n\t<meta property=\"og:image:height\" content=\"1159\" \/>\n\t<meta property=\"og:image:type\" content=\"image\/jpeg\" \/>\n<meta name=\"twitter:card\" content=\"summary_large_image\" \/>\n<meta name=\"twitter:label1\" content=\"Gesch\u00e4tzte Lesezeit\" \/>\n\t<meta name=\"twitter:data1\" content=\"3\u00a0Minuten\" \/>\n<script type=\"application\/ld+json\" class=\"yoast-schema-graph\">{\"@context\":\"https:\\\/\\\/schema.org\",\"@graph\":[{\"@type\":\"WebPage\",\"@id\":\"https:\\\/\\\/jh.nl\\\/de\\\/product\\\/big-bag-entleerstationen\\\/\",\"url\":\"https:\\\/\\\/jh.nl\\\/de\\\/product\\\/big-bag-entleerstationen\\\/\",\"name\":\"Big-Bag Entleerstationen | FIBC-Entleerung | Jansen&Heuning\",\"isPartOf\":{\"@id\":\"https:\\\/\\\/jh.nl\\\/nl\\\/#website\"},\"primaryImageOfPage\":{\"@id\":\"https:\\\/\\\/jh.nl\\\/de\\\/product\\\/big-bag-entleerstationen\\\/#primaryimage\"},\"image\":{\"@id\":\"https:\\\/\\\/jh.nl\\\/de\\\/product\\\/big-bag-entleerstationen\\\/#primaryimage\"},\"thumbnailUrl\":\"https:\\\/\\\/jh.nl\\\/wp-content\\\/uploads\\\/2019\\\/04\\\/bulkbelader-UM.jpg\",\"datePublished\":\"2019-04-05T10:01:03+00:00\",\"dateModified\":\"2026-04-21T10:02:06+00:00\",\"description\":\"Effiziente Big-Bag Entleerstationen f\u00fcr Sch\u00fcttg\u00fcter. Mit Vibration, Staubabdichtung und Optionen f\u00fcr schwerflie\u00dfende oder verdichtete Materialien.\",\"breadcrumb\":{\"@id\":\"https:\\\/\\\/jh.nl\\\/de\\\/product\\\/big-bag-entleerstationen\\\/#breadcrumb\"},\"inLanguage\":\"de\",\"potentialAction\":[{\"@type\":\"ReadAction\",\"target\":[\"https:\\\/\\\/jh.nl\\\/de\\\/product\\\/big-bag-entleerstationen\\\/\"]}]},{\"@type\":\"ImageObject\",\"inLanguage\":\"de\",\"@id\":\"https:\\\/\\\/jh.nl\\\/de\\\/product\\\/big-bag-entleerstationen\\\/#primaryimage\",\"url\":\"https:\\\/\\\/jh.nl\\\/wp-content\\\/uploads\\\/2019\\\/04\\\/bulkbelader-UM.jpg\",\"contentUrl\":\"https:\\\/\\\/jh.nl\\\/wp-content\\\/uploads\\\/2019\\\/04\\\/bulkbelader-UM.jpg\",\"width\":807,\"height\":1159,\"caption\":\"Het losstation zorgt voor effici\u00ebnt en automatisch legen van bigbags met behulp van een pneumatisch schudmechanisme.\"},{\"@type\":\"BreadcrumbList\",\"@id\":\"https:\\\/\\\/jh.nl\\\/de\\\/product\\\/big-bag-entleerstationen\\\/#breadcrumb\",\"itemListElement\":[{\"@type\":\"ListItem\",\"position\":1,\"name\":\"Home\",\"item\":\"https:\\\/\\\/jh.nl\\\/de\\\/\"},{\"@type\":\"ListItem\",\"position\":2,\"name\":\"Producten\",\"item\":\"https:\\\/\\\/jh.nl\\\/nl\\\/producten\\\/\"},{\"@type\":\"ListItem\",\"position\":3,\"name\":\"Big-Bag-Handling\",\"item\":\"https:\\\/\\\/jh.nl\\\/de\\\/produkt-kategorie\\\/bigbaghandling\\\/\"},{\"@type\":\"ListItem\",\"position\":4,\"name\":\"Big-Bag Entleeren\",\"item\":\"https:\\\/\\\/jh.nl\\\/de\\\/produkt-kategorie\\\/bigbaghandling\\\/big-bag-fullen-entleeren\\\/\"},{\"@type\":\"ListItem\",\"position\":5,\"name\":\"Big-Bag Entleerstationen\"}]},{\"@type\":\"WebSite\",\"@id\":\"https:\\\/\\\/jh.nl\\\/nl\\\/#website\",\"url\":\"https:\\\/\\\/jh.nl\\\/nl\\\/\",\"name\":\"Jansen & Heuning\",\"description\":\"Bulk Handling Systems\",\"publisher\":{\"@id\":\"https:\\\/\\\/jh.nl\\\/nl\\\/#organization\"},\"alternateName\":\"J&H\",\"potentialAction\":[{\"@type\":\"SearchAction\",\"target\":{\"@type\":\"EntryPoint\",\"urlTemplate\":\"https:\\\/\\\/jh.nl\\\/nl\\\/?s={search_term_string}\"},\"query-input\":{\"@type\":\"PropertyValueSpecification\",\"valueRequired\":true,\"valueName\":\"search_term_string\"}}],\"inLanguage\":\"de\"},{\"@type\":\"Organization\",\"@id\":\"https:\\\/\\\/jh.nl\\\/nl\\\/#organization\",\"name\":\"Jansen & Heuning\",\"alternateName\":\"J&H\",\"url\":\"https:\\\/\\\/jh.nl\\\/nl\\\/\",\"logo\":{\"@type\":\"ImageObject\",\"inLanguage\":\"de\",\"@id\":\"https:\\\/\\\/jh.nl\\\/nl\\\/#\\\/schema\\\/logo\\\/image\\\/\",\"url\":\"https:\\\/\\\/jh.nl\\\/wp-content\\\/uploads\\\/2022\\\/05\\\/JH-logo-scaled.gif\",\"contentUrl\":\"https:\\\/\\\/jh.nl\\\/wp-content\\\/uploads\\\/2022\\\/05\\\/JH-logo-scaled.gif\",\"width\":2560,\"height\":429,\"caption\":\"Jansen & Heuning\"},\"image\":{\"@id\":\"https:\\\/\\\/jh.nl\\\/nl\\\/#\\\/schema\\\/logo\\\/image\\\/\"},\"sameAs\":[\"https:\\\/\\\/www.facebook.com\\\/JansenHeuning\",\"https:\\\/\\\/www.youtube.com\\\/user\\\/JansenenHeuning\\\/featured\",\"https:\\\/\\\/www.linkedin.com\\\/company\\\/1768497\\\/\"]}]}<\/script>\n<!-- \/ Yoast SEO plugin. -->","yoast_head_json":{"title":"Big-Bag Entleerstationen | FIBC-Entleerung | Jansen&Heuning","description":"Effiziente Big-Bag Entleerstationen f\u00fcr Sch\u00fcttg\u00fcter. Mit Vibration, Staubabdichtung und Optionen f\u00fcr schwerflie\u00dfende oder verdichtete Materialien.","robots":{"index":"index","follow":"follow","max-snippet":"max-snippet:-1","max-image-preview":"max-image-preview:large","max-video-preview":"max-video-preview:-1"},"canonical":"https:\/\/jh.nl\/de\/product\/big-bag-entleerstationen\/","og_locale":"de_DE","og_type":"article","og_title":"Big-Bag Entleerstationen | FIBC-Entleerung | Jansen&Heuning","og_description":"Effiziente Big-Bag Entleerstationen f\u00fcr Sch\u00fcttg\u00fcter. Mit Vibration, Staubabdichtung und Optionen f\u00fcr schwerflie\u00dfende oder verdichtete Materialien.","og_url":"https:\/\/jh.nl\/de\/product\/big-bag-entleerstationen\/","og_site_name":"Jansen&amp;Heuning","article_publisher":"https:\/\/www.facebook.com\/JansenHeuning","article_modified_time":"2026-04-21T10:02:06+00:00","og_image":[{"width":807,"height":1159,"url":"https:\/\/jh.nl\/wp-content\/uploads\/2019\/04\/bulkbelader-UM.jpg","type":"image\/jpeg"}],"twitter_card":"summary_large_image","twitter_misc":{"Gesch\u00e4tzte Lesezeit":"3\u00a0Minuten"},"schema":{"@context":"https:\/\/schema.org","@graph":[{"@type":"WebPage","@id":"https:\/\/jh.nl\/de\/product\/big-bag-entleerstationen\/","url":"https:\/\/jh.nl\/de\/product\/big-bag-entleerstationen\/","name":"Big-Bag Entleerstationen | FIBC-Entleerung | Jansen&Heuning","isPartOf":{"@id":"https:\/\/jh.nl\/nl\/#website"},"primaryImageOfPage":{"@id":"https:\/\/jh.nl\/de\/product\/big-bag-entleerstationen\/#primaryimage"},"image":{"@id":"https:\/\/jh.nl\/de\/product\/big-bag-entleerstationen\/#primaryimage"},"thumbnailUrl":"https:\/\/jh.nl\/wp-content\/uploads\/2019\/04\/bulkbelader-UM.jpg","datePublished":"2019-04-05T10:01:03+00:00","dateModified":"2026-04-21T10:02:06+00:00","description":"Effiziente Big-Bag Entleerstationen f\u00fcr Sch\u00fcttg\u00fcter. Mit Vibration, Staubabdichtung und Optionen f\u00fcr schwerflie\u00dfende oder verdichtete Materialien.","breadcrumb":{"@id":"https:\/\/jh.nl\/de\/product\/big-bag-entleerstationen\/#breadcrumb"},"inLanguage":"de","potentialAction":[{"@type":"ReadAction","target":["https:\/\/jh.nl\/de\/product\/big-bag-entleerstationen\/"]}]},{"@type":"ImageObject","inLanguage":"de","@id":"https:\/\/jh.nl\/de\/product\/big-bag-entleerstationen\/#primaryimage","url":"https:\/\/jh.nl\/wp-content\/uploads\/2019\/04\/bulkbelader-UM.jpg","contentUrl":"https:\/\/jh.nl\/wp-content\/uploads\/2019\/04\/bulkbelader-UM.jpg","width":807,"height":1159,"caption":"Het losstation zorgt voor effici\u00ebnt en automatisch legen van bigbags met behulp van een pneumatisch schudmechanisme."},{"@type":"BreadcrumbList","@id":"https:\/\/jh.nl\/de\/product\/big-bag-entleerstationen\/#breadcrumb","itemListElement":[{"@type":"ListItem","position":1,"name":"Home","item":"https:\/\/jh.nl\/de\/"},{"@type":"ListItem","position":2,"name":"Producten","item":"https:\/\/jh.nl\/nl\/producten\/"},{"@type":"ListItem","position":3,"name":"Big-Bag-Handling","item":"https:\/\/jh.nl\/de\/produkt-kategorie\/bigbaghandling\/"},{"@type":"ListItem","position":4,"name":"Big-Bag Entleeren","item":"https:\/\/jh.nl\/de\/produkt-kategorie\/bigbaghandling\/big-bag-fullen-entleeren\/"},{"@type":"ListItem","position":5,"name":"Big-Bag Entleerstationen"}]},{"@type":"WebSite","@id":"https:\/\/jh.nl\/nl\/#website","url":"https:\/\/jh.nl\/nl\/","name":"Jansen & Heuning","description":"Bulk Handling Systems","publisher":{"@id":"https:\/\/jh.nl\/nl\/#organization"},"alternateName":"J&H","potentialAction":[{"@type":"SearchAction","target":{"@type":"EntryPoint","urlTemplate":"https:\/\/jh.nl\/nl\/?s={search_term_string}"},"query-input":{"@type":"PropertyValueSpecification","valueRequired":true,"valueName":"search_term_string"}}],"inLanguage":"de"},{"@type":"Organization","@id":"https:\/\/jh.nl\/nl\/#organization","name":"Jansen & Heuning","alternateName":"J&H","url":"https:\/\/jh.nl\/nl\/","logo":{"@type":"ImageObject","inLanguage":"de","@id":"https:\/\/jh.nl\/nl\/#\/schema\/logo\/image\/","url":"https:\/\/jh.nl\/wp-content\/uploads\/2022\/05\/JH-logo-scaled.gif","contentUrl":"https:\/\/jh.nl\/wp-content\/uploads\/2022\/05\/JH-logo-scaled.gif","width":2560,"height":429,"caption":"Jansen & Heuning"},"image":{"@id":"https:\/\/jh.nl\/nl\/#\/schema\/logo\/image\/"},"sameAs":["https:\/\/www.facebook.com\/JansenHeuning","https:\/\/www.youtube.com\/user\/JansenenHeuning\/featured","https:\/\/www.linkedin.com\/company\/1768497\/"]}]}},"_links":{"self":[{"href":"https:\/\/jh.nl\/de\/wp-json\/wp\/v2\/product\/11773","targetHints":{"allow":["GET"]}}],"collection":[{"href":"https:\/\/jh.nl\/de\/wp-json\/wp\/v2\/product"}],"about":[{"href":"https:\/\/jh.nl\/de\/wp-json\/wp\/v2\/types\/product"}],"replies":[{"embeddable":true,"href":"https:\/\/jh.nl\/de\/wp-json\/wp\/v2\/comments?post=11773"}],"wp:featuredmedia":[{"embeddable":true,"href":"https:\/\/jh.nl\/de\/wp-json\/wp\/v2\/media\/23423"}],"wp:attachment":[{"href":"https:\/\/jh.nl\/de\/wp-json\/wp\/v2\/media?parent=11773"}],"wp:term":[{"taxonomy":"product_brand","embeddable":true,"href":"https:\/\/jh.nl\/de\/wp-json\/wp\/v2\/product_brand?post=11773"},{"taxonomy":"product_cat","embeddable":true,"href":"https:\/\/jh.nl\/de\/wp-json\/wp\/v2\/product_cat?post=11773"},{"taxonomy":"product_tag","embeddable":true,"href":"https:\/\/jh.nl\/de\/wp-json\/wp\/v2\/product_tag?post=11773"}],"curies":[{"name":"wp","href":"https:\/\/api.w.org\/{rel}","templated":true}]}}