{"id":11778,"date":"2018-02-23T15:33:12","date_gmt":"2018-02-23T14:33:12","guid":{"rendered":"https:\/\/jh.nl\/?post_type=product&#038;p=11778"},"modified":"2026-03-11T09:31:18","modified_gmt":"2026-03-11T08:31:18","slug":"schuttgut-lkw-fueller","status":"publish","type":"product","link":"https:\/\/jh.nl\/de\/product\/schuttgut-lkw-fueller\/","title":{"rendered":"Sch\u00fcttgut-LKW-F\u00fcller"},"content":{"rendered":"<p>Der Sch\u00fcttgut-LKW-F\u00fcller bildet die Schnittstelle zwischen der Lagerung in Big-Bags\/FIBCs und dem Transport von Pulvern oder granulierten Produkten per Sch\u00fcttgut-Lkw.<\/p>\n<p>Der Bulk Truck Loader erm\u00f6glicht das kontrollierte Entleeren von Produkten aus Big-Bags\/FIBCs, die Siebung (ab 300 Mikrometer Maschenweite) und das staubdichte Verladen in einen Sch\u00fcttgut-Lkw, Silofahrzeug oder Silowagen.<\/p>\n<h2 data-section-id=\"1chqk4x\" data-start=\"675\" data-end=\"710\">Anwendung Sch\u00fcttgut-LKW-F\u00fcller<\/h2>\n<p data-start=\"711\" data-end=\"908\">Der Sch\u00fcttgut-LKW-F\u00fcller eignet sich f\u00fcr alle Produkte, die in einer F\u00f6rderschnecke transportiert werden k\u00f6nnen. Insbesondere f\u00fcr verschiedene hygroskopische und staubempfindliche Pulver, darunter:<\/p>\n<ul>\n<li style=\"list-style-type: none;\">\n<ul>\n<li data-start=\"910\" data-end=\"1065\">Pulver wie Mehl, St\u00e4rke, Additive<\/li>\n<li data-start=\"910\" data-end=\"1065\">Granulierte Produkte<\/li>\n<li data-start=\"910\" data-end=\"1065\">Pellets<\/li>\n<li data-start=\"910\" data-end=\"1065\">Kartoffelst\u00e4rke in verschiedenen Qualit\u00e4ten<\/li>\n<li data-start=\"910\" data-end=\"1065\">Maisst\u00e4rke, Tapiokast\u00e4rke und Derivate<\/li>\n<\/ul>\n<\/li>\n<li>Die Siebung mit einem Drehsieb mit feiner Maschenweite ab 300 Mikrometer wird h\u00e4ufig zur Kontrolle des zu liefernden Produkts auf Verunreinigungen und Klumpen eingesetzt. Wo die Klumpen etwas gr\u00f6\u00dfer sein d\u00fcrfen, wird ein ein- oder doppelst\u00f6ckiges Vibrationssieb eingebaut.<\/li>\n<li>Um sicherzustellen, dass keine Metallteile im Produkt zur\u00fcckbleiben, k\u00f6nnen rotierende Magnetabscheider eingesetzt werden, und auch Metalldetektion ist m\u00f6glich.<\/li>\n<\/ul>\n<h3 data-start=\"1067\" data-end=\"1339\">Video des Sch\u00fcttgut-LKW-F\u00fcllers<\/h3>\n<p data-start=\"1341\" data-end=\"1501\"><iframe src=\"https:\/\/www.youtube.com\/embed\/962C1DdLgCM\" width=\"560\" height=\"315\" frameborder=\"0\" allowfullscreen=\"allowfullscreen\"><\/iframe><\/p>\n<h2 data-section-id=\"rxnjst\" data-start=\"1619\" data-end=\"1660\">Spezifikationen Sch\u00fcttgut-LKW-F\u00fcller<\/h2>\n<table style=\"width: 52.6994%; height: 275px;\">\n<tbody>\n<tr style=\"height: 24px;\">\n<td style=\"height: 24px; width: 24.2131%;\"><strong>Kapazit\u00e4t<\/strong><\/td>\n<td style=\"height: 24px; width: 75.1816%;\">Von 50 bis 100 m\u00b3\/Stunde effektiv (Richtwert)<\/td>\n<\/tr>\n<tr style=\"height: 24px;\">\n<td style=\"height: 24px; width: 24.2131%;\"><strong>Sch\u00fcttgewicht<\/strong><\/td>\n<td style=\"height: 24px; width: 75.1816%;\">Von 200 bis 1.500 kg\/m\u00b3<\/td>\n<\/tr>\n<tr style=\"height: 24px;\">\n<td style=\"height: 24px; width: 24.2131%;\"><strong>Temperatur<\/strong><\/td>\n<td style=\"height: 24px; width: 75.1816%;\">Umgebung<\/td>\n<\/tr>\n<tr style=\"height: 24px;\">\n<td style=\"height: 24px; width: 24.2131%;\"><strong>Entleeren aus<\/strong><\/td>\n<td style=\"height: 24px; width: 75.1816%;\">Big-Bags\/FIBCs oder anderen Verpackungen<\/td>\n<\/tr>\n<tr style=\"height: 24px;\">\n<td style=\"height: 24px; width: 24.2131%;\"><strong>Reinigung<\/strong><\/td>\n<td style=\"height: 24px; width: 75.1816%;\">Trockene Reinigung und Nassreinigung mit (Hochdruck-)Wasser<\/td>\n<\/tr>\n<tr style=\"height: 24px;\">\n<td style=\"height: 24px; width: 24.2131%;\"><strong>Transport<\/strong><\/td>\n<td style=\"height: 24px; width: 75.1816%;\">Feste Installation oder einfach verfahrbar oder auf einem Lkw transportierbar<\/td>\n<\/tr>\n<tr style=\"height: 10px;\">\n<td style=\"height: 10px; width: 24.2131%;\"><strong><span style=\"font-family: inherit; font-size: inherit;\">Elektrische Versorgung<\/span><\/strong><\/td>\n<td style=\"height: 10px; width: 75.1816%;\">Mindestens 80 Ampere mit tr\u00e4ger Sicherung<span style=\"font-family: inherit; font-size: inherit;\">g\u00a0<\/span><\/td>\n<\/tr>\n<tr style=\"height: 24px;\">\n<td style=\"height: 24px; width: 24.2131%;\"><strong>Erdung<\/strong><\/td>\n<td style=\"height: 24px; width: 75.1816%;\">Alle Komponenten werden geerdet<\/td>\n<\/tr>\n<tr style=\"height: 49px;\">\n<td style=\"height: 49px; width: 24.2131%;\"><strong>Magneten<\/strong><\/td>\n<td style=\"height: 49px; width: 75.1816%;\">Partikelgr\u00f6\u00dfe von Eisen (Element Fe), die abgeschieden werden kann: max. 30 mm, min. 10 \u03bcm<\/td>\n<\/tr>\n<tr style=\"height: 24px;\">\n<td style=\"height: 24px; width: 24.2131%;\"><strong>Lebensmittelsicherheit<\/strong><\/td>\n<td style=\"height: 24px; width: 75.1816%;\">Der Silowagen-F\u00fcller entspricht EN-1935<\/td>\n<\/tr>\n<tr style=\"height: 24px;\">\n<td style=\"height: 24px; width: 24.2131%;\"><strong>Staub<\/strong><\/td>\n<td style=\"height: 24px; width: 75.1816%;\">Durch die staubdichte Verbindung und das optionale Staubabsaugungssystem bleibt die Umgebung sauber<\/td>\n<\/tr>\n<\/tbody>\n<\/table>\n<h2 data-section-id=\"h28328\" data-start=\"2394\" data-end=\"2428\">Vorteile Sch\u00fcttgut-LKW-F\u00fcller<\/h2>\n<p data-start=\"2429\" data-end=\"2603\">Das Verbulken von verpacktem Sch\u00fcttgut in Sch\u00fcttgut-Tankwagen ist flexibel und wenig kostspielig. Jansen&amp;Heuning verf\u00fcgt \u00fcber viele Jahre Erfahrung mit Sch\u00fcttgut-LKW-F\u00fcllern.<\/p>\n<ul>\n<li data-start=\"2605\" data-end=\"2772\">Staubdicht<\/li>\n<li data-start=\"2605\" data-end=\"2772\">Lebensmittelsicher<\/li>\n<li data-start=\"2605\" data-end=\"2772\">Sicher f\u00fcr die Bediener<\/li>\n<li data-start=\"2605\" data-end=\"2772\">Verfahrbar an und zwischen Standorten<\/li>\n<li data-start=\"2605\" data-end=\"2772\">Erf\u00fcllt alle gesetzlichen Vorschriften und Anforderungen des Kunden<\/li>\n<\/ul>\n<h2 data-section-id=\"1rogxfi\" data-start=\"2774\" data-end=\"2810\">Ausf\u00fchrungsoptionen und Zubeh\u00f6r<\/h2>\n<p data-start=\"2811\" data-end=\"3031\">Jansen&amp;Heuning hat viele dieser Sch\u00fcttgut-LKW-F\u00fcller gebaut und geliefert, aber keiner davon war gleich. Kunden k\u00f6nnen ihre spezifischen Anforderungen realisieren lassen, ohne dass sich die Lieferzeit dadurch verl\u00e4ngert.<\/p>\n<ul>\n<li data-start=\"3033\" data-end=\"3258\"><strong>Anschluss an Sch\u00fcttgut-Lkw<\/strong> mit einer Gummidichtungsplatte oder einem teleskopischen <a href=\"https:\/\/jh.nl\/de\/product\/verladebaelge-jhbb300\/\"><strong>Ladebalg<\/strong> <\/a>f\u00fcr das staubdichte F\u00fcllen<\/li>\n<li data-start=\"3033\" data-end=\"3258\"><a href=\"https:\/\/jh.nl\/de\/product\/big-bag-entleerstationen\/\"><strong>FIBC-Entladestation<\/strong><\/a> mit externen Vibratoren f\u00fcr optimalen Auslauf, auch bei schwer flie\u00dfenden Produkten<\/li>\n<li data-start=\"3260\" data-end=\"3430\"><strong>Siebanlage<\/strong>:<\/li>\n<li data-start=\"3260\" data-end=\"3430\"><strong>Drehsieb<\/strong> mit Maschenweite ab ca. 300 Mikrometer zur Kontrolle\n<ul>\n<li data-start=\"3260\" data-end=\"3430\"><strong>Vibrationssieb<\/strong> mit Maschenweite ca. 5 mm zur groben Abscheidung von Klumpen oder Fremdteilen<\/li>\n<li data-start=\"3260\" data-end=\"3430\"><strong>Rotierende Magnetabscheider zum Abfangen von Stahlverunreinigungen<\/strong><\/li>\n<\/ul>\n<\/li>\n<li data-start=\"3432\" data-end=\"3516\"><strong>Metalldetektion<\/strong><\/li>\n<li data-start=\"3518\" data-end=\"3657\"><strong>Verfahren<\/strong>:\n<ul>\n<li data-start=\"3518\" data-end=\"3657\">Eine <strong>mobile Ausf\u00fchrung<\/strong> f\u00fcr den flexiblen Einsatz an einem Standort oder zwischen verschiedenen Standorten<\/li>\n<li data-start=\"3518\" data-end=\"3657\"><strong>Feste Installation<\/strong><\/li>\n<\/ul>\n<\/li>\n<li data-start=\"3659\" data-end=\"3743\"><strong>H\u00f6henverstellung<\/strong> f\u00fcr den Transport auf \u00f6ffentlichen Stra\u00dfen auf einem Semi-Tieflader<\/li>\n<li data-start=\"3745\" data-end=\"3856\"><a href=\"https:\/\/jh.nl\/de\/product\/dust-filters\/\"><strong>Staubfilter<\/strong> <\/a>mit optionaler rotierender Schleuse oder Auffangbeh\u00e4lter f\u00fcr die Abf\u00fchrung des aufgefangenen Staubs<\/li>\n<li data-start=\"3858\" data-end=\"3928\"><strong>Aufh\u00e4ngerahmen f\u00fcr FIBC<\/strong>, sodass der Gabelstapler direkt wegfahren kann\n<ul>\n<li data-start=\"3930\" data-end=\"3958\">In Solo- oder Duo-Ausf\u00fchrung<\/li>\n<\/ul>\n<\/li>\n<li data-start=\"3960\" data-end=\"4059\"><strong>Material f\u00fcr die produktber\u00fchrenden Teile<\/strong>: in beschichtetem Stahl, Edelstahl 304 oder Edelstahl 316<\/li>\n<li data-start=\"4061\" data-end=\"4125\"><strong>ATEX<\/strong>-Ausf\u00fchrung (innen Zone 20, 21, 22) und au\u00dfen Zone 21 und 22<\/li>\n<\/ul>\n<p data-start=\"4127\" data-end=\"4202\">Gibt es noch andere W\u00fcnsche? Jansen&amp;Heuning kann diese sicherlich erf\u00fcllen.<\/p>\n<h3><strong>Kontakt<\/strong><\/h3>\n<p>F\u00fcr weitere Informationen oder ein ma\u00dfgeschneidertes Angebot wenden Sie sich bitte an Jansen&amp;Heuning:<\/p>\n<ul>\n<li>Telefon: <a href=\"callto:+310503126448\">+31(0)50 3126 448<\/a><\/li>\n<li>E-Mail: <a href=\"mailto:sales@jh.nl\">sales@jh.nl<\/a><\/li>\n<li>Kontaktformular: <a href=\"http:\/\/jh.nl\/de\/kontakt\">jh.nl\/de\/kontakt<\/a><\/li>\n<\/ul>\n","protected":false},"excerpt":{"rendered":"<p>Der Sch\u00fcttgut-LKW-F\u00fcller bildet die Schnittstelle zwischen der Lagerung in Big-Bags\/FIBCs&#8230;<\/p>\n","protected":false},"featured_media":9168,"comment_status":"open","ping_status":"closed","template":"","meta":{"_acf_changed":false},"product_brand":[],"product_cat":[967,330,488],"product_tag":[],"class_list":{"0":"post-11778","1":"product","2":"type-product","3":"status-publish","4":"has-post-thumbnail","6":"product_cat-big-bag-fullen-entleeren","7":"product_cat-schneckenfoerderer","8":"product_cat-spezialmaschinen","10":"first","11":"instock","12":"taxable","13":"shipping-taxable","14":"product-type-simple"},"acf":[],"yoast_head":"<!-- This site is optimized with the Yoast SEO plugin v27.4 - https:\/\/yoast.com\/product\/yoast-seo-wordpress\/ -->\n<title>Sch\u00fcttgut-LKW-F\u00fcller F\u00fcr Pulver Und Granulate | Jansen&amp;Heuning<\/title>\n<meta name=\"description\" content=\"Sch\u00fcttgut-LKW-F\u00fcller zum staubdichten Verladen von Pulvern und Granulaten aus Big-Bags in Sch\u00fcttgut-Lkw. Mit Siebung und Magnetabscheider.\" \/>\n<meta name=\"robots\" content=\"index, follow, max-snippet:-1, max-image-preview:large, max-video-preview:-1\" \/>\n<link rel=\"canonical\" href=\"https:\/\/jh.nl\/de\/product\/schuttgut-lkw-fueller\/\" \/>\n<meta property=\"og:locale\" content=\"de_DE\" \/>\n<meta property=\"og:type\" content=\"article\" \/>\n<meta property=\"og:title\" content=\"Sch\u00fcttgut-LKW-F\u00fcller F\u00fcr Pulver Und Granulate | Jansen&amp;Heuning\" \/>\n<meta property=\"og:description\" content=\"Sch\u00fcttgut-LKW-F\u00fcller zum staubdichten Verladen von Pulvern und Granulaten aus Big-Bags in Sch\u00fcttgut-Lkw. Mit Siebung und Magnetabscheider.\" \/>\n<meta property=\"og:url\" content=\"https:\/\/jh.nl\/de\/product\/schuttgut-lkw-fueller\/\" \/>\n<meta property=\"og:site_name\" content=\"Jansen&amp;Heuning\" \/>\n<meta property=\"article:publisher\" content=\"https:\/\/www.facebook.com\/JansenHeuning\" \/>\n<meta property=\"article:modified_time\" content=\"2026-03-11T08:31:18+00:00\" \/>\n<meta property=\"og:image\" content=\"https:\/\/jh.nl\/wp-content\/uploads\/2018\/02\/IMG_20160422_1558w36-1-scaled.jpg\" \/>\n\t<meta property=\"og:image:width\" content=\"2560\" \/>\n\t<meta property=\"og:image:height\" content=\"2256\" \/>\n\t<meta property=\"og:image:type\" content=\"image\/jpeg\" \/>\n<meta name=\"twitter:card\" content=\"summary_large_image\" \/>\n<meta name=\"twitter:label1\" content=\"Gesch\u00e4tzte Lesezeit\" \/>\n\t<meta name=\"twitter:data1\" content=\"3\u00a0Minuten\" \/>\n<script type=\"application\/ld+json\" class=\"yoast-schema-graph\">{\"@context\":\"https:\\\/\\\/schema.org\",\"@graph\":[{\"@type\":\"WebPage\",\"@id\":\"https:\\\/\\\/jh.nl\\\/de\\\/product\\\/schuttgut-lkw-fueller\\\/\",\"url\":\"https:\\\/\\\/jh.nl\\\/de\\\/product\\\/schuttgut-lkw-fueller\\\/\",\"name\":\"Sch\u00fcttgut-LKW-F\u00fcller F\u00fcr Pulver Und Granulate | Jansen&Heuning\",\"isPartOf\":{\"@id\":\"https:\\\/\\\/jh.nl\\\/nl\\\/#website\"},\"primaryImageOfPage\":{\"@id\":\"https:\\\/\\\/jh.nl\\\/de\\\/product\\\/schuttgut-lkw-fueller\\\/#primaryimage\"},\"image\":{\"@id\":\"https:\\\/\\\/jh.nl\\\/de\\\/product\\\/schuttgut-lkw-fueller\\\/#primaryimage\"},\"thumbnailUrl\":\"https:\\\/\\\/jh.nl\\\/wp-content\\\/uploads\\\/2018\\\/02\\\/IMG_20160422_1558w36-1-scaled.jpg\",\"datePublished\":\"2018-02-23T14:33:12+00:00\",\"dateModified\":\"2026-03-11T08:31:18+00:00\",\"description\":\"Sch\u00fcttgut-LKW-F\u00fcller zum staubdichten Verladen von Pulvern und Granulaten aus Big-Bags in Sch\u00fcttgut-Lkw. Mit Siebung und Magnetabscheider.\",\"breadcrumb\":{\"@id\":\"https:\\\/\\\/jh.nl\\\/de\\\/product\\\/schuttgut-lkw-fueller\\\/#breadcrumb\"},\"inLanguage\":\"de\",\"potentialAction\":[{\"@type\":\"ReadAction\",\"target\":[\"https:\\\/\\\/jh.nl\\\/de\\\/product\\\/schuttgut-lkw-fueller\\\/\"]}]},{\"@type\":\"ImageObject\",\"inLanguage\":\"de\",\"@id\":\"https:\\\/\\\/jh.nl\\\/de\\\/product\\\/schuttgut-lkw-fueller\\\/#primaryimage\",\"url\":\"https:\\\/\\\/jh.nl\\\/wp-content\\\/uploads\\\/2018\\\/02\\\/IMG_20160422_1558w36-1-scaled.jpg\",\"contentUrl\":\"https:\\\/\\\/jh.nl\\\/wp-content\\\/uploads\\\/2018\\\/02\\\/IMG_20160422_1558w36-1-scaled.jpg\",\"width\":2560,\"height\":2256,\"caption\":\"De Verbulker in actie: een veilige en effici\u00ebnte oplossing voor het legen van bigbags in silo\u2019s of bulkwagens.\"},{\"@type\":\"BreadcrumbList\",\"@id\":\"https:\\\/\\\/jh.nl\\\/de\\\/product\\\/schuttgut-lkw-fueller\\\/#breadcrumb\",\"itemListElement\":[{\"@type\":\"ListItem\",\"position\":1,\"name\":\"Home\",\"item\":\"https:\\\/\\\/jh.nl\\\/de\\\/\"},{\"@type\":\"ListItem\",\"position\":2,\"name\":\"Producten\",\"item\":\"https:\\\/\\\/jh.nl\\\/nl\\\/producten\\\/\"},{\"@type\":\"ListItem\",\"position\":3,\"name\":\"Big-Bag-Handling\",\"item\":\"https:\\\/\\\/jh.nl\\\/de\\\/produkt-kategorie\\\/bigbaghandling\\\/\"},{\"@type\":\"ListItem\",\"position\":4,\"name\":\"Big-Bag Entleeren\",\"item\":\"https:\\\/\\\/jh.nl\\\/de\\\/produkt-kategorie\\\/bigbaghandling\\\/big-bag-fullen-entleeren\\\/\"},{\"@type\":\"ListItem\",\"position\":5,\"name\":\"Sch\u00fcttgut-LKW-F\u00fcller\"}]},{\"@type\":\"WebSite\",\"@id\":\"https:\\\/\\\/jh.nl\\\/nl\\\/#website\",\"url\":\"https:\\\/\\\/jh.nl\\\/nl\\\/\",\"name\":\"Jansen & Heuning\",\"description\":\"Bulk Handling Systems\",\"publisher\":{\"@id\":\"https:\\\/\\\/jh.nl\\\/nl\\\/#organization\"},\"alternateName\":\"J&H\",\"potentialAction\":[{\"@type\":\"SearchAction\",\"target\":{\"@type\":\"EntryPoint\",\"urlTemplate\":\"https:\\\/\\\/jh.nl\\\/nl\\\/?s={search_term_string}\"},\"query-input\":{\"@type\":\"PropertyValueSpecification\",\"valueRequired\":true,\"valueName\":\"search_term_string\"}}],\"inLanguage\":\"de\"},{\"@type\":\"Organization\",\"@id\":\"https:\\\/\\\/jh.nl\\\/nl\\\/#organization\",\"name\":\"Jansen & Heuning\",\"alternateName\":\"J&H\",\"url\":\"https:\\\/\\\/jh.nl\\\/nl\\\/\",\"logo\":{\"@type\":\"ImageObject\",\"inLanguage\":\"de\",\"@id\":\"https:\\\/\\\/jh.nl\\\/nl\\\/#\\\/schema\\\/logo\\\/image\\\/\",\"url\":\"https:\\\/\\\/jh.nl\\\/wp-content\\\/uploads\\\/2022\\\/05\\\/JH-logo-scaled.gif\",\"contentUrl\":\"https:\\\/\\\/jh.nl\\\/wp-content\\\/uploads\\\/2022\\\/05\\\/JH-logo-scaled.gif\",\"width\":2560,\"height\":429,\"caption\":\"Jansen & Heuning\"},\"image\":{\"@id\":\"https:\\\/\\\/jh.nl\\\/nl\\\/#\\\/schema\\\/logo\\\/image\\\/\"},\"sameAs\":[\"https:\\\/\\\/www.facebook.com\\\/JansenHeuning\",\"https:\\\/\\\/www.youtube.com\\\/user\\\/JansenenHeuning\\\/featured\",\"https:\\\/\\\/www.linkedin.com\\\/company\\\/1768497\\\/\"]}]}<\/script>\n<!-- \/ Yoast SEO plugin. -->","yoast_head_json":{"title":"Sch\u00fcttgut-LKW-F\u00fcller F\u00fcr Pulver Und Granulate | Jansen&Heuning","description":"Sch\u00fcttgut-LKW-F\u00fcller zum staubdichten Verladen von Pulvern und Granulaten aus Big-Bags in Sch\u00fcttgut-Lkw. Mit Siebung und Magnetabscheider.","robots":{"index":"index","follow":"follow","max-snippet":"max-snippet:-1","max-image-preview":"max-image-preview:large","max-video-preview":"max-video-preview:-1"},"canonical":"https:\/\/jh.nl\/de\/product\/schuttgut-lkw-fueller\/","og_locale":"de_DE","og_type":"article","og_title":"Sch\u00fcttgut-LKW-F\u00fcller F\u00fcr Pulver Und Granulate | Jansen&Heuning","og_description":"Sch\u00fcttgut-LKW-F\u00fcller zum staubdichten Verladen von Pulvern und Granulaten aus Big-Bags in Sch\u00fcttgut-Lkw. Mit Siebung und Magnetabscheider.","og_url":"https:\/\/jh.nl\/de\/product\/schuttgut-lkw-fueller\/","og_site_name":"Jansen&amp;Heuning","article_publisher":"https:\/\/www.facebook.com\/JansenHeuning","article_modified_time":"2026-03-11T08:31:18+00:00","og_image":[{"width":2560,"height":2256,"url":"https:\/\/jh.nl\/wp-content\/uploads\/2018\/02\/IMG_20160422_1558w36-1-scaled.jpg","type":"image\/jpeg"}],"twitter_card":"summary_large_image","twitter_misc":{"Gesch\u00e4tzte Lesezeit":"3\u00a0Minuten"},"schema":{"@context":"https:\/\/schema.org","@graph":[{"@type":"WebPage","@id":"https:\/\/jh.nl\/de\/product\/schuttgut-lkw-fueller\/","url":"https:\/\/jh.nl\/de\/product\/schuttgut-lkw-fueller\/","name":"Sch\u00fcttgut-LKW-F\u00fcller F\u00fcr Pulver Und Granulate | Jansen&Heuning","isPartOf":{"@id":"https:\/\/jh.nl\/nl\/#website"},"primaryImageOfPage":{"@id":"https:\/\/jh.nl\/de\/product\/schuttgut-lkw-fueller\/#primaryimage"},"image":{"@id":"https:\/\/jh.nl\/de\/product\/schuttgut-lkw-fueller\/#primaryimage"},"thumbnailUrl":"https:\/\/jh.nl\/wp-content\/uploads\/2018\/02\/IMG_20160422_1558w36-1-scaled.jpg","datePublished":"2018-02-23T14:33:12+00:00","dateModified":"2026-03-11T08:31:18+00:00","description":"Sch\u00fcttgut-LKW-F\u00fcller zum staubdichten Verladen von Pulvern und Granulaten aus Big-Bags in Sch\u00fcttgut-Lkw. Mit Siebung und Magnetabscheider.","breadcrumb":{"@id":"https:\/\/jh.nl\/de\/product\/schuttgut-lkw-fueller\/#breadcrumb"},"inLanguage":"de","potentialAction":[{"@type":"ReadAction","target":["https:\/\/jh.nl\/de\/product\/schuttgut-lkw-fueller\/"]}]},{"@type":"ImageObject","inLanguage":"de","@id":"https:\/\/jh.nl\/de\/product\/schuttgut-lkw-fueller\/#primaryimage","url":"https:\/\/jh.nl\/wp-content\/uploads\/2018\/02\/IMG_20160422_1558w36-1-scaled.jpg","contentUrl":"https:\/\/jh.nl\/wp-content\/uploads\/2018\/02\/IMG_20160422_1558w36-1-scaled.jpg","width":2560,"height":2256,"caption":"De Verbulker in actie: een veilige en effici\u00ebnte oplossing voor het legen van bigbags in silo\u2019s of bulkwagens."},{"@type":"BreadcrumbList","@id":"https:\/\/jh.nl\/de\/product\/schuttgut-lkw-fueller\/#breadcrumb","itemListElement":[{"@type":"ListItem","position":1,"name":"Home","item":"https:\/\/jh.nl\/de\/"},{"@type":"ListItem","position":2,"name":"Producten","item":"https:\/\/jh.nl\/nl\/producten\/"},{"@type":"ListItem","position":3,"name":"Big-Bag-Handling","item":"https:\/\/jh.nl\/de\/produkt-kategorie\/bigbaghandling\/"},{"@type":"ListItem","position":4,"name":"Big-Bag Entleeren","item":"https:\/\/jh.nl\/de\/produkt-kategorie\/bigbaghandling\/big-bag-fullen-entleeren\/"},{"@type":"ListItem","position":5,"name":"Sch\u00fcttgut-LKW-F\u00fcller"}]},{"@type":"WebSite","@id":"https:\/\/jh.nl\/nl\/#website","url":"https:\/\/jh.nl\/nl\/","name":"Jansen & Heuning","description":"Bulk Handling Systems","publisher":{"@id":"https:\/\/jh.nl\/nl\/#organization"},"alternateName":"J&H","potentialAction":[{"@type":"SearchAction","target":{"@type":"EntryPoint","urlTemplate":"https:\/\/jh.nl\/nl\/?s={search_term_string}"},"query-input":{"@type":"PropertyValueSpecification","valueRequired":true,"valueName":"search_term_string"}}],"inLanguage":"de"},{"@type":"Organization","@id":"https:\/\/jh.nl\/nl\/#organization","name":"Jansen & Heuning","alternateName":"J&H","url":"https:\/\/jh.nl\/nl\/","logo":{"@type":"ImageObject","inLanguage":"de","@id":"https:\/\/jh.nl\/nl\/#\/schema\/logo\/image\/","url":"https:\/\/jh.nl\/wp-content\/uploads\/2022\/05\/JH-logo-scaled.gif","contentUrl":"https:\/\/jh.nl\/wp-content\/uploads\/2022\/05\/JH-logo-scaled.gif","width":2560,"height":429,"caption":"Jansen & Heuning"},"image":{"@id":"https:\/\/jh.nl\/nl\/#\/schema\/logo\/image\/"},"sameAs":["https:\/\/www.facebook.com\/JansenHeuning","https:\/\/www.youtube.com\/user\/JansenenHeuning\/featured","https:\/\/www.linkedin.com\/company\/1768497\/"]}]}},"_links":{"self":[{"href":"https:\/\/jh.nl\/de\/wp-json\/wp\/v2\/product\/11778","targetHints":{"allow":["GET"]}}],"collection":[{"href":"https:\/\/jh.nl\/de\/wp-json\/wp\/v2\/product"}],"about":[{"href":"https:\/\/jh.nl\/de\/wp-json\/wp\/v2\/types\/product"}],"replies":[{"embeddable":true,"href":"https:\/\/jh.nl\/de\/wp-json\/wp\/v2\/comments?post=11778"}],"wp:featuredmedia":[{"embeddable":true,"href":"https:\/\/jh.nl\/de\/wp-json\/wp\/v2\/media\/9168"}],"wp:attachment":[{"href":"https:\/\/jh.nl\/de\/wp-json\/wp\/v2\/media?parent=11778"}],"wp:term":[{"taxonomy":"product_brand","embeddable":true,"href":"https:\/\/jh.nl\/de\/wp-json\/wp\/v2\/product_brand?post=11778"},{"taxonomy":"product_cat","embeddable":true,"href":"https:\/\/jh.nl\/de\/wp-json\/wp\/v2\/product_cat?post=11778"},{"taxonomy":"product_tag","embeddable":true,"href":"https:\/\/jh.nl\/de\/wp-json\/wp\/v2\/product_tag?post=11778"}],"curies":[{"name":"wp","href":"https:\/\/api.w.org\/{rel}","templated":true}]}}