{"id":13286,"date":"2018-01-29T15:38:40","date_gmt":"2019-04-26T09:37:06","guid":{"rendered":"https:\/\/jh.nl\/?post_type=product&#038;p=13286"},"modified":"2025-04-14T15:38:40","modified_gmt":"2025-04-14T13:38:40","slug":"getreidequetsche","status":"publish","type":"product","link":"https:\/\/jh.nl\/de\/product\/getreidequetsche\/","title":{"rendered":"Getreidequetscher"},"content":{"rendered":"<p>F\u00fcr Viehz\u00fcchter, die ihr eigenes oder zugekauftes Getreide in kleineren Mengen verarbeiten m\u00f6chten, bietet die Getreidequetsche von Jansen&amp;Heuning eine ideale L\u00f6sung. Anstatt das Getreide zu mahlen, zerkleinert diese Maschine die K\u00f6rner, indem sie sie zwischen zwei Quetschwalzen mit einer voreingestellten Spaltbreite hindurchf\u00fchrt. Dieser Prozess minimiert den Produktverlust durch Staubbildung und bewahrt den optimalen N\u00e4hrwert des Getreides. Au\u00dferdem ist die W\u00e4rmeentwicklung beim Quetschen minimal, was die Futterqualit\u00e4t verbessert.<\/p>\n<h3><b>Funktionsweise der Getreidequetsche<\/b><\/h3>\n<p>Der Crusher arbeitet, indem er das Getreide je nach Modell zwischen zwei oder drei Quetschwalzen hindurchf\u00fchrt. Der Abstand zwischen diesen Walzen, die Spaltbreite, ist einstellbar und bestimmt den Grad der Zerkleinerung. F\u00fcr gr\u00f6\u00dfere K\u00f6rner wie Mais, Erbsen, Bohnen und Lupinen ist der JHP752 mit drei Walzen ausgestattet, die diese K\u00f6rner effizienter zerkleinern.<\/p>\n<h3><b>Forschung \u00fcber geschrotetes Getreide als Tierfutter<\/b><\/h3>\n<p>Um zuverl\u00e4ssige Aussagen \u00fcber die Effizienz der Verf\u00fctterung von geschrotetem Getreide an Milchk\u00fche machen zu k\u00f6nnen, hat Jansen&amp;Heuning umfangreiche Forschungsarbeiten in Auftrag gegeben. Die Fachhochschule Leeuwarden hat herausgefunden, dass die F\u00fctterung von geschrotetem Getreide sehr interessant ist. Wenn Sie mehr dar\u00fcber erfahren m\u00f6chten, was dies f\u00fcr Ihren Betrieb bedeuten k\u00f6nnte, wenden Sie sich an Jansen&amp;Heuning, um die vollst\u00e4ndigen Forschungsergebnisse zu erhalten.<\/p>\n<h3><b>Optional<\/b><\/h3>\n<p>Die Getreidequetsche ist separat erh\u00e4ltlich. Der Umbau im Video unten ist optional:<\/p>\n<div style=\"width: 640px;\" class=\"wp-video\"><video class=\"wp-video-shortcode\" id=\"video-13286-1\" width=\"640\" height=\"360\" preload=\"metadata\" controls=\"controls\"><source type=\"video\/mp4\" src=\"https:\/\/jh.nl\/wp-content\/uploads\/2018\/01\/Frame-voor-pletter.mp4?_=1\" \/><a href=\"https:\/\/jh.nl\/wp-content\/uploads\/2018\/01\/Frame-voor-pletter.mp4\">https:\/\/jh.nl\/wp-content\/uploads\/2018\/01\/Frame-voor-pletter.mp4<\/a><\/video><\/div>\n<h3>Technische Daten<\/h3>\n<table style=\"width: 90.305%; height: 354px;\" width=\"518\">\n<tbody>\n<tr>\n<td style=\"width: 28.9796%;\" width=\"140\"><\/td>\n<td style=\"width: 12.6531%;\" width=\"58\"><strong>JHPS11S<\/strong><\/td>\n<td style=\"width: 12.1633%; height: 36px;\" width=\"64\"><strong>JHP11S-230V<\/strong><\/td>\n<td style=\"width: 12.1633%; height: 36px;\" width=\"64\"><strong>JHP730<\/strong><\/td>\n<td style=\"width: 12%; height: 36px;\" width=\"64\"><strong>JHP733<\/strong><\/td>\n<td style=\"width: 11.9184%; height: 36px;\" width=\"64\"><strong>JHP752<\/strong><\/td>\n<td style=\"width: 11.3469%;\" width=\"64\"><\/td>\n<\/tr>\n<tr>\n<td style=\"width: 28.9796%;\"><strong>L\u00e4nge (mm)<\/strong><\/td>\n<td style=\"width: 12.6531%;\">330<\/td>\n<td style=\"width: 12.1633%; height: 29px;\">330<\/td>\n<td style=\"width: 12.1633%; height: 29px;\">1350<\/td>\n<td style=\"width: 12%; height: 29px;\">1350<\/td>\n<td style=\"width: 11.9184%; height: 29px;\">1520<\/td>\n<td style=\"width: 11.3469%;\"><\/td>\n<\/tr>\n<tr>\n<td style=\"width: 28.9796%;\"><strong>Breite (mm)<\/strong><\/td>\n<td style=\"width: 12.6531%;\">580<\/td>\n<td style=\"width: 12.1633%; height: 29px;\">580<\/td>\n<td style=\"width: 12.1633%; height: 29px;\">850<\/td>\n<td style=\"width: 12%; height: 29px;\">870<\/td>\n<td style=\"width: 11.9184%; height: 29px;\">910<\/td>\n<td style=\"width: 11.3469%;\"><\/td>\n<\/tr>\n<tr>\n<td style=\"width: 28.9796%;\"><strong>H\u00f6he (mm)<\/strong><\/td>\n<td style=\"width: 12.6531%;\">1280<\/td>\n<td style=\"width: 12.1633%; height: 29px;\">1280<\/td>\n<td style=\"width: 12.1633%; height: 29px;\">1380<\/td>\n<td style=\"width: 12%; height: 29px;\">1380<\/td>\n<td style=\"width: 11.9184%; height: 29px;\">1580<\/td>\n<td style=\"width: 11.3469%;\"><\/td>\n<\/tr>\n<tr>\n<td style=\"width: 28.9796%;\"><strong>Gewicht, gesamt (kg)<\/strong><\/td>\n<td style=\"width: 12.6531%;\">64<\/td>\n<td style=\"width: 12.1633%; height: 29px;\">64<\/td>\n<td style=\"width: 12.1633%; height: 29px;\">196<\/td>\n<td style=\"width: 12%; height: 29px;\">305<\/td>\n<td style=\"width: 11.9184%; height: 29px;\">347<\/td>\n<td style=\"width: 11.3469%;\"><\/td>\n<\/tr>\n<tr>\n<td style=\"width: 28.9796%;\"><strong>Walzendurchmesser (mm)<\/strong><\/td>\n<td style=\"width: 12.6531%;\">155<\/td>\n<td style=\"width: 12.1633%; height: 29px;\">155<\/td>\n<td style=\"width: 12.1633%; height: 29px;\">240<\/td>\n<td style=\"width: 12%; height: 29px;\">240<\/td>\n<td style=\"width: 11.9184%; height: 29px;\">240<\/td>\n<td style=\"width: 11.3469%;\"><\/td>\n<\/tr>\n<tr>\n<td style=\"width: 28.9796%;\"><strong>Anzahl Walzen<\/strong><\/td>\n<td style=\"width: 12.6531%;\">2<\/td>\n<td style=\"width: 12.1633%; height: 29px;\">2<\/td>\n<td style=\"width: 12.1633%; height: 29px;\">2<\/td>\n<td style=\"width: 12%; height: 29px;\">2<\/td>\n<td style=\"width: 11.9184%; height: 29px;\">3<\/td>\n<td style=\"width: 11.3469%;\"><\/td>\n<\/tr>\n<tr>\n<td style=\"width: 28.9796%;\"><strong>Spaltweitenbereich (mm)<\/strong><\/td>\n<td style=\"width: 12.6531%;\">0 \u2013 2,6<\/td>\n<td style=\"width: 12.1633%; height: 29px;\">0 \u2013 2,6<\/td>\n<td style=\"width: 12.1633%; height: 29px;\">0,12-3<\/td>\n<td style=\"width: 12%; height: 29px;\">0,12-3<\/td>\n<td style=\"width: 11.9184%; height: 29px;\">0,12 \u2013 3<\/td>\n<td style=\"width: 11.3469%;\"><\/td>\n<\/tr>\n<tr>\n<td style=\"width: 28.9796%;\"><strong>Antriebsleistung (kW)<\/strong><\/td>\n<td style=\"width: 12.6531%;\">1,1<\/td>\n<td style=\"width: 12.1633%; height: 29px;\">1,1<\/td>\n<td style=\"width: 12.1633%; height: 29px;\">4<\/td>\n<td style=\"width: 12%; height: 29px;\">7,5<\/td>\n<td style=\"width: 11.9184%; height: 29px;\">7,5<\/td>\n<td style=\"width: 11.3469%;\"><\/td>\n<\/tr>\n<tr>\n<td style=\"width: 28.9796%;\"><strong>spannung (V)<\/strong><\/td>\n<td style=\"width: 12.6531%;\">400<\/td>\n<td style=\"width: 12.1633%; height: 29px;\">230<\/td>\n<td style=\"width: 12.1633%; height: 29px;\">400<\/td>\n<td style=\"width: 12%; height: 29px;\">400<\/td>\n<td style=\"width: 11.9184%; height: 29px;\">400<\/td>\n<td style=\"width: 11.3469%;\"><\/td>\n<\/tr>\n<\/tbody>\n<\/table>\n<h3>Leistung abh\u00e4ngig vom Produkt und von der Spaltweite (kg\/h)<\/h3>\n<p><em><span style=\"font-size: 8pt;\">Spaltweite zwischen den beiden Walzen (mm)<\/span><\/em><\/p>\n<table style=\"width: 75.4703%; height: 301px;\" width=\"657\">\n<tbody>\n<tr>\n<td style=\"width: 10.8504%;\" width=\"139\"><strong>Produkt<\/strong><\/td>\n<td style=\"width: 13.4898%;\" width=\"140\"><strong>Spaltweite (mm)<\/strong><\/td>\n<td style=\"width: 12.219%;\" width=\"58\"><strong>JHPS11S<\/strong><\/td>\n<td style=\"width: 12.219%;\" width=\"58\"><strong>JHPS11S-230V<\/strong><\/td>\n<td style=\"width: 11.0459%;\" width=\"64\"><strong>JHP730<\/strong><\/td>\n<td style=\"width: 12.3167%;\" width=\"64\"><strong>JHP733<\/strong><\/td>\n<td style=\"width: 13.6852%;\" width=\"64\"><strong>JHP752<\/strong><\/td>\n<td style=\"width: 13.6852%;\" width=\"64\"><\/td>\n<\/tr>\n<tr>\n<td style=\"width: 10.8504%;\"><strong>Weizen<\/strong><\/td>\n<td style=\"width: 13.4898%;\">0,4<\/td>\n<td style=\"width: 12.219%;\">150<\/td>\n<td style=\"width: 12.219%;\">150<\/td>\n<td style=\"width: 11.0459%;\">800<\/td>\n<td style=\"width: 12.3167%;\">2000<\/td>\n<td style=\"width: 13.6852%;\">2000<\/td>\n<td style=\"width: 13.6852%;\"><\/td>\n<\/tr>\n<tr>\n<td style=\"width: 10.8504%;\"><strong>Hafer<\/strong><\/td>\n<td style=\"width: 13.4898%;\">0,4<\/td>\n<td style=\"width: 12.219%;\">130<\/td>\n<td style=\"width: 12.219%;\">130<\/td>\n<td style=\"width: 11.0459%;\">310-800<\/td>\n<td style=\"width: 12.3167%;\">900-1700<\/td>\n<td style=\"width: 13.6852%;\">900-1700<\/td>\n<td style=\"width: 13.6852%;\"><\/td>\n<\/tr>\n<tr>\n<td style=\"width: 10.8504%;\"><strong>Gerst<\/strong><\/td>\n<td style=\"width: 13.4898%;\">0,4<\/td>\n<td style=\"width: 12.219%;\">100<\/td>\n<td style=\"width: 12.219%;\">100<\/td>\n<td style=\"width: 11.0459%;\">800<\/td>\n<td style=\"width: 12.3167%;\">1100<\/td>\n<td style=\"width: 13.6852%;\">1100<\/td>\n<td style=\"width: 13.6852%;\"><\/td>\n<\/tr>\n<tr>\n<td style=\"width: 10.8504%;\"><strong>Mais<\/strong><\/td>\n<td style=\"width: 13.4898%;\">0,4<\/td>\n<td style=\"width: 12.219%;\"><\/td>\n<td style=\"width: 12.219%;\"><\/td>\n<td style=\"width: 11.0459%;\"><\/td>\n<td style=\"width: 12.3167%;\"><\/td>\n<td style=\"width: 13.6852%;\">900-2000<\/td>\n<td style=\"width: 13.6852%;\"><\/td>\n<\/tr>\n<tr>\n<td style=\"width: 10.8504%;\"><strong>Bohnen<\/strong><\/td>\n<td style=\"width: 13.4898%;\">0,4<\/td>\n<td style=\"width: 12.219%;\"><\/td>\n<td style=\"width: 12.219%;\"><\/td>\n<td style=\"width: 11.0459%;\"><\/td>\n<td style=\"width: 12.3167%;\"><\/td>\n<td style=\"width: 13.6852%;\">1000<\/td>\n<td style=\"width: 13.6852%;\"><\/td>\n<\/tr>\n<tr>\n<td style=\"width: 10.8504%;\"><strong>Erbsen<\/strong><\/td>\n<td style=\"width: 13.4898%;\">0,4<\/td>\n<td style=\"width: 12.219%;\"><\/td>\n<td style=\"width: 12.219%;\"><\/td>\n<td style=\"width: 11.0459%;\"><\/td>\n<td style=\"width: 12.3167%;\"><\/td>\n<td style=\"width: 13.6852%;\">1300<\/td>\n<td style=\"width: 13.6852%;\"><\/td>\n<\/tr>\n<\/tbody>\n<\/table>\n<h3><strong>Kontakt<\/strong><\/h3>\n<p>F\u00fcr weitere Informationen oder ein ma\u00dfgeschneidertes Angebot wenden Sie sich bitte an Jansen&amp;Heuning:<\/p>\n<ul>\n<li>Telefon: <a href=\"callto:+310503126448\">+31(0)50 3126 448<\/a><\/li>\n<li>E-Mail: <a href=\"mailto:sales@jh.nl\">sales@jh.nl<\/a><\/li>\n<li>Kontaktformular: <a href=\"http:\/\/jh.nl\/de\/kontakt\">jh.nl\/de\/kontakt<\/a><\/li>\n<\/ul>\n","protected":false},"excerpt":{"rendered":"<p>F\u00fcr Viehz\u00fcchter, die ihr eigenes oder zugekauftes Getreide in kleineren&#8230;<\/p>\n","protected":false},"featured_media":21460,"comment_status":"closed","ping_status":"closed","template":"","meta":{"_acf_changed":false},"product_brand":[],"product_cat":[436],"product_tag":[],"class_list":{"0":"post-13286","1":"product","2":"type-product","3":"status-publish","4":"has-post-thumbnail","6":"product_cat-getreidequetscher","8":"first","9":"instock","10":"product-type-simple"},"acf":[],"yoast_head":"<!-- This site is optimized with the Yoast SEO plugin v27.4 - https:\/\/yoast.com\/product\/yoast-seo-wordpress\/ -->\n<title>Getreidequetsche f\u00fcr Futter | Jansen&amp;Heuning<\/title>\n<meta name=\"description\" content=\"Getreidequetsche ohne Staub und Hitze. Die Quetsche erh\u00e4lt die N\u00e4hrstoffe und eignet sich ideal f\u00fcr Milchviehbetriebe. Jansen&amp;Heuning\" \/>\n<meta name=\"robots\" content=\"index, follow, max-snippet:-1, max-image-preview:large, max-video-preview:-1\" \/>\n<link rel=\"canonical\" href=\"https:\/\/jh.nl\/de\/product\/getreidequetsche\/\" \/>\n<meta property=\"og:locale\" content=\"de_DE\" \/>\n<meta property=\"og:type\" content=\"article\" \/>\n<meta property=\"og:title\" content=\"Getreidequetsche f\u00fcr Futter | Jansen&amp;Heuning\" \/>\n<meta property=\"og:description\" content=\"Getreidequetsche ohne Staub und Hitze. Die Quetsche erh\u00e4lt die N\u00e4hrstoffe und eignet sich ideal f\u00fcr Milchviehbetriebe. Jansen&amp;Heuning\" \/>\n<meta property=\"og:url\" content=\"https:\/\/jh.nl\/de\/product\/getreidequetsche\/\" \/>\n<meta property=\"og:site_name\" content=\"Jansen&amp;Heuning\" \/>\n<meta property=\"article:publisher\" content=\"https:\/\/www.facebook.com\/JansenHeuning\" \/>\n<meta property=\"article:modified_time\" content=\"2025-04-14T13:38:40+00:00\" \/>\n<meta property=\"og:image\" content=\"https:\/\/jh.nl\/wp-content\/uploads\/2018\/01\/Untitled-Project-3.jpg\" \/>\n\t<meta property=\"og:image:width\" content=\"500\" \/>\n\t<meta property=\"og:image:height\" content=\"500\" \/>\n\t<meta property=\"og:image:type\" content=\"image\/jpeg\" \/>\n<meta name=\"twitter:card\" content=\"summary_large_image\" \/>\n<meta name=\"twitter:label1\" content=\"Gesch\u00e4tzte Lesezeit\" \/>\n\t<meta name=\"twitter:data1\" content=\"2\u00a0Minuten\" \/>\n<script type=\"application\/ld+json\" class=\"yoast-schema-graph\">{\"@context\":\"https:\\\/\\\/schema.org\",\"@graph\":[{\"@type\":\"WebPage\",\"@id\":\"https:\\\/\\\/jh.nl\\\/de\\\/product\\\/getreidequetsche\\\/\",\"url\":\"https:\\\/\\\/jh.nl\\\/de\\\/product\\\/getreidequetsche\\\/\",\"name\":\"Getreidequetsche f\u00fcr Futter | Jansen&Heuning\",\"isPartOf\":{\"@id\":\"https:\\\/\\\/jh.nl\\\/nl\\\/#website\"},\"primaryImageOfPage\":{\"@id\":\"https:\\\/\\\/jh.nl\\\/de\\\/product\\\/getreidequetsche\\\/#primaryimage\"},\"image\":{\"@id\":\"https:\\\/\\\/jh.nl\\\/de\\\/product\\\/getreidequetsche\\\/#primaryimage\"},\"thumbnailUrl\":\"https:\\\/\\\/jh.nl\\\/wp-content\\\/uploads\\\/2018\\\/01\\\/Untitled-Project-3.jpg\",\"datePublished\":\"2019-04-26T09:37:06+00:00\",\"dateModified\":\"2025-04-14T13:38:40+00:00\",\"description\":\"Getreidequetsche ohne Staub und Hitze. Die Quetsche erh\u00e4lt die N\u00e4hrstoffe und eignet sich ideal f\u00fcr Milchviehbetriebe. Jansen&Heuning\",\"breadcrumb\":{\"@id\":\"https:\\\/\\\/jh.nl\\\/de\\\/product\\\/getreidequetsche\\\/#breadcrumb\"},\"inLanguage\":\"de\",\"potentialAction\":[{\"@type\":\"ReadAction\",\"target\":[\"https:\\\/\\\/jh.nl\\\/de\\\/product\\\/getreidequetsche\\\/\"]}]},{\"@type\":\"ImageObject\",\"inLanguage\":\"de\",\"@id\":\"https:\\\/\\\/jh.nl\\\/de\\\/product\\\/getreidequetsche\\\/#primaryimage\",\"url\":\"https:\\\/\\\/jh.nl\\\/wp-content\\\/uploads\\\/2018\\\/01\\\/Untitled-Project-3.jpg\",\"contentUrl\":\"https:\\\/\\\/jh.nl\\\/wp-content\\\/uploads\\\/2018\\\/01\\\/Untitled-Project-3.jpg\",\"width\":500,\"height\":500,\"caption\":\"De graanpletter kneust het graan zonder stofvorming of warmteontwikkeling\"},{\"@type\":\"BreadcrumbList\",\"@id\":\"https:\\\/\\\/jh.nl\\\/de\\\/product\\\/getreidequetsche\\\/#breadcrumb\",\"itemListElement\":[{\"@type\":\"ListItem\",\"position\":1,\"name\":\"Home\",\"item\":\"https:\\\/\\\/jh.nl\\\/de\\\/\"},{\"@type\":\"ListItem\",\"position\":2,\"name\":\"Producten\",\"item\":\"https:\\\/\\\/jh.nl\\\/nl\\\/producten\\\/\"},{\"@type\":\"ListItem\",\"position\":3,\"name\":\"Getreidetechnik\",\"item\":\"https:\\\/\\\/jh.nl\\\/de\\\/produkt-kategorie\\\/getreidetechnik\\\/\"},{\"@type\":\"ListItem\",\"position\":4,\"name\":\"Getreide quetschen \\\/ mahlen\",\"item\":\"https:\\\/\\\/jh.nl\\\/de\\\/produkt-kategorie\\\/getreidetechnik\\\/getreidequetscher\\\/\"},{\"@type\":\"ListItem\",\"position\":5,\"name\":\"Getreidequetscher\"}]},{\"@type\":\"WebSite\",\"@id\":\"https:\\\/\\\/jh.nl\\\/nl\\\/#website\",\"url\":\"https:\\\/\\\/jh.nl\\\/nl\\\/\",\"name\":\"Jansen & Heuning\",\"description\":\"Bulk Handling Systems\",\"publisher\":{\"@id\":\"https:\\\/\\\/jh.nl\\\/nl\\\/#organization\"},\"alternateName\":\"J&H\",\"potentialAction\":[{\"@type\":\"SearchAction\",\"target\":{\"@type\":\"EntryPoint\",\"urlTemplate\":\"https:\\\/\\\/jh.nl\\\/nl\\\/?s={search_term_string}\"},\"query-input\":{\"@type\":\"PropertyValueSpecification\",\"valueRequired\":true,\"valueName\":\"search_term_string\"}}],\"inLanguage\":\"de\"},{\"@type\":\"Organization\",\"@id\":\"https:\\\/\\\/jh.nl\\\/nl\\\/#organization\",\"name\":\"Jansen & Heuning\",\"alternateName\":\"J&H\",\"url\":\"https:\\\/\\\/jh.nl\\\/nl\\\/\",\"logo\":{\"@type\":\"ImageObject\",\"inLanguage\":\"de\",\"@id\":\"https:\\\/\\\/jh.nl\\\/nl\\\/#\\\/schema\\\/logo\\\/image\\\/\",\"url\":\"https:\\\/\\\/jh.nl\\\/wp-content\\\/uploads\\\/2022\\\/05\\\/JH-logo-scaled.gif\",\"contentUrl\":\"https:\\\/\\\/jh.nl\\\/wp-content\\\/uploads\\\/2022\\\/05\\\/JH-logo-scaled.gif\",\"width\":2560,\"height\":429,\"caption\":\"Jansen & Heuning\"},\"image\":{\"@id\":\"https:\\\/\\\/jh.nl\\\/nl\\\/#\\\/schema\\\/logo\\\/image\\\/\"},\"sameAs\":[\"https:\\\/\\\/www.facebook.com\\\/JansenHeuning\",\"https:\\\/\\\/www.youtube.com\\\/user\\\/JansenenHeuning\\\/featured\",\"https:\\\/\\\/www.linkedin.com\\\/company\\\/1768497\\\/\"]}]}<\/script>\n<!-- \/ Yoast SEO plugin. -->","yoast_head_json":{"title":"Getreidequetsche f\u00fcr Futter | Jansen&Heuning","description":"Getreidequetsche ohne Staub und Hitze. Die Quetsche erh\u00e4lt die N\u00e4hrstoffe und eignet sich ideal f\u00fcr Milchviehbetriebe. Jansen&Heuning","robots":{"index":"index","follow":"follow","max-snippet":"max-snippet:-1","max-image-preview":"max-image-preview:large","max-video-preview":"max-video-preview:-1"},"canonical":"https:\/\/jh.nl\/de\/product\/getreidequetsche\/","og_locale":"de_DE","og_type":"article","og_title":"Getreidequetsche f\u00fcr Futter | Jansen&Heuning","og_description":"Getreidequetsche ohne Staub und Hitze. Die Quetsche erh\u00e4lt die N\u00e4hrstoffe und eignet sich ideal f\u00fcr Milchviehbetriebe. Jansen&Heuning","og_url":"https:\/\/jh.nl\/de\/product\/getreidequetsche\/","og_site_name":"Jansen&amp;Heuning","article_publisher":"https:\/\/www.facebook.com\/JansenHeuning","article_modified_time":"2025-04-14T13:38:40+00:00","og_image":[{"width":500,"height":500,"url":"https:\/\/jh.nl\/wp-content\/uploads\/2018\/01\/Untitled-Project-3.jpg","type":"image\/jpeg"}],"twitter_card":"summary_large_image","twitter_misc":{"Gesch\u00e4tzte Lesezeit":"2\u00a0Minuten"},"schema":{"@context":"https:\/\/schema.org","@graph":[{"@type":"WebPage","@id":"https:\/\/jh.nl\/de\/product\/getreidequetsche\/","url":"https:\/\/jh.nl\/de\/product\/getreidequetsche\/","name":"Getreidequetsche f\u00fcr Futter | Jansen&Heuning","isPartOf":{"@id":"https:\/\/jh.nl\/nl\/#website"},"primaryImageOfPage":{"@id":"https:\/\/jh.nl\/de\/product\/getreidequetsche\/#primaryimage"},"image":{"@id":"https:\/\/jh.nl\/de\/product\/getreidequetsche\/#primaryimage"},"thumbnailUrl":"https:\/\/jh.nl\/wp-content\/uploads\/2018\/01\/Untitled-Project-3.jpg","datePublished":"2019-04-26T09:37:06+00:00","dateModified":"2025-04-14T13:38:40+00:00","description":"Getreidequetsche ohne Staub und Hitze. Die Quetsche erh\u00e4lt die N\u00e4hrstoffe und eignet sich ideal f\u00fcr Milchviehbetriebe. Jansen&Heuning","breadcrumb":{"@id":"https:\/\/jh.nl\/de\/product\/getreidequetsche\/#breadcrumb"},"inLanguage":"de","potentialAction":[{"@type":"ReadAction","target":["https:\/\/jh.nl\/de\/product\/getreidequetsche\/"]}]},{"@type":"ImageObject","inLanguage":"de","@id":"https:\/\/jh.nl\/de\/product\/getreidequetsche\/#primaryimage","url":"https:\/\/jh.nl\/wp-content\/uploads\/2018\/01\/Untitled-Project-3.jpg","contentUrl":"https:\/\/jh.nl\/wp-content\/uploads\/2018\/01\/Untitled-Project-3.jpg","width":500,"height":500,"caption":"De graanpletter kneust het graan zonder stofvorming of warmteontwikkeling"},{"@type":"BreadcrumbList","@id":"https:\/\/jh.nl\/de\/product\/getreidequetsche\/#breadcrumb","itemListElement":[{"@type":"ListItem","position":1,"name":"Home","item":"https:\/\/jh.nl\/de\/"},{"@type":"ListItem","position":2,"name":"Producten","item":"https:\/\/jh.nl\/nl\/producten\/"},{"@type":"ListItem","position":3,"name":"Getreidetechnik","item":"https:\/\/jh.nl\/de\/produkt-kategorie\/getreidetechnik\/"},{"@type":"ListItem","position":4,"name":"Getreide quetschen \/ mahlen","item":"https:\/\/jh.nl\/de\/produkt-kategorie\/getreidetechnik\/getreidequetscher\/"},{"@type":"ListItem","position":5,"name":"Getreidequetscher"}]},{"@type":"WebSite","@id":"https:\/\/jh.nl\/nl\/#website","url":"https:\/\/jh.nl\/nl\/","name":"Jansen & Heuning","description":"Bulk Handling Systems","publisher":{"@id":"https:\/\/jh.nl\/nl\/#organization"},"alternateName":"J&H","potentialAction":[{"@type":"SearchAction","target":{"@type":"EntryPoint","urlTemplate":"https:\/\/jh.nl\/nl\/?s={search_term_string}"},"query-input":{"@type":"PropertyValueSpecification","valueRequired":true,"valueName":"search_term_string"}}],"inLanguage":"de"},{"@type":"Organization","@id":"https:\/\/jh.nl\/nl\/#organization","name":"Jansen & Heuning","alternateName":"J&H","url":"https:\/\/jh.nl\/nl\/","logo":{"@type":"ImageObject","inLanguage":"de","@id":"https:\/\/jh.nl\/nl\/#\/schema\/logo\/image\/","url":"https:\/\/jh.nl\/wp-content\/uploads\/2022\/05\/JH-logo-scaled.gif","contentUrl":"https:\/\/jh.nl\/wp-content\/uploads\/2022\/05\/JH-logo-scaled.gif","width":2560,"height":429,"caption":"Jansen & Heuning"},"image":{"@id":"https:\/\/jh.nl\/nl\/#\/schema\/logo\/image\/"},"sameAs":["https:\/\/www.facebook.com\/JansenHeuning","https:\/\/www.youtube.com\/user\/JansenenHeuning\/featured","https:\/\/www.linkedin.com\/company\/1768497\/"]}]}},"_links":{"self":[{"href":"https:\/\/jh.nl\/de\/wp-json\/wp\/v2\/product\/13286","targetHints":{"allow":["GET"]}}],"collection":[{"href":"https:\/\/jh.nl\/de\/wp-json\/wp\/v2\/product"}],"about":[{"href":"https:\/\/jh.nl\/de\/wp-json\/wp\/v2\/types\/product"}],"replies":[{"embeddable":true,"href":"https:\/\/jh.nl\/de\/wp-json\/wp\/v2\/comments?post=13286"}],"wp:featuredmedia":[{"embeddable":true,"href":"https:\/\/jh.nl\/de\/wp-json\/wp\/v2\/media\/21460"}],"wp:attachment":[{"href":"https:\/\/jh.nl\/de\/wp-json\/wp\/v2\/media?parent=13286"}],"wp:term":[{"taxonomy":"product_brand","embeddable":true,"href":"https:\/\/jh.nl\/de\/wp-json\/wp\/v2\/product_brand?post=13286"},{"taxonomy":"product_cat","embeddable":true,"href":"https:\/\/jh.nl\/de\/wp-json\/wp\/v2\/product_cat?post=13286"},{"taxonomy":"product_tag","embeddable":true,"href":"https:\/\/jh.nl\/de\/wp-json\/wp\/v2\/product_tag?post=13286"}],"curies":[{"name":"wp","href":"https:\/\/api.w.org\/{rel}","templated":true}]}}