{"id":13336,"date":"2018-12-17T15:34:23","date_gmt":"2019-04-29T09:01:12","guid":{"rendered":"https:\/\/jh.nl\/?post_type=product&#038;p=13336"},"modified":"2026-04-21T13:12:34","modified_gmt":"2026-04-21T11:12:34","slug":"lumpenbrecher","status":"publish","type":"product","link":"https:\/\/jh.nl\/de\/product\/lumpenbrecher\/","title":{"rendered":"Lumpenbrecher"},"content":{"rendered":"<p data-start=\"1759\" data-end=\"2103\">Ein Klumpenbrecher wird eingesetzt, um verklumpte Sch\u00fcttg\u00fcter zu einem homogenen und frei flie\u00dfenden Produkt zu zerkleinern, ohne das Material zu mahlen. Dadurch werden Verstopfungen verhindert und eine konstante Zuf\u00fchrung zu nachfolgenden Prozessen sichergestellt. Zudem wird die Dosiergenauigkeit verbessert und die Prozesskontrolle erhalten.<\/p>\n<h2 data-start=\"2105\" data-end=\"2133\"><strong data-start=\"2105\" data-end=\"2133\">Anwendung Klumpenbrecher<\/strong><\/h2>\n<p data-start=\"2135\" data-end=\"2258\">Klumpenbrecher werden f\u00fcr verschiedene Sch\u00fcttg\u00fcter eingesetzt, abh\u00e4ngig von den physikalischen Eigenschaften des Materials.<\/p>\n<h3 data-start=\"2260\" data-end=\"2375\">Geeignet f\u00fcr unter anderem:<\/h3>\n<ul>\n<li data-start=\"2260\" data-end=\"2375\">Pulver und feine Produkte<\/li>\n<li data-start=\"2260\" data-end=\"2375\">Granulate und K\u00f6rner<\/li>\n<li data-start=\"2260\" data-end=\"2375\">Flocken und kristalline Produkte<\/li>\n<\/ul>\n<p data-start=\"2377\" data-end=\"2499\">Anwendungen finden sich in Branchen wie Lebensmittelverarbeitung, Chemie, Mineralverarbeitung, Recycling und Bulklogistik.<\/p>\n<h2 data-start=\"2501\" data-end=\"2535\"><strong data-start=\"2501\" data-end=\"2535\">Spezifikationen Klumpenbrecher<\/strong><\/h2>\n<p data-start=\"2537\" data-end=\"2595\">Die Maschine ist in verschiedenen Ausf\u00fchrungen erh\u00e4ltlich:<\/p>\n<ul>\n<li data-start=\"2597\" data-end=\"2911\">Alle g\u00e4ngigen Werkstoffe wie Stahl, Edelstahl 304, Edelstahl 316, Manganstahl wie Hardox<\/li>\n<li data-start=\"2597\" data-end=\"2911\">Das modulare Design bietet volle Flexibilit\u00e4t bei Abmessungen und Motorleistung<\/li>\n<li data-start=\"2597\" data-end=\"2911\">Der Abstand zwischen den Messern und die Maschenweite des Rostes, die die Feinheit des Endprodukts bestimmen, werden je Maschine festgelegt<\/li>\n<\/ul>\n<h3 data-start=\"2913\" data-end=\"2929\">Versuchsanlage<\/h3>\n<p data-start=\"2931\" data-end=\"3153\">Jansen&amp;Heuning verf\u00fcgt \u00fcber eine Versuchsanlage, mit der anhand einer relativ kleinen Produktmenge bestimmt werden kann, welche Abmessungen und Leistungen f\u00fcr das gew\u00fcnschte Endergebnis und die Kapazit\u00e4t erforderlich sind.<\/p>\n<h2 data-start=\"3155\" data-end=\"3182\"><strong data-start=\"3155\" data-end=\"3182\">Vorteile Klumpenbrecher<\/strong><\/h2>\n<ul>\n<li data-start=\"3184\" data-end=\"3442\">Sorgt f\u00fcr ein homogenes und gut flie\u00dfendes Produkt<\/li>\n<li data-start=\"3184\" data-end=\"3442\">Verhindert Verstopfungen in nachfolgenden Anlagen<\/li>\n<li data-start=\"3184\" data-end=\"3442\">Verbessert die Dosiergenauigkeit und Prozesskontrolle<\/li>\n<li data-start=\"3184\" data-end=\"3442\">Einfache und wartungsarme Konstruktion<\/li>\n<li data-start=\"3184\" data-end=\"3442\">Flexibel einsetzbar durch variable Rostkonfigurationen<\/li>\n<\/ul>\n<h3><strong>Kontakt<\/strong><\/h3>\n<p>F\u00fcr weitere Informationen oder ein ma\u00dfgeschneidertes Angebot wenden Sie sich bitte an Jansen&amp;Heuning:<\/p>\n<ul>\n<li>Telefon:\u00a0<a href=\"callto:+310503126448\">+31(0)50 3126 448<\/a><\/li>\n<li>E-Mail:\u00a0<a href=\"mailto:sales@jh.nl\">sales@jh.nl<\/a><\/li>\n<li>Kontaktformular:\u00a0<a href=\"http:\/\/jh.nl\/de\/kontakt\">jh.nl\/de\/kontakt<\/a><\/li>\n<\/ul>\n","protected":false},"excerpt":{"rendered":"<p>Ein Klumpenbrecher wird eingesetzt, um verklumpte Sch\u00fcttg\u00fcter zu einem homogenen&#8230;<\/p>\n","protected":false},"featured_media":13332,"comment_status":"open","ping_status":"closed","template":"","meta":{"_acf_changed":false},"product_brand":[],"product_cat":[967,488],"product_tag":[],"class_list":{"0":"post-13336","1":"product","2":"type-product","3":"status-publish","4":"has-post-thumbnail","6":"product_cat-big-bag-fullen-entleeren","7":"product_cat-spezialmaschinen","9":"first","10":"instock","11":"taxable","12":"shipping-taxable","13":"product-type-simple"},"acf":[],"yoast_head":"<!-- This site is optimized with the Yoast SEO plugin v27.5 - https:\/\/yoast.com\/product\/yoast-seo-wordpress\/ -->\n<title>Klumpenbrecher Sch\u00fcttg\u00fcter Verarbeitung | Jansen&amp;Heuning<\/title>\n<meta name=\"description\" content=\"Klumpenbrecher f\u00fcr Sch\u00fcttg\u00fcter. Verklumpungen reduzieren, Materialfluss verbessern und Verstopfungen in Prozessen vermeiden.\" \/>\n<meta name=\"robots\" content=\"index, follow, max-snippet:-1, max-image-preview:large, max-video-preview:-1\" \/>\n<link rel=\"canonical\" href=\"https:\/\/jh.nl\/de\/product\/lumpenbrecher\/\" \/>\n<meta property=\"og:locale\" content=\"de_DE\" \/>\n<meta property=\"og:type\" content=\"article\" \/>\n<meta property=\"og:title\" content=\"Klumpenbrecher Sch\u00fcttg\u00fcter Verarbeitung | Jansen&amp;Heuning\" \/>\n<meta property=\"og:description\" content=\"Klumpenbrecher f\u00fcr Sch\u00fcttg\u00fcter. Verklumpungen reduzieren, Materialfluss verbessern und Verstopfungen in Prozessen vermeiden.\" \/>\n<meta property=\"og:url\" content=\"https:\/\/jh.nl\/de\/product\/lumpenbrecher\/\" \/>\n<meta property=\"og:site_name\" content=\"Jansen&amp;Heuning\" \/>\n<meta property=\"article:publisher\" content=\"https:\/\/www.facebook.com\/JansenHeuning\" \/>\n<meta property=\"article:modified_time\" content=\"2026-04-21T11:12:34+00:00\" \/>\n<meta property=\"og:image\" content=\"https:\/\/jh.nl\/wp-content\/uploads\/2018\/12\/kluitenbreker-scaled.jpg\" \/>\n\t<meta property=\"og:image:width\" content=\"2560\" \/>\n\t<meta property=\"og:image:height\" content=\"1920\" \/>\n\t<meta property=\"og:image:type\" content=\"image\/jpeg\" \/>\n<meta name=\"twitter:card\" content=\"summary_large_image\" \/>\n<meta name=\"twitter:label1\" content=\"Gesch\u00e4tzte Lesezeit\" \/>\n\t<meta name=\"twitter:data1\" content=\"2\u00a0Minuten\" \/>\n<script type=\"application\/ld+json\" class=\"yoast-schema-graph\">{\"@context\":\"https:\\\/\\\/schema.org\",\"@graph\":[{\"@type\":\"WebPage\",\"@id\":\"https:\\\/\\\/jh.nl\\\/de\\\/product\\\/lumpenbrecher\\\/\",\"url\":\"https:\\\/\\\/jh.nl\\\/de\\\/product\\\/lumpenbrecher\\\/\",\"name\":\"Klumpenbrecher Sch\u00fcttg\u00fcter Verarbeitung | Jansen&Heuning\",\"isPartOf\":{\"@id\":\"https:\\\/\\\/jh.nl\\\/nl\\\/#website\"},\"primaryImageOfPage\":{\"@id\":\"https:\\\/\\\/jh.nl\\\/de\\\/product\\\/lumpenbrecher\\\/#primaryimage\"},\"image\":{\"@id\":\"https:\\\/\\\/jh.nl\\\/de\\\/product\\\/lumpenbrecher\\\/#primaryimage\"},\"thumbnailUrl\":\"https:\\\/\\\/jh.nl\\\/wp-content\\\/uploads\\\/2018\\\/12\\\/kluitenbreker-scaled.jpg\",\"datePublished\":\"2019-04-29T09:01:12+00:00\",\"dateModified\":\"2026-04-21T11:12:34+00:00\",\"description\":\"Klumpenbrecher f\u00fcr Sch\u00fcttg\u00fcter. Verklumpungen reduzieren, Materialfluss verbessern und Verstopfungen in Prozessen vermeiden.\",\"breadcrumb\":{\"@id\":\"https:\\\/\\\/jh.nl\\\/de\\\/product\\\/lumpenbrecher\\\/#breadcrumb\"},\"inLanguage\":\"de\",\"potentialAction\":[{\"@type\":\"ReadAction\",\"target\":[\"https:\\\/\\\/jh.nl\\\/de\\\/product\\\/lumpenbrecher\\\/\"]}]},{\"@type\":\"ImageObject\",\"inLanguage\":\"de\",\"@id\":\"https:\\\/\\\/jh.nl\\\/de\\\/product\\\/lumpenbrecher\\\/#primaryimage\",\"url\":\"https:\\\/\\\/jh.nl\\\/wp-content\\\/uploads\\\/2018\\\/12\\\/kluitenbreker-scaled.jpg\",\"contentUrl\":\"https:\\\/\\\/jh.nl\\\/wp-content\\\/uploads\\\/2018\\\/12\\\/kluitenbreker-scaled.jpg\",\"width\":2560,\"height\":1920,\"caption\":\"OLYMPUS DIGITAL CAMERA\"},{\"@type\":\"BreadcrumbList\",\"@id\":\"https:\\\/\\\/jh.nl\\\/de\\\/product\\\/lumpenbrecher\\\/#breadcrumb\",\"itemListElement\":[{\"@type\":\"ListItem\",\"position\":1,\"name\":\"Home\",\"item\":\"https:\\\/\\\/jh.nl\\\/de\\\/\"},{\"@type\":\"ListItem\",\"position\":2,\"name\":\"Producten\",\"item\":\"https:\\\/\\\/jh.nl\\\/nl\\\/producten\\\/\"},{\"@type\":\"ListItem\",\"position\":3,\"name\":\"Big-Bag-Handling\",\"item\":\"https:\\\/\\\/jh.nl\\\/de\\\/produkt-kategorie\\\/bigbaghandling\\\/\"},{\"@type\":\"ListItem\",\"position\":4,\"name\":\"Big-Bag Entleeren\",\"item\":\"https:\\\/\\\/jh.nl\\\/de\\\/produkt-kategorie\\\/bigbaghandling\\\/big-bag-fullen-entleeren\\\/\"},{\"@type\":\"ListItem\",\"position\":5,\"name\":\"Lumpenbrecher\"}]},{\"@type\":\"WebSite\",\"@id\":\"https:\\\/\\\/jh.nl\\\/nl\\\/#website\",\"url\":\"https:\\\/\\\/jh.nl\\\/nl\\\/\",\"name\":\"Jansen & Heuning\",\"description\":\"Bulk Handling Systems\",\"publisher\":{\"@id\":\"https:\\\/\\\/jh.nl\\\/nl\\\/#organization\"},\"alternateName\":\"J&H\",\"potentialAction\":[{\"@type\":\"SearchAction\",\"target\":{\"@type\":\"EntryPoint\",\"urlTemplate\":\"https:\\\/\\\/jh.nl\\\/nl\\\/?s={search_term_string}\"},\"query-input\":{\"@type\":\"PropertyValueSpecification\",\"valueRequired\":true,\"valueName\":\"search_term_string\"}}],\"inLanguage\":\"de\"},{\"@type\":\"Organization\",\"@id\":\"https:\\\/\\\/jh.nl\\\/nl\\\/#organization\",\"name\":\"Jansen & Heuning\",\"alternateName\":\"J&H\",\"url\":\"https:\\\/\\\/jh.nl\\\/nl\\\/\",\"logo\":{\"@type\":\"ImageObject\",\"inLanguage\":\"de\",\"@id\":\"https:\\\/\\\/jh.nl\\\/nl\\\/#\\\/schema\\\/logo\\\/image\\\/\",\"url\":\"https:\\\/\\\/jh.nl\\\/wp-content\\\/uploads\\\/2022\\\/05\\\/JH-logo-scaled.gif\",\"contentUrl\":\"https:\\\/\\\/jh.nl\\\/wp-content\\\/uploads\\\/2022\\\/05\\\/JH-logo-scaled.gif\",\"width\":2560,\"height\":429,\"caption\":\"Jansen & Heuning\"},\"image\":{\"@id\":\"https:\\\/\\\/jh.nl\\\/nl\\\/#\\\/schema\\\/logo\\\/image\\\/\"},\"sameAs\":[\"https:\\\/\\\/www.facebook.com\\\/JansenHeuning\",\"https:\\\/\\\/www.youtube.com\\\/user\\\/JansenenHeuning\\\/featured\",\"https:\\\/\\\/www.linkedin.com\\\/company\\\/1768497\\\/\"]}]}<\/script>\n<!-- \/ Yoast SEO plugin. -->","yoast_head_json":{"title":"Klumpenbrecher Sch\u00fcttg\u00fcter Verarbeitung | Jansen&Heuning","description":"Klumpenbrecher f\u00fcr Sch\u00fcttg\u00fcter. Verklumpungen reduzieren, Materialfluss verbessern und Verstopfungen in Prozessen vermeiden.","robots":{"index":"index","follow":"follow","max-snippet":"max-snippet:-1","max-image-preview":"max-image-preview:large","max-video-preview":"max-video-preview:-1"},"canonical":"https:\/\/jh.nl\/de\/product\/lumpenbrecher\/","og_locale":"de_DE","og_type":"article","og_title":"Klumpenbrecher Sch\u00fcttg\u00fcter Verarbeitung | Jansen&Heuning","og_description":"Klumpenbrecher f\u00fcr Sch\u00fcttg\u00fcter. Verklumpungen reduzieren, Materialfluss verbessern und Verstopfungen in Prozessen vermeiden.","og_url":"https:\/\/jh.nl\/de\/product\/lumpenbrecher\/","og_site_name":"Jansen&amp;Heuning","article_publisher":"https:\/\/www.facebook.com\/JansenHeuning","article_modified_time":"2026-04-21T11:12:34+00:00","og_image":[{"width":2560,"height":1920,"url":"https:\/\/jh.nl\/wp-content\/uploads\/2018\/12\/kluitenbreker-scaled.jpg","type":"image\/jpeg"}],"twitter_card":"summary_large_image","twitter_misc":{"Gesch\u00e4tzte Lesezeit":"2\u00a0Minuten"},"schema":{"@context":"https:\/\/schema.org","@graph":[{"@type":"WebPage","@id":"https:\/\/jh.nl\/de\/product\/lumpenbrecher\/","url":"https:\/\/jh.nl\/de\/product\/lumpenbrecher\/","name":"Klumpenbrecher Sch\u00fcttg\u00fcter Verarbeitung | Jansen&Heuning","isPartOf":{"@id":"https:\/\/jh.nl\/nl\/#website"},"primaryImageOfPage":{"@id":"https:\/\/jh.nl\/de\/product\/lumpenbrecher\/#primaryimage"},"image":{"@id":"https:\/\/jh.nl\/de\/product\/lumpenbrecher\/#primaryimage"},"thumbnailUrl":"https:\/\/jh.nl\/wp-content\/uploads\/2018\/12\/kluitenbreker-scaled.jpg","datePublished":"2019-04-29T09:01:12+00:00","dateModified":"2026-04-21T11:12:34+00:00","description":"Klumpenbrecher f\u00fcr Sch\u00fcttg\u00fcter. Verklumpungen reduzieren, Materialfluss verbessern und Verstopfungen in Prozessen vermeiden.","breadcrumb":{"@id":"https:\/\/jh.nl\/de\/product\/lumpenbrecher\/#breadcrumb"},"inLanguage":"de","potentialAction":[{"@type":"ReadAction","target":["https:\/\/jh.nl\/de\/product\/lumpenbrecher\/"]}]},{"@type":"ImageObject","inLanguage":"de","@id":"https:\/\/jh.nl\/de\/product\/lumpenbrecher\/#primaryimage","url":"https:\/\/jh.nl\/wp-content\/uploads\/2018\/12\/kluitenbreker-scaled.jpg","contentUrl":"https:\/\/jh.nl\/wp-content\/uploads\/2018\/12\/kluitenbreker-scaled.jpg","width":2560,"height":1920,"caption":"OLYMPUS DIGITAL CAMERA"},{"@type":"BreadcrumbList","@id":"https:\/\/jh.nl\/de\/product\/lumpenbrecher\/#breadcrumb","itemListElement":[{"@type":"ListItem","position":1,"name":"Home","item":"https:\/\/jh.nl\/de\/"},{"@type":"ListItem","position":2,"name":"Producten","item":"https:\/\/jh.nl\/nl\/producten\/"},{"@type":"ListItem","position":3,"name":"Big-Bag-Handling","item":"https:\/\/jh.nl\/de\/produkt-kategorie\/bigbaghandling\/"},{"@type":"ListItem","position":4,"name":"Big-Bag Entleeren","item":"https:\/\/jh.nl\/de\/produkt-kategorie\/bigbaghandling\/big-bag-fullen-entleeren\/"},{"@type":"ListItem","position":5,"name":"Lumpenbrecher"}]},{"@type":"WebSite","@id":"https:\/\/jh.nl\/nl\/#website","url":"https:\/\/jh.nl\/nl\/","name":"Jansen & Heuning","description":"Bulk Handling Systems","publisher":{"@id":"https:\/\/jh.nl\/nl\/#organization"},"alternateName":"J&H","potentialAction":[{"@type":"SearchAction","target":{"@type":"EntryPoint","urlTemplate":"https:\/\/jh.nl\/nl\/?s={search_term_string}"},"query-input":{"@type":"PropertyValueSpecification","valueRequired":true,"valueName":"search_term_string"}}],"inLanguage":"de"},{"@type":"Organization","@id":"https:\/\/jh.nl\/nl\/#organization","name":"Jansen & Heuning","alternateName":"J&H","url":"https:\/\/jh.nl\/nl\/","logo":{"@type":"ImageObject","inLanguage":"de","@id":"https:\/\/jh.nl\/nl\/#\/schema\/logo\/image\/","url":"https:\/\/jh.nl\/wp-content\/uploads\/2022\/05\/JH-logo-scaled.gif","contentUrl":"https:\/\/jh.nl\/wp-content\/uploads\/2022\/05\/JH-logo-scaled.gif","width":2560,"height":429,"caption":"Jansen & Heuning"},"image":{"@id":"https:\/\/jh.nl\/nl\/#\/schema\/logo\/image\/"},"sameAs":["https:\/\/www.facebook.com\/JansenHeuning","https:\/\/www.youtube.com\/user\/JansenenHeuning\/featured","https:\/\/www.linkedin.com\/company\/1768497\/"]}]}},"_links":{"self":[{"href":"https:\/\/jh.nl\/de\/wp-json\/wp\/v2\/product\/13336","targetHints":{"allow":["GET"]}}],"collection":[{"href":"https:\/\/jh.nl\/de\/wp-json\/wp\/v2\/product"}],"about":[{"href":"https:\/\/jh.nl\/de\/wp-json\/wp\/v2\/types\/product"}],"replies":[{"embeddable":true,"href":"https:\/\/jh.nl\/de\/wp-json\/wp\/v2\/comments?post=13336"}],"wp:featuredmedia":[{"embeddable":true,"href":"https:\/\/jh.nl\/de\/wp-json\/wp\/v2\/media\/13332"}],"wp:attachment":[{"href":"https:\/\/jh.nl\/de\/wp-json\/wp\/v2\/media?parent=13336"}],"wp:term":[{"taxonomy":"product_brand","embeddable":true,"href":"https:\/\/jh.nl\/de\/wp-json\/wp\/v2\/product_brand?post=13336"},{"taxonomy":"product_cat","embeddable":true,"href":"https:\/\/jh.nl\/de\/wp-json\/wp\/v2\/product_cat?post=13336"},{"taxonomy":"product_tag","embeddable":true,"href":"https:\/\/jh.nl\/de\/wp-json\/wp\/v2\/product_tag?post=13336"}],"curies":[{"name":"wp","href":"https:\/\/api.w.org\/{rel}","templated":true}]}}