{"id":13411,"date":"2018-01-29T15:39:29","date_gmt":"2018-01-29T14:39:29","guid":{"rendered":"https:\/\/jh.nl\/?post_type=product&#038;p=13411"},"modified":"2025-08-25T14:37:23","modified_gmt":"2025-08-25T12:37:23","slug":"funnel-silo-with-screw-release","status":"publish","type":"product","link":"https:\/\/jh.nl\/de\/product\/funnel-silo-with-screw-release\/","title":{"rendered":"Funnel silo with screw release"},"content":{"rendered":"<p data-start=\"136\" data-end=\"264\">F\u00fcr die Lagerung und den Austrag von Mehl und anderen leichten Sch\u00fcttg\u00fctern ist das Silo mit Schneckenaustrag die ideale Wahl.<\/p>\n<p data-start=\"266\" data-end=\"510\">Das Funnel Silo ist modular aufgebaut und unterscheidet sich zwar von den BM-Modulsilos in den Bauteilen, bietet jedoch die gleichen Vorteile: lange Lebensdauer, Konstruktion aus verzinkten Paneelen, viele Kombinationsm\u00f6glichkeiten und hohe Hygiene.<\/p>\n<table border=\"0\">\n<tbody>\n<tr>\n<td style=\"width: 153px;\">Abmessungen (mm)<\/td>\n<td style=\"width: 83px;\">H\u00f6he (m)<\/td>\n<td style=\"width: 99px;\">Inhalt (t)<\/td>\n<td style=\"width: 167px;\">\u00a0Motorleistung an\/aus<\/td>\n<\/tr>\n<tr>\n<td style=\"width: 153px;\">1050 x 1700<\/td>\n<td style=\"width: 83px;\">1.39 &#8211; 4.91<\/td>\n<td style=\"width: 99px;\">0.22 &#8211; 2.28<\/td>\n<td style=\"width: 167px;\">1.5 kW \/ 7.8<\/td>\n<\/tr>\n<tr>\n<td style=\"width: 153px;\">1300 x 1950<\/td>\n<td style=\"width: 83px;\">1.52 &#8211; 6.04<\/td>\n<td style=\"width: 99px;\">0.46 &#8211; 4.69<\/td>\n<td style=\"width: 167px;\">1.5 kW \/ 7.8<\/td>\n<\/tr>\n<tr>\n<td style=\"width: 153px;\">1550 x 2200<\/td>\n<td style=\"width: 83px;\">1.94 &#8211; 5.46<\/td>\n<td style=\"width: 99px;\">0.83 &#8211; 5.64<\/td>\n<td style=\"width: 167px;\">2.2 kW \/ 7.8<\/td>\n<\/tr>\n<tr>\n<td style=\"width: 153px;\">2050 x 2700<\/td>\n<td style=\"width: 83px;\">2.28 &#8211; 5.82<\/td>\n<td style=\"width: 99px;\">2.00 &#8211; 10.70<\/td>\n<td style=\"width: 167px;\">3.0 kW \/ 4.6<\/td>\n<\/tr>\n<tr>\n<td style=\"width: 153px;\">2550 x 3200<\/td>\n<td style=\"width: 83px;\">2.68 &#8211; 7.72<\/td>\n<td style=\"width: 99px;\">4.10 &#8211; 23.70<\/td>\n<td style=\"width: 167px;\">3.0 kW \/ 4.6<\/td>\n<\/tr>\n<tr>\n<td style=\"width: 153px;\">3000 x 3650<\/td>\n<td style=\"width: 83px;\">3.05 &#8211; 8.09<\/td>\n<td style=\"width: 99px;\">6.70 &#8211; 34.10<\/td>\n<td style=\"width: 167px;\">3.0 kW \/ 4.6<\/td>\n<\/tr>\n<\/tbody>\n<\/table>\n<h3 data-start=\"1155\" data-end=\"1180\"><strong data-start=\"1159\" data-end=\"1178\">Spezifikationen funnel silo<\/strong><\/h3>\n<ul>\n<li data-start=\"1183\" data-end=\"1250\">Trichter mit zwei vertikalen Seiten und zwei Seiten im 60\u00b0-Winkel<\/li>\n<li data-start=\"1253\" data-end=\"1300\">Austrag an zwei verschiedenen Stellen m\u00f6glich<\/li>\n<li data-start=\"1303\" data-end=\"1365\">Zus\u00e4tzlicher Wurfarmeinsatz f\u00fcr komplexe Produkte montierbar<\/li>\n<li data-start=\"1368\" data-end=\"1439\">Austragsh\u00f6he angepasst an die Montage des F\u00f6rderers; H\u00f6he verstellbar<\/li>\n<\/ul>\n<h3 data-start=\"1446\" data-end=\"1464\"><strong data-start=\"1450\" data-end=\"1462\">Standard<\/strong><\/h3>\n<ul>\n<li data-start=\"1467\" data-end=\"1484\">Inspektionsluke<\/li>\n<li data-start=\"1487\" data-end=\"1501\">Sichtfenster<\/li>\n<li data-start=\"1504\" data-end=\"1517\">Stahldeckel<\/li>\n<li data-start=\"1520\" data-end=\"1568\">F\u00f6rderschnecke mit Motor und Schneckengetriebe<\/li>\n<li data-start=\"1571\" data-end=\"1615\">Antriebsmotor der F\u00f6rderschnecke: 93 U\/min<\/li>\n<\/ul>\n<h3 data-start=\"1622\" data-end=\"1640\"><strong data-start=\"1626\" data-end=\"1638\">Optional<\/strong><\/h3>\n<ul>\n<li data-start=\"1643\" data-end=\"1657\">Bef\u00fcllsystem<\/li>\n<li data-start=\"1660\" data-end=\"1680\">F\u00fcllstandssensoren<\/li>\n<li data-start=\"1683\" data-end=\"1714\">Anschl\u00fcsse f\u00fcr F\u00f6rderschnecke<\/li>\n<li data-start=\"1717\" data-end=\"1732\">Zuf\u00fchrsysteme<\/li>\n<\/ul>\n<p><span style=\"font-size: 12px;\">\u00a0<\/span><\/p>\n","protected":false},"excerpt":{"rendered":"<p>F\u00fcr die Lagerung und den Austrag von Mehl und anderen&#8230;<\/p>\n","protected":false},"featured_media":3739,"comment_status":"closed","ping_status":"closed","template":"","meta":{"_acf_changed":false},"product_brand":[],"product_cat":[981,974],"product_tag":[],"class_list":{"0":"post-13411","1":"product","2":"type-product","3":"status-publish","4":"has-post-thumbnail","6":"product_cat-funnel-silos","7":"product_cat-innensolos","9":"first","10":"instock","11":"product-type-simple"},"acf":[],"yoast_head":"<!-- This site is optimized with the Yoast SEO plugin v27.4 - https:\/\/yoast.com\/product\/yoast-seo-wordpress\/ -->\n<title>Funnel Silo Mit Schneckenaustrag F\u00fcr Sch\u00fcttgut | Jansen&amp;Heuning<\/title>\n<meta name=\"description\" content=\"Silo mit Schneckenaustrag f\u00fcr Mehl und leichte Sch\u00fcttg\u00fcter. Modular, langlebig, verzinkte Paneele und vielseitige Kombinationen.\" \/>\n<meta name=\"robots\" content=\"index, follow, max-snippet:-1, max-image-preview:large, max-video-preview:-1\" \/>\n<link rel=\"canonical\" href=\"https:\/\/jh.nl\/de\/product\/funnel-silo-with-screw-release\/\" \/>\n<meta property=\"og:locale\" content=\"de_DE\" \/>\n<meta property=\"og:type\" content=\"article\" \/>\n<meta property=\"og:title\" content=\"Funnel Silo Mit Schneckenaustrag F\u00fcr Sch\u00fcttgut | Jansen&amp;Heuning\" \/>\n<meta property=\"og:description\" content=\"Silo mit Schneckenaustrag f\u00fcr Mehl und leichte Sch\u00fcttg\u00fcter. Modular, langlebig, verzinkte Paneele und vielseitige Kombinationen.\" \/>\n<meta property=\"og:url\" content=\"https:\/\/jh.nl\/de\/product\/funnel-silo-with-screw-release\/\" \/>\n<meta property=\"og:site_name\" content=\"Jansen&amp;Heuning\" \/>\n<meta property=\"article:publisher\" content=\"https:\/\/www.facebook.com\/JansenHeuning\" \/>\n<meta property=\"article:modified_time\" content=\"2025-08-25T12:37:23+00:00\" \/>\n<meta property=\"og:image\" content=\"https:\/\/jh.nl\/wp-content\/uploads\/2018\/01\/augerdischargesilo-818x1024.jpg\" \/>\n\t<meta property=\"og:image:width\" content=\"818\" \/>\n\t<meta property=\"og:image:height\" content=\"1024\" \/>\n\t<meta property=\"og:image:type\" content=\"image\/jpeg\" \/>\n<meta name=\"twitter:card\" content=\"summary_large_image\" \/>\n<meta name=\"twitter:label1\" content=\"Gesch\u00e4tzte Lesezeit\" \/>\n\t<meta name=\"twitter:data1\" content=\"2\u00a0Minuten\" \/>\n<script type=\"application\/ld+json\" class=\"yoast-schema-graph\">{\"@context\":\"https:\\\/\\\/schema.org\",\"@graph\":[{\"@type\":\"WebPage\",\"@id\":\"https:\\\/\\\/jh.nl\\\/de\\\/product\\\/funnel-silo-with-screw-release\\\/\",\"url\":\"https:\\\/\\\/jh.nl\\\/de\\\/product\\\/funnel-silo-with-screw-release\\\/\",\"name\":\"Funnel Silo Mit Schneckenaustrag F\u00fcr Sch\u00fcttgut | Jansen&Heuning\",\"isPartOf\":{\"@id\":\"https:\\\/\\\/jh.nl\\\/nl\\\/#website\"},\"primaryImageOfPage\":{\"@id\":\"https:\\\/\\\/jh.nl\\\/de\\\/product\\\/funnel-silo-with-screw-release\\\/#primaryimage\"},\"image\":{\"@id\":\"https:\\\/\\\/jh.nl\\\/de\\\/product\\\/funnel-silo-with-screw-release\\\/#primaryimage\"},\"thumbnailUrl\":\"https:\\\/\\\/jh.nl\\\/wp-content\\\/uploads\\\/2018\\\/01\\\/augerdischargesilo.jpg\",\"datePublished\":\"2018-01-29T14:39:29+00:00\",\"dateModified\":\"2025-08-25T12:37:23+00:00\",\"description\":\"Silo mit Schneckenaustrag f\u00fcr Mehl und leichte Sch\u00fcttg\u00fcter. Modular, langlebig, verzinkte Paneele und vielseitige Kombinationen.\",\"breadcrumb\":{\"@id\":\"https:\\\/\\\/jh.nl\\\/de\\\/product\\\/funnel-silo-with-screw-release\\\/#breadcrumb\"},\"inLanguage\":\"de\",\"potentialAction\":[{\"@type\":\"ReadAction\",\"target\":[\"https:\\\/\\\/jh.nl\\\/de\\\/product\\\/funnel-silo-with-screw-release\\\/\"]}]},{\"@type\":\"ImageObject\",\"inLanguage\":\"de\",\"@id\":\"https:\\\/\\\/jh.nl\\\/de\\\/product\\\/funnel-silo-with-screw-release\\\/#primaryimage\",\"url\":\"https:\\\/\\\/jh.nl\\\/wp-content\\\/uploads\\\/2018\\\/01\\\/augerdischargesilo.jpg\",\"contentUrl\":\"https:\\\/\\\/jh.nl\\\/wp-content\\\/uploads\\\/2018\\\/01\\\/augerdischargesilo.jpg\",\"width\":2004,\"height\":2508,\"caption\":\"Modularer Silo mit Schneckenaustrag von Jansen&Heuning\"},{\"@type\":\"BreadcrumbList\",\"@id\":\"https:\\\/\\\/jh.nl\\\/de\\\/product\\\/funnel-silo-with-screw-release\\\/#breadcrumb\",\"itemListElement\":[{\"@type\":\"ListItem\",\"position\":1,\"name\":\"Home\",\"item\":\"https:\\\/\\\/jh.nl\\\/de\\\/\"},{\"@type\":\"ListItem\",\"position\":2,\"name\":\"Producten\",\"item\":\"https:\\\/\\\/jh.nl\\\/nl\\\/producten\\\/\"},{\"@type\":\"ListItem\",\"position\":3,\"name\":\"Graantechniek\",\"item\":\"https:\\\/\\\/jh.nl\\\/nl\\\/product-categorie\\\/graantechniek\\\/\"},{\"@type\":\"ListItem\",\"position\":4,\"name\":\"Graanopslag\",\"item\":\"https:\\\/\\\/jh.nl\\\/nl\\\/product-categorie\\\/graantechniek\\\/graanopslag\\\/\"},{\"@type\":\"ListItem\",\"position\":5,\"name\":\"Trechtersilo's\",\"item\":\"https:\\\/\\\/jh.nl\\\/nl\\\/product-categorie\\\/graantechniek\\\/graanopslag\\\/trechtersilo\\\/\"},{\"@type\":\"ListItem\",\"position\":6,\"name\":\"Funnel silo with screw release\"}]},{\"@type\":\"WebSite\",\"@id\":\"https:\\\/\\\/jh.nl\\\/nl\\\/#website\",\"url\":\"https:\\\/\\\/jh.nl\\\/nl\\\/\",\"name\":\"Jansen & Heuning\",\"description\":\"Bulk Handling Systems\",\"publisher\":{\"@id\":\"https:\\\/\\\/jh.nl\\\/nl\\\/#organization\"},\"alternateName\":\"J&H\",\"potentialAction\":[{\"@type\":\"SearchAction\",\"target\":{\"@type\":\"EntryPoint\",\"urlTemplate\":\"https:\\\/\\\/jh.nl\\\/nl\\\/?s={search_term_string}\"},\"query-input\":{\"@type\":\"PropertyValueSpecification\",\"valueRequired\":true,\"valueName\":\"search_term_string\"}}],\"inLanguage\":\"de\"},{\"@type\":\"Organization\",\"@id\":\"https:\\\/\\\/jh.nl\\\/nl\\\/#organization\",\"name\":\"Jansen & Heuning\",\"alternateName\":\"J&H\",\"url\":\"https:\\\/\\\/jh.nl\\\/nl\\\/\",\"logo\":{\"@type\":\"ImageObject\",\"inLanguage\":\"de\",\"@id\":\"https:\\\/\\\/jh.nl\\\/nl\\\/#\\\/schema\\\/logo\\\/image\\\/\",\"url\":\"https:\\\/\\\/jh.nl\\\/wp-content\\\/uploads\\\/2022\\\/05\\\/JH-logo-scaled.gif\",\"contentUrl\":\"https:\\\/\\\/jh.nl\\\/wp-content\\\/uploads\\\/2022\\\/05\\\/JH-logo-scaled.gif\",\"width\":2560,\"height\":429,\"caption\":\"Jansen & Heuning\"},\"image\":{\"@id\":\"https:\\\/\\\/jh.nl\\\/nl\\\/#\\\/schema\\\/logo\\\/image\\\/\"},\"sameAs\":[\"https:\\\/\\\/www.facebook.com\\\/JansenHeuning\",\"https:\\\/\\\/www.youtube.com\\\/user\\\/JansenenHeuning\\\/featured\",\"https:\\\/\\\/www.linkedin.com\\\/company\\\/1768497\\\/\"]}]}<\/script>\n<!-- \/ Yoast SEO plugin. -->","yoast_head_json":{"title":"Funnel Silo Mit Schneckenaustrag F\u00fcr Sch\u00fcttgut | Jansen&Heuning","description":"Silo mit Schneckenaustrag f\u00fcr Mehl und leichte Sch\u00fcttg\u00fcter. Modular, langlebig, verzinkte Paneele und vielseitige Kombinationen.","robots":{"index":"index","follow":"follow","max-snippet":"max-snippet:-1","max-image-preview":"max-image-preview:large","max-video-preview":"max-video-preview:-1"},"canonical":"https:\/\/jh.nl\/de\/product\/funnel-silo-with-screw-release\/","og_locale":"de_DE","og_type":"article","og_title":"Funnel Silo Mit Schneckenaustrag F\u00fcr Sch\u00fcttgut | Jansen&Heuning","og_description":"Silo mit Schneckenaustrag f\u00fcr Mehl und leichte Sch\u00fcttg\u00fcter. Modular, langlebig, verzinkte Paneele und vielseitige Kombinationen.","og_url":"https:\/\/jh.nl\/de\/product\/funnel-silo-with-screw-release\/","og_site_name":"Jansen&amp;Heuning","article_publisher":"https:\/\/www.facebook.com\/JansenHeuning","article_modified_time":"2025-08-25T12:37:23+00:00","og_image":[{"width":818,"height":1024,"url":"https:\/\/jh.nl\/wp-content\/uploads\/2018\/01\/augerdischargesilo-818x1024.jpg","type":"image\/jpeg"}],"twitter_card":"summary_large_image","twitter_misc":{"Gesch\u00e4tzte Lesezeit":"2\u00a0Minuten"},"schema":{"@context":"https:\/\/schema.org","@graph":[{"@type":"WebPage","@id":"https:\/\/jh.nl\/de\/product\/funnel-silo-with-screw-release\/","url":"https:\/\/jh.nl\/de\/product\/funnel-silo-with-screw-release\/","name":"Funnel Silo Mit Schneckenaustrag F\u00fcr Sch\u00fcttgut | Jansen&Heuning","isPartOf":{"@id":"https:\/\/jh.nl\/nl\/#website"},"primaryImageOfPage":{"@id":"https:\/\/jh.nl\/de\/product\/funnel-silo-with-screw-release\/#primaryimage"},"image":{"@id":"https:\/\/jh.nl\/de\/product\/funnel-silo-with-screw-release\/#primaryimage"},"thumbnailUrl":"https:\/\/jh.nl\/wp-content\/uploads\/2018\/01\/augerdischargesilo.jpg","datePublished":"2018-01-29T14:39:29+00:00","dateModified":"2025-08-25T12:37:23+00:00","description":"Silo mit Schneckenaustrag f\u00fcr Mehl und leichte Sch\u00fcttg\u00fcter. Modular, langlebig, verzinkte Paneele und vielseitige Kombinationen.","breadcrumb":{"@id":"https:\/\/jh.nl\/de\/product\/funnel-silo-with-screw-release\/#breadcrumb"},"inLanguage":"de","potentialAction":[{"@type":"ReadAction","target":["https:\/\/jh.nl\/de\/product\/funnel-silo-with-screw-release\/"]}]},{"@type":"ImageObject","inLanguage":"de","@id":"https:\/\/jh.nl\/de\/product\/funnel-silo-with-screw-release\/#primaryimage","url":"https:\/\/jh.nl\/wp-content\/uploads\/2018\/01\/augerdischargesilo.jpg","contentUrl":"https:\/\/jh.nl\/wp-content\/uploads\/2018\/01\/augerdischargesilo.jpg","width":2004,"height":2508,"caption":"Modularer Silo mit Schneckenaustrag von Jansen&Heuning"},{"@type":"BreadcrumbList","@id":"https:\/\/jh.nl\/de\/product\/funnel-silo-with-screw-release\/#breadcrumb","itemListElement":[{"@type":"ListItem","position":1,"name":"Home","item":"https:\/\/jh.nl\/de\/"},{"@type":"ListItem","position":2,"name":"Producten","item":"https:\/\/jh.nl\/nl\/producten\/"},{"@type":"ListItem","position":3,"name":"Graantechniek","item":"https:\/\/jh.nl\/nl\/product-categorie\/graantechniek\/"},{"@type":"ListItem","position":4,"name":"Graanopslag","item":"https:\/\/jh.nl\/nl\/product-categorie\/graantechniek\/graanopslag\/"},{"@type":"ListItem","position":5,"name":"Trechtersilo's","item":"https:\/\/jh.nl\/nl\/product-categorie\/graantechniek\/graanopslag\/trechtersilo\/"},{"@type":"ListItem","position":6,"name":"Funnel silo with screw release"}]},{"@type":"WebSite","@id":"https:\/\/jh.nl\/nl\/#website","url":"https:\/\/jh.nl\/nl\/","name":"Jansen & Heuning","description":"Bulk Handling Systems","publisher":{"@id":"https:\/\/jh.nl\/nl\/#organization"},"alternateName":"J&H","potentialAction":[{"@type":"SearchAction","target":{"@type":"EntryPoint","urlTemplate":"https:\/\/jh.nl\/nl\/?s={search_term_string}"},"query-input":{"@type":"PropertyValueSpecification","valueRequired":true,"valueName":"search_term_string"}}],"inLanguage":"de"},{"@type":"Organization","@id":"https:\/\/jh.nl\/nl\/#organization","name":"Jansen & Heuning","alternateName":"J&H","url":"https:\/\/jh.nl\/nl\/","logo":{"@type":"ImageObject","inLanguage":"de","@id":"https:\/\/jh.nl\/nl\/#\/schema\/logo\/image\/","url":"https:\/\/jh.nl\/wp-content\/uploads\/2022\/05\/JH-logo-scaled.gif","contentUrl":"https:\/\/jh.nl\/wp-content\/uploads\/2022\/05\/JH-logo-scaled.gif","width":2560,"height":429,"caption":"Jansen & Heuning"},"image":{"@id":"https:\/\/jh.nl\/nl\/#\/schema\/logo\/image\/"},"sameAs":["https:\/\/www.facebook.com\/JansenHeuning","https:\/\/www.youtube.com\/user\/JansenenHeuning\/featured","https:\/\/www.linkedin.com\/company\/1768497\/"]}]}},"_links":{"self":[{"href":"https:\/\/jh.nl\/de\/wp-json\/wp\/v2\/product\/13411","targetHints":{"allow":["GET"]}}],"collection":[{"href":"https:\/\/jh.nl\/de\/wp-json\/wp\/v2\/product"}],"about":[{"href":"https:\/\/jh.nl\/de\/wp-json\/wp\/v2\/types\/product"}],"replies":[{"embeddable":true,"href":"https:\/\/jh.nl\/de\/wp-json\/wp\/v2\/comments?post=13411"}],"wp:featuredmedia":[{"embeddable":true,"href":"https:\/\/jh.nl\/de\/wp-json\/wp\/v2\/media\/3739"}],"wp:attachment":[{"href":"https:\/\/jh.nl\/de\/wp-json\/wp\/v2\/media?parent=13411"}],"wp:term":[{"taxonomy":"product_brand","embeddable":true,"href":"https:\/\/jh.nl\/de\/wp-json\/wp\/v2\/product_brand?post=13411"},{"taxonomy":"product_cat","embeddable":true,"href":"https:\/\/jh.nl\/de\/wp-json\/wp\/v2\/product_cat?post=13411"},{"taxonomy":"product_tag","embeddable":true,"href":"https:\/\/jh.nl\/de\/wp-json\/wp\/v2\/product_tag?post=13411"}],"curies":[{"name":"wp","href":"https:\/\/api.w.org\/{rel}","templated":true}]}}