{"id":13464,"date":"2018-02-23T11:30:22","date_gmt":"2018-02-23T10:30:22","guid":{"rendered":"https:\/\/jh.nl\/?post_type=product&#038;p=13464"},"modified":"2024-03-19T11:27:29","modified_gmt":"2024-03-19T10:27:29","slug":"kistenkipper","status":"publish","type":"product","link":"https:\/\/jh.nl\/de\/product\/kistenkipper\/","title":{"rendered":"Kistenkipper"},"content":{"rendered":"<p>Suchen Sie eine M\u00f6glichkeit um Kisten mit Sch\u00fcttgut zu entladen? Jansen&amp;Heuning hat eine Kistenentladestation entwickelt, um Kisten effizient und sicher zu entladen. Sie stellen die Kiste in den Kipper und bedienen die Einheit mit dem elektrischen Steuerpult. W\u00e4hrend des Kippens wird die Kiste mit F\u00fchrungen in der richtigen Position gehalten. Das Sch\u00fcttgut f\u00e4llt dann in einen Vorratsbunker und kann anschlie\u00dfend z. B. in eine <a href=\"https:\/\/jh.nl\/de\/produkt-kategorie\/schneckenfoerderer-schneckenfoerderer\/\">F\u00f6rderschnecke<\/a> dosiert werden.<\/p>\n<h2>Optionen f\u00fcr Kistenkipper<\/h2>\n<p>Jeder Kunde hat andere Arten von Kisten, Anwendungen oder Anforderungen. Deshalb fertigen wir den Kipper immer ma\u00dfgeschneidert an. So ist es zum Beispiel m\u00f6glich, das Kippsystem f\u00fcr breite Kisten von 2,40 m oder zwei schmalere Kisten von 1,2 m zu verwenden. Der Kipper kann auch mit einem gr\u00f6\u00dferen Vorratssilo kombiniert werden, damit Sie die volle Kontrolle \u00fcber die Entladung, Lagerung und den Weitertransport Ihrer Sch\u00fcttg\u00fcter haben. Die Einheit eignet sich auch f\u00fcr andere Arten von Sch\u00fcttgutbeh\u00e4ltern, wie z. B. <a href=\"https:\/\/jh.nl\/de\/produkt\/octabin-kipper\/\">Oktabins<\/a>.<\/p>\n<p>Haben Sie spezielle Anforderungen? Wir besprechen sie gemeinsam und lassen unsere Ingenieure eine kreative L\u00f6sung finden.<\/p>\n<h2>Entleerung von Kisten ohne Staubaustrag<\/h2>\n<p>Der Kastenkipper kann sowohl in offener als auch in geschlossener Ausf\u00fchrung geliefert werden. Die geschlossene Version ist sehr gut geeignet, um Staubemissionen zu vermeiden. Das ist zum Beispiel beim Entleeren von trockenem, feinem Sch\u00fcttgut von Vorteil. Bei Bedarf kann eine Staubabsaugung am Kipper angebracht werden, um die Staubentwicklung weiter zu reduzieren.<\/p>\n<p><iframe title=\"YouTube video player\" src=\"https:\/\/www.youtube.com\/embed\/2JYrYpWKOg4?si=dXho9sHTsOu4e3JE\" width=\"560\" height=\"315\" frameborder=\"0\" allowfullscreen=\"allowfullscreen\"><\/iframe><\/p>\n","protected":false},"excerpt":{"rendered":"<p>Suchen Sie eine M\u00f6glichkeit um Kisten mit Sch\u00fcttgut zu entladen?&#8230;<\/p>\n","protected":false},"featured_media":23841,"comment_status":"open","ping_status":"closed","template":"","meta":{"_acf_changed":false},"product_brand":[],"product_cat":[488],"product_tag":[],"class_list":{"0":"post-13464","1":"product","2":"type-product","3":"status-publish","4":"has-post-thumbnail","6":"product_cat-spezialmaschinen","8":"first","9":"instock","10":"taxable","11":"shipping-taxable","12":"product-type-simple"},"acf":[],"yoast_head":"<!-- This site is optimized with the Yoast SEO plugin v27.4 - https:\/\/yoast.com\/product\/yoast-seo-wordpress\/ -->\n<title>Kistenkipper | Jansen&amp;Heuning<\/title>\n<meta name=\"description\" content=\"Kistenkipper | Jansen&amp;Heuning\" \/>\n<meta name=\"robots\" content=\"index, follow, max-snippet:-1, max-image-preview:large, max-video-preview:-1\" \/>\n<link rel=\"canonical\" href=\"https:\/\/jh.nl\/de\/product\/kistenkipper\/\" \/>\n<meta property=\"og:locale\" content=\"de_DE\" \/>\n<meta property=\"og:type\" content=\"article\" \/>\n<meta property=\"og:title\" content=\"Kistenkipper | Jansen&amp;Heuning\" \/>\n<meta property=\"og:description\" content=\"Kistenkipper | Jansen&amp;Heuning\" \/>\n<meta property=\"og:url\" content=\"https:\/\/jh.nl\/de\/product\/kistenkipper\/\" \/>\n<meta property=\"og:site_name\" content=\"Jansen&amp;Heuning\" \/>\n<meta property=\"article:publisher\" content=\"https:\/\/www.facebook.com\/JansenHeuning\" \/>\n<meta property=\"article:modified_time\" content=\"2024-03-19T10:27:29+00:00\" \/>\n<meta property=\"og:image\" content=\"https:\/\/jh.nl\/wp-content\/uploads\/2018\/02\/36.png\" \/>\n\t<meta property=\"og:image:width\" content=\"1440\" \/>\n\t<meta property=\"og:image:height\" content=\"1080\" \/>\n\t<meta property=\"og:image:type\" content=\"image\/png\" \/>\n<meta name=\"twitter:card\" content=\"summary_large_image\" \/>\n<meta name=\"twitter:label1\" content=\"Gesch\u00e4tzte Lesezeit\" \/>\n\t<meta name=\"twitter:data1\" content=\"1\u00a0Minute\" \/>\n<script type=\"application\/ld+json\" class=\"yoast-schema-graph\">{\"@context\":\"https:\\\/\\\/schema.org\",\"@graph\":[{\"@type\":\"WebPage\",\"@id\":\"https:\\\/\\\/jh.nl\\\/de\\\/product\\\/kistenkipper\\\/\",\"url\":\"https:\\\/\\\/jh.nl\\\/de\\\/product\\\/kistenkipper\\\/\",\"name\":\"Kistenkipper | Jansen&amp;Heuning\",\"isPartOf\":{\"@id\":\"https:\\\/\\\/jh.nl\\\/nl\\\/#website\"},\"primaryImageOfPage\":{\"@id\":\"https:\\\/\\\/jh.nl\\\/de\\\/product\\\/kistenkipper\\\/#primaryimage\"},\"image\":{\"@id\":\"https:\\\/\\\/jh.nl\\\/de\\\/product\\\/kistenkipper\\\/#primaryimage\"},\"thumbnailUrl\":\"https:\\\/\\\/jh.nl\\\/wp-content\\\/uploads\\\/2018\\\/02\\\/36.png\",\"datePublished\":\"2018-02-23T10:30:22+00:00\",\"dateModified\":\"2024-03-19T10:27:29+00:00\",\"description\":\"Kistenkipper | Jansen&amp;Heuning\",\"breadcrumb\":{\"@id\":\"https:\\\/\\\/jh.nl\\\/de\\\/product\\\/kistenkipper\\\/#breadcrumb\"},\"inLanguage\":\"de\",\"potentialAction\":[{\"@type\":\"ReadAction\",\"target\":[\"https:\\\/\\\/jh.nl\\\/de\\\/product\\\/kistenkipper\\\/\"]}]},{\"@type\":\"ImageObject\",\"inLanguage\":\"de\",\"@id\":\"https:\\\/\\\/jh.nl\\\/de\\\/product\\\/kistenkipper\\\/#primaryimage\",\"url\":\"https:\\\/\\\/jh.nl\\\/wp-content\\\/uploads\\\/2018\\\/02\\\/36.png\",\"contentUrl\":\"https:\\\/\\\/jh.nl\\\/wp-content\\\/uploads\\\/2018\\\/02\\\/36.png\",\"width\":1440,\"height\":1080,\"caption\":\"Kistenkantelaar in gebruik: kist wordt gekanteld en product valt in een voorraadbunker voor verdere verwerking\"},{\"@type\":\"BreadcrumbList\",\"@id\":\"https:\\\/\\\/jh.nl\\\/de\\\/product\\\/kistenkipper\\\/#breadcrumb\",\"itemListElement\":[{\"@type\":\"ListItem\",\"position\":1,\"name\":\"Home\",\"item\":\"https:\\\/\\\/jh.nl\\\/de\\\/\"},{\"@type\":\"ListItem\",\"position\":2,\"name\":\"Producten\",\"item\":\"https:\\\/\\\/jh.nl\\\/nl\\\/producten\\\/\"},{\"@type\":\"ListItem\",\"position\":3,\"name\":\"Speciale bulk machines\",\"item\":\"https:\\\/\\\/jh.nl\\\/nl\\\/product-categorie\\\/speciale-bulk-machines\\\/\"},{\"@type\":\"ListItem\",\"position\":4,\"name\":\"Kistenkipper\"}]},{\"@type\":\"WebSite\",\"@id\":\"https:\\\/\\\/jh.nl\\\/nl\\\/#website\",\"url\":\"https:\\\/\\\/jh.nl\\\/nl\\\/\",\"name\":\"Jansen & Heuning\",\"description\":\"Bulk Handling Systems\",\"publisher\":{\"@id\":\"https:\\\/\\\/jh.nl\\\/nl\\\/#organization\"},\"alternateName\":\"J&H\",\"potentialAction\":[{\"@type\":\"SearchAction\",\"target\":{\"@type\":\"EntryPoint\",\"urlTemplate\":\"https:\\\/\\\/jh.nl\\\/nl\\\/?s={search_term_string}\"},\"query-input\":{\"@type\":\"PropertyValueSpecification\",\"valueRequired\":true,\"valueName\":\"search_term_string\"}}],\"inLanguage\":\"de\"},{\"@type\":\"Organization\",\"@id\":\"https:\\\/\\\/jh.nl\\\/nl\\\/#organization\",\"name\":\"Jansen & Heuning\",\"alternateName\":\"J&H\",\"url\":\"https:\\\/\\\/jh.nl\\\/nl\\\/\",\"logo\":{\"@type\":\"ImageObject\",\"inLanguage\":\"de\",\"@id\":\"https:\\\/\\\/jh.nl\\\/nl\\\/#\\\/schema\\\/logo\\\/image\\\/\",\"url\":\"https:\\\/\\\/jh.nl\\\/wp-content\\\/uploads\\\/2022\\\/05\\\/JH-logo-scaled.gif\",\"contentUrl\":\"https:\\\/\\\/jh.nl\\\/wp-content\\\/uploads\\\/2022\\\/05\\\/JH-logo-scaled.gif\",\"width\":2560,\"height\":429,\"caption\":\"Jansen & Heuning\"},\"image\":{\"@id\":\"https:\\\/\\\/jh.nl\\\/nl\\\/#\\\/schema\\\/logo\\\/image\\\/\"},\"sameAs\":[\"https:\\\/\\\/www.facebook.com\\\/JansenHeuning\",\"https:\\\/\\\/www.youtube.com\\\/user\\\/JansenenHeuning\\\/featured\",\"https:\\\/\\\/www.linkedin.com\\\/company\\\/1768497\\\/\"]}]}<\/script>\n<!-- \/ Yoast SEO plugin. -->","yoast_head_json":{"title":"Kistenkipper | Jansen&amp;Heuning","description":"Kistenkipper | Jansen&amp;Heuning","robots":{"index":"index","follow":"follow","max-snippet":"max-snippet:-1","max-image-preview":"max-image-preview:large","max-video-preview":"max-video-preview:-1"},"canonical":"https:\/\/jh.nl\/de\/product\/kistenkipper\/","og_locale":"de_DE","og_type":"article","og_title":"Kistenkipper | Jansen&amp;Heuning","og_description":"Kistenkipper | Jansen&amp;Heuning","og_url":"https:\/\/jh.nl\/de\/product\/kistenkipper\/","og_site_name":"Jansen&amp;Heuning","article_publisher":"https:\/\/www.facebook.com\/JansenHeuning","article_modified_time":"2024-03-19T10:27:29+00:00","og_image":[{"width":1440,"height":1080,"url":"https:\/\/jh.nl\/wp-content\/uploads\/2018\/02\/36.png","type":"image\/png"}],"twitter_card":"summary_large_image","twitter_misc":{"Gesch\u00e4tzte Lesezeit":"1\u00a0Minute"},"schema":{"@context":"https:\/\/schema.org","@graph":[{"@type":"WebPage","@id":"https:\/\/jh.nl\/de\/product\/kistenkipper\/","url":"https:\/\/jh.nl\/de\/product\/kistenkipper\/","name":"Kistenkipper | Jansen&amp;Heuning","isPartOf":{"@id":"https:\/\/jh.nl\/nl\/#website"},"primaryImageOfPage":{"@id":"https:\/\/jh.nl\/de\/product\/kistenkipper\/#primaryimage"},"image":{"@id":"https:\/\/jh.nl\/de\/product\/kistenkipper\/#primaryimage"},"thumbnailUrl":"https:\/\/jh.nl\/wp-content\/uploads\/2018\/02\/36.png","datePublished":"2018-02-23T10:30:22+00:00","dateModified":"2024-03-19T10:27:29+00:00","description":"Kistenkipper | Jansen&amp;Heuning","breadcrumb":{"@id":"https:\/\/jh.nl\/de\/product\/kistenkipper\/#breadcrumb"},"inLanguage":"de","potentialAction":[{"@type":"ReadAction","target":["https:\/\/jh.nl\/de\/product\/kistenkipper\/"]}]},{"@type":"ImageObject","inLanguage":"de","@id":"https:\/\/jh.nl\/de\/product\/kistenkipper\/#primaryimage","url":"https:\/\/jh.nl\/wp-content\/uploads\/2018\/02\/36.png","contentUrl":"https:\/\/jh.nl\/wp-content\/uploads\/2018\/02\/36.png","width":1440,"height":1080,"caption":"Kistenkantelaar in gebruik: kist wordt gekanteld en product valt in een voorraadbunker voor verdere verwerking"},{"@type":"BreadcrumbList","@id":"https:\/\/jh.nl\/de\/product\/kistenkipper\/#breadcrumb","itemListElement":[{"@type":"ListItem","position":1,"name":"Home","item":"https:\/\/jh.nl\/de\/"},{"@type":"ListItem","position":2,"name":"Producten","item":"https:\/\/jh.nl\/nl\/producten\/"},{"@type":"ListItem","position":3,"name":"Speciale bulk machines","item":"https:\/\/jh.nl\/nl\/product-categorie\/speciale-bulk-machines\/"},{"@type":"ListItem","position":4,"name":"Kistenkipper"}]},{"@type":"WebSite","@id":"https:\/\/jh.nl\/nl\/#website","url":"https:\/\/jh.nl\/nl\/","name":"Jansen & Heuning","description":"Bulk Handling Systems","publisher":{"@id":"https:\/\/jh.nl\/nl\/#organization"},"alternateName":"J&H","potentialAction":[{"@type":"SearchAction","target":{"@type":"EntryPoint","urlTemplate":"https:\/\/jh.nl\/nl\/?s={search_term_string}"},"query-input":{"@type":"PropertyValueSpecification","valueRequired":true,"valueName":"search_term_string"}}],"inLanguage":"de"},{"@type":"Organization","@id":"https:\/\/jh.nl\/nl\/#organization","name":"Jansen & Heuning","alternateName":"J&H","url":"https:\/\/jh.nl\/nl\/","logo":{"@type":"ImageObject","inLanguage":"de","@id":"https:\/\/jh.nl\/nl\/#\/schema\/logo\/image\/","url":"https:\/\/jh.nl\/wp-content\/uploads\/2022\/05\/JH-logo-scaled.gif","contentUrl":"https:\/\/jh.nl\/wp-content\/uploads\/2022\/05\/JH-logo-scaled.gif","width":2560,"height":429,"caption":"Jansen & Heuning"},"image":{"@id":"https:\/\/jh.nl\/nl\/#\/schema\/logo\/image\/"},"sameAs":["https:\/\/www.facebook.com\/JansenHeuning","https:\/\/www.youtube.com\/user\/JansenenHeuning\/featured","https:\/\/www.linkedin.com\/company\/1768497\/"]}]}},"_links":{"self":[{"href":"https:\/\/jh.nl\/de\/wp-json\/wp\/v2\/product\/13464","targetHints":{"allow":["GET"]}}],"collection":[{"href":"https:\/\/jh.nl\/de\/wp-json\/wp\/v2\/product"}],"about":[{"href":"https:\/\/jh.nl\/de\/wp-json\/wp\/v2\/types\/product"}],"replies":[{"embeddable":true,"href":"https:\/\/jh.nl\/de\/wp-json\/wp\/v2\/comments?post=13464"}],"wp:featuredmedia":[{"embeddable":true,"href":"https:\/\/jh.nl\/de\/wp-json\/wp\/v2\/media\/23841"}],"wp:attachment":[{"href":"https:\/\/jh.nl\/de\/wp-json\/wp\/v2\/media?parent=13464"}],"wp:term":[{"taxonomy":"product_brand","embeddable":true,"href":"https:\/\/jh.nl\/de\/wp-json\/wp\/v2\/product_brand?post=13464"},{"taxonomy":"product_cat","embeddable":true,"href":"https:\/\/jh.nl\/de\/wp-json\/wp\/v2\/product_cat?post=13464"},{"taxonomy":"product_tag","embeddable":true,"href":"https:\/\/jh.nl\/de\/wp-json\/wp\/v2\/product_tag?post=13464"}],"curies":[{"name":"wp","href":"https:\/\/api.w.org\/{rel}","templated":true}]}}