{"id":13683,"date":"2018-02-23T13:24:39","date_gmt":"2019-06-14T10:16:38","guid":{"rendered":"https:\/\/jh.nl\/?post_type=product&#038;p=13683"},"modified":"2026-04-13T15:59:55","modified_gmt":"2026-04-13T13:59:55","slug":"volumemeetsysteem-vsm300","status":"publish","type":"product","link":"https:\/\/jh.nl\/de\/product\/volumemeetsysteem-vsm300\/","title":{"rendered":"Volumenmesssystem (VMS3000)"},"content":{"rendered":"<p>Das erste Volumenmesssystem mit einer Genauigkeit von 99,5 %. Viele Unternehmen suchen nach einem zuverl\u00e4ssigen System zur Messung von Volumenstr\u00f6men von Sch\u00fcttg\u00fctern, wie Torf, Kompost, Erde, Schutt, Sand usw., denn nicht alle Produkte werden nach Gewicht verkauft. Das VMS3000 von Jansen &amp; Heuning nutzt intelligente, hochwertige Elektronik und Visualisierungstechnik.<\/p>\n<h3>Wie arbeitet dieses Ger\u00e4t?<\/h3>\n<p>Ein Laserstrahl tastet in einem bestimmten Winkel das Sch\u00fcttgutprofil auf dem Band ab und eine Spezialkamera zeichnet die Projektion 50 mal pro Sekunde auf. Bei\u00a0 einer Aufl\u00f6sung gr\u00f6\u00dfer 500 x 500 Pixel verarbeitet der Signalprozessor 12,5 Mb\/s.<\/p>\n<p>Die Fl\u00e4che des Sch\u00fcttgutquerschnitts wird berechnet, und in Verbindung mit der gemessenen Gurtgeschwindigkeit k\u00f6nnen Volumen und F\u00f6rderleistung ermittelt werden. Diese Daten werden in einem Computer mit USB-Anschluss verarbeitet. Wir liefern die ben\u00f6tigte Software und optional liefern wir auch ein englisches Softwareprotokoll, damit Sie die Steuerung und das Auslesen des VMS3000 in Ihre Anlagensteuerung integrieren k\u00f6nnen.<\/p>\n<p><img fetchpriority=\"high\" decoding=\"async\" class=\"size-full wp-image-9131 alignleft\" src=\"https:\/\/jh.nl\/wp-content\/uploads\/2018\/02\/Schets-triangulatie.png\" alt=\"\" width=\"265\" height=\"202\" \/><\/p>\n<h3>Die Ergebnisse<\/h3>\n<p>Durch die H\u00e4ufigkeit der Messungen und die geringen Messabst\u00e4nde \u00fcber die Gurtbreite ist die Genauigkeit besser als +\/-\u00a00,5\u00a0%. Die Tabelle zeigt den Zusammenhang aus H\u00e4ufigkeit und Abstand:<\/p>\n<table cellpadding=\"2\">\n<tbody>\n<tr class=\"subkop even\">\n<td><strong>F\u00f6rderband mit<\/strong><\/td>\n<td><strong>H\u00f6henmessung je:<\/strong><\/td>\n<\/tr>\n<tr class=\"roweven odd\">\n<td>Gurtgeschwindigkeit 1 m\/s<\/td>\n<td>2 cm Gurtl\u00e4nge<\/td>\n<\/tr>\n<tr class=\"rowoneven even\">\n<td>Gurtbreite 1000 mm<\/td>\n<td>2 mm Gurtbreite<\/td>\n<\/tr>\n<\/tbody>\n<\/table>\n<p>Mittlerweile haben wir viele Volumenmesssysteme geliefert, und alle funktionieren mehr als zufriedenstellend. Dabei haben wir bei verschiedenen Sch\u00fcttg\u00fctern, wie Torf, Salz, Sand, Kies und Erde, umfangreiche Erfahrungen sammeln k\u00f6nnen.<br \/>\n<img decoding=\"async\" class=\"size-full wp-image-9136 aligncenter\" src=\"https:\/\/jh.nl\/wp-content\/uploads\/2018\/02\/Schets-VSM.jpg\" alt=\"\" width=\"535\" height=\"478\" srcset=\"https:\/\/jh.nl\/wp-content\/uploads\/2018\/02\/Schets-VSM.jpg 535w, https:\/\/jh.nl\/wp-content\/uploads\/2018\/02\/Schets-VSM-300x268.jpg 300w, https:\/\/jh.nl\/wp-content\/uploads\/2018\/02\/Schets-VSM-400x357.jpg 400w\" sizes=\"(max-width: 535px) 100vw, 535px\" \/><\/p>\n\n\t\t<style type=\"text\/css\">\n\t\t\t#gallery-1 {\n\t\t\t\tmargin: auto;\n\t\t\t}\n\t\t\t#gallery-1 .gallery-item {\n\t\t\t\tfloat: left;\n\t\t\t\tmargin-top: 10px;\n\t\t\t\ttext-align: center;\n\t\t\t\twidth: 33%;\n\t\t\t}\n\t\t\t#gallery-1 img {\n\t\t\t\tborder: 2px solid #cfcfcf;\n\t\t\t}\n\t\t\t#gallery-1 .gallery-caption {\n\t\t\t\tmargin-left: 0;\n\t\t\t}\n\t\t\t\/* see gallery_shortcode() in wp-includes\/media.php *\/\n\t\t<\/style>\n\t\t<div id='gallery-1' class='gallery galleryid-13683 gallery-columns-3 gallery-size-full'><dl class='gallery-item'>\n\t\t\t<dt class='gallery-icon portrait'>\n\t\t\t\t<a href='https:\/\/jh.nl\/de\/?attachment_id=16884'><img decoding=\"async\" width=\"1920\" height=\"2560\" src=\"https:\/\/jh.nl\/wp-content\/uploads\/2018\/02\/bovenplaat-met-laserkast-en-camerakast-RWE-scaled.jpg\" class=\"attachment-full size-full\" alt=\"\" aria-describedby=\"gallery-1-16884\" srcset=\"https:\/\/jh.nl\/wp-content\/uploads\/2018\/02\/bovenplaat-met-laserkast-en-camerakast-RWE-scaled.jpg 1920w, https:\/\/jh.nl\/wp-content\/uploads\/2018\/02\/bovenplaat-met-laserkast-en-camerakast-RWE-scaled-400x533.jpg 400w, https:\/\/jh.nl\/wp-content\/uploads\/2018\/02\/bovenplaat-met-laserkast-en-camerakast-RWE-225x300.jpg 225w, https:\/\/jh.nl\/wp-content\/uploads\/2018\/02\/bovenplaat-met-laserkast-en-camerakast-RWE-768x1024.jpg 768w, https:\/\/jh.nl\/wp-content\/uploads\/2018\/02\/bovenplaat-met-laserkast-en-camerakast-RWE-1152x1536.jpg 1152w, https:\/\/jh.nl\/wp-content\/uploads\/2018\/02\/bovenplaat-met-laserkast-en-camerakast-RWE-1536x2048.jpg 1536w, https:\/\/jh.nl\/wp-content\/uploads\/2018\/02\/bovenplaat-met-laserkast-en-camerakast-RWE-600x800.jpg 600w\" sizes=\"(max-width: 1920px) 100vw, 1920px\" \/><\/a>\n\t\t\t<\/dt>\n\t\t\t\t<dd class='wp-caption-text gallery-caption' id='gallery-1-16884'>\n\t\t\t\tcof\n\t\t\t\t<\/dd><\/dl><dl class='gallery-item'>\n\t\t\t<dt class='gallery-icon landscape'>\n\t\t\t\t<a href='https:\/\/jh.nl\/de\/?attachment_id=16889'><img loading=\"lazy\" decoding=\"async\" width=\"2560\" height=\"1920\" src=\"https:\/\/jh.nl\/wp-content\/uploads\/2018\/02\/kadeband-met-ingebouwd-VMS-RWE-scaled.jpg\" class=\"attachment-full size-full\" alt=\"\" aria-describedby=\"gallery-1-16889\" srcset=\"https:\/\/jh.nl\/wp-content\/uploads\/2018\/02\/kadeband-met-ingebouwd-VMS-RWE-scaled.jpg 2560w, https:\/\/jh.nl\/wp-content\/uploads\/2018\/02\/kadeband-met-ingebouwd-VMS-RWE-scaled-400x300.jpg 400w, https:\/\/jh.nl\/wp-content\/uploads\/2018\/02\/kadeband-met-ingebouwd-VMS-RWE-300x225.jpg 300w, https:\/\/jh.nl\/wp-content\/uploads\/2018\/02\/kadeband-met-ingebouwd-VMS-RWE-768x576.jpg 768w, https:\/\/jh.nl\/wp-content\/uploads\/2018\/02\/kadeband-met-ingebouwd-VMS-RWE-1024x768.jpg 1024w, https:\/\/jh.nl\/wp-content\/uploads\/2018\/02\/kadeband-met-ingebouwd-VMS-RWE-1536x1152.jpg 1536w, https:\/\/jh.nl\/wp-content\/uploads\/2018\/02\/kadeband-met-ingebouwd-VMS-RWE-2048x1536.jpg 2048w, https:\/\/jh.nl\/wp-content\/uploads\/2018\/02\/kadeband-met-ingebouwd-VMS-RWE-600x450.jpg 600w\" sizes=\"(max-width: 2560px) 100vw, 2560px\" \/><\/a>\n\t\t\t<\/dt>\n\t\t\t\t<dd class='wp-caption-text gallery-caption' id='gallery-1-16889'>\n\t\t\t\tKadeband met ingebouwd VMS\n\t\t\t\t<\/dd><\/dl><dl class='gallery-item'>\n\t\t\t<dt class='gallery-icon landscape'>\n\t\t\t\t<a href='https:\/\/jh.nl\/de\/?attachment_id=16894'><img loading=\"lazy\" decoding=\"async\" width=\"2560\" height=\"1920\" src=\"https:\/\/jh.nl\/wp-content\/uploads\/2018\/02\/laserlijn-op-lege-band-scaled.jpg\" class=\"attachment-full size-full\" alt=\"\" aria-describedby=\"gallery-1-16894\" srcset=\"https:\/\/jh.nl\/wp-content\/uploads\/2018\/02\/laserlijn-op-lege-band-scaled.jpg 2560w, https:\/\/jh.nl\/wp-content\/uploads\/2018\/02\/laserlijn-op-lege-band-scaled-400x300.jpg 400w, https:\/\/jh.nl\/wp-content\/uploads\/2018\/02\/laserlijn-op-lege-band-300x225.jpg 300w, https:\/\/jh.nl\/wp-content\/uploads\/2018\/02\/laserlijn-op-lege-band-768x576.jpg 768w, https:\/\/jh.nl\/wp-content\/uploads\/2018\/02\/laserlijn-op-lege-band-1024x768.jpg 1024w, https:\/\/jh.nl\/wp-content\/uploads\/2018\/02\/laserlijn-op-lege-band-1536x1152.jpg 1536w, https:\/\/jh.nl\/wp-content\/uploads\/2018\/02\/laserlijn-op-lege-band-2048x1536.jpg 2048w, https:\/\/jh.nl\/wp-content\/uploads\/2018\/02\/laserlijn-op-lege-band-600x450.jpg 600w\" sizes=\"(max-width: 2560px) 100vw, 2560px\" \/><\/a>\n\t\t\t<\/dt>\n\t\t\t\t<dd class='wp-caption-text gallery-caption' id='gallery-1-16894'>\n\t\t\t\tLaserlijn op lege band\n\t\t\t\t<\/dd><\/dl><br style=\"clear: both\" \/><dl class='gallery-item'>\n\t\t\t<dt class='gallery-icon portrait'>\n\t\t\t\t<a href='https:\/\/jh.nl\/de\/?attachment_id=16899'><img loading=\"lazy\" decoding=\"async\" width=\"1920\" height=\"2560\" src=\"https:\/\/jh.nl\/wp-content\/uploads\/2018\/02\/laserlijn-op-testobject-voor-inregelen-scaled.jpg\" class=\"attachment-full size-full\" alt=\"\" aria-describedby=\"gallery-1-16899\" srcset=\"https:\/\/jh.nl\/wp-content\/uploads\/2018\/02\/laserlijn-op-testobject-voor-inregelen-scaled.jpg 1920w, https:\/\/jh.nl\/wp-content\/uploads\/2018\/02\/laserlijn-op-testobject-voor-inregelen-scaled-400x533.jpg 400w, https:\/\/jh.nl\/wp-content\/uploads\/2018\/02\/laserlijn-op-testobject-voor-inregelen-225x300.jpg 225w, https:\/\/jh.nl\/wp-content\/uploads\/2018\/02\/laserlijn-op-testobject-voor-inregelen-768x1024.jpg 768w, https:\/\/jh.nl\/wp-content\/uploads\/2018\/02\/laserlijn-op-testobject-voor-inregelen-1152x1536.jpg 1152w, https:\/\/jh.nl\/wp-content\/uploads\/2018\/02\/laserlijn-op-testobject-voor-inregelen-1536x2048.jpg 1536w, https:\/\/jh.nl\/wp-content\/uploads\/2018\/02\/laserlijn-op-testobject-voor-inregelen-600x800.jpg 600w\" sizes=\"(max-width: 1920px) 100vw, 1920px\" \/><\/a>\n\t\t\t<\/dt>\n\t\t\t\t<dd class='wp-caption-text gallery-caption' id='gallery-1-16899'>\n\t\t\t\tLaserlijn op testobject voor inreglen\n\t\t\t\t<\/dd><\/dl><dl class='gallery-item'>\n\t\t\t<dt class='gallery-icon landscape'>\n\t\t\t\t<a href='https:\/\/jh.nl\/de\/?attachment_id=16904'><img loading=\"lazy\" decoding=\"async\" width=\"2560\" height=\"1920\" src=\"https:\/\/jh.nl\/wp-content\/uploads\/2018\/02\/regel-en-dataverzamelingskast-RWE-scaled.jpg\" class=\"attachment-full size-full\" alt=\"\" aria-describedby=\"gallery-1-16904\" srcset=\"https:\/\/jh.nl\/wp-content\/uploads\/2018\/02\/regel-en-dataverzamelingskast-RWE-scaled.jpg 2560w, https:\/\/jh.nl\/wp-content\/uploads\/2018\/02\/regel-en-dataverzamelingskast-RWE-scaled-400x300.jpg 400w, https:\/\/jh.nl\/wp-content\/uploads\/2018\/02\/regel-en-dataverzamelingskast-RWE-300x225.jpg 300w, https:\/\/jh.nl\/wp-content\/uploads\/2018\/02\/regel-en-dataverzamelingskast-RWE-768x576.jpg 768w, https:\/\/jh.nl\/wp-content\/uploads\/2018\/02\/regel-en-dataverzamelingskast-RWE-1024x768.jpg 1024w, https:\/\/jh.nl\/wp-content\/uploads\/2018\/02\/regel-en-dataverzamelingskast-RWE-1536x1152.jpg 1536w, https:\/\/jh.nl\/wp-content\/uploads\/2018\/02\/regel-en-dataverzamelingskast-RWE-2048x1536.jpg 2048w, https:\/\/jh.nl\/wp-content\/uploads\/2018\/02\/regel-en-dataverzamelingskast-RWE-600x450.jpg 600w\" sizes=\"(max-width: 2560px) 100vw, 2560px\" \/><\/a>\n\t\t\t<\/dt>\n\t\t\t\t<dd class='wp-caption-text gallery-caption' id='gallery-1-16904'>\n\t\t\t\tcof\n\t\t\t\t<\/dd><\/dl><dl class='gallery-item'>\n\t\t\t<dt class='gallery-icon landscape'>\n\t\t\t\t<a href='https:\/\/jh.nl\/de\/?attachment_id=16909'><img loading=\"lazy\" decoding=\"async\" width=\"2560\" height=\"1920\" src=\"https:\/\/jh.nl\/wp-content\/uploads\/2018\/02\/uitlezing-en-bediening-RWE-scaled.jpg\" class=\"attachment-full size-full\" alt=\"\" aria-describedby=\"gallery-1-16909\" srcset=\"https:\/\/jh.nl\/wp-content\/uploads\/2018\/02\/uitlezing-en-bediening-RWE-scaled.jpg 2560w, https:\/\/jh.nl\/wp-content\/uploads\/2018\/02\/uitlezing-en-bediening-RWE-scaled-400x300.jpg 400w, https:\/\/jh.nl\/wp-content\/uploads\/2018\/02\/uitlezing-en-bediening-RWE-300x225.jpg 300w, https:\/\/jh.nl\/wp-content\/uploads\/2018\/02\/uitlezing-en-bediening-RWE-768x576.jpg 768w, https:\/\/jh.nl\/wp-content\/uploads\/2018\/02\/uitlezing-en-bediening-RWE-1024x768.jpg 1024w, https:\/\/jh.nl\/wp-content\/uploads\/2018\/02\/uitlezing-en-bediening-RWE-1536x1152.jpg 1536w, https:\/\/jh.nl\/wp-content\/uploads\/2018\/02\/uitlezing-en-bediening-RWE-2048x1536.jpg 2048w, https:\/\/jh.nl\/wp-content\/uploads\/2018\/02\/uitlezing-en-bediening-RWE-600x450.jpg 600w\" sizes=\"(max-width: 2560px) 100vw, 2560px\" \/><\/a>\n\t\t\t<\/dt>\n\t\t\t\t<dd class='wp-caption-text gallery-caption' id='gallery-1-16909'>\n\t\t\t\tUitlezing en bediening\n\t\t\t\t<\/dd><\/dl><br style=\"clear: both\" \/>\n\t\t<\/div>\n\n<h3>Optionen<\/h3>\n<p>Fragen Sie Jansen &amp; Heuning nach weiteren Informationen, wenn Sie sich f\u00fcr das VMS2000 f\u00fcr folgende Aufgabenstellungen interessieren:<\/p>\n<ul>\n<li>Volumenmessung von Chargen<\/li>\n<li>kontinuierliche\u00a0Messung der Sch\u00fcttdichte<\/li>\n<li>Auslesen \u00fcber 4-20mA Analogport mit potentialfreien Kontakten<\/li>\n<li>Anzeige\u00a0der Dateien f\u00fcr Ihre Datenverarbeitung<\/li>\n<li>Ermittlung von Korrekturfaktoren gem\u00e4\u00df DIN und CEN f\u00fcr die Kompost-\/<br \/>\nTorfindustrie<\/li>\n<li>Wenn Sie weitere Fragen haben, nehmen Sie bitte mit Jansen &amp; Heuning Kontakt auf. Wir beraten Sie gern pers\u00f6nlich.<\/li>\n<\/ul>\n<p>Volumenmesssysteme montieren wir auf F\u00f6rderb\u00e4nder, die bereits bei Ihnen im Einsatz sind. Falls Sie einen neuen\u00a0<strong><a title=\"Gurtf\u00f6rderer\" href=\"https:\/\/jh.nl\/de\/produkt-kategorie\/gurtfoerderer\/\">Gurtf\u00f6rderer<\/a>\u00a0<\/strong>ben\u00f6tigen, liefern wir diesen selbstverst\u00e4ndlich gern.<\/p>\n","protected":false},"excerpt":{"rendered":"<p>Das erste Volumenmesssystem mit einer Genauigkeit von 99,5 %. Viele&#8230;<\/p>\n","protected":false},"featured_media":26079,"comment_status":"open","ping_status":"closed","template":"","meta":{"_acf_changed":false},"product_brand":[],"product_cat":[488],"product_tag":[],"class_list":{"0":"post-13683","1":"product","2":"type-product","3":"status-publish","4":"has-post-thumbnail","6":"product_cat-spezialmaschinen","7":"pa_isolatie-klasse-ip44-de","9":"first","10":"instock","11":"taxable","12":"shipping-taxable","13":"product-type-simple"},"acf":[],"yoast_head":"<!-- This site is optimized with the Yoast SEO plugin v27.4 - https:\/\/yoast.com\/product\/yoast-seo-wordpress\/ -->\n<title>Volumenmesssystem (VMS3000) | Jansen&amp;Heuning<\/title>\n<meta name=\"description\" content=\"Volumenmesssystem (VMS3000) | Jansen&amp;Heuning\" \/>\n<meta name=\"robots\" content=\"index, follow, max-snippet:-1, max-image-preview:large, max-video-preview:-1\" \/>\n<link rel=\"canonical\" href=\"https:\/\/jh.nl\/de\/product\/volumemeetsysteem-vsm300\/\" \/>\n<meta property=\"og:locale\" content=\"de_DE\" \/>\n<meta property=\"og:type\" content=\"article\" \/>\n<meta property=\"og:title\" content=\"Volumenmesssystem (VMS3000) | Jansen&amp;Heuning\" \/>\n<meta property=\"og:description\" content=\"Volumenmesssystem (VMS3000) | Jansen&amp;Heuning\" \/>\n<meta property=\"og:url\" content=\"https:\/\/jh.nl\/de\/product\/volumemeetsysteem-vsm300\/\" \/>\n<meta property=\"og:site_name\" content=\"Jansen&amp;Heuning\" \/>\n<meta property=\"article:publisher\" content=\"https:\/\/www.facebook.com\/JansenHeuning\" \/>\n<meta property=\"article:modified_time\" content=\"2026-04-13T13:59:55+00:00\" \/>\n<meta property=\"og:image\" content=\"https:\/\/jh.nl\/wp-content\/uploads\/2018\/02\/VMS3000-scaled.jpg\" \/>\n\t<meta property=\"og:image:width\" content=\"2560\" \/>\n\t<meta property=\"og:image:height\" content=\"2146\" \/>\n\t<meta property=\"og:image:type\" content=\"image\/jpeg\" \/>\n<meta name=\"twitter:card\" content=\"summary_large_image\" \/>\n<meta name=\"twitter:label1\" content=\"Gesch\u00e4tzte Lesezeit\" \/>\n\t<meta name=\"twitter:data1\" content=\"3\u00a0Minuten\" \/>\n<script type=\"application\/ld+json\" class=\"yoast-schema-graph\">{\"@context\":\"https:\\\/\\\/schema.org\",\"@graph\":[{\"@type\":\"WebPage\",\"@id\":\"https:\\\/\\\/jh.nl\\\/de\\\/product\\\/volumemeetsysteem-vsm300\\\/\",\"url\":\"https:\\\/\\\/jh.nl\\\/de\\\/product\\\/volumemeetsysteem-vsm300\\\/\",\"name\":\"Volumenmesssystem (VMS3000) | Jansen&amp;Heuning\",\"isPartOf\":{\"@id\":\"https:\\\/\\\/jh.nl\\\/nl\\\/#website\"},\"primaryImageOfPage\":{\"@id\":\"https:\\\/\\\/jh.nl\\\/de\\\/product\\\/volumemeetsysteem-vsm300\\\/#primaryimage\"},\"image\":{\"@id\":\"https:\\\/\\\/jh.nl\\\/de\\\/product\\\/volumemeetsysteem-vsm300\\\/#primaryimage\"},\"thumbnailUrl\":\"https:\\\/\\\/jh.nl\\\/wp-content\\\/uploads\\\/2018\\\/02\\\/VMS3000-scaled.jpg\",\"datePublished\":\"2019-06-14T10:16:38+00:00\",\"dateModified\":\"2026-04-13T13:59:55+00:00\",\"description\":\"Volumenmesssystem (VMS3000) | Jansen&amp;Heuning\",\"breadcrumb\":{\"@id\":\"https:\\\/\\\/jh.nl\\\/de\\\/product\\\/volumemeetsysteem-vsm300\\\/#breadcrumb\"},\"inLanguage\":\"de\",\"potentialAction\":[{\"@type\":\"ReadAction\",\"target\":[\"https:\\\/\\\/jh.nl\\\/de\\\/product\\\/volumemeetsysteem-vsm300\\\/\"]}]},{\"@type\":\"ImageObject\",\"inLanguage\":\"de\",\"@id\":\"https:\\\/\\\/jh.nl\\\/de\\\/product\\\/volumemeetsysteem-vsm300\\\/#primaryimage\",\"url\":\"https:\\\/\\\/jh.nl\\\/wp-content\\\/uploads\\\/2018\\\/02\\\/VMS3000-scaled.jpg\",\"contentUrl\":\"https:\\\/\\\/jh.nl\\\/wp-content\\\/uploads\\\/2018\\\/02\\\/VMS3000-scaled.jpg\",\"width\":2560,\"height\":2146,\"caption\":\"Jansen&Heuning volumemeetsysteem meet nauwkeurig het volume van stromende goederen\"},{\"@type\":\"BreadcrumbList\",\"@id\":\"https:\\\/\\\/jh.nl\\\/de\\\/product\\\/volumemeetsysteem-vsm300\\\/#breadcrumb\",\"itemListElement\":[{\"@type\":\"ListItem\",\"position\":1,\"name\":\"Home\",\"item\":\"https:\\\/\\\/jh.nl\\\/de\\\/\"},{\"@type\":\"ListItem\",\"position\":2,\"name\":\"Producten\",\"item\":\"https:\\\/\\\/jh.nl\\\/nl\\\/producten\\\/\"},{\"@type\":\"ListItem\",\"position\":3,\"name\":\"Spezialmaschinen\",\"item\":\"https:\\\/\\\/jh.nl\\\/de\\\/produkt-kategorie\\\/spezialmaschinen\\\/\"},{\"@type\":\"ListItem\",\"position\":4,\"name\":\"Volumenmesssystem (VMS3000)\"}]},{\"@type\":\"WebSite\",\"@id\":\"https:\\\/\\\/jh.nl\\\/nl\\\/#website\",\"url\":\"https:\\\/\\\/jh.nl\\\/nl\\\/\",\"name\":\"Jansen & Heuning\",\"description\":\"Bulk Handling Systems\",\"publisher\":{\"@id\":\"https:\\\/\\\/jh.nl\\\/nl\\\/#organization\"},\"alternateName\":\"J&H\",\"potentialAction\":[{\"@type\":\"SearchAction\",\"target\":{\"@type\":\"EntryPoint\",\"urlTemplate\":\"https:\\\/\\\/jh.nl\\\/nl\\\/?s={search_term_string}\"},\"query-input\":{\"@type\":\"PropertyValueSpecification\",\"valueRequired\":true,\"valueName\":\"search_term_string\"}}],\"inLanguage\":\"de\"},{\"@type\":\"Organization\",\"@id\":\"https:\\\/\\\/jh.nl\\\/nl\\\/#organization\",\"name\":\"Jansen & Heuning\",\"alternateName\":\"J&H\",\"url\":\"https:\\\/\\\/jh.nl\\\/nl\\\/\",\"logo\":{\"@type\":\"ImageObject\",\"inLanguage\":\"de\",\"@id\":\"https:\\\/\\\/jh.nl\\\/nl\\\/#\\\/schema\\\/logo\\\/image\\\/\",\"url\":\"https:\\\/\\\/jh.nl\\\/wp-content\\\/uploads\\\/2022\\\/05\\\/JH-logo-scaled.gif\",\"contentUrl\":\"https:\\\/\\\/jh.nl\\\/wp-content\\\/uploads\\\/2022\\\/05\\\/JH-logo-scaled.gif\",\"width\":2560,\"height\":429,\"caption\":\"Jansen & Heuning\"},\"image\":{\"@id\":\"https:\\\/\\\/jh.nl\\\/nl\\\/#\\\/schema\\\/logo\\\/image\\\/\"},\"sameAs\":[\"https:\\\/\\\/www.facebook.com\\\/JansenHeuning\",\"https:\\\/\\\/www.youtube.com\\\/user\\\/JansenenHeuning\\\/featured\",\"https:\\\/\\\/www.linkedin.com\\\/company\\\/1768497\\\/\"]}]}<\/script>\n<!-- \/ Yoast SEO plugin. -->","yoast_head_json":{"title":"Volumenmesssystem (VMS3000) | Jansen&amp;Heuning","description":"Volumenmesssystem (VMS3000) | Jansen&amp;Heuning","robots":{"index":"index","follow":"follow","max-snippet":"max-snippet:-1","max-image-preview":"max-image-preview:large","max-video-preview":"max-video-preview:-1"},"canonical":"https:\/\/jh.nl\/de\/product\/volumemeetsysteem-vsm300\/","og_locale":"de_DE","og_type":"article","og_title":"Volumenmesssystem (VMS3000) | Jansen&amp;Heuning","og_description":"Volumenmesssystem (VMS3000) | Jansen&amp;Heuning","og_url":"https:\/\/jh.nl\/de\/product\/volumemeetsysteem-vsm300\/","og_site_name":"Jansen&amp;Heuning","article_publisher":"https:\/\/www.facebook.com\/JansenHeuning","article_modified_time":"2026-04-13T13:59:55+00:00","og_image":[{"width":2560,"height":2146,"url":"https:\/\/jh.nl\/wp-content\/uploads\/2018\/02\/VMS3000-scaled.jpg","type":"image\/jpeg"}],"twitter_card":"summary_large_image","twitter_misc":{"Gesch\u00e4tzte Lesezeit":"3\u00a0Minuten"},"schema":{"@context":"https:\/\/schema.org","@graph":[{"@type":"WebPage","@id":"https:\/\/jh.nl\/de\/product\/volumemeetsysteem-vsm300\/","url":"https:\/\/jh.nl\/de\/product\/volumemeetsysteem-vsm300\/","name":"Volumenmesssystem (VMS3000) | Jansen&amp;Heuning","isPartOf":{"@id":"https:\/\/jh.nl\/nl\/#website"},"primaryImageOfPage":{"@id":"https:\/\/jh.nl\/de\/product\/volumemeetsysteem-vsm300\/#primaryimage"},"image":{"@id":"https:\/\/jh.nl\/de\/product\/volumemeetsysteem-vsm300\/#primaryimage"},"thumbnailUrl":"https:\/\/jh.nl\/wp-content\/uploads\/2018\/02\/VMS3000-scaled.jpg","datePublished":"2019-06-14T10:16:38+00:00","dateModified":"2026-04-13T13:59:55+00:00","description":"Volumenmesssystem (VMS3000) | Jansen&amp;Heuning","breadcrumb":{"@id":"https:\/\/jh.nl\/de\/product\/volumemeetsysteem-vsm300\/#breadcrumb"},"inLanguage":"de","potentialAction":[{"@type":"ReadAction","target":["https:\/\/jh.nl\/de\/product\/volumemeetsysteem-vsm300\/"]}]},{"@type":"ImageObject","inLanguage":"de","@id":"https:\/\/jh.nl\/de\/product\/volumemeetsysteem-vsm300\/#primaryimage","url":"https:\/\/jh.nl\/wp-content\/uploads\/2018\/02\/VMS3000-scaled.jpg","contentUrl":"https:\/\/jh.nl\/wp-content\/uploads\/2018\/02\/VMS3000-scaled.jpg","width":2560,"height":2146,"caption":"Jansen&Heuning volumemeetsysteem meet nauwkeurig het volume van stromende goederen"},{"@type":"BreadcrumbList","@id":"https:\/\/jh.nl\/de\/product\/volumemeetsysteem-vsm300\/#breadcrumb","itemListElement":[{"@type":"ListItem","position":1,"name":"Home","item":"https:\/\/jh.nl\/de\/"},{"@type":"ListItem","position":2,"name":"Producten","item":"https:\/\/jh.nl\/nl\/producten\/"},{"@type":"ListItem","position":3,"name":"Spezialmaschinen","item":"https:\/\/jh.nl\/de\/produkt-kategorie\/spezialmaschinen\/"},{"@type":"ListItem","position":4,"name":"Volumenmesssystem (VMS3000)"}]},{"@type":"WebSite","@id":"https:\/\/jh.nl\/nl\/#website","url":"https:\/\/jh.nl\/nl\/","name":"Jansen & Heuning","description":"Bulk Handling Systems","publisher":{"@id":"https:\/\/jh.nl\/nl\/#organization"},"alternateName":"J&H","potentialAction":[{"@type":"SearchAction","target":{"@type":"EntryPoint","urlTemplate":"https:\/\/jh.nl\/nl\/?s={search_term_string}"},"query-input":{"@type":"PropertyValueSpecification","valueRequired":true,"valueName":"search_term_string"}}],"inLanguage":"de"},{"@type":"Organization","@id":"https:\/\/jh.nl\/nl\/#organization","name":"Jansen & Heuning","alternateName":"J&H","url":"https:\/\/jh.nl\/nl\/","logo":{"@type":"ImageObject","inLanguage":"de","@id":"https:\/\/jh.nl\/nl\/#\/schema\/logo\/image\/","url":"https:\/\/jh.nl\/wp-content\/uploads\/2022\/05\/JH-logo-scaled.gif","contentUrl":"https:\/\/jh.nl\/wp-content\/uploads\/2022\/05\/JH-logo-scaled.gif","width":2560,"height":429,"caption":"Jansen & Heuning"},"image":{"@id":"https:\/\/jh.nl\/nl\/#\/schema\/logo\/image\/"},"sameAs":["https:\/\/www.facebook.com\/JansenHeuning","https:\/\/www.youtube.com\/user\/JansenenHeuning\/featured","https:\/\/www.linkedin.com\/company\/1768497\/"]}]}},"_links":{"self":[{"href":"https:\/\/jh.nl\/de\/wp-json\/wp\/v2\/product\/13683","targetHints":{"allow":["GET"]}}],"collection":[{"href":"https:\/\/jh.nl\/de\/wp-json\/wp\/v2\/product"}],"about":[{"href":"https:\/\/jh.nl\/de\/wp-json\/wp\/v2\/types\/product"}],"replies":[{"embeddable":true,"href":"https:\/\/jh.nl\/de\/wp-json\/wp\/v2\/comments?post=13683"}],"wp:featuredmedia":[{"embeddable":true,"href":"https:\/\/jh.nl\/de\/wp-json\/wp\/v2\/media\/26079"}],"wp:attachment":[{"href":"https:\/\/jh.nl\/de\/wp-json\/wp\/v2\/media?parent=13683"}],"wp:term":[{"taxonomy":"product_brand","embeddable":true,"href":"https:\/\/jh.nl\/de\/wp-json\/wp\/v2\/product_brand?post=13683"},{"taxonomy":"product_cat","embeddable":true,"href":"https:\/\/jh.nl\/de\/wp-json\/wp\/v2\/product_cat?post=13683"},{"taxonomy":"product_tag","embeddable":true,"href":"https:\/\/jh.nl\/de\/wp-json\/wp\/v2\/product_tag?post=13683"}],"curies":[{"name":"wp","href":"https:\/\/api.w.org\/{rel}","templated":true}]}}