{"id":13697,"date":"2019-06-14T13:41:03","date_gmt":"2019-06-14T11:47:27","guid":{"rendered":"https:\/\/jh.nl\/?post_type=product&#038;p=13697"},"modified":"2020-12-30T15:03:12","modified_gmt":"2020-12-30T14:03:12","slug":"rollensortierer","status":"publish","type":"product","link":"https:\/\/jh.nl\/de\/product\/rollensortierer\/","title":{"rendered":"Rollensortierer"},"content":{"rendered":"<p>Sortierung mit Rollen! Mit einem Rollensortierer ist es einfach, Kartoffeln und Zwiebeln genau und mit hoher Leistung in zwei Fraktionen zu trennen.<\/p>\n<p><iframe src=\"https:\/\/www.youtube.com\/embed\/tOztnXsY59M\" width=\"560\" height=\"315\" frameborder=\"0\" allowfullscreen=\"allowfullscreen\" data-mce-fragment=\"1\"><\/iframe><\/p>\n<p>Das Aussortieren der dicken Kartoffeln f\u00fcr Pommes Frites oder der kleinen Parisienne-Kartoffeln ist f\u00fcr diese Maschine eine leichte Aufgabe. Seine Leistung passt gut zur \u00fcblichen Verarbeitungslinie.<\/p>\n<p>W\u00e4hrend der Erntezeit zeigt diese Maschine ihre Leistungsf\u00e4higkeit. Sie wird in Ihrer Produktionslinie bestimmt nicht der Engpass sein \u2013 im Gegenteil, sie hilft Ihnen wirtschaftlich zu produzieren.<\/p>\n<p>Die Sortiergenauigkeit dieses Maschinentyps ist mit der eines Flachsiebs vergleichbar.<\/p>\n<p><a href=\"https:\/\/jh.nl\/wp-content\/uploads\/2019\/06\/jhrs2-139x300.jpg\"><img decoding=\"async\" class=\"alignnone wp-image-13699 size-medium\" src=\"https:\/\/jh.nl\/wp-content\/uploads\/2019\/06\/jhrs2-139x300.jpg\" alt=\"\" width=\"139\" height=\"300\" srcset=\"https:\/\/jh.nl\/wp-content\/uploads\/2019\/06\/jhrs2-139x300.jpg 139w, https:\/\/jh.nl\/wp-content\/uploads\/2019\/06\/jhrs2.jpg 231w\" sizes=\"(max-width: 139px) 100vw, 139px\" \/><\/a><\/p>\n<h3>Zweck<\/h3>\n<p>Trennung s\u00e4mtlicher (landwirtschaftlicher) Knollenprodukte in zwei Fraktionen mit hoher Leistung.<\/p>\n<p>Optionen<\/p>\n<ul>\n<li>Trennschnitt stufenlos zwischen 28 und 60 mm einstellbar<\/li>\n<li>Neigungswinkel einstellbar<\/li>\n<li>Geschwindigkeit stufenlos einstellbar<\/li>\n<li>Leistung (abh\u00e4ngig vom Produkt) bis zu ca. 50\u00a0t\/h<\/li>\n<\/ul>\n<h3>Prozess<\/h3>\n<ul>\n<li>produktschonend (keine St\u00f6\u00dfe)<\/li>\n<li>ger\u00e4uscharm<\/li>\n<li>gleichm\u00e4\u00dfig und ruhiglaufende Arbeitsmaschine<\/li>\n<\/ul>\n<h3>Technische Spezifikation<\/h3>\n<ul>\n<li>drei Reinigungsrollen und sieben Sortierrollen<\/li>\n<li>effektive Reinigung der Sortierrollen<\/li>\n<li>Arbeitsbreite 1.400 mm<\/li>\n<li>die Rollen bestehen aus einer Stahlwelle mit Gummischeiben<\/li>\n<li>die Rollen sind beidseitig gelagert<\/li>\n<li>die Lager sind lebensdauergeschmiert<\/li>\n<li>Antriebskette und Kettenr\u00e4der, 2,2\u00a0kW Antrieb, Geschwindigkeit regelbar<\/li>\n<li>Untertrichter mit Gummi verkleidet<\/li>\n<li>Rutsche\u00a0f\u00fcr Feinmaterial<\/li>\n<li>St\u00fctzf\u00fc\u00dfe<\/li>\n<li>stabiles Ger\u00fcst aus gekantetem Blech<\/li>\n<\/ul>\n","protected":false},"excerpt":{"rendered":"<p>Sortierung mit Rollen! Mit einem Rollensortierer ist es einfach, Kartoffeln&#8230;<\/p>\n","protected":false},"featured_media":22803,"comment_status":"open","ping_status":"closed","template":"","meta":{"_acf_changed":false},"product_brand":[],"product_cat":[423],"product_tag":[],"class_list":{"0":"post-13697","1":"product","2":"type-product","3":"status-publish","4":"has-post-thumbnail","6":"product_cat-rollensortierer","8":"first","9":"instock","10":"taxable","11":"shipping-taxable","12":"product-type-simple"},"acf":[],"yoast_head":"<!-- This site is optimized with the Yoast SEO plugin v27.4 - https:\/\/yoast.com\/product\/yoast-seo-wordpress\/ -->\n<title>Rollensortierer | Jansen&amp;Heuning<\/title>\n<meta name=\"description\" content=\"Rollensortierer | Jansen&amp;Heuning\" \/>\n<meta name=\"robots\" content=\"index, follow, max-snippet:-1, max-image-preview:large, max-video-preview:-1\" \/>\n<link rel=\"canonical\" href=\"https:\/\/jh.nl\/de\/product\/rollensortierer\/\" \/>\n<meta property=\"og:locale\" content=\"de_DE\" \/>\n<meta property=\"og:type\" content=\"article\" \/>\n<meta property=\"og:title\" content=\"Rollensortierer | Jansen&amp;Heuning\" \/>\n<meta property=\"og:description\" content=\"Rollensortierer | Jansen&amp;Heuning\" \/>\n<meta property=\"og:url\" content=\"https:\/\/jh.nl\/de\/product\/rollensortierer\/\" \/>\n<meta property=\"og:site_name\" content=\"Jansen&amp;Heuning\" \/>\n<meta property=\"article:publisher\" content=\"https:\/\/www.facebook.com\/JansenHeuning\" \/>\n<meta property=\"article:modified_time\" content=\"2020-12-30T14:03:12+00:00\" \/>\n<meta property=\"og:image\" content=\"https:\/\/jh.nl\/wp-content\/uploads\/2019\/06\/Rollensorteerder.jpg\" \/>\n\t<meta property=\"og:image:width\" content=\"1200\" \/>\n\t<meta property=\"og:image:height\" content=\"850\" \/>\n\t<meta property=\"og:image:type\" content=\"image\/jpeg\" \/>\n<meta name=\"twitter:card\" content=\"summary_large_image\" \/>\n<meta name=\"twitter:label1\" content=\"Gesch\u00e4tzte Lesezeit\" \/>\n\t<meta name=\"twitter:data1\" content=\"1\u00a0Minute\" \/>\n<script type=\"application\/ld+json\" class=\"yoast-schema-graph\">{\"@context\":\"https:\\\/\\\/schema.org\",\"@graph\":[{\"@type\":\"WebPage\",\"@id\":\"https:\\\/\\\/jh.nl\\\/de\\\/product\\\/rollensortierer\\\/\",\"url\":\"https:\\\/\\\/jh.nl\\\/de\\\/product\\\/rollensortierer\\\/\",\"name\":\"Rollensortierer | Jansen&amp;Heuning\",\"isPartOf\":{\"@id\":\"https:\\\/\\\/jh.nl\\\/nl\\\/#website\"},\"primaryImageOfPage\":{\"@id\":\"https:\\\/\\\/jh.nl\\\/de\\\/product\\\/rollensortierer\\\/#primaryimage\"},\"image\":{\"@id\":\"https:\\\/\\\/jh.nl\\\/de\\\/product\\\/rollensortierer\\\/#primaryimage\"},\"thumbnailUrl\":\"https:\\\/\\\/jh.nl\\\/wp-content\\\/uploads\\\/2019\\\/06\\\/Rollensorteerder.jpg\",\"datePublished\":\"2019-06-14T11:47:27+00:00\",\"dateModified\":\"2020-12-30T14:03:12+00:00\",\"description\":\"Rollensortierer | Jansen&amp;Heuning\",\"breadcrumb\":{\"@id\":\"https:\\\/\\\/jh.nl\\\/de\\\/product\\\/rollensortierer\\\/#breadcrumb\"},\"inLanguage\":\"de\",\"potentialAction\":[{\"@type\":\"ReadAction\",\"target\":[\"https:\\\/\\\/jh.nl\\\/de\\\/product\\\/rollensortierer\\\/\"]}]},{\"@type\":\"ImageObject\",\"inLanguage\":\"de\",\"@id\":\"https:\\\/\\\/jh.nl\\\/de\\\/product\\\/rollensortierer\\\/#primaryimage\",\"url\":\"https:\\\/\\\/jh.nl\\\/wp-content\\\/uploads\\\/2019\\\/06\\\/Rollensorteerder.jpg\",\"contentUrl\":\"https:\\\/\\\/jh.nl\\\/wp-content\\\/uploads\\\/2019\\\/06\\\/Rollensorteerder.jpg\",\"width\":1200,\"height\":850,\"caption\":\"Rollensorteerder voor het scheiden van aardappelen of uien op maat, voorzien van afvoergoot en verstelbare sorteerinstelling.\"},{\"@type\":\"BreadcrumbList\",\"@id\":\"https:\\\/\\\/jh.nl\\\/de\\\/product\\\/rollensortierer\\\/#breadcrumb\",\"itemListElement\":[{\"@type\":\"ListItem\",\"position\":1,\"name\":\"Home\",\"item\":\"https:\\\/\\\/jh.nl\\\/de\\\/\"},{\"@type\":\"ListItem\",\"position\":2,\"name\":\"Producten\",\"item\":\"https:\\\/\\\/jh.nl\\\/nl\\\/producten\\\/\"},{\"@type\":\"ListItem\",\"position\":3,\"name\":\"Kartoffelhandling\",\"item\":\"https:\\\/\\\/jh.nl\\\/de\\\/produkt-kategorie\\\/kartoffelhandling\\\/\"},{\"@type\":\"ListItem\",\"position\":4,\"name\":\"Kartoffeln sortieren\",\"item\":\"https:\\\/\\\/jh.nl\\\/de\\\/produkt-kategorie\\\/kartoffelhandling\\\/rollensortierer\\\/\"},{\"@type\":\"ListItem\",\"position\":5,\"name\":\"Rollensortierer\"}]},{\"@type\":\"WebSite\",\"@id\":\"https:\\\/\\\/jh.nl\\\/nl\\\/#website\",\"url\":\"https:\\\/\\\/jh.nl\\\/nl\\\/\",\"name\":\"Jansen & Heuning\",\"description\":\"Bulk Handling Systems\",\"publisher\":{\"@id\":\"https:\\\/\\\/jh.nl\\\/nl\\\/#organization\"},\"alternateName\":\"J&H\",\"potentialAction\":[{\"@type\":\"SearchAction\",\"target\":{\"@type\":\"EntryPoint\",\"urlTemplate\":\"https:\\\/\\\/jh.nl\\\/nl\\\/?s={search_term_string}\"},\"query-input\":{\"@type\":\"PropertyValueSpecification\",\"valueRequired\":true,\"valueName\":\"search_term_string\"}}],\"inLanguage\":\"de\"},{\"@type\":\"Organization\",\"@id\":\"https:\\\/\\\/jh.nl\\\/nl\\\/#organization\",\"name\":\"Jansen & Heuning\",\"alternateName\":\"J&H\",\"url\":\"https:\\\/\\\/jh.nl\\\/nl\\\/\",\"logo\":{\"@type\":\"ImageObject\",\"inLanguage\":\"de\",\"@id\":\"https:\\\/\\\/jh.nl\\\/nl\\\/#\\\/schema\\\/logo\\\/image\\\/\",\"url\":\"https:\\\/\\\/jh.nl\\\/wp-content\\\/uploads\\\/2022\\\/05\\\/JH-logo-scaled.gif\",\"contentUrl\":\"https:\\\/\\\/jh.nl\\\/wp-content\\\/uploads\\\/2022\\\/05\\\/JH-logo-scaled.gif\",\"width\":2560,\"height\":429,\"caption\":\"Jansen & Heuning\"},\"image\":{\"@id\":\"https:\\\/\\\/jh.nl\\\/nl\\\/#\\\/schema\\\/logo\\\/image\\\/\"},\"sameAs\":[\"https:\\\/\\\/www.facebook.com\\\/JansenHeuning\",\"https:\\\/\\\/www.youtube.com\\\/user\\\/JansenenHeuning\\\/featured\",\"https:\\\/\\\/www.linkedin.com\\\/company\\\/1768497\\\/\"]}]}<\/script>\n<!-- \/ Yoast SEO plugin. -->","yoast_head_json":{"title":"Rollensortierer | Jansen&amp;Heuning","description":"Rollensortierer | Jansen&amp;Heuning","robots":{"index":"index","follow":"follow","max-snippet":"max-snippet:-1","max-image-preview":"max-image-preview:large","max-video-preview":"max-video-preview:-1"},"canonical":"https:\/\/jh.nl\/de\/product\/rollensortierer\/","og_locale":"de_DE","og_type":"article","og_title":"Rollensortierer | Jansen&amp;Heuning","og_description":"Rollensortierer | Jansen&amp;Heuning","og_url":"https:\/\/jh.nl\/de\/product\/rollensortierer\/","og_site_name":"Jansen&amp;Heuning","article_publisher":"https:\/\/www.facebook.com\/JansenHeuning","article_modified_time":"2020-12-30T14:03:12+00:00","og_image":[{"width":1200,"height":850,"url":"https:\/\/jh.nl\/wp-content\/uploads\/2019\/06\/Rollensorteerder.jpg","type":"image\/jpeg"}],"twitter_card":"summary_large_image","twitter_misc":{"Gesch\u00e4tzte Lesezeit":"1\u00a0Minute"},"schema":{"@context":"https:\/\/schema.org","@graph":[{"@type":"WebPage","@id":"https:\/\/jh.nl\/de\/product\/rollensortierer\/","url":"https:\/\/jh.nl\/de\/product\/rollensortierer\/","name":"Rollensortierer | Jansen&amp;Heuning","isPartOf":{"@id":"https:\/\/jh.nl\/nl\/#website"},"primaryImageOfPage":{"@id":"https:\/\/jh.nl\/de\/product\/rollensortierer\/#primaryimage"},"image":{"@id":"https:\/\/jh.nl\/de\/product\/rollensortierer\/#primaryimage"},"thumbnailUrl":"https:\/\/jh.nl\/wp-content\/uploads\/2019\/06\/Rollensorteerder.jpg","datePublished":"2019-06-14T11:47:27+00:00","dateModified":"2020-12-30T14:03:12+00:00","description":"Rollensortierer | Jansen&amp;Heuning","breadcrumb":{"@id":"https:\/\/jh.nl\/de\/product\/rollensortierer\/#breadcrumb"},"inLanguage":"de","potentialAction":[{"@type":"ReadAction","target":["https:\/\/jh.nl\/de\/product\/rollensortierer\/"]}]},{"@type":"ImageObject","inLanguage":"de","@id":"https:\/\/jh.nl\/de\/product\/rollensortierer\/#primaryimage","url":"https:\/\/jh.nl\/wp-content\/uploads\/2019\/06\/Rollensorteerder.jpg","contentUrl":"https:\/\/jh.nl\/wp-content\/uploads\/2019\/06\/Rollensorteerder.jpg","width":1200,"height":850,"caption":"Rollensorteerder voor het scheiden van aardappelen of uien op maat, voorzien van afvoergoot en verstelbare sorteerinstelling."},{"@type":"BreadcrumbList","@id":"https:\/\/jh.nl\/de\/product\/rollensortierer\/#breadcrumb","itemListElement":[{"@type":"ListItem","position":1,"name":"Home","item":"https:\/\/jh.nl\/de\/"},{"@type":"ListItem","position":2,"name":"Producten","item":"https:\/\/jh.nl\/nl\/producten\/"},{"@type":"ListItem","position":3,"name":"Kartoffelhandling","item":"https:\/\/jh.nl\/de\/produkt-kategorie\/kartoffelhandling\/"},{"@type":"ListItem","position":4,"name":"Kartoffeln sortieren","item":"https:\/\/jh.nl\/de\/produkt-kategorie\/kartoffelhandling\/rollensortierer\/"},{"@type":"ListItem","position":5,"name":"Rollensortierer"}]},{"@type":"WebSite","@id":"https:\/\/jh.nl\/nl\/#website","url":"https:\/\/jh.nl\/nl\/","name":"Jansen & Heuning","description":"Bulk Handling Systems","publisher":{"@id":"https:\/\/jh.nl\/nl\/#organization"},"alternateName":"J&H","potentialAction":[{"@type":"SearchAction","target":{"@type":"EntryPoint","urlTemplate":"https:\/\/jh.nl\/nl\/?s={search_term_string}"},"query-input":{"@type":"PropertyValueSpecification","valueRequired":true,"valueName":"search_term_string"}}],"inLanguage":"de"},{"@type":"Organization","@id":"https:\/\/jh.nl\/nl\/#organization","name":"Jansen & Heuning","alternateName":"J&H","url":"https:\/\/jh.nl\/nl\/","logo":{"@type":"ImageObject","inLanguage":"de","@id":"https:\/\/jh.nl\/nl\/#\/schema\/logo\/image\/","url":"https:\/\/jh.nl\/wp-content\/uploads\/2022\/05\/JH-logo-scaled.gif","contentUrl":"https:\/\/jh.nl\/wp-content\/uploads\/2022\/05\/JH-logo-scaled.gif","width":2560,"height":429,"caption":"Jansen & Heuning"},"image":{"@id":"https:\/\/jh.nl\/nl\/#\/schema\/logo\/image\/"},"sameAs":["https:\/\/www.facebook.com\/JansenHeuning","https:\/\/www.youtube.com\/user\/JansenenHeuning\/featured","https:\/\/www.linkedin.com\/company\/1768497\/"]}]}},"_links":{"self":[{"href":"https:\/\/jh.nl\/de\/wp-json\/wp\/v2\/product\/13697","targetHints":{"allow":["GET"]}}],"collection":[{"href":"https:\/\/jh.nl\/de\/wp-json\/wp\/v2\/product"}],"about":[{"href":"https:\/\/jh.nl\/de\/wp-json\/wp\/v2\/types\/product"}],"replies":[{"embeddable":true,"href":"https:\/\/jh.nl\/de\/wp-json\/wp\/v2\/comments?post=13697"}],"wp:featuredmedia":[{"embeddable":true,"href":"https:\/\/jh.nl\/de\/wp-json\/wp\/v2\/media\/22803"}],"wp:attachment":[{"href":"https:\/\/jh.nl\/de\/wp-json\/wp\/v2\/media?parent=13697"}],"wp:term":[{"taxonomy":"product_brand","embeddable":true,"href":"https:\/\/jh.nl\/de\/wp-json\/wp\/v2\/product_brand?post=13697"},{"taxonomy":"product_cat","embeddable":true,"href":"https:\/\/jh.nl\/de\/wp-json\/wp\/v2\/product_cat?post=13697"},{"taxonomy":"product_tag","embeddable":true,"href":"https:\/\/jh.nl\/de\/wp-json\/wp\/v2\/product_tag?post=13697"}],"curies":[{"name":"wp","href":"https:\/\/api.w.org\/{rel}","templated":true}]}}