{"id":16138,"date":"2020-05-14T10:08:05","date_gmt":"2020-05-14T13:51:55","guid":{"rendered":"https:\/\/jh.nl\/?post_type=product&#038;p=16138"},"modified":"2020-06-04T10:55:02","modified_gmt":"2020-06-04T08:55:02","slug":"bodenroste","status":"publish","type":"product","link":"https:\/\/jh.nl\/de\/product\/bodenroste\/","title":{"rendered":"Untergrundbel\u00fcftung\u00a0"},"content":{"rendered":"<h3>Bodenroste<\/h3>\n<p>Falls Si das Lagre mit Radlader Leeren m\u00f6chten, ist es am besten, wenn auf dem Boden keine Luftkan\u00e4le liegen. In diesem Fall sollten Sie eine Untergrundbel\u00fcftung vorsehen. Die Glitter sind stark genug f\u00fcr die Last des Laders. Die Kan\u00e4le im Boden k\u00f6nnen Sie selbst herstellen, wir liefern Ihnen die geeigneten Stahlgitter zum Abdecken der Betonkonstruktion.<\/p>\n<p>&nbsp;<\/p>\n<p><img fetchpriority=\"high\" decoding=\"async\" class=\"alignnone wp-image-9527\" src=\"https:\/\/jh.nl\/wp-content\/uploads\/2018\/01\/roostermetmaten-850x500-graantechniek-beluchting-kanalen-boven-ondergrond-300x225.jpg\" alt=\"\" width=\"408\" height=\"306\" srcset=\"https:\/\/jh.nl\/wp-content\/uploads\/2018\/01\/roostermetmaten-850x500-graantechniek-beluchting-kanalen-boven-ondergrond-300x225.jpg 300w, https:\/\/jh.nl\/wp-content\/uploads\/2018\/01\/roostermetmaten-850x500-graantechniek-beluchting-kanalen-boven-ondergrond-400x300.jpg 400w, https:\/\/jh.nl\/wp-content\/uploads\/2018\/01\/roostermetmaten-850x500-graantechniek-beluchting-kanalen-boven-ondergrond-600x450.jpg 600w, https:\/\/jh.nl\/wp-content\/uploads\/2018\/01\/roostermetmaten-850x500-graantechniek-beluchting-kanalen-boven-ondergrond.jpg 666w\" sizes=\"(max-width: 408px) 100vw, 408px\" \/><\/p>\n<p>Ondergrondse beluchtingskanalen:<\/p>\n<table>\n<tbody>\n<tr>\n<td><strong>art.nr.<\/strong><\/td>\n<td><strong>breite (mm)<\/strong><\/td>\n<td><strong>H\u00f6he(mm)<\/strong><\/td>\n<td><strong>L\u00e4nge (mm)<\/strong><\/td>\n<\/tr>\n<tr>\n<td>bag3001000<\/td>\n<td>303<\/td>\n<td>324<\/td>\n<td>1000<\/td>\n<\/tr>\n<tr>\n<td>bag30021000<\/td>\n<td>303<\/td>\n<td>324<\/td>\n<td>2000<\/td>\n<\/tr>\n<\/tbody>\n<\/table>\n<p>Beluchtingsroosters<\/p>\n<table>\n<tbody>\n<tr>\n<td><strong>art.nr.<\/strong><\/td>\n<td><strong>breite (mm)<\/strong><\/td>\n<td><strong>H\u00f6he (mm)<\/strong><\/td>\n<td><strong>L\u00e4nge(mm)<\/strong><\/td>\n<td><strong>Muster<\/strong><\/td>\n<\/tr>\n<tr>\n<td>bagv300s<\/td>\n<td>300<\/td>\n<td>35<\/td>\n<td>1000<\/td>\n<td>sleutelperforatie<\/td>\n<\/tr>\n<tr>\n<td>bagr300p2.0<\/td>\n<td>300<\/td>\n<td>35<\/td>\n<td>1000<\/td>\n<td>perforatie (\u00d82,0)<\/td>\n<\/tr>\n<tr>\n<td>bag300p1.5<\/td>\n<td>300<\/td>\n<td>35<\/td>\n<td>1000<\/td>\n<td>perforatie (\u00d81,5)<\/td>\n<\/tr>\n<\/tbody>\n<\/table>\n<p>&nbsp;<\/p>\n","protected":false},"excerpt":{"rendered":"<p>Bodenroste Falls Si das Lagre mit Radlader Leeren m\u00f6chten, ist&#8230;<\/p>\n","protected":false},"featured_media":16118,"comment_status":"open","ping_status":"closed","template":"","meta":{"_acf_changed":false},"product_brand":[],"product_cat":[332],"product_tag":[],"class_list":{"0":"post-16138","1":"product","2":"type-product","3":"status-publish","4":"has-post-thumbnail","6":"product_cat-getreidebelueftung","8":"first","9":"instock","10":"taxable","11":"shipping-taxable","12":"product-type-simple"},"acf":[],"yoast_head":"<!-- This site is optimized with the Yoast SEO plugin v27.4 - https:\/\/yoast.com\/product\/yoast-seo-wordpress\/ -->\n<title>Untergrundbel\u00fcftung\u00a0 | Jansen&amp;Heuning<\/title>\n<meta name=\"description\" content=\"Untergrundbel\u00fcftung\u00a0 | Jansen&amp;Heuning\" \/>\n<meta name=\"robots\" content=\"index, follow, max-snippet:-1, max-image-preview:large, max-video-preview:-1\" \/>\n<link rel=\"canonical\" href=\"https:\/\/jh.nl\/de\/product\/bodenroste\/\" \/>\n<meta property=\"og:locale\" content=\"de_DE\" \/>\n<meta property=\"og:type\" content=\"article\" \/>\n<meta property=\"og:title\" content=\"Untergrundbel\u00fcftung\u00a0 | Jansen&amp;Heuning\" \/>\n<meta property=\"og:description\" content=\"Untergrundbel\u00fcftung\u00a0 | Jansen&amp;Heuning\" \/>\n<meta property=\"og:url\" content=\"https:\/\/jh.nl\/de\/product\/bodenroste\/\" \/>\n<meta property=\"og:site_name\" content=\"Jansen&amp;Heuning\" \/>\n<meta property=\"article:publisher\" content=\"https:\/\/www.facebook.com\/JansenHeuning\" \/>\n<meta property=\"article:modified_time\" content=\"2020-06-04T08:55:02+00:00\" \/>\n<meta property=\"og:image\" content=\"https:\/\/jh.nl\/wp-content\/uploads\/2020\/05\/IMG_0005-scaled.jpg\" \/>\n\t<meta property=\"og:image:width\" content=\"2560\" \/>\n\t<meta property=\"og:image:height\" content=\"1920\" \/>\n\t<meta property=\"og:image:type\" content=\"image\/jpeg\" \/>\n<meta name=\"twitter:card\" content=\"summary_large_image\" \/>\n<script type=\"application\/ld+json\" class=\"yoast-schema-graph\">{\"@context\":\"https:\\\/\\\/schema.org\",\"@graph\":[{\"@type\":\"WebPage\",\"@id\":\"https:\\\/\\\/jh.nl\\\/de\\\/product\\\/bodenroste\\\/\",\"url\":\"https:\\\/\\\/jh.nl\\\/de\\\/product\\\/bodenroste\\\/\",\"name\":\"Untergrundbel\u00fcftung\u00a0 | Jansen&amp;Heuning\",\"isPartOf\":{\"@id\":\"https:\\\/\\\/jh.nl\\\/nl\\\/#website\"},\"primaryImageOfPage\":{\"@id\":\"https:\\\/\\\/jh.nl\\\/de\\\/product\\\/bodenroste\\\/#primaryimage\"},\"image\":{\"@id\":\"https:\\\/\\\/jh.nl\\\/de\\\/product\\\/bodenroste\\\/#primaryimage\"},\"thumbnailUrl\":\"https:\\\/\\\/jh.nl\\\/wp-content\\\/uploads\\\/2020\\\/05\\\/IMG_0005-scaled.jpg\",\"datePublished\":\"2020-05-14T13:51:55+00:00\",\"dateModified\":\"2020-06-04T08:55:02+00:00\",\"description\":\"Untergrundbel\u00fcftung\u00a0 | Jansen&amp;Heuning\",\"breadcrumb\":{\"@id\":\"https:\\\/\\\/jh.nl\\\/de\\\/product\\\/bodenroste\\\/#breadcrumb\"},\"inLanguage\":\"de\",\"potentialAction\":[{\"@type\":\"ReadAction\",\"target\":[\"https:\\\/\\\/jh.nl\\\/de\\\/product\\\/bodenroste\\\/\"]}]},{\"@type\":\"ImageObject\",\"inLanguage\":\"de\",\"@id\":\"https:\\\/\\\/jh.nl\\\/de\\\/product\\\/bodenroste\\\/#primaryimage\",\"url\":\"https:\\\/\\\/jh.nl\\\/wp-content\\\/uploads\\\/2020\\\/05\\\/IMG_0005-scaled.jpg\",\"contentUrl\":\"https:\\\/\\\/jh.nl\\\/wp-content\\\/uploads\\\/2020\\\/05\\\/IMG_0005-scaled.jpg\",\"width\":2560,\"height\":1920,\"caption\":\"Overrijdbare roosters voor ondergrondse beluchting in opslagloodsen\"},{\"@type\":\"BreadcrumbList\",\"@id\":\"https:\\\/\\\/jh.nl\\\/de\\\/product\\\/bodenroste\\\/#breadcrumb\",\"itemListElement\":[{\"@type\":\"ListItem\",\"position\":1,\"name\":\"Home\",\"item\":\"https:\\\/\\\/jh.nl\\\/de\\\/\"},{\"@type\":\"ListItem\",\"position\":2,\"name\":\"Producten\",\"item\":\"https:\\\/\\\/jh.nl\\\/nl\\\/producten\\\/\"},{\"@type\":\"ListItem\",\"position\":3,\"name\":\"Getreidetechnik\",\"item\":\"https:\\\/\\\/jh.nl\\\/de\\\/produkt-kategorie\\\/getreidetechnik\\\/\"},{\"@type\":\"ListItem\",\"position\":4,\"name\":\"Getreidebel\u00fcftung\",\"item\":\"https:\\\/\\\/jh.nl\\\/de\\\/produkt-kategorie\\\/getreidetechnik\\\/getreidebelueftung\\\/\"},{\"@type\":\"ListItem\",\"position\":5,\"name\":\"Untergrundbel\u00fcftung\u00a0\"}]},{\"@type\":\"WebSite\",\"@id\":\"https:\\\/\\\/jh.nl\\\/nl\\\/#website\",\"url\":\"https:\\\/\\\/jh.nl\\\/nl\\\/\",\"name\":\"Jansen & Heuning\",\"description\":\"Bulk Handling Systems\",\"publisher\":{\"@id\":\"https:\\\/\\\/jh.nl\\\/nl\\\/#organization\"},\"alternateName\":\"J&H\",\"potentialAction\":[{\"@type\":\"SearchAction\",\"target\":{\"@type\":\"EntryPoint\",\"urlTemplate\":\"https:\\\/\\\/jh.nl\\\/nl\\\/?s={search_term_string}\"},\"query-input\":{\"@type\":\"PropertyValueSpecification\",\"valueRequired\":true,\"valueName\":\"search_term_string\"}}],\"inLanguage\":\"de\"},{\"@type\":\"Organization\",\"@id\":\"https:\\\/\\\/jh.nl\\\/nl\\\/#organization\",\"name\":\"Jansen & Heuning\",\"alternateName\":\"J&H\",\"url\":\"https:\\\/\\\/jh.nl\\\/nl\\\/\",\"logo\":{\"@type\":\"ImageObject\",\"inLanguage\":\"de\",\"@id\":\"https:\\\/\\\/jh.nl\\\/nl\\\/#\\\/schema\\\/logo\\\/image\\\/\",\"url\":\"https:\\\/\\\/jh.nl\\\/wp-content\\\/uploads\\\/2022\\\/05\\\/JH-logo-scaled.gif\",\"contentUrl\":\"https:\\\/\\\/jh.nl\\\/wp-content\\\/uploads\\\/2022\\\/05\\\/JH-logo-scaled.gif\",\"width\":2560,\"height\":429,\"caption\":\"Jansen & Heuning\"},\"image\":{\"@id\":\"https:\\\/\\\/jh.nl\\\/nl\\\/#\\\/schema\\\/logo\\\/image\\\/\"},\"sameAs\":[\"https:\\\/\\\/www.facebook.com\\\/JansenHeuning\",\"https:\\\/\\\/www.youtube.com\\\/user\\\/JansenenHeuning\\\/featured\",\"https:\\\/\\\/www.linkedin.com\\\/company\\\/1768497\\\/\"]}]}<\/script>\n<!-- \/ Yoast SEO plugin. -->","yoast_head_json":{"title":"Untergrundbel\u00fcftung\u00a0 | Jansen&amp;Heuning","description":"Untergrundbel\u00fcftung\u00a0 | Jansen&amp;Heuning","robots":{"index":"index","follow":"follow","max-snippet":"max-snippet:-1","max-image-preview":"max-image-preview:large","max-video-preview":"max-video-preview:-1"},"canonical":"https:\/\/jh.nl\/de\/product\/bodenroste\/","og_locale":"de_DE","og_type":"article","og_title":"Untergrundbel\u00fcftung\u00a0 | Jansen&amp;Heuning","og_description":"Untergrundbel\u00fcftung\u00a0 | Jansen&amp;Heuning","og_url":"https:\/\/jh.nl\/de\/product\/bodenroste\/","og_site_name":"Jansen&amp;Heuning","article_publisher":"https:\/\/www.facebook.com\/JansenHeuning","article_modified_time":"2020-06-04T08:55:02+00:00","og_image":[{"width":2560,"height":1920,"url":"https:\/\/jh.nl\/wp-content\/uploads\/2020\/05\/IMG_0005-scaled.jpg","type":"image\/jpeg"}],"twitter_card":"summary_large_image","schema":{"@context":"https:\/\/schema.org","@graph":[{"@type":"WebPage","@id":"https:\/\/jh.nl\/de\/product\/bodenroste\/","url":"https:\/\/jh.nl\/de\/product\/bodenroste\/","name":"Untergrundbel\u00fcftung\u00a0 | Jansen&amp;Heuning","isPartOf":{"@id":"https:\/\/jh.nl\/nl\/#website"},"primaryImageOfPage":{"@id":"https:\/\/jh.nl\/de\/product\/bodenroste\/#primaryimage"},"image":{"@id":"https:\/\/jh.nl\/de\/product\/bodenroste\/#primaryimage"},"thumbnailUrl":"https:\/\/jh.nl\/wp-content\/uploads\/2020\/05\/IMG_0005-scaled.jpg","datePublished":"2020-05-14T13:51:55+00:00","dateModified":"2020-06-04T08:55:02+00:00","description":"Untergrundbel\u00fcftung\u00a0 | Jansen&amp;Heuning","breadcrumb":{"@id":"https:\/\/jh.nl\/de\/product\/bodenroste\/#breadcrumb"},"inLanguage":"de","potentialAction":[{"@type":"ReadAction","target":["https:\/\/jh.nl\/de\/product\/bodenroste\/"]}]},{"@type":"ImageObject","inLanguage":"de","@id":"https:\/\/jh.nl\/de\/product\/bodenroste\/#primaryimage","url":"https:\/\/jh.nl\/wp-content\/uploads\/2020\/05\/IMG_0005-scaled.jpg","contentUrl":"https:\/\/jh.nl\/wp-content\/uploads\/2020\/05\/IMG_0005-scaled.jpg","width":2560,"height":1920,"caption":"Overrijdbare roosters voor ondergrondse beluchting in opslagloodsen"},{"@type":"BreadcrumbList","@id":"https:\/\/jh.nl\/de\/product\/bodenroste\/#breadcrumb","itemListElement":[{"@type":"ListItem","position":1,"name":"Home","item":"https:\/\/jh.nl\/de\/"},{"@type":"ListItem","position":2,"name":"Producten","item":"https:\/\/jh.nl\/nl\/producten\/"},{"@type":"ListItem","position":3,"name":"Getreidetechnik","item":"https:\/\/jh.nl\/de\/produkt-kategorie\/getreidetechnik\/"},{"@type":"ListItem","position":4,"name":"Getreidebel\u00fcftung","item":"https:\/\/jh.nl\/de\/produkt-kategorie\/getreidetechnik\/getreidebelueftung\/"},{"@type":"ListItem","position":5,"name":"Untergrundbel\u00fcftung\u00a0"}]},{"@type":"WebSite","@id":"https:\/\/jh.nl\/nl\/#website","url":"https:\/\/jh.nl\/nl\/","name":"Jansen & Heuning","description":"Bulk Handling Systems","publisher":{"@id":"https:\/\/jh.nl\/nl\/#organization"},"alternateName":"J&H","potentialAction":[{"@type":"SearchAction","target":{"@type":"EntryPoint","urlTemplate":"https:\/\/jh.nl\/nl\/?s={search_term_string}"},"query-input":{"@type":"PropertyValueSpecification","valueRequired":true,"valueName":"search_term_string"}}],"inLanguage":"de"},{"@type":"Organization","@id":"https:\/\/jh.nl\/nl\/#organization","name":"Jansen & Heuning","alternateName":"J&H","url":"https:\/\/jh.nl\/nl\/","logo":{"@type":"ImageObject","inLanguage":"de","@id":"https:\/\/jh.nl\/nl\/#\/schema\/logo\/image\/","url":"https:\/\/jh.nl\/wp-content\/uploads\/2022\/05\/JH-logo-scaled.gif","contentUrl":"https:\/\/jh.nl\/wp-content\/uploads\/2022\/05\/JH-logo-scaled.gif","width":2560,"height":429,"caption":"Jansen & Heuning"},"image":{"@id":"https:\/\/jh.nl\/nl\/#\/schema\/logo\/image\/"},"sameAs":["https:\/\/www.facebook.com\/JansenHeuning","https:\/\/www.youtube.com\/user\/JansenenHeuning\/featured","https:\/\/www.linkedin.com\/company\/1768497\/"]}]}},"_links":{"self":[{"href":"https:\/\/jh.nl\/de\/wp-json\/wp\/v2\/product\/16138","targetHints":{"allow":["GET"]}}],"collection":[{"href":"https:\/\/jh.nl\/de\/wp-json\/wp\/v2\/product"}],"about":[{"href":"https:\/\/jh.nl\/de\/wp-json\/wp\/v2\/types\/product"}],"replies":[{"embeddable":true,"href":"https:\/\/jh.nl\/de\/wp-json\/wp\/v2\/comments?post=16138"}],"wp:featuredmedia":[{"embeddable":true,"href":"https:\/\/jh.nl\/de\/wp-json\/wp\/v2\/media\/16118"}],"wp:attachment":[{"href":"https:\/\/jh.nl\/de\/wp-json\/wp\/v2\/media?parent=16138"}],"wp:term":[{"taxonomy":"product_brand","embeddable":true,"href":"https:\/\/jh.nl\/de\/wp-json\/wp\/v2\/product_brand?post=16138"},{"taxonomy":"product_cat","embeddable":true,"href":"https:\/\/jh.nl\/de\/wp-json\/wp\/v2\/product_cat?post=16138"},{"taxonomy":"product_tag","embeddable":true,"href":"https:\/\/jh.nl\/de\/wp-json\/wp\/v2\/product_tag?post=16138"}],"curies":[{"name":"wp","href":"https:\/\/api.w.org\/{rel}","templated":true}]}}