{"id":17039,"date":"2021-02-05T09:38:44","date_gmt":"2021-02-05T08:38:44","guid":{"rendered":"https:\/\/jh.nl\/?post_type=product&#038;p=17039"},"modified":"2026-03-10T10:54:02","modified_gmt":"2026-03-10T09:54:02","slug":"kontinuierlicher-mischer","status":"publish","type":"product","link":"https:\/\/jh.nl\/de\/product\/kontinuierlicher-mischer\/","title":{"rendered":"Kontinuierlicher Mischer"},"content":{"rendered":"<p data-start=\"30\" data-end=\"339\">Der kontinuierliche Mischer ist eine industrielle L\u00f6sung f\u00fcr das kontinuierliche Mischen von Pulvern, Granulaten und anderen Sch\u00fcttg\u00fctern. Das Mischen erfolgt inline, w\u00e4hrend das Produkt kontinuierlich durch den Mischer str\u00f6mt. Dadurch bleibt die Mischqualit\u00e4t konstant, auch wenn die Zuf\u00fchrleistung variiert.<\/p>\n<p data-start=\"341\" data-end=\"632\">F\u00fcr einfache Mischaufgaben kann eine Ausf\u00fchrung mit einer Mischwelle eingesetzt werden. Die Kapazit\u00e4t reicht von kleinen Prozessstr\u00f6men bis zu sehr gro\u00dfen Produktvolumen. Dadurch ist der horizontale kontinuierliche Mischer in unterschiedlichen industriellen Produktionsumgebungen einsetzbar.<\/p>\n\n        <div class=\"modelViewerBlock\" data-attributes='{&quot;align&quot;:&quot;center&quot;,&quot;uniqueId&quot;:&quot;model22073&quot;,&quot;currentViewer&quot;:&quot;modelViewer&quot;,&quot;multiple&quot;:false,&quot;O3DVSettings&quot;:{&quot;isFullscreen&quot;:true,&quot;isPagination&quot;:false,&quot;isNavigation&quot;:false,&quot;camera&quot;:null,&quot;mouseControl&quot;:true},&quot;environmentImage&quot;:null,&quot;lazyLoad&quot;:false,&quot;loading&quot;:&quot;auto&quot;,&quot;autoplay&quot;:false,&quot;shadow&quot;:&quot;1&quot;,&quot;autoRotate&quot;:true,&quot;zoomLevel&quot;:null,&quot;zoom&quot;:true,&quot;isPagination&quot;:false,&quot;isNavigation&quot;:false,&quot;hotspotStyle&quot;:&quot;style-1&quot;,&quot;preload&quot;:&quot;auto&quot;,&quot;rotationPerSecond&quot;:&quot;30&quot;,&quot;mouseControl&quot;:true,&quot;lockXAxisRotation&quot;:false,&quot;lockYAxisRotation&quot;:false,&quot;fullscreen&quot;:true,&quot;zoomInOutBtn&quot;:false,&quot;cameraBtn&quot;:false,&quot;variant&quot;:false,&quot;loadingPercentage&quot;:false,&quot;progressBar&quot;:true,&quot;rotate&quot;:false,&quot;rotateDelay&quot;:3000,&quot;rotateAlongX&quot;:&quot;0&quot;,&quot;rotateAlongY&quot;:&quot;75&quot;,&quot;exposure&quot;:&quot;1&quot;,&quot;stylesheet&quot;:null,&quot;additional&quot;:{&quot;ID&quot;:&quot;&quot;,&quot;Class&quot;:&quot;&quot;,&quot;CSS&quot;:null},&quot;animation&quot;:false,&quot;woo&quot;:false,&quot;selectedAnimation&quot;:&quot;&quot;,&quot;placement&quot;:&quot;shortcode&quot;,&quot;styles&quot;:{&quot;width&quot;:&quot;100%&quot;,&quot;height&quot;:&quot;350px&quot;,&quot;bgColor&quot;:&quot;transparent&quot;,&quot;progressBarColor&quot;:null},&quot;model&quot;:{&quot;modelUrl&quot;:&quot;https:\\\/\\\/jh.nl\\\/wp-content\\\/uploads\\\/2023\\\/05\\\/Menger-ASS-zonder-deksels.glb&quot;,&quot;poster&quot;:&quot;&quot;},&quot;models&quot;:[]}'>\n            <div class=\"bp3d_backup_view\" style=\"display: none;height:350px;\">\n                    <model-viewer camera-controls src=\"https:\/\/jh.nl\/wp-content\/uploads\/2023\/05\/Menger-ASS-zonder-deksels.glb\" style=\"height: 350px;\"><\/model-viewer>\n            <\/div>\n            <script>\n                setTimeout(() => {\n                    let backupModels = document.querySelectorAll('.bp3d_backup_view');\n                    if(backupModels.length > 0){\n                        backupModels.forEach(element => {\n                            if(element){\n                                element.style.display = 'block';\n                                setTimeout(() => {\n                                    let adminMessages = document.querySelectorAll('.bp3d_admin_message');\n                                    if(adminMessages.length > 0){\n                                        adminMessages.forEach(adminMessage => {\n                                            if(adminMessage){\n                                                adminMessage.style.display = 'block';\n                                            }\n                                        });\n                                    }\n                                }, 5000);\n                            }\n                        });\n                    }\n                }, 5000);\n            <\/script>\n        <\/div>\n\n\n<h2 data-start=\"658\" data-end=\"696\"><strong data-start=\"658\" data-end=\"696\">Anwendung kontinuierlicher Mischer<\/strong><\/h2>\n<p data-start=\"698\" data-end=\"1039\">Der kontinuierliche Mischer wird in Anlagen eingesetzt, in denen eine konstante Mischqualit\u00e4t und ein ununterbrochener Produktstrom erforderlich sind. Das Produkt bewegt sich kontinuierlich durch die horizontale Mischkammer, w\u00e4hrend Paddel das Material in mehrere Richtungen bewegen. So entsteht eine gleichm\u00e4\u00dfige Vermischung des Sch\u00fcttguts.<\/p>\n<p data-start=\"1041\" data-end=\"1226\">Die Mischintensit\u00e4t wird \u00fcber die Drehzahl der Mischwelle geregelt. Diese Einstellung wird auf die Partikelgr\u00f6\u00dfe, den Feuchtigkeitsgehalt und das Flie\u00dfverhalten des Produkts abgestimmt.<\/p>\n<h3 data-start=\"1228\" data-end=\"1244\"><strong data-start=\"1228\" data-end=\"1244\">Anwendungen:<\/strong><\/h3>\n<p data-start=\"1246\" data-end=\"1563\"><strong>Materialien<\/strong>: Pulver, Granulate und andere Sch\u00fcttgutstr\u00f6me<br data-start=\"1303\" data-end=\"1306\" \/><strong>Produkteigenschaften<\/strong>: trockene Stoffe, feuchte Sch\u00fcttg\u00fcter und Mischungen mit unterschiedlichen Partikelgr\u00f6\u00dfen<br data-start=\"1416\" data-end=\"1419\" \/><strong>Branchen<\/strong>: Lebensmittelindustrie, Futtermittelproduktion, chemische Industrie, D\u00fcngemittelproduktion, Mineralien und Baustoffe, Recyclingprozesse<\/p>\n<h2 data-start=\"1565\" data-end=\"1609\"><strong data-start=\"1565\" data-end=\"1609\">Spezifikationen kontinuierlicher Mischer<\/strong><\/h2>\n<p data-start=\"1611\" data-end=\"1950\"><strong>Ausf\u00fchrung<\/strong>: horizontaler Mischer mit einer oder mehreren Mischwellen<br data-start=\"1679\" data-end=\"1682\" \/><strong>Mischwerkzeuge<\/strong>: Paddel mit fester oder verstellbarer Konfiguration<br data-start=\"1748\" data-end=\"1751\" \/><strong>Antrieb<\/strong>: industrieller Getriebemotor<br data-start=\"1787\" data-end=\"1790\" \/><strong>Prozessregelung<\/strong>: Drehzahl regelbar f\u00fcr unterschiedliche Mischintensit\u00e4ten<br data-start=\"1863\" data-end=\"1866\" \/><strong>Integration<\/strong>: geeignet f\u00fcr die Kopplung mit Dosieranlagen, Bunkern und F\u00f6rdersystemen<\/p>\n<h2 data-start=\"1952\" data-end=\"1989\"><strong data-start=\"1952\" data-end=\"1989\">Vorteile kontinuierlicher Mischer<\/strong><\/h2>\n<p data-start=\"1991\" data-end=\"2292\">Konstante Mischqualit\u00e4t bei variierender Produktzufuhr<br data-start=\"2045\" data-end=\"2048\" \/><strong>Geeignet f\u00fcr<\/strong> Pulver, Granulate und feuchte Sch\u00fcttgutstr\u00f6me<br data-start=\"2106\" data-end=\"2109\" \/><strong>Mischintensit\u00e4t<\/strong> einstellbar durch Regelung der Drehzahl<br data-start=\"2164\" data-end=\"2167\" \/><strong>Kapazit\u00e4t<\/strong> skalierbar von kleinen bis gro\u00dfen Produktionsvolumen<br data-start=\"2229\" data-end=\"2232\" \/><strong>Geeignet f\u00fcr<\/strong> die Integration in automatisierte Prozesslinien<\/p>\n<h3 data-start=\"2294\" data-end=\"2329\"><strong data-start=\"2294\" data-end=\"2329\">Ausf\u00fchrungsoptionen und Zubeh\u00f6r<\/strong><\/h3>\n<p data-start=\"2331\" data-end=\"2467\">Abh\u00e4ngig von Prozessbedingungen und Produkteigenschaften kann der kontinuierliche Mischer mit zus\u00e4tzlichen Optionen ausgestattet werden:<\/p>\n<p data-start=\"2469\" data-end=\"2699\">Zuf\u00fchrpunkte f\u00fcr Fl\u00fcssigkeiten oder Dampf \u00fcber D\u00fcsen<br data-start=\"2521\" data-end=\"2524\" \/><strong>Geh\u00e4use<\/strong> aus Stahl, Edelstahl oder verschlei\u00dffestem Stahl<br data-start=\"2580\" data-end=\"2583\" \/><strong>Kunststoffauskleidung<\/strong> f\u00fcr spezifische Produktanwendungen<br data-start=\"2639\" data-end=\"2642\" \/><strong>Integration<\/strong> mit Bunkern, Dosieranlagen und F\u00f6rdersystemen<\/p>\n<h3><strong>Kontakt<\/strong><\/h3>\n<p>F\u00fcr weitere Informationen oder ein ma\u00dfgeschneidertes Angebot wenden Sie sich bitte an Jansen&amp;Heuning:<\/p>\n<ul>\n<li>Telefon: <a href=\"callto:+310503126448\">+31(0)50 3126 448<\/a><\/li>\n<li>E-Mail: <a href=\"mailto:sales@jh.nl\">sales@jh.nl<\/a><\/li>\n<li>Kontaktformular: <a href=\"http:\/\/jh.nl\/de\/kontakt\">jh.nl\/de\/kontakt<\/a><\/li>\n<\/ul>\n","protected":false},"excerpt":{"rendered":"<p>Der kontinuierliche Mischer ist eine industrielle L\u00f6sung f\u00fcr das kontinuierliche&#8230;<\/p>\n","protected":false},"featured_media":22782,"comment_status":"open","ping_status":"closed","template":"","meta":{"_acf_changed":false},"product_brand":[],"product_cat":[330,488],"product_tag":[],"class_list":{"0":"post-17039","1":"product","2":"type-product","3":"status-publish","4":"has-post-thumbnail","6":"product_cat-schneckenfoerderer","7":"product_cat-spezialmaschinen","9":"first","10":"instock","11":"taxable","12":"shipping-taxable","13":"product-type-simple"},"acf":[],"yoast_head":"<!-- This site is optimized with the Yoast SEO plugin v27.4 - https:\/\/yoast.com\/product\/yoast-seo-wordpress\/ -->\n<title>Kontinuierlicher Mischer f\u00fcr Sch\u00fcttgut | Jansen&amp;Heuning<\/title>\n<meta name=\"description\" content=\"Kontinuierlicher Mischer mit variabler Drehzahl bis 120 m\u00b3\/h. Optional mit Einspritzung und individuell anpassbar f\u00fcr Ihre Anwendung.\" \/>\n<meta name=\"robots\" content=\"index, follow, max-snippet:-1, max-image-preview:large, max-video-preview:-1\" \/>\n<link rel=\"canonical\" href=\"https:\/\/jh.nl\/de\/product\/kontinuierlicher-mischer\/\" \/>\n<meta property=\"og:locale\" content=\"de_DE\" \/>\n<meta property=\"og:type\" content=\"article\" \/>\n<meta property=\"og:title\" content=\"Kontinuierlicher Mischer f\u00fcr Sch\u00fcttgut | Jansen&amp;Heuning\" \/>\n<meta property=\"og:description\" content=\"Kontinuierlicher Mischer mit variabler Drehzahl bis 120 m\u00b3\/h. Optional mit Einspritzung und individuell anpassbar f\u00fcr Ihre Anwendung.\" \/>\n<meta property=\"og:url\" content=\"https:\/\/jh.nl\/de\/product\/kontinuierlicher-mischer\/\" \/>\n<meta property=\"og:site_name\" content=\"Jansen&amp;Heuning\" \/>\n<meta property=\"article:publisher\" content=\"https:\/\/www.facebook.com\/JansenHeuning\" \/>\n<meta property=\"article:modified_time\" content=\"2026-03-10T09:54:02+00:00\" \/>\n<meta property=\"og:image\" content=\"https:\/\/jh.nl\/wp-content\/uploads\/2021\/02\/Schermopname-26.png\" \/>\n\t<meta property=\"og:image:width\" content=\"1616\" \/>\n\t<meta property=\"og:image:height\" content=\"907\" \/>\n\t<meta property=\"og:image:type\" content=\"image\/png\" \/>\n<meta name=\"twitter:card\" content=\"summary_large_image\" \/>\n<meta name=\"twitter:label1\" content=\"Gesch\u00e4tzte Lesezeit\" \/>\n\t<meta name=\"twitter:data1\" content=\"2\u00a0Minuten\" \/>\n<script type=\"application\/ld+json\" class=\"yoast-schema-graph\">{\"@context\":\"https:\\\/\\\/schema.org\",\"@graph\":[{\"@type\":\"WebPage\",\"@id\":\"https:\\\/\\\/jh.nl\\\/de\\\/product\\\/kontinuierlicher-mischer\\\/\",\"url\":\"https:\\\/\\\/jh.nl\\\/de\\\/product\\\/kontinuierlicher-mischer\\\/\",\"name\":\"Kontinuierlicher Mischer f\u00fcr Sch\u00fcttgut | Jansen&Heuning\",\"isPartOf\":{\"@id\":\"https:\\\/\\\/jh.nl\\\/nl\\\/#website\"},\"primaryImageOfPage\":{\"@id\":\"https:\\\/\\\/jh.nl\\\/de\\\/product\\\/kontinuierlicher-mischer\\\/#primaryimage\"},\"image\":{\"@id\":\"https:\\\/\\\/jh.nl\\\/de\\\/product\\\/kontinuierlicher-mischer\\\/#primaryimage\"},\"thumbnailUrl\":\"https:\\\/\\\/jh.nl\\\/wp-content\\\/uploads\\\/2021\\\/02\\\/Schermopname-26.png\",\"datePublished\":\"2021-02-05T08:38:44+00:00\",\"dateModified\":\"2026-03-10T09:54:02+00:00\",\"description\":\"Kontinuierlicher Mischer mit variabler Drehzahl bis 120 m\u00b3\\\/h. Optional mit Einspritzung und individuell anpassbar f\u00fcr Ihre Anwendung.\",\"breadcrumb\":{\"@id\":\"https:\\\/\\\/jh.nl\\\/de\\\/product\\\/kontinuierlicher-mischer\\\/#breadcrumb\"},\"inLanguage\":\"de\",\"potentialAction\":[{\"@type\":\"ReadAction\",\"target\":[\"https:\\\/\\\/jh.nl\\\/de\\\/product\\\/kontinuierlicher-mischer\\\/\"]}]},{\"@type\":\"ImageObject\",\"inLanguage\":\"de\",\"@id\":\"https:\\\/\\\/jh.nl\\\/de\\\/product\\\/kontinuierlicher-mischer\\\/#primaryimage\",\"url\":\"https:\\\/\\\/jh.nl\\\/wp-content\\\/uploads\\\/2021\\\/02\\\/Schermopname-26.png\",\"contentUrl\":\"https:\\\/\\\/jh.nl\\\/wp-content\\\/uploads\\\/2021\\\/02\\\/Schermopname-26.png\",\"width\":1616,\"height\":907,\"caption\":\"Horizontale continue menger met optionele nozzles voor vloeistoftoevoer\"},{\"@type\":\"BreadcrumbList\",\"@id\":\"https:\\\/\\\/jh.nl\\\/de\\\/product\\\/kontinuierlicher-mischer\\\/#breadcrumb\",\"itemListElement\":[{\"@type\":\"ListItem\",\"position\":1,\"name\":\"Home\",\"item\":\"https:\\\/\\\/jh.nl\\\/de\\\/\"},{\"@type\":\"ListItem\",\"position\":2,\"name\":\"Producten\",\"item\":\"https:\\\/\\\/jh.nl\\\/nl\\\/producten\\\/\"},{\"@type\":\"ListItem\",\"position\":3,\"name\":\"Speciale bulk machines\",\"item\":\"https:\\\/\\\/jh.nl\\\/nl\\\/product-categorie\\\/speciale-bulk-machines\\\/\"},{\"@type\":\"ListItem\",\"position\":4,\"name\":\"Kontinuierlicher Mischer\"}]},{\"@type\":\"WebSite\",\"@id\":\"https:\\\/\\\/jh.nl\\\/nl\\\/#website\",\"url\":\"https:\\\/\\\/jh.nl\\\/nl\\\/\",\"name\":\"Jansen & Heuning\",\"description\":\"Bulk Handling Systems\",\"publisher\":{\"@id\":\"https:\\\/\\\/jh.nl\\\/nl\\\/#organization\"},\"alternateName\":\"J&H\",\"potentialAction\":[{\"@type\":\"SearchAction\",\"target\":{\"@type\":\"EntryPoint\",\"urlTemplate\":\"https:\\\/\\\/jh.nl\\\/nl\\\/?s={search_term_string}\"},\"query-input\":{\"@type\":\"PropertyValueSpecification\",\"valueRequired\":true,\"valueName\":\"search_term_string\"}}],\"inLanguage\":\"de\"},{\"@type\":\"Organization\",\"@id\":\"https:\\\/\\\/jh.nl\\\/nl\\\/#organization\",\"name\":\"Jansen & Heuning\",\"alternateName\":\"J&H\",\"url\":\"https:\\\/\\\/jh.nl\\\/nl\\\/\",\"logo\":{\"@type\":\"ImageObject\",\"inLanguage\":\"de\",\"@id\":\"https:\\\/\\\/jh.nl\\\/nl\\\/#\\\/schema\\\/logo\\\/image\\\/\",\"url\":\"https:\\\/\\\/jh.nl\\\/wp-content\\\/uploads\\\/2022\\\/05\\\/JH-logo-scaled.gif\",\"contentUrl\":\"https:\\\/\\\/jh.nl\\\/wp-content\\\/uploads\\\/2022\\\/05\\\/JH-logo-scaled.gif\",\"width\":2560,\"height\":429,\"caption\":\"Jansen & Heuning\"},\"image\":{\"@id\":\"https:\\\/\\\/jh.nl\\\/nl\\\/#\\\/schema\\\/logo\\\/image\\\/\"},\"sameAs\":[\"https:\\\/\\\/www.facebook.com\\\/JansenHeuning\",\"https:\\\/\\\/www.youtube.com\\\/user\\\/JansenenHeuning\\\/featured\",\"https:\\\/\\\/www.linkedin.com\\\/company\\\/1768497\\\/\"]}]}<\/script>\n<!-- \/ Yoast SEO plugin. -->","yoast_head_json":{"title":"Kontinuierlicher Mischer f\u00fcr Sch\u00fcttgut | Jansen&Heuning","description":"Kontinuierlicher Mischer mit variabler Drehzahl bis 120 m\u00b3\/h. Optional mit Einspritzung und individuell anpassbar f\u00fcr Ihre Anwendung.","robots":{"index":"index","follow":"follow","max-snippet":"max-snippet:-1","max-image-preview":"max-image-preview:large","max-video-preview":"max-video-preview:-1"},"canonical":"https:\/\/jh.nl\/de\/product\/kontinuierlicher-mischer\/","og_locale":"de_DE","og_type":"article","og_title":"Kontinuierlicher Mischer f\u00fcr Sch\u00fcttgut | Jansen&Heuning","og_description":"Kontinuierlicher Mischer mit variabler Drehzahl bis 120 m\u00b3\/h. Optional mit Einspritzung und individuell anpassbar f\u00fcr Ihre Anwendung.","og_url":"https:\/\/jh.nl\/de\/product\/kontinuierlicher-mischer\/","og_site_name":"Jansen&amp;Heuning","article_publisher":"https:\/\/www.facebook.com\/JansenHeuning","article_modified_time":"2026-03-10T09:54:02+00:00","og_image":[{"width":1616,"height":907,"url":"https:\/\/jh.nl\/wp-content\/uploads\/2021\/02\/Schermopname-26.png","type":"image\/png"}],"twitter_card":"summary_large_image","twitter_misc":{"Gesch\u00e4tzte Lesezeit":"2\u00a0Minuten"},"schema":{"@context":"https:\/\/schema.org","@graph":[{"@type":"WebPage","@id":"https:\/\/jh.nl\/de\/product\/kontinuierlicher-mischer\/","url":"https:\/\/jh.nl\/de\/product\/kontinuierlicher-mischer\/","name":"Kontinuierlicher Mischer f\u00fcr Sch\u00fcttgut | Jansen&Heuning","isPartOf":{"@id":"https:\/\/jh.nl\/nl\/#website"},"primaryImageOfPage":{"@id":"https:\/\/jh.nl\/de\/product\/kontinuierlicher-mischer\/#primaryimage"},"image":{"@id":"https:\/\/jh.nl\/de\/product\/kontinuierlicher-mischer\/#primaryimage"},"thumbnailUrl":"https:\/\/jh.nl\/wp-content\/uploads\/2021\/02\/Schermopname-26.png","datePublished":"2021-02-05T08:38:44+00:00","dateModified":"2026-03-10T09:54:02+00:00","description":"Kontinuierlicher Mischer mit variabler Drehzahl bis 120 m\u00b3\/h. Optional mit Einspritzung und individuell anpassbar f\u00fcr Ihre Anwendung.","breadcrumb":{"@id":"https:\/\/jh.nl\/de\/product\/kontinuierlicher-mischer\/#breadcrumb"},"inLanguage":"de","potentialAction":[{"@type":"ReadAction","target":["https:\/\/jh.nl\/de\/product\/kontinuierlicher-mischer\/"]}]},{"@type":"ImageObject","inLanguage":"de","@id":"https:\/\/jh.nl\/de\/product\/kontinuierlicher-mischer\/#primaryimage","url":"https:\/\/jh.nl\/wp-content\/uploads\/2021\/02\/Schermopname-26.png","contentUrl":"https:\/\/jh.nl\/wp-content\/uploads\/2021\/02\/Schermopname-26.png","width":1616,"height":907,"caption":"Horizontale continue menger met optionele nozzles voor vloeistoftoevoer"},{"@type":"BreadcrumbList","@id":"https:\/\/jh.nl\/de\/product\/kontinuierlicher-mischer\/#breadcrumb","itemListElement":[{"@type":"ListItem","position":1,"name":"Home","item":"https:\/\/jh.nl\/de\/"},{"@type":"ListItem","position":2,"name":"Producten","item":"https:\/\/jh.nl\/nl\/producten\/"},{"@type":"ListItem","position":3,"name":"Speciale bulk machines","item":"https:\/\/jh.nl\/nl\/product-categorie\/speciale-bulk-machines\/"},{"@type":"ListItem","position":4,"name":"Kontinuierlicher Mischer"}]},{"@type":"WebSite","@id":"https:\/\/jh.nl\/nl\/#website","url":"https:\/\/jh.nl\/nl\/","name":"Jansen & Heuning","description":"Bulk Handling Systems","publisher":{"@id":"https:\/\/jh.nl\/nl\/#organization"},"alternateName":"J&H","potentialAction":[{"@type":"SearchAction","target":{"@type":"EntryPoint","urlTemplate":"https:\/\/jh.nl\/nl\/?s={search_term_string}"},"query-input":{"@type":"PropertyValueSpecification","valueRequired":true,"valueName":"search_term_string"}}],"inLanguage":"de"},{"@type":"Organization","@id":"https:\/\/jh.nl\/nl\/#organization","name":"Jansen & Heuning","alternateName":"J&H","url":"https:\/\/jh.nl\/nl\/","logo":{"@type":"ImageObject","inLanguage":"de","@id":"https:\/\/jh.nl\/nl\/#\/schema\/logo\/image\/","url":"https:\/\/jh.nl\/wp-content\/uploads\/2022\/05\/JH-logo-scaled.gif","contentUrl":"https:\/\/jh.nl\/wp-content\/uploads\/2022\/05\/JH-logo-scaled.gif","width":2560,"height":429,"caption":"Jansen & Heuning"},"image":{"@id":"https:\/\/jh.nl\/nl\/#\/schema\/logo\/image\/"},"sameAs":["https:\/\/www.facebook.com\/JansenHeuning","https:\/\/www.youtube.com\/user\/JansenenHeuning\/featured","https:\/\/www.linkedin.com\/company\/1768497\/"]}]}},"_links":{"self":[{"href":"https:\/\/jh.nl\/de\/wp-json\/wp\/v2\/product\/17039","targetHints":{"allow":["GET"]}}],"collection":[{"href":"https:\/\/jh.nl\/de\/wp-json\/wp\/v2\/product"}],"about":[{"href":"https:\/\/jh.nl\/de\/wp-json\/wp\/v2\/types\/product"}],"replies":[{"embeddable":true,"href":"https:\/\/jh.nl\/de\/wp-json\/wp\/v2\/comments?post=17039"}],"wp:featuredmedia":[{"embeddable":true,"href":"https:\/\/jh.nl\/de\/wp-json\/wp\/v2\/media\/22782"}],"wp:attachment":[{"href":"https:\/\/jh.nl\/de\/wp-json\/wp\/v2\/media?parent=17039"}],"wp:term":[{"taxonomy":"product_brand","embeddable":true,"href":"https:\/\/jh.nl\/de\/wp-json\/wp\/v2\/product_brand?post=17039"},{"taxonomy":"product_cat","embeddable":true,"href":"https:\/\/jh.nl\/de\/wp-json\/wp\/v2\/product_cat?post=17039"},{"taxonomy":"product_tag","embeddable":true,"href":"https:\/\/jh.nl\/de\/wp-json\/wp\/v2\/product_tag?post=17039"}],"curies":[{"name":"wp","href":"https:\/\/api.w.org\/{rel}","templated":true}]}}