{"id":17073,"date":"2021-02-26T11:19:49","date_gmt":"2021-02-26T10:23:03","guid":{"rendered":"https:\/\/jh.nl\/?post_type=product&#038;p=17073"},"modified":"2025-03-28T09:34:27","modified_gmt":"2025-03-28T08:34:27","slug":"mobile-big-bag-brecher","status":"publish","type":"product","link":"https:\/\/jh.nl\/de\/product\/mobile-big-bag-brecher\/","title":{"rendered":"Mobile Big-Bag-Brecher"},"content":{"rendered":"<p>Der Inhalt von Big-Bags kann aufgrund verschiedener Faktoren wie Feuchtigkeitsaufnahme, Langzeitlagerung oder Temperaturschwankungen aush\u00e4rten. Dies macht es unm\u00f6glich, Big-Bags auf normale Weise zu entladen, da die ausgeh\u00e4rteten Brocken viel zu gro\u00df f\u00fcr die weitere Verarbeitung sind. Der Mobile Big-Bag-Brecher von Jansen&amp;Heuning bietet hierf\u00fcr eine effiziente L\u00f6sung. Durch das Zerkleinern des Inhalts werden die gro\u00dfen Brocken auf eine verarbeitbare Gr\u00f6\u00dfe reduziert, was das Entladen und den Weitertransport des Materials erheblich erleichtert.<\/p>\n<h3><b>Einfaches Zerkleinern von Big-Bags mit mobilem Brecher<\/b><\/h3>\n<p>Der Mobile Big-Bag-Brecherist mit einer Presskraft von 30 kN bei 160 bar \u00d6ldruck ausgestattet, sodass er m\u00fchelos verh\u00e4rtete Big-Bags zerkleinern kann. Durch sein universelles Design ist er an praktisch jedem Gabelstapler einsetzbar und f\u00fcr die g\u00e4ngigsten Big-Bags geeignet.<\/p>\n<p>Um eine maximale Kompatibilit\u00e4t zu gew\u00e4hrleisten, kann der Mobile Big-Bag-Brecher mit jedem Standard-FEM-Anbauger\u00e4t (internationale ISO-Klasse) ausgestattet werden. Dar\u00fcber hinaus ist es m\u00f6glich, eine kundenspezifische Version mit den erforderlichen Hydraulikanschl\u00fcssen f\u00fcr Ihren Gabelstapler zu bestellen.<\/p>\n<p>Die Anforderungen an den Gabelstapler sind:<\/p>\n<ul>\n<li>Eine Hubkapazit\u00e4t von mindestens zwei Tonnen<\/li>\n<li>Verf\u00fcgbarkeit eines zus\u00e4tzlichen Hydraulikanschlusses, bestehend aus einem Vor- und R\u00fccklauf<\/li>\n<\/ul>\n<p>Der Big-Bag-Conditioner l\u00e4sst sich mit der mitgelieferten Anleitung einfach am Gabelstapler montieren. Dank der vier stabilen Haken kann der Gabelstapler weiterhin zum Bewegen von Big-Bags verwendet werden, ohne dass der Crusher vorher demontiert werden muss. Dies erh\u00f6ht die Flexibilit\u00e4t und Effizienz in industriellen Prozessen.<\/p>\n<h3><b><strong>Technische Daten des mobilen Big-Bag-Kneters<\/strong><\/b><\/h3>\n<ul>\n<li><b>Montage<\/b>: Geeignet f\u00fcr die Montage auf dem Gabeltr\u00e4ger eines Gabelstaplers (FEM2 oder FEM3 \/ ISO-Klasse 2 oder 3)<\/li>\n<li><b>Hydraulik<\/b>: Versorgung \u00fcber Gabelstapler oder \u00fcber separate Hydraulikeinheit<\/li>\n<li><b>Presskraft<\/b>: ca. 30 kN bei 160 bar \u00d6ldruck<\/li>\n<li><b>Druckbegrenzungsventil<\/b>: Standardm\u00e4\u00dfig mit einem Druckbegrenzungsventil zum Schutz der Zylinder ausgestattet<\/li>\n<li><b>Universelles<\/b> <b>Design<\/b>: F\u00fcr nahezu jeden Gabelstapler mit mindestens 2 Tonnen Hubkraft geeignet<\/li>\n<li><b>Effizienter<\/b> <b>Arbeitsablauf<\/b>: Big-Bags k\u00f6nnen zerkleinert werden, ohne den Crusher zu demontieren<\/li>\n<\/ul>\n<h3><b>Verwandte Produkte<\/b><\/h3>\n<ul>\n<li>M\u00f6gliche Alternativen zum Mobile Big-Bag-Brecher sind der <a href=\"https:\/\/jh.nl\/de\/produkt\/big-bag-crusher\/\"><u>vollautomatische<\/u><\/a> oder der <a href=\"https:\/\/jh.nl\/de\/produkt\/big-bag-brecher\/\"><u>halbautomatische Brecher.<\/u><\/a><\/li>\n<li>Weitere Produkte sind die <a href=\"https:\/\/jh.nl\/de\/produkt\/big-bag-fuellstationen\/\"><u>Bef\u00fcll-<\/u><\/a> und <a href=\"https:\/\/jh.nl\/de\/produkt\/big-bag-entleerstationen\/\"><u>Entladestationen<\/u><\/a> f\u00fcr Big-Bags<\/li>\n<\/ul>\n<h3><strong>Kontakt<\/strong><\/h3>\n<p>F\u00fcr weitere Informationen oder ein ma\u00dfgeschneidertes Angebot wenden Sie sich bitte an Jansen&amp;Heuning:<\/p>\n<ul>\n<li>Telefon: <a href=\"callto:+310503126448\">+31(0)50 3126 448<\/a><\/li>\n<li>E-Mail: <a href=\"mailto:sales@jh.nl\">sales@jh.nl<\/a><\/li>\n<li>Kontaktformular: <a href=\"http:\/\/jh.nl\/de\/kontakt\">jh.nl\/de\/kontakt<\/a><\/li>\n<\/ul>\n<p><iframe title=\"YouTube video player\" src=\"https:\/\/www.youtube.com\/embed\/WJRy-sQemrc\" width=\"560\" height=\"315\" frameborder=\"0\" allowfullscreen=\"allowfullscreen\"><\/iframe><\/p>\n<p>&nbsp;<\/p>\n","protected":false},"excerpt":{"rendered":"<p>Der Inhalt von Big-Bags kann aufgrund verschiedener Faktoren wie Feuchtigkeitsaufnahme,&#8230;<\/p>\n","protected":false},"featured_media":27487,"comment_status":"open","ping_status":"closed","template":"","meta":{"_acf_changed":false},"product_brand":[],"product_cat":[965],"product_tag":[],"class_list":{"0":"post-17073","1":"product","2":"type-product","3":"status-publish","4":"has-post-thumbnail","6":"product_cat-big-bag-brecher","8":"first","9":"instock","10":"taxable","11":"shipping-taxable","12":"product-type-simple"},"acf":[],"yoast_head":"<!-- This site is optimized with the Yoast SEO plugin v27.4 - https:\/\/yoast.com\/product\/yoast-seo-wordpress\/ -->\n<title>Mobile Big-Bag-Brecher | Big-Bag Verarbeitung | Jansen&amp;Heuning<\/title>\n<meta name=\"description\" content=\"Der mobile Big-Bag-Brecher von Jansen&amp;Heuning zerkleinert verh\u00e4rtete Big-Bags effizient. Universelles Design, passend f\u00fcr die meisten Gabelstapler.\" \/>\n<meta name=\"robots\" content=\"index, follow, max-snippet:-1, max-image-preview:large, max-video-preview:-1\" \/>\n<link rel=\"canonical\" href=\"https:\/\/jh.nl\/de\/product\/mobile-big-bag-brecher\/\" \/>\n<meta property=\"og:locale\" content=\"de_DE\" \/>\n<meta property=\"og:type\" content=\"article\" \/>\n<meta property=\"og:title\" content=\"Mobile Big-Bag-Brecher | Big-Bag Verarbeitung | Jansen&amp;Heuning\" \/>\n<meta property=\"og:description\" content=\"Der mobile Big-Bag-Brecher von Jansen&amp;Heuning zerkleinert verh\u00e4rtete Big-Bags effizient. Universelles Design, passend f\u00fcr die meisten Gabelstapler.\" \/>\n<meta property=\"og:url\" content=\"https:\/\/jh.nl\/de\/product\/mobile-big-bag-brecher\/\" \/>\n<meta property=\"og:site_name\" content=\"Jansen&amp;Heuning\" \/>\n<meta property=\"article:publisher\" content=\"https:\/\/www.facebook.com\/JansenHeuning\" \/>\n<meta property=\"article:modified_time\" content=\"2025-03-28T08:34:27+00:00\" \/>\n<meta property=\"og:image\" content=\"https:\/\/jh.nl\/wp-content\/uploads\/2021\/02\/mobiele-crusher-test.png\" \/>\n\t<meta property=\"og:image:width\" content=\"518\" \/>\n\t<meta property=\"og:image:height\" content=\"446\" \/>\n\t<meta property=\"og:image:type\" content=\"image\/png\" \/>\n<meta name=\"twitter:card\" content=\"summary_large_image\" \/>\n<meta name=\"twitter:label1\" content=\"Gesch\u00e4tzte Lesezeit\" \/>\n\t<meta name=\"twitter:data1\" content=\"2\u00a0Minuten\" \/>\n<script type=\"application\/ld+json\" class=\"yoast-schema-graph\">{\"@context\":\"https:\\\/\\\/schema.org\",\"@graph\":[{\"@type\":\"WebPage\",\"@id\":\"https:\\\/\\\/jh.nl\\\/de\\\/product\\\/mobile-big-bag-brecher\\\/\",\"url\":\"https:\\\/\\\/jh.nl\\\/de\\\/product\\\/mobile-big-bag-brecher\\\/\",\"name\":\"Mobile Big-Bag-Brecher | Big-Bag Verarbeitung | Jansen&Heuning\",\"isPartOf\":{\"@id\":\"https:\\\/\\\/jh.nl\\\/nl\\\/#website\"},\"primaryImageOfPage\":{\"@id\":\"https:\\\/\\\/jh.nl\\\/de\\\/product\\\/mobile-big-bag-brecher\\\/#primaryimage\"},\"image\":{\"@id\":\"https:\\\/\\\/jh.nl\\\/de\\\/product\\\/mobile-big-bag-brecher\\\/#primaryimage\"},\"thumbnailUrl\":\"https:\\\/\\\/jh.nl\\\/wp-content\\\/uploads\\\/2021\\\/02\\\/mobiele-crusher-test.png\",\"datePublished\":\"2021-02-26T10:23:03+00:00\",\"dateModified\":\"2025-03-28T08:34:27+00:00\",\"description\":\"Der mobile Big-Bag-Brecher von Jansen&Heuning zerkleinert verh\u00e4rtete Big-Bags effizient. Universelles Design, passend f\u00fcr die meisten Gabelstapler.\",\"breadcrumb\":{\"@id\":\"https:\\\/\\\/jh.nl\\\/de\\\/product\\\/mobile-big-bag-brecher\\\/#breadcrumb\"},\"inLanguage\":\"de\",\"potentialAction\":[{\"@type\":\"ReadAction\",\"target\":[\"https:\\\/\\\/jh.nl\\\/de\\\/product\\\/mobile-big-bag-brecher\\\/\"]}]},{\"@type\":\"ImageObject\",\"inLanguage\":\"de\",\"@id\":\"https:\\\/\\\/jh.nl\\\/de\\\/product\\\/mobile-big-bag-brecher\\\/#primaryimage\",\"url\":\"https:\\\/\\\/jh.nl\\\/wp-content\\\/uploads\\\/2021\\\/02\\\/mobiele-crusher-test.png\",\"contentUrl\":\"https:\\\/\\\/jh.nl\\\/wp-content\\\/uploads\\\/2021\\\/02\\\/mobiele-crusher-test.png\",\"width\":518,\"height\":446,\"caption\":\"Mobiele bigbag crusher\"},{\"@type\":\"BreadcrumbList\",\"@id\":\"https:\\\/\\\/jh.nl\\\/de\\\/product\\\/mobile-big-bag-brecher\\\/#breadcrumb\",\"itemListElement\":[{\"@type\":\"ListItem\",\"position\":1,\"name\":\"Home\",\"item\":\"https:\\\/\\\/jh.nl\\\/de\\\/\"},{\"@type\":\"ListItem\",\"position\":2,\"name\":\"Producten\",\"item\":\"https:\\\/\\\/jh.nl\\\/nl\\\/producten\\\/\"},{\"@type\":\"ListItem\",\"position\":3,\"name\":\"Big-Bag-Handling\",\"item\":\"https:\\\/\\\/jh.nl\\\/de\\\/produkt-kategorie\\\/bigbaghandling\\\/\"},{\"@type\":\"ListItem\",\"position\":4,\"name\":\"Big-Bag-Brecher\",\"item\":\"https:\\\/\\\/jh.nl\\\/de\\\/produkt-kategorie\\\/bigbaghandling\\\/big-bag-brecher\\\/\"},{\"@type\":\"ListItem\",\"position\":5,\"name\":\"Mobile Big-Bag-Brecher\"}]},{\"@type\":\"WebSite\",\"@id\":\"https:\\\/\\\/jh.nl\\\/nl\\\/#website\",\"url\":\"https:\\\/\\\/jh.nl\\\/nl\\\/\",\"name\":\"Jansen & Heuning\",\"description\":\"Bulk Handling Systems\",\"publisher\":{\"@id\":\"https:\\\/\\\/jh.nl\\\/nl\\\/#organization\"},\"alternateName\":\"J&H\",\"potentialAction\":[{\"@type\":\"SearchAction\",\"target\":{\"@type\":\"EntryPoint\",\"urlTemplate\":\"https:\\\/\\\/jh.nl\\\/nl\\\/?s={search_term_string}\"},\"query-input\":{\"@type\":\"PropertyValueSpecification\",\"valueRequired\":true,\"valueName\":\"search_term_string\"}}],\"inLanguage\":\"de\"},{\"@type\":\"Organization\",\"@id\":\"https:\\\/\\\/jh.nl\\\/nl\\\/#organization\",\"name\":\"Jansen & Heuning\",\"alternateName\":\"J&H\",\"url\":\"https:\\\/\\\/jh.nl\\\/nl\\\/\",\"logo\":{\"@type\":\"ImageObject\",\"inLanguage\":\"de\",\"@id\":\"https:\\\/\\\/jh.nl\\\/nl\\\/#\\\/schema\\\/logo\\\/image\\\/\",\"url\":\"https:\\\/\\\/jh.nl\\\/wp-content\\\/uploads\\\/2022\\\/05\\\/JH-logo-scaled.gif\",\"contentUrl\":\"https:\\\/\\\/jh.nl\\\/wp-content\\\/uploads\\\/2022\\\/05\\\/JH-logo-scaled.gif\",\"width\":2560,\"height\":429,\"caption\":\"Jansen & Heuning\"},\"image\":{\"@id\":\"https:\\\/\\\/jh.nl\\\/nl\\\/#\\\/schema\\\/logo\\\/image\\\/\"},\"sameAs\":[\"https:\\\/\\\/www.facebook.com\\\/JansenHeuning\",\"https:\\\/\\\/www.youtube.com\\\/user\\\/JansenenHeuning\\\/featured\",\"https:\\\/\\\/www.linkedin.com\\\/company\\\/1768497\\\/\"]}]}<\/script>\n<!-- \/ Yoast SEO plugin. -->","yoast_head_json":{"title":"Mobile Big-Bag-Brecher | Big-Bag Verarbeitung | Jansen&Heuning","description":"Der mobile Big-Bag-Brecher von Jansen&Heuning zerkleinert verh\u00e4rtete Big-Bags effizient. Universelles Design, passend f\u00fcr die meisten Gabelstapler.","robots":{"index":"index","follow":"follow","max-snippet":"max-snippet:-1","max-image-preview":"max-image-preview:large","max-video-preview":"max-video-preview:-1"},"canonical":"https:\/\/jh.nl\/de\/product\/mobile-big-bag-brecher\/","og_locale":"de_DE","og_type":"article","og_title":"Mobile Big-Bag-Brecher | Big-Bag Verarbeitung | Jansen&Heuning","og_description":"Der mobile Big-Bag-Brecher von Jansen&Heuning zerkleinert verh\u00e4rtete Big-Bags effizient. Universelles Design, passend f\u00fcr die meisten Gabelstapler.","og_url":"https:\/\/jh.nl\/de\/product\/mobile-big-bag-brecher\/","og_site_name":"Jansen&amp;Heuning","article_publisher":"https:\/\/www.facebook.com\/JansenHeuning","article_modified_time":"2025-03-28T08:34:27+00:00","og_image":[{"width":518,"height":446,"url":"https:\/\/jh.nl\/wp-content\/uploads\/2021\/02\/mobiele-crusher-test.png","type":"image\/png"}],"twitter_card":"summary_large_image","twitter_misc":{"Gesch\u00e4tzte Lesezeit":"2\u00a0Minuten"},"schema":{"@context":"https:\/\/schema.org","@graph":[{"@type":"WebPage","@id":"https:\/\/jh.nl\/de\/product\/mobile-big-bag-brecher\/","url":"https:\/\/jh.nl\/de\/product\/mobile-big-bag-brecher\/","name":"Mobile Big-Bag-Brecher | Big-Bag Verarbeitung | Jansen&Heuning","isPartOf":{"@id":"https:\/\/jh.nl\/nl\/#website"},"primaryImageOfPage":{"@id":"https:\/\/jh.nl\/de\/product\/mobile-big-bag-brecher\/#primaryimage"},"image":{"@id":"https:\/\/jh.nl\/de\/product\/mobile-big-bag-brecher\/#primaryimage"},"thumbnailUrl":"https:\/\/jh.nl\/wp-content\/uploads\/2021\/02\/mobiele-crusher-test.png","datePublished":"2021-02-26T10:23:03+00:00","dateModified":"2025-03-28T08:34:27+00:00","description":"Der mobile Big-Bag-Brecher von Jansen&Heuning zerkleinert verh\u00e4rtete Big-Bags effizient. Universelles Design, passend f\u00fcr die meisten Gabelstapler.","breadcrumb":{"@id":"https:\/\/jh.nl\/de\/product\/mobile-big-bag-brecher\/#breadcrumb"},"inLanguage":"de","potentialAction":[{"@type":"ReadAction","target":["https:\/\/jh.nl\/de\/product\/mobile-big-bag-brecher\/"]}]},{"@type":"ImageObject","inLanguage":"de","@id":"https:\/\/jh.nl\/de\/product\/mobile-big-bag-brecher\/#primaryimage","url":"https:\/\/jh.nl\/wp-content\/uploads\/2021\/02\/mobiele-crusher-test.png","contentUrl":"https:\/\/jh.nl\/wp-content\/uploads\/2021\/02\/mobiele-crusher-test.png","width":518,"height":446,"caption":"Mobiele bigbag crusher"},{"@type":"BreadcrumbList","@id":"https:\/\/jh.nl\/de\/product\/mobile-big-bag-brecher\/#breadcrumb","itemListElement":[{"@type":"ListItem","position":1,"name":"Home","item":"https:\/\/jh.nl\/de\/"},{"@type":"ListItem","position":2,"name":"Producten","item":"https:\/\/jh.nl\/nl\/producten\/"},{"@type":"ListItem","position":3,"name":"Big-Bag-Handling","item":"https:\/\/jh.nl\/de\/produkt-kategorie\/bigbaghandling\/"},{"@type":"ListItem","position":4,"name":"Big-Bag-Brecher","item":"https:\/\/jh.nl\/de\/produkt-kategorie\/bigbaghandling\/big-bag-brecher\/"},{"@type":"ListItem","position":5,"name":"Mobile Big-Bag-Brecher"}]},{"@type":"WebSite","@id":"https:\/\/jh.nl\/nl\/#website","url":"https:\/\/jh.nl\/nl\/","name":"Jansen & Heuning","description":"Bulk Handling Systems","publisher":{"@id":"https:\/\/jh.nl\/nl\/#organization"},"alternateName":"J&H","potentialAction":[{"@type":"SearchAction","target":{"@type":"EntryPoint","urlTemplate":"https:\/\/jh.nl\/nl\/?s={search_term_string}"},"query-input":{"@type":"PropertyValueSpecification","valueRequired":true,"valueName":"search_term_string"}}],"inLanguage":"de"},{"@type":"Organization","@id":"https:\/\/jh.nl\/nl\/#organization","name":"Jansen & Heuning","alternateName":"J&H","url":"https:\/\/jh.nl\/nl\/","logo":{"@type":"ImageObject","inLanguage":"de","@id":"https:\/\/jh.nl\/nl\/#\/schema\/logo\/image\/","url":"https:\/\/jh.nl\/wp-content\/uploads\/2022\/05\/JH-logo-scaled.gif","contentUrl":"https:\/\/jh.nl\/wp-content\/uploads\/2022\/05\/JH-logo-scaled.gif","width":2560,"height":429,"caption":"Jansen & Heuning"},"image":{"@id":"https:\/\/jh.nl\/nl\/#\/schema\/logo\/image\/"},"sameAs":["https:\/\/www.facebook.com\/JansenHeuning","https:\/\/www.youtube.com\/user\/JansenenHeuning\/featured","https:\/\/www.linkedin.com\/company\/1768497\/"]}]}},"_links":{"self":[{"href":"https:\/\/jh.nl\/de\/wp-json\/wp\/v2\/product\/17073","targetHints":{"allow":["GET"]}}],"collection":[{"href":"https:\/\/jh.nl\/de\/wp-json\/wp\/v2\/product"}],"about":[{"href":"https:\/\/jh.nl\/de\/wp-json\/wp\/v2\/types\/product"}],"replies":[{"embeddable":true,"href":"https:\/\/jh.nl\/de\/wp-json\/wp\/v2\/comments?post=17073"}],"wp:featuredmedia":[{"embeddable":true,"href":"https:\/\/jh.nl\/de\/wp-json\/wp\/v2\/media\/27487"}],"wp:attachment":[{"href":"https:\/\/jh.nl\/de\/wp-json\/wp\/v2\/media?parent=17073"}],"wp:term":[{"taxonomy":"product_brand","embeddable":true,"href":"https:\/\/jh.nl\/de\/wp-json\/wp\/v2\/product_brand?post=17073"},{"taxonomy":"product_cat","embeddable":true,"href":"https:\/\/jh.nl\/de\/wp-json\/wp\/v2\/product_cat?post=17073"},{"taxonomy":"product_tag","embeddable":true,"href":"https:\/\/jh.nl\/de\/wp-json\/wp\/v2\/product_tag?post=17073"}],"curies":[{"name":"wp","href":"https:\/\/api.w.org\/{rel}","templated":true}]}}