{"id":21203,"date":"2018-01-29T15:35:36","date_gmt":"2018-01-29T14:35:36","guid":{"rendered":"https:\/\/jh.nl\/product\/outdoor-silo\/"},"modified":"2025-11-04T08:36:28","modified_gmt":"2025-11-04T07:36:28","slug":"glattwandsilos","status":"publish","type":"product","link":"https:\/\/jh.nl\/de\/product\/glattwandsilos\/","title":{"rendered":"Glattwandsilo"},"content":{"rendered":"<p>Vor einigen Jahren begann Jansen&amp;Heuning mit dem Verkauf von Rundsilos des polnischen Herstellers BIN, die sich zu einem wichtigen Bestandteil der Produktpalette von Jansen&amp;Heuning entwickelt haben.<\/p>\n<h2>Wann entscheidet man sich f\u00fcr Au\u00dfensilos mit Glattwand?<\/h2>\n<p>Flachplattensilos werden f\u00fcr Au\u00dfensilos mit einem Fassungsverm\u00f6gen von bis zu etwa 1.000 Tonnen verwendet. Diese sind etwas leichter in der Bauweise und daher g\u00fcnstiger in der Anschaffung. F\u00fcr Lagerkapazit\u00e4ten von etwa 1000 Tonnen und mehr empfehlen sich Wellblechsilos. Diese haben eine stabilere Konstruktion und eine l\u00e4ngere Lebensdauer. Wellplattensilos gibt es mit einem Fassungsverm\u00f6gen von 500 bis 5000 Tonnen pro Silo.<\/p>\n<p><iframe title=\"YouTube video player\" src=\"https:\/\/www.youtube.com\/embed\/8LVyjIodQic\" width=\"560\" height=\"315\" frameborder=\"0\" allowfullscreen=\"allowfullscreen\"><\/iframe><\/p>\n<p>Die Silos k\u00f6nnen in einem Bereich von 10 bis zu 1.500 Tonnen geliefert werden.<\/p>\n<h2>Vorteile der Glattwandsilo<\/h2>\n<ul>\n<li>kosteng\u00fcnstig<\/li>\n<li>effiziente Raumausnutzung<\/li>\n<li>keine separate Scheune erforderlich<\/li>\n<li>automatische Bef\u00fcllung und Entleerung<\/li>\n<li>geschlossene Lagerung &#8211; keine V\u00f6gel k\u00f6nnen eindringen, kein Staub<\/li>\n<li>immer trockene B\u00f6den<\/li>\n<li>keine Besch\u00e4digung der Bel\u00fcftungskan\u00e4le<\/li>\n<li>leicht zu reinigen<\/li>\n<\/ul>\n<p><iframe src=\"https:\/\/www.youtube.com\/embed\/pu-2w3TazUo\" width=\"560\" height=\"315\" frameborder=\"0\"><\/iframe><\/p>\n<h3>Bel\u00fcftungsboden<\/h3>\n<p>Die Glattwandsilo werden mit einem flachen, perforierten Boden geliefert. Dieser Boden ist auf Betonbl\u00f6cken gelagert. Auf diese Weise wird das Getreide vor Feuchtigkeit und Sch\u00e4dlingen gesch\u00fctzt.<\/p>\n<h3>Entladung<\/h3>\n<p>Die Entleerung des Silos erfolgt \u00fcber eine zentrale F\u00f6rderschnecke. Eine automatische Kehrschnecke geh\u00f6rt bei den gr\u00f6\u00dferen Silos zur Standardausr\u00fcstung.<\/p>\n<h3>Spezifikationen<\/h3>\n<table style=\"width: 68.1046%; height: 392px;\" border=\"0\" rules=\"all\">\n<tbody>\n<tr style=\"height: 56px;\">\n<td style=\"width: 17.9883%; height: 56px; text-align: left;\" align=\"left\" valign=\"top\">Glattwandsilo model<\/td>\n<td style=\"width: 12.8133%; height: 56px;\">\n<p style=\"text-align: center;\">number of<\/p>\n<p style=\"text-align: center;\">rings<\/p>\n<\/td>\n<td style=\"width: 14.3162%; height: 56px;\" align=\"center\" valign=\"top\">diameter<\/p>\n<p>in m<\/td>\n<td style=\"width: 11.4599%; height: 56px;\" align=\"center\" valign=\"top\">content<\/p>\n<p>in m\u00b3<\/td>\n<td style=\"width: 13.6698%; height: 56px;\" align=\"center\" valign=\"top\">content<\/p>\n<p>in tons<\/td>\n<td style=\"width: 15.2953%; height: 56px;\" align=\"center\" valign=\"top\">wall height<\/p>\n<p>in m<\/td>\n<td style=\"width: 38.0548%; height: 56px;\" align=\"center\" valign=\"top\">total height<\/p>\n<p>in m<\/td>\n<\/tr>\n<tr style=\"height: 24px;\">\n<td style=\"width: 17.9883%; height: 24px;\" align=\"left\" valign=\"top\"><strong>BIN 60<\/strong><\/td>\n<td style=\"width: 12.8133%; text-align: center; height: 24px;\">5<\/td>\n<td style=\"width: 14.3162%; height: 24px;\" align=\"center\" valign=\"top\">4,46<\/td>\n<td style=\"width: 11.4599%; height: 24px;\" align=\"center\" valign=\"top\">77<\/td>\n<td style=\"width: 13.6698%; height: 24px;\" align=\"center\" valign=\"top\">58<\/td>\n<td style=\"width: 15.2953%; height: 24px;\" align=\"center\" valign=\"top\">4,80<\/td>\n<td style=\"width: 38.0548%; height: 24px;\" align=\"center\" valign=\"top\">6,12<\/td>\n<\/tr>\n<tr style=\"height: 24px;\">\n<td style=\"width: 17.9883%; height: 24px;\" align=\"left\" valign=\"top\"><strong>BIN 60W<\/strong><\/td>\n<td style=\"width: 12.8133%; text-align: center; height: 24px;\">6<\/td>\n<td style=\"width: 14.3162%; height: 24px;\" align=\"center\" valign=\"top\">4,46<\/td>\n<td style=\"width: 11.4599%; height: 24px;\" align=\"center\" valign=\"top\">92<\/td>\n<td style=\"width: 13.6698%; height: 24px;\" align=\"center\" valign=\"top\">69<\/td>\n<td style=\"width: 15.2953%; height: 24px;\" align=\"center\" valign=\"top\">5,75<\/td>\n<td style=\"width: 38.0548%; height: 24px;\" align=\"center\" valign=\"top\">7,07<\/td>\n<\/tr>\n<tr style=\"height: 24px;\">\n<td style=\"width: 17.9883%; height: 24px;\" align=\"left\" valign=\"top\"><strong>BIN 100<\/strong><\/td>\n<td style=\"width: 12.8133%; text-align: center; height: 24px;\">6<\/td>\n<td style=\"width: 14.3162%; height: 24px;\" align=\"center\" valign=\"top\">5,35<\/td>\n<td style=\"width: 11.4599%; height: 24px;\" align=\"center\" valign=\"top\">133<\/td>\n<td style=\"width: 13.6698%; height: 24px;\" align=\"center\" valign=\"top\">100<\/td>\n<td style=\"width: 15.2953%; height: 24px;\" align=\"center\" valign=\"top\">5,75<\/td>\n<td style=\"width: 38.0548%; height: 24px;\" align=\"center\" valign=\"top\">8,18<\/td>\n<\/tr>\n<tr style=\"height: 24px;\">\n<td style=\"width: 17.9883%; height: 24px;\" align=\"left\" valign=\"top\"><strong>BIN 100W<\/strong><\/td>\n<td style=\"width: 12.8133%; text-align: center; height: 24px;\">8<\/td>\n<td style=\"width: 14.3162%; height: 24px;\" align=\"center\" valign=\"top\">5,35<\/td>\n<td style=\"width: 11.4599%; height: 24px;\" align=\"center\" valign=\"top\">176<\/td>\n<td style=\"width: 13.6698%; height: 24px;\" align=\"center\" valign=\"top\">132<\/td>\n<td style=\"width: 15.2953%; height: 24px;\" align=\"center\" valign=\"top\">7,65<\/td>\n<td style=\"width: 38.0548%; height: 24px;\" align=\"center\" valign=\"top\">10,08<\/td>\n<\/tr>\n<tr style=\"height: 24px;\">\n<td style=\"width: 17.9883%; height: 24px;\" align=\"left\" valign=\"top\"><strong>BIN 200<\/strong><\/td>\n<td style=\"width: 12.8133%; text-align: center; height: 24px;\">8<\/td>\n<td style=\"width: 14.3162%; height: 24px;\" align=\"center\" valign=\"top\">6,68<\/td>\n<td style=\"width: 11.4599%; height: 24px;\" align=\"center\" valign=\"top\">281<\/td>\n<td style=\"width: 13.6698%; height: 24px;\" align=\"center\" valign=\"top\">211<\/td>\n<td style=\"width: 15.2953%; height: 24px;\" align=\"center\" valign=\"top\">7,65<\/td>\n<td style=\"width: 38.0548%; height: 24px;\" align=\"center\" valign=\"top\">10,60<\/td>\n<\/tr>\n<tr style=\"height: 24px;\">\n<td style=\"width: 17.9883%; height: 24px;\" align=\"left\" valign=\"top\"><strong>BIN 200W<\/strong><\/td>\n<td style=\"width: 12.8133%; text-align: center; height: 24px;\">10<\/td>\n<td style=\"width: 14.3162%; height: 24px;\" align=\"center\" valign=\"top\">6,68<\/td>\n<td style=\"width: 11.4599%; height: 24px;\" align=\"center\" valign=\"top\">348<\/td>\n<td style=\"width: 13.6698%; height: 24px;\" align=\"center\" valign=\"top\">261<\/td>\n<td style=\"width: 15.2953%; height: 24px;\" align=\"center\" valign=\"top\">9,55<\/td>\n<td style=\"width: 38.0548%; height: 24px;\" align=\"center\" valign=\"top\">12,50<\/td>\n<\/tr>\n<tr style=\"height: 24px;\">\n<td style=\"width: 17.9883%; height: 23px;\" align=\"left\" valign=\"top\"><strong>BIN 500<\/strong><\/td>\n<td style=\"width: 12.8133%; text-align: center; height: 23px;\">12<\/td>\n<td style=\"width: 14.3162%; height: 23px;\" align=\"center\" valign=\"top\">8,59<\/td>\n<td style=\"width: 11.4599%; height: 23px;\" align=\"center\" valign=\"top\">695<\/td>\n<td style=\"width: 13.6698%; height: 23px;\" align=\"center\" valign=\"top\">521<\/td>\n<td style=\"width: 15.2953%; height: 23px;\" align=\"center\" valign=\"top\">11,45<\/td>\n<td style=\"width: 38.0548%; height: 23px;\" align=\"center\" valign=\"top\">15,33<\/td>\n<\/tr>\n<tr style=\"height: 24px;\">\n<td style=\"width: 17.9883%; height: 24px;\" align=\"left\" valign=\"top\"><strong>BIN 500W<\/strong><\/td>\n<td style=\"width: 12.8133%; text-align: center; height: 24px;\">14<\/td>\n<td style=\"width: 14.3162%; height: 24px;\" align=\"center\" valign=\"top\">8,59<\/td>\n<td style=\"width: 11.4599%; height: 24px;\" align=\"center\" valign=\"top\">805<\/td>\n<td style=\"width: 13.6698%; height: 24px;\" align=\"center\" valign=\"top\">604<\/td>\n<td style=\"width: 15.2953%; height: 24px;\" align=\"center\" valign=\"top\">13,33<\/td>\n<td style=\"width: 38.0548%; height: 24px;\" align=\"center\" valign=\"top\">17,23<\/td>\n<\/tr>\n<tr style=\"height: 24px;\">\n<td style=\"width: 17.9883%; height: 24px;\" align=\"left\" valign=\"top\"><strong>BIN 1000<\/strong><\/td>\n<td style=\"width: 12.8133%; text-align: center; height: 24px;\">12<\/td>\n<td style=\"width: 14.3162%; height: 24px;\" align=\"center\" valign=\"top\">11,46<\/td>\n<td style=\"width: 11.4599%; height: 24px;\" align=\"center\" valign=\"top\">1260<\/td>\n<td style=\"width: 13.6698%; height: 24px;\" align=\"center\" valign=\"top\">948<\/td>\n<td style=\"width: 15.2953%; height: 24px;\" align=\"center\" valign=\"top\">11,45<\/td>\n<td style=\"width: 38.0548%; height: 24px;\" align=\"center\" valign=\"top\">16,18<\/td>\n<\/tr>\n<tr style=\"height: 24px;\">\n<td style=\"width: 17.9883%; height: 24px; text-align: left;\"><strong>BIN 1000W<\/strong><\/td>\n<td style=\"width: 12.8133%; text-align: center; height: 24px;\">14<\/td>\n<td style=\"width: 14.3162%; height: 24px; text-align: center;\">11,46<\/td>\n<td style=\"width: 11.4599%; text-align: center; height: 24px;\">1065<\/td>\n<td style=\"width: 13.6698%; height: 24px; text-align: center;\">1095<\/td>\n<td style=\"width: 15.2953%; height: 24px; text-align: center;\">13,35<\/td>\n<td style=\"width: 38.0548%; height: 24px; text-align: center;\">18,08<\/td>\n<\/tr>\n<tr style=\"height: 24px;\">\n<td style=\"width: 17.9883%; height: 24px;\" align=\"left\" valign=\"top\"><strong>BIN 1001P<\/strong><\/td>\n<td style=\"width: 12.8133%; text-align: center; height: 24px;\">14<\/td>\n<td style=\"width: 14.3162%; height: 24px;\" align=\"center\" valign=\"top\">11,46<\/td>\n<td style=\"width: 11.4599%; height: 24px;\" align=\"center\" valign=\"top\">1032<\/td>\n<td style=\"width: 13.6698%; height: 24px;\" align=\"center\" valign=\"top\">801<\/td>\n<td style=\"width: 15.2953%; height: 24px;\" align=\"center\" valign=\"top\">9,55<\/td>\n<td style=\"width: 38.0548%; height: 24px;\" align=\"center\" valign=\"top\">14,28<\/td>\n<\/tr>\n<tr style=\"height: 10px;\">\n<td style=\"width: 17.9883%; height: 10px;\" align=\"left\" valign=\"top\"><strong>BIN 1500P<\/strong><\/td>\n<td style=\"width: 12.8133%; text-align: center; height: 10px;\">10<\/td>\n<td style=\"width: 14.3162%; height: 10px;\" align=\"center\" valign=\"top\">14,33<\/td>\n<td style=\"width: 11.4599%; height: 10px;\" align=\"center\" valign=\"top\">1713<\/td>\n<td style=\"width: 13.6698%; height: 10px;\" align=\"center\" valign=\"top\">1285<\/td>\n<td style=\"width: 15.2953%; height: 10px;\" align=\"center\" valign=\"top\">9,55<\/td>\n<td style=\"width: 38.0548%; height: 10px;\" align=\"center\" valign=\"top\">15,10<\/td>\n<\/tr>\n<tr style=\"height: 24px;\">\n<td style=\"width: 17.9883%; height: 24px;\" align=\"left\" valign=\"top\"><strong>BIN 1500<\/strong><\/td>\n<td style=\"width: 12.8133%; text-align: center; height: 24px;\">12<\/td>\n<td style=\"width: 14.3162%; height: 24px;\" align=\"center\" valign=\"top\">14,32<\/td>\n<td style=\"width: 11.4599%; height: 24px;\" align=\"center\" valign=\"top\">2019<\/td>\n<td style=\"width: 13.6698%; height: 24px;\" align=\"center\" valign=\"top\">1514<\/td>\n<td style=\"width: 15.2953%; height: 24px;\" align=\"center\" valign=\"top\">11,45<\/td>\n<td style=\"width: 38.0548%; height: 24px;\" align=\"center\" valign=\"top\">17,00<\/td>\n<\/tr>\n<tr style=\"height: 24px;\">\n<td style=\"width: 17.9883%; height: 24px;\" align=\"left\" valign=\"top\"><strong>BIN 1500<\/strong><\/td>\n<td style=\"width: 12.8133%; text-align: center; height: 24px;\">12<\/td>\n<td style=\"width: 14.3162%; height: 24px;\" align=\"center\" valign=\"top\">14,32<\/td>\n<td style=\"width: 11.4599%; height: 24px;\" align=\"center\" valign=\"top\">2019<\/td>\n<td style=\"width: 13.6698%; height: 24px;\" align=\"center\" valign=\"top\">1514<\/td>\n<td style=\"width: 15.2953%; height: 24px;\" align=\"center\" valign=\"top\">11,45<\/td>\n<td style=\"width: 38.0548%; height: 24px;\" align=\"center\" valign=\"top\">17,00<\/td>\n<\/tr>\n<\/tbody>\n<\/table>\n<p>Verschiedene Wandh\u00f6hen auf Anfrage.<\/p>\n<h3>Zugang zum Glattwandsilo<\/h3>\n<p>Die gr\u00f6\u00dferen Silos sind serienm\u00e4\u00dfig mit einer Leiter ausgestattet. Diese Leiter ist leicht zug\u00e4nglich und kann mit einer T\u00fcr verschlossen werden. Der Einstieg in das Silo erfolgt \u00fcber die Innenleiter oder durch das Mannloch im Dach des leeren Silos.<\/p>\n<h3>Temperaturregelung und Bel\u00fcftung<\/h3>\n<p>Es kann entweder ein einfaches oder ein komplexeres Steuerungssystem geliefert werden, um optimale Bel\u00fcftungsbedingungen zu schaffen. Das Steuerungssystem verwendet die Au\u00dfenlufttemperatur, die Getreidetemperatur und die relative Luftfeuchtigkeit als Eingangsparameter. So kann die Au\u00dfenluft zur Trocknung des Getreides genutzt werden, was eine sichere Lagerung \u00fcber l\u00e4ngere Zeitr\u00e4ume erm\u00f6glicht.<\/p>\n<h3>Referenzen<\/h3>\n<ul>\n<li><a title=\"Every modern company needs grain technique\" href=\"http:\/\/jh.nl\/english\/news\/7718_every-modern-company-needs-grain-technique\">Outdoor silo&#8217;s 900 tons at Nieuwolda (NL)<\/a><\/li>\n<li><a title=\"Outdoor silo for grain is logical investment\" href=\"http:\/\/jh.nl\/english\/news\/8508_outdoor-silo-for-grain-is-logical-investment\">Outdoor silo&#8217;s 1400 tons at Meedhuizen (NL)<\/a><\/li>\n<li><a title=\"Farm manager from Blijham invests in 590 ton grain storage\" href=\"http:\/\/jh.nl\/english\/news\/8190_farm-manager-from-blijham-invests-in-590-ton-grain-storage\">Outdoor silo 590 tons at Blijham (NL)<\/a><\/li>\n<li><a title=\"New grain storage in Meeden (NL)\" href=\"http:\/\/jh.nl\/english\/news\/8310_new-grain-storage-in-meeden-nl\">Outdoor silo&#8217;s 450 tons at Meeden (NL)<\/a><\/li>\n<li><a title=\"De Winter is ready for the harvest\" href=\"http:\/\/jh.nl\/english\/news\/8408_de-winter-is-ready-for-the-harvest\">Outdoor silo 700 tons at Appingedam (NL)<\/a><\/li>\n<\/ul>\n","protected":false},"excerpt":{"rendered":"<p>Vor einigen Jahren begann Jansen&amp;Heuning mit dem Verkauf von Rundsilos&#8230;<\/p>\n","protected":false},"featured_media":12587,"comment_status":"closed","ping_status":"closed","template":"","meta":{"_acf_changed":false},"product_brand":[],"product_cat":[973],"product_tag":[],"class_list":{"0":"post-21203","1":"product","2":"type-product","3":"status-publish","4":"has-post-thumbnail","6":"product_cat-aussensilo","8":"first","9":"instock","10":"product-type-simple"},"acf":[],"yoast_head":"<!-- This site is optimized with the Yoast SEO plugin v27.4 - https:\/\/yoast.com\/product\/yoast-seo-wordpress\/ -->\n<title>Glattwandsilo | Jansen&amp;Heuning<\/title>\n<meta name=\"description\" content=\"Glattwandsilo | Jansen&amp;Heuning\" \/>\n<meta name=\"robots\" content=\"index, follow, max-snippet:-1, max-image-preview:large, max-video-preview:-1\" \/>\n<link rel=\"canonical\" href=\"https:\/\/jh.nl\/de\/product\/glattwandsilos\/\" \/>\n<meta property=\"og:locale\" content=\"de_DE\" \/>\n<meta property=\"og:type\" content=\"article\" \/>\n<meta property=\"og:title\" content=\"Glattwandsilo | Jansen&amp;Heuning\" \/>\n<meta property=\"og:description\" content=\"Glattwandsilo | Jansen&amp;Heuning\" \/>\n<meta property=\"og:url\" content=\"https:\/\/jh.nl\/de\/product\/glattwandsilos\/\" \/>\n<meta property=\"og:site_name\" content=\"Jansen&amp;Heuning\" \/>\n<meta property=\"article:publisher\" content=\"https:\/\/www.facebook.com\/JansenHeuning\" \/>\n<meta property=\"article:modified_time\" content=\"2025-11-04T07:36:28+00:00\" \/>\n<meta property=\"og:image\" content=\"https:\/\/jh.nl\/wp-content\/uploads\/2019\/04\/DSC6577-scaled.jpg\" \/>\n\t<meta property=\"og:image:width\" content=\"2560\" \/>\n\t<meta property=\"og:image:height\" content=\"1707\" \/>\n\t<meta property=\"og:image:type\" content=\"image\/jpeg\" \/>\n<meta name=\"twitter:card\" content=\"summary_large_image\" \/>\n<meta name=\"twitter:label1\" content=\"Gesch\u00e4tzte Lesezeit\" \/>\n\t<meta name=\"twitter:data1\" content=\"3\u00a0Minuten\" \/>\n<script type=\"application\/ld+json\" class=\"yoast-schema-graph\">{\"@context\":\"https:\\\/\\\/schema.org\",\"@graph\":[{\"@type\":\"WebPage\",\"@id\":\"https:\\\/\\\/jh.nl\\\/de\\\/product\\\/glattwandsilos\\\/\",\"url\":\"https:\\\/\\\/jh.nl\\\/de\\\/product\\\/glattwandsilos\\\/\",\"name\":\"Glattwandsilo | Jansen&amp;Heuning\",\"isPartOf\":{\"@id\":\"https:\\\/\\\/jh.nl\\\/nl\\\/#website\"},\"primaryImageOfPage\":{\"@id\":\"https:\\\/\\\/jh.nl\\\/de\\\/product\\\/glattwandsilos\\\/#primaryimage\"},\"image\":{\"@id\":\"https:\\\/\\\/jh.nl\\\/de\\\/product\\\/glattwandsilos\\\/#primaryimage\"},\"thumbnailUrl\":\"https:\\\/\\\/jh.nl\\\/wp-content\\\/uploads\\\/2019\\\/04\\\/DSC6577-scaled.jpg\",\"datePublished\":\"2018-01-29T14:35:36+00:00\",\"dateModified\":\"2025-11-04T07:36:28+00:00\",\"description\":\"Glattwandsilo | Jansen&amp;Heuning\",\"breadcrumb\":{\"@id\":\"https:\\\/\\\/jh.nl\\\/de\\\/product\\\/glattwandsilos\\\/#breadcrumb\"},\"inLanguage\":\"de\",\"potentialAction\":[{\"@type\":\"ReadAction\",\"target\":[\"https:\\\/\\\/jh.nl\\\/de\\\/product\\\/glattwandsilos\\\/\"]}]},{\"@type\":\"ImageObject\",\"inLanguage\":\"de\",\"@id\":\"https:\\\/\\\/jh.nl\\\/de\\\/product\\\/glattwandsilos\\\/#primaryimage\",\"url\":\"https:\\\/\\\/jh.nl\\\/wp-content\\\/uploads\\\/2019\\\/04\\\/DSC6577-scaled.jpg\",\"contentUrl\":\"https:\\\/\\\/jh.nl\\\/wp-content\\\/uploads\\\/2019\\\/04\\\/DSC6577-scaled.jpg\",\"width\":2560,\"height\":1707,\"caption\":\"Ronde buitensilo voor graanopslag\"},{\"@type\":\"BreadcrumbList\",\"@id\":\"https:\\\/\\\/jh.nl\\\/de\\\/product\\\/glattwandsilos\\\/#breadcrumb\",\"itemListElement\":[{\"@type\":\"ListItem\",\"position\":1,\"name\":\"Home\",\"item\":\"https:\\\/\\\/jh.nl\\\/de\\\/\"},{\"@type\":\"ListItem\",\"position\":2,\"name\":\"Producten\",\"item\":\"https:\\\/\\\/jh.nl\\\/nl\\\/producten\\\/\"},{\"@type\":\"ListItem\",\"position\":3,\"name\":\"Getreidetechnik\",\"item\":\"https:\\\/\\\/jh.nl\\\/de\\\/produkt-kategorie\\\/getreidetechnik\\\/\"},{\"@type\":\"ListItem\",\"position\":4,\"name\":\"Getreidelagerung\",\"item\":\"https:\\\/\\\/jh.nl\\\/de\\\/produkt-kategorie\\\/getreidetechnik\\\/getreidelagerung\\\/\"},{\"@type\":\"ListItem\",\"position\":5,\"name\":\"Au\u00dfensilo\",\"item\":\"https:\\\/\\\/jh.nl\\\/de\\\/produkt-kategorie\\\/getreidetechnik\\\/getreidelagerung\\\/aussensilo\\\/\"},{\"@type\":\"ListItem\",\"position\":6,\"name\":\"Glattwandsilo\"}]},{\"@type\":\"WebSite\",\"@id\":\"https:\\\/\\\/jh.nl\\\/nl\\\/#website\",\"url\":\"https:\\\/\\\/jh.nl\\\/nl\\\/\",\"name\":\"Jansen & Heuning\",\"description\":\"Bulk Handling Systems\",\"publisher\":{\"@id\":\"https:\\\/\\\/jh.nl\\\/nl\\\/#organization\"},\"alternateName\":\"J&H\",\"potentialAction\":[{\"@type\":\"SearchAction\",\"target\":{\"@type\":\"EntryPoint\",\"urlTemplate\":\"https:\\\/\\\/jh.nl\\\/nl\\\/?s={search_term_string}\"},\"query-input\":{\"@type\":\"PropertyValueSpecification\",\"valueRequired\":true,\"valueName\":\"search_term_string\"}}],\"inLanguage\":\"de\"},{\"@type\":\"Organization\",\"@id\":\"https:\\\/\\\/jh.nl\\\/nl\\\/#organization\",\"name\":\"Jansen & Heuning\",\"alternateName\":\"J&H\",\"url\":\"https:\\\/\\\/jh.nl\\\/nl\\\/\",\"logo\":{\"@type\":\"ImageObject\",\"inLanguage\":\"de\",\"@id\":\"https:\\\/\\\/jh.nl\\\/nl\\\/#\\\/schema\\\/logo\\\/image\\\/\",\"url\":\"https:\\\/\\\/jh.nl\\\/wp-content\\\/uploads\\\/2022\\\/05\\\/JH-logo-scaled.gif\",\"contentUrl\":\"https:\\\/\\\/jh.nl\\\/wp-content\\\/uploads\\\/2022\\\/05\\\/JH-logo-scaled.gif\",\"width\":2560,\"height\":429,\"caption\":\"Jansen & Heuning\"},\"image\":{\"@id\":\"https:\\\/\\\/jh.nl\\\/nl\\\/#\\\/schema\\\/logo\\\/image\\\/\"},\"sameAs\":[\"https:\\\/\\\/www.facebook.com\\\/JansenHeuning\",\"https:\\\/\\\/www.youtube.com\\\/user\\\/JansenenHeuning\\\/featured\",\"https:\\\/\\\/www.linkedin.com\\\/company\\\/1768497\\\/\"]}]}<\/script>\n<!-- \/ Yoast SEO plugin. -->","yoast_head_json":{"title":"Glattwandsilo | Jansen&amp;Heuning","description":"Glattwandsilo | Jansen&amp;Heuning","robots":{"index":"index","follow":"follow","max-snippet":"max-snippet:-1","max-image-preview":"max-image-preview:large","max-video-preview":"max-video-preview:-1"},"canonical":"https:\/\/jh.nl\/de\/product\/glattwandsilos\/","og_locale":"de_DE","og_type":"article","og_title":"Glattwandsilo | Jansen&amp;Heuning","og_description":"Glattwandsilo | Jansen&amp;Heuning","og_url":"https:\/\/jh.nl\/de\/product\/glattwandsilos\/","og_site_name":"Jansen&amp;Heuning","article_publisher":"https:\/\/www.facebook.com\/JansenHeuning","article_modified_time":"2025-11-04T07:36:28+00:00","og_image":[{"width":2560,"height":1707,"url":"https:\/\/jh.nl\/wp-content\/uploads\/2019\/04\/DSC6577-scaled.jpg","type":"image\/jpeg"}],"twitter_card":"summary_large_image","twitter_misc":{"Gesch\u00e4tzte Lesezeit":"3\u00a0Minuten"},"schema":{"@context":"https:\/\/schema.org","@graph":[{"@type":"WebPage","@id":"https:\/\/jh.nl\/de\/product\/glattwandsilos\/","url":"https:\/\/jh.nl\/de\/product\/glattwandsilos\/","name":"Glattwandsilo | Jansen&amp;Heuning","isPartOf":{"@id":"https:\/\/jh.nl\/nl\/#website"},"primaryImageOfPage":{"@id":"https:\/\/jh.nl\/de\/product\/glattwandsilos\/#primaryimage"},"image":{"@id":"https:\/\/jh.nl\/de\/product\/glattwandsilos\/#primaryimage"},"thumbnailUrl":"https:\/\/jh.nl\/wp-content\/uploads\/2019\/04\/DSC6577-scaled.jpg","datePublished":"2018-01-29T14:35:36+00:00","dateModified":"2025-11-04T07:36:28+00:00","description":"Glattwandsilo | Jansen&amp;Heuning","breadcrumb":{"@id":"https:\/\/jh.nl\/de\/product\/glattwandsilos\/#breadcrumb"},"inLanguage":"de","potentialAction":[{"@type":"ReadAction","target":["https:\/\/jh.nl\/de\/product\/glattwandsilos\/"]}]},{"@type":"ImageObject","inLanguage":"de","@id":"https:\/\/jh.nl\/de\/product\/glattwandsilos\/#primaryimage","url":"https:\/\/jh.nl\/wp-content\/uploads\/2019\/04\/DSC6577-scaled.jpg","contentUrl":"https:\/\/jh.nl\/wp-content\/uploads\/2019\/04\/DSC6577-scaled.jpg","width":2560,"height":1707,"caption":"Ronde buitensilo voor graanopslag"},{"@type":"BreadcrumbList","@id":"https:\/\/jh.nl\/de\/product\/glattwandsilos\/#breadcrumb","itemListElement":[{"@type":"ListItem","position":1,"name":"Home","item":"https:\/\/jh.nl\/de\/"},{"@type":"ListItem","position":2,"name":"Producten","item":"https:\/\/jh.nl\/nl\/producten\/"},{"@type":"ListItem","position":3,"name":"Getreidetechnik","item":"https:\/\/jh.nl\/de\/produkt-kategorie\/getreidetechnik\/"},{"@type":"ListItem","position":4,"name":"Getreidelagerung","item":"https:\/\/jh.nl\/de\/produkt-kategorie\/getreidetechnik\/getreidelagerung\/"},{"@type":"ListItem","position":5,"name":"Au\u00dfensilo","item":"https:\/\/jh.nl\/de\/produkt-kategorie\/getreidetechnik\/getreidelagerung\/aussensilo\/"},{"@type":"ListItem","position":6,"name":"Glattwandsilo"}]},{"@type":"WebSite","@id":"https:\/\/jh.nl\/nl\/#website","url":"https:\/\/jh.nl\/nl\/","name":"Jansen & Heuning","description":"Bulk Handling Systems","publisher":{"@id":"https:\/\/jh.nl\/nl\/#organization"},"alternateName":"J&H","potentialAction":[{"@type":"SearchAction","target":{"@type":"EntryPoint","urlTemplate":"https:\/\/jh.nl\/nl\/?s={search_term_string}"},"query-input":{"@type":"PropertyValueSpecification","valueRequired":true,"valueName":"search_term_string"}}],"inLanguage":"de"},{"@type":"Organization","@id":"https:\/\/jh.nl\/nl\/#organization","name":"Jansen & Heuning","alternateName":"J&H","url":"https:\/\/jh.nl\/nl\/","logo":{"@type":"ImageObject","inLanguage":"de","@id":"https:\/\/jh.nl\/nl\/#\/schema\/logo\/image\/","url":"https:\/\/jh.nl\/wp-content\/uploads\/2022\/05\/JH-logo-scaled.gif","contentUrl":"https:\/\/jh.nl\/wp-content\/uploads\/2022\/05\/JH-logo-scaled.gif","width":2560,"height":429,"caption":"Jansen & Heuning"},"image":{"@id":"https:\/\/jh.nl\/nl\/#\/schema\/logo\/image\/"},"sameAs":["https:\/\/www.facebook.com\/JansenHeuning","https:\/\/www.youtube.com\/user\/JansenenHeuning\/featured","https:\/\/www.linkedin.com\/company\/1768497\/"]}]}},"_links":{"self":[{"href":"https:\/\/jh.nl\/de\/wp-json\/wp\/v2\/product\/21203","targetHints":{"allow":["GET"]}}],"collection":[{"href":"https:\/\/jh.nl\/de\/wp-json\/wp\/v2\/product"}],"about":[{"href":"https:\/\/jh.nl\/de\/wp-json\/wp\/v2\/types\/product"}],"replies":[{"embeddable":true,"href":"https:\/\/jh.nl\/de\/wp-json\/wp\/v2\/comments?post=21203"}],"wp:featuredmedia":[{"embeddable":true,"href":"https:\/\/jh.nl\/de\/wp-json\/wp\/v2\/media\/12587"}],"wp:attachment":[{"href":"https:\/\/jh.nl\/de\/wp-json\/wp\/v2\/media?parent=21203"}],"wp:term":[{"taxonomy":"product_brand","embeddable":true,"href":"https:\/\/jh.nl\/de\/wp-json\/wp\/v2\/product_brand?post=21203"},{"taxonomy":"product_cat","embeddable":true,"href":"https:\/\/jh.nl\/de\/wp-json\/wp\/v2\/product_cat?post=21203"},{"taxonomy":"product_tag","embeddable":true,"href":"https:\/\/jh.nl\/de\/wp-json\/wp\/v2\/product_tag?post=21203"}],"curies":[{"name":"wp","href":"https:\/\/api.w.org\/{rel}","templated":true}]}}