{"id":21259,"date":"2022-11-03T10:34:01","date_gmt":"2022-11-03T09:47:17","guid":{"rendered":"https:\/\/jh.nl\/?post_type=product&#038;p=21259"},"modified":"2025-03-28T09:20:32","modified_gmt":"2025-03-28T08:20:32","slug":"halbautomatische-big-bag-brecher","status":"publish","type":"product","link":"https:\/\/jh.nl\/de\/product\/halbautomatische-big-bag-brecher\/","title":{"rendered":"Halbautomatische Big-Bag-Brecher"},"content":{"rendered":"<p>Der halbautomatische Big-Bag-Brecher nutzt die Hubbewegung eines Gabelstaplers. Der Gabelstaplerfahrer bewegt den Big-Bag durch den Big-Bag-Aufbereiter und bedient die Brecherarme per Funksteuerung. Bei Bedarf kann der Big-Bag von der Seite (im rechten Winkel zur ersten Zerkleinerung) erneut behandelt werden.<br \/>\nDer station\u00e4re Big-Bag-Conditioner kann in verschiedenen Branchen eingesetzt werden. Sowohl die Chemie- und Lebensmittelindustrie als auch die Baubranche k\u00f6nnen vom Einsatz des halbautomatischen Big-Bag-Brechers profitieren. Diese Maschine ist darauf ausgelegt, komprimierte Materialien in Big-Bags effektiv aufzulockern, was zu einem effizienteren und schnelleren<\/p>\n<h3><b><strong>Technische Daten station\u00e4rer Big-Bag-Brecher<\/strong><\/b><\/h3>\n<ul>\n<li>Big-Bag-Brecher<\/li>\n<li>erh\u00f6hter Rahmen<\/li>\n<li>abnehmbare Abschirmung<\/li>\n<li>Funksteuerung f\u00fcr den Gabelstaplerfahrer<\/li>\n<li>Hydraulikaggregat (Stromversorgung erforderlich: 230\/400 Volt\/50 Hz)<\/li>\n<li>der gesamte Rahmen kann leicht mit einem Gabelstapler bewegt werden<\/li>\n<\/ul>\n<h3><b>So funktioniert der halbautomatische Big-Bag-Kneter<\/b><\/h3>\n<p>Der Big-Bag wird an den Schlaufen des Gabelstaplers befestigt und dann in die Maschine geh\u00e4ngt. Das Kneten erfolgt am besten von oben und wird \u00fcber vier oder f\u00fcnf Stellen entlang der H\u00f6he des Big-Bags verteilt, damit alle gro\u00dfen Klumpen geknetet werden.<\/p>\n<p>Eine Zerkleinerungsbewegung dauert etwa zehn Sekunden. Der Zyklus kann wiederholt werden, um den Big-Bag erneut zu zerkleinern. Sie k\u00f6nnen den Big-Bag um 90\u00b0 drehen, um ihn aus verschiedenen Winkeln zu zerkleinern.<\/p>\n<p>Sie k\u00f6nnen den Zyklus von der Seite wiederholen, um den Big-Bag erneut zu zerkleinern, und zwar im rechten Winkel zur ersten Richtung. So k\u00f6nnen Sie sicher sein, dass alle Klumpen aus dem Big-Bag entfernt wurden.<\/p>\n<h3><b>Hydraulikaggregat<\/b><\/h3>\n<ul>\n<li>Hydraulikschl\u00e4uche<\/li>\n<li>Hydraulikventil, elektrisch \u00fcber die Funkfernbedienung gesteuert<\/li>\n<\/ul>\n<h3><b>Sicherheit Big-Bag-Brecher, halbautomatisch<\/b><\/h3>\n<ul>\n<li>Die Maschine wird vom Gabelstaplerfahrer bedient, der einen guten Blick auf die Maschine hat<\/li>\n<li>Der Rahmen ist mit Stahlmatten gem\u00e4\u00df den aktuellen CE-Normen abgeschirmt<\/li>\n<\/ul>\n<h3><b>Verwandte Produkte<\/b><\/h3>\n<ul>\n<li style=\"list-style-type: none;\">\n<ul>\n<li>M\u00f6gliche Alternativen zum halbautomatischen Brecher sind der <a href=\"https:\/\/jh.nl\/de\/produkt\/bigbag-crusher\/\"><u>vollautomatische<\/u><\/a> oder der <a href=\"https:\/\/jh.nl\/de\/produkt\/mobile-crusher\/\"><u>mobile Brecher<\/u><\/a><\/li>\n<li>Weitere Produkte sind die <a href=\"https:\/\/jh.nl\/de\/produkt\/big-bag-fuellstationen\/\"><u>Bef\u00fcll-<\/u><\/a> und <a href=\"https:\/\/jh.nl\/de\/produkt\/big-bag-entleerstationen\/\"><u>Entladestationen<\/u><\/a> f\u00fcr Big-Bags<\/li>\n<\/ul>\n<\/li>\n<\/ul>\n<h3><strong>Kontakt<\/strong><\/h3>\n<p>F\u00fcr weitere Informationen oder ein ma\u00dfgeschneidertes Angebot wenden Sie sich bitte an Jansen&amp;Heuning:<\/p>\n<ul>\n<li>Telefon: <a href=\"callto:+310503126448\">+31(0)50 3126 448<\/a><\/li>\n<li>E-Mail: <a href=\"mailto:sales@jh.nl\">sales@jh.nl<\/a><\/li>\n<li>Kontaktformular: <a href=\"http:\/\/jh.nl\/de\/kontakt\">jh.nl\/de\/kontakt<\/a><\/li>\n<\/ul>\n<p><iframe title=\"Bigbag crusher (half\u2010automatic) - Jansen&amp;Heuning bulk handling systems\" width=\"500\" height=\"281\" src=\"https:\/\/www.youtube.com\/embed\/WGPfVd_zt0o?feature=oembed\" frameborder=\"0\" allow=\"accelerometer; autoplay; clipboard-write; encrypted-media; gyroscope; picture-in-picture; web-share\" referrerpolicy=\"strict-origin-when-cross-origin\" allowfullscreen><\/iframe><\/p>\n","protected":false},"excerpt":{"rendered":"<p>Der halbautomatische Big-Bag-Brecher nutzt die Hubbewegung eines Gabelstaplers. Der Gabelstaplerfahrer&#8230;<\/p>\n","protected":false},"featured_media":22348,"comment_status":"open","ping_status":"closed","template":"","meta":{"_acf_changed":false},"product_brand":[],"product_cat":[965],"product_tag":[],"class_list":{"0":"post-21259","1":"product","2":"type-product","3":"status-publish","4":"has-post-thumbnail","6":"product_cat-big-bag-brecher","8":"first","9":"instock","10":"taxable","11":"shipping-taxable","12":"product-type-simple"},"acf":[],"yoast_head":"<!-- This site is optimized with the Yoast SEO plugin v27.3 - https:\/\/yoast.com\/product\/yoast-seo-wordpress\/ -->\n<title>Halbautomatische Big-Bag-Brecher | Jansen&amp;Heuning<\/title>\n<meta name=\"description\" content=\"Der halbautomatische Big-Bag-Brecher von Jansen&amp;Heuning optimiert die Big-Bag-Verarbeitung und vereinfacht das Materialhandling in industriellen Anwendungen\" \/>\n<meta name=\"robots\" content=\"index, follow, max-snippet:-1, max-image-preview:large, max-video-preview:-1\" \/>\n<link rel=\"canonical\" href=\"https:\/\/jh.nl\/de\/product\/halbautomatische-big-bag-brecher\/\" \/>\n<meta property=\"og:locale\" content=\"de_DE\" \/>\n<meta property=\"og:type\" content=\"article\" \/>\n<meta property=\"og:title\" content=\"Halbautomatische Big-Bag-Brecher | Jansen&amp;Heuning\" \/>\n<meta property=\"og:description\" content=\"Der halbautomatische Big-Bag-Brecher von Jansen&amp;Heuning optimiert die Big-Bag-Verarbeitung und vereinfacht das Materialhandling in industriellen Anwendungen\" \/>\n<meta property=\"og:url\" content=\"https:\/\/jh.nl\/de\/product\/halbautomatische-big-bag-brecher\/\" \/>\n<meta property=\"og:site_name\" content=\"Jansen&amp;Heuning\" \/>\n<meta property=\"article:publisher\" content=\"https:\/\/www.facebook.com\/JansenHeuning\" \/>\n<meta property=\"article:modified_time\" content=\"2025-03-28T08:20:32+00:00\" \/>\n<meta property=\"og:image\" content=\"https:\/\/jh.nl\/wp-content\/uploads\/2022\/11\/Schermopname-150-1.jpg\" \/>\n\t<meta property=\"og:image:width\" content=\"1317\" \/>\n\t<meta property=\"og:image:height\" content=\"849\" \/>\n\t<meta property=\"og:image:type\" content=\"image\/jpeg\" \/>\n<meta name=\"twitter:card\" content=\"summary_large_image\" \/>\n<meta name=\"twitter:label1\" content=\"Gesch\u00e4tzte Lesezeit\" \/>\n\t<meta name=\"twitter:data1\" content=\"2\u00a0Minuten\" \/>\n<script type=\"application\/ld+json\" class=\"yoast-schema-graph\">{\"@context\":\"https:\\\/\\\/schema.org\",\"@graph\":[{\"@type\":\"WebPage\",\"@id\":\"https:\\\/\\\/jh.nl\\\/de\\\/product\\\/halbautomatische-big-bag-brecher\\\/\",\"url\":\"https:\\\/\\\/jh.nl\\\/de\\\/product\\\/halbautomatische-big-bag-brecher\\\/\",\"name\":\"Halbautomatische Big-Bag-Brecher | Jansen&Heuning\",\"isPartOf\":{\"@id\":\"https:\\\/\\\/jh.nl\\\/nl\\\/#website\"},\"primaryImageOfPage\":{\"@id\":\"https:\\\/\\\/jh.nl\\\/de\\\/product\\\/halbautomatische-big-bag-brecher\\\/#primaryimage\"},\"image\":{\"@id\":\"https:\\\/\\\/jh.nl\\\/de\\\/product\\\/halbautomatische-big-bag-brecher\\\/#primaryimage\"},\"thumbnailUrl\":\"https:\\\/\\\/jh.nl\\\/wp-content\\\/uploads\\\/2022\\\/11\\\/Schermopname-150-1.jpg\",\"datePublished\":\"2022-11-03T09:47:17+00:00\",\"dateModified\":\"2025-03-28T08:20:32+00:00\",\"description\":\"Der halbautomatische Big-Bag-Brecher von Jansen&Heuning optimiert die Big-Bag-Verarbeitung und vereinfacht das Materialhandling in industriellen Anwendungen\",\"breadcrumb\":{\"@id\":\"https:\\\/\\\/jh.nl\\\/de\\\/product\\\/halbautomatische-big-bag-brecher\\\/#breadcrumb\"},\"inLanguage\":\"de\",\"potentialAction\":[{\"@type\":\"ReadAction\",\"target\":[\"https:\\\/\\\/jh.nl\\\/de\\\/product\\\/halbautomatische-big-bag-brecher\\\/\"]}]},{\"@type\":\"ImageObject\",\"inLanguage\":\"de\",\"@id\":\"https:\\\/\\\/jh.nl\\\/de\\\/product\\\/halbautomatische-big-bag-brecher\\\/#primaryimage\",\"url\":\"https:\\\/\\\/jh.nl\\\/wp-content\\\/uploads\\\/2022\\\/11\\\/Schermopname-150-1.jpg\",\"contentUrl\":\"https:\\\/\\\/jh.nl\\\/wp-content\\\/uploads\\\/2022\\\/11\\\/Schermopname-150-1.jpg\",\"width\":1317,\"height\":849,\"caption\":\"The semi-automatic Bigbag Crusher by Jansen&Heuning streamlines bulk bag processing with efficiency and reliability.\"},{\"@type\":\"BreadcrumbList\",\"@id\":\"https:\\\/\\\/jh.nl\\\/de\\\/product\\\/halbautomatische-big-bag-brecher\\\/#breadcrumb\",\"itemListElement\":[{\"@type\":\"ListItem\",\"position\":1,\"name\":\"Home\",\"item\":\"https:\\\/\\\/jh.nl\\\/de\\\/\"},{\"@type\":\"ListItem\",\"position\":2,\"name\":\"Producten\",\"item\":\"https:\\\/\\\/jh.nl\\\/nl\\\/producten\\\/\"},{\"@type\":\"ListItem\",\"position\":3,\"name\":\"Big-Bag-Handling\",\"item\":\"https:\\\/\\\/jh.nl\\\/de\\\/produkt-kategorie\\\/bigbaghandling\\\/\"},{\"@type\":\"ListItem\",\"position\":4,\"name\":\"Big-Bag-Brecher\",\"item\":\"https:\\\/\\\/jh.nl\\\/de\\\/produkt-kategorie\\\/bigbaghandling\\\/big-bag-brecher\\\/\"},{\"@type\":\"ListItem\",\"position\":5,\"name\":\"Halbautomatische Big-Bag-Brecher\"}]},{\"@type\":\"WebSite\",\"@id\":\"https:\\\/\\\/jh.nl\\\/nl\\\/#website\",\"url\":\"https:\\\/\\\/jh.nl\\\/nl\\\/\",\"name\":\"Jansen & Heuning\",\"description\":\"Bulk Handling Systems\",\"publisher\":{\"@id\":\"https:\\\/\\\/jh.nl\\\/nl\\\/#organization\"},\"alternateName\":\"J&H\",\"potentialAction\":[{\"@type\":\"SearchAction\",\"target\":{\"@type\":\"EntryPoint\",\"urlTemplate\":\"https:\\\/\\\/jh.nl\\\/nl\\\/?s={search_term_string}\"},\"query-input\":{\"@type\":\"PropertyValueSpecification\",\"valueRequired\":true,\"valueName\":\"search_term_string\"}}],\"inLanguage\":\"de\"},{\"@type\":\"Organization\",\"@id\":\"https:\\\/\\\/jh.nl\\\/nl\\\/#organization\",\"name\":\"Jansen & Heuning\",\"alternateName\":\"J&H\",\"url\":\"https:\\\/\\\/jh.nl\\\/nl\\\/\",\"logo\":{\"@type\":\"ImageObject\",\"inLanguage\":\"de\",\"@id\":\"https:\\\/\\\/jh.nl\\\/nl\\\/#\\\/schema\\\/logo\\\/image\\\/\",\"url\":\"https:\\\/\\\/jh.nl\\\/wp-content\\\/uploads\\\/2022\\\/05\\\/JH-logo-scaled.gif\",\"contentUrl\":\"https:\\\/\\\/jh.nl\\\/wp-content\\\/uploads\\\/2022\\\/05\\\/JH-logo-scaled.gif\",\"width\":2560,\"height\":429,\"caption\":\"Jansen & Heuning\"},\"image\":{\"@id\":\"https:\\\/\\\/jh.nl\\\/nl\\\/#\\\/schema\\\/logo\\\/image\\\/\"},\"sameAs\":[\"https:\\\/\\\/www.facebook.com\\\/JansenHeuning\",\"https:\\\/\\\/www.youtube.com\\\/user\\\/JansenenHeuning\\\/featured\",\"https:\\\/\\\/www.linkedin.com\\\/company\\\/1768497\\\/\"]}]}<\/script>\n<!-- \/ Yoast SEO plugin. -->","yoast_head_json":{"title":"Halbautomatische Big-Bag-Brecher | Jansen&Heuning","description":"Der halbautomatische Big-Bag-Brecher von Jansen&Heuning optimiert die Big-Bag-Verarbeitung und vereinfacht das Materialhandling in industriellen Anwendungen","robots":{"index":"index","follow":"follow","max-snippet":"max-snippet:-1","max-image-preview":"max-image-preview:large","max-video-preview":"max-video-preview:-1"},"canonical":"https:\/\/jh.nl\/de\/product\/halbautomatische-big-bag-brecher\/","og_locale":"de_DE","og_type":"article","og_title":"Halbautomatische Big-Bag-Brecher | Jansen&Heuning","og_description":"Der halbautomatische Big-Bag-Brecher von Jansen&Heuning optimiert die Big-Bag-Verarbeitung und vereinfacht das Materialhandling in industriellen Anwendungen","og_url":"https:\/\/jh.nl\/de\/product\/halbautomatische-big-bag-brecher\/","og_site_name":"Jansen&amp;Heuning","article_publisher":"https:\/\/www.facebook.com\/JansenHeuning","article_modified_time":"2025-03-28T08:20:32+00:00","og_image":[{"width":1317,"height":849,"url":"https:\/\/jh.nl\/wp-content\/uploads\/2022\/11\/Schermopname-150-1.jpg","type":"image\/jpeg"}],"twitter_card":"summary_large_image","twitter_misc":{"Gesch\u00e4tzte Lesezeit":"2\u00a0Minuten"},"schema":{"@context":"https:\/\/schema.org","@graph":[{"@type":"WebPage","@id":"https:\/\/jh.nl\/de\/product\/halbautomatische-big-bag-brecher\/","url":"https:\/\/jh.nl\/de\/product\/halbautomatische-big-bag-brecher\/","name":"Halbautomatische Big-Bag-Brecher | Jansen&Heuning","isPartOf":{"@id":"https:\/\/jh.nl\/nl\/#website"},"primaryImageOfPage":{"@id":"https:\/\/jh.nl\/de\/product\/halbautomatische-big-bag-brecher\/#primaryimage"},"image":{"@id":"https:\/\/jh.nl\/de\/product\/halbautomatische-big-bag-brecher\/#primaryimage"},"thumbnailUrl":"https:\/\/jh.nl\/wp-content\/uploads\/2022\/11\/Schermopname-150-1.jpg","datePublished":"2022-11-03T09:47:17+00:00","dateModified":"2025-03-28T08:20:32+00:00","description":"Der halbautomatische Big-Bag-Brecher von Jansen&Heuning optimiert die Big-Bag-Verarbeitung und vereinfacht das Materialhandling in industriellen Anwendungen","breadcrumb":{"@id":"https:\/\/jh.nl\/de\/product\/halbautomatische-big-bag-brecher\/#breadcrumb"},"inLanguage":"de","potentialAction":[{"@type":"ReadAction","target":["https:\/\/jh.nl\/de\/product\/halbautomatische-big-bag-brecher\/"]}]},{"@type":"ImageObject","inLanguage":"de","@id":"https:\/\/jh.nl\/de\/product\/halbautomatische-big-bag-brecher\/#primaryimage","url":"https:\/\/jh.nl\/wp-content\/uploads\/2022\/11\/Schermopname-150-1.jpg","contentUrl":"https:\/\/jh.nl\/wp-content\/uploads\/2022\/11\/Schermopname-150-1.jpg","width":1317,"height":849,"caption":"The semi-automatic Bigbag Crusher by Jansen&Heuning streamlines bulk bag processing with efficiency and reliability."},{"@type":"BreadcrumbList","@id":"https:\/\/jh.nl\/de\/product\/halbautomatische-big-bag-brecher\/#breadcrumb","itemListElement":[{"@type":"ListItem","position":1,"name":"Home","item":"https:\/\/jh.nl\/de\/"},{"@type":"ListItem","position":2,"name":"Producten","item":"https:\/\/jh.nl\/nl\/producten\/"},{"@type":"ListItem","position":3,"name":"Big-Bag-Handling","item":"https:\/\/jh.nl\/de\/produkt-kategorie\/bigbaghandling\/"},{"@type":"ListItem","position":4,"name":"Big-Bag-Brecher","item":"https:\/\/jh.nl\/de\/produkt-kategorie\/bigbaghandling\/big-bag-brecher\/"},{"@type":"ListItem","position":5,"name":"Halbautomatische Big-Bag-Brecher"}]},{"@type":"WebSite","@id":"https:\/\/jh.nl\/nl\/#website","url":"https:\/\/jh.nl\/nl\/","name":"Jansen & Heuning","description":"Bulk Handling Systems","publisher":{"@id":"https:\/\/jh.nl\/nl\/#organization"},"alternateName":"J&H","potentialAction":[{"@type":"SearchAction","target":{"@type":"EntryPoint","urlTemplate":"https:\/\/jh.nl\/nl\/?s={search_term_string}"},"query-input":{"@type":"PropertyValueSpecification","valueRequired":true,"valueName":"search_term_string"}}],"inLanguage":"de"},{"@type":"Organization","@id":"https:\/\/jh.nl\/nl\/#organization","name":"Jansen & Heuning","alternateName":"J&H","url":"https:\/\/jh.nl\/nl\/","logo":{"@type":"ImageObject","inLanguage":"de","@id":"https:\/\/jh.nl\/nl\/#\/schema\/logo\/image\/","url":"https:\/\/jh.nl\/wp-content\/uploads\/2022\/05\/JH-logo-scaled.gif","contentUrl":"https:\/\/jh.nl\/wp-content\/uploads\/2022\/05\/JH-logo-scaled.gif","width":2560,"height":429,"caption":"Jansen & Heuning"},"image":{"@id":"https:\/\/jh.nl\/nl\/#\/schema\/logo\/image\/"},"sameAs":["https:\/\/www.facebook.com\/JansenHeuning","https:\/\/www.youtube.com\/user\/JansenenHeuning\/featured","https:\/\/www.linkedin.com\/company\/1768497\/"]}]}},"_links":{"self":[{"href":"https:\/\/jh.nl\/de\/wp-json\/wp\/v2\/product\/21259","targetHints":{"allow":["GET"]}}],"collection":[{"href":"https:\/\/jh.nl\/de\/wp-json\/wp\/v2\/product"}],"about":[{"href":"https:\/\/jh.nl\/de\/wp-json\/wp\/v2\/types\/product"}],"replies":[{"embeddable":true,"href":"https:\/\/jh.nl\/de\/wp-json\/wp\/v2\/comments?post=21259"}],"wp:featuredmedia":[{"embeddable":true,"href":"https:\/\/jh.nl\/de\/wp-json\/wp\/v2\/media\/22348"}],"wp:attachment":[{"href":"https:\/\/jh.nl\/de\/wp-json\/wp\/v2\/media?parent=21259"}],"wp:term":[{"taxonomy":"product_brand","embeddable":true,"href":"https:\/\/jh.nl\/de\/wp-json\/wp\/v2\/product_brand?post=21259"},{"taxonomy":"product_cat","embeddable":true,"href":"https:\/\/jh.nl\/de\/wp-json\/wp\/v2\/product_cat?post=21259"},{"taxonomy":"product_tag","embeddable":true,"href":"https:\/\/jh.nl\/de\/wp-json\/wp\/v2\/product_tag?post=21259"}],"curies":[{"name":"wp","href":"https:\/\/api.w.org\/{rel}","templated":true}]}}