{"id":21585,"date":"2022-12-20T11:40:41","date_gmt":"2023-01-23T08:51:48","guid":{"rendered":"https:\/\/jh.nl\/?post_type=product&#038;p=21585"},"modified":"2024-04-22T15:40:27","modified_gmt":"2024-04-22T13:40:27","slug":"saatgutreiniger","status":"publish","type":"product","link":"https:\/\/jh.nl\/de\/product\/saatgutreiniger\/","title":{"rendered":"Saatgutreiniger"},"content":{"rendered":"<p>Der Saatgutreiniger JHZS08 basiert auf dem jahrhundertealten Prinzip der Windsichten in Kombination mit Sch\u00fcttelsieben: &#8222;Die Spreu vom Weizen trennen&#8220;. Dieser Saatgutreiniger ist sehr einfach konstruiert und hat einen Rahmen aus resonanzbest\u00e4ndigen Holzplatten. Aus einem Scacht aus Stahl oder (optional) aus Edelstahl wird das Getreide \u00fcber die erste Siebschicht verteilt, die die groben Verunreinigungen abtrennt. In den folgenden zwei Sieblagen werden die feineren Unkrautsamen, Unterkorn und Sand abgeschieden, w\u00e4hrend ein konstanter Luftstrom die leichten Partikel wegbl\u00e4st. Das gereinigte Getreide verl\u00e4sst die Maschine dann \u00fcber einen zentralen Auslass an der R\u00fcckseite.<\/p>\n<p>Der Saatgutreiniger JHZS08 ist z.B. f\u00fcr den <strong>Ackerbauern<\/strong>, der sein eigenes Saatgut herstellen will, den <strong>Biobauern<\/strong>, der sein Erntegut f\u00fcr die Tierf\u00fctterung oder den Verkauf reinigen will, die Trennung von <b>Mischkulturen<\/b> wie Ackerbohnen und Weizen oder f\u00fcr andere Zielgruppen gedacht. Der Reiniger ist sowohl f\u00fcr traditionelles Getreide als auch f\u00fcr spezielle, kleine, leichte Samen, Blumensamen, Grassamen, Gem\u00fcsesamen und Kr\u00e4utersamen geeignet. Ein zus\u00e4tzlicher Vorteil des Saatgutreinigers ist, dass die Ernte beschleunigt werden kann und h\u00f6here (aber verunreinigte) Ertr\u00e4ge erzielt werden. Nach der Ernte fungiert der Reiniger als Ihr zweiter M\u00e4hdrescher.<\/p>\n<h3>Antrieb<\/h3>\n<p>Ein oder zwei Elektromotoren treiben sowohl den Zettwendermechanismus als auch das Schaufelrad an. In der Standardausf\u00fchrung wird ein 0,75-kW-Motor mit Keilriemenantrieb sowohl f\u00fcr das Zettwerk als auch f\u00fcr das Schaufelrad verwendet. Die Spezialversionen verwenden zwei Getriebemotoren, deren Geschwindigkeit \u00fcber die mitgelieferte Steuereinheit geregelt werden kann. Motor 1 (0,25 kW) ist f\u00fcr das Schaufelrad, Motor 2 (0,35 kW) ist f\u00fcr den Sch\u00fcttelmechanismus.<\/p>\n<h3>Modell<\/h3>\n<p>Die JHS800 ist die Basisversion mit einem einzigen Motor und einem Schacht und Sieben aus Stahl. Bei den Versionen aus rostfreiem Stahl sind der Schacht und die Siebe aus rostfreiem Stahl f\u00fcr die Verarbeitung von lebensmitteltauglichen Produkten gefertigt. Die Sonderausf\u00fchrungen haben zwei Getriebemotoren und einen Schaltkasten.<\/p>\n<h2>Merkmale Saatgutreiniger<\/h2>\n<ul>\n<li>Die Maschine kann mit mehr als 50 verschiedenen Gr\u00f6\u00dfen von perforierten Sieben (aus rostfreiem Stahl) mit runden und l\u00e4nglichen L\u00f6chern ausgestattet werden.<\/li>\n<li>\u00c4u\u00dferst geringer Stromverbrauch<\/li>\n<li>Einfache und transparente Kontrolle der Ergebnisse<\/li>\n<li>Siebe k\u00f6nnen schnell und einfach eingestellt und ausgetauscht werden<\/li>\n<li>Erfordert minimale Wartung<\/li>\n<li>Die durchschnittliche Kapazit\u00e4t bei Weizen betr\u00e4gt 1000-1600 kg pro Stunde<\/li>\n<li>Jede neue Maschine wird standardm\u00e4\u00dfig mit 3 Sieben Ihrer<\/li>\n<li>Wahl geliefert<\/li>\n<li>CE-Klassifizierung<\/li>\n<\/ul>\n<h2>\u00dcbersicht der verf\u00fcgbaren Modelle<\/h2>\n<table style=\"width: 55.4664%; height: 554px;\" border=\"1\">\n<tbody>\n<tr style=\"height: 48px;\">\n<td style=\"width: 18.8216%; height: 48px;\" width=\"110\"><\/td>\n<td style=\"width: 15.8756%; height: 48px;\" width=\"92\"><strong>JHZS08<\/strong><\/td>\n<td style=\"width: 17.1807%; height: 48px;\" width=\"92\"><strong>JHZS08-RVS<\/strong><\/td>\n<td style=\"width: 22.7538%; height: 48px;\" width=\"142\"><strong>JHZS08S<\/strong><\/td>\n<td style=\"width: 62.1146%; height: 48px;\" width=\"142\"><strong>JHZS08S-RVS<\/strong><\/td>\n<\/tr>\n<tr style=\"height: 48px;\">\n<td style=\"width: 18.8216%; height: 48px;\" width=\"110\"><b>Antrieb<\/b><\/td>\n<td style=\"width: 15.8756%; height: 48px;\" width=\"92\">1 motor<\/td>\n<td style=\"width: 17.1807%; height: 48px;\" width=\"92\">1 motor<\/td>\n<td style=\"width: 22.7538%; height: 48px;\" width=\"142\">2 Motoren frequenzgesteuert<\/td>\n<td style=\"width: 62.1146%; height: 48px;\" width=\"142\">2 Motoren frequenzgesteuert<\/td>\n<\/tr>\n<tr style=\"height: 72px;\">\n<td style=\"width: 18.8216%; height: 72px;\" width=\"110\"><strong>Luftstromeinstellung<\/strong><\/td>\n<td style=\"width: 15.8756%; height: 72px;\" width=\"92\">4 manuelle Klappen<\/td>\n<td style=\"width: 17.1807%; height: 72px;\" width=\"92\">4 manuelle Klappen<\/td>\n<td style=\"width: 22.7538%; height: 72px;\" width=\"142\">Frequenzgesteuert 0-100 %<\/td>\n<td style=\"width: 62.1146%; height: 72px;\" width=\"142\">Frequenzgesteuert 0-100 %<\/td>\n<\/tr>\n<tr style=\"height: 48px;\">\n<td style=\"width: 18.8216%; height: 27px;\" width=\"110\"><strong>Geschwindigkeit der Siebdecks<\/strong><\/td>\n<td style=\"width: 15.8756%; height: 27px;\" width=\"92\">Fest<\/td>\n<td style=\"width: 17.1807%; height: 27px;\" width=\"92\">Fest<\/td>\n<td style=\"width: 22.7538%; height: 27px;\" width=\"142\">Frequenzgesteuert 0-100%<\/td>\n<td style=\"width: 62.1146%; height: 27px;\" width=\"142\">Frequenzgesteuert<br \/>\n0-100%<\/td>\n<\/tr>\n<tr style=\"height: 48px;\">\n<td style=\"width: 18.8216%; height: 48px;\" width=\"110\"><strong>Winkel des oberen Siebes<\/strong><\/td>\n<td style=\"width: 15.8756%; height: 48px;\" width=\"92\">2 positionen<\/td>\n<td style=\"width: 17.1807%; height: 48px;\" width=\"92\">0-10 Grad<\/td>\n<td style=\"width: 22.7538%; height: 48px;\" width=\"142\">0-10 Grad<\/td>\n<td style=\"width: 62.1146%; height: 48px;\" width=\"142\">0-10 Grad<\/td>\n<\/tr>\n<tr style=\"height: 48px;\">\n<td style=\"width: 18.8216%; height: 48px;\" width=\"110\"><strong>Winkel des mittleren Siebes <\/strong><\/td>\n<td style=\"width: 15.8756%; height: 48px;\" width=\"92\">1 position<\/td>\n<td style=\"width: 17.1807%; height: 48px;\" width=\"92\">0-10 Grad<\/td>\n<td style=\"width: 22.7538%; height: 48px;\" width=\"142\">0-10 Grad<\/td>\n<td style=\"width: 62.1146%; height: 48px;\" width=\"142\">0-10 Grad<\/td>\n<\/tr>\n<tr style=\"height: 48px;\">\n<td style=\"width: 18.8216%; height: 48px;\" width=\"110\"><strong>Winkel des unteren Siebs <\/strong><\/td>\n<td style=\"width: 15.8756%; height: 48px;\" width=\"92\">2 positionen<\/td>\n<td style=\"width: 17.1807%; height: 48px;\" width=\"92\">3 positionen<\/td>\n<td style=\"width: 22.7538%; height: 48px;\" width=\"142\">2 positionen<\/td>\n<td style=\"width: 62.1146%; height: 48px;\" width=\"142\">3 positionen<\/td>\n<\/tr>\n<tr style=\"height: 120px;\">\n<td style=\"width: 18.8216%; height: 120px;\" width=\"110\"><strong>Einlauftrichter und Siebabdeckungen aus rostfreiem Stahl<\/strong><\/td>\n<td style=\"width: 15.8756%; height: 120px;\" width=\"92\">Nein<\/td>\n<td style=\"width: 17.1807%; height: 120px;\" width=\"92\">Ja<\/td>\n<td style=\"width: 22.7538%; height: 120px;\" width=\"142\">Nein<\/td>\n<td style=\"width: 62.1146%; height: 120px;\" width=\"142\">Ja<\/td>\n<\/tr>\n<tr style=\"height: 95px;\">\n<td style=\"width: 18.8216%; height: 95px;\" width=\"110\"><strong>Gewicht<\/strong><\/td>\n<td style=\"width: 15.8756%; height: 95px;\" width=\"92\">115 kg<\/td>\n<td style=\"width: 17.1807%; height: 95px;\" width=\"92\">130 kg<\/td>\n<td style=\"width: 22.7538%; height: 95px;\" width=\"142\">140 kg<\/td>\n<td style=\"width: 62.1146%; height: 95px;\" width=\"142\">140 kg<\/td>\n<\/tr>\n<\/tbody>\n<\/table>\n<h2>Optionen<\/h2>\n<p>Die folgenden Optionen sind f\u00fcr die JHZS08-Serie erh\u00e4ltlich:<\/p>\n<ul>\n<li><strong>zus\u00e4tzliche Siebe<\/strong><\/li>\n<li><strong>Rv &#8211; runde L\u00f6cher des Siebes<\/strong><\/li>\n<\/ul>\n<p>Durchmesser Rundl\u00f6cher \u00d8 (mm):<\/p>\n<p>1,5 \/ 2,0 \/ 2,5 \/ 3,0 \/ 3,5 \/ 4,0 \/ 4,5 \/ 5,0 \/ 5,5 \/ 6,0 \/ 6,5 \/ 7,0 \/ 7,5 \/ 8,0 \/ 8,5 \/ 9,0 \/ 10,0 \/ 11,0 \/ 12,0 \/ 13,0 \/ 14,0 \/ 16,0 \/ 17,0 \/ 18,0<\/p>\n<ul>\n<li><strong>Lv &#8211; Langl\u00f6cher des Siebes<\/strong><\/li>\n<\/ul>\n<p>Gr\u00f6\u00dfe der Schlitze Breite\/L\u00e4nge \u2260 (mm):<\/p>\n<p>1,0 x 20 \/ 1,2 x 20 \/ 1,4 x 20 \/ 1,5 x 20 \/ 1,8 x 20 \/ 2,0 x 20<\/p>\n<p>\/ 2,2 x 20 \/ 2,4 x 20 \/ 2,5 x 20 \/ 2,8 x 20 \/ 3,0 x 20 \/ 3,2 x 20 \/ 3,5 x 20 \/ 3,8 x 20 \/ 4,0 x 20 \/ 4,5 x 20 \/ 5,0 x 20 \/ 6,0 x 20 \/ 7,0 x 20 \/ 8,0 x 20<\/p>\n<ul>\n<li><strong>Sch\u00e4chte<\/strong><\/li>\n<li><strong>Abdeckung f\u00fcr die gesamte Maschine<\/strong><\/li>\n<\/ul>\n<h2>Funktionprinzip Saatgutreiniger JHZS08<\/h2>\n<p><img fetchpriority=\"high\" decoding=\"async\" class=\"alignnone size-large wp-image-21341\" src=\"https:\/\/jh.nl\/wp-content\/uploads\/2022\/12\/zaadreiniger-1024x667.jpg\" alt=\"\" width=\"1024\" height=\"667\" srcset=\"https:\/\/jh.nl\/wp-content\/uploads\/2022\/12\/zaadreiniger-1024x667.jpg 1024w, https:\/\/jh.nl\/wp-content\/uploads\/2022\/12\/zaadreiniger-300x195.jpg 300w, https:\/\/jh.nl\/wp-content\/uploads\/2022\/12\/zaadreiniger-768x500.jpg 768w, https:\/\/jh.nl\/wp-content\/uploads\/2022\/12\/zaadreiniger-600x391.jpg 600w, https:\/\/jh.nl\/wp-content\/uploads\/2022\/12\/zaadreiniger-400x260.jpg 400w, https:\/\/jh.nl\/wp-content\/uploads\/2022\/12\/zaadreiniger.jpg 1035w\" sizes=\"(max-width: 1024px) 100vw, 1024px\" \/><\/p>\n<h2>Video-Saatgutreiniger JHZS08<\/h2>\n<div style=\"width: 1920px;\" class=\"wp-video\"><video class=\"wp-video-shortcode\" id=\"video-21585-1\" width=\"1920\" height=\"1080\" preload=\"metadata\" controls=\"controls\"><source type=\"video\/mp4\" src=\"https:\/\/jh.nl\/wp-content\/uploads\/2022\/12\/Zaadreiniger-Made-with-Clipchamp.mp4?_=1\" \/><a href=\"https:\/\/jh.nl\/wp-content\/uploads\/2022\/12\/Zaadreiniger-Made-with-Clipchamp.mp4\">https:\/\/jh.nl\/wp-content\/uploads\/2022\/12\/Zaadreiniger-Made-with-Clipchamp.mp4<\/a><\/video><\/div>\n<p>&nbsp;<\/p>\n","protected":false},"excerpt":{"rendered":"<p>Der Saatgutreiniger JHZS08 basiert auf dem jahrhundertealten Prinzip der Windsichten&#8230;<\/p>\n","protected":false},"featured_media":21500,"comment_status":"open","ping_status":"closed","template":"","meta":{"_acf_changed":false},"product_brand":[],"product_cat":[334],"product_tag":[],"class_list":{"0":"post-21585","1":"product","2":"type-product","3":"status-publish","4":"has-post-thumbnail","6":"product_cat-getreide-und-saatgut-reinigung","8":"first","9":"instock","10":"taxable","11":"shipping-taxable","12":"product-type-simple"},"acf":[],"yoast_head":"<!-- This site is optimized with the Yoast SEO plugin v27.4 - https:\/\/yoast.com\/product\/yoast-seo-wordpress\/ -->\n<title>Saatgutreiniger | Jansen&amp;Heuning<\/title>\n<meta name=\"description\" content=\"Saatgutreiniger | Jansen&amp;Heuning\" \/>\n<meta name=\"robots\" content=\"index, follow, max-snippet:-1, max-image-preview:large, max-video-preview:-1\" \/>\n<link rel=\"canonical\" href=\"https:\/\/jh.nl\/de\/product\/saatgutreiniger\/\" \/>\n<meta property=\"og:locale\" content=\"de_DE\" \/>\n<meta property=\"og:type\" content=\"article\" \/>\n<meta property=\"og:title\" content=\"Saatgutreiniger | Jansen&amp;Heuning\" \/>\n<meta property=\"og:description\" content=\"Saatgutreiniger | Jansen&amp;Heuning\" \/>\n<meta property=\"og:url\" content=\"https:\/\/jh.nl\/de\/product\/saatgutreiniger\/\" \/>\n<meta property=\"og:site_name\" content=\"Jansen&amp;Heuning\" \/>\n<meta property=\"article:publisher\" content=\"https:\/\/www.facebook.com\/JansenHeuning\" \/>\n<meta property=\"article:modified_time\" content=\"2024-04-22T13:40:27+00:00\" \/>\n<meta property=\"og:image\" content=\"https:\/\/jh.nl\/wp-content\/uploads\/2022\/12\/Untitled-Project-6.jpg\" \/>\n\t<meta property=\"og:image:width\" content=\"500\" \/>\n\t<meta property=\"og:image:height\" content=\"500\" \/>\n\t<meta property=\"og:image:type\" content=\"image\/jpeg\" \/>\n<meta name=\"twitter:card\" content=\"summary_large_image\" \/>\n<meta name=\"twitter:label1\" content=\"Gesch\u00e4tzte Lesezeit\" \/>\n\t<meta name=\"twitter:data1\" content=\"3\u00a0Minuten\" \/>\n<script type=\"application\/ld+json\" class=\"yoast-schema-graph\">{\"@context\":\"https:\\\/\\\/schema.org\",\"@graph\":[{\"@type\":\"WebPage\",\"@id\":\"https:\\\/\\\/jh.nl\\\/de\\\/product\\\/saatgutreiniger\\\/\",\"url\":\"https:\\\/\\\/jh.nl\\\/de\\\/product\\\/saatgutreiniger\\\/\",\"name\":\"Saatgutreiniger | Jansen&amp;Heuning\",\"isPartOf\":{\"@id\":\"https:\\\/\\\/jh.nl\\\/nl\\\/#website\"},\"primaryImageOfPage\":{\"@id\":\"https:\\\/\\\/jh.nl\\\/de\\\/product\\\/saatgutreiniger\\\/#primaryimage\"},\"image\":{\"@id\":\"https:\\\/\\\/jh.nl\\\/de\\\/product\\\/saatgutreiniger\\\/#primaryimage\"},\"thumbnailUrl\":\"https:\\\/\\\/jh.nl\\\/wp-content\\\/uploads\\\/2022\\\/12\\\/Untitled-Project-6.jpg\",\"datePublished\":\"2023-01-23T08:51:48+00:00\",\"dateModified\":\"2024-04-22T13:40:27+00:00\",\"description\":\"Saatgutreiniger | Jansen&amp;Heuning\",\"breadcrumb\":{\"@id\":\"https:\\\/\\\/jh.nl\\\/de\\\/product\\\/saatgutreiniger\\\/#breadcrumb\"},\"inLanguage\":\"de\",\"potentialAction\":[{\"@type\":\"ReadAction\",\"target\":[\"https:\\\/\\\/jh.nl\\\/de\\\/product\\\/saatgutreiniger\\\/\"]}]},{\"@type\":\"ImageObject\",\"inLanguage\":\"de\",\"@id\":\"https:\\\/\\\/jh.nl\\\/de\\\/product\\\/saatgutreiniger\\\/#primaryimage\",\"url\":\"https:\\\/\\\/jh.nl\\\/wp-content\\\/uploads\\\/2022\\\/12\\\/Untitled-Project-6.jpg\",\"contentUrl\":\"https:\\\/\\\/jh.nl\\\/wp-content\\\/uploads\\\/2022\\\/12\\\/Untitled-Project-6.jpg\",\"width\":500,\"height\":500,\"caption\":\"Zaadreiniger op basis van wanmolen en schudzeven\"},{\"@type\":\"BreadcrumbList\",\"@id\":\"https:\\\/\\\/jh.nl\\\/de\\\/product\\\/saatgutreiniger\\\/#breadcrumb\",\"itemListElement\":[{\"@type\":\"ListItem\",\"position\":1,\"name\":\"Home\",\"item\":\"https:\\\/\\\/jh.nl\\\/de\\\/\"},{\"@type\":\"ListItem\",\"position\":2,\"name\":\"Producten\",\"item\":\"https:\\\/\\\/jh.nl\\\/nl\\\/producten\\\/\"},{\"@type\":\"ListItem\",\"position\":3,\"name\":\"Getreidetechnik\",\"item\":\"https:\\\/\\\/jh.nl\\\/de\\\/produkt-kategorie\\\/getreidetechnik\\\/\"},{\"@type\":\"ListItem\",\"position\":4,\"name\":\"Getreide und Saatgut reinigung\",\"item\":\"https:\\\/\\\/jh.nl\\\/de\\\/produkt-kategorie\\\/getreidetechnik\\\/getreide-und-saatgut-reinigung\\\/\"},{\"@type\":\"ListItem\",\"position\":5,\"name\":\"Saatgutreiniger\"}]},{\"@type\":\"WebSite\",\"@id\":\"https:\\\/\\\/jh.nl\\\/nl\\\/#website\",\"url\":\"https:\\\/\\\/jh.nl\\\/nl\\\/\",\"name\":\"Jansen & Heuning\",\"description\":\"Bulk Handling Systems\",\"publisher\":{\"@id\":\"https:\\\/\\\/jh.nl\\\/nl\\\/#organization\"},\"alternateName\":\"J&H\",\"potentialAction\":[{\"@type\":\"SearchAction\",\"target\":{\"@type\":\"EntryPoint\",\"urlTemplate\":\"https:\\\/\\\/jh.nl\\\/nl\\\/?s={search_term_string}\"},\"query-input\":{\"@type\":\"PropertyValueSpecification\",\"valueRequired\":true,\"valueName\":\"search_term_string\"}}],\"inLanguage\":\"de\"},{\"@type\":\"Organization\",\"@id\":\"https:\\\/\\\/jh.nl\\\/nl\\\/#organization\",\"name\":\"Jansen & Heuning\",\"alternateName\":\"J&H\",\"url\":\"https:\\\/\\\/jh.nl\\\/nl\\\/\",\"logo\":{\"@type\":\"ImageObject\",\"inLanguage\":\"de\",\"@id\":\"https:\\\/\\\/jh.nl\\\/nl\\\/#\\\/schema\\\/logo\\\/image\\\/\",\"url\":\"https:\\\/\\\/jh.nl\\\/wp-content\\\/uploads\\\/2022\\\/05\\\/JH-logo-scaled.gif\",\"contentUrl\":\"https:\\\/\\\/jh.nl\\\/wp-content\\\/uploads\\\/2022\\\/05\\\/JH-logo-scaled.gif\",\"width\":2560,\"height\":429,\"caption\":\"Jansen & Heuning\"},\"image\":{\"@id\":\"https:\\\/\\\/jh.nl\\\/nl\\\/#\\\/schema\\\/logo\\\/image\\\/\"},\"sameAs\":[\"https:\\\/\\\/www.facebook.com\\\/JansenHeuning\",\"https:\\\/\\\/www.youtube.com\\\/user\\\/JansenenHeuning\\\/featured\",\"https:\\\/\\\/www.linkedin.com\\\/company\\\/1768497\\\/\"]}]}<\/script>\n<!-- \/ Yoast SEO plugin. -->","yoast_head_json":{"title":"Saatgutreiniger | Jansen&amp;Heuning","description":"Saatgutreiniger | Jansen&amp;Heuning","robots":{"index":"index","follow":"follow","max-snippet":"max-snippet:-1","max-image-preview":"max-image-preview:large","max-video-preview":"max-video-preview:-1"},"canonical":"https:\/\/jh.nl\/de\/product\/saatgutreiniger\/","og_locale":"de_DE","og_type":"article","og_title":"Saatgutreiniger | Jansen&amp;Heuning","og_description":"Saatgutreiniger | Jansen&amp;Heuning","og_url":"https:\/\/jh.nl\/de\/product\/saatgutreiniger\/","og_site_name":"Jansen&amp;Heuning","article_publisher":"https:\/\/www.facebook.com\/JansenHeuning","article_modified_time":"2024-04-22T13:40:27+00:00","og_image":[{"width":500,"height":500,"url":"https:\/\/jh.nl\/wp-content\/uploads\/2022\/12\/Untitled-Project-6.jpg","type":"image\/jpeg"}],"twitter_card":"summary_large_image","twitter_misc":{"Gesch\u00e4tzte Lesezeit":"3\u00a0Minuten"},"schema":{"@context":"https:\/\/schema.org","@graph":[{"@type":"WebPage","@id":"https:\/\/jh.nl\/de\/product\/saatgutreiniger\/","url":"https:\/\/jh.nl\/de\/product\/saatgutreiniger\/","name":"Saatgutreiniger | Jansen&amp;Heuning","isPartOf":{"@id":"https:\/\/jh.nl\/nl\/#website"},"primaryImageOfPage":{"@id":"https:\/\/jh.nl\/de\/product\/saatgutreiniger\/#primaryimage"},"image":{"@id":"https:\/\/jh.nl\/de\/product\/saatgutreiniger\/#primaryimage"},"thumbnailUrl":"https:\/\/jh.nl\/wp-content\/uploads\/2022\/12\/Untitled-Project-6.jpg","datePublished":"2023-01-23T08:51:48+00:00","dateModified":"2024-04-22T13:40:27+00:00","description":"Saatgutreiniger | Jansen&amp;Heuning","breadcrumb":{"@id":"https:\/\/jh.nl\/de\/product\/saatgutreiniger\/#breadcrumb"},"inLanguage":"de","potentialAction":[{"@type":"ReadAction","target":["https:\/\/jh.nl\/de\/product\/saatgutreiniger\/"]}]},{"@type":"ImageObject","inLanguage":"de","@id":"https:\/\/jh.nl\/de\/product\/saatgutreiniger\/#primaryimage","url":"https:\/\/jh.nl\/wp-content\/uploads\/2022\/12\/Untitled-Project-6.jpg","contentUrl":"https:\/\/jh.nl\/wp-content\/uploads\/2022\/12\/Untitled-Project-6.jpg","width":500,"height":500,"caption":"Zaadreiniger op basis van wanmolen en schudzeven"},{"@type":"BreadcrumbList","@id":"https:\/\/jh.nl\/de\/product\/saatgutreiniger\/#breadcrumb","itemListElement":[{"@type":"ListItem","position":1,"name":"Home","item":"https:\/\/jh.nl\/de\/"},{"@type":"ListItem","position":2,"name":"Producten","item":"https:\/\/jh.nl\/nl\/producten\/"},{"@type":"ListItem","position":3,"name":"Getreidetechnik","item":"https:\/\/jh.nl\/de\/produkt-kategorie\/getreidetechnik\/"},{"@type":"ListItem","position":4,"name":"Getreide und Saatgut reinigung","item":"https:\/\/jh.nl\/de\/produkt-kategorie\/getreidetechnik\/getreide-und-saatgut-reinigung\/"},{"@type":"ListItem","position":5,"name":"Saatgutreiniger"}]},{"@type":"WebSite","@id":"https:\/\/jh.nl\/nl\/#website","url":"https:\/\/jh.nl\/nl\/","name":"Jansen & Heuning","description":"Bulk Handling Systems","publisher":{"@id":"https:\/\/jh.nl\/nl\/#organization"},"alternateName":"J&H","potentialAction":[{"@type":"SearchAction","target":{"@type":"EntryPoint","urlTemplate":"https:\/\/jh.nl\/nl\/?s={search_term_string}"},"query-input":{"@type":"PropertyValueSpecification","valueRequired":true,"valueName":"search_term_string"}}],"inLanguage":"de"},{"@type":"Organization","@id":"https:\/\/jh.nl\/nl\/#organization","name":"Jansen & Heuning","alternateName":"J&H","url":"https:\/\/jh.nl\/nl\/","logo":{"@type":"ImageObject","inLanguage":"de","@id":"https:\/\/jh.nl\/nl\/#\/schema\/logo\/image\/","url":"https:\/\/jh.nl\/wp-content\/uploads\/2022\/05\/JH-logo-scaled.gif","contentUrl":"https:\/\/jh.nl\/wp-content\/uploads\/2022\/05\/JH-logo-scaled.gif","width":2560,"height":429,"caption":"Jansen & Heuning"},"image":{"@id":"https:\/\/jh.nl\/nl\/#\/schema\/logo\/image\/"},"sameAs":["https:\/\/www.facebook.com\/JansenHeuning","https:\/\/www.youtube.com\/user\/JansenenHeuning\/featured","https:\/\/www.linkedin.com\/company\/1768497\/"]}]}},"_links":{"self":[{"href":"https:\/\/jh.nl\/de\/wp-json\/wp\/v2\/product\/21585","targetHints":{"allow":["GET"]}}],"collection":[{"href":"https:\/\/jh.nl\/de\/wp-json\/wp\/v2\/product"}],"about":[{"href":"https:\/\/jh.nl\/de\/wp-json\/wp\/v2\/types\/product"}],"replies":[{"embeddable":true,"href":"https:\/\/jh.nl\/de\/wp-json\/wp\/v2\/comments?post=21585"}],"wp:featuredmedia":[{"embeddable":true,"href":"https:\/\/jh.nl\/de\/wp-json\/wp\/v2\/media\/21500"}],"wp:attachment":[{"href":"https:\/\/jh.nl\/de\/wp-json\/wp\/v2\/media?parent=21585"}],"wp:term":[{"taxonomy":"product_brand","embeddable":true,"href":"https:\/\/jh.nl\/de\/wp-json\/wp\/v2\/product_brand?post=21585"},{"taxonomy":"product_cat","embeddable":true,"href":"https:\/\/jh.nl\/de\/wp-json\/wp\/v2\/product_cat?post=21585"},{"taxonomy":"product_tag","embeddable":true,"href":"https:\/\/jh.nl\/de\/wp-json\/wp\/v2\/product_tag?post=21585"}],"curies":[{"name":"wp","href":"https:\/\/api.w.org\/{rel}","templated":true}]}}