{"id":22690,"date":"2023-11-08T08:22:30","date_gmt":"2023-11-08T07:22:30","guid":{"rendered":"https:\/\/jh.nl\/product\/trl-4kw-ventilator\/"},"modified":"2023-11-08T08:45:22","modified_gmt":"2023-11-08T07:45:22","slug":"trl-4kw-ventilator","status":"publish","type":"product","link":"https:\/\/jh.nl\/de\/product\/trl-4kw-ventilator\/","title":{"rendered":"Gro\u00dfe Anzahl von TRL-Ventilatoren (4kW)"},"content":{"rendered":"<p><strong>Eine gro\u00dfe Anzahl von gebrauchten TRL-Ventilatoren zu verkaufen!<\/strong> Die gebrauchten Ventilatoren wurden \u00fcberholt und sehen sauber und ordentlich aus. Spezifikationen:<\/p>\n<ul style=\"list-style-type: square;\">\n<li>Motorleistung 4 kW<\/li>\n<li>Durchflussmenge max. 8500 m3 bei 100 mmwk<\/li>\n<li>Tiefe 605 mm<\/li>\n<li>Breite 644 mm<\/li>\n<li>H\u00f6he 780 mm<\/li>\n<li>Auslass \u00d8300 mm<\/li>\n<li>mit Regenhaube f\u00fcr Motor<\/li>\n<li>verzinkte Oberfl\u00e4chenbehandlung<\/li>\n<li>Lieferung ohne Elektrik<\/li>\n<\/ul>\n<p>Der TLR-Ventilator eignet sich f\u00fcr die Bel\u00fcftung und Trocknung kleiner Getreidepartien. Er kann auch f\u00fcr die Bel\u00fcftung von Getreide in dicken Schichten eingesetzt werden, da dieser Typ einen noch gr\u00f6\u00dferen Gegendruck bei etwas geringerer Luftmenge \u00fcberwinden kann.<\/p>\n<ul style=\"list-style-type: square;\">\n<li>feuerverzinkt<\/li>\n<li>liefert hohen Druck<\/li>\n<li>niedriger Ger\u00e4uschpegel<\/li>\n<li>geringer Energieverbrauch<\/li>\n<li>verschiedene Steigungen von eckig bis rund<\/li>\n<li>auch mit Schalld\u00e4mpfer erh\u00e4ltlich<\/li>\n<li>W\u00e4rmeschutz + Schalter als Option<\/li>\n<\/ul>\n","protected":false},"excerpt":{"rendered":"<p>Eine gro\u00dfe Anzahl von gebrauchten TRL-Ventilatoren zu verkaufen! Die gebrauchten&#8230;<\/p>\n","protected":false},"featured_media":22678,"comment_status":"open","ping_status":"closed","template":"","meta":{"_acf_changed":false},"product_brand":[],"product_cat":[911],"product_tag":[],"class_list":{"0":"post-22690","1":"product","2":"type-product","3":"status-publish","4":"has-post-thumbnail","6":"product_cat-gebrauchte-maschinen","8":"first","9":"instock","10":"taxable","11":"shipping-taxable","12":"product-type-simple"},"acf":[],"yoast_head":"<!-- This site is optimized with the Yoast SEO plugin v27.4 - https:\/\/yoast.com\/product\/yoast-seo-wordpress\/ -->\n<title>Gro\u00dfe Anzahl von TRL-Ventilatoren (4kW) | Jansen&amp;Heuning<\/title>\n<meta name=\"description\" content=\"Gro\u00dfe Anzahl von TRL-Ventilatoren (4kW) | Jansen&amp;Heuning\" \/>\n<meta name=\"robots\" content=\"index, follow, max-snippet:-1, max-image-preview:large, max-video-preview:-1\" \/>\n<link rel=\"canonical\" href=\"https:\/\/jh.nl\/de\/product\/trl-4kw-ventilator\/\" \/>\n<meta property=\"og:locale\" content=\"de_DE\" \/>\n<meta property=\"og:type\" content=\"article\" \/>\n<meta property=\"og:title\" content=\"Gro\u00dfe Anzahl von TRL-Ventilatoren (4kW) | Jansen&amp;Heuning\" \/>\n<meta property=\"og:description\" content=\"Gro\u00dfe Anzahl von TRL-Ventilatoren (4kW) | Jansen&amp;Heuning\" \/>\n<meta property=\"og:url\" content=\"https:\/\/jh.nl\/de\/product\/trl-4kw-ventilator\/\" \/>\n<meta property=\"og:site_name\" content=\"Jansen&amp;Heuning\" \/>\n<meta property=\"article:publisher\" content=\"https:\/\/www.facebook.com\/JansenHeuning\" \/>\n<meta property=\"article:modified_time\" content=\"2023-11-08T07:45:22+00:00\" \/>\n<meta property=\"og:image\" content=\"https:\/\/jh.nl\/wp-content\/uploads\/2023\/11\/WhatsApp-Image-2023-11-08-at-08.24.07-3.jpeg\" \/>\n\t<meta property=\"og:image:width\" content=\"1500\" \/>\n\t<meta property=\"og:image:height\" content=\"2000\" \/>\n\t<meta property=\"og:image:type\" content=\"image\/jpeg\" \/>\n<meta name=\"twitter:card\" content=\"summary_large_image\" \/>\n<meta name=\"twitter:label1\" content=\"Gesch\u00e4tzte Lesezeit\" \/>\n\t<meta name=\"twitter:data1\" content=\"1\u00a0Minute\" \/>\n<script type=\"application\/ld+json\" class=\"yoast-schema-graph\">{\"@context\":\"https:\\\/\\\/schema.org\",\"@graph\":[{\"@type\":\"WebPage\",\"@id\":\"https:\\\/\\\/jh.nl\\\/de\\\/product\\\/trl-4kw-ventilator\\\/\",\"url\":\"https:\\\/\\\/jh.nl\\\/de\\\/product\\\/trl-4kw-ventilator\\\/\",\"name\":\"Gro\u00dfe Anzahl von TRL-Ventilatoren (4kW) | Jansen&amp;Heuning\",\"isPartOf\":{\"@id\":\"https:\\\/\\\/jh.nl\\\/nl\\\/#website\"},\"primaryImageOfPage\":{\"@id\":\"https:\\\/\\\/jh.nl\\\/de\\\/product\\\/trl-4kw-ventilator\\\/#primaryimage\"},\"image\":{\"@id\":\"https:\\\/\\\/jh.nl\\\/de\\\/product\\\/trl-4kw-ventilator\\\/#primaryimage\"},\"thumbnailUrl\":\"https:\\\/\\\/jh.nl\\\/wp-content\\\/uploads\\\/2023\\\/11\\\/WhatsApp-Image-2023-11-08-at-08.24.07-3.jpeg\",\"datePublished\":\"2023-11-08T07:22:30+00:00\",\"dateModified\":\"2023-11-08T07:45:22+00:00\",\"description\":\"Gro\u00dfe Anzahl von TRL-Ventilatoren (4kW) | Jansen&amp;Heuning\",\"breadcrumb\":{\"@id\":\"https:\\\/\\\/jh.nl\\\/de\\\/product\\\/trl-4kw-ventilator\\\/#breadcrumb\"},\"inLanguage\":\"de\",\"potentialAction\":[{\"@type\":\"ReadAction\",\"target\":[\"https:\\\/\\\/jh.nl\\\/de\\\/product\\\/trl-4kw-ventilator\\\/\"]}]},{\"@type\":\"ImageObject\",\"inLanguage\":\"de\",\"@id\":\"https:\\\/\\\/jh.nl\\\/de\\\/product\\\/trl-4kw-ventilator\\\/#primaryimage\",\"url\":\"https:\\\/\\\/jh.nl\\\/wp-content\\\/uploads\\\/2023\\\/11\\\/WhatsApp-Image-2023-11-08-at-08.24.07-3.jpeg\",\"contentUrl\":\"https:\\\/\\\/jh.nl\\\/wp-content\\\/uploads\\\/2023\\\/11\\\/WhatsApp-Image-2023-11-08-at-08.24.07-3.jpeg\",\"width\":1500,\"height\":2000},{\"@type\":\"BreadcrumbList\",\"@id\":\"https:\\\/\\\/jh.nl\\\/de\\\/product\\\/trl-4kw-ventilator\\\/#breadcrumb\",\"itemListElement\":[{\"@type\":\"ListItem\",\"position\":1,\"name\":\"Home\",\"item\":\"https:\\\/\\\/jh.nl\\\/de\\\/\"},{\"@type\":\"ListItem\",\"position\":2,\"name\":\"Producten\",\"item\":\"https:\\\/\\\/jh.nl\\\/nl\\\/producten\\\/\"},{\"@type\":\"ListItem\",\"position\":3,\"name\":\"Gebrauchte Maschinen und Teile\",\"item\":\"https:\\\/\\\/jh.nl\\\/de\\\/produkt-kategorie\\\/gebrauchtgeraete\\\/\"},{\"@type\":\"ListItem\",\"position\":4,\"name\":\"Gebrauchte Maschinen\",\"item\":\"https:\\\/\\\/jh.nl\\\/de\\\/produkt-kategorie\\\/gebrauchtgeraete\\\/gebrauchte-maschinen\\\/\"},{\"@type\":\"ListItem\",\"position\":5,\"name\":\"Gro\u00dfe Anzahl von TRL-Ventilatoren (4kW)\"}]},{\"@type\":\"WebSite\",\"@id\":\"https:\\\/\\\/jh.nl\\\/nl\\\/#website\",\"url\":\"https:\\\/\\\/jh.nl\\\/nl\\\/\",\"name\":\"Jansen & Heuning\",\"description\":\"Bulk Handling Systems\",\"publisher\":{\"@id\":\"https:\\\/\\\/jh.nl\\\/nl\\\/#organization\"},\"alternateName\":\"J&H\",\"potentialAction\":[{\"@type\":\"SearchAction\",\"target\":{\"@type\":\"EntryPoint\",\"urlTemplate\":\"https:\\\/\\\/jh.nl\\\/nl\\\/?s={search_term_string}\"},\"query-input\":{\"@type\":\"PropertyValueSpecification\",\"valueRequired\":true,\"valueName\":\"search_term_string\"}}],\"inLanguage\":\"de\"},{\"@type\":\"Organization\",\"@id\":\"https:\\\/\\\/jh.nl\\\/nl\\\/#organization\",\"name\":\"Jansen & Heuning\",\"alternateName\":\"J&H\",\"url\":\"https:\\\/\\\/jh.nl\\\/nl\\\/\",\"logo\":{\"@type\":\"ImageObject\",\"inLanguage\":\"de\",\"@id\":\"https:\\\/\\\/jh.nl\\\/nl\\\/#\\\/schema\\\/logo\\\/image\\\/\",\"url\":\"https:\\\/\\\/jh.nl\\\/wp-content\\\/uploads\\\/2022\\\/05\\\/JH-logo-scaled.gif\",\"contentUrl\":\"https:\\\/\\\/jh.nl\\\/wp-content\\\/uploads\\\/2022\\\/05\\\/JH-logo-scaled.gif\",\"width\":2560,\"height\":429,\"caption\":\"Jansen & Heuning\"},\"image\":{\"@id\":\"https:\\\/\\\/jh.nl\\\/nl\\\/#\\\/schema\\\/logo\\\/image\\\/\"},\"sameAs\":[\"https:\\\/\\\/www.facebook.com\\\/JansenHeuning\",\"https:\\\/\\\/www.youtube.com\\\/user\\\/JansenenHeuning\\\/featured\",\"https:\\\/\\\/www.linkedin.com\\\/company\\\/1768497\\\/\"]}]}<\/script>\n<!-- \/ Yoast SEO plugin. -->","yoast_head_json":{"title":"Gro\u00dfe Anzahl von TRL-Ventilatoren (4kW) | Jansen&amp;Heuning","description":"Gro\u00dfe Anzahl von TRL-Ventilatoren (4kW) | Jansen&amp;Heuning","robots":{"index":"index","follow":"follow","max-snippet":"max-snippet:-1","max-image-preview":"max-image-preview:large","max-video-preview":"max-video-preview:-1"},"canonical":"https:\/\/jh.nl\/de\/product\/trl-4kw-ventilator\/","og_locale":"de_DE","og_type":"article","og_title":"Gro\u00dfe Anzahl von TRL-Ventilatoren (4kW) | Jansen&amp;Heuning","og_description":"Gro\u00dfe Anzahl von TRL-Ventilatoren (4kW) | Jansen&amp;Heuning","og_url":"https:\/\/jh.nl\/de\/product\/trl-4kw-ventilator\/","og_site_name":"Jansen&amp;Heuning","article_publisher":"https:\/\/www.facebook.com\/JansenHeuning","article_modified_time":"2023-11-08T07:45:22+00:00","og_image":[{"width":1500,"height":2000,"url":"https:\/\/jh.nl\/wp-content\/uploads\/2023\/11\/WhatsApp-Image-2023-11-08-at-08.24.07-3.jpeg","type":"image\/jpeg"}],"twitter_card":"summary_large_image","twitter_misc":{"Gesch\u00e4tzte Lesezeit":"1\u00a0Minute"},"schema":{"@context":"https:\/\/schema.org","@graph":[{"@type":"WebPage","@id":"https:\/\/jh.nl\/de\/product\/trl-4kw-ventilator\/","url":"https:\/\/jh.nl\/de\/product\/trl-4kw-ventilator\/","name":"Gro\u00dfe Anzahl von TRL-Ventilatoren (4kW) | Jansen&amp;Heuning","isPartOf":{"@id":"https:\/\/jh.nl\/nl\/#website"},"primaryImageOfPage":{"@id":"https:\/\/jh.nl\/de\/product\/trl-4kw-ventilator\/#primaryimage"},"image":{"@id":"https:\/\/jh.nl\/de\/product\/trl-4kw-ventilator\/#primaryimage"},"thumbnailUrl":"https:\/\/jh.nl\/wp-content\/uploads\/2023\/11\/WhatsApp-Image-2023-11-08-at-08.24.07-3.jpeg","datePublished":"2023-11-08T07:22:30+00:00","dateModified":"2023-11-08T07:45:22+00:00","description":"Gro\u00dfe Anzahl von TRL-Ventilatoren (4kW) | Jansen&amp;Heuning","breadcrumb":{"@id":"https:\/\/jh.nl\/de\/product\/trl-4kw-ventilator\/#breadcrumb"},"inLanguage":"de","potentialAction":[{"@type":"ReadAction","target":["https:\/\/jh.nl\/de\/product\/trl-4kw-ventilator\/"]}]},{"@type":"ImageObject","inLanguage":"de","@id":"https:\/\/jh.nl\/de\/product\/trl-4kw-ventilator\/#primaryimage","url":"https:\/\/jh.nl\/wp-content\/uploads\/2023\/11\/WhatsApp-Image-2023-11-08-at-08.24.07-3.jpeg","contentUrl":"https:\/\/jh.nl\/wp-content\/uploads\/2023\/11\/WhatsApp-Image-2023-11-08-at-08.24.07-3.jpeg","width":1500,"height":2000},{"@type":"BreadcrumbList","@id":"https:\/\/jh.nl\/de\/product\/trl-4kw-ventilator\/#breadcrumb","itemListElement":[{"@type":"ListItem","position":1,"name":"Home","item":"https:\/\/jh.nl\/de\/"},{"@type":"ListItem","position":2,"name":"Producten","item":"https:\/\/jh.nl\/nl\/producten\/"},{"@type":"ListItem","position":3,"name":"Gebrauchte Maschinen und Teile","item":"https:\/\/jh.nl\/de\/produkt-kategorie\/gebrauchtgeraete\/"},{"@type":"ListItem","position":4,"name":"Gebrauchte Maschinen","item":"https:\/\/jh.nl\/de\/produkt-kategorie\/gebrauchtgeraete\/gebrauchte-maschinen\/"},{"@type":"ListItem","position":5,"name":"Gro\u00dfe Anzahl von TRL-Ventilatoren (4kW)"}]},{"@type":"WebSite","@id":"https:\/\/jh.nl\/nl\/#website","url":"https:\/\/jh.nl\/nl\/","name":"Jansen & Heuning","description":"Bulk Handling Systems","publisher":{"@id":"https:\/\/jh.nl\/nl\/#organization"},"alternateName":"J&H","potentialAction":[{"@type":"SearchAction","target":{"@type":"EntryPoint","urlTemplate":"https:\/\/jh.nl\/nl\/?s={search_term_string}"},"query-input":{"@type":"PropertyValueSpecification","valueRequired":true,"valueName":"search_term_string"}}],"inLanguage":"de"},{"@type":"Organization","@id":"https:\/\/jh.nl\/nl\/#organization","name":"Jansen & Heuning","alternateName":"J&H","url":"https:\/\/jh.nl\/nl\/","logo":{"@type":"ImageObject","inLanguage":"de","@id":"https:\/\/jh.nl\/nl\/#\/schema\/logo\/image\/","url":"https:\/\/jh.nl\/wp-content\/uploads\/2022\/05\/JH-logo-scaled.gif","contentUrl":"https:\/\/jh.nl\/wp-content\/uploads\/2022\/05\/JH-logo-scaled.gif","width":2560,"height":429,"caption":"Jansen & Heuning"},"image":{"@id":"https:\/\/jh.nl\/nl\/#\/schema\/logo\/image\/"},"sameAs":["https:\/\/www.facebook.com\/JansenHeuning","https:\/\/www.youtube.com\/user\/JansenenHeuning\/featured","https:\/\/www.linkedin.com\/company\/1768497\/"]}]}},"_links":{"self":[{"href":"https:\/\/jh.nl\/de\/wp-json\/wp\/v2\/product\/22690","targetHints":{"allow":["GET"]}}],"collection":[{"href":"https:\/\/jh.nl\/de\/wp-json\/wp\/v2\/product"}],"about":[{"href":"https:\/\/jh.nl\/de\/wp-json\/wp\/v2\/types\/product"}],"replies":[{"embeddable":true,"href":"https:\/\/jh.nl\/de\/wp-json\/wp\/v2\/comments?post=22690"}],"wp:featuredmedia":[{"embeddable":true,"href":"https:\/\/jh.nl\/de\/wp-json\/wp\/v2\/media\/22678"}],"wp:attachment":[{"href":"https:\/\/jh.nl\/de\/wp-json\/wp\/v2\/media?parent=22690"}],"wp:term":[{"taxonomy":"product_brand","embeddable":true,"href":"https:\/\/jh.nl\/de\/wp-json\/wp\/v2\/product_brand?post=22690"},{"taxonomy":"product_cat","embeddable":true,"href":"https:\/\/jh.nl\/de\/wp-json\/wp\/v2\/product_cat?post=22690"},{"taxonomy":"product_tag","embeddable":true,"href":"https:\/\/jh.nl\/de\/wp-json\/wp\/v2\/product_tag?post=22690"}],"curies":[{"name":"wp","href":"https:\/\/api.w.org\/{rel}","templated":true}]}}