{"id":26135,"date":"2025-05-27T14:30:14","date_gmt":"2025-05-27T12:38:53","guid":{"rendered":"https:\/\/jh.nl\/?post_type=product&#038;p=26135"},"modified":"2025-05-27T14:38:54","modified_gmt":"2025-05-27T12:38:54","slug":"schleuderbaender-jhbw150-2x-i010","status":"publish","type":"product","link":"https:\/\/jh.nl\/de\/product\/schleuderbaender-jhbw150-2x-i010\/","title":{"rendered":"Schleuderb\u00e4nder JHBW150 (2x) \u2013 i010"},"content":{"rendered":"<p>Doppelbandschleuder f\u00fcr Getreide mit einer Kapazit\u00e4t von bis zu 165 m\u00b3 pro Stunde. Ausgestattet mit Hakenarmgestell, manuell bet\u00e4tigtem Drehkranz und verstellbarem Wurfwinkel von zwanzig bis sechzig Grad. Wurfweite zw\u00f6lf bis vierundzwanzig Meter, maximale Wurfh\u00f6he acht Meter. Ausgestattet mit kombiniertem Einlauftrichter und separatem Betrieb pro Motor.<\/p>\n<h2><b>Spezifikation des Bandkruges<\/b><\/h2>\n<ul>\n<li>Doppel-Getreidekrug 165 m\u00b3 Getreide pro Stunde mit 22 kW Motor<\/li>\n<li>mit festem Fahrwerk &#8211; montiert auf Hakenarmrahmen<\/li>\n<li>Drehkranz manuell bet\u00e4tigt<\/li>\n<li>Wurfweite: 12-24 Meter<\/li>\n<li>Gewicht: ca. 1.200 kg<\/li>\n<li>Wurfwinkel: 20-60 Grad<\/li>\n<li>Wurfh\u00f6he: 8 m<\/li>\n<\/ul>\n<h3><b>Zus\u00e4tzliche Informationen<\/b><\/h3>\n<ul>\n<li>Kombinierter Korb f\u00fcr zwei Werfer<\/li>\n<li>feuerverzinkter Einsatzkasten<\/li>\n<li>mit Elektrokasten und fest montiertem Stecker am Kasten<\/li>\n<li>Kasten an der Stirnwand der Plattform innen montiert<\/li>\n<li>Motoren mit guter Bel\u00fcftung und Haube dar\u00fcber<\/li>\n<li>Motoren k\u00f6nnen manuell geschaltet werden &#8211;<\/li>\n<li>der erste und wenn er sich im Dreieck befindet, kann der zweite eingeschaltet werden.<\/li>\n<\/ul>\n<h3><strong>Kontakt<\/strong><\/h3>\n<p>F\u00fcr weitere Informationen oder ein ma\u00dfgeschneidertes Angebot wenden Sie sich bitte an Jansen&amp;Heuning:<\/p>\n<ul>\n<li>Telefon: <a href=\"callto:+310503126448\">+31(0)50 3126 448<\/a><\/li>\n<li>E-Mail: <a href=\"mailto:sales@jh.nl\">sales@jh.nl<\/a><\/li>\n<li>Kontaktformular: <a href=\"http:\/\/jh.nl\/de\/kontakt\">jh.nl\/de\/kontakt<\/a><\/li>\n<\/ul>\n","protected":false},"excerpt":{"rendered":"<p>Doppelbandschleuder f\u00fcr Getreide mit einer Kapazit\u00e4t von bis zu 165&#8230;<\/p>\n","protected":false},"featured_media":26115,"comment_status":"open","ping_status":"closed","template":"","meta":{"_acf_changed":false},"product_brand":[],"product_cat":[911],"product_tag":[],"class_list":{"0":"post-26135","1":"product","2":"type-product","3":"status-publish","4":"has-post-thumbnail","6":"product_cat-gebrauchte-maschinen","8":"first","9":"instock","10":"taxable","11":"shipping-taxable","12":"product-type-simple"},"acf":[],"yoast_head":"<!-- This site is optimized with the Yoast SEO plugin v27.4 - https:\/\/yoast.com\/product\/yoast-seo-wordpress\/ -->\n<title>Gebrauchte Schleuderb\u00e4nder JHBW150 - i010 | Jansen&amp;Heuning<\/title>\n<meta name=\"description\" content=\"Schleuderb\u00e4nder JHBW150 (2x) \u2013 i010 gebraucht, 165 m\u00b3\/h Kapazit\u00e4t. Mit Hakenlift-Rahmen, verstellbarer Wurfweite und Winkel. Sofort einsatzbereit.\" \/>\n<meta name=\"robots\" content=\"index, follow, max-snippet:-1, max-image-preview:large, max-video-preview:-1\" \/>\n<link rel=\"canonical\" href=\"https:\/\/jh.nl\/de\/product\/schleuderbaender-jhbw150-2x-i010\/\" \/>\n<meta property=\"og:locale\" content=\"de_DE\" \/>\n<meta property=\"og:type\" content=\"article\" \/>\n<meta property=\"og:title\" content=\"Gebrauchte Schleuderb\u00e4nder JHBW150 - i010 | Jansen&amp;Heuning\" \/>\n<meta property=\"og:description\" content=\"Schleuderb\u00e4nder JHBW150 (2x) \u2013 i010 gebraucht, 165 m\u00b3\/h Kapazit\u00e4t. Mit Hakenlift-Rahmen, verstellbarer Wurfweite und Winkel. Sofort einsatzbereit.\" \/>\n<meta property=\"og:url\" content=\"https:\/\/jh.nl\/de\/product\/schleuderbaender-jhbw150-2x-i010\/\" \/>\n<meta property=\"og:site_name\" content=\"Jansen&amp;Heuning\" \/>\n<meta property=\"article:publisher\" content=\"https:\/\/www.facebook.com\/JansenHeuning\" \/>\n<meta property=\"article:modified_time\" content=\"2025-05-27T12:38:54+00:00\" \/>\n<meta property=\"og:image\" content=\"https:\/\/jh.nl\/wp-content\/uploads\/2025\/05\/20250523_150634_resized.jpg\" \/>\n\t<meta property=\"og:image:width\" content=\"1500\" \/>\n\t<meta property=\"og:image:height\" content=\"2000\" \/>\n\t<meta property=\"og:image:type\" content=\"image\/jpeg\" \/>\n<meta name=\"twitter:card\" content=\"summary_large_image\" \/>\n<meta name=\"twitter:label1\" content=\"Gesch\u00e4tzte Lesezeit\" \/>\n\t<meta name=\"twitter:data1\" content=\"1\u00a0Minute\" \/>\n<script type=\"application\/ld+json\" class=\"yoast-schema-graph\">{\"@context\":\"https:\\\/\\\/schema.org\",\"@graph\":[{\"@type\":\"WebPage\",\"@id\":\"https:\\\/\\\/jh.nl\\\/de\\\/product\\\/schleuderbaender-jhbw150-2x-i010\\\/\",\"url\":\"https:\\\/\\\/jh.nl\\\/de\\\/product\\\/schleuderbaender-jhbw150-2x-i010\\\/\",\"name\":\"Gebrauchte Schleuderb\u00e4nder JHBW150 - i010 | Jansen&Heuning\",\"isPartOf\":{\"@id\":\"https:\\\/\\\/jh.nl\\\/nl\\\/#website\"},\"primaryImageOfPage\":{\"@id\":\"https:\\\/\\\/jh.nl\\\/de\\\/product\\\/schleuderbaender-jhbw150-2x-i010\\\/#primaryimage\"},\"image\":{\"@id\":\"https:\\\/\\\/jh.nl\\\/de\\\/product\\\/schleuderbaender-jhbw150-2x-i010\\\/#primaryimage\"},\"thumbnailUrl\":\"https:\\\/\\\/jh.nl\\\/wp-content\\\/uploads\\\/2025\\\/05\\\/20250523_150634_resized.jpg\",\"datePublished\":\"2025-05-27T12:38:53+00:00\",\"dateModified\":\"2025-05-27T12:38:54+00:00\",\"description\":\"Schleuderb\u00e4nder JHBW150 (2x) \u2013 i010 gebraucht, 165 m\u00b3\\\/h Kapazit\u00e4t. Mit Hakenlift-Rahmen, verstellbarer Wurfweite und Winkel. Sofort einsatzbereit.\",\"breadcrumb\":{\"@id\":\"https:\\\/\\\/jh.nl\\\/de\\\/product\\\/schleuderbaender-jhbw150-2x-i010\\\/#breadcrumb\"},\"inLanguage\":\"de\",\"potentialAction\":[{\"@type\":\"ReadAction\",\"target\":[\"https:\\\/\\\/jh.nl\\\/de\\\/product\\\/schleuderbaender-jhbw150-2x-i010\\\/\"]}]},{\"@type\":\"ImageObject\",\"inLanguage\":\"de\",\"@id\":\"https:\\\/\\\/jh.nl\\\/de\\\/product\\\/schleuderbaender-jhbw150-2x-i010\\\/#primaryimage\",\"url\":\"https:\\\/\\\/jh.nl\\\/wp-content\\\/uploads\\\/2025\\\/05\\\/20250523_150634_resized.jpg\",\"contentUrl\":\"https:\\\/\\\/jh.nl\\\/wp-content\\\/uploads\\\/2025\\\/05\\\/20250523_150634_resized.jpg\",\"width\":1500,\"height\":2000,\"caption\":\"Deze tweedehands bandwerper is geschikt voor het effici\u00ebnt verplaatsen van graan en andere bulkgoederen.\"},{\"@type\":\"BreadcrumbList\",\"@id\":\"https:\\\/\\\/jh.nl\\\/de\\\/product\\\/schleuderbaender-jhbw150-2x-i010\\\/#breadcrumb\",\"itemListElement\":[{\"@type\":\"ListItem\",\"position\":1,\"name\":\"Home\",\"item\":\"https:\\\/\\\/jh.nl\\\/de\\\/\"},{\"@type\":\"ListItem\",\"position\":2,\"name\":\"Producten\",\"item\":\"https:\\\/\\\/jh.nl\\\/nl\\\/producten\\\/\"},{\"@type\":\"ListItem\",\"position\":3,\"name\":\"Gebrauchte Maschinen und Teile\",\"item\":\"https:\\\/\\\/jh.nl\\\/de\\\/produkt-kategorie\\\/gebrauchtgeraete\\\/\"},{\"@type\":\"ListItem\",\"position\":4,\"name\":\"Gebrauchte Maschinen\",\"item\":\"https:\\\/\\\/jh.nl\\\/de\\\/produkt-kategorie\\\/gebrauchtgeraete\\\/gebrauchte-maschinen\\\/\"},{\"@type\":\"ListItem\",\"position\":5,\"name\":\"Schleuderb\u00e4nder JHBW150 (2x) \u2013 i010\"}]},{\"@type\":\"WebSite\",\"@id\":\"https:\\\/\\\/jh.nl\\\/nl\\\/#website\",\"url\":\"https:\\\/\\\/jh.nl\\\/nl\\\/\",\"name\":\"Jansen & Heuning\",\"description\":\"Bulk Handling Systems\",\"publisher\":{\"@id\":\"https:\\\/\\\/jh.nl\\\/nl\\\/#organization\"},\"alternateName\":\"J&H\",\"potentialAction\":[{\"@type\":\"SearchAction\",\"target\":{\"@type\":\"EntryPoint\",\"urlTemplate\":\"https:\\\/\\\/jh.nl\\\/nl\\\/?s={search_term_string}\"},\"query-input\":{\"@type\":\"PropertyValueSpecification\",\"valueRequired\":true,\"valueName\":\"search_term_string\"}}],\"inLanguage\":\"de\"},{\"@type\":\"Organization\",\"@id\":\"https:\\\/\\\/jh.nl\\\/nl\\\/#organization\",\"name\":\"Jansen & Heuning\",\"alternateName\":\"J&H\",\"url\":\"https:\\\/\\\/jh.nl\\\/nl\\\/\",\"logo\":{\"@type\":\"ImageObject\",\"inLanguage\":\"de\",\"@id\":\"https:\\\/\\\/jh.nl\\\/nl\\\/#\\\/schema\\\/logo\\\/image\\\/\",\"url\":\"https:\\\/\\\/jh.nl\\\/wp-content\\\/uploads\\\/2022\\\/05\\\/JH-logo-scaled.gif\",\"contentUrl\":\"https:\\\/\\\/jh.nl\\\/wp-content\\\/uploads\\\/2022\\\/05\\\/JH-logo-scaled.gif\",\"width\":2560,\"height\":429,\"caption\":\"Jansen & Heuning\"},\"image\":{\"@id\":\"https:\\\/\\\/jh.nl\\\/nl\\\/#\\\/schema\\\/logo\\\/image\\\/\"},\"sameAs\":[\"https:\\\/\\\/www.facebook.com\\\/JansenHeuning\",\"https:\\\/\\\/www.youtube.com\\\/user\\\/JansenenHeuning\\\/featured\",\"https:\\\/\\\/www.linkedin.com\\\/company\\\/1768497\\\/\"]}]}<\/script>\n<!-- \/ Yoast SEO plugin. -->","yoast_head_json":{"title":"Gebrauchte Schleuderb\u00e4nder JHBW150 - i010 | Jansen&Heuning","description":"Schleuderb\u00e4nder JHBW150 (2x) \u2013 i010 gebraucht, 165 m\u00b3\/h Kapazit\u00e4t. Mit Hakenlift-Rahmen, verstellbarer Wurfweite und Winkel. Sofort einsatzbereit.","robots":{"index":"index","follow":"follow","max-snippet":"max-snippet:-1","max-image-preview":"max-image-preview:large","max-video-preview":"max-video-preview:-1"},"canonical":"https:\/\/jh.nl\/de\/product\/schleuderbaender-jhbw150-2x-i010\/","og_locale":"de_DE","og_type":"article","og_title":"Gebrauchte Schleuderb\u00e4nder JHBW150 - i010 | Jansen&Heuning","og_description":"Schleuderb\u00e4nder JHBW150 (2x) \u2013 i010 gebraucht, 165 m\u00b3\/h Kapazit\u00e4t. Mit Hakenlift-Rahmen, verstellbarer Wurfweite und Winkel. Sofort einsatzbereit.","og_url":"https:\/\/jh.nl\/de\/product\/schleuderbaender-jhbw150-2x-i010\/","og_site_name":"Jansen&amp;Heuning","article_publisher":"https:\/\/www.facebook.com\/JansenHeuning","article_modified_time":"2025-05-27T12:38:54+00:00","og_image":[{"width":1500,"height":2000,"url":"https:\/\/jh.nl\/wp-content\/uploads\/2025\/05\/20250523_150634_resized.jpg","type":"image\/jpeg"}],"twitter_card":"summary_large_image","twitter_misc":{"Gesch\u00e4tzte Lesezeit":"1\u00a0Minute"},"schema":{"@context":"https:\/\/schema.org","@graph":[{"@type":"WebPage","@id":"https:\/\/jh.nl\/de\/product\/schleuderbaender-jhbw150-2x-i010\/","url":"https:\/\/jh.nl\/de\/product\/schleuderbaender-jhbw150-2x-i010\/","name":"Gebrauchte Schleuderb\u00e4nder JHBW150 - i010 | Jansen&Heuning","isPartOf":{"@id":"https:\/\/jh.nl\/nl\/#website"},"primaryImageOfPage":{"@id":"https:\/\/jh.nl\/de\/product\/schleuderbaender-jhbw150-2x-i010\/#primaryimage"},"image":{"@id":"https:\/\/jh.nl\/de\/product\/schleuderbaender-jhbw150-2x-i010\/#primaryimage"},"thumbnailUrl":"https:\/\/jh.nl\/wp-content\/uploads\/2025\/05\/20250523_150634_resized.jpg","datePublished":"2025-05-27T12:38:53+00:00","dateModified":"2025-05-27T12:38:54+00:00","description":"Schleuderb\u00e4nder JHBW150 (2x) \u2013 i010 gebraucht, 165 m\u00b3\/h Kapazit\u00e4t. Mit Hakenlift-Rahmen, verstellbarer Wurfweite und Winkel. Sofort einsatzbereit.","breadcrumb":{"@id":"https:\/\/jh.nl\/de\/product\/schleuderbaender-jhbw150-2x-i010\/#breadcrumb"},"inLanguage":"de","potentialAction":[{"@type":"ReadAction","target":["https:\/\/jh.nl\/de\/product\/schleuderbaender-jhbw150-2x-i010\/"]}]},{"@type":"ImageObject","inLanguage":"de","@id":"https:\/\/jh.nl\/de\/product\/schleuderbaender-jhbw150-2x-i010\/#primaryimage","url":"https:\/\/jh.nl\/wp-content\/uploads\/2025\/05\/20250523_150634_resized.jpg","contentUrl":"https:\/\/jh.nl\/wp-content\/uploads\/2025\/05\/20250523_150634_resized.jpg","width":1500,"height":2000,"caption":"Deze tweedehands bandwerper is geschikt voor het effici\u00ebnt verplaatsen van graan en andere bulkgoederen."},{"@type":"BreadcrumbList","@id":"https:\/\/jh.nl\/de\/product\/schleuderbaender-jhbw150-2x-i010\/#breadcrumb","itemListElement":[{"@type":"ListItem","position":1,"name":"Home","item":"https:\/\/jh.nl\/de\/"},{"@type":"ListItem","position":2,"name":"Producten","item":"https:\/\/jh.nl\/nl\/producten\/"},{"@type":"ListItem","position":3,"name":"Gebrauchte Maschinen und Teile","item":"https:\/\/jh.nl\/de\/produkt-kategorie\/gebrauchtgeraete\/"},{"@type":"ListItem","position":4,"name":"Gebrauchte Maschinen","item":"https:\/\/jh.nl\/de\/produkt-kategorie\/gebrauchtgeraete\/gebrauchte-maschinen\/"},{"@type":"ListItem","position":5,"name":"Schleuderb\u00e4nder JHBW150 (2x) \u2013 i010"}]},{"@type":"WebSite","@id":"https:\/\/jh.nl\/nl\/#website","url":"https:\/\/jh.nl\/nl\/","name":"Jansen & Heuning","description":"Bulk Handling Systems","publisher":{"@id":"https:\/\/jh.nl\/nl\/#organization"},"alternateName":"J&H","potentialAction":[{"@type":"SearchAction","target":{"@type":"EntryPoint","urlTemplate":"https:\/\/jh.nl\/nl\/?s={search_term_string}"},"query-input":{"@type":"PropertyValueSpecification","valueRequired":true,"valueName":"search_term_string"}}],"inLanguage":"de"},{"@type":"Organization","@id":"https:\/\/jh.nl\/nl\/#organization","name":"Jansen & Heuning","alternateName":"J&H","url":"https:\/\/jh.nl\/nl\/","logo":{"@type":"ImageObject","inLanguage":"de","@id":"https:\/\/jh.nl\/nl\/#\/schema\/logo\/image\/","url":"https:\/\/jh.nl\/wp-content\/uploads\/2022\/05\/JH-logo-scaled.gif","contentUrl":"https:\/\/jh.nl\/wp-content\/uploads\/2022\/05\/JH-logo-scaled.gif","width":2560,"height":429,"caption":"Jansen & Heuning"},"image":{"@id":"https:\/\/jh.nl\/nl\/#\/schema\/logo\/image\/"},"sameAs":["https:\/\/www.facebook.com\/JansenHeuning","https:\/\/www.youtube.com\/user\/JansenenHeuning\/featured","https:\/\/www.linkedin.com\/company\/1768497\/"]}]}},"_links":{"self":[{"href":"https:\/\/jh.nl\/de\/wp-json\/wp\/v2\/product\/26135","targetHints":{"allow":["GET"]}}],"collection":[{"href":"https:\/\/jh.nl\/de\/wp-json\/wp\/v2\/product"}],"about":[{"href":"https:\/\/jh.nl\/de\/wp-json\/wp\/v2\/types\/product"}],"replies":[{"embeddable":true,"href":"https:\/\/jh.nl\/de\/wp-json\/wp\/v2\/comments?post=26135"}],"wp:featuredmedia":[{"embeddable":true,"href":"https:\/\/jh.nl\/de\/wp-json\/wp\/v2\/media\/26115"}],"wp:attachment":[{"href":"https:\/\/jh.nl\/de\/wp-json\/wp\/v2\/media?parent=26135"}],"wp:term":[{"taxonomy":"product_brand","embeddable":true,"href":"https:\/\/jh.nl\/de\/wp-json\/wp\/v2\/product_brand?post=26135"},{"taxonomy":"product_cat","embeddable":true,"href":"https:\/\/jh.nl\/de\/wp-json\/wp\/v2\/product_cat?post=26135"},{"taxonomy":"product_tag","embeddable":true,"href":"https:\/\/jh.nl\/de\/wp-json\/wp\/v2\/product_tag?post=26135"}],"curies":[{"name":"wp","href":"https:\/\/api.w.org\/{rel}","templated":true}]}}