{"id":26553,"date":"2025-06-20T15:09:11","date_gmt":"2025-06-20T13:09:11","guid":{"rendered":"https:\/\/jh.nl\/product\/projectmanagement-uitvoering\/"},"modified":"2025-06-23T12:15:14","modified_gmt":"2025-06-23T10:15:14","slug":"projektmanagement","status":"publish","type":"product","link":"https:\/\/jh.nl\/de\/product\/projektmanagement\/","title":{"rendered":"Projektmanagement &#038; Ausf\u00fchrung"},"content":{"rendered":"<p data-start=\"215\" data-end=\"511\">Bei technischen Projekten geht es um mehr als nur um eine gute Maschine. Planung, Abstimmung, Vorschriften und Ausf\u00fchrung bestimmen zu einem gro\u00dfen Teil das Endergebnis. Deshalb bietet Jansen&amp;Heuning auch eine vollst\u00e4ndige Projektbegleitung \u2013 von der L\u00f6sung bis zur \u00dcbergabe und allem dazwischen.<\/p>\n<h3 data-start=\"518\" data-end=\"546\"><strong data-start=\"522\" data-end=\"546\">Von A bis Z geregelt<\/strong><\/h3>\n<p data-start=\"548\" data-end=\"1135\">Wir \u00fcbernehmen die Leitung und koordinieren den gesamten Ablauf. Dazu geh\u00f6ren das Erstellen technischer Zeichnungen, die Auswahl geeigneter Lieferanten und die \u00dcberwachung des Zeitplans. Montage, Inbetriebnahme und Nachbetreuung sind \u2013 in Absprache \u2013 Bestandteil unseres Ansatzes. Unsere Experten arbeiten eng mit Engineering, Produktion und Montage zusammen. Durch diese kurzen Wege k\u00f6nnen wir schnell reagieren und handeln. Ob es sich um eine Siloinstallation, eine F\u00f6rderlinie oder eine komplette Verarbeitungseinheit handelt \u2013 wir sorgen daf\u00fcr, dass alles ordnungsgem\u00e4\u00df funktioniert.<\/p>\n<h3 data-start=\"1142\" data-end=\"1179\"><strong data-start=\"1146\" data-end=\"1179\">Von Vorbereitung bis \u00dcbergabe<\/strong><\/h3>\n<ul>\n<li data-start=\"1182\" data-end=\"1219\">Technische Vorbereitung und Planung<\/li>\n<li data-start=\"1222\" data-end=\"1266\">Koordination von Lieferanten und Monteuren<\/li>\n<li data-start=\"1269\" data-end=\"1311\">Abstimmung mit Bau- oder Tiefbaupartnern<\/li>\n<li data-start=\"1314\" data-end=\"1350\">Montage vor Ort und Inbetriebnahme<\/li>\n<li data-start=\"1353\" data-end=\"1390\">Dokumentation, Pr\u00fcfung und \u00dcbergabe<\/li>\n<\/ul>\n<h3 data-start=\"1397\" data-end=\"1425\"><strong data-start=\"1401\" data-end=\"1425\">Warum Jansen&amp;Heuning<\/strong><\/h3>\n<p data-start=\"1427\" data-end=\"1704\">Projektmanagement bei Jansen&amp;Heuning bedeutet \u00dcbersicht, Struktur und Ergebnis. Ein zentraler Ansprechpartner, kurze Kommunikationswege und jederzeit Kontrolle \u00fcber Fortschritt und Umsetzung. F\u00fcr den Kunden bedeutet das: weniger Sorgen, weniger Verz\u00f6gerung und mehr Sicherheit.<\/p>\n<h3 data-start=\"1711\" data-end=\"1726\"><strong data-start=\"1715\" data-end=\"1726\">Kontakt<\/strong><\/h3>\n<p data-start=\"1728\" data-end=\"1855\">Haben Sie Fragen zu unserem Projektmanagement und unserer Ausf\u00fchrung? Oder andere Fragen? Nehmen Sie gerne Kontakt mit uns auf.<\/p>\n<ul>\n<li data-start=\"1728\" data-end=\"1855\">Telefon: <a href=\"callto:+310503126448\">+31(0)50 3126 448<\/a><\/li>\n<li>E-mail:\u00a0<a href=\"mailto:sales@jh.nl\">sales@jh.nl<\/a>\u200b<\/li>\n<li>Kontaktformular: <a href=\"https:\/\/jh.nl\/de\/contact\/\">www.jh.de\/contact<\/a><\/li>\n<\/ul>\n","protected":false},"excerpt":{"rendered":"<p data-start=\"1728\" data-end=\"1855\">Von A bis Z geregelt<\/p>\n","protected":false},"featured_media":27432,"comment_status":"open","ping_status":"closed","template":"","meta":{"_acf_changed":false},"product_brand":[],"product_cat":[493],"product_tag":[],"class_list":{"0":"post-26553","1":"product","2":"type-product","3":"status-publish","4":"has-post-thumbnail","6":"product_cat-technik-services","8":"first","9":"instock","10":"taxable","11":"shipping-taxable","12":"product-type-simple"},"acf":[],"yoast_head":"<!-- This site is optimized with the Yoast SEO plugin v27.4 - https:\/\/yoast.com\/product\/yoast-seo-wordpress\/ -->\n<title>Projektmanagement &amp; Ausf\u00fchrung | Jansen&amp;Heuning<\/title>\n<meta name=\"description\" content=\"Von der Planung bis zur \u00dcbergabe: technische Projekte von A bis Z. Weniger Schnittstellen, mehr Kontrolle, ein zentraler Ansprechpartner.\" \/>\n<meta name=\"robots\" content=\"index, follow, max-snippet:-1, max-image-preview:large, max-video-preview:-1\" \/>\n<link rel=\"canonical\" href=\"https:\/\/jh.nl\/de\/product\/projektmanagement\/\" \/>\n<meta property=\"og:locale\" content=\"de_DE\" \/>\n<meta property=\"og:type\" content=\"article\" \/>\n<meta property=\"og:title\" content=\"Projektmanagement &amp; Ausf\u00fchrung | Jansen&amp;Heuning\" \/>\n<meta property=\"og:description\" content=\"Von der Planung bis zur \u00dcbergabe: technische Projekte von A bis Z. Weniger Schnittstellen, mehr Kontrolle, ein zentraler Ansprechpartner.\" \/>\n<meta property=\"og:url\" content=\"https:\/\/jh.nl\/de\/product\/projektmanagement\/\" \/>\n<meta property=\"og:site_name\" content=\"Jansen&amp;Heuning\" \/>\n<meta property=\"article:publisher\" content=\"https:\/\/www.facebook.com\/JansenHeuning\" \/>\n<meta property=\"article:modified_time\" content=\"2025-06-23T10:15:14+00:00\" \/>\n<meta property=\"og:image\" content=\"https:\/\/jh.nl\/wp-content\/uploads\/2025\/06\/IMG-20240924-WA0004-e1763538907555.jpg\" \/>\n\t<meta property=\"og:image:width\" content=\"1536\" \/>\n\t<meta property=\"og:image:height\" content=\"2048\" \/>\n\t<meta property=\"og:image:type\" content=\"image\/jpeg\" \/>\n<meta name=\"twitter:card\" content=\"summary_large_image\" \/>\n<meta name=\"twitter:label1\" content=\"Gesch\u00e4tzte Lesezeit\" \/>\n\t<meta name=\"twitter:data1\" content=\"2\u00a0Minuten\" \/>\n<script type=\"application\/ld+json\" class=\"yoast-schema-graph\">{\"@context\":\"https:\\\/\\\/schema.org\",\"@graph\":[{\"@type\":\"WebPage\",\"@id\":\"https:\\\/\\\/jh.nl\\\/de\\\/product\\\/projektmanagement\\\/\",\"url\":\"https:\\\/\\\/jh.nl\\\/de\\\/product\\\/projektmanagement\\\/\",\"name\":\"Projektmanagement & Ausf\u00fchrung | Jansen&Heuning\",\"isPartOf\":{\"@id\":\"https:\\\/\\\/jh.nl\\\/nl\\\/#website\"},\"primaryImageOfPage\":{\"@id\":\"https:\\\/\\\/jh.nl\\\/de\\\/product\\\/projektmanagement\\\/#primaryimage\"},\"image\":{\"@id\":\"https:\\\/\\\/jh.nl\\\/de\\\/product\\\/projektmanagement\\\/#primaryimage\"},\"thumbnailUrl\":\"https:\\\/\\\/jh.nl\\\/wp-content\\\/uploads\\\/2025\\\/06\\\/IMG-20240924-WA0004-e1763538907555.jpg\",\"datePublished\":\"2025-06-20T13:09:11+00:00\",\"dateModified\":\"2025-06-23T10:15:14+00:00\",\"description\":\"Von der Planung bis zur \u00dcbergabe: technische Projekte von A bis Z. Weniger Schnittstellen, mehr Kontrolle, ein zentraler Ansprechpartner.\",\"breadcrumb\":{\"@id\":\"https:\\\/\\\/jh.nl\\\/de\\\/product\\\/projektmanagement\\\/#breadcrumb\"},\"inLanguage\":\"de\",\"potentialAction\":[{\"@type\":\"ReadAction\",\"target\":[\"https:\\\/\\\/jh.nl\\\/de\\\/product\\\/projektmanagement\\\/\"]}]},{\"@type\":\"ImageObject\",\"inLanguage\":\"de\",\"@id\":\"https:\\\/\\\/jh.nl\\\/de\\\/product\\\/projektmanagement\\\/#primaryimage\",\"url\":\"https:\\\/\\\/jh.nl\\\/wp-content\\\/uploads\\\/2025\\\/06\\\/IMG-20240924-WA0004-e1763538907555.jpg\",\"contentUrl\":\"https:\\\/\\\/jh.nl\\\/wp-content\\\/uploads\\\/2025\\\/06\\\/IMG-20240924-WA0004-e1763538907555.jpg\",\"width\":1536,\"height\":2048,\"caption\":\"Uitvoering van project en hijsklus\"},{\"@type\":\"BreadcrumbList\",\"@id\":\"https:\\\/\\\/jh.nl\\\/de\\\/product\\\/projektmanagement\\\/#breadcrumb\",\"itemListElement\":[{\"@type\":\"ListItem\",\"position\":1,\"name\":\"Home\",\"item\":\"https:\\\/\\\/jh.nl\\\/de\\\/\"},{\"@type\":\"ListItem\",\"position\":2,\"name\":\"Producten\",\"item\":\"https:\\\/\\\/jh.nl\\\/nl\\\/producten\\\/\"},{\"@type\":\"ListItem\",\"position\":3,\"name\":\"Techniek &amp; services\",\"item\":\"https:\\\/\\\/jh.nl\\\/nl\\\/product-categorie\\\/techniek-services\\\/\"},{\"@type\":\"ListItem\",\"position\":4,\"name\":\"Projektmanagement &#038; Ausf\u00fchrung\"}]},{\"@type\":\"WebSite\",\"@id\":\"https:\\\/\\\/jh.nl\\\/nl\\\/#website\",\"url\":\"https:\\\/\\\/jh.nl\\\/nl\\\/\",\"name\":\"Jansen & Heuning\",\"description\":\"Bulk Handling Systems\",\"publisher\":{\"@id\":\"https:\\\/\\\/jh.nl\\\/nl\\\/#organization\"},\"alternateName\":\"J&H\",\"potentialAction\":[{\"@type\":\"SearchAction\",\"target\":{\"@type\":\"EntryPoint\",\"urlTemplate\":\"https:\\\/\\\/jh.nl\\\/nl\\\/?s={search_term_string}\"},\"query-input\":{\"@type\":\"PropertyValueSpecification\",\"valueRequired\":true,\"valueName\":\"search_term_string\"}}],\"inLanguage\":\"de\"},{\"@type\":\"Organization\",\"@id\":\"https:\\\/\\\/jh.nl\\\/nl\\\/#organization\",\"name\":\"Jansen & Heuning\",\"alternateName\":\"J&H\",\"url\":\"https:\\\/\\\/jh.nl\\\/nl\\\/\",\"logo\":{\"@type\":\"ImageObject\",\"inLanguage\":\"de\",\"@id\":\"https:\\\/\\\/jh.nl\\\/nl\\\/#\\\/schema\\\/logo\\\/image\\\/\",\"url\":\"https:\\\/\\\/jh.nl\\\/wp-content\\\/uploads\\\/2022\\\/05\\\/JH-logo-scaled.gif\",\"contentUrl\":\"https:\\\/\\\/jh.nl\\\/wp-content\\\/uploads\\\/2022\\\/05\\\/JH-logo-scaled.gif\",\"width\":2560,\"height\":429,\"caption\":\"Jansen & Heuning\"},\"image\":{\"@id\":\"https:\\\/\\\/jh.nl\\\/nl\\\/#\\\/schema\\\/logo\\\/image\\\/\"},\"sameAs\":[\"https:\\\/\\\/www.facebook.com\\\/JansenHeuning\",\"https:\\\/\\\/www.youtube.com\\\/user\\\/JansenenHeuning\\\/featured\",\"https:\\\/\\\/www.linkedin.com\\\/company\\\/1768497\\\/\"]}]}<\/script>\n<!-- \/ Yoast SEO plugin. -->","yoast_head_json":{"title":"Projektmanagement & Ausf\u00fchrung | Jansen&Heuning","description":"Von der Planung bis zur \u00dcbergabe: technische Projekte von A bis Z. Weniger Schnittstellen, mehr Kontrolle, ein zentraler Ansprechpartner.","robots":{"index":"index","follow":"follow","max-snippet":"max-snippet:-1","max-image-preview":"max-image-preview:large","max-video-preview":"max-video-preview:-1"},"canonical":"https:\/\/jh.nl\/de\/product\/projektmanagement\/","og_locale":"de_DE","og_type":"article","og_title":"Projektmanagement & Ausf\u00fchrung | Jansen&Heuning","og_description":"Von der Planung bis zur \u00dcbergabe: technische Projekte von A bis Z. Weniger Schnittstellen, mehr Kontrolle, ein zentraler Ansprechpartner.","og_url":"https:\/\/jh.nl\/de\/product\/projektmanagement\/","og_site_name":"Jansen&amp;Heuning","article_publisher":"https:\/\/www.facebook.com\/JansenHeuning","article_modified_time":"2025-06-23T10:15:14+00:00","og_image":[{"width":1536,"height":2048,"url":"https:\/\/jh.nl\/wp-content\/uploads\/2025\/06\/IMG-20240924-WA0004-e1763538907555.jpg","type":"image\/jpeg"}],"twitter_card":"summary_large_image","twitter_misc":{"Gesch\u00e4tzte Lesezeit":"2\u00a0Minuten"},"schema":{"@context":"https:\/\/schema.org","@graph":[{"@type":"WebPage","@id":"https:\/\/jh.nl\/de\/product\/projektmanagement\/","url":"https:\/\/jh.nl\/de\/product\/projektmanagement\/","name":"Projektmanagement & Ausf\u00fchrung | Jansen&Heuning","isPartOf":{"@id":"https:\/\/jh.nl\/nl\/#website"},"primaryImageOfPage":{"@id":"https:\/\/jh.nl\/de\/product\/projektmanagement\/#primaryimage"},"image":{"@id":"https:\/\/jh.nl\/de\/product\/projektmanagement\/#primaryimage"},"thumbnailUrl":"https:\/\/jh.nl\/wp-content\/uploads\/2025\/06\/IMG-20240924-WA0004-e1763538907555.jpg","datePublished":"2025-06-20T13:09:11+00:00","dateModified":"2025-06-23T10:15:14+00:00","description":"Von der Planung bis zur \u00dcbergabe: technische Projekte von A bis Z. Weniger Schnittstellen, mehr Kontrolle, ein zentraler Ansprechpartner.","breadcrumb":{"@id":"https:\/\/jh.nl\/de\/product\/projektmanagement\/#breadcrumb"},"inLanguage":"de","potentialAction":[{"@type":"ReadAction","target":["https:\/\/jh.nl\/de\/product\/projektmanagement\/"]}]},{"@type":"ImageObject","inLanguage":"de","@id":"https:\/\/jh.nl\/de\/product\/projektmanagement\/#primaryimage","url":"https:\/\/jh.nl\/wp-content\/uploads\/2025\/06\/IMG-20240924-WA0004-e1763538907555.jpg","contentUrl":"https:\/\/jh.nl\/wp-content\/uploads\/2025\/06\/IMG-20240924-WA0004-e1763538907555.jpg","width":1536,"height":2048,"caption":"Uitvoering van project en hijsklus"},{"@type":"BreadcrumbList","@id":"https:\/\/jh.nl\/de\/product\/projektmanagement\/#breadcrumb","itemListElement":[{"@type":"ListItem","position":1,"name":"Home","item":"https:\/\/jh.nl\/de\/"},{"@type":"ListItem","position":2,"name":"Producten","item":"https:\/\/jh.nl\/nl\/producten\/"},{"@type":"ListItem","position":3,"name":"Techniek &amp; services","item":"https:\/\/jh.nl\/nl\/product-categorie\/techniek-services\/"},{"@type":"ListItem","position":4,"name":"Projektmanagement &#038; Ausf\u00fchrung"}]},{"@type":"WebSite","@id":"https:\/\/jh.nl\/nl\/#website","url":"https:\/\/jh.nl\/nl\/","name":"Jansen & Heuning","description":"Bulk Handling Systems","publisher":{"@id":"https:\/\/jh.nl\/nl\/#organization"},"alternateName":"J&H","potentialAction":[{"@type":"SearchAction","target":{"@type":"EntryPoint","urlTemplate":"https:\/\/jh.nl\/nl\/?s={search_term_string}"},"query-input":{"@type":"PropertyValueSpecification","valueRequired":true,"valueName":"search_term_string"}}],"inLanguage":"de"},{"@type":"Organization","@id":"https:\/\/jh.nl\/nl\/#organization","name":"Jansen & Heuning","alternateName":"J&H","url":"https:\/\/jh.nl\/nl\/","logo":{"@type":"ImageObject","inLanguage":"de","@id":"https:\/\/jh.nl\/nl\/#\/schema\/logo\/image\/","url":"https:\/\/jh.nl\/wp-content\/uploads\/2022\/05\/JH-logo-scaled.gif","contentUrl":"https:\/\/jh.nl\/wp-content\/uploads\/2022\/05\/JH-logo-scaled.gif","width":2560,"height":429,"caption":"Jansen & Heuning"},"image":{"@id":"https:\/\/jh.nl\/nl\/#\/schema\/logo\/image\/"},"sameAs":["https:\/\/www.facebook.com\/JansenHeuning","https:\/\/www.youtube.com\/user\/JansenenHeuning\/featured","https:\/\/www.linkedin.com\/company\/1768497\/"]}]}},"_links":{"self":[{"href":"https:\/\/jh.nl\/de\/wp-json\/wp\/v2\/product\/26553","targetHints":{"allow":["GET"]}}],"collection":[{"href":"https:\/\/jh.nl\/de\/wp-json\/wp\/v2\/product"}],"about":[{"href":"https:\/\/jh.nl\/de\/wp-json\/wp\/v2\/types\/product"}],"replies":[{"embeddable":true,"href":"https:\/\/jh.nl\/de\/wp-json\/wp\/v2\/comments?post=26553"}],"wp:featuredmedia":[{"embeddable":true,"href":"https:\/\/jh.nl\/de\/wp-json\/wp\/v2\/media\/27432"}],"wp:attachment":[{"href":"https:\/\/jh.nl\/de\/wp-json\/wp\/v2\/media?parent=26553"}],"wp:term":[{"taxonomy":"product_brand","embeddable":true,"href":"https:\/\/jh.nl\/de\/wp-json\/wp\/v2\/product_brand?post=26553"},{"taxonomy":"product_cat","embeddable":true,"href":"https:\/\/jh.nl\/de\/wp-json\/wp\/v2\/product_cat?post=26553"},{"taxonomy":"product_tag","embeddable":true,"href":"https:\/\/jh.nl\/de\/wp-json\/wp\/v2\/product_tag?post=26553"}],"curies":[{"name":"wp","href":"https:\/\/api.w.org\/{rel}","templated":true}]}}