{"id":26667,"date":"2025-07-16T11:31:18","date_gmt":"2025-07-16T09:31:18","guid":{"rendered":"https:\/\/jh.nl\/?post_type=product&#038;p=26667"},"modified":"2026-04-14T12:08:10","modified_gmt":"2026-04-14T10:08:10","slug":"becherwerke","status":"publish","type":"product","link":"https:\/\/jh.nl\/de\/product\/becherwerke\/","title":{"rendered":"Becherwerke"},"content":{"rendered":"<p data-start=\"131\" data-end=\"467\">Der Becherwerk von Jansen&amp;Heuning transportiert Sch\u00fcttg\u00fcter kontrolliert und senkrecht. In einer optional geschlossenen, staubdichten Ausf\u00fchrung f\u00f6rdert das System trockene, feine oder k\u00f6rnige Produkte wie Getreide, Sand, Mineralien, Pulver und Granulate. Kunststoff- oder Stahlbecher sind an einem F\u00f6rderband oder einer Kette montiert.<\/p>\n<p data-start=\"469\" data-end=\"850\">Dank des modularen Aufbaus und vielf\u00e4ltiger Materialoptionen passt Jansen&amp;Heuning jede Anlage an die gew\u00fcnschte F\u00f6rderleistung, Produkteigenschaften, Einbauh\u00f6he und eine m\u00f6gliche ATEX-Zone an. Die Becherwerke sind in Stahl, Edelstahl oder Manganstahl lieferbar und k\u00f6nnen mit verschlei\u00dffester Auskleidung, elektronischer \u00dcberwachung und staubdichter Abdichtung ausgestattet werden.<\/p>\n<p data-start=\"852\" data-end=\"1140\">Die JHE-Serie findet Anwendung in Branchen wie Lebensmittel, Chemie, Agrar, Recycling und Mineralverarbeitung. Kunden setzen das Becherwerk als integrierten Bestandteil einer Entleerungsstation oder F\u00f6rderlinie ein. Ein Becherwerk wird h\u00e4ufig in Kombination mit einem <a href=\"https:\/\/jh.nl\/de\/product\/kettenfoerderer-2\/\">Ketten-<\/a> oder <a href=\"https:\/\/jh.nl\/de\/product\/schneckenfoerderer\/\">Schneckenf\u00f6rderer<\/a> eingesetzt. Jede Konfiguration wird in Abstimmung mit unseren Ingenieuren entwickelt.<\/p>\n<h2 data-start=\"118\" data-end=\"148\">Spezifikationen Becherwerk<\/h2>\n<p data-start=\"150\" data-end=\"239\">Die technischen Spezifikationen der Standardabmessungen des Becherwerks lauten wie folgt:<\/p>\n<table style=\"height: 457px; width: 76.5809%; border-style: dashed;\">\n<tbody>\n<tr style=\"height: 24px;\">\n<td style=\"width: 47.4156%; height: 24px;\"><\/td>\n<td style=\"width: 8.45656%; height: 24px;\"><strong>Maatcode<\/strong><\/td>\n<td style=\"width: 5.68495%; height: 24px;\"><strong>313<\/strong><\/td>\n<td style=\"width: 6.31417%; height: 24px;\"><strong>530<\/strong><\/td>\n<td style=\"width: 6.24631%; height: 24px;\"><strong>740<\/strong><\/td>\n<td style=\"width: 6.47714%; height: 24px;\"><strong>965<\/strong><\/td>\n<td style=\"width: 6.4195%; height: 24px;\"><strong>965Z<\/strong><\/td>\n<\/tr>\n<tr style=\"height: 24px;\">\n<td style=\"width: 47.4156%; height: 24px;\">Durchmesser Antriebs-\/Umlenkrad<\/td>\n<td style=\"text-align: center; width: 8.45656%; height: 24px;\">A<\/td>\n<td style=\"width: 5.68495%; height: 24px;\">300<\/td>\n<td style=\"width: 6.31417%; height: 24px;\">490<\/td>\n<td style=\"width: 6.24631%; height: 24px;\">700<\/td>\n<td style=\"width: 6.47714%; height: 24px;\">910<\/td>\n<td style=\"width: 6.4195%; height: 24px;\">910<\/td>\n<\/tr>\n<tr style=\"height: 24px;\">\n<td style=\"width: 47.4156%; height: 24px;\">Breite Fu\u00dfteil<\/td>\n<td style=\"text-align: center; width: 8.45656%; height: 24px;\">B<\/td>\n<td style=\"width: 5.68495%; height: 24px;\">620<\/td>\n<td style=\"width: 6.31417%; height: 24px;\">1000<\/td>\n<td style=\"width: 6.24631%; height: 24px;\">1350<\/td>\n<td style=\"width: 6.47714%; height: 24px;\">1740<\/td>\n<td style=\"width: 6.4195%; height: 24px;\">1740<\/td>\n<\/tr>\n<tr style=\"height: 24px;\">\n<td style=\"width: 47.4156%; height: 24px;\">H\u00f6he Fu\u00dfteil<\/td>\n<td style=\"text-align: center; width: 8.45656%; height: 24px;\">C<\/td>\n<td style=\"width: 5.68495%; height: 24px;\">980<\/td>\n<td style=\"width: 6.31417%; height: 24px;\">1650<\/td>\n<td style=\"width: 6.24631%; height: 24px;\">2300<\/td>\n<td style=\"width: 6.47714%; height: 24px;\">3250<\/td>\n<td style=\"width: 6.4195%; height: 24px;\">3250<\/td>\n<\/tr>\n<tr style=\"height: 24px;\">\n<td style=\"width: 47.4156%; height: 24px;\">H\u00f6he Einlauf<\/td>\n<td style=\"text-align: center; width: 8.45656%; height: 24px;\">D<\/td>\n<td style=\"width: 5.68495%; height: 24px;\">980<\/td>\n<td style=\"width: 6.31417%; height: 24px;\">1475<\/td>\n<td style=\"width: 6.24631%; height: 24px;\">2100<\/td>\n<td style=\"width: 6.47714%; height: 24px;\">2850<\/td>\n<td style=\"width: 6.4195%; height: 24px;\">2850<\/td>\n<\/tr>\n<tr style=\"height: 24px;\">\n<td style=\"width: 47.4156%; height: 24px;\">Ausladung Einlauf<\/td>\n<td style=\"text-align: center; width: 8.45656%; height: 24px;\">E<\/td>\n<td style=\"width: 5.68495%; height: 24px;\">280<\/td>\n<td style=\"width: 6.31417%; height: 24px;\">420<\/td>\n<td style=\"width: 6.24631%; height: 24px;\">620<\/td>\n<td style=\"width: 6.47714%; height: 24px;\">695<\/td>\n<td style=\"width: 6.4195%; height: 24px;\">695<\/td>\n<\/tr>\n<tr style=\"height: 24px;\">\n<td style=\"width: 47.4156%; height: 24px;\">Wellenl\u00e4nge Fu\u00dfteil<\/td>\n<td style=\"text-align: center; width: 8.45656%; height: 24px;\">F<\/td>\n<td style=\"width: 5.68495%; height: 24px;\">520<\/td>\n<td style=\"width: 6.31417%; height: 24px;\">775<\/td>\n<td style=\"width: 6.24631%; height: 24px;\">1016<\/td>\n<td style=\"width: 6.47714%; height: 24px;\">1580<\/td>\n<td style=\"width: 6.4195%; height: 24px;\">1580<\/td>\n<\/tr>\n<tr style=\"height: 24px;\">\n<td style=\"width: 47.4156%; height: 24px;\">H\u00f6he Kopfteil<\/td>\n<td style=\"text-align: center; width: 8.45656%; height: 24px;\">G<\/td>\n<td style=\"width: 5.68495%; height: 24px;\">1030<\/td>\n<td style=\"width: 6.31417%; height: 24px;\">1350<\/td>\n<td style=\"width: 6.24631%; height: 24px;\">2130<\/td>\n<td style=\"width: 6.47714%; height: 24px;\">3150<\/td>\n<td style=\"width: 6.4195%; height: 24px;\">3150<\/td>\n<\/tr>\n<tr style=\"height: 24px;\">\n<td style=\"width: 47.4156%; height: 24px;\">H\u00f6he Auslauf<\/td>\n<td style=\"text-align: center; width: 8.45656%; height: 24px;\">H<\/td>\n<td style=\"width: 5.68495%; height: 24px;\">860<\/td>\n<td style=\"width: 6.31417%; height: 24px;\">1250<\/td>\n<td style=\"width: 6.24631%; height: 24px;\">1680<\/td>\n<td style=\"width: 6.47714%; height: 24px;\">2230<\/td>\n<td style=\"width: 6.4195%; height: 24px;\">2680<\/td>\n<\/tr>\n<tr style=\"height: 24px;\">\n<td style=\"width: 47.4156%; height: 24px;\">Breite Kopfteil<\/td>\n<td style=\"text-align: center; width: 8.45656%; height: 24px;\">I<\/td>\n<td style=\"width: 5.68495%; height: 24px;\">860<\/td>\n<td style=\"width: 6.31417%; height: 24px;\">1775<\/td>\n<td style=\"width: 6.24631%; height: 24px;\">2480<\/td>\n<td style=\"width: 6.47714%; height: 24px;\">2760<\/td>\n<td style=\"width: 6.4195%; height: 24px;\">2760<\/td>\n<\/tr>\n<tr style=\"height: 24px;\">\n<td style=\"width: 47.4156%; height: 24px;\">Tiefe Schacht<\/td>\n<td style=\"text-align: center; width: 8.45656%; height: 24px;\">J<\/td>\n<td style=\"width: 5.68495%; height: 24px;\">200<\/td>\n<td style=\"width: 6.31417%; height: 24px;\">300<\/td>\n<td style=\"width: 6.24631%; height: 24px;\">1360<\/td>\n<td style=\"width: 6.47714%; height: 24px;\">1750<\/td>\n<td style=\"width: 6.4195%; height: 24px;\">1750<\/td>\n<\/tr>\n<tr style=\"height: 24px;\">\n<td style=\"width: 47.4156%; height: 24px;\">Breite Schacht<\/td>\n<td style=\"text-align: center; width: 8.45656%; height: 24px;\">K<\/td>\n<td style=\"width: 5.68495%; height: 24px;\">200<\/td>\n<td style=\"width: 6.31417%; height: 24px;\">410<\/td>\n<td style=\"width: 6.24631%; height: 24px;\">590<\/td>\n<td style=\"width: 6.47714%; height: 24px;\">950<\/td>\n<td style=\"width: 6.4195%; height: 24px;\">950<\/td>\n<\/tr>\n<tr style=\"height: 24px;\">\n<td style=\"width: 47.4156%; height: 24px;\">Schachtl\u00e4nge pro Segment<\/td>\n<td style=\"text-align: center; width: 8.45656%; height: 24px;\">M<\/td>\n<td style=\"width: 5.68495%; height: 24px;\">3000<\/td>\n<td style=\"width: 6.31417%; height: 24px;\">3000<\/td>\n<td style=\"width: 6.24631%; height: 24px;\">6000<\/td>\n<td style=\"width: 6.47714%; height: 24px;\">6000<\/td>\n<td style=\"width: 6.4195%; height: 24px;\">6000<\/td>\n<\/tr>\n<tr style=\"height: 24px;\">\n<td style=\"width: 47.4156%; height: 24px;\">Anzahl Schachtbeine<\/td>\n<td style=\"width: 8.45656%; height: 24px;\"><\/td>\n<td style=\"width: 5.68495%; height: 24px;\">1 of 2<\/td>\n<td style=\"width: 6.31417%; height: 24px;\">1 of 2<\/td>\n<td style=\"width: 6.24631%; height: 24px;\">1<\/td>\n<td style=\"width: 6.47714%; height: 24px;\">1<\/td>\n<td style=\"width: 6.4195%; height: 24px;\">1<\/td>\n<\/tr>\n<tr style=\"height: 24px;\">\n<td style=\"width: 47.4156%; height: 24px;\">Gesamtl\u00e4nge abz\u00fcglich Achsabstand<\/td>\n<td style=\"width: 8.45656%; height: 24px;\"><\/td>\n<td style=\"width: 5.68495%; height: 24px;\">1840<\/td>\n<td style=\"width: 6.31417%; height: 24px;\">2725<\/td>\n<td style=\"width: 6.24631%; height: 24px;\">3780<\/td>\n<td style=\"width: 6.47714%; height: 24px;\">5080<\/td>\n<td style=\"width: 6.4195%; height: 24px;\">5530<\/td>\n<\/tr>\n<tr style=\"height: 24px;\">\n<td style=\"width: 47.4156%; height: 24px;\">F\u00f6rderleistung mit Hochleistungsbechern (m\u00b3\/h bei 1\u202fm\/s)<\/td>\n<td style=\"width: 8.45656%; height: 24px;\"><\/td>\n<td style=\"width: 5.68495%; height: 24px;\">27<\/td>\n<td style=\"width: 6.31417%; height: 24px;\">100<\/td>\n<td style=\"width: 6.24631%; height: 24px;\">175<\/td>\n<td style=\"width: 6.47714%; height: 24px;\">340<\/td>\n<td style=\"width: 6.4195%; height: 24px;\">340<\/td>\n<\/tr>\n<tr style=\"height: 48px;\">\n<td style=\"width: 47.4156%; height: 48px;\">F\u00f6rderleistung mit Kunststoffbechern f\u00fcr Sand und Kies (m\u00b3\/h bei 1\u202fm\/s)<\/td>\n<td style=\"width: 8.45656%; height: 48px;\"><\/td>\n<td style=\"width: 5.68495%; height: 48px;\">16<\/td>\n<td style=\"width: 6.31417%; height: 48px;\">80<\/td>\n<td style=\"width: 6.24631%; height: 48px;\">130<\/td>\n<td style=\"width: 6.47714%; height: 48px;\">226<\/td>\n<td style=\"width: 6.4195%; height: 48px;\">320<\/td>\n<\/tr>\n<tr style=\"height: 24px;\">\n<td style=\"width: 47.4156%; height: 25px;\">Alle Ma\u00dfe in mm<\/td>\n<td style=\"width: 8.45656%; height: 25px;\"><\/td>\n<td style=\"width: 5.68495%; height: 25px;\"><\/td>\n<td style=\"width: 6.31417%; height: 25px;\"><\/td>\n<td style=\"width: 6.24631%; height: 25px;\"><\/td>\n<td style=\"width: 6.47714%; height: 25px;\"><\/td>\n<td style=\"width: 6.4195%; height: 25px;\"><\/td>\n<\/tr>\n<\/tbody>\n<\/table>\n<div id=\"attachment_8920\" style=\"width: 503px\" class=\"wp-caption alignnone\"><img fetchpriority=\"high\" decoding=\"async\" aria-describedby=\"caption-attachment-8920\" class=\"wp-image-8920 size-full\" src=\"https:\/\/jh.nl\/wp-content\/uploads\/2018\/01\/3-vemaatschetselevatoren.jpg\" alt=\"Een tekening van de JHE inclusief maatcodes van bijhorende tabel.\" width=\"493\" height=\"700\" srcset=\"https:\/\/jh.nl\/wp-content\/uploads\/2018\/01\/3-vemaatschetselevatoren.jpg 493w, https:\/\/jh.nl\/wp-content\/uploads\/2018\/01\/3-vemaatschetselevatoren-400x568.jpg 400w, https:\/\/jh.nl\/wp-content\/uploads\/2018\/01\/3-vemaatschetselevatoren-211x300.jpg 211w\" sizes=\"(max-width: 493px) 100vw, 493px\" \/><p id=\"caption-attachment-8920\" class=\"wp-caption-text\">1. zeichnung JHE<\/p><\/div>\n<h2 data-start=\"130\" data-end=\"164\">Funktionsweise Des Becherwerks<\/h2>\n<p>Ein Becherwerk f\u00f6rdert Sch\u00fcttgut senkrecht \u00fcber ein umlaufendes Band oder eine Kette mit daran befestigten Bechern. Am unteren Ende wird das Material zugef\u00fchrt, von den Bechern aufgenommen und nach oben transportiert. Im Kopfteil erfolgt die Entleerung durch Zentrifugal- oder Schwerkraftwirkung. Die geschlossene Bauweise verhindert Staubemissionen und macht die Anlage geeignet f\u00fcr den Einsatz in ATEX-Zonen.<\/p>\n<p><a style=\"display: inline-block; background-color: #4d4d4d; color: #fff; padding: 12px 20px; border-radius: 6px; text-decoration: none; font-weight: 600;\" href=\"https:\/\/jh.nl\/de\/contact\/\">Kontakt Aufnehmen<\/a> <a style=\"display: inline-block; background-color: #ffc800; color: #000; padding: 12px 20px; border-radius: 6px; text-decoration: none; font-weight: 600; margin-left: 10px;\" href=\"https:\/\/jh.nl\/de\/formular\/angebotsanfrage\/\">Angebot Anfordern \u2013 becherwerke<\/a><\/p>\n<h2 data-start=\"201\" data-end=\"229\">Vorteile Des Becherwerks<\/h2>\n<ul>\n<li data-start=\"233\" data-end=\"308\">Geeignet f\u00fcr den kontinuierlichen, senkrechten Transport von Sch\u00fcttg\u00fctern<\/li>\n<li data-start=\"311\" data-end=\"363\">Staubdichtes System, einsetzbar in ATEX-Zone 21\/22<\/li>\n<li data-start=\"366\" data-end=\"409\">Kompakter Einbau durch vertikale Bauweise<\/li>\n<li data-start=\"412\" data-end=\"477\">Geringer Verschlei\u00df und Wartungsaufwand bei korrekter Auslegung<\/li>\n<li data-start=\"480\" data-end=\"523\">Modular aufgebaut und einfach erweiterbar<\/li>\n<li data-start=\"526\" data-end=\"588\">Verschiedene Materialoptionen: Stahl, Edelstahl, Manganstahl<\/li>\n<li data-start=\"591\" data-end=\"644\">Einsetzbar f\u00fcr feine, trockene und k\u00f6rnige Produkte<\/li>\n<li data-start=\"647\" data-end=\"716\">Als Einzelanlage oder integriert in komplette Prozesslinien nutzbar<\/li>\n<li data-start=\"719\" data-end=\"789\">Maximale F\u00f6rderleistung mit Hochleistungsbechern: 340\u202fm\u00b3\/h bei 1\u202fm\/s<\/li>\n<li data-start=\"792\" data-end=\"875\">Maximale F\u00f6rderleistung mit Kunststoffbechern f\u00fcr Sand und Kies: 320\u202fm\u00b3\/h bei 1\u202fm\/s<\/li>\n<\/ul>\n<h3 data-start=\"882\" data-end=\"920\">Jansen&amp;Heuning Berechnungsprogramm<\/h3>\n<p data-start=\"922\" data-end=\"1240\">Mit dem <a href=\"https:\/\/jh.nl\/de\/berekeningsprogramma\/\">JH-Berechnungsprogramm<\/a> wird auf Basis Ihrer Eingabedaten ein passendes Becherwerk ausgelegt. Technische Zeichnungen von Standardausf\u00fchrungen sind auf Anfrage verf\u00fcgbar. Da ein Becherwerk optimal auf die jeweilige Anlage abgestimmt sein muss, hat sich Jansen&amp;Heuning auf ma\u00dfgeschneiderte L\u00f6sungen spezialisiert.<\/p>\n<h3 data-start=\"1247\" data-end=\"1258\">Kontakt<\/h3>\n<p data-start=\"1260\" data-end=\"1357\">F\u00fcr weitere Informationen oder ein individuelles Angebot wenden Sie sich bitte an Jansen&amp;Heuning:<\/p>\n<ul>\n<li data-start=\"1971\" data-end=\"2066\">Telefon: <a href=\"callto:+310503126448\"><span class=\"relative -mx-px my-[-0.2rem] rounded px-px py-[0.2rem]\">+31(0)50 3126 448<\/span><\/a><\/li>\n<li data-start=\"2069\" data-end=\"2162\">E-mail: <span class=\"relative -mx-px my-[-0.2rem] rounded px-px py-[0.2rem]\"><a href=\"mailto:sales@jh.nl\" data-start=\"0\" data-end=\"11\" data-is-last-node=\"\" data-is-only-node=\"\">sales@jh.nl<\/a><\/span>\u200b<\/li>\n<li data-start=\"2165\" data-end=\"2268\">Kontaktformular: <span class=\"relative -mx-px my-[-0.2rem] rounded px-px py-[0.2rem]\"><a href=\"https:\/\/jh.nl\/de\/contact\/\" target=\"_new\" rel=\"noopener noreferrer\" data-start=\"0\" data-end=\"46\" data-is-last-node=\"\" data-is-only-node=\"\">www.jh.de\/contact<\/a><\/span><\/li>\n<\/ul>\n<h3 data-start=\"64\" data-end=\"81\"><strong data-start=\"64\" data-end=\"81\">Video Ansehen<\/strong><\/h3>\n<p data-start=\"83\" data-end=\"251\" data-is-last-node=\"\" data-is-only-node=\"\">Im Video sehen Sie den gesamten Prozess von der Fertigung bei Jansen&amp;Heuning \u00fcber den Transport bis zur Montage des Becherwerks vom Typ JHE313 bei Maltha Glasrecycling.<\/p>\n<p><iframe src=\"https:\/\/www.youtube.com\/embed\/3IuKlX525XU\" width=\"560\" height=\"315\" frameborder=\"0\" data-mce-fragment=\"1\"><\/iframe><\/p>\n","protected":false},"excerpt":{"rendered":"<p>Der Becherwerk von Jansen&amp;Heuning transportiert Sch\u00fcttg\u00fcter kontrolliert und senkrecht. In&#8230;<\/p>\n","protected":false},"featured_media":26629,"comment_status":"open","ping_status":"closed","template":"","meta":{"_acf_changed":false},"product_brand":[],"product_cat":[339],"product_tag":[],"class_list":{"0":"post-26667","1":"product","2":"type-product","3":"status-publish","4":"has-post-thumbnail","6":"product_cat-becherwerke-becherwerke","8":"first","9":"instock","10":"taxable","11":"shipping-taxable","12":"product-type-simple"},"acf":[],"yoast_head":"<!-- This site is optimized with the Yoast SEO plugin v27.4 - https:\/\/yoast.com\/product\/yoast-seo-wordpress\/ -->\n<title>Becherwerke JHE-Serie F\u00fcr Sch\u00fcttg\u00fcter | Jansen&amp;Heuning<\/title>\n<meta name=\"description\" content=\"Entdecken Sie die JHE-Serie f\u00fcr den senkrechten Transport von Sch\u00fcttgut. Modular, ATEX-konform und individuell konfigurierbar.\" \/>\n<meta name=\"robots\" content=\"index, follow, max-snippet:-1, max-image-preview:large, max-video-preview:-1\" \/>\n<link rel=\"canonical\" href=\"https:\/\/jh.nl\/de\/product\/becherwerke\/\" \/>\n<meta property=\"og:locale\" content=\"de_DE\" \/>\n<meta property=\"og:type\" content=\"article\" \/>\n<meta property=\"og:title\" content=\"Becherwerke JHE-Serie F\u00fcr Sch\u00fcttg\u00fcter | Jansen&amp;Heuning\" \/>\n<meta property=\"og:description\" content=\"Entdecken Sie die JHE-Serie f\u00fcr den senkrechten Transport von Sch\u00fcttgut. Modular, ATEX-konform und individuell konfigurierbar.\" \/>\n<meta property=\"og:url\" content=\"https:\/\/jh.nl\/de\/product\/becherwerke\/\" \/>\n<meta property=\"og:site_name\" content=\"Jansen&amp;Heuning\" \/>\n<meta property=\"article:publisher\" content=\"https:\/\/www.facebook.com\/JansenHeuning\" \/>\n<meta property=\"article:modified_time\" content=\"2026-04-14T10:08:10+00:00\" \/>\n<meta property=\"og:image\" content=\"https:\/\/jh.nl\/wp-content\/uploads\/2025\/07\/JHE-nieuw.png\" \/>\n\t<meta property=\"og:image:width\" content=\"750\" \/>\n\t<meta property=\"og:image:height\" content=\"750\" \/>\n\t<meta property=\"og:image:type\" content=\"image\/png\" \/>\n<meta name=\"twitter:card\" content=\"summary_large_image\" \/>\n<meta name=\"twitter:label1\" content=\"Gesch\u00e4tzte Lesezeit\" \/>\n\t<meta name=\"twitter:data1\" content=\"4\u00a0Minuten\" \/>\n<script type=\"application\/ld+json\" class=\"yoast-schema-graph\">{\"@context\":\"https:\\\/\\\/schema.org\",\"@graph\":[{\"@type\":\"WebPage\",\"@id\":\"https:\\\/\\\/jh.nl\\\/de\\\/product\\\/becherwerke\\\/\",\"url\":\"https:\\\/\\\/jh.nl\\\/de\\\/product\\\/becherwerke\\\/\",\"name\":\"Becherwerke JHE-Serie F\u00fcr Sch\u00fcttg\u00fcter | Jansen&Heuning\",\"isPartOf\":{\"@id\":\"https:\\\/\\\/jh.nl\\\/nl\\\/#website\"},\"primaryImageOfPage\":{\"@id\":\"https:\\\/\\\/jh.nl\\\/de\\\/product\\\/becherwerke\\\/#primaryimage\"},\"image\":{\"@id\":\"https:\\\/\\\/jh.nl\\\/de\\\/product\\\/becherwerke\\\/#primaryimage\"},\"thumbnailUrl\":\"https:\\\/\\\/jh.nl\\\/wp-content\\\/uploads\\\/2025\\\/07\\\/JHE-nieuw.png\",\"datePublished\":\"2025-07-16T09:31:18+00:00\",\"dateModified\":\"2026-04-14T10:08:10+00:00\",\"description\":\"Entdecken Sie die JHE-Serie f\u00fcr den senkrechten Transport von Sch\u00fcttgut. Modular, ATEX-konform und individuell konfigurierbar.\",\"breadcrumb\":{\"@id\":\"https:\\\/\\\/jh.nl\\\/de\\\/product\\\/becherwerke\\\/#breadcrumb\"},\"inLanguage\":\"de\",\"potentialAction\":[{\"@type\":\"ReadAction\",\"target\":[\"https:\\\/\\\/jh.nl\\\/de\\\/product\\\/becherwerke\\\/\"]}]},{\"@type\":\"ImageObject\",\"inLanguage\":\"de\",\"@id\":\"https:\\\/\\\/jh.nl\\\/de\\\/product\\\/becherwerke\\\/#primaryimage\",\"url\":\"https:\\\/\\\/jh.nl\\\/wp-content\\\/uploads\\\/2025\\\/07\\\/JHE-nieuw.png\",\"contentUrl\":\"https:\\\/\\\/jh.nl\\\/wp-content\\\/uploads\\\/2025\\\/07\\\/JHE-nieuw.png\",\"width\":750,\"height\":750,\"caption\":\"verticale elevatoroplossing voor het opvoeren van poeders, korrels en granulaten\"},{\"@type\":\"BreadcrumbList\",\"@id\":\"https:\\\/\\\/jh.nl\\\/de\\\/product\\\/becherwerke\\\/#breadcrumb\",\"itemListElement\":[{\"@type\":\"ListItem\",\"position\":1,\"name\":\"Home\",\"item\":\"https:\\\/\\\/jh.nl\\\/de\\\/\"},{\"@type\":\"ListItem\",\"position\":2,\"name\":\"Producten\",\"item\":\"https:\\\/\\\/jh.nl\\\/nl\\\/producten\\\/\"},{\"@type\":\"ListItem\",\"position\":3,\"name\":\"Bekerelevator\",\"item\":\"https:\\\/\\\/jh.nl\\\/nl\\\/product-categorie\\\/bekerelevator\\\/\"},{\"@type\":\"ListItem\",\"position\":4,\"name\":\"Becherwerke\"}]},{\"@type\":\"WebSite\",\"@id\":\"https:\\\/\\\/jh.nl\\\/nl\\\/#website\",\"url\":\"https:\\\/\\\/jh.nl\\\/nl\\\/\",\"name\":\"Jansen & Heuning\",\"description\":\"Bulk Handling Systems\",\"publisher\":{\"@id\":\"https:\\\/\\\/jh.nl\\\/nl\\\/#organization\"},\"alternateName\":\"J&H\",\"potentialAction\":[{\"@type\":\"SearchAction\",\"target\":{\"@type\":\"EntryPoint\",\"urlTemplate\":\"https:\\\/\\\/jh.nl\\\/nl\\\/?s={search_term_string}\"},\"query-input\":{\"@type\":\"PropertyValueSpecification\",\"valueRequired\":true,\"valueName\":\"search_term_string\"}}],\"inLanguage\":\"de\"},{\"@type\":\"Organization\",\"@id\":\"https:\\\/\\\/jh.nl\\\/nl\\\/#organization\",\"name\":\"Jansen & Heuning\",\"alternateName\":\"J&H\",\"url\":\"https:\\\/\\\/jh.nl\\\/nl\\\/\",\"logo\":{\"@type\":\"ImageObject\",\"inLanguage\":\"de\",\"@id\":\"https:\\\/\\\/jh.nl\\\/nl\\\/#\\\/schema\\\/logo\\\/image\\\/\",\"url\":\"https:\\\/\\\/jh.nl\\\/wp-content\\\/uploads\\\/2022\\\/05\\\/JH-logo-scaled.gif\",\"contentUrl\":\"https:\\\/\\\/jh.nl\\\/wp-content\\\/uploads\\\/2022\\\/05\\\/JH-logo-scaled.gif\",\"width\":2560,\"height\":429,\"caption\":\"Jansen & Heuning\"},\"image\":{\"@id\":\"https:\\\/\\\/jh.nl\\\/nl\\\/#\\\/schema\\\/logo\\\/image\\\/\"},\"sameAs\":[\"https:\\\/\\\/www.facebook.com\\\/JansenHeuning\",\"https:\\\/\\\/www.youtube.com\\\/user\\\/JansenenHeuning\\\/featured\",\"https:\\\/\\\/www.linkedin.com\\\/company\\\/1768497\\\/\"]}]}<\/script>\n<!-- \/ Yoast SEO plugin. -->","yoast_head_json":{"title":"Becherwerke JHE-Serie F\u00fcr Sch\u00fcttg\u00fcter | Jansen&Heuning","description":"Entdecken Sie die JHE-Serie f\u00fcr den senkrechten Transport von Sch\u00fcttgut. Modular, ATEX-konform und individuell konfigurierbar.","robots":{"index":"index","follow":"follow","max-snippet":"max-snippet:-1","max-image-preview":"max-image-preview:large","max-video-preview":"max-video-preview:-1"},"canonical":"https:\/\/jh.nl\/de\/product\/becherwerke\/","og_locale":"de_DE","og_type":"article","og_title":"Becherwerke JHE-Serie F\u00fcr Sch\u00fcttg\u00fcter | Jansen&Heuning","og_description":"Entdecken Sie die JHE-Serie f\u00fcr den senkrechten Transport von Sch\u00fcttgut. Modular, ATEX-konform und individuell konfigurierbar.","og_url":"https:\/\/jh.nl\/de\/product\/becherwerke\/","og_site_name":"Jansen&amp;Heuning","article_publisher":"https:\/\/www.facebook.com\/JansenHeuning","article_modified_time":"2026-04-14T10:08:10+00:00","og_image":[{"width":750,"height":750,"url":"https:\/\/jh.nl\/wp-content\/uploads\/2025\/07\/JHE-nieuw.png","type":"image\/png"}],"twitter_card":"summary_large_image","twitter_misc":{"Gesch\u00e4tzte Lesezeit":"4\u00a0Minuten"},"schema":{"@context":"https:\/\/schema.org","@graph":[{"@type":"WebPage","@id":"https:\/\/jh.nl\/de\/product\/becherwerke\/","url":"https:\/\/jh.nl\/de\/product\/becherwerke\/","name":"Becherwerke JHE-Serie F\u00fcr Sch\u00fcttg\u00fcter | Jansen&Heuning","isPartOf":{"@id":"https:\/\/jh.nl\/nl\/#website"},"primaryImageOfPage":{"@id":"https:\/\/jh.nl\/de\/product\/becherwerke\/#primaryimage"},"image":{"@id":"https:\/\/jh.nl\/de\/product\/becherwerke\/#primaryimage"},"thumbnailUrl":"https:\/\/jh.nl\/wp-content\/uploads\/2025\/07\/JHE-nieuw.png","datePublished":"2025-07-16T09:31:18+00:00","dateModified":"2026-04-14T10:08:10+00:00","description":"Entdecken Sie die JHE-Serie f\u00fcr den senkrechten Transport von Sch\u00fcttgut. Modular, ATEX-konform und individuell konfigurierbar.","breadcrumb":{"@id":"https:\/\/jh.nl\/de\/product\/becherwerke\/#breadcrumb"},"inLanguage":"de","potentialAction":[{"@type":"ReadAction","target":["https:\/\/jh.nl\/de\/product\/becherwerke\/"]}]},{"@type":"ImageObject","inLanguage":"de","@id":"https:\/\/jh.nl\/de\/product\/becherwerke\/#primaryimage","url":"https:\/\/jh.nl\/wp-content\/uploads\/2025\/07\/JHE-nieuw.png","contentUrl":"https:\/\/jh.nl\/wp-content\/uploads\/2025\/07\/JHE-nieuw.png","width":750,"height":750,"caption":"verticale elevatoroplossing voor het opvoeren van poeders, korrels en granulaten"},{"@type":"BreadcrumbList","@id":"https:\/\/jh.nl\/de\/product\/becherwerke\/#breadcrumb","itemListElement":[{"@type":"ListItem","position":1,"name":"Home","item":"https:\/\/jh.nl\/de\/"},{"@type":"ListItem","position":2,"name":"Producten","item":"https:\/\/jh.nl\/nl\/producten\/"},{"@type":"ListItem","position":3,"name":"Bekerelevator","item":"https:\/\/jh.nl\/nl\/product-categorie\/bekerelevator\/"},{"@type":"ListItem","position":4,"name":"Becherwerke"}]},{"@type":"WebSite","@id":"https:\/\/jh.nl\/nl\/#website","url":"https:\/\/jh.nl\/nl\/","name":"Jansen & Heuning","description":"Bulk Handling Systems","publisher":{"@id":"https:\/\/jh.nl\/nl\/#organization"},"alternateName":"J&H","potentialAction":[{"@type":"SearchAction","target":{"@type":"EntryPoint","urlTemplate":"https:\/\/jh.nl\/nl\/?s={search_term_string}"},"query-input":{"@type":"PropertyValueSpecification","valueRequired":true,"valueName":"search_term_string"}}],"inLanguage":"de"},{"@type":"Organization","@id":"https:\/\/jh.nl\/nl\/#organization","name":"Jansen & Heuning","alternateName":"J&H","url":"https:\/\/jh.nl\/nl\/","logo":{"@type":"ImageObject","inLanguage":"de","@id":"https:\/\/jh.nl\/nl\/#\/schema\/logo\/image\/","url":"https:\/\/jh.nl\/wp-content\/uploads\/2022\/05\/JH-logo-scaled.gif","contentUrl":"https:\/\/jh.nl\/wp-content\/uploads\/2022\/05\/JH-logo-scaled.gif","width":2560,"height":429,"caption":"Jansen & Heuning"},"image":{"@id":"https:\/\/jh.nl\/nl\/#\/schema\/logo\/image\/"},"sameAs":["https:\/\/www.facebook.com\/JansenHeuning","https:\/\/www.youtube.com\/user\/JansenenHeuning\/featured","https:\/\/www.linkedin.com\/company\/1768497\/"]}]}},"_links":{"self":[{"href":"https:\/\/jh.nl\/de\/wp-json\/wp\/v2\/product\/26667","targetHints":{"allow":["GET"]}}],"collection":[{"href":"https:\/\/jh.nl\/de\/wp-json\/wp\/v2\/product"}],"about":[{"href":"https:\/\/jh.nl\/de\/wp-json\/wp\/v2\/types\/product"}],"replies":[{"embeddable":true,"href":"https:\/\/jh.nl\/de\/wp-json\/wp\/v2\/comments?post=26667"}],"wp:featuredmedia":[{"embeddable":true,"href":"https:\/\/jh.nl\/de\/wp-json\/wp\/v2\/media\/26629"}],"wp:attachment":[{"href":"https:\/\/jh.nl\/de\/wp-json\/wp\/v2\/media?parent=26667"}],"wp:term":[{"taxonomy":"product_brand","embeddable":true,"href":"https:\/\/jh.nl\/de\/wp-json\/wp\/v2\/product_brand?post=26667"},{"taxonomy":"product_cat","embeddable":true,"href":"https:\/\/jh.nl\/de\/wp-json\/wp\/v2\/product_cat?post=26667"},{"taxonomy":"product_tag","embeddable":true,"href":"https:\/\/jh.nl\/de\/wp-json\/wp\/v2\/product_tag?post=26667"}],"curies":[{"name":"wp","href":"https:\/\/api.w.org\/{rel}","templated":true}]}}