{"id":26701,"date":"2025-07-16T14:58:33","date_gmt":"2025-07-16T12:58:33","guid":{"rendered":"https:\/\/jh.nl\/?post_type=product&#038;p=26701"},"modified":"2026-04-13T15:58:33","modified_gmt":"2026-04-13T13:58:33","slug":"schneckenfoerderer","status":"publish","type":"product","link":"https:\/\/jh.nl\/de\/product\/schneckenfoerderer\/","title":{"rendered":"Schneckenf\u00f6rderer"},"content":{"rendered":"<p data-start=\"130\" data-end=\"675\">Die Schneckenf\u00f6rderer von Jansen&amp;Heuning \u2013 auch bekannt als F\u00f6rderschnecke \u2013 transportieren trockene oder leicht feuchte Sch\u00fcttg\u00fcter kontrolliert in einem geschlossenen System. Die Anlagen eignen sich f\u00fcr horizontale, ansteigende und vertikale F\u00f6rderaufgaben. Dank des modularen Aufbaus, individueller Abmessungen und Materialwahl (Stahl, Edelstahl oder verschlei\u00dffestem Stahl) passt sich jede Ausf\u00fchrung optimal an Produkt, Prozess und Einbausituation an. Als Deckeloptionen stehen Schnellverschl\u00fcsse oder Schraubverbindungen zur Verf\u00fcgung.<\/p>\n<p data-start=\"677\" data-end=\"1057\">Jansen&amp;Heuning liefert Schneckenf\u00f6rderer f\u00fcr verschiedenste Branchen \u2013 unter anderem die Lebensmittelindustrie, Chemie, Recycling, Mineralienverarbeitung und Landwirtschaft. F\u00fcr klebrige oder schwer flie\u00dfende Materialien empfiehlt sich eine wellenlose Schneckenf\u00f6rderer-Ausf\u00fchrung mit Bandspirale. Die Anlagen sind in unterschiedlichen Durchmessern und Kapazit\u00e4ten erh\u00e4ltlich.<\/p>\n<h2>Spezifikationen\u00a0<strong data-start=\"1064\" data-end=\"1102\">Schneckenf\u00f6rderer<\/strong><\/h2>\n<div class=\"section__desc\">\n<ul>\n<li>Erh\u00e4ltlich als Rohr- oder Trogf\u00f6rderer<\/li>\n<li>Schneckenblatt in St37, Edelstahl oder verschlei\u00dffestem Stahl<\/li>\n<li>Mit Zentralwelle oder wellenloser Ausf\u00fchrung<\/li>\n<li>Antriebswelle \u00d8 40 bis 100 mm<\/li>\n<li>F\u00f6rderleistung bis zu 430 m\u00b3\/h<\/li>\n<li>Trogbreite von 220 bis 820 mm<\/li>\n<li>Verschiedene Lageroptionen (Kugel- oder Gleitlager)<\/li>\n<li>Antrieb \u00fcber Getriebemotor, auf Anfrage konfigurierbar<\/li>\n<\/ul>\n<p>&nbsp;<\/p>\n<\/div>\n<table style=\"width: 32.0672%; height: 352px;\" border=\"0\">\n<tbody>\n<tr style=\"height: 95px;\">\n<td style=\"height: 95px; width: 30%;\" width=\"30%\"><strong>\u00a0<\/strong><\/p>\n<p><strong>\u00a0<\/strong><\/td>\n<td style=\"height: 95px; width: 11%;\" width=\"11%\"><strong>JHS 200<\/strong><\/td>\n<td style=\"height: 95px; width: 11%;\" width=\"11%\"><strong>JHS 300<\/strong><\/td>\n<td style=\"height: 95px; width: 11%;\" width=\"11%\"><strong>JHS 400<\/strong><\/td>\n<td style=\"height: 95px; width: 11%;\" width=\"11%\"><strong>JHS 500<\/strong><\/td>\n<td style=\"height: 95px; width: 11%;\" width=\"11%\"><strong>JHS 600<\/strong><\/td>\n<td style=\"height: 95px; width: 11%;\" width=\"11%\"><strong>JHS 800<\/strong><\/td>\n<\/tr>\n<tr style=\"height: 24px;\">\n<td style=\"height: 24px; width: 30%;\" width=\"30%\">Durchmesser Schneckenblatt<\/td>\n<td style=\"height: 24px; width: 11%;\" width=\"11%\">200<\/td>\n<td style=\"height: 24px; width: 11%;\" width=\"11%\">300<\/td>\n<td style=\"height: 24px; width: 11%;\" width=\"11%\">400<\/td>\n<td style=\"height: 24px; width: 11%;\" width=\"11%\">500<\/td>\n<td style=\"height: 24px; width: 11%;\" width=\"11%\">600<\/td>\n<td style=\"height: 24px; width: 11%;\" width=\"11%\">800<\/td>\n<\/tr>\n<tr style=\"height: 24px;\">\n<td style=\"height: 24px; width: 30%;\" width=\"30%\">Durchmesser Antriebswelle<\/td>\n<td style=\"height: 24px; width: 11%;\" width=\"11%\">40<\/td>\n<td style=\"height: 24px; width: 11%;\" width=\"11%\">50<\/td>\n<td style=\"height: 24px; width: 11%;\" width=\"11%\">60<\/td>\n<td style=\"height: 24px; width: 11%;\" width=\"11%\">70<\/td>\n<td style=\"height: 24px; width: 11%;\" width=\"11%\">80<\/td>\n<td style=\"height: 24px; width: 11%;\" width=\"11%\">100<\/td>\n<\/tr>\n<tr style=\"height: 24px;\">\n<td style=\"height: 24px; width: 30%;\" width=\"30%\">Trogbreite ohne Flansch<\/td>\n<td style=\"height: 24px; width: 11%;\" width=\"11%\">220<\/td>\n<td style=\"height: 24px; width: 11%;\" width=\"11%\">320<\/td>\n<td style=\"height: 24px; width: 11%;\" width=\"11%\">420<\/td>\n<td style=\"height: 24px; width: 11%;\" width=\"11%\">520<\/td>\n<td style=\"height: 24px; width: 11%;\" width=\"11%\">620<\/td>\n<td style=\"height: 24px; width: 11%;\" width=\"11%\">820<\/td>\n<\/tr>\n<tr style=\"height: 24px;\">\n<td style=\"height: 24px; width: 30%;\" width=\"30%\">Trogbreite mit Flansch\/Deckel<\/td>\n<td style=\"height: 24px; width: 11%;\" width=\"11%\">340<\/td>\n<td style=\"height: 24px; width: 11%;\" width=\"11%\">340<\/td>\n<td style=\"height: 24px; width: 11%;\" width=\"11%\">540<\/td>\n<td style=\"height: 24px; width: 11%;\" width=\"11%\">640<\/td>\n<td style=\"height: 24px; width: 11%;\" width=\"11%\">740<\/td>\n<td style=\"height: 24px; width: 11%;\" width=\"11%\">940<\/td>\n<\/tr>\n<tr style=\"height: 24px;\">\n<td style=\"height: 24px; width: 30%;\" width=\"30%\">Troph\u00f6he<\/td>\n<td style=\"height: 24px; width: 11%;\" width=\"11%\">330<\/td>\n<td style=\"height: 24px; width: 11%;\" width=\"11%\">330<\/td>\n<td style=\"height: 24px; width: 11%;\" width=\"11%\">530<\/td>\n<td style=\"height: 24px; width: 11%;\" width=\"11%\">630<\/td>\n<td style=\"height: 24px; width: 11%;\" width=\"11%\">730<\/td>\n<td style=\"height: 24px; width: 11%;\" width=\"11%\">930<\/td>\n<\/tr>\n<tr style=\"height: 72px;\">\n<td style=\"height: 72px; width: 30%;\" width=\"30%\">\n<p data-start=\"101\" data-end=\"306\">F\u00f6rderleistung (m\u00b3\/h bei 45\u202f% F\u00fcllgrad und v = 0,6\u202fm\/s)<\/p>\n<\/td>\n<td style=\"height: 72px; width: 11%;\" width=\"11%\">20<\/td>\n<td style=\"height: 72px; width: 11%;\" width=\"11%\">54<\/td>\n<td style=\"height: 72px; width: 11%;\" width=\"11%\">100<\/td>\n<td style=\"height: 72px; width: 11%;\" width=\"11%\">170<\/td>\n<td style=\"height: 72px; width: 11%;\" width=\"11%\">217<\/td>\n<td style=\"height: 72px; width: 11%;\" width=\"11%\">430<\/td>\n<\/tr>\n<tr style=\"height: 65px;\">\n<td style=\"height: 65px; width: 85%;\" colspan=\"6\" width=\"85%\">\n<h6><em>Alle Einbauma\u00dfe, grob, in mm<\/em><\/h6>\n<\/td>\n<td style=\"height: 65px; width: 11%;\"><\/td>\n<\/tr>\n<\/tbody>\n<\/table>\n<div class=\"section__desc\">\n<h2 data-start=\"157\" data-end=\"198\"><strong data-start=\"157\" data-end=\"198\">Funktionsweise des Schneckenf\u00f6rderers<\/strong><\/h2>\n<p data-start=\"200\" data-end=\"641\">Der Schneckenf\u00f6rderer besteht aus einer rotierenden Spirale, die das Sch\u00fcttgut in einer geschlossenen Trog- oder Rohrkonstruktion f\u00f6rdert. F\u00f6rdergeschwindigkeit und F\u00fcllgrad bestimmen gemeinsam die Leistung. Durch das geschlossene System wird Staubaustritt verhindert. Der Transport kann in beide Richtungen erfolgen und mehrere Ein- und Ausl\u00e4ufe sind m\u00f6glich. Ein Schneckenf\u00f6rderer eignet sich zudem zum Dosieren oder Mischen von Produkten.<\/p>\n<p data-start=\"643\" data-end=\"985\">Je nach F\u00f6rderl\u00e4nge und F\u00f6rdergut kommen Zwischenlager zum Einsatz \u2013 darunter Gleitlager (aus Bronze oder Gusseisen), geteilte Kugellager oder Systeme mit Fettr\u00fcckf\u00fchrung. Die Endlager befinden sich standardm\u00e4\u00dfig au\u00dferhalb und sind mit einer Stopfbuchsendichtung versehen. Der Antrieb erfolgt entweder direkt oder \u00fcber eine Flanschverbindung.<\/p>\n<div style=\"margin-bottom: 20px; display: flex; gap: 10px;\"><a class=\"button\" style=\"background-color: #1a1a1a; color: #fff; padding: 10px 20px; text-decoration: none; border-radius: 4px;\" href=\"https:\/\/jh.nl\/de\/contact\/\">Kontakt aufnehmen<\/a><br \/>\n<a class=\"button\" style=\"background-color: #ffd700; color: #000; padding: 10px 20px; text-decoration: none; border-radius: 4px;\" href=\"https:\/\/jh.nl\/de\/formular\/angebotsanfrage\/\">Angebot Anfrage \u2013 Schneckenf\u00f6rderer<\/a><\/div>\n<article class=\"text-token-text-primary w-full\" dir=\"auto\" data-testid=\"conversation-turn-151\" data-scroll-anchor=\"true\">\n<div class=\"text-base my-auto mx-auto pb-10 [--thread-content-margin:--spacing(4)] @[37rem]:[--thread-content-margin:--spacing(6)] @[72rem]:[--thread-content-margin:--spacing(16)] px-(--thread-content-margin)\">\n<div class=\"[--thread-content-max-width:32rem] @[34rem]:[--thread-content-max-width:40rem] @[64rem]:[--thread-content-max-width:48rem] mx-auto flex max-w-(--thread-content-max-width) flex-1 text-base gap-4 md:gap-5 lg:gap-6 group\/turn-messages focus-visible:outline-hidden\" tabindex=\"-1\">\n<div class=\"group\/conversation-turn relative flex w-full min-w-0 flex-col agent-turn\">\n<div class=\"relative flex-col gap-1 md:gap-3\">\n<div class=\"flex max-w-full flex-col grow\">\n<div class=\"min-h-8 text-message relative flex w-full flex-col items-end gap-2 text-start break-words whitespace-normal [.text-message+&amp;]:mt-5\" dir=\"auto\" data-message-author-role=\"assistant\" data-message-id=\"8a2d64dd-5050-49f0-87be-ef839967f4a4\" data-message-model-slug=\"gpt-4o\">\n<div class=\"flex w-full flex-col gap-1 empty:hidden first:pt-[3px]\">\n<div class=\"markdown prose dark:prose-invert w-full break-words light\">\n<h2 data-start=\"175\" data-end=\"205\"><strong data-start=\"175\" data-end=\"205\">Vorteile Schneckenf\u00f6rderer<\/strong><\/h2>\n<ul>\n<li data-start=\"209\" data-end=\"288\">Geeignet f\u00fcr den horizontalen und leicht geneigten Transport von Sch\u00fcttg\u00fctern<\/li>\n<li data-start=\"291\" data-end=\"353\">Kontinuierliches F\u00f6rdersystem mit gleichm\u00e4\u00dfigem Produktfluss<\/li>\n<li data-start=\"356\" data-end=\"407\">Auch geeignet f\u00fcr nasse oder klebrige Materialien<\/li>\n<li data-start=\"410\" data-end=\"464\">Geringer Wartungsaufwand bei passender Konfiguration<\/li>\n<li data-start=\"467\" data-end=\"524\">Kompakter Einbau dank geschlossener Rohr- oder Trogform<\/li>\n<li data-start=\"527\" data-end=\"606\">Verschiedene Materialoptionen: Stahl, Edelstahl, verschlei\u00dffeste Ausf\u00fchrungen<\/li>\n<li data-start=\"609\" data-end=\"656\">Einsetzbar zum Dosieren, F\u00f6rdern oder Mischen<\/li>\n<li data-start=\"659\" data-end=\"699\">Modulare Bauweise, einfach erweiterbar<\/li>\n<\/ul>\n<h3 data-start=\"772\" data-end=\"786\"><strong data-start=\"772\" data-end=\"784\">Optional<\/strong><\/h3>\n<ul>\n<li data-start=\"789\" data-end=\"834\">Feuerverzinkte oder beschichtete Ausf\u00fchrung<\/li>\n<li data-start=\"837\" data-end=\"887\">Schnellverschl\u00fcsse oder geschraubte Abdeckhauben<\/li>\n<li data-start=\"890\" data-end=\"952\">Drehzahl\u00fcberwachung, \u00dcberlaufschutz und Inspektions\u00f6ffnungen<\/li>\n<li data-start=\"955\" data-end=\"1020\">Wellenlose Schnecke f\u00fcr schwer flie\u00dfende oder klebrige Produkte<\/li>\n<\/ul>\n<h3 data-start=\"1022\" data-end=\"1278\"><strong data-start=\"1022\" data-end=\"1060\">Jansen&amp;Heuning-Berechnungsprogramm<\/strong><\/h3>\n<p data-start=\"1022\" data-end=\"1278\">Mit dem <strong><a href=\"https:\/\/jh.nl\/de\/berekeningsprogramma\/\">JH-Berechnungsprogramm<\/a> <\/strong>wird auf Basis der eingegebenen Daten der passende Schneckenf\u00f6rderer ermittelt. Zeichnungen aus dem Standardprogramm sind kurzfristig verf\u00fcgbar und direkt f\u00fcr die Fertigung einsetzbar.<\/p>\n<p data-start=\"1280\" data-end=\"1348\">Auch Sonderausf\u00fchrungen werden in Absprache technisch ausgearbeitet.<\/p>\n<h3 data-start=\"1350\" data-end=\"1461\"><strong data-start=\"1350\" data-end=\"1361\">Kontakt<\/strong><\/h3>\n<p data-start=\"1350\" data-end=\"1461\">F\u00fcr weitere Informationen oder ein individuelles Angebot wenden Sie sich bitte an Jansen&amp;Heuning.<\/p>\n<\/div>\n<\/div>\n<\/div>\n<\/div>\n<\/div>\n<\/div>\n<\/div>\n<\/div>\n<\/article>\n<ul>\n<li>Telefon: <a href=\"callto:+310503126448\"><u>+31(0)50 3126 448<\/u><\/a><\/li>\n<li>E-mail:\u00a0<a href=\"mailto:sales@jh.nl\">sales@jh.nl<\/a>\u200b<\/li>\n<li>Kontaktformular: <a href=\"https:\/\/jh.nl\/de\/contact\/\">jh.nl\/contact<\/a><\/li>\n<\/ul>\n<\/div>\n","protected":false},"excerpt":{"rendered":"<p>Die Schneckenf\u00f6rderer von Jansen&amp;Heuning \u2013 auch bekannt als F\u00f6rderschnecke \u2013&#8230;<\/p>\n","protected":false},"featured_media":25838,"comment_status":"open","ping_status":"closed","template":"","meta":{"_acf_changed":false},"product_brand":[],"product_cat":[330],"product_tag":[],"class_list":{"0":"post-26701","1":"product","2":"type-product","3":"status-publish","4":"has-post-thumbnail","6":"product_cat-schneckenfoerderer","8":"first","9":"instock","10":"taxable","11":"shipping-taxable","12":"product-type-simple"},"acf":[],"yoast_head":"<!-- This site is optimized with the Yoast SEO plugin v27.4 - https:\/\/yoast.com\/product\/yoast-seo-wordpress\/ -->\n<title>Schneckenf\u00f6rderer F\u00fcr Sch\u00fcttgut | Jansen&amp;Heuning<\/title>\n<meta name=\"description\" content=\"Effizienter Schneckenf\u00f6rderer f\u00fcr Sch\u00fcttgut. Modulare Bauweise, verschiedene Materialien, auch wellenlose Ausf\u00fchrung. Planung mit JH-Ingenieuren.\" \/>\n<meta name=\"robots\" content=\"index, follow, max-snippet:-1, max-image-preview:large, max-video-preview:-1\" \/>\n<link rel=\"canonical\" href=\"https:\/\/jh.nl\/de\/product\/schneckenfoerderer\/\" \/>\n<meta property=\"og:locale\" content=\"de_DE\" \/>\n<meta property=\"og:type\" content=\"article\" \/>\n<meta property=\"og:title\" content=\"Schneckenf\u00f6rderer F\u00fcr Sch\u00fcttgut | Jansen&amp;Heuning\" \/>\n<meta property=\"og:description\" content=\"Effizienter Schneckenf\u00f6rderer f\u00fcr Sch\u00fcttgut. Modulare Bauweise, verschiedene Materialien, auch wellenlose Ausf\u00fchrung. Planung mit JH-Ingenieuren.\" \/>\n<meta property=\"og:url\" content=\"https:\/\/jh.nl\/de\/product\/schneckenfoerderer\/\" \/>\n<meta property=\"og:site_name\" content=\"Jansen&amp;Heuning\" \/>\n<meta property=\"article:publisher\" content=\"https:\/\/www.facebook.com\/JansenHeuning\" \/>\n<meta property=\"article:modified_time\" content=\"2026-04-13T13:58:33+00:00\" \/>\n<meta property=\"og:image\" content=\"https:\/\/jh.nl\/wp-content\/uploads\/2025\/04\/JHS.jpg\" \/>\n\t<meta property=\"og:image:width\" content=\"2500\" \/>\n\t<meta property=\"og:image:height\" content=\"2500\" \/>\n\t<meta property=\"og:image:type\" content=\"image\/jpeg\" \/>\n<meta name=\"twitter:card\" content=\"summary_large_image\" \/>\n<meta name=\"twitter:label1\" content=\"Gesch\u00e4tzte Lesezeit\" \/>\n\t<meta name=\"twitter:data1\" content=\"3\u00a0Minuten\" \/>\n<script type=\"application\/ld+json\" class=\"yoast-schema-graph\">{\"@context\":\"https:\\\/\\\/schema.org\",\"@graph\":[{\"@type\":\"WebPage\",\"@id\":\"https:\\\/\\\/jh.nl\\\/de\\\/product\\\/schneckenfoerderer\\\/\",\"url\":\"https:\\\/\\\/jh.nl\\\/de\\\/product\\\/schneckenfoerderer\\\/\",\"name\":\"Schneckenf\u00f6rderer F\u00fcr Sch\u00fcttgut | Jansen&Heuning\",\"isPartOf\":{\"@id\":\"https:\\\/\\\/jh.nl\\\/nl\\\/#website\"},\"primaryImageOfPage\":{\"@id\":\"https:\\\/\\\/jh.nl\\\/de\\\/product\\\/schneckenfoerderer\\\/#primaryimage\"},\"image\":{\"@id\":\"https:\\\/\\\/jh.nl\\\/de\\\/product\\\/schneckenfoerderer\\\/#primaryimage\"},\"thumbnailUrl\":\"https:\\\/\\\/jh.nl\\\/wp-content\\\/uploads\\\/2025\\\/04\\\/JHS.jpg\",\"datePublished\":\"2025-07-16T12:58:33+00:00\",\"dateModified\":\"2026-04-13T13:58:33+00:00\",\"description\":\"Effizienter Schneckenf\u00f6rderer f\u00fcr Sch\u00fcttgut. Modulare Bauweise, verschiedene Materialien, auch wellenlose Ausf\u00fchrung. Planung mit JH-Ingenieuren.\",\"breadcrumb\":{\"@id\":\"https:\\\/\\\/jh.nl\\\/de\\\/product\\\/schneckenfoerderer\\\/#breadcrumb\"},\"inLanguage\":\"de\",\"potentialAction\":[{\"@type\":\"ReadAction\",\"target\":[\"https:\\\/\\\/jh.nl\\\/de\\\/product\\\/schneckenfoerderer\\\/\"]}]},{\"@type\":\"ImageObject\",\"inLanguage\":\"de\",\"@id\":\"https:\\\/\\\/jh.nl\\\/de\\\/product\\\/schneckenfoerderer\\\/#primaryimage\",\"url\":\"https:\\\/\\\/jh.nl\\\/wp-content\\\/uploads\\\/2025\\\/04\\\/JHS.jpg\",\"contentUrl\":\"https:\\\/\\\/jh.nl\\\/wp-content\\\/uploads\\\/2025\\\/04\\\/JHS.jpg\",\"width\":2500,\"height\":2500,\"caption\":\"Verbulker met compacte schroefconstructie en zijwaartse aandrijving, geschikt voor toepassing als transportvijzel of doseerschroef\"},{\"@type\":\"BreadcrumbList\",\"@id\":\"https:\\\/\\\/jh.nl\\\/de\\\/product\\\/schneckenfoerderer\\\/#breadcrumb\",\"itemListElement\":[{\"@type\":\"ListItem\",\"position\":1,\"name\":\"Home\",\"item\":\"https:\\\/\\\/jh.nl\\\/de\\\/\"},{\"@type\":\"ListItem\",\"position\":2,\"name\":\"Producten\",\"item\":\"https:\\\/\\\/jh.nl\\\/nl\\\/producten\\\/\"},{\"@type\":\"ListItem\",\"position\":3,\"name\":\"Schneckenf\u00f6rderer\",\"item\":\"https:\\\/\\\/jh.nl\\\/de\\\/produkt-kategorie\\\/schneckenfoerderer\\\/\"},{\"@type\":\"ListItem\",\"position\":4,\"name\":\"Schneckenf\u00f6rderer\"}]},{\"@type\":\"WebSite\",\"@id\":\"https:\\\/\\\/jh.nl\\\/nl\\\/#website\",\"url\":\"https:\\\/\\\/jh.nl\\\/nl\\\/\",\"name\":\"Jansen & Heuning\",\"description\":\"Bulk Handling Systems\",\"publisher\":{\"@id\":\"https:\\\/\\\/jh.nl\\\/nl\\\/#organization\"},\"alternateName\":\"J&H\",\"potentialAction\":[{\"@type\":\"SearchAction\",\"target\":{\"@type\":\"EntryPoint\",\"urlTemplate\":\"https:\\\/\\\/jh.nl\\\/nl\\\/?s={search_term_string}\"},\"query-input\":{\"@type\":\"PropertyValueSpecification\",\"valueRequired\":true,\"valueName\":\"search_term_string\"}}],\"inLanguage\":\"de\"},{\"@type\":\"Organization\",\"@id\":\"https:\\\/\\\/jh.nl\\\/nl\\\/#organization\",\"name\":\"Jansen & Heuning\",\"alternateName\":\"J&H\",\"url\":\"https:\\\/\\\/jh.nl\\\/nl\\\/\",\"logo\":{\"@type\":\"ImageObject\",\"inLanguage\":\"de\",\"@id\":\"https:\\\/\\\/jh.nl\\\/nl\\\/#\\\/schema\\\/logo\\\/image\\\/\",\"url\":\"https:\\\/\\\/jh.nl\\\/wp-content\\\/uploads\\\/2022\\\/05\\\/JH-logo-scaled.gif\",\"contentUrl\":\"https:\\\/\\\/jh.nl\\\/wp-content\\\/uploads\\\/2022\\\/05\\\/JH-logo-scaled.gif\",\"width\":2560,\"height\":429,\"caption\":\"Jansen & Heuning\"},\"image\":{\"@id\":\"https:\\\/\\\/jh.nl\\\/nl\\\/#\\\/schema\\\/logo\\\/image\\\/\"},\"sameAs\":[\"https:\\\/\\\/www.facebook.com\\\/JansenHeuning\",\"https:\\\/\\\/www.youtube.com\\\/user\\\/JansenenHeuning\\\/featured\",\"https:\\\/\\\/www.linkedin.com\\\/company\\\/1768497\\\/\"]}]}<\/script>\n<!-- \/ Yoast SEO plugin. -->","yoast_head_json":{"title":"Schneckenf\u00f6rderer F\u00fcr Sch\u00fcttgut | Jansen&Heuning","description":"Effizienter Schneckenf\u00f6rderer f\u00fcr Sch\u00fcttgut. Modulare Bauweise, verschiedene Materialien, auch wellenlose Ausf\u00fchrung. Planung mit JH-Ingenieuren.","robots":{"index":"index","follow":"follow","max-snippet":"max-snippet:-1","max-image-preview":"max-image-preview:large","max-video-preview":"max-video-preview:-1"},"canonical":"https:\/\/jh.nl\/de\/product\/schneckenfoerderer\/","og_locale":"de_DE","og_type":"article","og_title":"Schneckenf\u00f6rderer F\u00fcr Sch\u00fcttgut | Jansen&Heuning","og_description":"Effizienter Schneckenf\u00f6rderer f\u00fcr Sch\u00fcttgut. Modulare Bauweise, verschiedene Materialien, auch wellenlose Ausf\u00fchrung. Planung mit JH-Ingenieuren.","og_url":"https:\/\/jh.nl\/de\/product\/schneckenfoerderer\/","og_site_name":"Jansen&amp;Heuning","article_publisher":"https:\/\/www.facebook.com\/JansenHeuning","article_modified_time":"2026-04-13T13:58:33+00:00","og_image":[{"width":2500,"height":2500,"url":"https:\/\/jh.nl\/wp-content\/uploads\/2025\/04\/JHS.jpg","type":"image\/jpeg"}],"twitter_card":"summary_large_image","twitter_misc":{"Gesch\u00e4tzte Lesezeit":"3\u00a0Minuten"},"schema":{"@context":"https:\/\/schema.org","@graph":[{"@type":"WebPage","@id":"https:\/\/jh.nl\/de\/product\/schneckenfoerderer\/","url":"https:\/\/jh.nl\/de\/product\/schneckenfoerderer\/","name":"Schneckenf\u00f6rderer F\u00fcr Sch\u00fcttgut | Jansen&Heuning","isPartOf":{"@id":"https:\/\/jh.nl\/nl\/#website"},"primaryImageOfPage":{"@id":"https:\/\/jh.nl\/de\/product\/schneckenfoerderer\/#primaryimage"},"image":{"@id":"https:\/\/jh.nl\/de\/product\/schneckenfoerderer\/#primaryimage"},"thumbnailUrl":"https:\/\/jh.nl\/wp-content\/uploads\/2025\/04\/JHS.jpg","datePublished":"2025-07-16T12:58:33+00:00","dateModified":"2026-04-13T13:58:33+00:00","description":"Effizienter Schneckenf\u00f6rderer f\u00fcr Sch\u00fcttgut. Modulare Bauweise, verschiedene Materialien, auch wellenlose Ausf\u00fchrung. Planung mit JH-Ingenieuren.","breadcrumb":{"@id":"https:\/\/jh.nl\/de\/product\/schneckenfoerderer\/#breadcrumb"},"inLanguage":"de","potentialAction":[{"@type":"ReadAction","target":["https:\/\/jh.nl\/de\/product\/schneckenfoerderer\/"]}]},{"@type":"ImageObject","inLanguage":"de","@id":"https:\/\/jh.nl\/de\/product\/schneckenfoerderer\/#primaryimage","url":"https:\/\/jh.nl\/wp-content\/uploads\/2025\/04\/JHS.jpg","contentUrl":"https:\/\/jh.nl\/wp-content\/uploads\/2025\/04\/JHS.jpg","width":2500,"height":2500,"caption":"Verbulker met compacte schroefconstructie en zijwaartse aandrijving, geschikt voor toepassing als transportvijzel of doseerschroef"},{"@type":"BreadcrumbList","@id":"https:\/\/jh.nl\/de\/product\/schneckenfoerderer\/#breadcrumb","itemListElement":[{"@type":"ListItem","position":1,"name":"Home","item":"https:\/\/jh.nl\/de\/"},{"@type":"ListItem","position":2,"name":"Producten","item":"https:\/\/jh.nl\/nl\/producten\/"},{"@type":"ListItem","position":3,"name":"Schneckenf\u00f6rderer","item":"https:\/\/jh.nl\/de\/produkt-kategorie\/schneckenfoerderer\/"},{"@type":"ListItem","position":4,"name":"Schneckenf\u00f6rderer"}]},{"@type":"WebSite","@id":"https:\/\/jh.nl\/nl\/#website","url":"https:\/\/jh.nl\/nl\/","name":"Jansen & Heuning","description":"Bulk Handling Systems","publisher":{"@id":"https:\/\/jh.nl\/nl\/#organization"},"alternateName":"J&H","potentialAction":[{"@type":"SearchAction","target":{"@type":"EntryPoint","urlTemplate":"https:\/\/jh.nl\/nl\/?s={search_term_string}"},"query-input":{"@type":"PropertyValueSpecification","valueRequired":true,"valueName":"search_term_string"}}],"inLanguage":"de"},{"@type":"Organization","@id":"https:\/\/jh.nl\/nl\/#organization","name":"Jansen & Heuning","alternateName":"J&H","url":"https:\/\/jh.nl\/nl\/","logo":{"@type":"ImageObject","inLanguage":"de","@id":"https:\/\/jh.nl\/nl\/#\/schema\/logo\/image\/","url":"https:\/\/jh.nl\/wp-content\/uploads\/2022\/05\/JH-logo-scaled.gif","contentUrl":"https:\/\/jh.nl\/wp-content\/uploads\/2022\/05\/JH-logo-scaled.gif","width":2560,"height":429,"caption":"Jansen & Heuning"},"image":{"@id":"https:\/\/jh.nl\/nl\/#\/schema\/logo\/image\/"},"sameAs":["https:\/\/www.facebook.com\/JansenHeuning","https:\/\/www.youtube.com\/user\/JansenenHeuning\/featured","https:\/\/www.linkedin.com\/company\/1768497\/"]}]}},"_links":{"self":[{"href":"https:\/\/jh.nl\/de\/wp-json\/wp\/v2\/product\/26701","targetHints":{"allow":["GET"]}}],"collection":[{"href":"https:\/\/jh.nl\/de\/wp-json\/wp\/v2\/product"}],"about":[{"href":"https:\/\/jh.nl\/de\/wp-json\/wp\/v2\/types\/product"}],"replies":[{"embeddable":true,"href":"https:\/\/jh.nl\/de\/wp-json\/wp\/v2\/comments?post=26701"}],"wp:featuredmedia":[{"embeddable":true,"href":"https:\/\/jh.nl\/de\/wp-json\/wp\/v2\/media\/25838"}],"wp:attachment":[{"href":"https:\/\/jh.nl\/de\/wp-json\/wp\/v2\/media?parent=26701"}],"wp:term":[{"taxonomy":"product_brand","embeddable":true,"href":"https:\/\/jh.nl\/de\/wp-json\/wp\/v2\/product_brand?post=26701"},{"taxonomy":"product_cat","embeddable":true,"href":"https:\/\/jh.nl\/de\/wp-json\/wp\/v2\/product_cat?post=26701"},{"taxonomy":"product_tag","embeddable":true,"href":"https:\/\/jh.nl\/de\/wp-json\/wp\/v2\/product_tag?post=26701"}],"curies":[{"name":"wp","href":"https:\/\/api.w.org\/{rel}","templated":true}]}}