{"id":27176,"date":"2025-09-24T11:10:19","date_gmt":"2025-09-24T09:10:19","guid":{"rendered":"https:\/\/jh.nl\/?post_type=product&#038;p=27176"},"modified":"2025-09-24T11:22:27","modified_gmt":"2025-09-24T09:22:27","slug":"kompakte-schaelmaschine","status":"publish","type":"product","link":"https:\/\/jh.nl\/de\/product\/kompakte-schaelmaschine\/","title":{"rendered":"Kompakte Sch\u00e4lmaschine f\u00fcr K\u00f6rner und Samen"},"content":{"rendered":"<p data-start=\"321\" data-end=\"897\">Die kompakte Sch\u00e4lmaschine f\u00fcr K\u00f6rner und Samen wurde f\u00fcr das mechanische Sch\u00e4len von Dinkel, Weizen, Hafer und anderen Getreidesorten entwickelt. Mittels Prallwirkung werden die K\u00f6rner effizient von den Spelzen getrennt. Das freigesetzte Materialgemisch durchl\u00e4uft einen integrierten Absaugkanal, in dem leichte Bestandteile wie Spelzen und Staub durch Luftstr\u00f6mung entfernt werden. F\u00fcr den ordnungsgem\u00e4\u00dfen Betrieb ist eine externe Absaugung erforderlich, z.\u202fB. eine zentrale Absauganlage, eine mobile Absaugung oder ein Ventilator mit Zyklonabscheider bzw. Filtersystem.<\/p>\n<p data-start=\"899\" data-end=\"1101\">Diese kompakte Sch\u00e4lmaschine kommt unter anderem in landwirtschaftlichen Verarbeitungsanlagen, Versuchsanlagen und Getreidereinigungsanlagen in Deutschland, den Niederlanden und Belgien zum Einsatz.<\/p>\n<h2 data-start=\"1103\" data-end=\"1142\">Vorteile der kompakte Sch\u00e4lmaschine<\/h2>\n<ul>\n<li data-start=\"1145\" data-end=\"1212\">Kompakte Bauweise, geeignet f\u00fcr Anlagen mit begrenztem Platzangebot<\/li>\n<li data-start=\"1215\" data-end=\"1264\">Geringer Energieverbrauch (nur 1,5\u202fkW pro Stunde)<\/li>\n<li data-start=\"1267\" data-end=\"1340\">Einstellbarer Sch\u00e4ldruck, anpassbar an Produkttyp und Feuchtigkeitsgehalt<\/li>\n<li data-start=\"1343\" data-end=\"1392\">Staubarmes Arbeiten dank integriertem Absaugkanal<\/li>\n<\/ul>\n<h2 data-start=\"1394\" data-end=\"1426\">Anwendungen der kompakte Sch\u00e4lmaschine<\/h2>\n<p data-start=\"1427\" data-end=\"1493\">Diese Sch\u00e4lmaschine eignet sich zum Sch\u00e4len von Getreidearten wie:<\/p>\n<ul>\n<li data-start=\"1496\" data-end=\"1502\">Dinkel<\/li>\n<li data-start=\"1505\" data-end=\"1511\">Weizen<\/li>\n<li data-start=\"1514\" data-end=\"1519\">Hafer<\/li>\n<\/ul>\n<h2 data-start=\"1521\" data-end=\"1574\">Spezifikationen Sch\u00e4lmaschine f\u00fcr K\u00f6rner und Samen<\/h2>\n<div class=\"_tableContainer_1rjym_1\">\n<div class=\"group _tableWrapper_1rjym_13 flex w-fit flex-col-reverse\" tabindex=\"-1\">\n<table class=\"w-fit min-w-(--thread-content-width)\" data-start=\"1576\" data-end=\"1858\">\n<thead data-start=\"1576\" data-end=\"1596\">\n<tr data-start=\"1576\" data-end=\"1596\">\n<th data-start=\"1576\" data-end=\"1590\" data-col-size=\"sm\">Typennummer<\/th>\n<th data-start=\"1590\" data-end=\"1596\" data-col-size=\"sm\">03<\/th>\n<\/tr>\n<\/thead>\n<tbody data-start=\"1618\" data-end=\"1858\">\n<tr data-start=\"1618\" data-end=\"1637\">\n<td data-start=\"1618\" data-end=\"1634\" data-col-size=\"sm\"><strong data-start=\"1620\" data-end=\"1633\">KAPAZIT\u00c4T<\/strong><\/td>\n<td data-start=\"1634\" data-end=\"1635\" data-col-size=\"sm\"><\/td>\n<\/tr>\n<tr data-start=\"1638\" data-end=\"1665\">\n<td data-start=\"1638\" data-end=\"1656\" data-col-size=\"sm\">Kapazit\u00e4t (t\/h)<\/td>\n<td data-start=\"1656\" data-end=\"1665\" data-col-size=\"sm\">0,3\u20131<\/td>\n<\/tr>\n<tr data-start=\"1666\" data-end=\"1687\">\n<td data-start=\"1666\" data-end=\"1684\" data-col-size=\"sm\"><strong data-start=\"1668\" data-end=\"1683\">ABMESSUNGEN<\/strong><\/td>\n<td data-start=\"1684\" data-end=\"1685\" data-col-size=\"sm\"><\/td>\n<\/tr>\n<tr data-start=\"1688\" data-end=\"1708\">\n<td data-start=\"1688\" data-end=\"1701\" data-col-size=\"sm\">L\u00e4nge (mm)<\/td>\n<td data-start=\"1701\" data-end=\"1708\" data-col-size=\"sm\">735<\/td>\n<\/tr>\n<tr data-start=\"1709\" data-end=\"1730\">\n<td data-start=\"1709\" data-end=\"1723\" data-col-size=\"sm\">Breite (mm)<\/td>\n<td data-start=\"1723\" data-end=\"1730\" data-col-size=\"sm\">570<\/td>\n<\/tr>\n<tr data-start=\"1731\" data-end=\"1770\">\n<td data-start=\"1731\" data-end=\"1755\" data-col-size=\"sm\">H\u00f6he mit Gestell (mm)<\/td>\n<td data-start=\"1755\" data-end=\"1770\" data-col-size=\"sm\">1260 (2270)<\/td>\n<\/tr>\n<tr data-start=\"1771\" data-end=\"1790\">\n<td data-start=\"1771\" data-end=\"1787\" data-col-size=\"sm\"><strong data-start=\"1773\" data-end=\"1786\">SONSTIGES<\/strong><\/td>\n<td data-start=\"1787\" data-end=\"1788\" data-col-size=\"sm\"><\/td>\n<\/tr>\n<tr data-start=\"1791\" data-end=\"1822\">\n<td data-start=\"1791\" data-end=\"1815\" data-col-size=\"sm\">Antriebsleistung (kW)<\/td>\n<td data-start=\"1815\" data-end=\"1822\" data-col-size=\"sm\">1,5<\/td>\n<\/tr>\n<tr data-start=\"1823\" data-end=\"1858\">\n<td data-start=\"1823\" data-end=\"1851\" data-col-size=\"sm\">Gewicht ohne Gestell (kg)<\/td>\n<td data-start=\"1851\" data-end=\"1858\" data-col-size=\"sm\">100<\/td>\n<\/tr>\n<\/tbody>\n<\/table>\n<\/div>\n<\/div>\n<p data-start=\"1860\" data-end=\"1972\"><em data-start=\"1860\" data-end=\"1972\">Die tats\u00e4chliche Kapazit\u00e4t h\u00e4ngt von Produkttyp, Qualit\u00e4t, Feuchtigkeit und dem Anteil an Verunreinigungen ab.<\/em><\/p>\n<article class=\"text-token-text-primary w-full\" dir=\"auto\" data-testid=\"conversation-turn-151\" data-scroll-anchor=\"true\">\n<div class=\"text-base my-auto mx-auto pb-10 [--thread-content-margin:--spacing(4)] @[37rem]:[--thread-content-margin:--spacing(6)] @[72rem]:[--thread-content-margin:--spacing(16)] px-(--thread-content-margin)\">\n<div class=\"[--thread-content-max-width:32rem] @[34rem]:[--thread-content-max-width:40rem] @[64rem]:[--thread-content-max-width:48rem] mx-auto flex max-w-(--thread-content-max-width) flex-1 text-base gap-4 md:gap-5 lg:gap-6 group\/turn-messages focus-visible:outline-hidden\" tabindex=\"-1\">\n<div class=\"group\/conversation-turn relative flex w-full min-w-0 flex-col agent-turn\">\n<div class=\"relative flex-col gap-1 md:gap-3\">\n<div class=\"flex max-w-full flex-col grow\">\n<div class=\"min-h-8 text-message relative flex w-full flex-col items-end gap-2 text-start break-words whitespace-normal [.text-message+&amp;]:mt-5\" dir=\"auto\" data-message-author-role=\"assistant\" data-message-id=\"8a2d64dd-5050-49f0-87be-ef839967f4a4\" data-message-model-slug=\"gpt-4o\">\n<div class=\"flex w-full flex-col gap-1 empty:hidden first:pt-[3px]\">\n<div class=\"markdown prose dark:prose-invert w-full break-words light\">\n<h3 data-start=\"1350\" data-end=\"1461\"><strong data-start=\"1350\" data-end=\"1361\">Kontakt<\/strong><\/h3>\n<p data-start=\"1350\" data-end=\"1461\">\u00fcr weitere Informationen oder ein individuelles Angebot wenden Sie sich bitte an Jansen&amp;Heuning.<\/p>\n<\/div>\n<\/div>\n<\/div>\n<\/div>\n<\/div>\n<\/div>\n<\/div>\n<\/div>\n<\/article>\n<ul>\n<li>Telefon:\u00a0<a href=\"https:\/\/jh.nl\/nl\/product-categorie\/schroeftransporteurs\/schroeftransporteur\/+310503126448\">+31(0)50 3126 448<\/a><\/li>\n<li>E-mail:\u00a0<a href=\"mailto:sales@jh.nl\">sales@jh.nl<\/a>\u200b<\/li>\n<li>Kontaktformular:\u00a0<a href=\"https:\/\/jh.nl\/de\/contact\/\">jh.nl\/contact<\/a><\/li>\n<\/ul>\n<h3>Video zur Funktionsweise der Sch\u00e4lmaschine (Typ 03)<\/h3>\n<div style=\"width: 1268px;\" class=\"wp-video\"><video class=\"wp-video-shortcode\" id=\"video-27176-1\" width=\"1268\" height=\"1080\" preload=\"metadata\" controls=\"controls\"><source type=\"video\/mp4\" src=\"https:\/\/jh.nl\/wp-content\/uploads\/2024\/06\/jhc_03_a1.mp4?_=1\" \/><a href=\"https:\/\/jh.nl\/wp-content\/uploads\/2024\/06\/jhc_03_a1.mp4\">https:\/\/jh.nl\/wp-content\/uploads\/2024\/06\/jhc_03_a1.mp4<\/a><\/video><\/div>\n","protected":false},"excerpt":{"rendered":"<p>Die kompakte Sch\u00e4lmaschine f\u00fcr K\u00f6rner und Samen wurde f\u00fcr das&#8230;<\/p>\n","protected":false},"featured_media":24389,"comment_status":"open","ping_status":"closed","template":"","meta":{"_acf_changed":false},"product_brand":[],"product_cat":[926],"product_tag":[],"class_list":{"0":"post-27176","1":"product","2":"type-product","3":"status-publish","4":"has-post-thumbnail","6":"product_cat-schaelmaschine-fuer-koerner-und-samen","8":"first","9":"instock","10":"taxable","11":"shipping-taxable","12":"product-type-simple"},"acf":[],"yoast_head":"<!-- This site is optimized with the Yoast SEO plugin v27.4 - https:\/\/yoast.com\/product\/yoast-seo-wordpress\/ -->\n<title>Kompakte Sch\u00e4lmaschine f\u00fcr Getreide &amp; Samen | Jansen&amp;Heuning<\/title>\n<meta name=\"description\" content=\"Kompakte Sch\u00e4lmaschine zum Sch\u00e4len von Dinkel, Hafer und Weizen mit einstellbarem Sch\u00e4ldruck und integriertem Absaugkanal.\" \/>\n<meta name=\"robots\" content=\"index, follow, max-snippet:-1, max-image-preview:large, max-video-preview:-1\" \/>\n<link rel=\"canonical\" href=\"https:\/\/jh.nl\/de\/product\/kompakte-schaelmaschine\/\" \/>\n<meta property=\"og:locale\" content=\"de_DE\" \/>\n<meta property=\"og:type\" content=\"article\" \/>\n<meta property=\"og:title\" content=\"Kompakte Sch\u00e4lmaschine f\u00fcr Getreide &amp; Samen | Jansen&amp;Heuning\" \/>\n<meta property=\"og:description\" content=\"Kompakte Sch\u00e4lmaschine zum Sch\u00e4len von Dinkel, Hafer und Weizen mit einstellbarem Sch\u00e4ldruck und integriertem Absaugkanal.\" \/>\n<meta property=\"og:url\" content=\"https:\/\/jh.nl\/de\/product\/kompakte-schaelmaschine\/\" \/>\n<meta property=\"og:site_name\" content=\"Jansen&amp;Heuning\" \/>\n<meta property=\"article:publisher\" content=\"https:\/\/www.facebook.com\/JansenHeuning\" \/>\n<meta property=\"article:modified_time\" content=\"2025-09-24T09:22:27+00:00\" \/>\n<meta property=\"og:image\" content=\"https:\/\/jh.nl\/wp-content\/uploads\/2024\/06\/JHC_03-b.jpg\" \/>\n\t<meta property=\"og:image:width\" content=\"1024\" \/>\n\t<meta property=\"og:image:height\" content=\"1024\" \/>\n\t<meta property=\"og:image:type\" content=\"image\/jpeg\" \/>\n<meta name=\"twitter:card\" content=\"summary_large_image\" \/>\n<meta name=\"twitter:label1\" content=\"Gesch\u00e4tzte Lesezeit\" \/>\n\t<meta name=\"twitter:data1\" content=\"2\u00a0Minuten\" \/>\n<script type=\"application\/ld+json\" class=\"yoast-schema-graph\">{\"@context\":\"https:\\\/\\\/schema.org\",\"@graph\":[{\"@type\":\"WebPage\",\"@id\":\"https:\\\/\\\/jh.nl\\\/de\\\/product\\\/kompakte-schaelmaschine\\\/\",\"url\":\"https:\\\/\\\/jh.nl\\\/de\\\/product\\\/kompakte-schaelmaschine\\\/\",\"name\":\"Kompakte Sch\u00e4lmaschine f\u00fcr Getreide & Samen | Jansen&Heuning\",\"isPartOf\":{\"@id\":\"https:\\\/\\\/jh.nl\\\/nl\\\/#website\"},\"primaryImageOfPage\":{\"@id\":\"https:\\\/\\\/jh.nl\\\/de\\\/product\\\/kompakte-schaelmaschine\\\/#primaryimage\"},\"image\":{\"@id\":\"https:\\\/\\\/jh.nl\\\/de\\\/product\\\/kompakte-schaelmaschine\\\/#primaryimage\"},\"thumbnailUrl\":\"https:\\\/\\\/jh.nl\\\/wp-content\\\/uploads\\\/2024\\\/06\\\/JHC_03-b.jpg\",\"datePublished\":\"2025-09-24T09:10:19+00:00\",\"dateModified\":\"2025-09-24T09:22:27+00:00\",\"description\":\"Kompakte Sch\u00e4lmaschine zum Sch\u00e4len von Dinkel, Hafer und Weizen mit einstellbarem Sch\u00e4ldruck und integriertem Absaugkanal.\",\"breadcrumb\":{\"@id\":\"https:\\\/\\\/jh.nl\\\/de\\\/product\\\/kompakte-schaelmaschine\\\/#breadcrumb\"},\"inLanguage\":\"de\",\"potentialAction\":[{\"@type\":\"ReadAction\",\"target\":[\"https:\\\/\\\/jh.nl\\\/de\\\/product\\\/kompakte-schaelmaschine\\\/\"]}]},{\"@type\":\"ImageObject\",\"inLanguage\":\"de\",\"@id\":\"https:\\\/\\\/jh.nl\\\/de\\\/product\\\/kompakte-schaelmaschine\\\/#primaryimage\",\"url\":\"https:\\\/\\\/jh.nl\\\/wp-content\\\/uploads\\\/2024\\\/06\\\/JHC_03-b.jpg\",\"contentUrl\":\"https:\\\/\\\/jh.nl\\\/wp-content\\\/uploads\\\/2024\\\/06\\\/JHC_03-b.jpg\",\"width\":1024,\"height\":1024,\"caption\":\"Pelmachine voor het scheiden van graankorrel en kaf\"},{\"@type\":\"BreadcrumbList\",\"@id\":\"https:\\\/\\\/jh.nl\\\/de\\\/product\\\/kompakte-schaelmaschine\\\/#breadcrumb\",\"itemListElement\":[{\"@type\":\"ListItem\",\"position\":1,\"name\":\"Home\",\"item\":\"https:\\\/\\\/jh.nl\\\/de\\\/\"},{\"@type\":\"ListItem\",\"position\":2,\"name\":\"Producten\",\"item\":\"https:\\\/\\\/jh.nl\\\/nl\\\/producten\\\/\"},{\"@type\":\"ListItem\",\"position\":3,\"name\":\"Getreidetechnik\",\"item\":\"https:\\\/\\\/jh.nl\\\/de\\\/produkt-kategorie\\\/getreidetechnik\\\/\"},{\"@type\":\"ListItem\",\"position\":4,\"name\":\"Sch\u00e4lmaschine Getreide und Saatgut\",\"item\":\"https:\\\/\\\/jh.nl\\\/de\\\/produkt-kategorie\\\/getreidetechnik\\\/schaelmaschine-fuer-koerner-und-samen\\\/\"},{\"@type\":\"ListItem\",\"position\":5,\"name\":\"Kompakte Sch\u00e4lmaschine f\u00fcr K\u00f6rner und Samen\"}]},{\"@type\":\"WebSite\",\"@id\":\"https:\\\/\\\/jh.nl\\\/nl\\\/#website\",\"url\":\"https:\\\/\\\/jh.nl\\\/nl\\\/\",\"name\":\"Jansen & Heuning\",\"description\":\"Bulk Handling Systems\",\"publisher\":{\"@id\":\"https:\\\/\\\/jh.nl\\\/nl\\\/#organization\"},\"alternateName\":\"J&H\",\"potentialAction\":[{\"@type\":\"SearchAction\",\"target\":{\"@type\":\"EntryPoint\",\"urlTemplate\":\"https:\\\/\\\/jh.nl\\\/nl\\\/?s={search_term_string}\"},\"query-input\":{\"@type\":\"PropertyValueSpecification\",\"valueRequired\":true,\"valueName\":\"search_term_string\"}}],\"inLanguage\":\"de\"},{\"@type\":\"Organization\",\"@id\":\"https:\\\/\\\/jh.nl\\\/nl\\\/#organization\",\"name\":\"Jansen & Heuning\",\"alternateName\":\"J&H\",\"url\":\"https:\\\/\\\/jh.nl\\\/nl\\\/\",\"logo\":{\"@type\":\"ImageObject\",\"inLanguage\":\"de\",\"@id\":\"https:\\\/\\\/jh.nl\\\/nl\\\/#\\\/schema\\\/logo\\\/image\\\/\",\"url\":\"https:\\\/\\\/jh.nl\\\/wp-content\\\/uploads\\\/2022\\\/05\\\/JH-logo-scaled.gif\",\"contentUrl\":\"https:\\\/\\\/jh.nl\\\/wp-content\\\/uploads\\\/2022\\\/05\\\/JH-logo-scaled.gif\",\"width\":2560,\"height\":429,\"caption\":\"Jansen & Heuning\"},\"image\":{\"@id\":\"https:\\\/\\\/jh.nl\\\/nl\\\/#\\\/schema\\\/logo\\\/image\\\/\"},\"sameAs\":[\"https:\\\/\\\/www.facebook.com\\\/JansenHeuning\",\"https:\\\/\\\/www.youtube.com\\\/user\\\/JansenenHeuning\\\/featured\",\"https:\\\/\\\/www.linkedin.com\\\/company\\\/1768497\\\/\"]}]}<\/script>\n<!-- \/ Yoast SEO plugin. -->","yoast_head_json":{"title":"Kompakte Sch\u00e4lmaschine f\u00fcr Getreide & Samen | Jansen&Heuning","description":"Kompakte Sch\u00e4lmaschine zum Sch\u00e4len von Dinkel, Hafer und Weizen mit einstellbarem Sch\u00e4ldruck und integriertem Absaugkanal.","robots":{"index":"index","follow":"follow","max-snippet":"max-snippet:-1","max-image-preview":"max-image-preview:large","max-video-preview":"max-video-preview:-1"},"canonical":"https:\/\/jh.nl\/de\/product\/kompakte-schaelmaschine\/","og_locale":"de_DE","og_type":"article","og_title":"Kompakte Sch\u00e4lmaschine f\u00fcr Getreide & Samen | Jansen&Heuning","og_description":"Kompakte Sch\u00e4lmaschine zum Sch\u00e4len von Dinkel, Hafer und Weizen mit einstellbarem Sch\u00e4ldruck und integriertem Absaugkanal.","og_url":"https:\/\/jh.nl\/de\/product\/kompakte-schaelmaschine\/","og_site_name":"Jansen&amp;Heuning","article_publisher":"https:\/\/www.facebook.com\/JansenHeuning","article_modified_time":"2025-09-24T09:22:27+00:00","og_image":[{"width":1024,"height":1024,"url":"https:\/\/jh.nl\/wp-content\/uploads\/2024\/06\/JHC_03-b.jpg","type":"image\/jpeg"}],"twitter_card":"summary_large_image","twitter_misc":{"Gesch\u00e4tzte Lesezeit":"2\u00a0Minuten"},"schema":{"@context":"https:\/\/schema.org","@graph":[{"@type":"WebPage","@id":"https:\/\/jh.nl\/de\/product\/kompakte-schaelmaschine\/","url":"https:\/\/jh.nl\/de\/product\/kompakte-schaelmaschine\/","name":"Kompakte Sch\u00e4lmaschine f\u00fcr Getreide & Samen | Jansen&Heuning","isPartOf":{"@id":"https:\/\/jh.nl\/nl\/#website"},"primaryImageOfPage":{"@id":"https:\/\/jh.nl\/de\/product\/kompakte-schaelmaschine\/#primaryimage"},"image":{"@id":"https:\/\/jh.nl\/de\/product\/kompakte-schaelmaschine\/#primaryimage"},"thumbnailUrl":"https:\/\/jh.nl\/wp-content\/uploads\/2024\/06\/JHC_03-b.jpg","datePublished":"2025-09-24T09:10:19+00:00","dateModified":"2025-09-24T09:22:27+00:00","description":"Kompakte Sch\u00e4lmaschine zum Sch\u00e4len von Dinkel, Hafer und Weizen mit einstellbarem Sch\u00e4ldruck und integriertem Absaugkanal.","breadcrumb":{"@id":"https:\/\/jh.nl\/de\/product\/kompakte-schaelmaschine\/#breadcrumb"},"inLanguage":"de","potentialAction":[{"@type":"ReadAction","target":["https:\/\/jh.nl\/de\/product\/kompakte-schaelmaschine\/"]}]},{"@type":"ImageObject","inLanguage":"de","@id":"https:\/\/jh.nl\/de\/product\/kompakte-schaelmaschine\/#primaryimage","url":"https:\/\/jh.nl\/wp-content\/uploads\/2024\/06\/JHC_03-b.jpg","contentUrl":"https:\/\/jh.nl\/wp-content\/uploads\/2024\/06\/JHC_03-b.jpg","width":1024,"height":1024,"caption":"Pelmachine voor het scheiden van graankorrel en kaf"},{"@type":"BreadcrumbList","@id":"https:\/\/jh.nl\/de\/product\/kompakte-schaelmaschine\/#breadcrumb","itemListElement":[{"@type":"ListItem","position":1,"name":"Home","item":"https:\/\/jh.nl\/de\/"},{"@type":"ListItem","position":2,"name":"Producten","item":"https:\/\/jh.nl\/nl\/producten\/"},{"@type":"ListItem","position":3,"name":"Getreidetechnik","item":"https:\/\/jh.nl\/de\/produkt-kategorie\/getreidetechnik\/"},{"@type":"ListItem","position":4,"name":"Sch\u00e4lmaschine Getreide und Saatgut","item":"https:\/\/jh.nl\/de\/produkt-kategorie\/getreidetechnik\/schaelmaschine-fuer-koerner-und-samen\/"},{"@type":"ListItem","position":5,"name":"Kompakte Sch\u00e4lmaschine f\u00fcr K\u00f6rner und Samen"}]},{"@type":"WebSite","@id":"https:\/\/jh.nl\/nl\/#website","url":"https:\/\/jh.nl\/nl\/","name":"Jansen & Heuning","description":"Bulk Handling Systems","publisher":{"@id":"https:\/\/jh.nl\/nl\/#organization"},"alternateName":"J&H","potentialAction":[{"@type":"SearchAction","target":{"@type":"EntryPoint","urlTemplate":"https:\/\/jh.nl\/nl\/?s={search_term_string}"},"query-input":{"@type":"PropertyValueSpecification","valueRequired":true,"valueName":"search_term_string"}}],"inLanguage":"de"},{"@type":"Organization","@id":"https:\/\/jh.nl\/nl\/#organization","name":"Jansen & Heuning","alternateName":"J&H","url":"https:\/\/jh.nl\/nl\/","logo":{"@type":"ImageObject","inLanguage":"de","@id":"https:\/\/jh.nl\/nl\/#\/schema\/logo\/image\/","url":"https:\/\/jh.nl\/wp-content\/uploads\/2022\/05\/JH-logo-scaled.gif","contentUrl":"https:\/\/jh.nl\/wp-content\/uploads\/2022\/05\/JH-logo-scaled.gif","width":2560,"height":429,"caption":"Jansen & Heuning"},"image":{"@id":"https:\/\/jh.nl\/nl\/#\/schema\/logo\/image\/"},"sameAs":["https:\/\/www.facebook.com\/JansenHeuning","https:\/\/www.youtube.com\/user\/JansenenHeuning\/featured","https:\/\/www.linkedin.com\/company\/1768497\/"]}]}},"_links":{"self":[{"href":"https:\/\/jh.nl\/de\/wp-json\/wp\/v2\/product\/27176","targetHints":{"allow":["GET"]}}],"collection":[{"href":"https:\/\/jh.nl\/de\/wp-json\/wp\/v2\/product"}],"about":[{"href":"https:\/\/jh.nl\/de\/wp-json\/wp\/v2\/types\/product"}],"replies":[{"embeddable":true,"href":"https:\/\/jh.nl\/de\/wp-json\/wp\/v2\/comments?post=27176"}],"wp:featuredmedia":[{"embeddable":true,"href":"https:\/\/jh.nl\/de\/wp-json\/wp\/v2\/media\/24389"}],"wp:attachment":[{"href":"https:\/\/jh.nl\/de\/wp-json\/wp\/v2\/media?parent=27176"}],"wp:term":[{"taxonomy":"product_brand","embeddable":true,"href":"https:\/\/jh.nl\/de\/wp-json\/wp\/v2\/product_brand?post=27176"},{"taxonomy":"product_cat","embeddable":true,"href":"https:\/\/jh.nl\/de\/wp-json\/wp\/v2\/product_cat?post=27176"},{"taxonomy":"product_tag","embeddable":true,"href":"https:\/\/jh.nl\/de\/wp-json\/wp\/v2\/product_tag?post=27176"}],"curies":[{"name":"wp","href":"https:\/\/api.w.org\/{rel}","templated":true}]}}