{"id":27177,"date":"2025-09-24T11:21:48","date_gmt":"2025-09-24T09:21:48","guid":{"rendered":"https:\/\/jh.nl\/?post_type=product&#038;p=27177"},"modified":"2025-09-24T12:50:47","modified_gmt":"2025-09-24T10:50:47","slug":"horizontale-schalmaschine","status":"publish","type":"product","link":"https:\/\/jh.nl\/de\/product\/horizontale-schalmaschine\/","title":{"rendered":"Horizontale Sch\u00e4lmaschine f\u00fcr K\u00f6rner und Samen"},"content":{"rendered":"<p data-start=\"375\" data-end=\"705\">Die horizontale Sch\u00e4lmaschine f\u00fcr K\u00f6rner und Samen wurde f\u00fcr das mechanische Sch\u00e4len von Getreide und H\u00fclsenfr\u00fcchten vor der weiteren Verarbeitung entwickelt. Zus\u00e4tzlich kann sie zur Oberfl\u00e4chenreinigung des Produkts eingesetzt werden. Die kompakte Bauweise erm\u00f6glicht die Integration in kleinere Anlagen oder Versuchsanordnungen.<\/p>\n<h2 data-start=\"707\" data-end=\"750\">Vorteile der horizontalen Getreide Sch\u00e4lmaschine<\/h2>\n<ul>\n<li data-start=\"754\" data-end=\"824\">Kompakte Bauweise, geeignet f\u00fcr kleine Anlagen oder Versuchsbetriebe<\/li>\n<li data-start=\"827\" data-end=\"854\">Geringer Energieverbrauch<\/li>\n<li data-start=\"857\" data-end=\"936\">Einstellbare Sch\u00e4lintensit\u00e4t, abh\u00e4ngig von Produkttyp und Feuchtigkeitsgehalt<\/li>\n<li data-start=\"939\" data-end=\"994\">Staubarme Verarbeitung durch integrierten Absaugkanal<\/li>\n<\/ul>\n<h2 data-start=\"996\" data-end=\"1044\">Anwendungsbereiche horizontale Sch\u00e4lmaschine<\/h2>\n<p data-start=\"1046\" data-end=\"1110\">Die Sch\u00e4lmaschine wird unter anderem eingesetzt f\u00fcr:<\/p>\n<ul>\n<li data-start=\"1114\" data-end=\"1138\">Sch\u00e4len von Getreide<\/li>\n<li data-start=\"1141\" data-end=\"1171\">Sch\u00e4len von H\u00fclsenfr\u00fcchten<\/li>\n<li data-start=\"1174\" data-end=\"1218\">Oberfl\u00e4chenreinigung der Produktpartikel<\/li>\n<\/ul>\n<h2 data-start=\"1220\" data-end=\"1266\">Technische Date Sch\u00e4lmaschine<\/h2>\n<div class=\"_tableContainer_1rjym_1\">\n<div class=\"group _tableWrapper_1rjym_13 flex w-fit flex-col-reverse\" tabindex=\"-1\">\n<table class=\"w-fit min-w-(--thread-content-width)\" data-start=\"1268\" data-end=\"1663\">\n<thead data-start=\"1268\" data-end=\"1316\">\n<tr data-start=\"1268\" data-end=\"1316\">\n<th data-start=\"1268\" data-end=\"1289\" data-col-size=\"sm\">Maschinentyp<\/th>\n<th data-start=\"1289\" data-end=\"1302\" data-col-size=\"sm\">07<\/th>\n<th data-start=\"1302\" data-end=\"1316\" data-col-size=\"sm\">10<\/th>\n<\/tr>\n<\/thead>\n<tbody data-start=\"1366\" data-end=\"1663\">\n<tr data-start=\"1366\" data-end=\"1418\">\n<td data-start=\"1366\" data-end=\"1387\" data-col-size=\"sm\"><strong data-start=\"1368\" data-end=\"1380\">Leistung<\/strong><\/td>\n<td data-start=\"1387\" data-end=\"1403\" data-col-size=\"sm\">0,8 \u2013 1,5 t\/h<\/td>\n<td data-start=\"1403\" data-end=\"1418\" data-col-size=\"sm\">1,3 \u2013 2 t\/h<\/td>\n<\/tr>\n<tr data-start=\"1419\" data-end=\"1467\">\n<td data-start=\"1419\" data-end=\"1440\" data-col-size=\"sm\"><strong data-start=\"1421\" data-end=\"1430\">L\u00e4nge<\/strong><\/td>\n<td data-start=\"1440\" data-end=\"1453\" data-col-size=\"sm\">1690 mm<\/td>\n<td data-start=\"1453\" data-end=\"1467\" data-col-size=\"sm\">1990 mm<\/td>\n<\/tr>\n<tr data-start=\"1468\" data-end=\"1516\">\n<td data-start=\"1468\" data-end=\"1489\" data-col-size=\"sm\"><strong data-start=\"1470\" data-end=\"1480\">Breite<\/strong><\/td>\n<td data-start=\"1489\" data-end=\"1502\" data-col-size=\"sm\">680 mm<\/td>\n<td data-start=\"1502\" data-end=\"1516\" data-col-size=\"sm\">680 mm<\/td>\n<\/tr>\n<tr data-start=\"1517\" data-end=\"1565\">\n<td data-start=\"1517\" data-end=\"1538\" data-col-size=\"sm\"><strong data-start=\"1519\" data-end=\"1527\">H\u00f6he<\/strong><\/td>\n<td data-start=\"1538\" data-end=\"1551\" data-col-size=\"sm\">1430 mm<\/td>\n<td data-start=\"1551\" data-end=\"1565\" data-col-size=\"sm\">1430 mm<\/td>\n<\/tr>\n<tr data-start=\"1566\" data-end=\"1614\">\n<td data-start=\"1566\" data-end=\"1587\" data-col-size=\"sm\"><strong data-start=\"1568\" data-end=\"1585\">Leistung (kW)<\/strong><\/td>\n<td data-start=\"1587\" data-end=\"1600\" data-col-size=\"sm\">5,5 kW<\/td>\n<td data-start=\"1600\" data-end=\"1614\" data-col-size=\"sm\">7,5 kW<\/td>\n<\/tr>\n<tr data-start=\"1615\" data-end=\"1663\">\n<td data-start=\"1615\" data-end=\"1636\" data-col-size=\"sm\"><strong data-start=\"1617\" data-end=\"1628\">Gewicht<\/strong><\/td>\n<td data-start=\"1636\" data-end=\"1649\" data-col-size=\"sm\">490 kg<\/td>\n<td data-start=\"1649\" data-end=\"1663\" data-col-size=\"sm\">560 kg<\/td>\n<\/tr>\n<\/tbody>\n<\/table>\n<\/div>\n<\/div>\n<p data-start=\"1665\" data-end=\"1816\">Hinweis: Die angegebenen Kapazit\u00e4ten sind Richtwerte und abh\u00e4ngig von Produkttyp, Qualit\u00e4t, Feuchtigkeitsgehalt und dem Anteil an Verunreinigungen.<\/p>\n<article class=\"text-token-text-primary w-full\" dir=\"auto\" data-testid=\"conversation-turn-151\" data-scroll-anchor=\"true\">\n<div class=\"text-base my-auto mx-auto pb-10 [--thread-content-margin:--spacing(4)] @[37rem]:[--thread-content-margin:--spacing(6)] @[72rem]:[--thread-content-margin:--spacing(16)] px-(--thread-content-margin)\">\n<div class=\"[--thread-content-max-width:32rem] @[34rem]:[--thread-content-max-width:40rem] @[64rem]:[--thread-content-max-width:48rem] mx-auto flex max-w-(--thread-content-max-width) flex-1 text-base gap-4 md:gap-5 lg:gap-6 group\/turn-messages focus-visible:outline-hidden\" tabindex=\"-1\">\n<div class=\"group\/conversation-turn relative flex w-full min-w-0 flex-col agent-turn\">\n<div class=\"relative flex-col gap-1 md:gap-3\">\n<div class=\"flex max-w-full flex-col grow\">\n<div class=\"min-h-8 text-message relative flex w-full flex-col items-end gap-2 text-start break-words whitespace-normal [.text-message+&amp;]:mt-5\" dir=\"auto\" data-message-author-role=\"assistant\" data-message-id=\"8a2d64dd-5050-49f0-87be-ef839967f4a4\" data-message-model-slug=\"gpt-4o\">\n<div class=\"flex w-full flex-col gap-1 empty:hidden first:pt-[3px]\">\n<div class=\"markdown prose dark:prose-invert w-full break-words light\">\n<h3 data-start=\"1350\" data-end=\"1461\"><strong data-start=\"1350\" data-end=\"1361\">Kontakt<\/strong><\/h3>\n<p data-start=\"1350\" data-end=\"1461\">\u00fcr weitere Informationen oder ein individuelles Angebot wenden Sie sich bitte an Jansen&amp;Heuning.<\/p>\n<\/div>\n<\/div>\n<\/div>\n<\/div>\n<\/div>\n<\/div>\n<\/div>\n<\/div>\n<\/article>\n<ul>\n<li>Telefon:\u00a0<a href=\"https:\/\/jh.nl\/nl\/product-categorie\/schroeftransporteurs\/schroeftransporteur\/+310503126448\">+31(0)50 3126 448<\/a><\/li>\n<li>E-mail:\u00a0<a href=\"mailto:sales@jh.nl\">sales@jh.nl<\/a>\u200b<\/li>\n<li>Kontaktformular:\u00a0<a href=\"https:\/\/jh.nl\/de\/contact\/\">jh.nl\/contact<\/a><\/li>\n<\/ul>\n<h3 data-start=\"2073\" data-end=\"2134\">Video der Funktionsweise der horizontale getreide sch\u00e4lmaschine <em data-start=\"2135\" data-end=\"2155\">(Beispiel: Typ 07)<\/em><\/h3>\n<div style=\"width: 1266px;\" class=\"wp-video\"><video class=\"wp-video-shortcode\" id=\"video-27177-1\" width=\"1266\" height=\"1080\" preload=\"metadata\" controls=\"controls\"><source type=\"video\/mp4\" src=\"https:\/\/jh.nl\/wp-content\/uploads\/2024\/06\/jhp_07_a1.mp4?_=1\" \/><a href=\"https:\/\/jh.nl\/wp-content\/uploads\/2024\/06\/jhp_07_a1.mp4\">https:\/\/jh.nl\/wp-content\/uploads\/2024\/06\/jhp_07_a1.mp4<\/a><\/video><\/div>\n","protected":false},"excerpt":{"rendered":"<p>Die horizontale Sch\u00e4lmaschine f\u00fcr K\u00f6rner und Samen wurde f\u00fcr das&#8230;<\/p>\n","protected":false},"featured_media":24512,"comment_status":"open","ping_status":"closed","template":"","meta":{"_acf_changed":false},"product_brand":[],"product_cat":[926],"product_tag":[],"class_list":{"0":"post-27177","1":"product","2":"type-product","3":"status-publish","4":"has-post-thumbnail","6":"product_cat-schaelmaschine-fuer-koerner-und-samen","8":"first","9":"instock","10":"taxable","11":"shipping-taxable","12":"product-type-simple"},"acf":[],"yoast_head":"<!-- This site is optimized with the Yoast SEO plugin v27.4 - https:\/\/yoast.com\/product\/yoast-seo-wordpress\/ -->\n<title>Horizontale Sch\u00e4lmaschine Getreide | Jansen&amp;Heuning<\/title>\n<meta name=\"description\" content=\"Effizient Getreide und H\u00fclsenfr\u00fcchte sch\u00e4len. Horizontale Sch\u00e4lmaschine getreide mit einstellbarer Intensit\u00e4t und staubarmer Absaugung. Jetzt informieren.\" \/>\n<meta name=\"robots\" content=\"index, follow, max-snippet:-1, max-image-preview:large, max-video-preview:-1\" \/>\n<link rel=\"canonical\" href=\"https:\/\/jh.nl\/de\/product\/horizontale-schalmaschine\/\" \/>\n<meta property=\"og:locale\" content=\"de_DE\" \/>\n<meta property=\"og:type\" content=\"article\" \/>\n<meta property=\"og:title\" content=\"Horizontale Sch\u00e4lmaschine Getreide | Jansen&amp;Heuning\" \/>\n<meta property=\"og:description\" content=\"Effizient Getreide und H\u00fclsenfr\u00fcchte sch\u00e4len. Horizontale Sch\u00e4lmaschine getreide mit einstellbarer Intensit\u00e4t und staubarmer Absaugung. Jetzt informieren.\" \/>\n<meta property=\"og:url\" content=\"https:\/\/jh.nl\/de\/product\/horizontale-schalmaschine\/\" \/>\n<meta property=\"og:site_name\" content=\"Jansen&amp;Heuning\" \/>\n<meta property=\"article:publisher\" content=\"https:\/\/www.facebook.com\/JansenHeuning\" \/>\n<meta property=\"article:modified_time\" content=\"2025-09-24T10:50:47+00:00\" \/>\n<meta property=\"og:image\" content=\"https:\/\/jh.nl\/wp-content\/uploads\/2024\/06\/JHP_07-b.jpg\" \/>\n\t<meta property=\"og:image:width\" content=\"1024\" \/>\n\t<meta property=\"og:image:height\" content=\"1024\" \/>\n\t<meta property=\"og:image:type\" content=\"image\/jpeg\" \/>\n<meta name=\"twitter:card\" content=\"summary_large_image\" \/>\n<meta name=\"twitter:label1\" content=\"Gesch\u00e4tzte Lesezeit\" \/>\n\t<meta name=\"twitter:data1\" content=\"2\u00a0Minuten\" \/>\n<script type=\"application\/ld+json\" class=\"yoast-schema-graph\">{\"@context\":\"https:\\\/\\\/schema.org\",\"@graph\":[{\"@type\":\"WebPage\",\"@id\":\"https:\\\/\\\/jh.nl\\\/de\\\/product\\\/horizontale-schalmaschine\\\/\",\"url\":\"https:\\\/\\\/jh.nl\\\/de\\\/product\\\/horizontale-schalmaschine\\\/\",\"name\":\"Horizontale Sch\u00e4lmaschine Getreide | Jansen&Heuning\",\"isPartOf\":{\"@id\":\"https:\\\/\\\/jh.nl\\\/nl\\\/#website\"},\"primaryImageOfPage\":{\"@id\":\"https:\\\/\\\/jh.nl\\\/de\\\/product\\\/horizontale-schalmaschine\\\/#primaryimage\"},\"image\":{\"@id\":\"https:\\\/\\\/jh.nl\\\/de\\\/product\\\/horizontale-schalmaschine\\\/#primaryimage\"},\"thumbnailUrl\":\"https:\\\/\\\/jh.nl\\\/wp-content\\\/uploads\\\/2024\\\/06\\\/JHP_07-b.jpg\",\"datePublished\":\"2025-09-24T09:21:48+00:00\",\"dateModified\":\"2025-09-24T10:50:47+00:00\",\"description\":\"Effizient Getreide und H\u00fclsenfr\u00fcchte sch\u00e4len. Horizontale Sch\u00e4lmaschine getreide mit einstellbarer Intensit\u00e4t und staubarmer Absaugung. Jetzt informieren.\",\"breadcrumb\":{\"@id\":\"https:\\\/\\\/jh.nl\\\/de\\\/product\\\/horizontale-schalmaschine\\\/#breadcrumb\"},\"inLanguage\":\"de\",\"potentialAction\":[{\"@type\":\"ReadAction\",\"target\":[\"https:\\\/\\\/jh.nl\\\/de\\\/product\\\/horizontale-schalmaschine\\\/\"]}]},{\"@type\":\"ImageObject\",\"inLanguage\":\"de\",\"@id\":\"https:\\\/\\\/jh.nl\\\/de\\\/product\\\/horizontale-schalmaschine\\\/#primaryimage\",\"url\":\"https:\\\/\\\/jh.nl\\\/wp-content\\\/uploads\\\/2024\\\/06\\\/JHP_07-b.jpg\",\"contentUrl\":\"https:\\\/\\\/jh.nl\\\/wp-content\\\/uploads\\\/2024\\\/06\\\/JHP_07-b.jpg\",\"width\":1024,\"height\":1024,\"caption\":\"Horizontaal pelproces met afzuiging en instelbare intensiteit\"},{\"@type\":\"BreadcrumbList\",\"@id\":\"https:\\\/\\\/jh.nl\\\/de\\\/product\\\/horizontale-schalmaschine\\\/#breadcrumb\",\"itemListElement\":[{\"@type\":\"ListItem\",\"position\":1,\"name\":\"Home\",\"item\":\"https:\\\/\\\/jh.nl\\\/de\\\/\"},{\"@type\":\"ListItem\",\"position\":2,\"name\":\"Producten\",\"item\":\"https:\\\/\\\/jh.nl\\\/nl\\\/producten\\\/\"},{\"@type\":\"ListItem\",\"position\":3,\"name\":\"Getreidetechnik\",\"item\":\"https:\\\/\\\/jh.nl\\\/de\\\/produkt-kategorie\\\/getreidetechnik\\\/\"},{\"@type\":\"ListItem\",\"position\":4,\"name\":\"Sch\u00e4lmaschine Getreide und Saatgut\",\"item\":\"https:\\\/\\\/jh.nl\\\/de\\\/produkt-kategorie\\\/getreidetechnik\\\/schaelmaschine-fuer-koerner-und-samen\\\/\"},{\"@type\":\"ListItem\",\"position\":5,\"name\":\"Horizontale Sch\u00e4lmaschine f\u00fcr K\u00f6rner und Samen\"}]},{\"@type\":\"WebSite\",\"@id\":\"https:\\\/\\\/jh.nl\\\/nl\\\/#website\",\"url\":\"https:\\\/\\\/jh.nl\\\/nl\\\/\",\"name\":\"Jansen & Heuning\",\"description\":\"Bulk Handling Systems\",\"publisher\":{\"@id\":\"https:\\\/\\\/jh.nl\\\/nl\\\/#organization\"},\"alternateName\":\"J&H\",\"potentialAction\":[{\"@type\":\"SearchAction\",\"target\":{\"@type\":\"EntryPoint\",\"urlTemplate\":\"https:\\\/\\\/jh.nl\\\/nl\\\/?s={search_term_string}\"},\"query-input\":{\"@type\":\"PropertyValueSpecification\",\"valueRequired\":true,\"valueName\":\"search_term_string\"}}],\"inLanguage\":\"de\"},{\"@type\":\"Organization\",\"@id\":\"https:\\\/\\\/jh.nl\\\/nl\\\/#organization\",\"name\":\"Jansen & Heuning\",\"alternateName\":\"J&H\",\"url\":\"https:\\\/\\\/jh.nl\\\/nl\\\/\",\"logo\":{\"@type\":\"ImageObject\",\"inLanguage\":\"de\",\"@id\":\"https:\\\/\\\/jh.nl\\\/nl\\\/#\\\/schema\\\/logo\\\/image\\\/\",\"url\":\"https:\\\/\\\/jh.nl\\\/wp-content\\\/uploads\\\/2022\\\/05\\\/JH-logo-scaled.gif\",\"contentUrl\":\"https:\\\/\\\/jh.nl\\\/wp-content\\\/uploads\\\/2022\\\/05\\\/JH-logo-scaled.gif\",\"width\":2560,\"height\":429,\"caption\":\"Jansen & Heuning\"},\"image\":{\"@id\":\"https:\\\/\\\/jh.nl\\\/nl\\\/#\\\/schema\\\/logo\\\/image\\\/\"},\"sameAs\":[\"https:\\\/\\\/www.facebook.com\\\/JansenHeuning\",\"https:\\\/\\\/www.youtube.com\\\/user\\\/JansenenHeuning\\\/featured\",\"https:\\\/\\\/www.linkedin.com\\\/company\\\/1768497\\\/\"]}]}<\/script>\n<!-- \/ Yoast SEO plugin. -->","yoast_head_json":{"title":"Horizontale Sch\u00e4lmaschine Getreide | Jansen&Heuning","description":"Effizient Getreide und H\u00fclsenfr\u00fcchte sch\u00e4len. Horizontale Sch\u00e4lmaschine getreide mit einstellbarer Intensit\u00e4t und staubarmer Absaugung. Jetzt informieren.","robots":{"index":"index","follow":"follow","max-snippet":"max-snippet:-1","max-image-preview":"max-image-preview:large","max-video-preview":"max-video-preview:-1"},"canonical":"https:\/\/jh.nl\/de\/product\/horizontale-schalmaschine\/","og_locale":"de_DE","og_type":"article","og_title":"Horizontale Sch\u00e4lmaschine Getreide | Jansen&Heuning","og_description":"Effizient Getreide und H\u00fclsenfr\u00fcchte sch\u00e4len. Horizontale Sch\u00e4lmaschine getreide mit einstellbarer Intensit\u00e4t und staubarmer Absaugung. Jetzt informieren.","og_url":"https:\/\/jh.nl\/de\/product\/horizontale-schalmaschine\/","og_site_name":"Jansen&amp;Heuning","article_publisher":"https:\/\/www.facebook.com\/JansenHeuning","article_modified_time":"2025-09-24T10:50:47+00:00","og_image":[{"width":1024,"height":1024,"url":"https:\/\/jh.nl\/wp-content\/uploads\/2024\/06\/JHP_07-b.jpg","type":"image\/jpeg"}],"twitter_card":"summary_large_image","twitter_misc":{"Gesch\u00e4tzte Lesezeit":"2\u00a0Minuten"},"schema":{"@context":"https:\/\/schema.org","@graph":[{"@type":"WebPage","@id":"https:\/\/jh.nl\/de\/product\/horizontale-schalmaschine\/","url":"https:\/\/jh.nl\/de\/product\/horizontale-schalmaschine\/","name":"Horizontale Sch\u00e4lmaschine Getreide | Jansen&Heuning","isPartOf":{"@id":"https:\/\/jh.nl\/nl\/#website"},"primaryImageOfPage":{"@id":"https:\/\/jh.nl\/de\/product\/horizontale-schalmaschine\/#primaryimage"},"image":{"@id":"https:\/\/jh.nl\/de\/product\/horizontale-schalmaschine\/#primaryimage"},"thumbnailUrl":"https:\/\/jh.nl\/wp-content\/uploads\/2024\/06\/JHP_07-b.jpg","datePublished":"2025-09-24T09:21:48+00:00","dateModified":"2025-09-24T10:50:47+00:00","description":"Effizient Getreide und H\u00fclsenfr\u00fcchte sch\u00e4len. Horizontale Sch\u00e4lmaschine getreide mit einstellbarer Intensit\u00e4t und staubarmer Absaugung. Jetzt informieren.","breadcrumb":{"@id":"https:\/\/jh.nl\/de\/product\/horizontale-schalmaschine\/#breadcrumb"},"inLanguage":"de","potentialAction":[{"@type":"ReadAction","target":["https:\/\/jh.nl\/de\/product\/horizontale-schalmaschine\/"]}]},{"@type":"ImageObject","inLanguage":"de","@id":"https:\/\/jh.nl\/de\/product\/horizontale-schalmaschine\/#primaryimage","url":"https:\/\/jh.nl\/wp-content\/uploads\/2024\/06\/JHP_07-b.jpg","contentUrl":"https:\/\/jh.nl\/wp-content\/uploads\/2024\/06\/JHP_07-b.jpg","width":1024,"height":1024,"caption":"Horizontaal pelproces met afzuiging en instelbare intensiteit"},{"@type":"BreadcrumbList","@id":"https:\/\/jh.nl\/de\/product\/horizontale-schalmaschine\/#breadcrumb","itemListElement":[{"@type":"ListItem","position":1,"name":"Home","item":"https:\/\/jh.nl\/de\/"},{"@type":"ListItem","position":2,"name":"Producten","item":"https:\/\/jh.nl\/nl\/producten\/"},{"@type":"ListItem","position":3,"name":"Getreidetechnik","item":"https:\/\/jh.nl\/de\/produkt-kategorie\/getreidetechnik\/"},{"@type":"ListItem","position":4,"name":"Sch\u00e4lmaschine Getreide und Saatgut","item":"https:\/\/jh.nl\/de\/produkt-kategorie\/getreidetechnik\/schaelmaschine-fuer-koerner-und-samen\/"},{"@type":"ListItem","position":5,"name":"Horizontale Sch\u00e4lmaschine f\u00fcr K\u00f6rner und Samen"}]},{"@type":"WebSite","@id":"https:\/\/jh.nl\/nl\/#website","url":"https:\/\/jh.nl\/nl\/","name":"Jansen & Heuning","description":"Bulk Handling Systems","publisher":{"@id":"https:\/\/jh.nl\/nl\/#organization"},"alternateName":"J&H","potentialAction":[{"@type":"SearchAction","target":{"@type":"EntryPoint","urlTemplate":"https:\/\/jh.nl\/nl\/?s={search_term_string}"},"query-input":{"@type":"PropertyValueSpecification","valueRequired":true,"valueName":"search_term_string"}}],"inLanguage":"de"},{"@type":"Organization","@id":"https:\/\/jh.nl\/nl\/#organization","name":"Jansen & Heuning","alternateName":"J&H","url":"https:\/\/jh.nl\/nl\/","logo":{"@type":"ImageObject","inLanguage":"de","@id":"https:\/\/jh.nl\/nl\/#\/schema\/logo\/image\/","url":"https:\/\/jh.nl\/wp-content\/uploads\/2022\/05\/JH-logo-scaled.gif","contentUrl":"https:\/\/jh.nl\/wp-content\/uploads\/2022\/05\/JH-logo-scaled.gif","width":2560,"height":429,"caption":"Jansen & Heuning"},"image":{"@id":"https:\/\/jh.nl\/nl\/#\/schema\/logo\/image\/"},"sameAs":["https:\/\/www.facebook.com\/JansenHeuning","https:\/\/www.youtube.com\/user\/JansenenHeuning\/featured","https:\/\/www.linkedin.com\/company\/1768497\/"]}]}},"_links":{"self":[{"href":"https:\/\/jh.nl\/de\/wp-json\/wp\/v2\/product\/27177","targetHints":{"allow":["GET"]}}],"collection":[{"href":"https:\/\/jh.nl\/de\/wp-json\/wp\/v2\/product"}],"about":[{"href":"https:\/\/jh.nl\/de\/wp-json\/wp\/v2\/types\/product"}],"replies":[{"embeddable":true,"href":"https:\/\/jh.nl\/de\/wp-json\/wp\/v2\/comments?post=27177"}],"wp:featuredmedia":[{"embeddable":true,"href":"https:\/\/jh.nl\/de\/wp-json\/wp\/v2\/media\/24512"}],"wp:attachment":[{"href":"https:\/\/jh.nl\/de\/wp-json\/wp\/v2\/media?parent=27177"}],"wp:term":[{"taxonomy":"product_brand","embeddable":true,"href":"https:\/\/jh.nl\/de\/wp-json\/wp\/v2\/product_brand?post=27177"},{"taxonomy":"product_cat","embeddable":true,"href":"https:\/\/jh.nl\/de\/wp-json\/wp\/v2\/product_cat?post=27177"},{"taxonomy":"product_tag","embeddable":true,"href":"https:\/\/jh.nl\/de\/wp-json\/wp\/v2\/product_tag?post=27177"}],"curies":[{"name":"wp","href":"https:\/\/api.w.org\/{rel}","templated":true}]}}