{"id":27178,"date":"2025-09-24T11:32:10","date_gmt":"2025-09-24T09:32:10","guid":{"rendered":"https:\/\/jh.nl\/?post_type=product&#038;p=27178"},"modified":"2025-09-24T11:32:11","modified_gmt":"2025-09-24T09:32:11","slug":"horizontale-schal-reinigungsmaschine","status":"publish","type":"product","link":"https:\/\/jh.nl\/de\/product\/horizontale-schal-reinigungsmaschine\/","title":{"rendered":"Horizontale Sch\u00e4l- und Reinigungsmaschine"},"content":{"rendered":"<p data-start=\"673\" data-end=\"1036\">Diese horizontale Sch\u00e4l- und Reinigungsmaschine f\u00fcr Getreide und Saatgut wurde entwickelt f\u00fcr die Oberfl\u00e4chenreinigung und das Sch\u00e4len von Getreide oder H\u00fclsenfr\u00fcchten vor der Weiterverarbeitung. Die Maschine hat eine kompakte Bauweise und ist besonders geeignet f\u00fcr Reinigungsbetriebe und M\u00fchlen, die die Fruchtschale oder H\u00fclse zuverl\u00e4ssig entfernen wollen. Sch\u00e4lmaschine fur getreide von Jansen&amp;Heuning.<\/p>\n<h2 data-start=\"1038\" data-end=\"1097\">Vorteile der horizontalen sch\u00e4lmaschine fur getreide<\/h2>\n<ul>\n<li data-start=\"1100\" data-end=\"1133\">Schonende Behandlung der K\u00f6rner<\/li>\n<li data-start=\"1136\" data-end=\"1174\">Kompakte Bauweise f\u00fcr kleine Anlagen<\/li>\n<li data-start=\"1177\" data-end=\"1204\">Geringer Energieverbrauch<\/li>\n<li data-start=\"1207\" data-end=\"1244\">Leicht einstellbare Sch\u00e4lintensit\u00e4t<\/li>\n<li data-start=\"1247\" data-end=\"1301\">Staubfreie Verarbeitung durch integrierten Absaugkanal<\/li>\n<\/ul>\n<h2 data-start=\"1303\" data-end=\"1365\">Anwendungen der horizontale Sch\u00e4l- und Reinigungsmaschine<\/h2>\n<p data-start=\"1366\" data-end=\"1448\">Diese Maschine findet Anwendung in Reinigungsanlagen und M\u00fchlen, zum Beispiel f\u00fcr:<\/p>\n<ul>\n<li data-start=\"1451\" data-end=\"1490\">Entfernung von Fruchtschalen und H\u00fclsen<\/li>\n<li data-start=\"1493\" data-end=\"1534\">Reinigung von Getreide und H\u00fclsenfr\u00fcchten<\/li>\n<li data-start=\"1537\" data-end=\"1581\">Sicherstellung gleichm\u00e4\u00dfiger Produktqualit\u00e4t<\/li>\n<\/ul>\n<h2 data-start=\"1588\" data-end=\"1648\">Spezifikationen horizontale Sch\u00e4l- und Reinigungsmaschine<\/h2>\n<div class=\"_tableContainer_1rjym_1\">\n<div class=\"group _tableWrapper_1rjym_13 flex w-fit flex-col-reverse\" tabindex=\"-1\">\n<table class=\"w-fit min-w-(--thread-content-width)\" data-start=\"1650\" data-end=\"2135\">\n<thead data-start=\"1650\" data-end=\"1700\">\n<tr data-start=\"1650\" data-end=\"1700\">\n<th data-start=\"1650\" data-end=\"1673\" data-col-size=\"sm\">Typennummer Maschine<\/th>\n<th data-start=\"1673\" data-end=\"1686\" data-col-size=\"sm\">07<\/th>\n<th data-start=\"1686\" data-end=\"1700\" data-col-size=\"sm\">10<\/th>\n<\/tr>\n<\/thead>\n<tbody data-start=\"1752\" data-end=\"2135\">\n<tr data-start=\"1752\" data-end=\"1815\">\n<td data-start=\"1752\" data-end=\"1775\" data-col-size=\"sm\"><strong data-start=\"1754\" data-end=\"1767\">Kapazit\u00e4t<\/strong><\/td>\n<td data-start=\"1775\" data-end=\"1788\" data-col-size=\"sm\">t\/h<\/td>\n<td data-start=\"1788\" data-end=\"1802\" data-col-size=\"sm\">0,8\u20131,5<\/td>\n<\/tr>\n<tr data-start=\"1816\" data-end=\"1879\">\n<td data-start=\"1816\" data-end=\"1839\" data-col-size=\"sm\"><strong data-start=\"1818\" data-end=\"1827\">L\u00e4nge<\/strong><\/td>\n<td data-start=\"1839\" data-end=\"1852\" data-col-size=\"sm\">mm<\/td>\n<td data-start=\"1852\" data-end=\"1866\" data-col-size=\"sm\">1690<\/td>\n<\/tr>\n<tr data-start=\"1880\" data-end=\"1943\">\n<td data-start=\"1880\" data-end=\"1903\" data-col-size=\"sm\"><strong data-start=\"1882\" data-end=\"1892\">Breite<\/strong><\/td>\n<td data-start=\"1903\" data-end=\"1916\" data-col-size=\"sm\">mm<\/td>\n<td data-start=\"1916\" data-end=\"1930\" data-col-size=\"sm\">680<\/td>\n<\/tr>\n<tr data-start=\"1944\" data-end=\"2007\">\n<td data-start=\"1944\" data-end=\"1967\" data-col-size=\"sm\"><strong data-start=\"1946\" data-end=\"1954\">H\u00f6he<\/strong><\/td>\n<td data-start=\"1967\" data-end=\"1980\" data-col-size=\"sm\">mm<\/td>\n<td data-start=\"1980\" data-end=\"1994\" data-col-size=\"sm\">1430<\/td>\n<\/tr>\n<tr data-start=\"2008\" data-end=\"2071\">\n<td data-start=\"2008\" data-end=\"2031\" data-col-size=\"sm\"><strong data-start=\"2010\" data-end=\"2022\">Leistung<\/strong><\/td>\n<td data-start=\"2031\" data-end=\"2044\" data-col-size=\"sm\">kW<\/td>\n<td data-start=\"2044\" data-end=\"2058\" data-col-size=\"sm\">5,5<\/td>\n<\/tr>\n<tr data-start=\"2072\" data-end=\"2135\">\n<td data-start=\"2072\" data-end=\"2095\" data-col-size=\"sm\"><strong data-start=\"2074\" data-end=\"2085\">Gewicht<\/strong><\/td>\n<td data-start=\"2095\" data-end=\"2108\" data-col-size=\"sm\">kg<\/td>\n<td data-start=\"2108\" data-end=\"2122\" data-col-size=\"sm\">390<\/td>\n<\/tr>\n<\/tbody>\n<\/table>\n<\/div>\n<\/div>\n<blockquote data-start=\"2137\" data-end=\"2296\">\n<p data-start=\"2139\" data-end=\"2296\">Die angegebenen Kapazit\u00e4ten sind Richtwerte und h\u00e4ngen ab von Produktart, Qualit\u00e4t, Feuchtigkeitsgehalt und Fremdstoffanteil des zu verarbeitenden Materials.<\/p>\n<\/blockquote>\n<article class=\"text-token-text-primary w-full\" dir=\"auto\" data-testid=\"conversation-turn-151\" data-scroll-anchor=\"true\">\n<div class=\"text-base my-auto mx-auto pb-10 [--thread-content-margin:--spacing(4)] @[37rem]:[--thread-content-margin:--spacing(6)] @[72rem]:[--thread-content-margin:--spacing(16)] px-(--thread-content-margin)\">\n<div class=\"[--thread-content-max-width:32rem] @[34rem]:[--thread-content-max-width:40rem] @[64rem]:[--thread-content-max-width:48rem] mx-auto flex max-w-(--thread-content-max-width) flex-1 text-base gap-4 md:gap-5 lg:gap-6 group\/turn-messages focus-visible:outline-hidden\" tabindex=\"-1\">\n<div class=\"group\/conversation-turn relative flex w-full min-w-0 flex-col agent-turn\">\n<div class=\"relative flex-col gap-1 md:gap-3\">\n<div class=\"flex max-w-full flex-col grow\">\n<div class=\"min-h-8 text-message relative flex w-full flex-col items-end gap-2 text-start break-words whitespace-normal [.text-message+&amp;]:mt-5\" dir=\"auto\" data-message-author-role=\"assistant\" data-message-id=\"8a2d64dd-5050-49f0-87be-ef839967f4a4\" data-message-model-slug=\"gpt-4o\">\n<div class=\"flex w-full flex-col gap-1 empty:hidden first:pt-[3px]\">\n<div class=\"markdown prose dark:prose-invert w-full break-words light\">\n<h3 data-start=\"1350\" data-end=\"1461\"><strong data-start=\"1350\" data-end=\"1361\">Kontakt<\/strong><\/h3>\n<p data-start=\"1350\" data-end=\"1461\">\u00fcr weitere Informationen oder ein individuelles Angebot wenden Sie sich bitte an Jansen&amp;Heuning.<\/p>\n<\/div>\n<\/div>\n<\/div>\n<\/div>\n<\/div>\n<\/div>\n<\/div>\n<\/div>\n<\/article>\n<ul>\n<li>Telefon:\u00a0<a href=\"https:\/\/jh.nl\/nl\/product-categorie\/schroeftransporteurs\/schroeftransporteur\/+310503126448\">+31(0)50 3126 448<\/a><\/li>\n<li>E-mail:\u00a0<a href=\"mailto:sales@jh.nl\">sales@jh.nl<\/a>\u200b<\/li>\n<li>Kontaktformular:\u00a0<a href=\"https:\/\/jh.nl\/de\/contact\/\">jh.nl\/contact<\/a><\/li>\n<\/ul>\n<h3>Video der Funktionsweise sch\u00e4lmaschine fur getreide (Beispiel, Typ 07)<\/h3>\n<div style=\"width: 1262px;\" class=\"wp-video\"><video class=\"wp-video-shortcode\" id=\"video-27178-1\" width=\"1262\" height=\"1080\" preload=\"metadata\" controls=\"controls\"><source type=\"video\/mp4\" src=\"https:\/\/jh.nl\/wp-content\/uploads\/2024\/06\/jhs_07_a1.mp4?_=1\" \/><a href=\"https:\/\/jh.nl\/wp-content\/uploads\/2024\/06\/jhs_07_a1.mp4\">https:\/\/jh.nl\/wp-content\/uploads\/2024\/06\/jhs_07_a1.mp4<\/a><\/video><\/div>\n","protected":false},"excerpt":{"rendered":"<p>Diese horizontale Sch\u00e4l- und Reinigungsmaschine f\u00fcr Getreide und Saatgut wurde&#8230;<\/p>\n","protected":false},"featured_media":24493,"comment_status":"open","ping_status":"closed","template":"","meta":{"_acf_changed":false},"product_brand":[],"product_cat":[926],"product_tag":[],"class_list":{"0":"post-27178","1":"product","2":"type-product","3":"status-publish","4":"has-post-thumbnail","6":"product_cat-schaelmaschine-fuer-koerner-und-samen","8":"first","9":"instock","10":"taxable","11":"shipping-taxable","12":"product-type-simple"},"acf":[],"yoast_head":"<!-- This site is optimized with the Yoast SEO plugin v27.4 - https:\/\/yoast.com\/product\/yoast-seo-wordpress\/ -->\n<title>Sch\u00e4lmaschine Fur Getreide Und Saatgut | Jansen&amp;Heunin<\/title>\n<meta name=\"description\" content=\"Effizientes sch\u00e4lmaschine fur getreide (und reinigung) und H\u00fclsenfr\u00fcchten mit kompakter Bauweise f\u00fcr Reinigungsbetriebe und M\u00fchlen.\" \/>\n<meta name=\"robots\" content=\"index, follow, max-snippet:-1, max-image-preview:large, max-video-preview:-1\" \/>\n<link rel=\"canonical\" href=\"https:\/\/jh.nl\/de\/product\/horizontale-schal-reinigungsmaschine\/\" \/>\n<meta property=\"og:locale\" content=\"de_DE\" \/>\n<meta property=\"og:type\" content=\"article\" \/>\n<meta property=\"og:title\" content=\"Sch\u00e4lmaschine Fur Getreide Und Saatgut | Jansen&amp;Heunin\" \/>\n<meta property=\"og:description\" content=\"Effizientes sch\u00e4lmaschine fur getreide (und reinigung) und H\u00fclsenfr\u00fcchten mit kompakter Bauweise f\u00fcr Reinigungsbetriebe und M\u00fchlen.\" \/>\n<meta property=\"og:url\" content=\"https:\/\/jh.nl\/de\/product\/horizontale-schal-reinigungsmaschine\/\" \/>\n<meta property=\"og:site_name\" content=\"Jansen&amp;Heuning\" \/>\n<meta property=\"article:publisher\" content=\"https:\/\/www.facebook.com\/JansenHeuning\" \/>\n<meta property=\"article:modified_time\" content=\"2025-09-24T09:32:11+00:00\" \/>\n<meta property=\"og:image\" content=\"https:\/\/jh.nl\/wp-content\/uploads\/2024\/06\/JHS_07-a.jpg\" \/>\n\t<meta property=\"og:image:width\" content=\"1024\" \/>\n\t<meta property=\"og:image:height\" content=\"1024\" \/>\n\t<meta property=\"og:image:type\" content=\"image\/jpeg\" \/>\n<meta name=\"twitter:card\" content=\"summary_large_image\" \/>\n<meta name=\"twitter:label1\" content=\"Gesch\u00e4tzte Lesezeit\" \/>\n\t<meta name=\"twitter:data1\" content=\"1\u00a0Minute\" \/>\n<script type=\"application\/ld+json\" class=\"yoast-schema-graph\">{\"@context\":\"https:\\\/\\\/schema.org\",\"@graph\":[{\"@type\":\"WebPage\",\"@id\":\"https:\\\/\\\/jh.nl\\\/de\\\/product\\\/horizontale-schal-reinigungsmaschine\\\/\",\"url\":\"https:\\\/\\\/jh.nl\\\/de\\\/product\\\/horizontale-schal-reinigungsmaschine\\\/\",\"name\":\"Sch\u00e4lmaschine Fur Getreide Und Saatgut | Jansen&Heunin\",\"isPartOf\":{\"@id\":\"https:\\\/\\\/jh.nl\\\/nl\\\/#website\"},\"primaryImageOfPage\":{\"@id\":\"https:\\\/\\\/jh.nl\\\/de\\\/product\\\/horizontale-schal-reinigungsmaschine\\\/#primaryimage\"},\"image\":{\"@id\":\"https:\\\/\\\/jh.nl\\\/de\\\/product\\\/horizontale-schal-reinigungsmaschine\\\/#primaryimage\"},\"thumbnailUrl\":\"https:\\\/\\\/jh.nl\\\/wp-content\\\/uploads\\\/2024\\\/06\\\/JHS_07-a.jpg\",\"datePublished\":\"2025-09-24T09:32:10+00:00\",\"dateModified\":\"2025-09-24T09:32:11+00:00\",\"description\":\"Effizientes sch\u00e4lmaschine fur getreide (und reinigung) und H\u00fclsenfr\u00fcchten mit kompakter Bauweise f\u00fcr Reinigungsbetriebe und M\u00fchlen.\",\"breadcrumb\":{\"@id\":\"https:\\\/\\\/jh.nl\\\/de\\\/product\\\/horizontale-schal-reinigungsmaschine\\\/#breadcrumb\"},\"inLanguage\":\"de\",\"potentialAction\":[{\"@type\":\"ReadAction\",\"target\":[\"https:\\\/\\\/jh.nl\\\/de\\\/product\\\/horizontale-schal-reinigungsmaschine\\\/\"]}]},{\"@type\":\"ImageObject\",\"inLanguage\":\"de\",\"@id\":\"https:\\\/\\\/jh.nl\\\/de\\\/product\\\/horizontale-schal-reinigungsmaschine\\\/#primaryimage\",\"url\":\"https:\\\/\\\/jh.nl\\\/wp-content\\\/uploads\\\/2024\\\/06\\\/JHS_07-a.jpg\",\"contentUrl\":\"https:\\\/\\\/jh.nl\\\/wp-content\\\/uploads\\\/2024\\\/06\\\/JHS_07-a.jpg\",\"width\":1024,\"height\":1024,\"caption\":\"Horizontale schuurmachine voor reiniging en dopverwijdering bij granen en peulvruchten\"},{\"@type\":\"BreadcrumbList\",\"@id\":\"https:\\\/\\\/jh.nl\\\/de\\\/product\\\/horizontale-schal-reinigungsmaschine\\\/#breadcrumb\",\"itemListElement\":[{\"@type\":\"ListItem\",\"position\":1,\"name\":\"Home\",\"item\":\"https:\\\/\\\/jh.nl\\\/de\\\/\"},{\"@type\":\"ListItem\",\"position\":2,\"name\":\"Producten\",\"item\":\"https:\\\/\\\/jh.nl\\\/nl\\\/producten\\\/\"},{\"@type\":\"ListItem\",\"position\":3,\"name\":\"Getreidetechnik\",\"item\":\"https:\\\/\\\/jh.nl\\\/de\\\/produkt-kategorie\\\/getreidetechnik\\\/\"},{\"@type\":\"ListItem\",\"position\":4,\"name\":\"Sch\u00e4lmaschine Getreide und Saatgut\",\"item\":\"https:\\\/\\\/jh.nl\\\/de\\\/produkt-kategorie\\\/getreidetechnik\\\/schaelmaschine-fuer-koerner-und-samen\\\/\"},{\"@type\":\"ListItem\",\"position\":5,\"name\":\"Horizontale Sch\u00e4l- und Reinigungsmaschine\"}]},{\"@type\":\"WebSite\",\"@id\":\"https:\\\/\\\/jh.nl\\\/nl\\\/#website\",\"url\":\"https:\\\/\\\/jh.nl\\\/nl\\\/\",\"name\":\"Jansen & Heuning\",\"description\":\"Bulk Handling Systems\",\"publisher\":{\"@id\":\"https:\\\/\\\/jh.nl\\\/nl\\\/#organization\"},\"alternateName\":\"J&H\",\"potentialAction\":[{\"@type\":\"SearchAction\",\"target\":{\"@type\":\"EntryPoint\",\"urlTemplate\":\"https:\\\/\\\/jh.nl\\\/nl\\\/?s={search_term_string}\"},\"query-input\":{\"@type\":\"PropertyValueSpecification\",\"valueRequired\":true,\"valueName\":\"search_term_string\"}}],\"inLanguage\":\"de\"},{\"@type\":\"Organization\",\"@id\":\"https:\\\/\\\/jh.nl\\\/nl\\\/#organization\",\"name\":\"Jansen & Heuning\",\"alternateName\":\"J&H\",\"url\":\"https:\\\/\\\/jh.nl\\\/nl\\\/\",\"logo\":{\"@type\":\"ImageObject\",\"inLanguage\":\"de\",\"@id\":\"https:\\\/\\\/jh.nl\\\/nl\\\/#\\\/schema\\\/logo\\\/image\\\/\",\"url\":\"https:\\\/\\\/jh.nl\\\/wp-content\\\/uploads\\\/2022\\\/05\\\/JH-logo-scaled.gif\",\"contentUrl\":\"https:\\\/\\\/jh.nl\\\/wp-content\\\/uploads\\\/2022\\\/05\\\/JH-logo-scaled.gif\",\"width\":2560,\"height\":429,\"caption\":\"Jansen & Heuning\"},\"image\":{\"@id\":\"https:\\\/\\\/jh.nl\\\/nl\\\/#\\\/schema\\\/logo\\\/image\\\/\"},\"sameAs\":[\"https:\\\/\\\/www.facebook.com\\\/JansenHeuning\",\"https:\\\/\\\/www.youtube.com\\\/user\\\/JansenenHeuning\\\/featured\",\"https:\\\/\\\/www.linkedin.com\\\/company\\\/1768497\\\/\"]}]}<\/script>\n<!-- \/ Yoast SEO plugin. -->","yoast_head_json":{"title":"Sch\u00e4lmaschine Fur Getreide Und Saatgut | Jansen&Heunin","description":"Effizientes sch\u00e4lmaschine fur getreide (und reinigung) und H\u00fclsenfr\u00fcchten mit kompakter Bauweise f\u00fcr Reinigungsbetriebe und M\u00fchlen.","robots":{"index":"index","follow":"follow","max-snippet":"max-snippet:-1","max-image-preview":"max-image-preview:large","max-video-preview":"max-video-preview:-1"},"canonical":"https:\/\/jh.nl\/de\/product\/horizontale-schal-reinigungsmaschine\/","og_locale":"de_DE","og_type":"article","og_title":"Sch\u00e4lmaschine Fur Getreide Und Saatgut | Jansen&Heunin","og_description":"Effizientes sch\u00e4lmaschine fur getreide (und reinigung) und H\u00fclsenfr\u00fcchten mit kompakter Bauweise f\u00fcr Reinigungsbetriebe und M\u00fchlen.","og_url":"https:\/\/jh.nl\/de\/product\/horizontale-schal-reinigungsmaschine\/","og_site_name":"Jansen&amp;Heuning","article_publisher":"https:\/\/www.facebook.com\/JansenHeuning","article_modified_time":"2025-09-24T09:32:11+00:00","og_image":[{"width":1024,"height":1024,"url":"https:\/\/jh.nl\/wp-content\/uploads\/2024\/06\/JHS_07-a.jpg","type":"image\/jpeg"}],"twitter_card":"summary_large_image","twitter_misc":{"Gesch\u00e4tzte Lesezeit":"1\u00a0Minute"},"schema":{"@context":"https:\/\/schema.org","@graph":[{"@type":"WebPage","@id":"https:\/\/jh.nl\/de\/product\/horizontale-schal-reinigungsmaschine\/","url":"https:\/\/jh.nl\/de\/product\/horizontale-schal-reinigungsmaschine\/","name":"Sch\u00e4lmaschine Fur Getreide Und Saatgut | Jansen&Heunin","isPartOf":{"@id":"https:\/\/jh.nl\/nl\/#website"},"primaryImageOfPage":{"@id":"https:\/\/jh.nl\/de\/product\/horizontale-schal-reinigungsmaschine\/#primaryimage"},"image":{"@id":"https:\/\/jh.nl\/de\/product\/horizontale-schal-reinigungsmaschine\/#primaryimage"},"thumbnailUrl":"https:\/\/jh.nl\/wp-content\/uploads\/2024\/06\/JHS_07-a.jpg","datePublished":"2025-09-24T09:32:10+00:00","dateModified":"2025-09-24T09:32:11+00:00","description":"Effizientes sch\u00e4lmaschine fur getreide (und reinigung) und H\u00fclsenfr\u00fcchten mit kompakter Bauweise f\u00fcr Reinigungsbetriebe und M\u00fchlen.","breadcrumb":{"@id":"https:\/\/jh.nl\/de\/product\/horizontale-schal-reinigungsmaschine\/#breadcrumb"},"inLanguage":"de","potentialAction":[{"@type":"ReadAction","target":["https:\/\/jh.nl\/de\/product\/horizontale-schal-reinigungsmaschine\/"]}]},{"@type":"ImageObject","inLanguage":"de","@id":"https:\/\/jh.nl\/de\/product\/horizontale-schal-reinigungsmaschine\/#primaryimage","url":"https:\/\/jh.nl\/wp-content\/uploads\/2024\/06\/JHS_07-a.jpg","contentUrl":"https:\/\/jh.nl\/wp-content\/uploads\/2024\/06\/JHS_07-a.jpg","width":1024,"height":1024,"caption":"Horizontale schuurmachine voor reiniging en dopverwijdering bij granen en peulvruchten"},{"@type":"BreadcrumbList","@id":"https:\/\/jh.nl\/de\/product\/horizontale-schal-reinigungsmaschine\/#breadcrumb","itemListElement":[{"@type":"ListItem","position":1,"name":"Home","item":"https:\/\/jh.nl\/de\/"},{"@type":"ListItem","position":2,"name":"Producten","item":"https:\/\/jh.nl\/nl\/producten\/"},{"@type":"ListItem","position":3,"name":"Getreidetechnik","item":"https:\/\/jh.nl\/de\/produkt-kategorie\/getreidetechnik\/"},{"@type":"ListItem","position":4,"name":"Sch\u00e4lmaschine Getreide und Saatgut","item":"https:\/\/jh.nl\/de\/produkt-kategorie\/getreidetechnik\/schaelmaschine-fuer-koerner-und-samen\/"},{"@type":"ListItem","position":5,"name":"Horizontale Sch\u00e4l- und Reinigungsmaschine"}]},{"@type":"WebSite","@id":"https:\/\/jh.nl\/nl\/#website","url":"https:\/\/jh.nl\/nl\/","name":"Jansen & Heuning","description":"Bulk Handling Systems","publisher":{"@id":"https:\/\/jh.nl\/nl\/#organization"},"alternateName":"J&H","potentialAction":[{"@type":"SearchAction","target":{"@type":"EntryPoint","urlTemplate":"https:\/\/jh.nl\/nl\/?s={search_term_string}"},"query-input":{"@type":"PropertyValueSpecification","valueRequired":true,"valueName":"search_term_string"}}],"inLanguage":"de"},{"@type":"Organization","@id":"https:\/\/jh.nl\/nl\/#organization","name":"Jansen & Heuning","alternateName":"J&H","url":"https:\/\/jh.nl\/nl\/","logo":{"@type":"ImageObject","inLanguage":"de","@id":"https:\/\/jh.nl\/nl\/#\/schema\/logo\/image\/","url":"https:\/\/jh.nl\/wp-content\/uploads\/2022\/05\/JH-logo-scaled.gif","contentUrl":"https:\/\/jh.nl\/wp-content\/uploads\/2022\/05\/JH-logo-scaled.gif","width":2560,"height":429,"caption":"Jansen & Heuning"},"image":{"@id":"https:\/\/jh.nl\/nl\/#\/schema\/logo\/image\/"},"sameAs":["https:\/\/www.facebook.com\/JansenHeuning","https:\/\/www.youtube.com\/user\/JansenenHeuning\/featured","https:\/\/www.linkedin.com\/company\/1768497\/"]}]}},"_links":{"self":[{"href":"https:\/\/jh.nl\/de\/wp-json\/wp\/v2\/product\/27178","targetHints":{"allow":["GET"]}}],"collection":[{"href":"https:\/\/jh.nl\/de\/wp-json\/wp\/v2\/product"}],"about":[{"href":"https:\/\/jh.nl\/de\/wp-json\/wp\/v2\/types\/product"}],"replies":[{"embeddable":true,"href":"https:\/\/jh.nl\/de\/wp-json\/wp\/v2\/comments?post=27178"}],"wp:featuredmedia":[{"embeddable":true,"href":"https:\/\/jh.nl\/de\/wp-json\/wp\/v2\/media\/24493"}],"wp:attachment":[{"href":"https:\/\/jh.nl\/de\/wp-json\/wp\/v2\/media?parent=27178"}],"wp:term":[{"taxonomy":"product_brand","embeddable":true,"href":"https:\/\/jh.nl\/de\/wp-json\/wp\/v2\/product_brand?post=27178"},{"taxonomy":"product_cat","embeddable":true,"href":"https:\/\/jh.nl\/de\/wp-json\/wp\/v2\/product_cat?post=27178"},{"taxonomy":"product_tag","embeddable":true,"href":"https:\/\/jh.nl\/de\/wp-json\/wp\/v2\/product_tag?post=27178"}],"curies":[{"name":"wp","href":"https:\/\/api.w.org\/{rel}","templated":true}]}}