{"id":27179,"date":"2025-09-24T11:57:10","date_gmt":"2025-09-24T09:57:10","guid":{"rendered":"https:\/\/jh.nl\/?post_type=product&#038;p=27179"},"modified":"2025-09-24T11:57:10","modified_gmt":"2025-09-24T09:57:10","slug":"impact-schaelmaschine","status":"publish","type":"product","link":"https:\/\/jh.nl\/de\/product\/impact-schaelmaschine\/","title":{"rendered":"Impact-Sch\u00e4lmaschine Getreide"},"content":{"rendered":"<p data-start=\"296\" data-end=\"665\">Die Impact-Sch\u00e4lmaschine von Jansen&amp;Heuning trennt Getreidek\u00f6rner durch Prallwirkung vom Spelz. Die Maschine ist geeignet f\u00fcr das Sch\u00e4len von Getreide mit h\u00e4rterer Schale, wie Dinkel und Hafer, sowie f\u00fcr \u00f6lhaltige Saaten, bei denen der Kern nicht fest an der Schale haftet, z.\u202fB. Sonnenblumenkerne. Je nach Saatgut sind verschiedene Typen von Impact-Scheiben verf\u00fcgbar.<\/p>\n<p data-start=\"667\" data-end=\"990\">Die Maschine verarbeitet vorab gereinigtes und sortiertes Produktmaterial. Nach dem Sch\u00e4lprozess erfolgt eine Siebung, um Spelz, Bruchk\u00f6rner, ganze K\u00f6rner und nicht gesch\u00e4lte K\u00f6rner voneinander zu trennen. Der Antrieb erfolgt \u00fcber einen frequenzgesteuerten Motor, der eine pr\u00e4zise Steuerung der Prozessparameter erm\u00f6glicht.<\/p>\n<h2 data-start=\"997\" data-end=\"1043\">Vorteile der Impact-Sch\u00e4lmaschine Getreide<\/h2>\n<ul>\n<li data-start=\"1047\" data-end=\"1075\">Energieeffizienter Betrieb<\/li>\n<li data-start=\"1078\" data-end=\"1115\">Ger\u00e4uscharmer Lauf ohne Vibrationen<\/li>\n<li data-start=\"1118\" data-end=\"1143\">Hoher Sch\u00e4lwirkungsgrad<\/li>\n<li data-start=\"1146\" data-end=\"1182\">Einfache Einstellung und Anpassung<\/li>\n<\/ul>\n<h2 data-start=\"1189\" data-end=\"1234\">Anwendungen Impact-Sch\u00e4lmaschine Getreide<\/h2>\n<ul>\n<li data-start=\"1238\" data-end=\"1291\">Sch\u00e4len von \u00f6lhaltigen Saaten wie Sonnenblumenkerne<\/li>\n<li data-start=\"1294\" data-end=\"1355\">Sch\u00e4len von Getreide wie Hafer, Dinkel, Einkorn, Buchweizen<\/li>\n<li data-start=\"1358\" data-end=\"1443\">Verarbeitung von gereinigtem Getreide oder Saatgut f\u00fcr Lebensmittel oder Tierfutter<\/li>\n<\/ul>\n<h2 data-start=\"1450\" data-end=\"1499\">Spezifikationen Impact-Sch\u00e4lmaschine Getreide<\/h2>\n<div class=\"_tableContainer_1rjym_1\">\n<div class=\"group _tableWrapper_1rjym_13 flex w-fit flex-col-reverse\" tabindex=\"-1\">\n<table class=\"w-fit min-w-(--thread-content-width)\" data-start=\"1501\" data-end=\"1841\">\n<thead data-start=\"1501\" data-end=\"1540\">\n<tr data-start=\"1501\" data-end=\"1540\">\n<th data-start=\"1501\" data-end=\"1516\" data-col-size=\"sm\">Maschinentyp<\/th>\n<th data-start=\"1516\" data-end=\"1528\" data-col-size=\"sm\">05.1 LITE<\/th>\n<th data-start=\"1528\" data-end=\"1540\" data-col-size=\"sm\">05.2 PRO<\/th>\n<\/tr>\n<\/thead>\n<tbody data-start=\"1583\" data-end=\"1841\">\n<tr data-start=\"1583\" data-end=\"1626\">\n<td data-start=\"1583\" data-end=\"1599\" data-col-size=\"sm\"><strong data-start=\"1585\" data-end=\"1598\">Kapazit\u00e4t<\/strong><\/td>\n<td data-start=\"1599\" data-end=\"1613\" data-col-size=\"sm\">0,6\u20131,5 t\/h<\/td>\n<td data-start=\"1613\" data-end=\"1626\" data-col-size=\"sm\">0,6\u20133 t\/h<\/td>\n<\/tr>\n<tr data-start=\"1627\" data-end=\"1669\">\n<td data-start=\"1627\" data-end=\"1643\" data-col-size=\"sm\"><strong data-start=\"1629\" data-end=\"1638\">L\u00e4nge<\/strong><\/td>\n<td data-start=\"1643\" data-end=\"1656\" data-col-size=\"sm\">860 mm<\/td>\n<td data-start=\"1656\" data-end=\"1669\" data-col-size=\"sm\">860 mm<\/td>\n<\/tr>\n<tr data-start=\"1670\" data-end=\"1712\">\n<td data-start=\"1670\" data-end=\"1686\" data-col-size=\"sm\"><strong data-start=\"1672\" data-end=\"1682\">Breite<\/strong><\/td>\n<td data-start=\"1686\" data-end=\"1699\" data-col-size=\"sm\">895 mm<\/td>\n<td data-start=\"1699\" data-end=\"1712\" data-col-size=\"sm\">895 mm<\/td>\n<\/tr>\n<tr data-start=\"1713\" data-end=\"1755\">\n<td data-start=\"1713\" data-end=\"1729\" data-col-size=\"sm\"><strong data-start=\"1715\" data-end=\"1723\">H\u00f6he<\/strong><\/td>\n<td data-start=\"1729\" data-end=\"1742\" data-col-size=\"sm\">1020 mm<\/td>\n<td data-start=\"1742\" data-end=\"1755\" data-col-size=\"sm\">1020 mm<\/td>\n<\/tr>\n<tr data-start=\"1756\" data-end=\"1798\">\n<td data-start=\"1756\" data-end=\"1772\" data-col-size=\"sm\"><strong data-start=\"1758\" data-end=\"1770\">Leistung<\/strong><\/td>\n<td data-start=\"1772\" data-end=\"1785\" data-col-size=\"sm\">2,2 kW<\/td>\n<td data-start=\"1785\" data-end=\"1798\" data-col-size=\"sm\">4,0 kW<\/td>\n<\/tr>\n<tr data-start=\"1799\" data-end=\"1841\">\n<td data-start=\"1799\" data-end=\"1815\" data-col-size=\"sm\"><strong data-start=\"1801\" data-end=\"1812\">Gewicht<\/strong><\/td>\n<td data-start=\"1815\" data-end=\"1828\" data-col-size=\"sm\">250 kg<\/td>\n<td data-start=\"1828\" data-end=\"1841\" data-col-size=\"sm\">250 kg<\/td>\n<\/tr>\n<\/tbody>\n<\/table>\n<\/div>\n<\/div>\n<p data-start=\"1843\" data-end=\"1987\"><em data-start=\"1843\" data-end=\"1987\">Die Kapazit\u00e4ten sind Richtwerte und h\u00e4ngen von Produkttyp, Qualit\u00e4t, Feuchtegehalt und Verunreinigungsgrad des zu verarbeitenden Materials ab.<\/em><\/p>\n<article class=\"text-token-text-primary w-full\" dir=\"auto\" data-testid=\"conversation-turn-151\" data-scroll-anchor=\"true\">\n<div class=\"text-base my-auto mx-auto pb-10 [--thread-content-margin:--spacing(4)] @[37rem]:[--thread-content-margin:--spacing(6)] @[72rem]:[--thread-content-margin:--spacing(16)] px-(--thread-content-margin)\">\n<div class=\"[--thread-content-max-width:32rem] @[34rem]:[--thread-content-max-width:40rem] @[64rem]:[--thread-content-max-width:48rem] mx-auto flex max-w-(--thread-content-max-width) flex-1 text-base gap-4 md:gap-5 lg:gap-6 group\/turn-messages focus-visible:outline-hidden\" tabindex=\"-1\">\n<div class=\"group\/conversation-turn relative flex w-full min-w-0 flex-col agent-turn\">\n<div class=\"relative flex-col gap-1 md:gap-3\">\n<div class=\"flex max-w-full flex-col grow\">\n<div class=\"min-h-8 text-message relative flex w-full flex-col items-end gap-2 text-start break-words whitespace-normal [.text-message+&amp;]:mt-5\" dir=\"auto\" data-message-author-role=\"assistant\" data-message-id=\"8a2d64dd-5050-49f0-87be-ef839967f4a4\" data-message-model-slug=\"gpt-4o\">\n<div class=\"flex w-full flex-col gap-1 empty:hidden first:pt-[3px]\">\n<div class=\"markdown prose dark:prose-invert w-full break-words light\">\n<h3 data-start=\"1350\" data-end=\"1461\"><strong data-start=\"1350\" data-end=\"1361\">Kontakt<\/strong><\/h3>\n<p data-start=\"1350\" data-end=\"1461\">\u00fcr weitere Informationen oder ein individuelles Angebot wenden Sie sich bitte an Jansen&amp;Heuning.<\/p>\n<\/div>\n<\/div>\n<\/div>\n<\/div>\n<\/div>\n<\/div>\n<\/div>\n<\/div>\n<\/article>\n<ul>\n<li>Telefon:\u00a0<a href=\"https:\/\/jh.nl\/nl\/product-categorie\/schroeftransporteurs\/schroeftransporteur\/+310503126448\">+31(0)50 3126 448<\/a><\/li>\n<li>E-mail:\u00a0<a href=\"mailto:sales@jh.nl\">sales@jh.nl<\/a>\u200b<\/li>\n<li>Kontaktformular:\u00a0<a href=\"https:\/\/jh.nl\/de\/contact\/\">jh.nl\/contact<\/a><\/li>\n<\/ul>\n<h3>Video der Funktionsweise (Beispieltyp 05.1 LITE)<\/h3>\n<div style=\"width: 1262px;\" class=\"wp-video\"><video class=\"wp-video-shortcode\" id=\"video-27179-1\" width=\"1262\" height=\"1080\" preload=\"metadata\" controls=\"controls\"><source type=\"video\/mp4\" src=\"https:\/\/jh.nl\/wp-content\/uploads\/2024\/06\/jhi_05.mp4?_=1\" \/><a href=\"https:\/\/jh.nl\/wp-content\/uploads\/2024\/06\/jhi_05.mp4\">https:\/\/jh.nl\/wp-content\/uploads\/2024\/06\/jhi_05.mp4<\/a><\/video><\/div>\n","protected":false},"excerpt":{"rendered":"<p>Die Impact-Sch\u00e4lmaschine von Jansen&amp;Heuning trennt Getreidek\u00f6rner durch Prallwirkung vom Spelz&#8230;.<\/p>\n","protected":false},"featured_media":24485,"comment_status":"open","ping_status":"closed","template":"","meta":{"_acf_changed":false},"product_brand":[],"product_cat":[926],"product_tag":[],"class_list":{"0":"post-27179","1":"product","2":"type-product","3":"status-publish","4":"has-post-thumbnail","6":"product_cat-schaelmaschine-fuer-koerner-und-samen","8":"first","9":"instock","10":"taxable","11":"shipping-taxable","12":"product-type-simple"},"acf":[],"yoast_head":"<!-- This site is optimized with the Yoast SEO plugin v27.4 - https:\/\/yoast.com\/product\/yoast-seo-wordpress\/ -->\n<title>Impact-Sch\u00e4lmaschine Getreide Und Saatgut | Jansen&amp;Heuning<\/title>\n<meta name=\"description\" content=\"Sch\u00e4len Sie Getreide und \u00f6lhaltige Saaten effizient mit der Impact-Sch\u00e4lmaschine von Jansen&amp;Heuning. Geringer Energieverbrauch, hohe Ausbeute.\" \/>\n<meta name=\"robots\" content=\"index, follow, max-snippet:-1, max-image-preview:large, max-video-preview:-1\" \/>\n<link rel=\"canonical\" href=\"https:\/\/jh.nl\/de\/product\/impact-schaelmaschine\/\" \/>\n<meta property=\"og:locale\" content=\"de_DE\" \/>\n<meta property=\"og:type\" content=\"article\" \/>\n<meta property=\"og:title\" content=\"Impact-Sch\u00e4lmaschine Getreide Und Saatgut | Jansen&amp;Heuning\" \/>\n<meta property=\"og:description\" content=\"Sch\u00e4len Sie Getreide und \u00f6lhaltige Saaten effizient mit der Impact-Sch\u00e4lmaschine von Jansen&amp;Heuning. Geringer Energieverbrauch, hohe Ausbeute.\" \/>\n<meta property=\"og:url\" content=\"https:\/\/jh.nl\/de\/product\/impact-schaelmaschine\/\" \/>\n<meta property=\"og:site_name\" content=\"Jansen&amp;Heuning\" \/>\n<meta property=\"article:publisher\" content=\"https:\/\/www.facebook.com\/JansenHeuning\" \/>\n<meta property=\"og:image\" content=\"https:\/\/jh.nl\/wp-content\/uploads\/2024\/06\/JHI_05-b.jpg\" \/>\n\t<meta property=\"og:image:width\" content=\"1024\" \/>\n\t<meta property=\"og:image:height\" content=\"1024\" \/>\n\t<meta property=\"og:image:type\" content=\"image\/jpeg\" \/>\n<meta name=\"twitter:card\" content=\"summary_large_image\" \/>\n<meta name=\"twitter:label1\" content=\"Gesch\u00e4tzte Lesezeit\" \/>\n\t<meta name=\"twitter:data1\" content=\"2\u00a0Minuten\" \/>\n<script type=\"application\/ld+json\" class=\"yoast-schema-graph\">{\"@context\":\"https:\\\/\\\/schema.org\",\"@graph\":[{\"@type\":\"WebPage\",\"@id\":\"https:\\\/\\\/jh.nl\\\/de\\\/product\\\/impact-schaelmaschine\\\/\",\"url\":\"https:\\\/\\\/jh.nl\\\/de\\\/product\\\/impact-schaelmaschine\\\/\",\"name\":\"Impact-Sch\u00e4lmaschine Getreide Und Saatgut | Jansen&Heuning\",\"isPartOf\":{\"@id\":\"https:\\\/\\\/jh.nl\\\/nl\\\/#website\"},\"primaryImageOfPage\":{\"@id\":\"https:\\\/\\\/jh.nl\\\/de\\\/product\\\/impact-schaelmaschine\\\/#primaryimage\"},\"image\":{\"@id\":\"https:\\\/\\\/jh.nl\\\/de\\\/product\\\/impact-schaelmaschine\\\/#primaryimage\"},\"thumbnailUrl\":\"https:\\\/\\\/jh.nl\\\/wp-content\\\/uploads\\\/2024\\\/06\\\/JHI_05-b.jpg\",\"datePublished\":\"2025-09-24T09:57:10+00:00\",\"description\":\"Sch\u00e4len Sie Getreide und \u00f6lhaltige Saaten effizient mit der Impact-Sch\u00e4lmaschine von Jansen&Heuning. Geringer Energieverbrauch, hohe Ausbeute.\",\"breadcrumb\":{\"@id\":\"https:\\\/\\\/jh.nl\\\/de\\\/product\\\/impact-schaelmaschine\\\/#breadcrumb\"},\"inLanguage\":\"de\",\"potentialAction\":[{\"@type\":\"ReadAction\",\"target\":[\"https:\\\/\\\/jh.nl\\\/de\\\/product\\\/impact-schaelmaschine\\\/\"]}]},{\"@type\":\"ImageObject\",\"inLanguage\":\"de\",\"@id\":\"https:\\\/\\\/jh.nl\\\/de\\\/product\\\/impact-schaelmaschine\\\/#primaryimage\",\"url\":\"https:\\\/\\\/jh.nl\\\/wp-content\\\/uploads\\\/2024\\\/06\\\/JHI_05-b.jpg\",\"contentUrl\":\"https:\\\/\\\/jh.nl\\\/wp-content\\\/uploads\\\/2024\\\/06\\\/JHI_05-b.jpg\",\"width\":1024,\"height\":1024,\"caption\":\"Impact peller scheidt korrel en schil door botsing, met keuze in schijftypes\"},{\"@type\":\"BreadcrumbList\",\"@id\":\"https:\\\/\\\/jh.nl\\\/de\\\/product\\\/impact-schaelmaschine\\\/#breadcrumb\",\"itemListElement\":[{\"@type\":\"ListItem\",\"position\":1,\"name\":\"Home\",\"item\":\"https:\\\/\\\/jh.nl\\\/de\\\/\"},{\"@type\":\"ListItem\",\"position\":2,\"name\":\"Producten\",\"item\":\"https:\\\/\\\/jh.nl\\\/nl\\\/producten\\\/\"},{\"@type\":\"ListItem\",\"position\":3,\"name\":\"Getreidetechnik\",\"item\":\"https:\\\/\\\/jh.nl\\\/de\\\/produkt-kategorie\\\/getreidetechnik\\\/\"},{\"@type\":\"ListItem\",\"position\":4,\"name\":\"Sch\u00e4lmaschine Getreide und Saatgut\",\"item\":\"https:\\\/\\\/jh.nl\\\/de\\\/produkt-kategorie\\\/getreidetechnik\\\/schaelmaschine-fuer-koerner-und-samen\\\/\"},{\"@type\":\"ListItem\",\"position\":5,\"name\":\"Impact-Sch\u00e4lmaschine Getreide\"}]},{\"@type\":\"WebSite\",\"@id\":\"https:\\\/\\\/jh.nl\\\/nl\\\/#website\",\"url\":\"https:\\\/\\\/jh.nl\\\/nl\\\/\",\"name\":\"Jansen & Heuning\",\"description\":\"Bulk Handling Systems\",\"publisher\":{\"@id\":\"https:\\\/\\\/jh.nl\\\/nl\\\/#organization\"},\"alternateName\":\"J&H\",\"potentialAction\":[{\"@type\":\"SearchAction\",\"target\":{\"@type\":\"EntryPoint\",\"urlTemplate\":\"https:\\\/\\\/jh.nl\\\/nl\\\/?s={search_term_string}\"},\"query-input\":{\"@type\":\"PropertyValueSpecification\",\"valueRequired\":true,\"valueName\":\"search_term_string\"}}],\"inLanguage\":\"de\"},{\"@type\":\"Organization\",\"@id\":\"https:\\\/\\\/jh.nl\\\/nl\\\/#organization\",\"name\":\"Jansen & Heuning\",\"alternateName\":\"J&H\",\"url\":\"https:\\\/\\\/jh.nl\\\/nl\\\/\",\"logo\":{\"@type\":\"ImageObject\",\"inLanguage\":\"de\",\"@id\":\"https:\\\/\\\/jh.nl\\\/nl\\\/#\\\/schema\\\/logo\\\/image\\\/\",\"url\":\"https:\\\/\\\/jh.nl\\\/wp-content\\\/uploads\\\/2022\\\/05\\\/JH-logo-scaled.gif\",\"contentUrl\":\"https:\\\/\\\/jh.nl\\\/wp-content\\\/uploads\\\/2022\\\/05\\\/JH-logo-scaled.gif\",\"width\":2560,\"height\":429,\"caption\":\"Jansen & Heuning\"},\"image\":{\"@id\":\"https:\\\/\\\/jh.nl\\\/nl\\\/#\\\/schema\\\/logo\\\/image\\\/\"},\"sameAs\":[\"https:\\\/\\\/www.facebook.com\\\/JansenHeuning\",\"https:\\\/\\\/www.youtube.com\\\/user\\\/JansenenHeuning\\\/featured\",\"https:\\\/\\\/www.linkedin.com\\\/company\\\/1768497\\\/\"]}]}<\/script>\n<!-- \/ Yoast SEO plugin. -->","yoast_head_json":{"title":"Impact-Sch\u00e4lmaschine Getreide Und Saatgut | Jansen&Heuning","description":"Sch\u00e4len Sie Getreide und \u00f6lhaltige Saaten effizient mit der Impact-Sch\u00e4lmaschine von Jansen&Heuning. Geringer Energieverbrauch, hohe Ausbeute.","robots":{"index":"index","follow":"follow","max-snippet":"max-snippet:-1","max-image-preview":"max-image-preview:large","max-video-preview":"max-video-preview:-1"},"canonical":"https:\/\/jh.nl\/de\/product\/impact-schaelmaschine\/","og_locale":"de_DE","og_type":"article","og_title":"Impact-Sch\u00e4lmaschine Getreide Und Saatgut | Jansen&Heuning","og_description":"Sch\u00e4len Sie Getreide und \u00f6lhaltige Saaten effizient mit der Impact-Sch\u00e4lmaschine von Jansen&Heuning. Geringer Energieverbrauch, hohe Ausbeute.","og_url":"https:\/\/jh.nl\/de\/product\/impact-schaelmaschine\/","og_site_name":"Jansen&amp;Heuning","article_publisher":"https:\/\/www.facebook.com\/JansenHeuning","og_image":[{"width":1024,"height":1024,"url":"https:\/\/jh.nl\/wp-content\/uploads\/2024\/06\/JHI_05-b.jpg","type":"image\/jpeg"}],"twitter_card":"summary_large_image","twitter_misc":{"Gesch\u00e4tzte Lesezeit":"2\u00a0Minuten"},"schema":{"@context":"https:\/\/schema.org","@graph":[{"@type":"WebPage","@id":"https:\/\/jh.nl\/de\/product\/impact-schaelmaschine\/","url":"https:\/\/jh.nl\/de\/product\/impact-schaelmaschine\/","name":"Impact-Sch\u00e4lmaschine Getreide Und Saatgut | Jansen&Heuning","isPartOf":{"@id":"https:\/\/jh.nl\/nl\/#website"},"primaryImageOfPage":{"@id":"https:\/\/jh.nl\/de\/product\/impact-schaelmaschine\/#primaryimage"},"image":{"@id":"https:\/\/jh.nl\/de\/product\/impact-schaelmaschine\/#primaryimage"},"thumbnailUrl":"https:\/\/jh.nl\/wp-content\/uploads\/2024\/06\/JHI_05-b.jpg","datePublished":"2025-09-24T09:57:10+00:00","description":"Sch\u00e4len Sie Getreide und \u00f6lhaltige Saaten effizient mit der Impact-Sch\u00e4lmaschine von Jansen&Heuning. Geringer Energieverbrauch, hohe Ausbeute.","breadcrumb":{"@id":"https:\/\/jh.nl\/de\/product\/impact-schaelmaschine\/#breadcrumb"},"inLanguage":"de","potentialAction":[{"@type":"ReadAction","target":["https:\/\/jh.nl\/de\/product\/impact-schaelmaschine\/"]}]},{"@type":"ImageObject","inLanguage":"de","@id":"https:\/\/jh.nl\/de\/product\/impact-schaelmaschine\/#primaryimage","url":"https:\/\/jh.nl\/wp-content\/uploads\/2024\/06\/JHI_05-b.jpg","contentUrl":"https:\/\/jh.nl\/wp-content\/uploads\/2024\/06\/JHI_05-b.jpg","width":1024,"height":1024,"caption":"Impact peller scheidt korrel en schil door botsing, met keuze in schijftypes"},{"@type":"BreadcrumbList","@id":"https:\/\/jh.nl\/de\/product\/impact-schaelmaschine\/#breadcrumb","itemListElement":[{"@type":"ListItem","position":1,"name":"Home","item":"https:\/\/jh.nl\/de\/"},{"@type":"ListItem","position":2,"name":"Producten","item":"https:\/\/jh.nl\/nl\/producten\/"},{"@type":"ListItem","position":3,"name":"Getreidetechnik","item":"https:\/\/jh.nl\/de\/produkt-kategorie\/getreidetechnik\/"},{"@type":"ListItem","position":4,"name":"Sch\u00e4lmaschine Getreide und Saatgut","item":"https:\/\/jh.nl\/de\/produkt-kategorie\/getreidetechnik\/schaelmaschine-fuer-koerner-und-samen\/"},{"@type":"ListItem","position":5,"name":"Impact-Sch\u00e4lmaschine Getreide"}]},{"@type":"WebSite","@id":"https:\/\/jh.nl\/nl\/#website","url":"https:\/\/jh.nl\/nl\/","name":"Jansen & Heuning","description":"Bulk Handling Systems","publisher":{"@id":"https:\/\/jh.nl\/nl\/#organization"},"alternateName":"J&H","potentialAction":[{"@type":"SearchAction","target":{"@type":"EntryPoint","urlTemplate":"https:\/\/jh.nl\/nl\/?s={search_term_string}"},"query-input":{"@type":"PropertyValueSpecification","valueRequired":true,"valueName":"search_term_string"}}],"inLanguage":"de"},{"@type":"Organization","@id":"https:\/\/jh.nl\/nl\/#organization","name":"Jansen & Heuning","alternateName":"J&H","url":"https:\/\/jh.nl\/nl\/","logo":{"@type":"ImageObject","inLanguage":"de","@id":"https:\/\/jh.nl\/nl\/#\/schema\/logo\/image\/","url":"https:\/\/jh.nl\/wp-content\/uploads\/2022\/05\/JH-logo-scaled.gif","contentUrl":"https:\/\/jh.nl\/wp-content\/uploads\/2022\/05\/JH-logo-scaled.gif","width":2560,"height":429,"caption":"Jansen & Heuning"},"image":{"@id":"https:\/\/jh.nl\/nl\/#\/schema\/logo\/image\/"},"sameAs":["https:\/\/www.facebook.com\/JansenHeuning","https:\/\/www.youtube.com\/user\/JansenenHeuning\/featured","https:\/\/www.linkedin.com\/company\/1768497\/"]}]}},"_links":{"self":[{"href":"https:\/\/jh.nl\/de\/wp-json\/wp\/v2\/product\/27179","targetHints":{"allow":["GET"]}}],"collection":[{"href":"https:\/\/jh.nl\/de\/wp-json\/wp\/v2\/product"}],"about":[{"href":"https:\/\/jh.nl\/de\/wp-json\/wp\/v2\/types\/product"}],"replies":[{"embeddable":true,"href":"https:\/\/jh.nl\/de\/wp-json\/wp\/v2\/comments?post=27179"}],"wp:featuredmedia":[{"embeddable":true,"href":"https:\/\/jh.nl\/de\/wp-json\/wp\/v2\/media\/24485"}],"wp:attachment":[{"href":"https:\/\/jh.nl\/de\/wp-json\/wp\/v2\/media?parent=27179"}],"wp:term":[{"taxonomy":"product_brand","embeddable":true,"href":"https:\/\/jh.nl\/de\/wp-json\/wp\/v2\/product_brand?post=27179"},{"taxonomy":"product_cat","embeddable":true,"href":"https:\/\/jh.nl\/de\/wp-json\/wp\/v2\/product_cat?post=27179"},{"taxonomy":"product_tag","embeddable":true,"href":"https:\/\/jh.nl\/de\/wp-json\/wp\/v2\/product_tag?post=27179"}],"curies":[{"name":"wp","href":"https:\/\/api.w.org\/{rel}","templated":true}]}}