{"id":27180,"date":"2025-09-24T12:09:42","date_gmt":"2025-09-24T10:09:42","guid":{"rendered":"https:\/\/jh.nl\/?post_type=product&#038;p=27180"},"modified":"2025-09-24T12:09:42","modified_gmt":"2025-09-24T10:09:42","slug":"scheibenschaelmaschine-getreide","status":"publish","type":"product","link":"https:\/\/jh.nl\/de\/product\/scheibenschaelmaschine-getreide\/","title":{"rendered":"Scheibensch\u00e4lmaschine Getreide und Saatgut"},"content":{"rendered":"<article class=\"text-token-text-primary w-full\" dir=\"auto\" data-testid=\"conversation-turn-151\" data-scroll-anchor=\"true\">\n<div class=\"text-base my-auto mx-auto pb-10 [--thread-content-margin:--spacing(4)] @[37rem]:[--thread-content-margin:--spacing(6)] @[72rem]:[--thread-content-margin:--spacing(16)] px-(--thread-content-margin)\">\n<div class=\"[--thread-content-max-width:32rem] @[34rem]:[--thread-content-max-width:40rem] @[64rem]:[--thread-content-max-width:48rem] mx-auto flex max-w-(--thread-content-max-width) flex-1 text-base gap-4 md:gap-5 lg:gap-6 group\/turn-messages focus-visible:outline-hidden\" tabindex=\"-1\">\n<div class=\"group\/conversation-turn relative flex w-full min-w-0 flex-col agent-turn\">\n<div class=\"relative flex-col gap-1 md:gap-3\">\n<div class=\"flex max-w-full flex-col grow\">\n<div class=\"min-h-8 text-message relative flex w-full flex-col items-end gap-2 text-start break-words whitespace-normal [.text-message+&amp;]:mt-5\" dir=\"auto\" data-message-author-role=\"assistant\" data-message-id=\"8a2d64dd-5050-49f0-87be-ef839967f4a4\" data-message-model-slug=\"gpt-4o\">\n<div class=\"flex w-full flex-col gap-1 empty:hidden first:pt-[3px]\">\n<div class=\"markdown prose dark:prose-invert w-full break-words light\">\n<p data-start=\"252\" data-end=\"575\">Die Scheibensch\u00e4lmaschine wurde f\u00fcr das Entfernen von Spelzen entwickelt, die nicht fest mit dem Korn verbunden sind. Die Scheibensch\u00e4lmaschine getreide eignet sich insbesondere f\u00fcr kleine Samen wie Gerste und Buchweizen, vorausgesetzt, das Material ist gr\u00fcndlich gereinigt und kalibriert. Steine oder Metallteile k\u00f6nnen die Scheibe besch\u00e4digen.<\/p>\n<p data-start=\"577\" data-end=\"1105\">In der Scheibensch\u00e4lmaschine wird das Produkt zwischen einer statischen und einer rotierenden Scheibe gef\u00fchrt. Die rotierende Scheibe l\u00e4uft auf Rollenlagern. Die statische Scheibe ist vertikal verstellbar, sodass der Sch\u00e4lspalt (der Abstand zwischen Rotor und Stator) an die Korngr\u00f6\u00dfe angepasst werden kann. F\u00fcr eine einwandfreie Funktion ist eine gleichm\u00e4\u00dfige Dosierung des Materials erforderlich. F\u00fcr optimale Ergebnisse wird empfohlen, einen Magneten einzusetzen und ein Absaugkanal zu verwenden, um die Spelzen zu entfernen.<\/p>\n<h2 data-start=\"1107\" data-end=\"1168\">Vorteile der Scheibensch\u00e4lmaschine Getreide und Saatgut<\/h2>\n<ul>\n<li data-start=\"1171\" data-end=\"1193\">Robuste Konstruktion<\/li>\n<li data-start=\"1196\" data-end=\"1242\">Einstellbarer Sch\u00e4lspalt und Sch\u00e4lintensit\u00e4t<\/li>\n<li data-start=\"1245\" data-end=\"1277\">Schonende Wirkung auf das Korn<\/li>\n<li data-start=\"1280\" data-end=\"1308\">Niedriger Energieverbrauch<\/li>\n<li data-start=\"1311\" data-end=\"1330\">Kompakte Bauweise<\/li>\n<li data-start=\"1333\" data-end=\"1354\">Staubfreier Betrieb<\/li>\n<\/ul>\n<h2 data-start=\"1356\" data-end=\"1374\">Geeignet f\u00fcr<\/h2>\n<ul>\n<li>Sch\u00e4len von kleinen, nicht \u00f6lhaltigen Saaten wie Gerste und Buchweizen<\/li>\n<li>Verarbeitung von bereits gereinigtem und kalibriertem Material<\/li>\n<li>Abtrennung von Spelzen bei Saaten, bei denen die Spelze nicht fest am Kern haftet<\/li>\n<\/ul>\n<h2 data-start=\"1604\" data-end=\"1647\">Spezifikationen Scheibensch\u00e4lmaschine<\/h2>\n<div class=\"_tableContainer_1rjym_1\">\n<div class=\"group _tableWrapper_1rjym_13 flex w-fit flex-col-reverse\" tabindex=\"-1\">\n<table class=\"w-fit min-w-(--thread-content-width)\" data-start=\"1649\" data-end=\"1840\">\n<thead data-start=\"1649\" data-end=\"1668\">\n<tr data-start=\"1649\" data-end=\"1668\">\n<th data-start=\"1649\" data-end=\"1662\" data-col-size=\"sm\">Typenummer<\/th>\n<th data-start=\"1662\" data-end=\"1668\" data-col-size=\"sm\">06<\/th>\n<\/tr>\n<\/thead>\n<tbody data-start=\"1689\" data-end=\"1840\">\n<tr data-start=\"1689\" data-end=\"1720\">\n<td data-start=\"1689\" data-end=\"1705\" data-col-size=\"sm\"><strong data-start=\"1691\" data-end=\"1704\">Kapazit\u00e4t<\/strong><\/td>\n<td data-start=\"1705\" data-end=\"1720\" data-col-size=\"sm\">0,2\u20130,6 t\/h<\/td>\n<\/tr>\n<tr data-start=\"1721\" data-end=\"1744\">\n<td data-start=\"1721\" data-end=\"1733\" data-col-size=\"sm\"><strong data-start=\"1723\" data-end=\"1732\">L\u00e4nge<\/strong><\/td>\n<td data-start=\"1733\" data-end=\"1744\" data-col-size=\"sm\">1505 mm<\/td>\n<\/tr>\n<tr data-start=\"1745\" data-end=\"1768\">\n<td data-start=\"1745\" data-end=\"1758\" data-col-size=\"sm\"><strong data-start=\"1747\" data-end=\"1757\">Breite<\/strong><\/td>\n<td data-start=\"1758\" data-end=\"1768\" data-col-size=\"sm\">940 mm<\/td>\n<\/tr>\n<tr data-start=\"1769\" data-end=\"1791\">\n<td data-start=\"1769\" data-end=\"1780\" data-col-size=\"sm\"><strong data-start=\"1771\" data-end=\"1779\">H\u00f6he<\/strong><\/td>\n<td data-start=\"1780\" data-end=\"1791\" data-col-size=\"sm\">1255 mm<\/td>\n<\/tr>\n<tr data-start=\"1792\" data-end=\"1815\">\n<td data-start=\"1792\" data-end=\"1807\" data-col-size=\"sm\"><strong data-start=\"1794\" data-end=\"1806\">Leistung<\/strong><\/td>\n<td data-start=\"1807\" data-end=\"1815\" data-col-size=\"sm\">4 kW<\/td>\n<\/tr>\n<tr data-start=\"1816\" data-end=\"1840\">\n<td data-start=\"1816\" data-end=\"1830\" data-col-size=\"sm\"><strong data-start=\"1818\" data-end=\"1829\">Gewicht<\/strong><\/td>\n<td data-start=\"1830\" data-end=\"1840\" data-col-size=\"sm\">480 kg<\/td>\n<\/tr>\n<\/tbody>\n<\/table>\n<\/div>\n<\/div>\n<p data-start=\"1842\" data-end=\"1983\">Die Kapazit\u00e4ten der Maschinen sind indikativ und h\u00e4ngen von Art, Qualit\u00e4t, Feuchtigkeit und Verschmutzungsgrad des verarbeiteten Produkts ab.<\/p>\n<h3 data-start=\"1350\" data-end=\"1461\"><strong data-start=\"1350\" data-end=\"1361\">Kontakt<\/strong><\/h3>\n<p data-start=\"1350\" data-end=\"1461\">\u00fcr weitere Informationen oder ein individuelles Angebot wenden Sie sich bitte an Jansen&amp;Heuning.<\/p>\n<\/div>\n<\/div>\n<\/div>\n<\/div>\n<\/div>\n<\/div>\n<\/div>\n<\/div>\n<\/article>\n<ul>\n<li>Telefon:\u00a0<a href=\"https:\/\/jh.nl\/nl\/product-categorie\/schroeftransporteurs\/schroeftransporteur\/+310503126448\">+31(0)50 3126 448<\/a><\/li>\n<li>E-mail:\u00a0<a href=\"mailto:sales@jh.nl\">sales@jh.nl<\/a>\u200b<\/li>\n<li>Kontaktformular:\u00a0<a href=\"https:\/\/jh.nl\/de\/contact\/\">jh.nl\/contact<\/a><\/li>\n<\/ul>\n<h3>Video der Funktionsweise<\/h3>\n<div style=\"width: 1262px;\" class=\"wp-video\"><video class=\"wp-video-shortcode\" id=\"video-27180-1\" width=\"1262\" height=\"1080\" preload=\"metadata\" controls=\"controls\"><source type=\"video\/mp4\" src=\"https:\/\/jh.nl\/wp-content\/uploads\/2024\/06\/jhd_06_a1.mp4?_=1\" \/><a href=\"https:\/\/jh.nl\/wp-content\/uploads\/2024\/06\/jhd_06_a1.mp4\">https:\/\/jh.nl\/wp-content\/uploads\/2024\/06\/jhd_06_a1.mp4<\/a><\/video><\/div>\n","protected":false},"excerpt":{"rendered":"<p>Die Scheibensch\u00e4lmaschine wurde f\u00fcr das Entfernen von Spelzen entwickelt, die&#8230;<\/p>\n","protected":false},"featured_media":24468,"comment_status":"open","ping_status":"closed","template":"","meta":{"_acf_changed":false},"product_brand":[],"product_cat":[926],"product_tag":[],"class_list":{"0":"post-27180","1":"product","2":"type-product","3":"status-publish","4":"has-post-thumbnail","6":"product_cat-schaelmaschine-fuer-koerner-und-samen","8":"first","9":"instock","10":"taxable","11":"shipping-taxable","12":"product-type-simple"},"acf":[],"yoast_head":"<!-- This site is optimized with the Yoast SEO plugin v27.4 - https:\/\/yoast.com\/product\/yoast-seo-wordpress\/ -->\n<title>Scheibensch\u00e4lmaschine Getreide und Saatgut | Jansen&amp;Heuning<\/title>\n<meta name=\"description\" content=\"Schonende Scheibensch\u00e4lmaschine f\u00fcr kleine K\u00f6rner wie Gerste und Buchweizen. Kompakte Bauweise, geringe Leistung, staubfreier Betrieb.\" \/>\n<meta name=\"robots\" content=\"index, follow, max-snippet:-1, max-image-preview:large, max-video-preview:-1\" \/>\n<link rel=\"canonical\" href=\"https:\/\/jh.nl\/de\/product\/scheibenschaelmaschine-getreide\/\" \/>\n<meta property=\"og:locale\" content=\"de_DE\" \/>\n<meta property=\"og:type\" content=\"article\" \/>\n<meta property=\"og:title\" content=\"Scheibensch\u00e4lmaschine Getreide und Saatgut | Jansen&amp;Heuning\" \/>\n<meta property=\"og:description\" content=\"Schonende Scheibensch\u00e4lmaschine f\u00fcr kleine K\u00f6rner wie Gerste und Buchweizen. Kompakte Bauweise, geringe Leistung, staubfreier Betrieb.\" \/>\n<meta property=\"og:url\" content=\"https:\/\/jh.nl\/de\/product\/scheibenschaelmaschine-getreide\/\" \/>\n<meta property=\"og:site_name\" content=\"Jansen&amp;Heuning\" \/>\n<meta property=\"article:publisher\" content=\"https:\/\/www.facebook.com\/JansenHeuning\" \/>\n<meta property=\"og:image\" content=\"https:\/\/jh.nl\/wp-content\/uploads\/2024\/06\/JHD_06-b.jpg\" \/>\n\t<meta property=\"og:image:width\" content=\"1024\" \/>\n\t<meta property=\"og:image:height\" content=\"1024\" \/>\n\t<meta property=\"og:image:type\" content=\"image\/jpeg\" \/>\n<meta name=\"twitter:card\" content=\"summary_large_image\" \/>\n<meta name=\"twitter:label1\" content=\"Gesch\u00e4tzte Lesezeit\" \/>\n\t<meta name=\"twitter:data1\" content=\"2\u00a0Minuten\" \/>\n<script type=\"application\/ld+json\" class=\"yoast-schema-graph\">{\"@context\":\"https:\\\/\\\/schema.org\",\"@graph\":[{\"@type\":\"WebPage\",\"@id\":\"https:\\\/\\\/jh.nl\\\/de\\\/product\\\/scheibenschaelmaschine-getreide\\\/\",\"url\":\"https:\\\/\\\/jh.nl\\\/de\\\/product\\\/scheibenschaelmaschine-getreide\\\/\",\"name\":\"Scheibensch\u00e4lmaschine Getreide und Saatgut | Jansen&Heuning\",\"isPartOf\":{\"@id\":\"https:\\\/\\\/jh.nl\\\/nl\\\/#website\"},\"primaryImageOfPage\":{\"@id\":\"https:\\\/\\\/jh.nl\\\/de\\\/product\\\/scheibenschaelmaschine-getreide\\\/#primaryimage\"},\"image\":{\"@id\":\"https:\\\/\\\/jh.nl\\\/de\\\/product\\\/scheibenschaelmaschine-getreide\\\/#primaryimage\"},\"thumbnailUrl\":\"https:\\\/\\\/jh.nl\\\/wp-content\\\/uploads\\\/2024\\\/06\\\/JHD_06-b.jpg\",\"datePublished\":\"2025-09-24T10:09:42+00:00\",\"description\":\"Schonende Scheibensch\u00e4lmaschine f\u00fcr kleine K\u00f6rner wie Gerste und Buchweizen. Kompakte Bauweise, geringe Leistung, staubfreier Betrieb.\",\"breadcrumb\":{\"@id\":\"https:\\\/\\\/jh.nl\\\/de\\\/product\\\/scheibenschaelmaschine-getreide\\\/#breadcrumb\"},\"inLanguage\":\"de\",\"potentialAction\":[{\"@type\":\"ReadAction\",\"target\":[\"https:\\\/\\\/jh.nl\\\/de\\\/product\\\/scheibenschaelmaschine-getreide\\\/\"]}]},{\"@type\":\"ImageObject\",\"inLanguage\":\"de\",\"@id\":\"https:\\\/\\\/jh.nl\\\/de\\\/product\\\/scheibenschaelmaschine-getreide\\\/#primaryimage\",\"url\":\"https:\\\/\\\/jh.nl\\\/wp-content\\\/uploads\\\/2024\\\/06\\\/JHD_06-b.jpg\",\"contentUrl\":\"https:\\\/\\\/jh.nl\\\/wp-content\\\/uploads\\\/2024\\\/06\\\/JHD_06-b.jpg\",\"width\":1024,\"height\":1024,\"caption\":\"Schijfpeller voor scheiding van vliezen tussen rotor en stator\"},{\"@type\":\"BreadcrumbList\",\"@id\":\"https:\\\/\\\/jh.nl\\\/de\\\/product\\\/scheibenschaelmaschine-getreide\\\/#breadcrumb\",\"itemListElement\":[{\"@type\":\"ListItem\",\"position\":1,\"name\":\"Home\",\"item\":\"https:\\\/\\\/jh.nl\\\/de\\\/\"},{\"@type\":\"ListItem\",\"position\":2,\"name\":\"Producten\",\"item\":\"https:\\\/\\\/jh.nl\\\/nl\\\/producten\\\/\"},{\"@type\":\"ListItem\",\"position\":3,\"name\":\"Getreidetechnik\",\"item\":\"https:\\\/\\\/jh.nl\\\/de\\\/produkt-kategorie\\\/getreidetechnik\\\/\"},{\"@type\":\"ListItem\",\"position\":4,\"name\":\"Sch\u00e4lmaschine Getreide und Saatgut\",\"item\":\"https:\\\/\\\/jh.nl\\\/de\\\/produkt-kategorie\\\/getreidetechnik\\\/schaelmaschine-fuer-koerner-und-samen\\\/\"},{\"@type\":\"ListItem\",\"position\":5,\"name\":\"Scheibensch\u00e4lmaschine Getreide und Saatgut\"}]},{\"@type\":\"WebSite\",\"@id\":\"https:\\\/\\\/jh.nl\\\/nl\\\/#website\",\"url\":\"https:\\\/\\\/jh.nl\\\/nl\\\/\",\"name\":\"Jansen & Heuning\",\"description\":\"Bulk Handling Systems\",\"publisher\":{\"@id\":\"https:\\\/\\\/jh.nl\\\/nl\\\/#organization\"},\"alternateName\":\"J&H\",\"potentialAction\":[{\"@type\":\"SearchAction\",\"target\":{\"@type\":\"EntryPoint\",\"urlTemplate\":\"https:\\\/\\\/jh.nl\\\/nl\\\/?s={search_term_string}\"},\"query-input\":{\"@type\":\"PropertyValueSpecification\",\"valueRequired\":true,\"valueName\":\"search_term_string\"}}],\"inLanguage\":\"de\"},{\"@type\":\"Organization\",\"@id\":\"https:\\\/\\\/jh.nl\\\/nl\\\/#organization\",\"name\":\"Jansen & Heuning\",\"alternateName\":\"J&H\",\"url\":\"https:\\\/\\\/jh.nl\\\/nl\\\/\",\"logo\":{\"@type\":\"ImageObject\",\"inLanguage\":\"de\",\"@id\":\"https:\\\/\\\/jh.nl\\\/nl\\\/#\\\/schema\\\/logo\\\/image\\\/\",\"url\":\"https:\\\/\\\/jh.nl\\\/wp-content\\\/uploads\\\/2022\\\/05\\\/JH-logo-scaled.gif\",\"contentUrl\":\"https:\\\/\\\/jh.nl\\\/wp-content\\\/uploads\\\/2022\\\/05\\\/JH-logo-scaled.gif\",\"width\":2560,\"height\":429,\"caption\":\"Jansen & Heuning\"},\"image\":{\"@id\":\"https:\\\/\\\/jh.nl\\\/nl\\\/#\\\/schema\\\/logo\\\/image\\\/\"},\"sameAs\":[\"https:\\\/\\\/www.facebook.com\\\/JansenHeuning\",\"https:\\\/\\\/www.youtube.com\\\/user\\\/JansenenHeuning\\\/featured\",\"https:\\\/\\\/www.linkedin.com\\\/company\\\/1768497\\\/\"]}]}<\/script>\n<!-- \/ Yoast SEO plugin. -->","yoast_head_json":{"title":"Scheibensch\u00e4lmaschine Getreide und Saatgut | Jansen&Heuning","description":"Schonende Scheibensch\u00e4lmaschine f\u00fcr kleine K\u00f6rner wie Gerste und Buchweizen. Kompakte Bauweise, geringe Leistung, staubfreier Betrieb.","robots":{"index":"index","follow":"follow","max-snippet":"max-snippet:-1","max-image-preview":"max-image-preview:large","max-video-preview":"max-video-preview:-1"},"canonical":"https:\/\/jh.nl\/de\/product\/scheibenschaelmaschine-getreide\/","og_locale":"de_DE","og_type":"article","og_title":"Scheibensch\u00e4lmaschine Getreide und Saatgut | Jansen&Heuning","og_description":"Schonende Scheibensch\u00e4lmaschine f\u00fcr kleine K\u00f6rner wie Gerste und Buchweizen. Kompakte Bauweise, geringe Leistung, staubfreier Betrieb.","og_url":"https:\/\/jh.nl\/de\/product\/scheibenschaelmaschine-getreide\/","og_site_name":"Jansen&amp;Heuning","article_publisher":"https:\/\/www.facebook.com\/JansenHeuning","og_image":[{"width":1024,"height":1024,"url":"https:\/\/jh.nl\/wp-content\/uploads\/2024\/06\/JHD_06-b.jpg","type":"image\/jpeg"}],"twitter_card":"summary_large_image","twitter_misc":{"Gesch\u00e4tzte Lesezeit":"2\u00a0Minuten"},"schema":{"@context":"https:\/\/schema.org","@graph":[{"@type":"WebPage","@id":"https:\/\/jh.nl\/de\/product\/scheibenschaelmaschine-getreide\/","url":"https:\/\/jh.nl\/de\/product\/scheibenschaelmaschine-getreide\/","name":"Scheibensch\u00e4lmaschine Getreide und Saatgut | Jansen&Heuning","isPartOf":{"@id":"https:\/\/jh.nl\/nl\/#website"},"primaryImageOfPage":{"@id":"https:\/\/jh.nl\/de\/product\/scheibenschaelmaschine-getreide\/#primaryimage"},"image":{"@id":"https:\/\/jh.nl\/de\/product\/scheibenschaelmaschine-getreide\/#primaryimage"},"thumbnailUrl":"https:\/\/jh.nl\/wp-content\/uploads\/2024\/06\/JHD_06-b.jpg","datePublished":"2025-09-24T10:09:42+00:00","description":"Schonende Scheibensch\u00e4lmaschine f\u00fcr kleine K\u00f6rner wie Gerste und Buchweizen. Kompakte Bauweise, geringe Leistung, staubfreier Betrieb.","breadcrumb":{"@id":"https:\/\/jh.nl\/de\/product\/scheibenschaelmaschine-getreide\/#breadcrumb"},"inLanguage":"de","potentialAction":[{"@type":"ReadAction","target":["https:\/\/jh.nl\/de\/product\/scheibenschaelmaschine-getreide\/"]}]},{"@type":"ImageObject","inLanguage":"de","@id":"https:\/\/jh.nl\/de\/product\/scheibenschaelmaschine-getreide\/#primaryimage","url":"https:\/\/jh.nl\/wp-content\/uploads\/2024\/06\/JHD_06-b.jpg","contentUrl":"https:\/\/jh.nl\/wp-content\/uploads\/2024\/06\/JHD_06-b.jpg","width":1024,"height":1024,"caption":"Schijfpeller voor scheiding van vliezen tussen rotor en stator"},{"@type":"BreadcrumbList","@id":"https:\/\/jh.nl\/de\/product\/scheibenschaelmaschine-getreide\/#breadcrumb","itemListElement":[{"@type":"ListItem","position":1,"name":"Home","item":"https:\/\/jh.nl\/de\/"},{"@type":"ListItem","position":2,"name":"Producten","item":"https:\/\/jh.nl\/nl\/producten\/"},{"@type":"ListItem","position":3,"name":"Getreidetechnik","item":"https:\/\/jh.nl\/de\/produkt-kategorie\/getreidetechnik\/"},{"@type":"ListItem","position":4,"name":"Sch\u00e4lmaschine Getreide und Saatgut","item":"https:\/\/jh.nl\/de\/produkt-kategorie\/getreidetechnik\/schaelmaschine-fuer-koerner-und-samen\/"},{"@type":"ListItem","position":5,"name":"Scheibensch\u00e4lmaschine Getreide und Saatgut"}]},{"@type":"WebSite","@id":"https:\/\/jh.nl\/nl\/#website","url":"https:\/\/jh.nl\/nl\/","name":"Jansen & Heuning","description":"Bulk Handling Systems","publisher":{"@id":"https:\/\/jh.nl\/nl\/#organization"},"alternateName":"J&H","potentialAction":[{"@type":"SearchAction","target":{"@type":"EntryPoint","urlTemplate":"https:\/\/jh.nl\/nl\/?s={search_term_string}"},"query-input":{"@type":"PropertyValueSpecification","valueRequired":true,"valueName":"search_term_string"}}],"inLanguage":"de"},{"@type":"Organization","@id":"https:\/\/jh.nl\/nl\/#organization","name":"Jansen & Heuning","alternateName":"J&H","url":"https:\/\/jh.nl\/nl\/","logo":{"@type":"ImageObject","inLanguage":"de","@id":"https:\/\/jh.nl\/nl\/#\/schema\/logo\/image\/","url":"https:\/\/jh.nl\/wp-content\/uploads\/2022\/05\/JH-logo-scaled.gif","contentUrl":"https:\/\/jh.nl\/wp-content\/uploads\/2022\/05\/JH-logo-scaled.gif","width":2560,"height":429,"caption":"Jansen & Heuning"},"image":{"@id":"https:\/\/jh.nl\/nl\/#\/schema\/logo\/image\/"},"sameAs":["https:\/\/www.facebook.com\/JansenHeuning","https:\/\/www.youtube.com\/user\/JansenenHeuning\/featured","https:\/\/www.linkedin.com\/company\/1768497\/"]}]}},"_links":{"self":[{"href":"https:\/\/jh.nl\/de\/wp-json\/wp\/v2\/product\/27180","targetHints":{"allow":["GET"]}}],"collection":[{"href":"https:\/\/jh.nl\/de\/wp-json\/wp\/v2\/product"}],"about":[{"href":"https:\/\/jh.nl\/de\/wp-json\/wp\/v2\/types\/product"}],"replies":[{"embeddable":true,"href":"https:\/\/jh.nl\/de\/wp-json\/wp\/v2\/comments?post=27180"}],"wp:featuredmedia":[{"embeddable":true,"href":"https:\/\/jh.nl\/de\/wp-json\/wp\/v2\/media\/24468"}],"wp:attachment":[{"href":"https:\/\/jh.nl\/de\/wp-json\/wp\/v2\/media?parent=27180"}],"wp:term":[{"taxonomy":"product_brand","embeddable":true,"href":"https:\/\/jh.nl\/de\/wp-json\/wp\/v2\/product_brand?post=27180"},{"taxonomy":"product_cat","embeddable":true,"href":"https:\/\/jh.nl\/de\/wp-json\/wp\/v2\/product_cat?post=27180"},{"taxonomy":"product_tag","embeddable":true,"href":"https:\/\/jh.nl\/de\/wp-json\/wp\/v2\/product_tag?post=27180"}],"curies":[{"name":"wp","href":"https:\/\/api.w.org\/{rel}","templated":true}]}}