{"id":27435,"date":"2025-11-19T12:59:17","date_gmt":"2025-11-19T11:59:17","guid":{"rendered":"https:\/\/jh.nl\/?post_type=product&#038;p=27435"},"modified":"2025-11-19T13:11:10","modified_gmt":"2025-11-19T12:11:10","slug":"service-und-wartung","status":"publish","type":"product","link":"https:\/\/jh.nl\/de\/product\/service-und-wartung\/","title":{"rendered":"Service und wartung"},"content":{"rendered":"<p>Jansen&amp;Heuning unterst\u00fctzt Sie bei der Wartung und Instandhaltung von Maschinen, Anlagen und Konstruktionen. Unsere Teams f\u00fchren Arbeiten vor Ort durch, die von Hebearbeiten und Austausch von Komponenten bis hin zu Inspektionen und Korrekturen w\u00e4hrend Stillstandszeiten reichen. So bleibt Ihre Anlage sicher, einsatzf\u00e4hig und technisch zuverl\u00e4ssig.<\/p>\n<p>Der Service wird unter anderem f\u00fcr <a href=\"https:\/\/jh.nl\/de\/produkt-kategorie\/schneckenfoerderer\/\"><b>Schneckenf\u00f6rderer<\/b><\/a>, <a href=\"https:\/\/jh.nl\/de\/produkt-kategorie\/gurtfoerderer\/\"><b>Gurtf\u00f6rderer<\/b><\/a>, <a href=\"https:\/\/jh.nl\/de\/product\/becherwerke\/\"><b>Becherwerke<\/b><\/a>, <a href=\"https:\/\/jh.nl\/de\/produkt-kategorie\/bigbaghandling\/\"><b>Bigbag-Anlagen<\/b><\/a> und Sonderkonstruktionen angeboten. Unsere Monteure beurteilen den Verschlei\u00df, richten Konstruktionen aus und ersetzen Teile wie Lager, Antriebseinheiten oder komplette Sektionen. Durch die Kombination von rechtzeitiger Wartung mit gezielten Eingriffen werden ungeplante Stillst\u00e4nde begrenzt.<\/p>\n<p>Bei Fragen, f\u00fcr eine Inspektion oder eine Serviceanfrage k\u00f6nnen Sie direkt ein <a href=\"https:\/\/jh.nl\/de\/formulieren\/\"><b>Angebot anfordern<\/b><\/a> oder <a href=\"https:\/\/jh.nl\/de\/contact\/\"><b>Kontakt mit<\/b><\/a> uns<b> <\/b>aufnehmen.<\/p>\n","protected":false},"excerpt":{"rendered":"<p>Jansen&amp;Heuning unterst\u00fctzt Sie bei der Wartung und Instandhaltung von Maschinen,&#8230;<\/p>\n","protected":false},"featured_media":26536,"comment_status":"open","ping_status":"closed","template":"","meta":{"_acf_changed":false},"product_brand":[],"product_cat":[493],"product_tag":[],"class_list":{"0":"post-27435","1":"product","2":"type-product","3":"status-publish","4":"has-post-thumbnail","6":"product_cat-technik-services","8":"first","9":"instock","10":"taxable","11":"shipping-taxable","12":"product-type-simple"},"acf":[],"yoast_head":"<!-- This site is optimized with the Yoast SEO plugin v27.4 - https:\/\/yoast.com\/product\/yoast-seo-wordpress\/ -->\n<title>Service und Wartung bei technischen problemen | Jansen&amp;Heuning<\/title>\n<meta name=\"description\" content=\"Service und Wartung f\u00fcr Anlagen, Hebearbeiten und Sonderanfertigungen. Unterst\u00fctzung vor Ort mit Inspektion, Austausch und Montage.\" \/>\n<meta name=\"robots\" content=\"index, follow, max-snippet:-1, max-image-preview:large, max-video-preview:-1\" \/>\n<link rel=\"canonical\" href=\"https:\/\/jh.nl\/de\/product\/service-und-wartung\/\" \/>\n<meta property=\"og:locale\" content=\"de_DE\" \/>\n<meta property=\"og:type\" content=\"article\" \/>\n<meta property=\"og:title\" content=\"Service und Wartung bei technischen problemen | Jansen&amp;Heuning\" \/>\n<meta property=\"og:description\" content=\"Service und Wartung f\u00fcr Anlagen, Hebearbeiten und Sonderanfertigungen. Unterst\u00fctzung vor Ort mit Inspektion, Austausch und Montage.\" \/>\n<meta property=\"og:url\" content=\"https:\/\/jh.nl\/de\/product\/service-und-wartung\/\" \/>\n<meta property=\"og:site_name\" content=\"Jansen&amp;Heuning\" \/>\n<meta property=\"article:publisher\" content=\"https:\/\/www.facebook.com\/JansenHeuning\" \/>\n<meta property=\"article:modified_time\" content=\"2025-11-19T12:11:10+00:00\" \/>\n<meta property=\"og:image\" content=\"https:\/\/jh.nl\/wp-content\/uploads\/2025\/06\/actie-meten-768x1159-1.jpg\" \/>\n\t<meta property=\"og:image:width\" content=\"768\" \/>\n\t<meta property=\"og:image:height\" content=\"1159\" \/>\n\t<meta property=\"og:image:type\" content=\"image\/jpeg\" \/>\n<meta name=\"twitter:card\" content=\"summary_large_image\" \/>\n<meta name=\"twitter:label1\" content=\"Gesch\u00e4tzte Lesezeit\" \/>\n\t<meta name=\"twitter:data1\" content=\"1\u00a0Minute\" \/>\n<script type=\"application\/ld+json\" class=\"yoast-schema-graph\">{\"@context\":\"https:\\\/\\\/schema.org\",\"@graph\":[{\"@type\":\"WebPage\",\"@id\":\"https:\\\/\\\/jh.nl\\\/de\\\/product\\\/service-und-wartung\\\/\",\"url\":\"https:\\\/\\\/jh.nl\\\/de\\\/product\\\/service-und-wartung\\\/\",\"name\":\"Service und Wartung bei technischen problemen | Jansen&Heuning\",\"isPartOf\":{\"@id\":\"https:\\\/\\\/jh.nl\\\/nl\\\/#website\"},\"primaryImageOfPage\":{\"@id\":\"https:\\\/\\\/jh.nl\\\/de\\\/product\\\/service-und-wartung\\\/#primaryimage\"},\"image\":{\"@id\":\"https:\\\/\\\/jh.nl\\\/de\\\/product\\\/service-und-wartung\\\/#primaryimage\"},\"thumbnailUrl\":\"https:\\\/\\\/jh.nl\\\/wp-content\\\/uploads\\\/2025\\\/06\\\/actie-meten-768x1159-1.jpg\",\"datePublished\":\"2025-11-19T11:59:17+00:00\",\"dateModified\":\"2025-11-19T12:11:10+00:00\",\"description\":\"Service und Wartung f\u00fcr Anlagen, Hebearbeiten und Sonderanfertigungen. Unterst\u00fctzung vor Ort mit Inspektion, Austausch und Montage.\",\"breadcrumb\":{\"@id\":\"https:\\\/\\\/jh.nl\\\/de\\\/product\\\/service-und-wartung\\\/#breadcrumb\"},\"inLanguage\":\"de\",\"potentialAction\":[{\"@type\":\"ReadAction\",\"target\":[\"https:\\\/\\\/jh.nl\\\/de\\\/product\\\/service-und-wartung\\\/\"]}]},{\"@type\":\"ImageObject\",\"inLanguage\":\"de\",\"@id\":\"https:\\\/\\\/jh.nl\\\/de\\\/product\\\/service-und-wartung\\\/#primaryimage\",\"url\":\"https:\\\/\\\/jh.nl\\\/wp-content\\\/uploads\\\/2025\\\/06\\\/actie-meten-768x1159-1.jpg\",\"contentUrl\":\"https:\\\/\\\/jh.nl\\\/wp-content\\\/uploads\\\/2025\\\/06\\\/actie-meten-768x1159-1.jpg\",\"width\":768,\"height\":1159,\"caption\":\"Nauwkeurige inmeting als onderdeel van projectvoorbereiding\"},{\"@type\":\"BreadcrumbList\",\"@id\":\"https:\\\/\\\/jh.nl\\\/de\\\/product\\\/service-und-wartung\\\/#breadcrumb\",\"itemListElement\":[{\"@type\":\"ListItem\",\"position\":1,\"name\":\"Home\",\"item\":\"https:\\\/\\\/jh.nl\\\/de\\\/\"},{\"@type\":\"ListItem\",\"position\":2,\"name\":\"Producten\",\"item\":\"https:\\\/\\\/jh.nl\\\/nl\\\/producten\\\/\"},{\"@type\":\"ListItem\",\"position\":3,\"name\":\"Technik, Services und mehr\",\"item\":\"https:\\\/\\\/jh.nl\\\/de\\\/produkt-kategorie\\\/technik-services\\\/\"},{\"@type\":\"ListItem\",\"position\":4,\"name\":\"Service und wartung\"}]},{\"@type\":\"WebSite\",\"@id\":\"https:\\\/\\\/jh.nl\\\/nl\\\/#website\",\"url\":\"https:\\\/\\\/jh.nl\\\/nl\\\/\",\"name\":\"Jansen & Heuning\",\"description\":\"Bulk Handling Systems\",\"publisher\":{\"@id\":\"https:\\\/\\\/jh.nl\\\/nl\\\/#organization\"},\"alternateName\":\"J&H\",\"potentialAction\":[{\"@type\":\"SearchAction\",\"target\":{\"@type\":\"EntryPoint\",\"urlTemplate\":\"https:\\\/\\\/jh.nl\\\/nl\\\/?s={search_term_string}\"},\"query-input\":{\"@type\":\"PropertyValueSpecification\",\"valueRequired\":true,\"valueName\":\"search_term_string\"}}],\"inLanguage\":\"de\"},{\"@type\":\"Organization\",\"@id\":\"https:\\\/\\\/jh.nl\\\/nl\\\/#organization\",\"name\":\"Jansen & Heuning\",\"alternateName\":\"J&H\",\"url\":\"https:\\\/\\\/jh.nl\\\/nl\\\/\",\"logo\":{\"@type\":\"ImageObject\",\"inLanguage\":\"de\",\"@id\":\"https:\\\/\\\/jh.nl\\\/nl\\\/#\\\/schema\\\/logo\\\/image\\\/\",\"url\":\"https:\\\/\\\/jh.nl\\\/wp-content\\\/uploads\\\/2022\\\/05\\\/JH-logo-scaled.gif\",\"contentUrl\":\"https:\\\/\\\/jh.nl\\\/wp-content\\\/uploads\\\/2022\\\/05\\\/JH-logo-scaled.gif\",\"width\":2560,\"height\":429,\"caption\":\"Jansen & Heuning\"},\"image\":{\"@id\":\"https:\\\/\\\/jh.nl\\\/nl\\\/#\\\/schema\\\/logo\\\/image\\\/\"},\"sameAs\":[\"https:\\\/\\\/www.facebook.com\\\/JansenHeuning\",\"https:\\\/\\\/www.youtube.com\\\/user\\\/JansenenHeuning\\\/featured\",\"https:\\\/\\\/www.linkedin.com\\\/company\\\/1768497\\\/\"]}]}<\/script>\n<!-- \/ Yoast SEO plugin. -->","yoast_head_json":{"title":"Service und Wartung bei technischen problemen | Jansen&Heuning","description":"Service und Wartung f\u00fcr Anlagen, Hebearbeiten und Sonderanfertigungen. Unterst\u00fctzung vor Ort mit Inspektion, Austausch und Montage.","robots":{"index":"index","follow":"follow","max-snippet":"max-snippet:-1","max-image-preview":"max-image-preview:large","max-video-preview":"max-video-preview:-1"},"canonical":"https:\/\/jh.nl\/de\/product\/service-und-wartung\/","og_locale":"de_DE","og_type":"article","og_title":"Service und Wartung bei technischen problemen | Jansen&Heuning","og_description":"Service und Wartung f\u00fcr Anlagen, Hebearbeiten und Sonderanfertigungen. Unterst\u00fctzung vor Ort mit Inspektion, Austausch und Montage.","og_url":"https:\/\/jh.nl\/de\/product\/service-und-wartung\/","og_site_name":"Jansen&amp;Heuning","article_publisher":"https:\/\/www.facebook.com\/JansenHeuning","article_modified_time":"2025-11-19T12:11:10+00:00","og_image":[{"width":768,"height":1159,"url":"https:\/\/jh.nl\/wp-content\/uploads\/2025\/06\/actie-meten-768x1159-1.jpg","type":"image\/jpeg"}],"twitter_card":"summary_large_image","twitter_misc":{"Gesch\u00e4tzte Lesezeit":"1\u00a0Minute"},"schema":{"@context":"https:\/\/schema.org","@graph":[{"@type":"WebPage","@id":"https:\/\/jh.nl\/de\/product\/service-und-wartung\/","url":"https:\/\/jh.nl\/de\/product\/service-und-wartung\/","name":"Service und Wartung bei technischen problemen | Jansen&Heuning","isPartOf":{"@id":"https:\/\/jh.nl\/nl\/#website"},"primaryImageOfPage":{"@id":"https:\/\/jh.nl\/de\/product\/service-und-wartung\/#primaryimage"},"image":{"@id":"https:\/\/jh.nl\/de\/product\/service-und-wartung\/#primaryimage"},"thumbnailUrl":"https:\/\/jh.nl\/wp-content\/uploads\/2025\/06\/actie-meten-768x1159-1.jpg","datePublished":"2025-11-19T11:59:17+00:00","dateModified":"2025-11-19T12:11:10+00:00","description":"Service und Wartung f\u00fcr Anlagen, Hebearbeiten und Sonderanfertigungen. Unterst\u00fctzung vor Ort mit Inspektion, Austausch und Montage.","breadcrumb":{"@id":"https:\/\/jh.nl\/de\/product\/service-und-wartung\/#breadcrumb"},"inLanguage":"de","potentialAction":[{"@type":"ReadAction","target":["https:\/\/jh.nl\/de\/product\/service-und-wartung\/"]}]},{"@type":"ImageObject","inLanguage":"de","@id":"https:\/\/jh.nl\/de\/product\/service-und-wartung\/#primaryimage","url":"https:\/\/jh.nl\/wp-content\/uploads\/2025\/06\/actie-meten-768x1159-1.jpg","contentUrl":"https:\/\/jh.nl\/wp-content\/uploads\/2025\/06\/actie-meten-768x1159-1.jpg","width":768,"height":1159,"caption":"Nauwkeurige inmeting als onderdeel van projectvoorbereiding"},{"@type":"BreadcrumbList","@id":"https:\/\/jh.nl\/de\/product\/service-und-wartung\/#breadcrumb","itemListElement":[{"@type":"ListItem","position":1,"name":"Home","item":"https:\/\/jh.nl\/de\/"},{"@type":"ListItem","position":2,"name":"Producten","item":"https:\/\/jh.nl\/nl\/producten\/"},{"@type":"ListItem","position":3,"name":"Technik, Services und mehr","item":"https:\/\/jh.nl\/de\/produkt-kategorie\/technik-services\/"},{"@type":"ListItem","position":4,"name":"Service und wartung"}]},{"@type":"WebSite","@id":"https:\/\/jh.nl\/nl\/#website","url":"https:\/\/jh.nl\/nl\/","name":"Jansen & Heuning","description":"Bulk Handling Systems","publisher":{"@id":"https:\/\/jh.nl\/nl\/#organization"},"alternateName":"J&H","potentialAction":[{"@type":"SearchAction","target":{"@type":"EntryPoint","urlTemplate":"https:\/\/jh.nl\/nl\/?s={search_term_string}"},"query-input":{"@type":"PropertyValueSpecification","valueRequired":true,"valueName":"search_term_string"}}],"inLanguage":"de"},{"@type":"Organization","@id":"https:\/\/jh.nl\/nl\/#organization","name":"Jansen & Heuning","alternateName":"J&H","url":"https:\/\/jh.nl\/nl\/","logo":{"@type":"ImageObject","inLanguage":"de","@id":"https:\/\/jh.nl\/nl\/#\/schema\/logo\/image\/","url":"https:\/\/jh.nl\/wp-content\/uploads\/2022\/05\/JH-logo-scaled.gif","contentUrl":"https:\/\/jh.nl\/wp-content\/uploads\/2022\/05\/JH-logo-scaled.gif","width":2560,"height":429,"caption":"Jansen & Heuning"},"image":{"@id":"https:\/\/jh.nl\/nl\/#\/schema\/logo\/image\/"},"sameAs":["https:\/\/www.facebook.com\/JansenHeuning","https:\/\/www.youtube.com\/user\/JansenenHeuning\/featured","https:\/\/www.linkedin.com\/company\/1768497\/"]}]}},"_links":{"self":[{"href":"https:\/\/jh.nl\/de\/wp-json\/wp\/v2\/product\/27435","targetHints":{"allow":["GET"]}}],"collection":[{"href":"https:\/\/jh.nl\/de\/wp-json\/wp\/v2\/product"}],"about":[{"href":"https:\/\/jh.nl\/de\/wp-json\/wp\/v2\/types\/product"}],"replies":[{"embeddable":true,"href":"https:\/\/jh.nl\/de\/wp-json\/wp\/v2\/comments?post=27435"}],"wp:featuredmedia":[{"embeddable":true,"href":"https:\/\/jh.nl\/de\/wp-json\/wp\/v2\/media\/26536"}],"wp:attachment":[{"href":"https:\/\/jh.nl\/de\/wp-json\/wp\/v2\/media?parent=27435"}],"wp:term":[{"taxonomy":"product_brand","embeddable":true,"href":"https:\/\/jh.nl\/de\/wp-json\/wp\/v2\/product_brand?post=27435"},{"taxonomy":"product_cat","embeddable":true,"href":"https:\/\/jh.nl\/de\/wp-json\/wp\/v2\/product_cat?post=27435"},{"taxonomy":"product_tag","embeddable":true,"href":"https:\/\/jh.nl\/de\/wp-json\/wp\/v2\/product_tag?post=27435"}],"curies":[{"name":"wp","href":"https:\/\/api.w.org\/{rel}","templated":true}]}}