{"id":27950,"date":"2026-03-30T15:59:01","date_gmt":"2026-03-30T13:59:01","guid":{"rendered":"https:\/\/jh.nl\/?post_type=product&#038;p=27950"},"modified":"2026-03-30T16:00:26","modified_gmt":"2026-03-30T14:00:26","slug":"kettenfoerderer-light-duty","status":"publish","type":"product","link":"https:\/\/jh.nl\/de\/product\/kettenfoerderer-light-duty\/","title":{"rendered":"Kettenf\u00f6rderer Light Duty"},"content":{"rendered":"<p data-start=\"594\" data-end=\"860\">Nicht alle Anlagen laufen im Dauerbetrieb oder f\u00f6rdern abrasive Sch\u00fcttg\u00fcter. In vielen F\u00e4llen sind Anlagen nur einige hundert Stunden pro Jahr im Einsatz. F\u00fcr diese Anwendungen liefert Jansen&amp;Heuning den Kettenf\u00f6rderer Light Duty, der wirtschaftlicher ausgelegt ist.<\/p>\n<p data-start=\"862\" data-end=\"1044\">Die wesentlichen rotierenden Komponenten entsprechen in ihrer Ausf\u00fchrung der Heavy Duty Variante. Kette, Lagerung und Antrieb werden nach denselben Qualit\u00e4tsanforderungen ausgef\u00fchrt.<\/p>\n<h2 data-section-id=\"1ok9qkv\" data-start=\"1051\" data-end=\"1093\"><span role=\"text\"><strong data-start=\"1054\" data-end=\"1093\">Anwendung Kettenf\u00f6rderer Light Duty<\/strong><\/span><\/h2>\n<p data-start=\"1095\" data-end=\"1179\">Wenn Produkte nicht kleben, sind sie f\u00fcr den Einsatz eines Kettenf\u00f6rderers geeignet.<\/p>\n<ul>\n<li data-start=\"491\" data-end=\"534\">Produkte, die ohne Weiteres m\u00f6glich sind:<br \/>\n&#8211; <strong>K\u00f6rnige Produkte<\/strong>: alle Getreidesorten, Futtermittel, Biomasse, Kalk, Schwefel, Kakaobohnen, Kaffeebohnen, Zucker, N\u00fcsse, Erdn\u00fcsse, Mandeln<br \/>\n&#8211; <strong>Pulverf\u00f6rmige Produkte<\/strong>: Mehl, Grie\u00df, St\u00e4rke, Milchpulver, Kakaopulver, getrocknetes Gem\u00fcse, Bentonit<\/li>\n<li data-start=\"491\" data-end=\"534\">Einsatz in <strong>Branchen<\/strong> wie Agrar, Chemie, Lebensmittel und Zutatenindustrie<\/li>\n<li data-start=\"491\" data-end=\"534\">Kettenf\u00f6rderer Light Duty werden aus <strong>verzinktem Stahlblech<\/strong> gefertigt<\/li>\n<li data-start=\"491\" data-end=\"534\">Mehrere volumetrisch dosierende Einl\u00e4ufe und Austr\u00e4ge mit oder ohne Schieber sind frei positionierbar, beispielsweise f\u00fcr das Bef\u00fcllen oder Entleeren einer Siloreihe<\/li>\n<li data-start=\"491\" data-end=\"534\">Ideal in Kombination mit einer Annahmegrube und Einlauf mit Kapazit\u00e4tsregelung<\/li>\n<li data-start=\"491\" data-end=\"534\">F\u00fcr horizontalen Transport und <strong>Steigungen bis 30\u00b0<\/strong><\/li>\n<li data-start=\"491\" data-end=\"534\">\u00dcberg\u00e4nge von horizontal zu 30\u00b0 Steigung sind m\u00f6glich<\/li>\n<li data-start=\"491\" data-end=\"534\"><strong>Seiteneinlauf<\/strong> geeignet f\u00fcr den Einsatz in Annahmegruben<\/li>\n<\/ul>\n<h2>Spezifikationen Kettenf\u00f6rderer Light Duty<\/h2>\n<div class=\"_tableContainer_1rjym_1\">\n<div tabindex=\"-1\">\n<table border=\"border: 2px solid #ff5a00\" cellspacing=\"0\" cellpadding=\"5\">\n<tbody>\n<tr style=\"height: 24px;\">\n<td style=\"height: 24px; width: 216px;\"><\/td>\n<td style=\"height: 24px; width: 190px; text-align: center;\" colspan=\"3\">25 &#8211; 60 t\/h<\/td>\n<td style=\"height: 24px; width: 240px; text-align: center;\" colspan=\"4\">60 &#8211; 120 t\/h<\/td>\n<\/tr>\n<tr style=\"height: 24px;\">\n<td style=\"height: 24px; width: 216px;\"><strong>Typ<\/strong><\/td>\n<td style=\"height: 24px; width: 53px; text-align: center;\"><strong>SR25<\/strong><\/td>\n<td style=\"height: 24px; width: 53px; text-align: center;\"><strong>SR40<\/strong><\/td>\n<td style=\"height: 24px; width: 56px; text-align: center;\"><strong>SRL60<\/strong><\/td>\n<td style=\"height: 24px; width: 45px; text-align: center;\"><strong>SR60<\/strong><\/td>\n<td style=\"height: 24px; width: 46px; text-align: center;\"><strong>SR80<\/strong><\/td>\n<td style=\"height: 24px; width: 54px; text-align: center;\"><strong>SR100<\/strong><\/td>\n<td style=\"height: 24px; width: 53px; text-align: center;\"><strong>SR120<\/strong><\/td>\n<\/tr>\n<tr style=\"height: 48px;\">\n<td style=\"height: 48px; width: 216px;\"><strong>Kapazit\u00e4t t\/h bei 0,5 m\/s<\/strong><\/td>\n<td style=\"height: 48px; width: 53px; text-align: center;\">25<\/td>\n<td style=\"height: 48px; width: 53px; text-align: center;\">40<\/td>\n<td style=\"height: 48px; width: 56px; text-align: center;\">60<\/td>\n<td style=\"height: 48px; width: 45px; text-align: center;\">60<\/td>\n<td style=\"height: 48px; width: 46px; text-align: center;\">80<\/td>\n<td style=\"height: 48px; width: 54px; text-align: center;\">100<\/td>\n<td style=\"height: 48px; width: 53px; text-align: center;\">120<\/td>\n<\/tr>\n<tr style=\"height: 48px;\">\n<td style=\"height: 48px; width: 216px;\"><strong>Blechdicken Boden\/Seite\/Deckel<\/strong><\/td>\n<td style=\"height: 48px; width: 53px; text-align: center;\">3\/2\/1,5<\/td>\n<td style=\"height: 48px; width: 53px; text-align: center;\">3\/2\/1,5<\/td>\n<td style=\"height: 48px; width: 56px; text-align: center;\">3\/2\/1,5<\/td>\n<td style=\"height: 48px; width: 45px; text-align: center;\">3\/3\/2<\/td>\n<td style=\"height: 48px; width: 46px; text-align: center;\">3\/3\/2<\/td>\n<td style=\"height: 48px; width: 54px; text-align: center;\">3\/3\/2<\/td>\n<td style=\"height: 48px; width: 53px; text-align: center;\">3\/3\/2<\/td>\n<\/tr>\n<tr style=\"height: 24px;\">\n<td style=\"height: 24px; width: 216px;\"><strong>Kunststoff-Mitnehmer<\/strong><\/td>\n<td style=\"height: 24px; width: 53px; text-align: center;\">v<\/td>\n<td style=\"height: 24px; width: 53px; text-align: center;\">v<\/td>\n<td style=\"height: 24px; width: 56px; text-align: center;\">v<\/td>\n<td style=\"height: 24px; width: 45px; text-align: center;\"><\/td>\n<td style=\"height: 24px; width: 46px; text-align: center;\"><\/td>\n<td style=\"height: 24px; width: 54px; text-align: center;\"><\/td>\n<td style=\"height: 24px; width: 53px; text-align: center;\"><\/td>\n<\/tr>\n<tr style=\"height: 24px;\">\n<td style=\"height: 24px; width: 216px;\"><strong>Kunststoffboden<\/strong><\/td>\n<td style=\"height: 24px; width: 53px; text-align: center;\"><\/td>\n<td style=\"height: 24px; width: 53px; text-align: center;\"><\/td>\n<td style=\"height: 24px; width: 56px; text-align: center;\"><\/td>\n<td style=\"height: 24px; width: 45px; text-align: center;\">v<\/td>\n<td style=\"height: 24px; width: 46px; text-align: center;\">v<\/td>\n<td style=\"height: 24px; width: 54px; text-align: center;\">v<\/td>\n<td style=\"height: 24px; width: 53px; text-align: center;\">v<\/td>\n<\/tr>\n<tr style=\"height: 24px;\">\n<td style=\"height: 24px; width: 216px;\"><strong>Keilriemenantrieb<\/strong><\/td>\n<td style=\"height: 24px; width: 53px; text-align: center;\">v<\/td>\n<td style=\"height: 24px; width: 53px; text-align: center;\">v<\/td>\n<td style=\"height: 24px; width: 56px; text-align: center;\"><\/td>\n<td style=\"height: 24px; width: 45px; text-align: center;\"><\/td>\n<td style=\"height: 24px; width: 46px; text-align: center;\"><\/td>\n<td style=\"height: 24px; width: 54px; text-align: center;\"><\/td>\n<td style=\"height: 24px; width: 53px; text-align: center;\"><\/td>\n<\/tr>\n<tr style=\"height: 24px;\">\n<td style=\"height: 24px; width: 216px;\">Getriebemotor<\/td>\n<td style=\"height: 24px; width: 53px; text-align: center;\">v<\/td>\n<td style=\"height: 24px; width: 53px; text-align: center;\">v<\/td>\n<td style=\"height: 24px; width: 56px; text-align: center;\">v<\/td>\n<td style=\"height: 24px; width: 45px; text-align: center;\">v<\/td>\n<td style=\"height: 24px; width: 46px; text-align: center;\">v<\/td>\n<td style=\"height: 24px; width: 54px; text-align: center;\">v<\/td>\n<td style=\"height: 24px; width: 53px; text-align: center;\">v<\/td>\n<\/tr>\n<\/tbody>\n<\/table>\n<h6>*bei 0,7 kg\/m\u00b3<\/h6>\n<\/div>\n<div class=\"flex flex-col text-sm pb-25\">\n<section class=\"text-token-text-primary w-full focus:outline-none [--shadow-height:45px] has-data-writing-block:pointer-events-none has-data-writing-block:-mt-(--shadow-height) has-data-writing-block:pt-(--shadow-height) [&amp;:has([data-writing-block])&gt;*]:pointer-events-auto scroll-mt-[calc(var(--header-height)+min(200px,max(70px,20svh)))]\" dir=\"auto\" data-turn-id=\"request-WEB:3f48bb03-8fff-40a6-9060-b917924d631c-28\" data-testid=\"conversation-turn-56\" data-scroll-anchor=\"true\" data-turn=\"assistant\">\n<div class=\"text-base my-auto mx-auto pb-10 [--thread-content-margin:var(--thread-content-margin-xs,calc(var(--spacing)*4))] @w-sm\/main:[--thread-content-margin:var(--thread-content-margin-sm,calc(var(--spacing)*6))] @w-lg\/main:[--thread-content-margin:var(--thread-content-margin-lg,calc(var(--spacing)*16))] px-(--thread-content-margin)\">\n<div class=\"[--thread-content-max-width:40rem] @w-lg\/main:[--thread-content-max-width:48rem] mx-auto max-w-(--thread-content-max-width) flex-1 group\/turn-messages focus-visible:outline-hidden relative flex w-full min-w-0 flex-col agent-turn\">\n<div class=\"flex max-w-full flex-col gap-4 grow\">\n<div class=\"min-h-8 text-message relative flex w-full flex-col items-end gap-2 text-start break-words whitespace-normal outline-none keyboard-focused:focus-ring [.text-message+&amp;]:mt-1\" dir=\"auto\" tabindex=\"0\" data-message-author-role=\"assistant\" data-message-id=\"ff1b7757-09ea-4560-887f-782f941292bd\" data-message-model-slug=\"gpt-5-3\" data-turn-start-message=\"true\">\n<div class=\"flex w-full flex-col gap-1 empty:hidden\">\n<div class=\"markdown prose dark:prose-invert w-full wrap-break-word light markdown-new-styling\">\n<h3 data-start=\"58\" data-end=\"108\"><strong data-start=\"58\" data-end=\"108\" data-is-last-node=\"\">SRL60 + Bogen (auch bei anderen Typen m\u00f6glich)<\/strong><\/h3>\n<\/div>\n<\/div>\n<\/div>\n<\/div>\n<\/div>\n<\/div>\n<\/section>\n<\/div>\n<div tabindex=\"-1\">\n<p><a href=\"https:\/\/www.jh.nl\/wp-content\/uploads\/2018\/01\/kettingtransporteur-graan-5.jpg\"><img fetchpriority=\"high\" decoding=\"async\" class=\"alignnone wp-image-9622 size-full\" src=\"https:\/\/www.jh.nl\/wp-content\/uploads\/2018\/01\/kettingtransporteur-graan-5.jpg\" alt=\"\" width=\"620\" height=\"317\" srcset=\"https:\/\/jh.nl\/wp-content\/uploads\/2018\/01\/kettingtransporteur-graan-5.jpg 620w, https:\/\/jh.nl\/wp-content\/uploads\/2018\/01\/kettingtransporteur-graan-5-400x205.jpg 400w, https:\/\/jh.nl\/wp-content\/uploads\/2018\/01\/kettingtransporteur-graan-5-300x153.jpg 300w, https:\/\/jh.nl\/wp-content\/uploads\/2018\/01\/kettingtransporteur-graan-5-600x307.jpg 600w\" sizes=\"(max-width: 620px) 100vw, 620px\" \/><\/a><\/p>\n<h3>SR100-SR120<\/h3>\n<p><a href=\"https:\/\/www.jh.nl\/wp-content\/uploads\/2018\/01\/kettingtransporteur-graan-4.jpg\"><img decoding=\"async\" class=\"alignnone wp-image-9617 size-full\" src=\"https:\/\/www.jh.nl\/wp-content\/uploads\/2018\/01\/kettingtransporteur-graan-4.jpg\" alt=\"\" width=\"652\" height=\"500\" srcset=\"https:\/\/jh.nl\/wp-content\/uploads\/2018\/01\/kettingtransporteur-graan-4.jpg 652w, https:\/\/jh.nl\/wp-content\/uploads\/2018\/01\/kettingtransporteur-graan-4-400x307.jpg 400w, https:\/\/jh.nl\/wp-content\/uploads\/2018\/01\/kettingtransporteur-graan-4-300x230.jpg 300w, https:\/\/jh.nl\/wp-content\/uploads\/2018\/01\/kettingtransporteur-graan-4-600x460.jpg 600w\" sizes=\"(max-width: 652px) 100vw, 652px\" \/><\/a><\/p>\n<p>&nbsp;<\/p>\n<h2 data-section-id=\"1eecmvy\" data-start=\"2576\" data-end=\"2617\"><span role=\"text\"><strong data-start=\"2579\" data-end=\"2617\">Vorteile Kettenf\u00f6rderer Light Duty<\/strong><\/span><\/h2>\n<ul>\n<li data-start=\"2619\" data-end=\"2981\">Geringe Investition bei hoher Funktionalit\u00e4t<\/li>\n<li data-start=\"2619\" data-end=\"2981\">Verschiedene Ausf\u00fchrungen und Aufstellm\u00f6glichkeiten<\/li>\n<li data-start=\"2619\" data-end=\"2981\">Lange Lebensdauer bei Innen- und Au\u00dfenaufstellung<\/li>\n<li data-start=\"2619\" data-end=\"2981\"><strong>Keine<\/strong> Staubentwicklung<\/li>\n<li data-start=\"2619\" data-end=\"2981\">Modulare Bauweise, einfach anpassbar an ver\u00e4nderte Anforderungen<\/li>\n<li data-start=\"2619\" data-end=\"2981\"><strong>Geschlossene<\/strong> Bauweise zur Reduzierung von Staubemission<\/li>\n<li data-start=\"2619\" data-end=\"2981\">Kunststoffbodenelemente <strong>reduzieren<\/strong> Reibung und Verschlei\u00df<\/li>\n<\/ul>\n<h2 data-section-id=\"9gfk8u\" data-start=\"2988\" data-end=\"3026\"><span role=\"text\"><strong data-start=\"2991\" data-end=\"3026\">Ausf\u00fchrungsoptionen und Zubeh\u00f6r<\/strong><\/span><\/h2>\n<p data-start=\"3028\" data-end=\"3100\">Kettenf\u00f6rderer Light Duty sind in verschiedenen Ausf\u00fchrungen verf\u00fcgbar<\/p>\n<ul>\n<li data-start=\"3102\" data-end=\"3649\">F\u00fcr <strong>horizontalen<\/strong> und <strong>steigenden<\/strong> Transport<\/li>\n<li data-start=\"3102\" data-end=\"3649\">Mit <strong>Knick<\/strong> oder <strong>Bogen<\/strong> f\u00fcr \u00dcbergang von horizontal zu steigend<\/li>\n<li data-start=\"3102\" data-end=\"3649\">Verl\u00e4ngerte Mitnehmer f\u00fcr steigenden Transport<\/li>\n<li data-start=\"3102\" data-end=\"3649\">Einlauftrichter und Seiteneinl\u00e4ufe<\/li>\n<li data-start=\"3102\" data-end=\"3649\">Kapazit\u00e4tsregelung f\u00fcr konstante <strong>Dosierung<\/strong><\/li>\n<li data-start=\"3102\" data-end=\"3649\">Integrierte Spotfilter zur <strong>Staubreduzierung<\/strong><\/li>\n<li data-start=\"3102\" data-end=\"3649\">Modulare Bauweise in L\u00e4ngenschritten von 25 cm<\/li>\n<li data-start=\"3102\" data-end=\"3649\">Integrierte Antriebs- und Spannstation<\/li>\n<li data-start=\"3102\" data-end=\"3649\">Selbstreinigende Umlenkstation zur Reduzierung von Wartung<\/li>\n<li data-start=\"3102\" data-end=\"3649\">Mehrere Zwischenaustr\u00e4ge, manuell oder elektrisch bedient<\/li>\n<li data-start=\"3102\" data-end=\"3649\">Transport in <strong>zwei Richtungen<\/strong> mit doppeltem Antrieb<\/li>\n<\/ul>\n<h3><b><strong>Kontakt<\/strong><\/b><\/h3>\n<p>F\u00fcr weitere Informationen oder ein ma\u00dfgeschneidertes Angebot wenden Sie sich bitte an Jansen&amp;Heuning.<\/p>\n<ul>\n<li>Telefon:\u00a0<a href=\"callto:+310503126448\"><u>+31(0)50 3126 448<\/u><\/a><\/li>\n<li>E-Mail:\u00a0<a href=\"mailto:sales@jh.nl\"><u>sales@jh.nl<\/u><\/a><\/li>\n<li>Kontaktformular:\u00a0<a href=\"https:\/\/jh.nl\/de\/contact\/\"><u>www.jh.de\/kontact<\/u><\/a><\/li>\n<\/ul>\n<\/div>\n<\/div>\n","protected":false},"excerpt":{"rendered":"<p>Nicht alle Anlagen laufen im Dauerbetrieb oder f\u00f6rdern abrasive Sch\u00fcttg\u00fcter&#8230;.<\/p>\n","protected":false},"featured_media":27947,"comment_status":"closed","ping_status":"closed","template":"","meta":{"_acf_changed":false},"product_brand":[],"product_cat":[340],"product_tag":[],"class_list":{"0":"post-27950","1":"product","2":"type-product","3":"status-publish","4":"has-post-thumbnail","6":"product_cat-kettenfoerderer","8":"first","9":"instock","10":"product-type-simple"},"acf":[],"yoast_head":"<!-- This site is optimized with the Yoast SEO plugin v27.3 - https:\/\/yoast.com\/product\/yoast-seo-wordpress\/ -->\n<title>Kettenf\u00f6rderer Light Duty F\u00fcr Sch\u00fcttgut | Jansen&amp;Heuning<\/title>\n<meta name=\"description\" content=\"Kettenf\u00f6rderer Light Duty f\u00fcr Sch\u00fcttgut. Geeignet f\u00fcr Getreide, Pulver und Biomasse. Flexibel einsetzbar mit geringer Investition.\" \/>\n<meta name=\"robots\" content=\"index, follow, max-snippet:-1, max-image-preview:large, max-video-preview:-1\" \/>\n<link rel=\"canonical\" href=\"https:\/\/jh.nl\/de\/product\/kettenfoerderer-light-duty\/\" \/>\n<meta property=\"og:locale\" content=\"de_DE\" \/>\n<meta property=\"og:type\" content=\"article\" \/>\n<meta property=\"og:title\" content=\"Kettenf\u00f6rderer Light Duty F\u00fcr Sch\u00fcttgut | Jansen&amp;Heuning\" \/>\n<meta property=\"og:description\" content=\"Kettenf\u00f6rderer Light Duty f\u00fcr Sch\u00fcttgut. Geeignet f\u00fcr Getreide, Pulver und Biomasse. Flexibel einsetzbar mit geringer Investition.\" \/>\n<meta property=\"og:url\" content=\"https:\/\/jh.nl\/de\/product\/kettenfoerderer-light-duty\/\" \/>\n<meta property=\"og:site_name\" content=\"Jansen&amp;Heuning\" \/>\n<meta property=\"article:publisher\" content=\"https:\/\/www.facebook.com\/JansenHeuning\" \/>\n<meta property=\"article:modified_time\" content=\"2026-03-30T14:00:26+00:00\" \/>\n<meta property=\"og:image\" content=\"https:\/\/jh.nl\/wp-content\/uploads\/2026\/03\/kettingtransporteur-light-duty-3-1-scaled.jpg\" \/>\n\t<meta property=\"og:image:width\" content=\"2560\" \/>\n\t<meta property=\"og:image:height\" content=\"1707\" \/>\n\t<meta property=\"og:image:type\" content=\"image\/jpeg\" \/>\n<meta name=\"twitter:card\" content=\"summary_large_image\" \/>\n<meta name=\"twitter:label1\" content=\"Gesch\u00e4tzte Lesezeit\" \/>\n\t<meta name=\"twitter:data1\" content=\"3\u00a0Minuten\" \/>\n<script type=\"application\/ld+json\" class=\"yoast-schema-graph\">{\"@context\":\"https:\\\/\\\/schema.org\",\"@graph\":[{\"@type\":\"WebPage\",\"@id\":\"https:\\\/\\\/jh.nl\\\/de\\\/product\\\/kettenfoerderer-light-duty\\\/\",\"url\":\"https:\\\/\\\/jh.nl\\\/de\\\/product\\\/kettenfoerderer-light-duty\\\/\",\"name\":\"Kettenf\u00f6rderer Light Duty F\u00fcr Sch\u00fcttgut | Jansen&Heuning\",\"isPartOf\":{\"@id\":\"https:\\\/\\\/jh.nl\\\/nl\\\/#website\"},\"primaryImageOfPage\":{\"@id\":\"https:\\\/\\\/jh.nl\\\/de\\\/product\\\/kettenfoerderer-light-duty\\\/#primaryimage\"},\"image\":{\"@id\":\"https:\\\/\\\/jh.nl\\\/de\\\/product\\\/kettenfoerderer-light-duty\\\/#primaryimage\"},\"thumbnailUrl\":\"https:\\\/\\\/jh.nl\\\/wp-content\\\/uploads\\\/2026\\\/03\\\/kettingtransporteur-light-duty-3-1-scaled.jpg\",\"datePublished\":\"2026-03-30T13:59:01+00:00\",\"dateModified\":\"2026-03-30T14:00:26+00:00\",\"description\":\"Kettenf\u00f6rderer Light Duty f\u00fcr Sch\u00fcttgut. Geeignet f\u00fcr Getreide, Pulver und Biomasse. Flexibel einsetzbar mit geringer Investition.\",\"breadcrumb\":{\"@id\":\"https:\\\/\\\/jh.nl\\\/de\\\/product\\\/kettenfoerderer-light-duty\\\/#breadcrumb\"},\"inLanguage\":\"de\",\"potentialAction\":[{\"@type\":\"ReadAction\",\"target\":[\"https:\\\/\\\/jh.nl\\\/de\\\/product\\\/kettenfoerderer-light-duty\\\/\"]}]},{\"@type\":\"ImageObject\",\"inLanguage\":\"de\",\"@id\":\"https:\\\/\\\/jh.nl\\\/de\\\/product\\\/kettenfoerderer-light-duty\\\/#primaryimage\",\"url\":\"https:\\\/\\\/jh.nl\\\/wp-content\\\/uploads\\\/2026\\\/03\\\/kettingtransporteur-light-duty-3-1-scaled.jpg\",\"contentUrl\":\"https:\\\/\\\/jh.nl\\\/wp-content\\\/uploads\\\/2026\\\/03\\\/kettingtransporteur-light-duty-3-1-scaled.jpg\",\"width\":2560,\"height\":1707,\"caption\":\"Chain conveyor light duty\"},{\"@type\":\"BreadcrumbList\",\"@id\":\"https:\\\/\\\/jh.nl\\\/de\\\/product\\\/kettenfoerderer-light-duty\\\/#breadcrumb\",\"itemListElement\":[{\"@type\":\"ListItem\",\"position\":1,\"name\":\"Home\",\"item\":\"https:\\\/\\\/jh.nl\\\/de\\\/\"},{\"@type\":\"ListItem\",\"position\":2,\"name\":\"Producten\",\"item\":\"https:\\\/\\\/jh.nl\\\/nl\\\/producten\\\/\"},{\"@type\":\"ListItem\",\"position\":3,\"name\":\"Kettenf\u00f6rderer\",\"item\":\"https:\\\/\\\/jh.nl\\\/de\\\/produkt-kategorie\\\/kettenfoerderer\\\/\"},{\"@type\":\"ListItem\",\"position\":4,\"name\":\"Kettenf\u00f6rderer Light Duty\"}]},{\"@type\":\"WebSite\",\"@id\":\"https:\\\/\\\/jh.nl\\\/nl\\\/#website\",\"url\":\"https:\\\/\\\/jh.nl\\\/nl\\\/\",\"name\":\"Jansen & Heuning\",\"description\":\"Bulk Handling Systems\",\"publisher\":{\"@id\":\"https:\\\/\\\/jh.nl\\\/nl\\\/#organization\"},\"alternateName\":\"J&H\",\"potentialAction\":[{\"@type\":\"SearchAction\",\"target\":{\"@type\":\"EntryPoint\",\"urlTemplate\":\"https:\\\/\\\/jh.nl\\\/nl\\\/?s={search_term_string}\"},\"query-input\":{\"@type\":\"PropertyValueSpecification\",\"valueRequired\":true,\"valueName\":\"search_term_string\"}}],\"inLanguage\":\"de\"},{\"@type\":\"Organization\",\"@id\":\"https:\\\/\\\/jh.nl\\\/nl\\\/#organization\",\"name\":\"Jansen & Heuning\",\"alternateName\":\"J&H\",\"url\":\"https:\\\/\\\/jh.nl\\\/nl\\\/\",\"logo\":{\"@type\":\"ImageObject\",\"inLanguage\":\"de\",\"@id\":\"https:\\\/\\\/jh.nl\\\/nl\\\/#\\\/schema\\\/logo\\\/image\\\/\",\"url\":\"https:\\\/\\\/jh.nl\\\/wp-content\\\/uploads\\\/2022\\\/05\\\/JH-logo-scaled.gif\",\"contentUrl\":\"https:\\\/\\\/jh.nl\\\/wp-content\\\/uploads\\\/2022\\\/05\\\/JH-logo-scaled.gif\",\"width\":2560,\"height\":429,\"caption\":\"Jansen & Heuning\"},\"image\":{\"@id\":\"https:\\\/\\\/jh.nl\\\/nl\\\/#\\\/schema\\\/logo\\\/image\\\/\"},\"sameAs\":[\"https:\\\/\\\/www.facebook.com\\\/JansenHeuning\",\"https:\\\/\\\/www.youtube.com\\\/user\\\/JansenenHeuning\\\/featured\",\"https:\\\/\\\/www.linkedin.com\\\/company\\\/1768497\\\/\"]}]}<\/script>\n<!-- \/ Yoast SEO plugin. -->","yoast_head_json":{"title":"Kettenf\u00f6rderer Light Duty F\u00fcr Sch\u00fcttgut | Jansen&Heuning","description":"Kettenf\u00f6rderer Light Duty f\u00fcr Sch\u00fcttgut. Geeignet f\u00fcr Getreide, Pulver und Biomasse. Flexibel einsetzbar mit geringer Investition.","robots":{"index":"index","follow":"follow","max-snippet":"max-snippet:-1","max-image-preview":"max-image-preview:large","max-video-preview":"max-video-preview:-1"},"canonical":"https:\/\/jh.nl\/de\/product\/kettenfoerderer-light-duty\/","og_locale":"de_DE","og_type":"article","og_title":"Kettenf\u00f6rderer Light Duty F\u00fcr Sch\u00fcttgut | Jansen&Heuning","og_description":"Kettenf\u00f6rderer Light Duty f\u00fcr Sch\u00fcttgut. Geeignet f\u00fcr Getreide, Pulver und Biomasse. Flexibel einsetzbar mit geringer Investition.","og_url":"https:\/\/jh.nl\/de\/product\/kettenfoerderer-light-duty\/","og_site_name":"Jansen&amp;Heuning","article_publisher":"https:\/\/www.facebook.com\/JansenHeuning","article_modified_time":"2026-03-30T14:00:26+00:00","og_image":[{"width":2560,"height":1707,"url":"https:\/\/jh.nl\/wp-content\/uploads\/2026\/03\/kettingtransporteur-light-duty-3-1-scaled.jpg","type":"image\/jpeg"}],"twitter_card":"summary_large_image","twitter_misc":{"Gesch\u00e4tzte Lesezeit":"3\u00a0Minuten"},"schema":{"@context":"https:\/\/schema.org","@graph":[{"@type":"WebPage","@id":"https:\/\/jh.nl\/de\/product\/kettenfoerderer-light-duty\/","url":"https:\/\/jh.nl\/de\/product\/kettenfoerderer-light-duty\/","name":"Kettenf\u00f6rderer Light Duty F\u00fcr Sch\u00fcttgut | Jansen&Heuning","isPartOf":{"@id":"https:\/\/jh.nl\/nl\/#website"},"primaryImageOfPage":{"@id":"https:\/\/jh.nl\/de\/product\/kettenfoerderer-light-duty\/#primaryimage"},"image":{"@id":"https:\/\/jh.nl\/de\/product\/kettenfoerderer-light-duty\/#primaryimage"},"thumbnailUrl":"https:\/\/jh.nl\/wp-content\/uploads\/2026\/03\/kettingtransporteur-light-duty-3-1-scaled.jpg","datePublished":"2026-03-30T13:59:01+00:00","dateModified":"2026-03-30T14:00:26+00:00","description":"Kettenf\u00f6rderer Light Duty f\u00fcr Sch\u00fcttgut. Geeignet f\u00fcr Getreide, Pulver und Biomasse. Flexibel einsetzbar mit geringer Investition.","breadcrumb":{"@id":"https:\/\/jh.nl\/de\/product\/kettenfoerderer-light-duty\/#breadcrumb"},"inLanguage":"de","potentialAction":[{"@type":"ReadAction","target":["https:\/\/jh.nl\/de\/product\/kettenfoerderer-light-duty\/"]}]},{"@type":"ImageObject","inLanguage":"de","@id":"https:\/\/jh.nl\/de\/product\/kettenfoerderer-light-duty\/#primaryimage","url":"https:\/\/jh.nl\/wp-content\/uploads\/2026\/03\/kettingtransporteur-light-duty-3-1-scaled.jpg","contentUrl":"https:\/\/jh.nl\/wp-content\/uploads\/2026\/03\/kettingtransporteur-light-duty-3-1-scaled.jpg","width":2560,"height":1707,"caption":"Chain conveyor light duty"},{"@type":"BreadcrumbList","@id":"https:\/\/jh.nl\/de\/product\/kettenfoerderer-light-duty\/#breadcrumb","itemListElement":[{"@type":"ListItem","position":1,"name":"Home","item":"https:\/\/jh.nl\/de\/"},{"@type":"ListItem","position":2,"name":"Producten","item":"https:\/\/jh.nl\/nl\/producten\/"},{"@type":"ListItem","position":3,"name":"Kettenf\u00f6rderer","item":"https:\/\/jh.nl\/de\/produkt-kategorie\/kettenfoerderer\/"},{"@type":"ListItem","position":4,"name":"Kettenf\u00f6rderer Light Duty"}]},{"@type":"WebSite","@id":"https:\/\/jh.nl\/nl\/#website","url":"https:\/\/jh.nl\/nl\/","name":"Jansen & Heuning","description":"Bulk Handling Systems","publisher":{"@id":"https:\/\/jh.nl\/nl\/#organization"},"alternateName":"J&H","potentialAction":[{"@type":"SearchAction","target":{"@type":"EntryPoint","urlTemplate":"https:\/\/jh.nl\/nl\/?s={search_term_string}"},"query-input":{"@type":"PropertyValueSpecification","valueRequired":true,"valueName":"search_term_string"}}],"inLanguage":"de"},{"@type":"Organization","@id":"https:\/\/jh.nl\/nl\/#organization","name":"Jansen & Heuning","alternateName":"J&H","url":"https:\/\/jh.nl\/nl\/","logo":{"@type":"ImageObject","inLanguage":"de","@id":"https:\/\/jh.nl\/nl\/#\/schema\/logo\/image\/","url":"https:\/\/jh.nl\/wp-content\/uploads\/2022\/05\/JH-logo-scaled.gif","contentUrl":"https:\/\/jh.nl\/wp-content\/uploads\/2022\/05\/JH-logo-scaled.gif","width":2560,"height":429,"caption":"Jansen & Heuning"},"image":{"@id":"https:\/\/jh.nl\/nl\/#\/schema\/logo\/image\/"},"sameAs":["https:\/\/www.facebook.com\/JansenHeuning","https:\/\/www.youtube.com\/user\/JansenenHeuning\/featured","https:\/\/www.linkedin.com\/company\/1768497\/"]}]}},"_links":{"self":[{"href":"https:\/\/jh.nl\/de\/wp-json\/wp\/v2\/product\/27950","targetHints":{"allow":["GET"]}}],"collection":[{"href":"https:\/\/jh.nl\/de\/wp-json\/wp\/v2\/product"}],"about":[{"href":"https:\/\/jh.nl\/de\/wp-json\/wp\/v2\/types\/product"}],"replies":[{"embeddable":true,"href":"https:\/\/jh.nl\/de\/wp-json\/wp\/v2\/comments?post=27950"}],"wp:featuredmedia":[{"embeddable":true,"href":"https:\/\/jh.nl\/de\/wp-json\/wp\/v2\/media\/27947"}],"wp:attachment":[{"href":"https:\/\/jh.nl\/de\/wp-json\/wp\/v2\/media?parent=27950"}],"wp:term":[{"taxonomy":"product_brand","embeddable":true,"href":"https:\/\/jh.nl\/de\/wp-json\/wp\/v2\/product_brand?post=27950"},{"taxonomy":"product_cat","embeddable":true,"href":"https:\/\/jh.nl\/de\/wp-json\/wp\/v2\/product_cat?post=27950"},{"taxonomy":"product_tag","embeddable":true,"href":"https:\/\/jh.nl\/de\/wp-json\/wp\/v2\/product_tag?post=27950"}],"curies":[{"name":"wp","href":"https:\/\/api.w.org\/{rel}","templated":true}]}}