{"id":28059,"date":"2026-04-13T13:23:14","date_gmt":"2026-04-13T11:23:14","guid":{"rendered":"https:\/\/jh.nl\/?post_type=product&#038;p=28059"},"modified":"2026-04-13T13:24:50","modified_gmt":"2026-04-13T11:24:50","slug":"becher-becherwerke","status":"publish","type":"product","link":"https:\/\/jh.nl\/de\/product\/becher-becherwerke\/","title":{"rendered":"Becher f\u00fcr Becherwerke"},"content":{"rendered":"<p>Becherwerke arbeiten h\u00e4ufig mit hohen Geschwindigkeiten, wodurch fr\u00fcher oder sp\u00e4ter Verschlei\u00df entsteht und ein Austausch erforderlich wird. Die Becher werden im Laufe der Zeit kleiner, wodurch sich die F\u00f6rderleistung verringert. Der Austa<\/p>\n<p data-start=\"390\" data-end=\"543\">Es kann jedoch auch vorkommen, dass ein St\u00fcck Stahl oder ein \u00e4hnlicher Fremdk\u00f6rper in das <strong><a href=\"https:\/\/jh.nl\/de\/product\/becherwerke\/\">Becherwerk<\/a> <\/strong>gelangt, sodass sofortiges Handeln erforderlich ist.<\/p>\n<p data-start=\"545\" data-end=\"682\">Jansen&amp;Heuning liefert ein breites Sortiment an Bechern f\u00fcr Becherwerke ab Lager und auf Bestellung. H\u00e4ufig verwendete Ausf\u00fchrungen sind:<\/p>\n<ul data-start=\"684\" data-end=\"939\">\n<li data-section-id=\"hmno9z\" data-start=\"684\" data-end=\"767\">Starco und Super-Starco Hochleistungsbecher aus Stahl, Edelstahl und Kunststoff<\/li>\n<li data-section-id=\"ql2isu\" data-start=\"768\" data-end=\"801\">Becher f\u00fcr Schwerkraftaustrag<\/li>\n<li data-section-id=\"1s91fiz\" data-start=\"802\" data-end=\"851\">Becher nach DIN19232, DIN 19233 und DIN 19234<\/li>\n<li data-section-id=\"1b13guh\" data-start=\"852\" data-end=\"901\">Spezielle Becher f\u00fcr Sand- und Kieselevatoren<\/li>\n<li data-section-id=\"9uc3ij\" data-start=\"902\" data-end=\"919\">Gurtverbinder<\/li>\n<li data-section-id=\"1f13tno\" data-start=\"920\" data-end=\"939\">Becherschrauben<\/li>\n<\/ul>\n<p data-start=\"941\" data-end=\"1059\">Jansen&amp;Heuning ber\u00e4t Kunden bei der Auswahl eines anderen Bechertyps, abh\u00e4ngig von Kapazit\u00e4t oder Verschlei\u00dfverhalten.<\/p>\n<p data-start=\"1061\" data-end=\"1112\">Direkt ab Lager lieferbar sind folgende Becher:<\/p>\n<div class=\"TyagGW_tableContainer\">\n<div class=\"group TyagGW_tableWrapper flex flex-col-reverse w-fit\" tabindex=\"-1\">\n<table class=\"w-fit min-w-(--thread-content-width)\" data-start=\"1114\" data-end=\"1749\">\n<thead data-start=\"1114\" data-end=\"1147\">\n<tr data-start=\"1114\" data-end=\"1147\">\n<th class=\"\" style=\"text-align: left;\" data-start=\"1114\" data-end=\"1134\" data-col-size=\"sm\">Artikelnr.<\/th>\n<th class=\"\" style=\"text-align: left;\" data-start=\"1134\" data-end=\"1147\" data-col-size=\"md\">Bechertyp<\/th>\n<\/tr>\n<\/thead>\n<tbody data-start=\"1181\" data-end=\"1749\">\n<tr data-start=\"1181\" data-end=\"1236\">\n<td data-start=\"1181\" data-end=\"1200\" data-col-size=\"sm\">ELEVS130S<\/td>\n<td data-col-size=\"md\" data-start=\"1200\" data-end=\"1236\">Super Starco Stahl, 130 x 120 mm<\/td>\n<\/tr>\n<tr data-start=\"1237\" data-end=\"1300\">\n<td data-start=\"1237\" data-end=\"1256\" data-col-size=\"sm\">ELEVS130SPEHD<\/td>\n<td data-col-size=\"md\" data-start=\"1256\" data-end=\"1300\">Super Starco Kunststoff PE, 130 x 120 mm<\/td>\n<\/tr>\n<tr data-start=\"1301\" data-end=\"1356\">\n<td data-start=\"1301\" data-end=\"1320\" data-col-size=\"sm\">ELEVS300S<\/td>\n<td data-col-size=\"md\" data-start=\"1320\" data-end=\"1356\">Super Starco Stahl, 300 x 180 mm<\/td>\n<\/tr>\n<tr data-start=\"1357\" data-end=\"1420\">\n<td data-start=\"1357\" data-end=\"1376\" data-col-size=\"sm\">ELEVS300SPEHD<\/td>\n<td data-start=\"1376\" data-end=\"1420\" data-col-size=\"md\">Super Starco Kunststoff PE, 130 x 120 mm<\/td>\n<\/tr>\n<tr data-start=\"1421\" data-end=\"1476\">\n<td data-start=\"1421\" data-end=\"1440\" data-col-size=\"sm\">ELEVS370S<\/td>\n<td data-col-size=\"md\" data-start=\"1440\" data-end=\"1476\">Super Starco Stahl, 370 x 215 mm<\/td>\n<\/tr>\n<tr data-start=\"1477\" data-end=\"1540\">\n<td data-start=\"1477\" data-end=\"1496\" data-col-size=\"sm\">ELEVS400SPEHD<\/td>\n<td data-col-size=\"md\" data-start=\"1496\" data-end=\"1540\">Super Starco Kunststoff PE, 400 x 215 mm<\/td>\n<\/tr>\n<tr data-start=\"1541\" data-end=\"1610\">\n<td data-start=\"1541\" data-end=\"1560\" data-col-size=\"sm\">ELEVZK140<\/td>\n<td data-col-size=\"md\" data-start=\"1560\" data-end=\"1610\">Schwerkraftbecher, Kunststoff PE, 140 mm breit<\/td>\n<\/tr>\n<tr data-start=\"1611\" data-end=\"1680\">\n<td data-start=\"1611\" data-end=\"1630\" data-col-size=\"sm\">ELEVZK300<\/td>\n<td data-col-size=\"md\" data-start=\"1630\" data-end=\"1680\">Schwerkraftbecher, Kunststoff PE, 300 mm breit<\/td>\n<\/tr>\n<tr data-start=\"1681\" data-end=\"1749\">\n<td data-start=\"1681\" data-end=\"1700\" data-col-size=\"sm\">Diverse<\/td>\n<td data-start=\"1700\" data-end=\"1749\" data-col-size=\"md\">Becher Typ Columbus, DIN15232, DIN15233, etc.<\/td>\n<\/tr>\n<\/tbody>\n<\/table>\n<\/div>\n<\/div>\n<p>usch kann in der Regel geplant und zu einem geeigneten Zeitpunkt durchgef\u00fchrt werden.<\/p>\n<p data-start=\"1751\" data-end=\"1794\"><strong data-start=\"1751\" data-end=\"1794\">Spezifikationen Becher aus Lagerbestand<\/strong><\/p>\n<p data-start=\"1796\" data-end=\"1979\">F\u00fcr eine vollst\u00e4ndige \u00dcbersicht aller verf\u00fcgbaren Bechertypen nutzen Sie das Berechnungsprogramm. W\u00e4hlen Sie die Registerkarte \u201eBecherwerk\u201c und anschlie\u00dfend die Liste mit Bechertypen.<\/p>\n<ul data-start=\"1981\" data-end=\"2087\">\n<li data-section-id=\"ad0818\" data-start=\"1981\" data-end=\"2035\">Verschiedene Bechertypen direkt ab Lager verf\u00fcgbar<\/li>\n<li data-section-id=\"ln4xmy\" data-start=\"2036\" data-end=\"2087\">Schnelle Lieferung bei Austausch oder St\u00f6rungen<\/li>\n<\/ul>\n<p data-start=\"2089\" data-end=\"2125\"><strong data-start=\"2089\" data-end=\"2125\">Anwendung Becher f\u00fcr Becherwerke<\/strong><\/p>\n<p data-start=\"2127\" data-end=\"2227\">Becher werden in Anlagen f\u00fcr den vertikalen Transport von Sch\u00fcttg\u00fctern eingesetzt, unter anderem in:<\/p>\n<ul data-start=\"2229\" data-end=\"2367\">\n<li data-section-id=\"mtghhs\" data-start=\"2229\" data-end=\"2252\">Chemische Industrie<\/li>\n<li data-section-id=\"13p8dtl\" data-start=\"2253\" data-end=\"2278\">Lebensmittelindustrie<\/li>\n<li data-section-id=\"11xcwj9\" data-start=\"2279\" data-end=\"2318\">Getreide- und Futtermittelindustrie<\/li>\n<li data-section-id=\"z30pe3\" data-start=\"2319\" data-end=\"2353\">Baustoffe, Glas und Mineralien<\/li>\n<li data-section-id=\"8ph23u\" data-start=\"2354\" data-end=\"2367\">Recycling<\/li>\n<\/ul>\n<h3 data-start=\"1247\" data-end=\"1258\">Kontakt<\/h3>\n<p data-start=\"1260\" data-end=\"1357\">F\u00fcr weitere Informationen oder ein individuelles Angebot wenden Sie sich bitte an Jansen&amp;Heuning:<\/p>\n<ul>\n<li data-start=\"1971\" data-end=\"2066\">Telefon:\u00a0<a href=\"callto:+31503126448\"><span class=\"relative -mx-px my-[-0.2rem] rounded px-px py-[0.2rem]\">+31(0)50 3126 448<\/span><\/a><\/li>\n<li data-start=\"2069\" data-end=\"2162\">E-mail:\u00a0<span class=\"relative -mx-px my-[-0.2rem] rounded px-px py-[0.2rem]\"><a href=\"mailto:sales@jh.nl\" data-start=\"0\" data-end=\"11\" data-is-last-node=\"\" data-is-only-node=\"\">sales@jh.nl<\/a><\/span>\u200b<\/li>\n<li data-start=\"2165\" data-end=\"2268\">Kontaktformular:\u00a0<span class=\"relative -mx-px my-[-0.2rem] rounded px-px py-[0.2rem]\"><a href=\"https:\/\/jh.nl\/de\/contact\/\" target=\"_new\" rel=\"noopener noreferrer\" data-start=\"0\" data-end=\"46\" data-is-last-node=\"\" data-is-only-node=\"\">www.jh.de\/contact<\/a><\/span><\/li>\n<\/ul>\n","protected":false},"excerpt":{"rendered":"<p>Becherwerke arbeiten h\u00e4ufig mit hohen Geschwindigkeiten, wodurch fr\u00fcher oder sp\u00e4ter&#8230;<\/p>\n","protected":false},"featured_media":28061,"comment_status":"open","ping_status":"closed","template":"","meta":{"_acf_changed":false},"product_brand":[],"product_cat":[996],"product_tag":[],"class_list":{"0":"post-28059","1":"product","2":"type-product","3":"status-publish","4":"has-post-thumbnail","6":"product_cat-komponenten","8":"first","9":"instock","10":"taxable","11":"shipping-taxable","12":"product-type-simple"},"acf":[],"yoast_head":"<!-- This site is optimized with the Yoast SEO plugin v27.4 - https:\/\/yoast.com\/product\/yoast-seo-wordpress\/ -->\n<title>Becher F\u00fcr Becherwerke | Jansen&amp;Heuning<\/title>\n<meta name=\"description\" content=\"Becher f\u00fcr Becherwerke aus Stahl und Kunststoff. Direkt ab Lager lieferbar. Schnelle Lieferung f\u00fcr Wartung und Austausch im Sch\u00fcttguthandling.\" \/>\n<meta name=\"robots\" content=\"index, follow, max-snippet:-1, max-image-preview:large, max-video-preview:-1\" \/>\n<link rel=\"canonical\" href=\"https:\/\/jh.nl\/de\/product\/becher-becherwerke\/\" \/>\n<meta property=\"og:locale\" content=\"de_DE\" \/>\n<meta property=\"og:type\" content=\"article\" \/>\n<meta property=\"og:title\" content=\"Becher F\u00fcr Becherwerke | Jansen&amp;Heuning\" \/>\n<meta property=\"og:description\" content=\"Becher f\u00fcr Becherwerke aus Stahl und Kunststoff. Direkt ab Lager lieferbar. Schnelle Lieferung f\u00fcr Wartung und Austausch im Sch\u00fcttguthandling.\" \/>\n<meta property=\"og:url\" content=\"https:\/\/jh.nl\/de\/product\/becher-becherwerke\/\" \/>\n<meta property=\"og:site_name\" content=\"Jansen&amp;Heuning\" \/>\n<meta property=\"article:publisher\" content=\"https:\/\/www.facebook.com\/JansenHeuning\" \/>\n<meta property=\"article:modified_time\" content=\"2026-04-13T11:24:50+00:00\" \/>\n<meta property=\"og:image\" content=\"https:\/\/jh.nl\/wp-content\/uploads\/2026\/04\/bekerelevator-bekers.png\" \/>\n\t<meta property=\"og:image:width\" content=\"1500\" \/>\n\t<meta property=\"og:image:height\" content=\"1500\" \/>\n\t<meta property=\"og:image:type\" content=\"image\/png\" \/>\n<meta name=\"twitter:card\" content=\"summary_large_image\" \/>\n<meta name=\"twitter:label1\" content=\"Gesch\u00e4tzte Lesezeit\" \/>\n\t<meta name=\"twitter:data1\" content=\"2\u00a0Minuten\" \/>\n<script type=\"application\/ld+json\" class=\"yoast-schema-graph\">{\"@context\":\"https:\\\/\\\/schema.org\",\"@graph\":[{\"@type\":\"WebPage\",\"@id\":\"https:\\\/\\\/jh.nl\\\/de\\\/product\\\/becher-becherwerke\\\/\",\"url\":\"https:\\\/\\\/jh.nl\\\/de\\\/product\\\/becher-becherwerke\\\/\",\"name\":\"Becher F\u00fcr Becherwerke | Jansen&Heuning\",\"isPartOf\":{\"@id\":\"https:\\\/\\\/jh.nl\\\/nl\\\/#website\"},\"primaryImageOfPage\":{\"@id\":\"https:\\\/\\\/jh.nl\\\/de\\\/product\\\/becher-becherwerke\\\/#primaryimage\"},\"image\":{\"@id\":\"https:\\\/\\\/jh.nl\\\/de\\\/product\\\/becher-becherwerke\\\/#primaryimage\"},\"thumbnailUrl\":\"https:\\\/\\\/jh.nl\\\/wp-content\\\/uploads\\\/2026\\\/04\\\/bekerelevator-bekers.png\",\"datePublished\":\"2026-04-13T11:23:14+00:00\",\"dateModified\":\"2026-04-13T11:24:50+00:00\",\"description\":\"Becher f\u00fcr Becherwerke aus Stahl und Kunststoff. Direkt ab Lager lieferbar. Schnelle Lieferung f\u00fcr Wartung und Austausch im Sch\u00fcttguthandling.\",\"breadcrumb\":{\"@id\":\"https:\\\/\\\/jh.nl\\\/de\\\/product\\\/becher-becherwerke\\\/#breadcrumb\"},\"inLanguage\":\"de\",\"potentialAction\":[{\"@type\":\"ReadAction\",\"target\":[\"https:\\\/\\\/jh.nl\\\/de\\\/product\\\/becher-becherwerke\\\/\"]}]},{\"@type\":\"ImageObject\",\"inLanguage\":\"de\",\"@id\":\"https:\\\/\\\/jh.nl\\\/de\\\/product\\\/becher-becherwerke\\\/#primaryimage\",\"url\":\"https:\\\/\\\/jh.nl\\\/wp-content\\\/uploads\\\/2026\\\/04\\\/bekerelevator-bekers.png\",\"contentUrl\":\"https:\\\/\\\/jh.nl\\\/wp-content\\\/uploads\\\/2026\\\/04\\\/bekerelevator-bekers.png\",\"width\":1500,\"height\":1500,\"caption\":\"bucketelevator buckets\"},{\"@type\":\"BreadcrumbList\",\"@id\":\"https:\\\/\\\/jh.nl\\\/de\\\/product\\\/becher-becherwerke\\\/#breadcrumb\",\"itemListElement\":[{\"@type\":\"ListItem\",\"position\":1,\"name\":\"Home\",\"item\":\"https:\\\/\\\/jh.nl\\\/de\\\/\"},{\"@type\":\"ListItem\",\"position\":2,\"name\":\"Producten\",\"item\":\"https:\\\/\\\/jh.nl\\\/nl\\\/producten\\\/\"},{\"@type\":\"ListItem\",\"position\":3,\"name\":\"Techniek &amp; services\",\"item\":\"https:\\\/\\\/jh.nl\\\/nl\\\/product-categorie\\\/techniek-services\\\/\"},{\"@type\":\"ListItem\",\"position\":4,\"name\":\"Componenten\",\"item\":\"https:\\\/\\\/jh.nl\\\/nl\\\/product-categorie\\\/techniek-services\\\/componenten\\\/\"},{\"@type\":\"ListItem\",\"position\":5,\"name\":\"Becher f\u00fcr Becherwerke\"}]},{\"@type\":\"WebSite\",\"@id\":\"https:\\\/\\\/jh.nl\\\/nl\\\/#website\",\"url\":\"https:\\\/\\\/jh.nl\\\/nl\\\/\",\"name\":\"Jansen & Heuning\",\"description\":\"Bulk Handling Systems\",\"publisher\":{\"@id\":\"https:\\\/\\\/jh.nl\\\/nl\\\/#organization\"},\"alternateName\":\"J&H\",\"potentialAction\":[{\"@type\":\"SearchAction\",\"target\":{\"@type\":\"EntryPoint\",\"urlTemplate\":\"https:\\\/\\\/jh.nl\\\/nl\\\/?s={search_term_string}\"},\"query-input\":{\"@type\":\"PropertyValueSpecification\",\"valueRequired\":true,\"valueName\":\"search_term_string\"}}],\"inLanguage\":\"de\"},{\"@type\":\"Organization\",\"@id\":\"https:\\\/\\\/jh.nl\\\/nl\\\/#organization\",\"name\":\"Jansen & Heuning\",\"alternateName\":\"J&H\",\"url\":\"https:\\\/\\\/jh.nl\\\/nl\\\/\",\"logo\":{\"@type\":\"ImageObject\",\"inLanguage\":\"de\",\"@id\":\"https:\\\/\\\/jh.nl\\\/nl\\\/#\\\/schema\\\/logo\\\/image\\\/\",\"url\":\"https:\\\/\\\/jh.nl\\\/wp-content\\\/uploads\\\/2022\\\/05\\\/JH-logo-scaled.gif\",\"contentUrl\":\"https:\\\/\\\/jh.nl\\\/wp-content\\\/uploads\\\/2022\\\/05\\\/JH-logo-scaled.gif\",\"width\":2560,\"height\":429,\"caption\":\"Jansen & Heuning\"},\"image\":{\"@id\":\"https:\\\/\\\/jh.nl\\\/nl\\\/#\\\/schema\\\/logo\\\/image\\\/\"},\"sameAs\":[\"https:\\\/\\\/www.facebook.com\\\/JansenHeuning\",\"https:\\\/\\\/www.youtube.com\\\/user\\\/JansenenHeuning\\\/featured\",\"https:\\\/\\\/www.linkedin.com\\\/company\\\/1768497\\\/\"]}]}<\/script>\n<!-- \/ Yoast SEO plugin. -->","yoast_head_json":{"title":"Becher F\u00fcr Becherwerke | Jansen&Heuning","description":"Becher f\u00fcr Becherwerke aus Stahl und Kunststoff. Direkt ab Lager lieferbar. Schnelle Lieferung f\u00fcr Wartung und Austausch im Sch\u00fcttguthandling.","robots":{"index":"index","follow":"follow","max-snippet":"max-snippet:-1","max-image-preview":"max-image-preview:large","max-video-preview":"max-video-preview:-1"},"canonical":"https:\/\/jh.nl\/de\/product\/becher-becherwerke\/","og_locale":"de_DE","og_type":"article","og_title":"Becher F\u00fcr Becherwerke | Jansen&Heuning","og_description":"Becher f\u00fcr Becherwerke aus Stahl und Kunststoff. Direkt ab Lager lieferbar. Schnelle Lieferung f\u00fcr Wartung und Austausch im Sch\u00fcttguthandling.","og_url":"https:\/\/jh.nl\/de\/product\/becher-becherwerke\/","og_site_name":"Jansen&amp;Heuning","article_publisher":"https:\/\/www.facebook.com\/JansenHeuning","article_modified_time":"2026-04-13T11:24:50+00:00","og_image":[{"width":1500,"height":1500,"url":"https:\/\/jh.nl\/wp-content\/uploads\/2026\/04\/bekerelevator-bekers.png","type":"image\/png"}],"twitter_card":"summary_large_image","twitter_misc":{"Gesch\u00e4tzte Lesezeit":"2\u00a0Minuten"},"schema":{"@context":"https:\/\/schema.org","@graph":[{"@type":"WebPage","@id":"https:\/\/jh.nl\/de\/product\/becher-becherwerke\/","url":"https:\/\/jh.nl\/de\/product\/becher-becherwerke\/","name":"Becher F\u00fcr Becherwerke | Jansen&Heuning","isPartOf":{"@id":"https:\/\/jh.nl\/nl\/#website"},"primaryImageOfPage":{"@id":"https:\/\/jh.nl\/de\/product\/becher-becherwerke\/#primaryimage"},"image":{"@id":"https:\/\/jh.nl\/de\/product\/becher-becherwerke\/#primaryimage"},"thumbnailUrl":"https:\/\/jh.nl\/wp-content\/uploads\/2026\/04\/bekerelevator-bekers.png","datePublished":"2026-04-13T11:23:14+00:00","dateModified":"2026-04-13T11:24:50+00:00","description":"Becher f\u00fcr Becherwerke aus Stahl und Kunststoff. Direkt ab Lager lieferbar. Schnelle Lieferung f\u00fcr Wartung und Austausch im Sch\u00fcttguthandling.","breadcrumb":{"@id":"https:\/\/jh.nl\/de\/product\/becher-becherwerke\/#breadcrumb"},"inLanguage":"de","potentialAction":[{"@type":"ReadAction","target":["https:\/\/jh.nl\/de\/product\/becher-becherwerke\/"]}]},{"@type":"ImageObject","inLanguage":"de","@id":"https:\/\/jh.nl\/de\/product\/becher-becherwerke\/#primaryimage","url":"https:\/\/jh.nl\/wp-content\/uploads\/2026\/04\/bekerelevator-bekers.png","contentUrl":"https:\/\/jh.nl\/wp-content\/uploads\/2026\/04\/bekerelevator-bekers.png","width":1500,"height":1500,"caption":"bucketelevator buckets"},{"@type":"BreadcrumbList","@id":"https:\/\/jh.nl\/de\/product\/becher-becherwerke\/#breadcrumb","itemListElement":[{"@type":"ListItem","position":1,"name":"Home","item":"https:\/\/jh.nl\/de\/"},{"@type":"ListItem","position":2,"name":"Producten","item":"https:\/\/jh.nl\/nl\/producten\/"},{"@type":"ListItem","position":3,"name":"Techniek &amp; services","item":"https:\/\/jh.nl\/nl\/product-categorie\/techniek-services\/"},{"@type":"ListItem","position":4,"name":"Componenten","item":"https:\/\/jh.nl\/nl\/product-categorie\/techniek-services\/componenten\/"},{"@type":"ListItem","position":5,"name":"Becher f\u00fcr Becherwerke"}]},{"@type":"WebSite","@id":"https:\/\/jh.nl\/nl\/#website","url":"https:\/\/jh.nl\/nl\/","name":"Jansen & Heuning","description":"Bulk Handling Systems","publisher":{"@id":"https:\/\/jh.nl\/nl\/#organization"},"alternateName":"J&H","potentialAction":[{"@type":"SearchAction","target":{"@type":"EntryPoint","urlTemplate":"https:\/\/jh.nl\/nl\/?s={search_term_string}"},"query-input":{"@type":"PropertyValueSpecification","valueRequired":true,"valueName":"search_term_string"}}],"inLanguage":"de"},{"@type":"Organization","@id":"https:\/\/jh.nl\/nl\/#organization","name":"Jansen & Heuning","alternateName":"J&H","url":"https:\/\/jh.nl\/nl\/","logo":{"@type":"ImageObject","inLanguage":"de","@id":"https:\/\/jh.nl\/nl\/#\/schema\/logo\/image\/","url":"https:\/\/jh.nl\/wp-content\/uploads\/2022\/05\/JH-logo-scaled.gif","contentUrl":"https:\/\/jh.nl\/wp-content\/uploads\/2022\/05\/JH-logo-scaled.gif","width":2560,"height":429,"caption":"Jansen & Heuning"},"image":{"@id":"https:\/\/jh.nl\/nl\/#\/schema\/logo\/image\/"},"sameAs":["https:\/\/www.facebook.com\/JansenHeuning","https:\/\/www.youtube.com\/user\/JansenenHeuning\/featured","https:\/\/www.linkedin.com\/company\/1768497\/"]}]}},"_links":{"self":[{"href":"https:\/\/jh.nl\/de\/wp-json\/wp\/v2\/product\/28059","targetHints":{"allow":["GET"]}}],"collection":[{"href":"https:\/\/jh.nl\/de\/wp-json\/wp\/v2\/product"}],"about":[{"href":"https:\/\/jh.nl\/de\/wp-json\/wp\/v2\/types\/product"}],"replies":[{"embeddable":true,"href":"https:\/\/jh.nl\/de\/wp-json\/wp\/v2\/comments?post=28059"}],"wp:featuredmedia":[{"embeddable":true,"href":"https:\/\/jh.nl\/de\/wp-json\/wp\/v2\/media\/28061"}],"wp:attachment":[{"href":"https:\/\/jh.nl\/de\/wp-json\/wp\/v2\/media?parent=28059"}],"wp:term":[{"taxonomy":"product_brand","embeddable":true,"href":"https:\/\/jh.nl\/de\/wp-json\/wp\/v2\/product_brand?post=28059"},{"taxonomy":"product_cat","embeddable":true,"href":"https:\/\/jh.nl\/de\/wp-json\/wp\/v2\/product_cat?post=28059"},{"taxonomy":"product_tag","embeddable":true,"href":"https:\/\/jh.nl\/de\/wp-json\/wp\/v2\/product_tag?post=28059"}],"curies":[{"name":"wp","href":"https:\/\/api.w.org\/{rel}","templated":true}]}}