{"id":28066,"date":"2026-04-13T13:59:15","date_gmt":"2026-04-13T11:59:15","guid":{"rendered":"https:\/\/jh.nl\/?post_type=product&#038;p=28066"},"modified":"2026-04-14T11:29:41","modified_gmt":"2026-04-14T09:29:41","slug":"bandabstreifer-bandfoerderer","status":"publish","type":"product","link":"https:\/\/jh.nl\/de\/product\/bandabstreifer-bandfoerderer\/","title":{"rendered":"Bandabstreifer Bandf\u00f6rderer"},"content":{"rendered":"<p data-start=\"1247\" data-end=\"1258\">Bandabstreifer sind ein unverzichtbarer Bestandteil von <strong><a href=\"https:\/\/jh.nl\/de\/produkt-kategorie\/gurtfoerderer\/\">Gurtf\u00f6rderern<\/a> <\/strong>f\u00fcr Sch\u00fcttg\u00fcter.<\/p>\n<div class=\"flex max-w-full flex-col gap-4 grow\">\n<div class=\"min-h-8 text-message relative flex w-full flex-col items-end gap-2 text-start break-words whitespace-normal outline-none keyboard-focused:focus-ring [.text-message+&amp;]:mt-1\" dir=\"auto\" tabindex=\"0\" data-message-author-role=\"assistant\" data-message-id=\"2961c950-8030-450d-b22a-e169ded457c2\" data-message-model-slug=\"gpt-5-3\" data-turn-start-message=\"true\">\n<div class=\"flex w-full flex-col gap-1 empty:hidden\">\n<div class=\"markdown prose dark:prose-invert w-full wrap-break-word light markdown-new-styling\">\n<p data-start=\"199\" data-end=\"399\">Die Oberseite des F\u00f6rderbandes wird mit einem Abstreifer auf und\/oder direkt nach der Antriebstrommel gereinigt. Die Innenseite des Bandes wird im R\u00fccklaufbereich kurz vor der Umlenktrommel gereinigt.<\/p>\n<h2 data-start=\"401\" data-end=\"497\"><strong data-start=\"401\" data-end=\"419\">Kopfabstreifer<\/strong><\/h2>\n<p data-start=\"401\" data-end=\"497\">Ein Abstreifer wird mit Gummi-Federelementen gegen das F\u00f6rderband gedr\u00fcckt.<\/p>\n<p data-start=\"499\" data-end=\"640\">Dies kann direkt auf der Trommel bei etwa 60\u00b0 zur Horizontalen erfolgen und\/oder direkt nach der Trommel, wo sich das Band frei bewegen kann.<\/p>\n<p data-start=\"642\" data-end=\"744\">Die beste Wirkung wird durch den Einsatz beider Abstreifer erzielt: Kopfabstreifer und Nachabstreifer.<\/p>\n<p data-start=\"746\" data-end=\"866\">Die Abstreifleisten k\u00f6nnen aus mehreren k\u00fcrzeren Segmenten bestehen oder als ein durchgehender Streifen ausgef\u00fchrt sein.<\/p>\n<p data-start=\"868\" data-end=\"1059\">In den meisten F\u00e4llen werden die Abstreifleisten aus weichem oder hartem Kunststoff gefertigt. F\u00fcr das Abstreifen von haftenden Materialien sind Abstreifleisten aus Stahl oft besser geeignet.<\/p>\n<h2 data-start=\"1061\" data-end=\"1284\"><strong data-start=\"1061\" data-end=\"1080\">Pflugabstreifer<\/strong><\/h2>\n<p data-start=\"1061\" data-end=\"1284\">Der V-f\u00f6rmige Pflugabstreifer sorgt daf\u00fcr, dass keine groben Partikel und Verunreinigungen zwischen Band und Umlenktrommel gelangen, die die Trommel verschmutzen und zu Bandlaufproblemen f\u00fchren k\u00f6nnen.<\/p>\n<h3 data-start=\"1286\" data-end=\"1510\"><strong data-start=\"1286\" data-end=\"1301\">Wissenswert<\/strong><\/h3>\n<p data-start=\"1286\" data-end=\"1510\" data-is-last-node=\"\" data-is-only-node=\"\">Den idealen Abstreifer gibt es nicht. Eine gewisse Verschmutzung der Umgebung l\u00e4sst sich nicht vollst\u00e4ndig vermeiden. F\u00fcr jede Anwendung ist es entscheidend, die am besten geeigneten Abstreifer auszuw\u00e4hlen.<\/p>\n<\/div>\n<\/div>\n<\/div>\n<\/div>\n<h3 data-start=\"1247\" data-end=\"1258\">Kontakt<\/h3>\n<p data-start=\"1260\" data-end=\"1357\">F\u00fcr weitere Informationen oder ein individuelles Angebot wenden Sie sich bitte an Jansen&amp;Heuning:<\/p>\n<ul>\n<li data-start=\"1971\" data-end=\"2066\">Telefon:\u00a0<a href=\"callto:+31503126448\"><span class=\"relative -mx-px my-[-0.2rem] rounded px-px py-[0.2rem]\">+31(0)50 3126 448<\/span><\/a><\/li>\n<li data-start=\"2069\" data-end=\"2162\">E-mail:\u00a0<span class=\"relative -mx-px my-[-0.2rem] rounded px-px py-[0.2rem]\"><a href=\"mailto:sales@jh.nl\" data-start=\"0\" data-end=\"11\" data-is-last-node=\"\" data-is-only-node=\"\">sales@jh.nl<\/a><\/span>\u200b<\/li>\n<li data-start=\"2165\" data-end=\"2268\">Kontaktformular:\u00a0<span class=\"relative -mx-px my-[-0.2rem] rounded px-px py-[0.2rem]\"><a href=\"https:\/\/jh.nl\/de\/contact\/\" target=\"_new\" rel=\"noopener noreferrer\" data-start=\"0\" data-end=\"46\" data-is-last-node=\"\" data-is-only-node=\"\">www.jh.de\/contact<\/a><\/span><\/li>\n<\/ul>\n","protected":false},"excerpt":{"rendered":"<p>Bandabstreifer sind ein unverzichtbarer Bestandteil von Gurtf\u00f6rderern f\u00fcr Sch\u00fcttg\u00fcter. Die&#8230;<\/p>\n","protected":false},"featured_media":28062,"comment_status":"open","ping_status":"closed","template":"","meta":{"_acf_changed":false},"product_brand":[],"product_cat":[996],"product_tag":[],"class_list":{"0":"post-28066","1":"product","2":"type-product","3":"status-publish","4":"has-post-thumbnail","6":"product_cat-komponenten","8":"first","9":"instock","10":"taxable","11":"shipping-taxable","12":"product-type-simple"},"acf":[],"yoast_head":"<!-- This site is optimized with the Yoast SEO plugin v27.4 - https:\/\/yoast.com\/product\/yoast-seo-wordpress\/ -->\n<title>Bandabstreifer f\u00fcr Gurtf\u00f6rderer | Jansen&amp;Heuning<\/title>\n<meta name=\"description\" content=\"Bandabstreifer f\u00fcr Gurtf\u00f6rderer im Sch\u00fcttguthandling. Effektive Reinigung, weniger Verschmutzung und zuverl\u00e4ssiger Betrieb von F\u00f6rderanlagen.\" \/>\n<meta name=\"robots\" content=\"index, follow, max-snippet:-1, max-image-preview:large, max-video-preview:-1\" \/>\n<link rel=\"canonical\" href=\"https:\/\/jh.nl\/de\/product\/bandabstreifer-bandfoerderer\/\" \/>\n<meta property=\"og:locale\" content=\"de_DE\" \/>\n<meta property=\"og:type\" content=\"article\" \/>\n<meta property=\"og:title\" content=\"Bandabstreifer f\u00fcr Gurtf\u00f6rderer | Jansen&amp;Heuning\" \/>\n<meta property=\"og:description\" content=\"Bandabstreifer f\u00fcr Gurtf\u00f6rderer im Sch\u00fcttguthandling. Effektive Reinigung, weniger Verschmutzung und zuverl\u00e4ssiger Betrieb von F\u00f6rderanlagen.\" \/>\n<meta property=\"og:url\" content=\"https:\/\/jh.nl\/de\/product\/bandabstreifer-bandfoerderer\/\" \/>\n<meta property=\"og:site_name\" content=\"Jansen&amp;Heuning\" \/>\n<meta property=\"article:publisher\" content=\"https:\/\/www.facebook.com\/JansenHeuning\" \/>\n<meta property=\"article:modified_time\" content=\"2026-04-14T09:29:41+00:00\" \/>\n<meta property=\"og:image\" content=\"https:\/\/jh.nl\/wp-content\/uploads\/2026\/04\/schraper-bandtransporteur-3.png\" \/>\n\t<meta property=\"og:image:width\" content=\"431\" \/>\n\t<meta property=\"og:image:height\" content=\"402\" \/>\n\t<meta property=\"og:image:type\" content=\"image\/png\" \/>\n<meta name=\"twitter:card\" content=\"summary_large_image\" \/>\n<meta name=\"twitter:label1\" content=\"Gesch\u00e4tzte Lesezeit\" \/>\n\t<meta name=\"twitter:data1\" content=\"2\u00a0Minuten\" \/>\n<script type=\"application\/ld+json\" class=\"yoast-schema-graph\">{\"@context\":\"https:\\\/\\\/schema.org\",\"@graph\":[{\"@type\":\"WebPage\",\"@id\":\"https:\\\/\\\/jh.nl\\\/de\\\/product\\\/bandabstreifer-bandfoerderer\\\/\",\"url\":\"https:\\\/\\\/jh.nl\\\/de\\\/product\\\/bandabstreifer-bandfoerderer\\\/\",\"name\":\"Bandabstreifer f\u00fcr Gurtf\u00f6rderer | Jansen&Heuning\",\"isPartOf\":{\"@id\":\"https:\\\/\\\/jh.nl\\\/nl\\\/#website\"},\"primaryImageOfPage\":{\"@id\":\"https:\\\/\\\/jh.nl\\\/de\\\/product\\\/bandabstreifer-bandfoerderer\\\/#primaryimage\"},\"image\":{\"@id\":\"https:\\\/\\\/jh.nl\\\/de\\\/product\\\/bandabstreifer-bandfoerderer\\\/#primaryimage\"},\"thumbnailUrl\":\"https:\\\/\\\/jh.nl\\\/wp-content\\\/uploads\\\/2026\\\/04\\\/schraper-bandtransporteur-3.png\",\"datePublished\":\"2026-04-13T11:59:15+00:00\",\"dateModified\":\"2026-04-14T09:29:41+00:00\",\"description\":\"Bandabstreifer f\u00fcr Gurtf\u00f6rderer im Sch\u00fcttguthandling. Effektive Reinigung, weniger Verschmutzung und zuverl\u00e4ssiger Betrieb von F\u00f6rderanlagen.\",\"breadcrumb\":{\"@id\":\"https:\\\/\\\/jh.nl\\\/de\\\/product\\\/bandabstreifer-bandfoerderer\\\/#breadcrumb\"},\"inLanguage\":\"de\",\"potentialAction\":[{\"@type\":\"ReadAction\",\"target\":[\"https:\\\/\\\/jh.nl\\\/de\\\/product\\\/bandabstreifer-bandfoerderer\\\/\"]}]},{\"@type\":\"ImageObject\",\"inLanguage\":\"de\",\"@id\":\"https:\\\/\\\/jh.nl\\\/de\\\/product\\\/bandabstreifer-bandfoerderer\\\/#primaryimage\",\"url\":\"https:\\\/\\\/jh.nl\\\/wp-content\\\/uploads\\\/2026\\\/04\\\/schraper-bandtransporteur-3.png\",\"contentUrl\":\"https:\\\/\\\/jh.nl\\\/wp-content\\\/uploads\\\/2026\\\/04\\\/schraper-bandtransporteur-3.png\",\"width\":431,\"height\":402},{\"@type\":\"BreadcrumbList\",\"@id\":\"https:\\\/\\\/jh.nl\\\/de\\\/product\\\/bandabstreifer-bandfoerderer\\\/#breadcrumb\",\"itemListElement\":[{\"@type\":\"ListItem\",\"position\":1,\"name\":\"Home\",\"item\":\"https:\\\/\\\/jh.nl\\\/de\\\/\"},{\"@type\":\"ListItem\",\"position\":2,\"name\":\"Producten\",\"item\":\"https:\\\/\\\/jh.nl\\\/nl\\\/producten\\\/\"},{\"@type\":\"ListItem\",\"position\":3,\"name\":\"Technik, Services und mehr\",\"item\":\"https:\\\/\\\/jh.nl\\\/de\\\/produkt-kategorie\\\/technik-services\\\/\"},{\"@type\":\"ListItem\",\"position\":4,\"name\":\"Komponenten\",\"item\":\"https:\\\/\\\/jh.nl\\\/de\\\/produkt-kategorie\\\/technik-services\\\/komponenten\\\/\"},{\"@type\":\"ListItem\",\"position\":5,\"name\":\"Bandabstreifer Bandf\u00f6rderer\"}]},{\"@type\":\"WebSite\",\"@id\":\"https:\\\/\\\/jh.nl\\\/nl\\\/#website\",\"url\":\"https:\\\/\\\/jh.nl\\\/nl\\\/\",\"name\":\"Jansen & Heuning\",\"description\":\"Bulk Handling Systems\",\"publisher\":{\"@id\":\"https:\\\/\\\/jh.nl\\\/nl\\\/#organization\"},\"alternateName\":\"J&H\",\"potentialAction\":[{\"@type\":\"SearchAction\",\"target\":{\"@type\":\"EntryPoint\",\"urlTemplate\":\"https:\\\/\\\/jh.nl\\\/nl\\\/?s={search_term_string}\"},\"query-input\":{\"@type\":\"PropertyValueSpecification\",\"valueRequired\":true,\"valueName\":\"search_term_string\"}}],\"inLanguage\":\"de\"},{\"@type\":\"Organization\",\"@id\":\"https:\\\/\\\/jh.nl\\\/nl\\\/#organization\",\"name\":\"Jansen & Heuning\",\"alternateName\":\"J&H\",\"url\":\"https:\\\/\\\/jh.nl\\\/nl\\\/\",\"logo\":{\"@type\":\"ImageObject\",\"inLanguage\":\"de\",\"@id\":\"https:\\\/\\\/jh.nl\\\/nl\\\/#\\\/schema\\\/logo\\\/image\\\/\",\"url\":\"https:\\\/\\\/jh.nl\\\/wp-content\\\/uploads\\\/2022\\\/05\\\/JH-logo-scaled.gif\",\"contentUrl\":\"https:\\\/\\\/jh.nl\\\/wp-content\\\/uploads\\\/2022\\\/05\\\/JH-logo-scaled.gif\",\"width\":2560,\"height\":429,\"caption\":\"Jansen & Heuning\"},\"image\":{\"@id\":\"https:\\\/\\\/jh.nl\\\/nl\\\/#\\\/schema\\\/logo\\\/image\\\/\"},\"sameAs\":[\"https:\\\/\\\/www.facebook.com\\\/JansenHeuning\",\"https:\\\/\\\/www.youtube.com\\\/user\\\/JansenenHeuning\\\/featured\",\"https:\\\/\\\/www.linkedin.com\\\/company\\\/1768497\\\/\"]}]}<\/script>\n<!-- \/ Yoast SEO plugin. -->","yoast_head_json":{"title":"Bandabstreifer f\u00fcr Gurtf\u00f6rderer | Jansen&Heuning","description":"Bandabstreifer f\u00fcr Gurtf\u00f6rderer im Sch\u00fcttguthandling. Effektive Reinigung, weniger Verschmutzung und zuverl\u00e4ssiger Betrieb von F\u00f6rderanlagen.","robots":{"index":"index","follow":"follow","max-snippet":"max-snippet:-1","max-image-preview":"max-image-preview:large","max-video-preview":"max-video-preview:-1"},"canonical":"https:\/\/jh.nl\/de\/product\/bandabstreifer-bandfoerderer\/","og_locale":"de_DE","og_type":"article","og_title":"Bandabstreifer f\u00fcr Gurtf\u00f6rderer | Jansen&Heuning","og_description":"Bandabstreifer f\u00fcr Gurtf\u00f6rderer im Sch\u00fcttguthandling. Effektive Reinigung, weniger Verschmutzung und zuverl\u00e4ssiger Betrieb von F\u00f6rderanlagen.","og_url":"https:\/\/jh.nl\/de\/product\/bandabstreifer-bandfoerderer\/","og_site_name":"Jansen&amp;Heuning","article_publisher":"https:\/\/www.facebook.com\/JansenHeuning","article_modified_time":"2026-04-14T09:29:41+00:00","og_image":[{"width":431,"height":402,"url":"https:\/\/jh.nl\/wp-content\/uploads\/2026\/04\/schraper-bandtransporteur-3.png","type":"image\/png"}],"twitter_card":"summary_large_image","twitter_misc":{"Gesch\u00e4tzte Lesezeit":"2\u00a0Minuten"},"schema":{"@context":"https:\/\/schema.org","@graph":[{"@type":"WebPage","@id":"https:\/\/jh.nl\/de\/product\/bandabstreifer-bandfoerderer\/","url":"https:\/\/jh.nl\/de\/product\/bandabstreifer-bandfoerderer\/","name":"Bandabstreifer f\u00fcr Gurtf\u00f6rderer | Jansen&Heuning","isPartOf":{"@id":"https:\/\/jh.nl\/nl\/#website"},"primaryImageOfPage":{"@id":"https:\/\/jh.nl\/de\/product\/bandabstreifer-bandfoerderer\/#primaryimage"},"image":{"@id":"https:\/\/jh.nl\/de\/product\/bandabstreifer-bandfoerderer\/#primaryimage"},"thumbnailUrl":"https:\/\/jh.nl\/wp-content\/uploads\/2026\/04\/schraper-bandtransporteur-3.png","datePublished":"2026-04-13T11:59:15+00:00","dateModified":"2026-04-14T09:29:41+00:00","description":"Bandabstreifer f\u00fcr Gurtf\u00f6rderer im Sch\u00fcttguthandling. Effektive Reinigung, weniger Verschmutzung und zuverl\u00e4ssiger Betrieb von F\u00f6rderanlagen.","breadcrumb":{"@id":"https:\/\/jh.nl\/de\/product\/bandabstreifer-bandfoerderer\/#breadcrumb"},"inLanguage":"de","potentialAction":[{"@type":"ReadAction","target":["https:\/\/jh.nl\/de\/product\/bandabstreifer-bandfoerderer\/"]}]},{"@type":"ImageObject","inLanguage":"de","@id":"https:\/\/jh.nl\/de\/product\/bandabstreifer-bandfoerderer\/#primaryimage","url":"https:\/\/jh.nl\/wp-content\/uploads\/2026\/04\/schraper-bandtransporteur-3.png","contentUrl":"https:\/\/jh.nl\/wp-content\/uploads\/2026\/04\/schraper-bandtransporteur-3.png","width":431,"height":402},{"@type":"BreadcrumbList","@id":"https:\/\/jh.nl\/de\/product\/bandabstreifer-bandfoerderer\/#breadcrumb","itemListElement":[{"@type":"ListItem","position":1,"name":"Home","item":"https:\/\/jh.nl\/de\/"},{"@type":"ListItem","position":2,"name":"Producten","item":"https:\/\/jh.nl\/nl\/producten\/"},{"@type":"ListItem","position":3,"name":"Technik, Services und mehr","item":"https:\/\/jh.nl\/de\/produkt-kategorie\/technik-services\/"},{"@type":"ListItem","position":4,"name":"Komponenten","item":"https:\/\/jh.nl\/de\/produkt-kategorie\/technik-services\/komponenten\/"},{"@type":"ListItem","position":5,"name":"Bandabstreifer Bandf\u00f6rderer"}]},{"@type":"WebSite","@id":"https:\/\/jh.nl\/nl\/#website","url":"https:\/\/jh.nl\/nl\/","name":"Jansen & Heuning","description":"Bulk Handling Systems","publisher":{"@id":"https:\/\/jh.nl\/nl\/#organization"},"alternateName":"J&H","potentialAction":[{"@type":"SearchAction","target":{"@type":"EntryPoint","urlTemplate":"https:\/\/jh.nl\/nl\/?s={search_term_string}"},"query-input":{"@type":"PropertyValueSpecification","valueRequired":true,"valueName":"search_term_string"}}],"inLanguage":"de"},{"@type":"Organization","@id":"https:\/\/jh.nl\/nl\/#organization","name":"Jansen & Heuning","alternateName":"J&H","url":"https:\/\/jh.nl\/nl\/","logo":{"@type":"ImageObject","inLanguage":"de","@id":"https:\/\/jh.nl\/nl\/#\/schema\/logo\/image\/","url":"https:\/\/jh.nl\/wp-content\/uploads\/2022\/05\/JH-logo-scaled.gif","contentUrl":"https:\/\/jh.nl\/wp-content\/uploads\/2022\/05\/JH-logo-scaled.gif","width":2560,"height":429,"caption":"Jansen & Heuning"},"image":{"@id":"https:\/\/jh.nl\/nl\/#\/schema\/logo\/image\/"},"sameAs":["https:\/\/www.facebook.com\/JansenHeuning","https:\/\/www.youtube.com\/user\/JansenenHeuning\/featured","https:\/\/www.linkedin.com\/company\/1768497\/"]}]}},"_links":{"self":[{"href":"https:\/\/jh.nl\/de\/wp-json\/wp\/v2\/product\/28066","targetHints":{"allow":["GET"]}}],"collection":[{"href":"https:\/\/jh.nl\/de\/wp-json\/wp\/v2\/product"}],"about":[{"href":"https:\/\/jh.nl\/de\/wp-json\/wp\/v2\/types\/product"}],"replies":[{"embeddable":true,"href":"https:\/\/jh.nl\/de\/wp-json\/wp\/v2\/comments?post=28066"}],"wp:featuredmedia":[{"embeddable":true,"href":"https:\/\/jh.nl\/de\/wp-json\/wp\/v2\/media\/28062"}],"wp:attachment":[{"href":"https:\/\/jh.nl\/de\/wp-json\/wp\/v2\/media?parent=28066"}],"wp:term":[{"taxonomy":"product_brand","embeddable":true,"href":"https:\/\/jh.nl\/de\/wp-json\/wp\/v2\/product_brand?post=28066"},{"taxonomy":"product_cat","embeddable":true,"href":"https:\/\/jh.nl\/de\/wp-json\/wp\/v2\/product_cat?post=28066"},{"taxonomy":"product_tag","embeddable":true,"href":"https:\/\/jh.nl\/de\/wp-json\/wp\/v2\/product_tag?post=28066"}],"curies":[{"name":"wp","href":"https:\/\/api.w.org\/{rel}","templated":true}]}}