{"id":28073,"date":"2026-04-13T14:09:32","date_gmt":"2026-04-13T12:09:32","guid":{"rendered":"https:\/\/jh.nl\/?post_type=product&#038;p=28073"},"modified":"2026-04-13T14:09:33","modified_gmt":"2026-04-13T12:09:33","slug":"ketten-und-kettenraeder-fuer-kettenfoerderer","status":"publish","type":"product","link":"https:\/\/jh.nl\/de\/product\/ketten-und-kettenraeder-fuer-kettenfoerderer\/","title":{"rendered":"Ketten und Kettenr\u00e4der f\u00fcr Kettenf\u00f6rderer"},"content":{"rendered":"<p data-start=\"47\" data-end=\"334\">Bei einer Geschwindigkeit von nicht mehr als 0,5 m\/s und bei ausreichender Festigkeit hat die Kette eine lange Lebensdauer. Das Spiel in den Gelenken nimmt im Laufe der Zeit zu und macht einen geplanten Austausch erforderlich.<\/p>\n<p data-start=\"359\" data-end=\"493\">Jansen&amp;Heuning liefert alle Gr\u00f6\u00dfen und Ausf\u00fchrungen von Ketten auf Bestellung und kann eine Ersatzkette sehr schnell ab Lager liefern.<\/p>\n<p data-start=\"495\" data-end=\"616\">Antriebs- und Umlenkr\u00e4der werden im eigenen Haus gefertigt und k\u00f6nnen bei Bedarf innerhalb weniger Tage geliefert werden.<\/p>\n<h2 data-start=\"618\" data-end=\"809\"><strong data-start=\"618\" data-end=\"633\">Kettentypen<\/strong><\/h2>\n<p data-start=\"618\" data-end=\"809\">Die am h\u00e4ufigsten verwendete Kette ist die Standard-Stahlkette nach DIN8165 mit Typbezeichnung, beispielsweise FV-112. Die \u201e112\u201c gibt die Bruchfestigkeit der Kette in kN an.<\/p>\n<p data-start=\"811\" data-end=\"956\">F\u00fcr die Auslegung sollte die tats\u00e4chliche Zugkraft im Betrieb f\u00fcr eine lange Lebensdauer nicht mehr als 12% bis 15% der Bruchfestigkeit betragen.<\/p>\n<p data-start=\"958\" data-end=\"1078\">F\u00fcr Produkte, die zwischen den Seitenplatten der FV-Kette haften bleiben k\u00f6nnen, wird die teurere Gabelkette eingesetzt.<\/p>\n<h2 data-start=\"1080\" data-end=\"1103\"><strong data-start=\"1080\" data-end=\"1103\">Ab Lager lieferbar:<\/strong><\/h2>\n<ul data-start=\"1105\" data-end=\"1456\">\n<li data-section-id=\"txt2bo\" data-start=\"1105\" data-end=\"1159\">Kette FV112, DIN8165, mit einer Teilung von 125 mm<\/li>\n<li data-section-id=\"1amezpx\" data-start=\"1160\" data-end=\"1256\">Mitnehmer k\u00f6nnen innerhalb weniger Arbeitstage auf die gew\u00fcnschte Breite angeschwei\u00dft werden<\/li>\n<li data-section-id=\"vgov00\" data-start=\"1257\" data-end=\"1291\">Mit optionalen R\u00fccklaufbechern<\/li>\n<li data-section-id=\"oiw3f2\" data-start=\"1292\" data-end=\"1361\">Mit Reinigungsleisten f\u00fcr die Reinigung der Ecken der F\u00f6rderrinne<\/li>\n<li data-section-id=\"5lyuio\" data-start=\"1362\" data-end=\"1456\">Antriebs- und Umlenkr\u00e4der mit Nabe, Bohrung und Passfedernut innerhalb weniger Arbeitstage<\/li>\n<\/ul>\n<p data-start=\"1458\" data-end=\"1651\">Auch wenn derzeit eine andere Kette eingesetzt wird, kann diese durch den Austausch der R\u00e4der mit dem richtigen Durchmesser stets passend f\u00fcr die F\u00f6rderrinne des Kettenf\u00f6rderers gemacht werden.<\/p>\n<h3><b><strong>Kontakt<\/strong><\/b><\/h3>\n<p>F\u00fcr weitere Informationen oder ein ma\u00dfgeschneidertes Angebot wenden Sie sich bitte an Jansen&amp;Heuning.<\/p>\n<ul>\n<li>Telefon:\u00a0<a href=\"callto:+310503126448\"><u>+31(0)50 3126 448<\/u><\/a><\/li>\n<li>E-Mail:\u00a0<a href=\"mailto:sales@jh.nl\"><u>sales@jh.nl<\/u><\/a><\/li>\n<li>Kontaktformular:\u00a0<a href=\"https:\/\/jh.nl\/de\/contact\/\"><u>www.jh.de\/kontakt<\/u><\/a><\/li>\n<\/ul>\n","protected":false},"excerpt":{"rendered":"<p>Bei einer Geschwindigkeit von nicht mehr als 0,5 m\/s und&#8230;<\/p>\n","protected":false},"featured_media":28070,"comment_status":"open","ping_status":"closed","template":"","meta":{"_acf_changed":false},"product_brand":[],"product_cat":[996],"product_tag":[],"class_list":{"0":"post-28073","1":"product","2":"type-product","3":"status-publish","4":"has-post-thumbnail","6":"product_cat-komponenten","8":"first","9":"instock","10":"taxable","11":"shipping-taxable","12":"product-type-simple"},"acf":[],"yoast_head":"<!-- This site is optimized with the Yoast SEO plugin v27.4 - https:\/\/yoast.com\/product\/yoast-seo-wordpress\/ -->\n<title>Ketten Und Kettenr\u00e4der F\u00fcr Kettenf\u00f6rderer | Jansen&amp;Heuning<\/title>\n<meta name=\"description\" content=\"Ketten und Kettenr\u00e4der f\u00fcr Kettenf\u00f6rderer. Direkt ab Lager lieferbar oder kurzfristig verf\u00fcgbar. F\u00fcr zuverl\u00e4ssigen Einsatz im Sch\u00fcttguthandling.\" \/>\n<meta name=\"robots\" content=\"index, follow, max-snippet:-1, max-image-preview:large, max-video-preview:-1\" \/>\n<link rel=\"canonical\" href=\"https:\/\/jh.nl\/de\/product\/ketten-und-kettenraeder-fuer-kettenfoerderer\/\" \/>\n<meta property=\"og:locale\" content=\"de_DE\" \/>\n<meta property=\"og:type\" content=\"article\" \/>\n<meta property=\"og:title\" content=\"Ketten Und Kettenr\u00e4der F\u00fcr Kettenf\u00f6rderer | Jansen&amp;Heuning\" \/>\n<meta property=\"og:description\" content=\"Ketten und Kettenr\u00e4der f\u00fcr Kettenf\u00f6rderer. Direkt ab Lager lieferbar oder kurzfristig verf\u00fcgbar. F\u00fcr zuverl\u00e4ssigen Einsatz im Sch\u00fcttguthandling.\" \/>\n<meta property=\"og:url\" content=\"https:\/\/jh.nl\/de\/product\/ketten-und-kettenraeder-fuer-kettenfoerderer\/\" \/>\n<meta property=\"og:site_name\" content=\"Jansen&amp;Heuning\" \/>\n<meta property=\"article:publisher\" content=\"https:\/\/www.facebook.com\/JansenHeuning\" \/>\n<meta property=\"article:modified_time\" content=\"2026-04-13T12:09:33+00:00\" \/>\n<meta property=\"og:image\" content=\"https:\/\/jh.nl\/wp-content\/uploads\/2026\/04\/kettingen.png\" \/>\n\t<meta property=\"og:image:width\" content=\"630\" \/>\n\t<meta property=\"og:image:height\" content=\"469\" \/>\n\t<meta property=\"og:image:type\" content=\"image\/png\" \/>\n<meta name=\"twitter:card\" content=\"summary_large_image\" \/>\n<meta name=\"twitter:label1\" content=\"Gesch\u00e4tzte Lesezeit\" \/>\n\t<meta name=\"twitter:data1\" content=\"2\u00a0Minuten\" \/>\n<script type=\"application\/ld+json\" class=\"yoast-schema-graph\">{\"@context\":\"https:\\\/\\\/schema.org\",\"@graph\":[{\"@type\":\"WebPage\",\"@id\":\"https:\\\/\\\/jh.nl\\\/de\\\/product\\\/ketten-und-kettenraeder-fuer-kettenfoerderer\\\/\",\"url\":\"https:\\\/\\\/jh.nl\\\/de\\\/product\\\/ketten-und-kettenraeder-fuer-kettenfoerderer\\\/\",\"name\":\"Ketten Und Kettenr\u00e4der F\u00fcr Kettenf\u00f6rderer | Jansen&Heuning\",\"isPartOf\":{\"@id\":\"https:\\\/\\\/jh.nl\\\/nl\\\/#website\"},\"primaryImageOfPage\":{\"@id\":\"https:\\\/\\\/jh.nl\\\/de\\\/product\\\/ketten-und-kettenraeder-fuer-kettenfoerderer\\\/#primaryimage\"},\"image\":{\"@id\":\"https:\\\/\\\/jh.nl\\\/de\\\/product\\\/ketten-und-kettenraeder-fuer-kettenfoerderer\\\/#primaryimage\"},\"thumbnailUrl\":\"https:\\\/\\\/jh.nl\\\/wp-content\\\/uploads\\\/2026\\\/04\\\/kettingen.png\",\"datePublished\":\"2026-04-13T12:09:32+00:00\",\"dateModified\":\"2026-04-13T12:09:33+00:00\",\"description\":\"Ketten und Kettenr\u00e4der f\u00fcr Kettenf\u00f6rderer. Direkt ab Lager lieferbar oder kurzfristig verf\u00fcgbar. F\u00fcr zuverl\u00e4ssigen Einsatz im Sch\u00fcttguthandling.\",\"breadcrumb\":{\"@id\":\"https:\\\/\\\/jh.nl\\\/de\\\/product\\\/ketten-und-kettenraeder-fuer-kettenfoerderer\\\/#breadcrumb\"},\"inLanguage\":\"de\",\"potentialAction\":[{\"@type\":\"ReadAction\",\"target\":[\"https:\\\/\\\/jh.nl\\\/de\\\/product\\\/ketten-und-kettenraeder-fuer-kettenfoerderer\\\/\"]}]},{\"@type\":\"ImageObject\",\"inLanguage\":\"de\",\"@id\":\"https:\\\/\\\/jh.nl\\\/de\\\/product\\\/ketten-und-kettenraeder-fuer-kettenfoerderer\\\/#primaryimage\",\"url\":\"https:\\\/\\\/jh.nl\\\/wp-content\\\/uploads\\\/2026\\\/04\\\/kettingen.png\",\"contentUrl\":\"https:\\\/\\\/jh.nl\\\/wp-content\\\/uploads\\\/2026\\\/04\\\/kettingen.png\",\"width\":630,\"height\":469,\"caption\":\"ketting kettingtransporteur\"},{\"@type\":\"BreadcrumbList\",\"@id\":\"https:\\\/\\\/jh.nl\\\/de\\\/product\\\/ketten-und-kettenraeder-fuer-kettenfoerderer\\\/#breadcrumb\",\"itemListElement\":[{\"@type\":\"ListItem\",\"position\":1,\"name\":\"Home\",\"item\":\"https:\\\/\\\/jh.nl\\\/de\\\/\"},{\"@type\":\"ListItem\",\"position\":2,\"name\":\"Producten\",\"item\":\"https:\\\/\\\/jh.nl\\\/nl\\\/producten\\\/\"},{\"@type\":\"ListItem\",\"position\":3,\"name\":\"Technik, Services und mehr\",\"item\":\"https:\\\/\\\/jh.nl\\\/de\\\/produkt-kategorie\\\/technik-services\\\/\"},{\"@type\":\"ListItem\",\"position\":4,\"name\":\"Komponenten\",\"item\":\"https:\\\/\\\/jh.nl\\\/de\\\/produkt-kategorie\\\/technik-services\\\/komponenten\\\/\"},{\"@type\":\"ListItem\",\"position\":5,\"name\":\"Ketten und Kettenr\u00e4der f\u00fcr Kettenf\u00f6rderer\"}]},{\"@type\":\"WebSite\",\"@id\":\"https:\\\/\\\/jh.nl\\\/nl\\\/#website\",\"url\":\"https:\\\/\\\/jh.nl\\\/nl\\\/\",\"name\":\"Jansen & Heuning\",\"description\":\"Bulk Handling Systems\",\"publisher\":{\"@id\":\"https:\\\/\\\/jh.nl\\\/nl\\\/#organization\"},\"alternateName\":\"J&H\",\"potentialAction\":[{\"@type\":\"SearchAction\",\"target\":{\"@type\":\"EntryPoint\",\"urlTemplate\":\"https:\\\/\\\/jh.nl\\\/nl\\\/?s={search_term_string}\"},\"query-input\":{\"@type\":\"PropertyValueSpecification\",\"valueRequired\":true,\"valueName\":\"search_term_string\"}}],\"inLanguage\":\"de\"},{\"@type\":\"Organization\",\"@id\":\"https:\\\/\\\/jh.nl\\\/nl\\\/#organization\",\"name\":\"Jansen & Heuning\",\"alternateName\":\"J&H\",\"url\":\"https:\\\/\\\/jh.nl\\\/nl\\\/\",\"logo\":{\"@type\":\"ImageObject\",\"inLanguage\":\"de\",\"@id\":\"https:\\\/\\\/jh.nl\\\/nl\\\/#\\\/schema\\\/logo\\\/image\\\/\",\"url\":\"https:\\\/\\\/jh.nl\\\/wp-content\\\/uploads\\\/2022\\\/05\\\/JH-logo-scaled.gif\",\"contentUrl\":\"https:\\\/\\\/jh.nl\\\/wp-content\\\/uploads\\\/2022\\\/05\\\/JH-logo-scaled.gif\",\"width\":2560,\"height\":429,\"caption\":\"Jansen & Heuning\"},\"image\":{\"@id\":\"https:\\\/\\\/jh.nl\\\/nl\\\/#\\\/schema\\\/logo\\\/image\\\/\"},\"sameAs\":[\"https:\\\/\\\/www.facebook.com\\\/JansenHeuning\",\"https:\\\/\\\/www.youtube.com\\\/user\\\/JansenenHeuning\\\/featured\",\"https:\\\/\\\/www.linkedin.com\\\/company\\\/1768497\\\/\"]}]}<\/script>\n<!-- \/ Yoast SEO plugin. -->","yoast_head_json":{"title":"Ketten Und Kettenr\u00e4der F\u00fcr Kettenf\u00f6rderer | Jansen&Heuning","description":"Ketten und Kettenr\u00e4der f\u00fcr Kettenf\u00f6rderer. Direkt ab Lager lieferbar oder kurzfristig verf\u00fcgbar. F\u00fcr zuverl\u00e4ssigen Einsatz im Sch\u00fcttguthandling.","robots":{"index":"index","follow":"follow","max-snippet":"max-snippet:-1","max-image-preview":"max-image-preview:large","max-video-preview":"max-video-preview:-1"},"canonical":"https:\/\/jh.nl\/de\/product\/ketten-und-kettenraeder-fuer-kettenfoerderer\/","og_locale":"de_DE","og_type":"article","og_title":"Ketten Und Kettenr\u00e4der F\u00fcr Kettenf\u00f6rderer | Jansen&Heuning","og_description":"Ketten und Kettenr\u00e4der f\u00fcr Kettenf\u00f6rderer. Direkt ab Lager lieferbar oder kurzfristig verf\u00fcgbar. F\u00fcr zuverl\u00e4ssigen Einsatz im Sch\u00fcttguthandling.","og_url":"https:\/\/jh.nl\/de\/product\/ketten-und-kettenraeder-fuer-kettenfoerderer\/","og_site_name":"Jansen&amp;Heuning","article_publisher":"https:\/\/www.facebook.com\/JansenHeuning","article_modified_time":"2026-04-13T12:09:33+00:00","og_image":[{"width":630,"height":469,"url":"https:\/\/jh.nl\/wp-content\/uploads\/2026\/04\/kettingen.png","type":"image\/png"}],"twitter_card":"summary_large_image","twitter_misc":{"Gesch\u00e4tzte Lesezeit":"2\u00a0Minuten"},"schema":{"@context":"https:\/\/schema.org","@graph":[{"@type":"WebPage","@id":"https:\/\/jh.nl\/de\/product\/ketten-und-kettenraeder-fuer-kettenfoerderer\/","url":"https:\/\/jh.nl\/de\/product\/ketten-und-kettenraeder-fuer-kettenfoerderer\/","name":"Ketten Und Kettenr\u00e4der F\u00fcr Kettenf\u00f6rderer | Jansen&Heuning","isPartOf":{"@id":"https:\/\/jh.nl\/nl\/#website"},"primaryImageOfPage":{"@id":"https:\/\/jh.nl\/de\/product\/ketten-und-kettenraeder-fuer-kettenfoerderer\/#primaryimage"},"image":{"@id":"https:\/\/jh.nl\/de\/product\/ketten-und-kettenraeder-fuer-kettenfoerderer\/#primaryimage"},"thumbnailUrl":"https:\/\/jh.nl\/wp-content\/uploads\/2026\/04\/kettingen.png","datePublished":"2026-04-13T12:09:32+00:00","dateModified":"2026-04-13T12:09:33+00:00","description":"Ketten und Kettenr\u00e4der f\u00fcr Kettenf\u00f6rderer. Direkt ab Lager lieferbar oder kurzfristig verf\u00fcgbar. F\u00fcr zuverl\u00e4ssigen Einsatz im Sch\u00fcttguthandling.","breadcrumb":{"@id":"https:\/\/jh.nl\/de\/product\/ketten-und-kettenraeder-fuer-kettenfoerderer\/#breadcrumb"},"inLanguage":"de","potentialAction":[{"@type":"ReadAction","target":["https:\/\/jh.nl\/de\/product\/ketten-und-kettenraeder-fuer-kettenfoerderer\/"]}]},{"@type":"ImageObject","inLanguage":"de","@id":"https:\/\/jh.nl\/de\/product\/ketten-und-kettenraeder-fuer-kettenfoerderer\/#primaryimage","url":"https:\/\/jh.nl\/wp-content\/uploads\/2026\/04\/kettingen.png","contentUrl":"https:\/\/jh.nl\/wp-content\/uploads\/2026\/04\/kettingen.png","width":630,"height":469,"caption":"ketting kettingtransporteur"},{"@type":"BreadcrumbList","@id":"https:\/\/jh.nl\/de\/product\/ketten-und-kettenraeder-fuer-kettenfoerderer\/#breadcrumb","itemListElement":[{"@type":"ListItem","position":1,"name":"Home","item":"https:\/\/jh.nl\/de\/"},{"@type":"ListItem","position":2,"name":"Producten","item":"https:\/\/jh.nl\/nl\/producten\/"},{"@type":"ListItem","position":3,"name":"Technik, Services und mehr","item":"https:\/\/jh.nl\/de\/produkt-kategorie\/technik-services\/"},{"@type":"ListItem","position":4,"name":"Komponenten","item":"https:\/\/jh.nl\/de\/produkt-kategorie\/technik-services\/komponenten\/"},{"@type":"ListItem","position":5,"name":"Ketten und Kettenr\u00e4der f\u00fcr Kettenf\u00f6rderer"}]},{"@type":"WebSite","@id":"https:\/\/jh.nl\/nl\/#website","url":"https:\/\/jh.nl\/nl\/","name":"Jansen & Heuning","description":"Bulk Handling Systems","publisher":{"@id":"https:\/\/jh.nl\/nl\/#organization"},"alternateName":"J&H","potentialAction":[{"@type":"SearchAction","target":{"@type":"EntryPoint","urlTemplate":"https:\/\/jh.nl\/nl\/?s={search_term_string}"},"query-input":{"@type":"PropertyValueSpecification","valueRequired":true,"valueName":"search_term_string"}}],"inLanguage":"de"},{"@type":"Organization","@id":"https:\/\/jh.nl\/nl\/#organization","name":"Jansen & Heuning","alternateName":"J&H","url":"https:\/\/jh.nl\/nl\/","logo":{"@type":"ImageObject","inLanguage":"de","@id":"https:\/\/jh.nl\/nl\/#\/schema\/logo\/image\/","url":"https:\/\/jh.nl\/wp-content\/uploads\/2022\/05\/JH-logo-scaled.gif","contentUrl":"https:\/\/jh.nl\/wp-content\/uploads\/2022\/05\/JH-logo-scaled.gif","width":2560,"height":429,"caption":"Jansen & Heuning"},"image":{"@id":"https:\/\/jh.nl\/nl\/#\/schema\/logo\/image\/"},"sameAs":["https:\/\/www.facebook.com\/JansenHeuning","https:\/\/www.youtube.com\/user\/JansenenHeuning\/featured","https:\/\/www.linkedin.com\/company\/1768497\/"]}]}},"_links":{"self":[{"href":"https:\/\/jh.nl\/de\/wp-json\/wp\/v2\/product\/28073","targetHints":{"allow":["GET"]}}],"collection":[{"href":"https:\/\/jh.nl\/de\/wp-json\/wp\/v2\/product"}],"about":[{"href":"https:\/\/jh.nl\/de\/wp-json\/wp\/v2\/types\/product"}],"replies":[{"embeddable":true,"href":"https:\/\/jh.nl\/de\/wp-json\/wp\/v2\/comments?post=28073"}],"wp:featuredmedia":[{"embeddable":true,"href":"https:\/\/jh.nl\/de\/wp-json\/wp\/v2\/media\/28070"}],"wp:attachment":[{"href":"https:\/\/jh.nl\/de\/wp-json\/wp\/v2\/media?parent=28073"}],"wp:term":[{"taxonomy":"product_brand","embeddable":true,"href":"https:\/\/jh.nl\/de\/wp-json\/wp\/v2\/product_brand?post=28073"},{"taxonomy":"product_cat","embeddable":true,"href":"https:\/\/jh.nl\/de\/wp-json\/wp\/v2\/product_cat?post=28073"},{"taxonomy":"product_tag","embeddable":true,"href":"https:\/\/jh.nl\/de\/wp-json\/wp\/v2\/product_tag?post=28073"}],"curies":[{"name":"wp","href":"https:\/\/api.w.org\/{rel}","templated":true}]}}