{"id":28097,"date":"2026-04-13T15:56:56","date_gmt":"2026-04-13T13:56:56","guid":{"rendered":"https:\/\/jh.nl\/?post_type=product&#038;p=28097"},"modified":"2026-04-13T15:56:56","modified_gmt":"2026-04-13T13:56:56","slug":"z-foermiger-kettenfoerderer","status":"publish","type":"product","link":"https:\/\/jh.nl\/de\/product\/z-foermiger-kettenfoerderer\/","title":{"rendered":"Z-f\u00f6rmiger Kettenf\u00f6rderer"},"content":{"rendered":"<p data-start=\"44\" data-end=\"353\">Der k\u00fcrzeste Weg ist geradeaus, jedoch ist dies nicht immer m\u00f6glich. In bestimmten Anlagenkonfigurationen ist ein Z-f\u00f6rmiger (oft auch als S-f\u00f6rmig bezeichnet) oder C-f\u00f6rmiger F\u00f6rderer eine geeignete L\u00f6sung. Mit nur einem F\u00f6rderer kann dasselbe Ziel erreicht werden wie mit drei oder mehr separaten F\u00f6rderern.<\/p>\n<p data-start=\"378\" data-end=\"540\">Jansen&amp;Heuning verf\u00fcgt \u00fcber langj\u00e4hrige Erfahrung mit diesen Anlagen, die sich in der Praxis durch zuverl\u00e4ssigen Betrieb und geringen Wartungsaufwand auszeichnen.<\/p>\n<p data-start=\"542\" data-end=\"657\"><strong data-start=\"542\" data-end=\"581\">Anwendung Z-f\u00f6rmiger Kettenf\u00f6rderer<\/strong><\/p>\n<p data-start=\"542\" data-end=\"657\">Wenn Produkte nicht kleben, sind sie f\u00fcr einen S-Kettenf\u00f6rderer geeignet.<\/p>\n<ul>\n<li data-start=\"659\" data-end=\"708\">Produkte, die problemlos gef\u00f6rdert werden k\u00f6nnen:<br \/>\n\u2013 <strong data-start=\"712\" data-end=\"726\">Granulate:<\/strong> alle Getreidearten, Futtermittel, Zement, Biomasse, Kalk, Schwefel, Kakaobohnen, Kaffeebohnen, Zucker, Salz, N\u00fcsse, Erdn\u00fcsse, Mandeln, etc.<br \/>\n\u2013 <strong data-start=\"871\" data-end=\"882\">Pulver:<\/strong> Mehl, Feinmehl, Grie\u00df, St\u00e4rke, Milchpulver, Kakaopulver, getrocknetes Gem\u00fcse, Bentonit, Flugasche, Steinmehl, etc.<\/li>\n<li data-start=\"1001\" data-end=\"1153\">Eingesetzt in <strong>Branchen<\/strong> wie Agrarindustrie, Chemie, Lebensmittel, Lebensmittelzutaten, Mineralien, Baustoffe, Biomasse, Recycling und Wasseraufbereitung.<\/li>\n<li data-start=\"1155\" data-end=\"1405\">S-Kettenf\u00f6rderer sind f\u00fcr <strong>Z<\/strong>&#8211; oder <strong>C-f\u00f6rmige<\/strong> Konfigurationen ausgelegt.<\/li>\n<li data-start=\"1155\" data-end=\"1405\">Mehrere volumetrisch dosierende Einl\u00e4ufe und Ausl\u00e4ufe, mit oder ohne Schieber, k\u00f6nnen frei positioniert werden, beispielsweise zum Bef\u00fcllen oder Entleeren einer Reihe von Silos.<\/li>\n<\/ul>\n<h2 data-start=\"1407\" data-end=\"1452\"><strong data-start=\"1407\" data-end=\"1452\">Spezifikationen Z-f\u00f6rmiger Kettenf\u00f6rderer<\/strong><\/h2>\n<ul data-start=\"1454\" data-end=\"1736\">\n<li data-section-id=\"1rkd30d\" data-start=\"1454\" data-end=\"1492\"><strong>Kapazit\u00e4t<\/strong> von 30 m\u00b3\/h bis 500 m\u00b3\/h<\/li>\n<li data-section-id=\"142a4ww\" data-start=\"1493\" data-end=\"1540\">Doppelter Trog f\u00fcr F\u00f6rder- und R\u00fccklaufteil<\/li>\n<li data-section-id=\"faedjd\" data-start=\"1541\" data-end=\"1577\">Kunststoffauskleidung des Troges<\/li>\n<li data-section-id=\"q1fbsn\" data-start=\"1578\" data-end=\"1623\">Stahlkette mit hochfesten Stahlmitnehmern<\/li>\n<li data-section-id=\"1xdpca8\" data-start=\"1624\" data-end=\"1736\">Abstreifleisten zur Selbstreinigung des Troges, wodurch Produktr\u00fcckst\u00e4nde und Kontamination vermieden werden<\/li>\n<\/ul>\n<h2 data-start=\"1738\" data-end=\"1767\"><strong data-start=\"1738\" data-end=\"1767\">Vorteile Z-Kettenf\u00f6rderer<\/strong><\/h2>\n<ul data-start=\"1769\" data-end=\"2435\">\n<li data-section-id=\"1rsrufc\" data-start=\"1769\" data-end=\"1825\">Vollst\u00e4ndig <strong>geschlossen<\/strong>, daher staubdicht und sicher<\/li>\n<li data-section-id=\"cfr114\" data-start=\"1826\" data-end=\"1894\">Mit einem kleinen Punktfilter einfach unter Unterdruck zu halten<\/li>\n<li data-section-id=\"12s9kwu\" data-start=\"1895\" data-end=\"1929\">Geeignet f\u00fcr <strong>hohe Temperaturen<\/strong><\/li>\n<li data-section-id=\"5jtrs2\" data-start=\"1930\" data-end=\"1972\">Keine Kontamination bei Produktwechsel<\/li>\n<li data-section-id=\"zfpd7k\" data-start=\"1973\" data-end=\"2017\">Energieeffizienter als <strong><a href=\"https:\/\/jh.nl\/de\/produkt-kategorie\/schneckenfoerderer\/\">Schneckenf\u00f6rderer<\/a><\/strong><\/li>\n<li data-section-id=\"5e2y9q\" data-start=\"2018\" data-end=\"2100\">Lange Lebensdauer, sofern die Kettengeschwindigkeit nicht zu hoch gew\u00e4hlt wird<\/li>\n<li data-section-id=\"oe37uq\" data-start=\"2101\" data-end=\"2165\">Volumetrisch <strong>dosierende<\/strong> Einl\u00e4ufe an allen Positionen m\u00f6glich<\/li>\n<li data-section-id=\"11wdzth\" data-start=\"2166\" data-end=\"2229\">Ausl\u00e4ufe mit oder ohne Schieber an allen Positionen m\u00f6glich<\/li>\n<li data-section-id=\"p6acns\" data-start=\"2230\" data-end=\"2272\">Geringer und einfacher Wartungsaufwand<\/li>\n<li data-section-id=\"m3oyko\" data-start=\"2273\" data-end=\"2331\">Kettenspannung einfach an der Spannstation einstellbar<\/li>\n<li data-section-id=\"hrbu1h\" data-start=\"2332\" data-end=\"2435\">Aufgrund der niedrigen Geschwindigkeit sind nur wenige <strong>ATEX<\/strong>-Ma\u00dfnahmen erforderlich, sofern relevant<\/li>\n<\/ul>\n<h2 data-start=\"2437\" data-end=\"2489\"><strong data-start=\"2437\" data-end=\"2489\">Ausf\u00fchrungsoptionen und Zubeh\u00f6r Z-Kettenf\u00f6rderer<\/strong><\/h2>\n<p data-start=\"2491\" data-end=\"2551\">Z-Kettenf\u00f6rderer sind in zahlreichen Ausf\u00fchrungen lieferbar:<\/p>\n<ul data-start=\"2553\" data-end=\"3016\" data-is-last-node=\"\" data-is-only-node=\"\">\n<li data-section-id=\"10sgy0j\" data-start=\"2553\" data-end=\"2659\">Alle m\u00f6glichen Materialien f\u00fcr Trog und Kette (Stahl, Edelstahl, hitzebest\u00e4ndig, verschlei\u00dffest, etc.)<\/li>\n<li data-section-id=\"18nlj1v\" data-start=\"2660\" data-end=\"2728\">Kontrollierte Kapazit\u00e4t mit einstellbarer Schichth\u00f6he am Einlauf<\/li>\n<li data-section-id=\"3irojv\" data-start=\"2729\" data-end=\"2845\">Ausl\u00e4ufe: offen, mit elektro-pneumatischem, elektrischem oder manuellem Schieber<br data-start=\"2811\" data-end=\"2814\" \/>\u2013 Schieber mit Auffangwanne<\/li>\n<li data-section-id=\"1psyw5d\" data-start=\"2846\" data-end=\"2914\">\u00dcberlaufklappe mit <strong>Sensor<\/strong> bei voller oder verstopfter Austragung<\/li>\n<li data-section-id=\"1nr53ob\" data-start=\"2915\" data-end=\"2985\"><strong>Drehzahlw\u00e4chter<\/strong> zur Erkennung von Kettenbruch oder Antriebsausfall<\/li>\n<li data-section-id=\"58las7\" data-start=\"2986\" data-end=\"3016\" data-is-last-node=\"\">Innen- oder Au\u00dfenaufstellung<\/li>\n<\/ul>\n<article class=\"text-token-text-primary w-full\" dir=\"auto\" data-testid=\"conversation-turn-151\" data-scroll-anchor=\"true\">\n<div class=\"text-base my-auto mx-auto pb-10 [--thread-content-margin:--spacing(4)] @[37rem]:[--thread-content-margin:--spacing(6)] @[72rem]:[--thread-content-margin:--spacing(16)] px-(--thread-content-margin)\">\n<div class=\"[--thread-content-max-width:32rem] @[34rem]:[--thread-content-max-width:40rem] @[64rem]:[--thread-content-max-width:48rem] mx-auto flex max-w-(--thread-content-max-width) flex-1 text-base gap-4 md:gap-5 lg:gap-6 group\/turn-messages focus-visible:outline-hidden\" tabindex=\"-1\">\n<div class=\"group\/conversation-turn relative flex w-full min-w-0 flex-col agent-turn\">\n<div class=\"relative flex-col gap-1 md:gap-3\">\n<div class=\"flex max-w-full flex-col grow\">\n<div class=\"min-h-8 text-message relative flex w-full flex-col items-end gap-2 text-start break-words whitespace-normal [.text-message+&amp;]:mt-5\" dir=\"auto\" data-message-author-role=\"assistant\" data-message-id=\"8a2d64dd-5050-49f0-87be-ef839967f4a4\" data-message-model-slug=\"gpt-4o\">\n<div class=\"flex w-full flex-col gap-1 empty:hidden first:pt-[3px]\">\n<div class=\"markdown prose dark:prose-invert w-full break-words light\">\n<h3 data-start=\"1350\" data-end=\"1461\"><strong data-start=\"1350\" data-end=\"1361\">Kontakt<\/strong><\/h3>\n<p data-start=\"1350\" data-end=\"1461\">\u00fcr weitere Informationen oder ein individuelles Angebot wenden Sie sich bitte an Jansen&amp;Heuning.<\/p>\n<\/div>\n<\/div>\n<\/div>\n<\/div>\n<\/div>\n<\/div>\n<\/div>\n<\/div>\n<\/article>\n<ul>\n<li>Telefon:\u00a0<a href=\"callto:+31503126448\">+31(0)50 3126 448<\/a><\/li>\n<li>E-mail:\u00a0<a href=\"mailto:sales@jh.nl\">sales@jh.nl<\/a>\u200b<\/li>\n<li>Kontaktformular:\u00a0<a href=\"https:\/\/jh.nl\/de\/contact\/\">jh.de\/contact\/<\/a><\/li>\n<\/ul>\n","protected":false},"excerpt":{"rendered":"<p>Der k\u00fcrzeste Weg ist geradeaus, jedoch ist dies nicht immer&#8230;<\/p>\n","protected":false},"featured_media":28093,"comment_status":"open","ping_status":"closed","template":"","meta":{"_acf_changed":false},"product_brand":[],"product_cat":[340],"product_tag":[],"class_list":{"0":"post-28097","1":"product","2":"type-product","3":"status-publish","4":"has-post-thumbnail","6":"product_cat-kettenfoerderer","8":"first","9":"instock","10":"taxable","11":"shipping-taxable","12":"product-type-simple"},"acf":[],"yoast_head":"<!-- This site is optimized with the Yoast SEO plugin v27.4 - https:\/\/yoast.com\/product\/yoast-seo-wordpress\/ -->\n<title>Z-Kettenf\u00f6rderer F\u00fcr Sch\u00fcttg\u00fcter | Jansen&amp;Heuning<\/title>\n<meta name=\"description\" content=\"Z-Kettenf\u00f6rderer f\u00fcr Sch\u00fcttg\u00fcter. Effizienter Transport in Z- oder C-Form mit geringer Wartung und staubdichter Ausf\u00fchrung.\" \/>\n<meta name=\"robots\" content=\"index, follow, max-snippet:-1, max-image-preview:large, max-video-preview:-1\" \/>\n<link rel=\"canonical\" href=\"https:\/\/jh.nl\/de\/product\/z-foermiger-kettenfoerderer\/\" \/>\n<meta property=\"og:locale\" content=\"de_DE\" \/>\n<meta property=\"og:type\" content=\"article\" \/>\n<meta property=\"og:title\" content=\"Z-Kettenf\u00f6rderer F\u00fcr Sch\u00fcttg\u00fcter | Jansen&amp;Heuning\" \/>\n<meta property=\"og:description\" content=\"Z-Kettenf\u00f6rderer f\u00fcr Sch\u00fcttg\u00fcter. Effizienter Transport in Z- oder C-Form mit geringer Wartung und staubdichter Ausf\u00fchrung.\" \/>\n<meta property=\"og:url\" content=\"https:\/\/jh.nl\/de\/product\/z-foermiger-kettenfoerderer\/\" \/>\n<meta property=\"og:site_name\" content=\"Jansen&amp;Heuning\" \/>\n<meta property=\"article:publisher\" content=\"https:\/\/www.facebook.com\/JansenHeuning\" \/>\n<meta property=\"og:image\" content=\"https:\/\/jh.nl\/wp-content\/uploads\/2026\/04\/20231112_160750-scaled.jpg\" \/>\n\t<meta property=\"og:image:width\" content=\"1920\" \/>\n\t<meta property=\"og:image:height\" content=\"2560\" \/>\n\t<meta property=\"og:image:type\" content=\"image\/jpeg\" \/>\n<meta name=\"twitter:card\" content=\"summary_large_image\" \/>\n<meta name=\"twitter:label1\" content=\"Gesch\u00e4tzte Lesezeit\" \/>\n\t<meta name=\"twitter:data1\" content=\"3\u00a0Minuten\" \/>\n<script type=\"application\/ld+json\" class=\"yoast-schema-graph\">{\"@context\":\"https:\\\/\\\/schema.org\",\"@graph\":[{\"@type\":\"WebPage\",\"@id\":\"https:\\\/\\\/jh.nl\\\/de\\\/product\\\/z-foermiger-kettenfoerderer\\\/\",\"url\":\"https:\\\/\\\/jh.nl\\\/de\\\/product\\\/z-foermiger-kettenfoerderer\\\/\",\"name\":\"Z-Kettenf\u00f6rderer F\u00fcr Sch\u00fcttg\u00fcter | Jansen&Heuning\",\"isPartOf\":{\"@id\":\"https:\\\/\\\/jh.nl\\\/nl\\\/#website\"},\"primaryImageOfPage\":{\"@id\":\"https:\\\/\\\/jh.nl\\\/de\\\/product\\\/z-foermiger-kettenfoerderer\\\/#primaryimage\"},\"image\":{\"@id\":\"https:\\\/\\\/jh.nl\\\/de\\\/product\\\/z-foermiger-kettenfoerderer\\\/#primaryimage\"},\"thumbnailUrl\":\"https:\\\/\\\/jh.nl\\\/wp-content\\\/uploads\\\/2026\\\/04\\\/20231112_160750-scaled.jpg\",\"datePublished\":\"2026-04-13T13:56:56+00:00\",\"description\":\"Z-Kettenf\u00f6rderer f\u00fcr Sch\u00fcttg\u00fcter. Effizienter Transport in Z- oder C-Form mit geringer Wartung und staubdichter Ausf\u00fchrung.\",\"breadcrumb\":{\"@id\":\"https:\\\/\\\/jh.nl\\\/de\\\/product\\\/z-foermiger-kettenfoerderer\\\/#breadcrumb\"},\"inLanguage\":\"de\",\"potentialAction\":[{\"@type\":\"ReadAction\",\"target\":[\"https:\\\/\\\/jh.nl\\\/de\\\/product\\\/z-foermiger-kettenfoerderer\\\/\"]}]},{\"@type\":\"ImageObject\",\"inLanguage\":\"de\",\"@id\":\"https:\\\/\\\/jh.nl\\\/de\\\/product\\\/z-foermiger-kettenfoerderer\\\/#primaryimage\",\"url\":\"https:\\\/\\\/jh.nl\\\/wp-content\\\/uploads\\\/2026\\\/04\\\/20231112_160750-scaled.jpg\",\"contentUrl\":\"https:\\\/\\\/jh.nl\\\/wp-content\\\/uploads\\\/2026\\\/04\\\/20231112_160750-scaled.jpg\",\"width\":1920,\"height\":2560,\"caption\":\"Z-vorm kettingtransporteur voor stofdicht transport van bulkgoed\"},{\"@type\":\"BreadcrumbList\",\"@id\":\"https:\\\/\\\/jh.nl\\\/de\\\/product\\\/z-foermiger-kettenfoerderer\\\/#breadcrumb\",\"itemListElement\":[{\"@type\":\"ListItem\",\"position\":1,\"name\":\"Home\",\"item\":\"https:\\\/\\\/jh.nl\\\/de\\\/\"},{\"@type\":\"ListItem\",\"position\":2,\"name\":\"Producten\",\"item\":\"https:\\\/\\\/jh.nl\\\/nl\\\/producten\\\/\"},{\"@type\":\"ListItem\",\"position\":3,\"name\":\"Kettingtransporteurs\",\"item\":\"https:\\\/\\\/jh.nl\\\/nl\\\/product-categorie\\\/kettingtransporteur\\\/\"},{\"@type\":\"ListItem\",\"position\":4,\"name\":\"Z-f\u00f6rmiger Kettenf\u00f6rderer\"}]},{\"@type\":\"WebSite\",\"@id\":\"https:\\\/\\\/jh.nl\\\/nl\\\/#website\",\"url\":\"https:\\\/\\\/jh.nl\\\/nl\\\/\",\"name\":\"Jansen & Heuning\",\"description\":\"Bulk Handling Systems\",\"publisher\":{\"@id\":\"https:\\\/\\\/jh.nl\\\/nl\\\/#organization\"},\"alternateName\":\"J&H\",\"potentialAction\":[{\"@type\":\"SearchAction\",\"target\":{\"@type\":\"EntryPoint\",\"urlTemplate\":\"https:\\\/\\\/jh.nl\\\/nl\\\/?s={search_term_string}\"},\"query-input\":{\"@type\":\"PropertyValueSpecification\",\"valueRequired\":true,\"valueName\":\"search_term_string\"}}],\"inLanguage\":\"de\"},{\"@type\":\"Organization\",\"@id\":\"https:\\\/\\\/jh.nl\\\/nl\\\/#organization\",\"name\":\"Jansen & Heuning\",\"alternateName\":\"J&H\",\"url\":\"https:\\\/\\\/jh.nl\\\/nl\\\/\",\"logo\":{\"@type\":\"ImageObject\",\"inLanguage\":\"de\",\"@id\":\"https:\\\/\\\/jh.nl\\\/nl\\\/#\\\/schema\\\/logo\\\/image\\\/\",\"url\":\"https:\\\/\\\/jh.nl\\\/wp-content\\\/uploads\\\/2022\\\/05\\\/JH-logo-scaled.gif\",\"contentUrl\":\"https:\\\/\\\/jh.nl\\\/wp-content\\\/uploads\\\/2022\\\/05\\\/JH-logo-scaled.gif\",\"width\":2560,\"height\":429,\"caption\":\"Jansen & Heuning\"},\"image\":{\"@id\":\"https:\\\/\\\/jh.nl\\\/nl\\\/#\\\/schema\\\/logo\\\/image\\\/\"},\"sameAs\":[\"https:\\\/\\\/www.facebook.com\\\/JansenHeuning\",\"https:\\\/\\\/www.youtube.com\\\/user\\\/JansenenHeuning\\\/featured\",\"https:\\\/\\\/www.linkedin.com\\\/company\\\/1768497\\\/\"]}]}<\/script>\n<!-- \/ Yoast SEO plugin. -->","yoast_head_json":{"title":"Z-Kettenf\u00f6rderer F\u00fcr Sch\u00fcttg\u00fcter | Jansen&Heuning","description":"Z-Kettenf\u00f6rderer f\u00fcr Sch\u00fcttg\u00fcter. Effizienter Transport in Z- oder C-Form mit geringer Wartung und staubdichter Ausf\u00fchrung.","robots":{"index":"index","follow":"follow","max-snippet":"max-snippet:-1","max-image-preview":"max-image-preview:large","max-video-preview":"max-video-preview:-1"},"canonical":"https:\/\/jh.nl\/de\/product\/z-foermiger-kettenfoerderer\/","og_locale":"de_DE","og_type":"article","og_title":"Z-Kettenf\u00f6rderer F\u00fcr Sch\u00fcttg\u00fcter | Jansen&Heuning","og_description":"Z-Kettenf\u00f6rderer f\u00fcr Sch\u00fcttg\u00fcter. Effizienter Transport in Z- oder C-Form mit geringer Wartung und staubdichter Ausf\u00fchrung.","og_url":"https:\/\/jh.nl\/de\/product\/z-foermiger-kettenfoerderer\/","og_site_name":"Jansen&amp;Heuning","article_publisher":"https:\/\/www.facebook.com\/JansenHeuning","og_image":[{"width":1920,"height":2560,"url":"https:\/\/jh.nl\/wp-content\/uploads\/2026\/04\/20231112_160750-scaled.jpg","type":"image\/jpeg"}],"twitter_card":"summary_large_image","twitter_misc":{"Gesch\u00e4tzte Lesezeit":"3\u00a0Minuten"},"schema":{"@context":"https:\/\/schema.org","@graph":[{"@type":"WebPage","@id":"https:\/\/jh.nl\/de\/product\/z-foermiger-kettenfoerderer\/","url":"https:\/\/jh.nl\/de\/product\/z-foermiger-kettenfoerderer\/","name":"Z-Kettenf\u00f6rderer F\u00fcr Sch\u00fcttg\u00fcter | Jansen&Heuning","isPartOf":{"@id":"https:\/\/jh.nl\/nl\/#website"},"primaryImageOfPage":{"@id":"https:\/\/jh.nl\/de\/product\/z-foermiger-kettenfoerderer\/#primaryimage"},"image":{"@id":"https:\/\/jh.nl\/de\/product\/z-foermiger-kettenfoerderer\/#primaryimage"},"thumbnailUrl":"https:\/\/jh.nl\/wp-content\/uploads\/2026\/04\/20231112_160750-scaled.jpg","datePublished":"2026-04-13T13:56:56+00:00","description":"Z-Kettenf\u00f6rderer f\u00fcr Sch\u00fcttg\u00fcter. Effizienter Transport in Z- oder C-Form mit geringer Wartung und staubdichter Ausf\u00fchrung.","breadcrumb":{"@id":"https:\/\/jh.nl\/de\/product\/z-foermiger-kettenfoerderer\/#breadcrumb"},"inLanguage":"de","potentialAction":[{"@type":"ReadAction","target":["https:\/\/jh.nl\/de\/product\/z-foermiger-kettenfoerderer\/"]}]},{"@type":"ImageObject","inLanguage":"de","@id":"https:\/\/jh.nl\/de\/product\/z-foermiger-kettenfoerderer\/#primaryimage","url":"https:\/\/jh.nl\/wp-content\/uploads\/2026\/04\/20231112_160750-scaled.jpg","contentUrl":"https:\/\/jh.nl\/wp-content\/uploads\/2026\/04\/20231112_160750-scaled.jpg","width":1920,"height":2560,"caption":"Z-vorm kettingtransporteur voor stofdicht transport van bulkgoed"},{"@type":"BreadcrumbList","@id":"https:\/\/jh.nl\/de\/product\/z-foermiger-kettenfoerderer\/#breadcrumb","itemListElement":[{"@type":"ListItem","position":1,"name":"Home","item":"https:\/\/jh.nl\/de\/"},{"@type":"ListItem","position":2,"name":"Producten","item":"https:\/\/jh.nl\/nl\/producten\/"},{"@type":"ListItem","position":3,"name":"Kettingtransporteurs","item":"https:\/\/jh.nl\/nl\/product-categorie\/kettingtransporteur\/"},{"@type":"ListItem","position":4,"name":"Z-f\u00f6rmiger Kettenf\u00f6rderer"}]},{"@type":"WebSite","@id":"https:\/\/jh.nl\/nl\/#website","url":"https:\/\/jh.nl\/nl\/","name":"Jansen & Heuning","description":"Bulk Handling Systems","publisher":{"@id":"https:\/\/jh.nl\/nl\/#organization"},"alternateName":"J&H","potentialAction":[{"@type":"SearchAction","target":{"@type":"EntryPoint","urlTemplate":"https:\/\/jh.nl\/nl\/?s={search_term_string}"},"query-input":{"@type":"PropertyValueSpecification","valueRequired":true,"valueName":"search_term_string"}}],"inLanguage":"de"},{"@type":"Organization","@id":"https:\/\/jh.nl\/nl\/#organization","name":"Jansen & Heuning","alternateName":"J&H","url":"https:\/\/jh.nl\/nl\/","logo":{"@type":"ImageObject","inLanguage":"de","@id":"https:\/\/jh.nl\/nl\/#\/schema\/logo\/image\/","url":"https:\/\/jh.nl\/wp-content\/uploads\/2022\/05\/JH-logo-scaled.gif","contentUrl":"https:\/\/jh.nl\/wp-content\/uploads\/2022\/05\/JH-logo-scaled.gif","width":2560,"height":429,"caption":"Jansen & Heuning"},"image":{"@id":"https:\/\/jh.nl\/nl\/#\/schema\/logo\/image\/"},"sameAs":["https:\/\/www.facebook.com\/JansenHeuning","https:\/\/www.youtube.com\/user\/JansenenHeuning\/featured","https:\/\/www.linkedin.com\/company\/1768497\/"]}]}},"_links":{"self":[{"href":"https:\/\/jh.nl\/de\/wp-json\/wp\/v2\/product\/28097","targetHints":{"allow":["GET"]}}],"collection":[{"href":"https:\/\/jh.nl\/de\/wp-json\/wp\/v2\/product"}],"about":[{"href":"https:\/\/jh.nl\/de\/wp-json\/wp\/v2\/types\/product"}],"replies":[{"embeddable":true,"href":"https:\/\/jh.nl\/de\/wp-json\/wp\/v2\/comments?post=28097"}],"wp:featuredmedia":[{"embeddable":true,"href":"https:\/\/jh.nl\/de\/wp-json\/wp\/v2\/media\/28093"}],"wp:attachment":[{"href":"https:\/\/jh.nl\/de\/wp-json\/wp\/v2\/media?parent=28097"}],"wp:term":[{"taxonomy":"product_brand","embeddable":true,"href":"https:\/\/jh.nl\/de\/wp-json\/wp\/v2\/product_brand?post=28097"},{"taxonomy":"product_cat","embeddable":true,"href":"https:\/\/jh.nl\/de\/wp-json\/wp\/v2\/product_cat?post=28097"},{"taxonomy":"product_tag","embeddable":true,"href":"https:\/\/jh.nl\/de\/wp-json\/wp\/v2\/product_tag?post=28097"}],"curies":[{"name":"wp","href":"https:\/\/api.w.org\/{rel}","templated":true}]}}