{"id":28122,"date":"2026-04-14T11:56:49","date_gmt":"2026-04-14T09:56:49","guid":{"rendered":"https:\/\/jh.nl\/?post_type=product&#038;p=28122"},"modified":"2026-04-14T12:02:22","modified_gmt":"2026-04-14T10:02:22","slug":"bandfoerderer-abdeckungen","status":"publish","type":"product","link":"https:\/\/jh.nl\/de\/product\/bandfoerderer-abdeckungen\/","title":{"rendered":"Bandf\u00f6rderer Abdeckungen"},"content":{"rendered":"<p data-start=\"144\" data-end=\"554\">Das Produkt auf einem <strong><a href=\"https:\/\/jh.nl\/de\/produkt-kategorie\/gurtfoerderer\/\">Gurtf\u00f6rderer<\/a> <\/strong>muss insbesondere bei einer Au\u00dfenaufstellung vor Regen und Verunreinigungen gesch\u00fctzt werden. Jansen&amp;Heuning liefert daf\u00fcr eine Reihe pragmatischer L\u00f6sungen. Auf dem F\u00f6rderbandrahmen wird eine abnehmbare Abdeckung aus gewelltem Aluminium oder verzinktem Stahl montiert. Dadurch wird gleichzeitig die Oberseite des <strong><a href=\"https:\/\/jh.nl\/de\/produkt-kategorie\/gurtfoerderer\/\">Gurtf\u00f6rderers<\/a> <\/strong>gem\u00e4\u00df der CE-Maschinenrichtlinie abgeschirmt.<\/p>\n<h2 data-start=\"144\" data-end=\"554\"><strong data-start=\"178\" data-end=\"216\">Anwendung Bandf\u00f6rderer Abdeckungen<\/strong><\/h2>\n<p>Bandf\u00f6rderer Abdeckungen sind erforderlich oder empfehlenswert bei:<\/p>\n<ul>\n<li>Au\u00dfenaufstellung als Schutz vor Regenwasser und Wind<\/li>\n<li>Begrenzung des Staubaustritts in die Umgebung<\/li>\n<li>Abschirmung gegen Verunreinigungen (wie Vogelkot)<\/li>\n<\/ul>\n<h2 data-start=\"760\" data-end=\"1203\"><strong data-start=\"760\" data-end=\"804\">Spezifikationen Bandf\u00f6rderer Abdeckungen<\/strong><\/h2>\n<ul>\n<li data-start=\"760\" data-end=\"1203\">Aluminium<br \/>\n&#8211; Verzinkter Stahl<br \/>\n&#8211; Beschichteter Stahl<br \/>\n&#8211; Edelstahl 304<br \/>\n&#8211; Edelstahl 316<br \/>\n&#8211; Faserverst\u00e4rkter Polyester<\/li>\n<li>Befestigungen mit verschiedenen<\/li>\n<li>M\u00f6glichkeiten von Klemmen und Scharnieren<br \/>\n&#8211; F\u00fcr Bandbreiten von 400 mm bis 2.500 mm<\/li>\n<li data-start=\"760\" data-end=\"1203\">In verschiedenen Formen (rund gebogen, runde Oberseite mit vertikalem Unterteil)<\/li>\n<li data-start=\"760\" data-end=\"1203\">Inspektions\u00f6ffnungen mit Gitter und Klappe<\/li>\n<li data-start=\"760\" data-end=\"1203\">Aussparungen<\/li>\n<\/ul>\n<h2 data-start=\"760\" data-end=\"1203\"><strong data-start=\"1205\" data-end=\"1242\">Vorteile Bandf\u00f6rderer Abdeckungen<\/strong><\/h2>\n<ul>\n<li data-start=\"760\" data-end=\"1203\">Korrosionsbest\u00e4ndig<\/li>\n<li data-start=\"760\" data-end=\"1203\">Keine Alterung oder Verspr\u00f6dung durch UV-Strahlung<\/li>\n<li data-start=\"760\" data-end=\"1203\">Bei Besch\u00e4digung reparierbar<\/li>\n<li data-start=\"760\" data-end=\"1203\">Abschirmung gem\u00e4\u00df CE-Maschinenrichtlinie<\/li>\n<\/ul>\n<h3><b><strong>Kontakt<\/strong><\/b><\/h3>\n<p>F\u00fcr weitere Informationen oder ein ma\u00dfgeschneidertes Angebot wenden Sie sich bitte an Jansen&amp;Heuning.<\/p>\n<ul>\n<li>Telefon:\u00a0<a href=\"callto:+310503126448\"><u>+31(0)50 3126 448<\/u><\/a><\/li>\n<li>E-Mail:\u00a0<a href=\"mailto:sales@jh.nl\"><u>sales@jh.nl<\/u><\/a><\/li>\n<li>Kontaktformular:\u00a0<a href=\"https:\/\/jh.nl\/de\/contact\/\"><u>www.jh.de\/kontakt<\/u><\/a><\/li>\n<\/ul>\n","protected":false},"excerpt":{"rendered":"<p>Das Produkt auf einem Gurtf\u00f6rderer muss insbesondere bei einer Au\u00dfenaufstellung&#8230;<\/p>\n","protected":false},"featured_media":28117,"comment_status":"open","ping_status":"closed","template":"","meta":{"_acf_changed":false},"product_brand":[],"product_cat":[996],"product_tag":[],"class_list":{"0":"post-28122","1":"product","2":"type-product","3":"status-publish","4":"has-post-thumbnail","6":"product_cat-komponenten","8":"first","9":"instock","10":"taxable","11":"shipping-taxable","12":"product-type-simple"},"acf":[],"yoast_head":"<!-- This site is optimized with the Yoast SEO plugin v27.4 - https:\/\/yoast.com\/product\/yoast-seo-wordpress\/ -->\n<title>Bandf\u00f6rderer Abdeckung F\u00fcr Au\u00dfenbereich | Jansen&amp;Heuning<\/title>\n<meta name=\"description\" content=\"Sch\u00fctzen Sie Ihren Bandf\u00f6rderer vor Regen, Staub und Verunreinigungen mit Abdeckungen. Geeignet f\u00fcr Au\u00dfenaufstellung und CE-konforme Abschirmung.\" \/>\n<meta name=\"robots\" content=\"index, follow, max-snippet:-1, max-image-preview:large, max-video-preview:-1\" \/>\n<link rel=\"canonical\" href=\"https:\/\/jh.nl\/de\/product\/bandfoerderer-abdeckungen\/\" \/>\n<meta property=\"og:locale\" content=\"de_DE\" \/>\n<meta property=\"og:type\" content=\"article\" \/>\n<meta property=\"og:title\" content=\"Bandf\u00f6rderer Abdeckung F\u00fcr Au\u00dfenbereich | Jansen&amp;Heuning\" \/>\n<meta property=\"og:description\" content=\"Sch\u00fctzen Sie Ihren Bandf\u00f6rderer vor Regen, Staub und Verunreinigungen mit Abdeckungen. Geeignet f\u00fcr Au\u00dfenaufstellung und CE-konforme Abschirmung.\" \/>\n<meta property=\"og:url\" content=\"https:\/\/jh.nl\/de\/product\/bandfoerderer-abdeckungen\/\" \/>\n<meta property=\"og:site_name\" content=\"Jansen&amp;Heuning\" \/>\n<meta property=\"article:publisher\" content=\"https:\/\/www.facebook.com\/JansenHeuning\" \/>\n<meta property=\"article:modified_time\" content=\"2026-04-14T10:02:22+00:00\" \/>\n<meta property=\"og:image\" content=\"https:\/\/jh.nl\/wp-content\/uploads\/2026\/03\/Opening-of-covers.png\" \/>\n\t<meta property=\"og:image:width\" content=\"745\" \/>\n\t<meta property=\"og:image:height\" content=\"600\" \/>\n\t<meta property=\"og:image:type\" content=\"image\/png\" \/>\n<meta name=\"twitter:card\" content=\"summary_large_image\" \/>\n<meta name=\"twitter:label1\" content=\"Gesch\u00e4tzte Lesezeit\" \/>\n\t<meta name=\"twitter:data1\" content=\"2\u00a0Minuten\" \/>\n<script type=\"application\/ld+json\" class=\"yoast-schema-graph\">{\"@context\":\"https:\\\/\\\/schema.org\",\"@graph\":[{\"@type\":\"WebPage\",\"@id\":\"https:\\\/\\\/jh.nl\\\/de\\\/product\\\/bandfoerderer-abdeckungen\\\/\",\"url\":\"https:\\\/\\\/jh.nl\\\/de\\\/product\\\/bandfoerderer-abdeckungen\\\/\",\"name\":\"Bandf\u00f6rderer Abdeckung F\u00fcr Au\u00dfenbereich | Jansen&Heuning\",\"isPartOf\":{\"@id\":\"https:\\\/\\\/jh.nl\\\/nl\\\/#website\"},\"primaryImageOfPage\":{\"@id\":\"https:\\\/\\\/jh.nl\\\/de\\\/product\\\/bandfoerderer-abdeckungen\\\/#primaryimage\"},\"image\":{\"@id\":\"https:\\\/\\\/jh.nl\\\/de\\\/product\\\/bandfoerderer-abdeckungen\\\/#primaryimage\"},\"thumbnailUrl\":\"https:\\\/\\\/jh.nl\\\/wp-content\\\/uploads\\\/2026\\\/03\\\/Opening-of-covers.png\",\"datePublished\":\"2026-04-14T09:56:49+00:00\",\"dateModified\":\"2026-04-14T10:02:22+00:00\",\"description\":\"Sch\u00fctzen Sie Ihren Bandf\u00f6rderer vor Regen, Staub und Verunreinigungen mit Abdeckungen. Geeignet f\u00fcr Au\u00dfenaufstellung und CE-konforme Abschirmung.\",\"breadcrumb\":{\"@id\":\"https:\\\/\\\/jh.nl\\\/de\\\/product\\\/bandfoerderer-abdeckungen\\\/#breadcrumb\"},\"inLanguage\":\"de\",\"potentialAction\":[{\"@type\":\"ReadAction\",\"target\":[\"https:\\\/\\\/jh.nl\\\/de\\\/product\\\/bandfoerderer-abdeckungen\\\/\"]}]},{\"@type\":\"ImageObject\",\"inLanguage\":\"de\",\"@id\":\"https:\\\/\\\/jh.nl\\\/de\\\/product\\\/bandfoerderer-abdeckungen\\\/#primaryimage\",\"url\":\"https:\\\/\\\/jh.nl\\\/wp-content\\\/uploads\\\/2026\\\/03\\\/Opening-of-covers.png\",\"contentUrl\":\"https:\\\/\\\/jh.nl\\\/wp-content\\\/uploads\\\/2026\\\/03\\\/Opening-of-covers.png\",\"width\":745,\"height\":600,\"caption\":\"bandoverkapping\"},{\"@type\":\"BreadcrumbList\",\"@id\":\"https:\\\/\\\/jh.nl\\\/de\\\/product\\\/bandfoerderer-abdeckungen\\\/#breadcrumb\",\"itemListElement\":[{\"@type\":\"ListItem\",\"position\":1,\"name\":\"Home\",\"item\":\"https:\\\/\\\/jh.nl\\\/de\\\/\"},{\"@type\":\"ListItem\",\"position\":2,\"name\":\"Producten\",\"item\":\"https:\\\/\\\/jh.nl\\\/nl\\\/producten\\\/\"},{\"@type\":\"ListItem\",\"position\":3,\"name\":\"Technik, Services und mehr\",\"item\":\"https:\\\/\\\/jh.nl\\\/de\\\/produkt-kategorie\\\/technik-services\\\/\"},{\"@type\":\"ListItem\",\"position\":4,\"name\":\"Komponenten\",\"item\":\"https:\\\/\\\/jh.nl\\\/de\\\/produkt-kategorie\\\/technik-services\\\/komponenten\\\/\"},{\"@type\":\"ListItem\",\"position\":5,\"name\":\"Bandf\u00f6rderer Abdeckungen\"}]},{\"@type\":\"WebSite\",\"@id\":\"https:\\\/\\\/jh.nl\\\/nl\\\/#website\",\"url\":\"https:\\\/\\\/jh.nl\\\/nl\\\/\",\"name\":\"Jansen & Heuning\",\"description\":\"Bulk Handling Systems\",\"publisher\":{\"@id\":\"https:\\\/\\\/jh.nl\\\/nl\\\/#organization\"},\"alternateName\":\"J&H\",\"potentialAction\":[{\"@type\":\"SearchAction\",\"target\":{\"@type\":\"EntryPoint\",\"urlTemplate\":\"https:\\\/\\\/jh.nl\\\/nl\\\/?s={search_term_string}\"},\"query-input\":{\"@type\":\"PropertyValueSpecification\",\"valueRequired\":true,\"valueName\":\"search_term_string\"}}],\"inLanguage\":\"de\"},{\"@type\":\"Organization\",\"@id\":\"https:\\\/\\\/jh.nl\\\/nl\\\/#organization\",\"name\":\"Jansen & Heuning\",\"alternateName\":\"J&H\",\"url\":\"https:\\\/\\\/jh.nl\\\/nl\\\/\",\"logo\":{\"@type\":\"ImageObject\",\"inLanguage\":\"de\",\"@id\":\"https:\\\/\\\/jh.nl\\\/nl\\\/#\\\/schema\\\/logo\\\/image\\\/\",\"url\":\"https:\\\/\\\/jh.nl\\\/wp-content\\\/uploads\\\/2022\\\/05\\\/JH-logo-scaled.gif\",\"contentUrl\":\"https:\\\/\\\/jh.nl\\\/wp-content\\\/uploads\\\/2022\\\/05\\\/JH-logo-scaled.gif\",\"width\":2560,\"height\":429,\"caption\":\"Jansen & Heuning\"},\"image\":{\"@id\":\"https:\\\/\\\/jh.nl\\\/nl\\\/#\\\/schema\\\/logo\\\/image\\\/\"},\"sameAs\":[\"https:\\\/\\\/www.facebook.com\\\/JansenHeuning\",\"https:\\\/\\\/www.youtube.com\\\/user\\\/JansenenHeuning\\\/featured\",\"https:\\\/\\\/www.linkedin.com\\\/company\\\/1768497\\\/\"]}]}<\/script>\n<!-- \/ Yoast SEO plugin. -->","yoast_head_json":{"title":"Bandf\u00f6rderer Abdeckung F\u00fcr Au\u00dfenbereich | Jansen&Heuning","description":"Sch\u00fctzen Sie Ihren Bandf\u00f6rderer vor Regen, Staub und Verunreinigungen mit Abdeckungen. Geeignet f\u00fcr Au\u00dfenaufstellung und CE-konforme Abschirmung.","robots":{"index":"index","follow":"follow","max-snippet":"max-snippet:-1","max-image-preview":"max-image-preview:large","max-video-preview":"max-video-preview:-1"},"canonical":"https:\/\/jh.nl\/de\/product\/bandfoerderer-abdeckungen\/","og_locale":"de_DE","og_type":"article","og_title":"Bandf\u00f6rderer Abdeckung F\u00fcr Au\u00dfenbereich | Jansen&Heuning","og_description":"Sch\u00fctzen Sie Ihren Bandf\u00f6rderer vor Regen, Staub und Verunreinigungen mit Abdeckungen. Geeignet f\u00fcr Au\u00dfenaufstellung und CE-konforme Abschirmung.","og_url":"https:\/\/jh.nl\/de\/product\/bandfoerderer-abdeckungen\/","og_site_name":"Jansen&amp;Heuning","article_publisher":"https:\/\/www.facebook.com\/JansenHeuning","article_modified_time":"2026-04-14T10:02:22+00:00","og_image":[{"width":745,"height":600,"url":"https:\/\/jh.nl\/wp-content\/uploads\/2026\/03\/Opening-of-covers.png","type":"image\/png"}],"twitter_card":"summary_large_image","twitter_misc":{"Gesch\u00e4tzte Lesezeit":"2\u00a0Minuten"},"schema":{"@context":"https:\/\/schema.org","@graph":[{"@type":"WebPage","@id":"https:\/\/jh.nl\/de\/product\/bandfoerderer-abdeckungen\/","url":"https:\/\/jh.nl\/de\/product\/bandfoerderer-abdeckungen\/","name":"Bandf\u00f6rderer Abdeckung F\u00fcr Au\u00dfenbereich | Jansen&Heuning","isPartOf":{"@id":"https:\/\/jh.nl\/nl\/#website"},"primaryImageOfPage":{"@id":"https:\/\/jh.nl\/de\/product\/bandfoerderer-abdeckungen\/#primaryimage"},"image":{"@id":"https:\/\/jh.nl\/de\/product\/bandfoerderer-abdeckungen\/#primaryimage"},"thumbnailUrl":"https:\/\/jh.nl\/wp-content\/uploads\/2026\/03\/Opening-of-covers.png","datePublished":"2026-04-14T09:56:49+00:00","dateModified":"2026-04-14T10:02:22+00:00","description":"Sch\u00fctzen Sie Ihren Bandf\u00f6rderer vor Regen, Staub und Verunreinigungen mit Abdeckungen. Geeignet f\u00fcr Au\u00dfenaufstellung und CE-konforme Abschirmung.","breadcrumb":{"@id":"https:\/\/jh.nl\/de\/product\/bandfoerderer-abdeckungen\/#breadcrumb"},"inLanguage":"de","potentialAction":[{"@type":"ReadAction","target":["https:\/\/jh.nl\/de\/product\/bandfoerderer-abdeckungen\/"]}]},{"@type":"ImageObject","inLanguage":"de","@id":"https:\/\/jh.nl\/de\/product\/bandfoerderer-abdeckungen\/#primaryimage","url":"https:\/\/jh.nl\/wp-content\/uploads\/2026\/03\/Opening-of-covers.png","contentUrl":"https:\/\/jh.nl\/wp-content\/uploads\/2026\/03\/Opening-of-covers.png","width":745,"height":600,"caption":"bandoverkapping"},{"@type":"BreadcrumbList","@id":"https:\/\/jh.nl\/de\/product\/bandfoerderer-abdeckungen\/#breadcrumb","itemListElement":[{"@type":"ListItem","position":1,"name":"Home","item":"https:\/\/jh.nl\/de\/"},{"@type":"ListItem","position":2,"name":"Producten","item":"https:\/\/jh.nl\/nl\/producten\/"},{"@type":"ListItem","position":3,"name":"Technik, Services und mehr","item":"https:\/\/jh.nl\/de\/produkt-kategorie\/technik-services\/"},{"@type":"ListItem","position":4,"name":"Komponenten","item":"https:\/\/jh.nl\/de\/produkt-kategorie\/technik-services\/komponenten\/"},{"@type":"ListItem","position":5,"name":"Bandf\u00f6rderer Abdeckungen"}]},{"@type":"WebSite","@id":"https:\/\/jh.nl\/nl\/#website","url":"https:\/\/jh.nl\/nl\/","name":"Jansen & Heuning","description":"Bulk Handling Systems","publisher":{"@id":"https:\/\/jh.nl\/nl\/#organization"},"alternateName":"J&H","potentialAction":[{"@type":"SearchAction","target":{"@type":"EntryPoint","urlTemplate":"https:\/\/jh.nl\/nl\/?s={search_term_string}"},"query-input":{"@type":"PropertyValueSpecification","valueRequired":true,"valueName":"search_term_string"}}],"inLanguage":"de"},{"@type":"Organization","@id":"https:\/\/jh.nl\/nl\/#organization","name":"Jansen & Heuning","alternateName":"J&H","url":"https:\/\/jh.nl\/nl\/","logo":{"@type":"ImageObject","inLanguage":"de","@id":"https:\/\/jh.nl\/nl\/#\/schema\/logo\/image\/","url":"https:\/\/jh.nl\/wp-content\/uploads\/2022\/05\/JH-logo-scaled.gif","contentUrl":"https:\/\/jh.nl\/wp-content\/uploads\/2022\/05\/JH-logo-scaled.gif","width":2560,"height":429,"caption":"Jansen & Heuning"},"image":{"@id":"https:\/\/jh.nl\/nl\/#\/schema\/logo\/image\/"},"sameAs":["https:\/\/www.facebook.com\/JansenHeuning","https:\/\/www.youtube.com\/user\/JansenenHeuning\/featured","https:\/\/www.linkedin.com\/company\/1768497\/"]}]}},"_links":{"self":[{"href":"https:\/\/jh.nl\/de\/wp-json\/wp\/v2\/product\/28122","targetHints":{"allow":["GET"]}}],"collection":[{"href":"https:\/\/jh.nl\/de\/wp-json\/wp\/v2\/product"}],"about":[{"href":"https:\/\/jh.nl\/de\/wp-json\/wp\/v2\/types\/product"}],"replies":[{"embeddable":true,"href":"https:\/\/jh.nl\/de\/wp-json\/wp\/v2\/comments?post=28122"}],"wp:featuredmedia":[{"embeddable":true,"href":"https:\/\/jh.nl\/de\/wp-json\/wp\/v2\/media\/28117"}],"wp:attachment":[{"href":"https:\/\/jh.nl\/de\/wp-json\/wp\/v2\/media?parent=28122"}],"wp:term":[{"taxonomy":"product_brand","embeddable":true,"href":"https:\/\/jh.nl\/de\/wp-json\/wp\/v2\/product_brand?post=28122"},{"taxonomy":"product_cat","embeddable":true,"href":"https:\/\/jh.nl\/de\/wp-json\/wp\/v2\/product_cat?post=28122"},{"taxonomy":"product_tag","embeddable":true,"href":"https:\/\/jh.nl\/de\/wp-json\/wp\/v2\/product_tag?post=28122"}],"curies":[{"name":"wp","href":"https:\/\/api.w.org\/{rel}","templated":true}]}}