{"id":28363,"date":"2026-05-05T14:12:22","date_gmt":"2026-05-05T12:12:22","guid":{"rendered":"https:\/\/jh.nl\/?post_type=product&#038;p=28363"},"modified":"2026-05-05T14:12:23","modified_gmt":"2026-05-05T12:12:23","slug":"ventilator-hammermuehle","status":"publish","type":"product","link":"https:\/\/jh.nl\/de\/product\/ventilator-hammermuehle\/","title":{"rendered":"Ventilator-Hammerm\u00fchle"},"content":{"rendered":"<p>Die Hammerm\u00fchlen DM2, DM3 und BM5 eignen sich hervorragend zum Mahlen von Getreide zu Tierfutter. Sie verf\u00fcgen \u00fcber einen eingebauten Ventilator. Dieser Ventilator bef\u00f6rdert das Roh- und Mahlgut durch das System. Das hat den Vorteil, dass das Mehl w\u00e4hrend des Prozesses gek\u00fchlt wird. Dank der einfachen und robusten Bauweise der M\u00fchle l\u00e4sst sie sich weltweit in die meisten bestehenden Anlagen integrieren.<\/p>\n<h2>Mahlen<\/h2>\n<p>Die Struktur des gemahlenen Materials h\u00e4ngt in erster Linie von der Maschenweite ab, aber auch vom Ausgangsmaterial. Weizen l\u00e4sst sich beispielsweise leichter mahlen als Gerste. Wenn also f\u00fcr Weizen und Gerste dieselbe Siebgr\u00f6\u00dfe verwendet wird, ergibt sich bei Weizen eine viel feinere Struktur. Auch der Feuchtigkeitsgehalt im Getreide beeinflusst die Struktur: Je feuchter das Material, desto gr\u00f6ber die Struktur. Hafer ist besonders schwer zu mahlen und enth\u00e4lt nach dem Mahlen oft gro\u00dfe Mengen an ganzen Schalenresten, wodurch das Futter nur schwer durch die Silos flie\u00dft.<\/p>\n<h2>Transport<\/h2>\n<p>Die Transportkapazit\u00e4t h\u00e4ngt von der Motorleistung und der Anzahl der Ventilatorfl\u00fcgel in der M\u00fchle ab. Bei der Installation ist zu ber\u00fccksichtigen, dass die M\u00fchle besser blasen als saugen kann. Die in der Tabelle angegebenen Transportl\u00e4ngen sind horizontale L\u00e4ngen. Bei der Berechnung muss der vertikale Anstieg doppelt gez\u00e4hlt werden und jede Biegung als 3 m angerechnet werden.<\/p>\n<h3>Leistung der Hammerm\u00fchle in kg\/Stunde<\/h3>\n<p>Die Leistung wird von verschiedenen Faktoren beeinflusst. Ein Anhaltspunkt hierf\u00fcr ist in der Tabelle aufgef\u00fchrt.<\/p>\n<table style=\"border-collapse: collapse; width: 39.5798%;\">\n<tbody>\n<tr style=\"height: 48px;\">\n<td style=\"width: 5.88235%; height: 48px; text-align: left;\"><strong>\u00c4nderung der Siebperforation<\/strong><\/td>\n<td style=\"width: 2.92398%; text-align: center; height: 48px;\"><strong>\u00c4nderung der Kapazit\u00e4t<\/strong><\/td>\n<\/tr>\n<tr style=\"height: 24px;\">\n<td style=\"width: 5.88235%; height: 24px; text-align: left;\">von \u00f84,0 auf \u00f82,5 mm<\/td>\n<td style=\"width: 2.92398%; text-align: center; height: 24px;\">-50%<\/td>\n<\/tr>\n<tr style=\"height: 24px;\">\n<td style=\"width: 5.88235%; height: 24px; text-align: left;\">von \u00f84,0 auf \u00f83,0 mm<\/td>\n<td style=\"width: 2.92398%; text-align: center; height: 24px;\">-20%<\/td>\n<\/tr>\n<tr style=\"height: 24px;\">\n<td style=\"width: 5.88235%; height: 24px; text-align: left;\">von \u00f84,0 auf \u00f83,5 mm<\/td>\n<td style=\"width: 2.92398%; text-align: center; height: 24px;\">-8%<\/td>\n<\/tr>\n<tr style=\"height: 24px;\">\n<td style=\"width: 5.88235%; height: 24px; text-align: left;\">von \u00f84,0 auf \u00f84,5 mm<\/td>\n<td style=\"width: 2.92398%; text-align: center; height: 24px;\">+10%<\/td>\n<\/tr>\n<tr style=\"height: 24px;\">\n<td style=\"width: 5.88235%; height: 24px; text-align: left;\">von \u00f84,0 auf \u00f85,0 mm<\/td>\n<td style=\"width: 2.92398%; text-align: center; height: 24px;\">+25%<\/td>\n<\/tr>\n<tr style=\"height: 24px;\">\n<td style=\"width: 5.88235%; height: 24px; text-align: left;\"><strong>\u00c4nderung des Feuchtigkeitsgehalts<\/strong><\/td>\n<td style=\"width: 2.92398%; text-align: center; height: 24px;\"><\/td>\n<\/tr>\n<tr style=\"height: 24px;\">\n<td style=\"width: 5.88235%; height: 24px; text-align: left;\">von 14% auf 17%<\/td>\n<td style=\"width: 2.92398%; text-align: center; height: 24px;\">-15%<\/td>\n<\/tr>\n<tr style=\"height: 24px;\">\n<td style=\"width: 5.88235%; height: 24px; text-align: left;\">von 14% auf 20%<\/td>\n<td style=\"width: 2.92398%; text-align: center; height: 24px;\">-30%<\/td>\n<\/tr>\n<tr style=\"height: 10px;\">\n<td style=\"width: 5.88235%; height: 10px; text-align: left;\">von 14% auf 22%<\/td>\n<td style=\"width: 2.92398%; text-align: center; height: 10px;\">-40%<\/td>\n<\/tr>\n<\/tbody>\n<\/table>\n<h2>Technische Daten<\/h2>\n<table style=\"border-collapse: collapse; width: 96.2003%; height: 240px;\">\n<tbody>\n<tr style=\"height: 24px;\">\n<td style=\"width: 41.9102%; height: 24px;\"><strong>type<\/strong><\/td>\n<td style=\"width: 10.6404%; text-align: center; height: 24px;\"><strong>DM2<\/strong><\/td>\n<td style=\"width: 9.26541%; text-align: center; height: 24px;\"><strong>DM 2<\/strong><\/td>\n<td style=\"width: 12.3851%; text-align: center; height: 24px;\"><strong>DM3<\/strong><\/td>\n<td style=\"width: 10.5912%; text-align: center; height: 24px;\"><strong>DM3<\/strong><\/td>\n<td style=\"width: 12.3444%; text-align: center; height: 24px;\"><strong>BM5<\/strong><\/td>\n<\/tr>\n<tr style=\"height: 24px;\">\n<td style=\"width: 41.9102%; height: 24px;\">Anzahl der Rotorbl\u00e4tter<\/td>\n<td style=\"width: 10.6404%; text-align: center; height: 24px;\">2<\/td>\n<td style=\"width: 9.26541%; text-align: center; height: 24px;\">4<\/td>\n<td style=\"width: 12.3851%; text-align: center; height: 24px;\">4<\/td>\n<td style=\"width: 10.5912%; text-align: center; height: 24px;\">8<\/td>\n<td style=\"width: 12.3444%; text-align: center; height: 24px;\">8<\/td>\n<\/tr>\n<tr style=\"height: 24px;\">\n<td style=\"width: 41.9102%; height: 24px;\">Ansaugrohr (\u00f8 mm)<\/td>\n<td style=\"width: 10.6404%; text-align: center; height: 24px;\">80<\/td>\n<td style=\"width: 9.26541%; text-align: center; height: 24px;\">80<\/td>\n<td style=\"width: 12.3851%; text-align: center; height: 24px;\">100<\/td>\n<td style=\"width: 10.5912%; text-align: center; height: 24px;\">100<\/td>\n<td style=\"width: 12.3444%; text-align: center; height: 24px;\">150<\/td>\n<\/tr>\n<tr style=\"height: 24px;\">\n<td style=\"width: 41.9102%; height: 24px;\">Ausblasrohr (\u00f8 mm)<\/td>\n<td style=\"width: 10.6404%; text-align: center; height: 24px;\">100<\/td>\n<td style=\"width: 9.26541%; text-align: center; height: 24px;\">100<\/td>\n<td style=\"width: 12.3851%; text-align: center; height: 24px;\">120<\/td>\n<td style=\"width: 10.5912%; text-align: center; height: 24px;\">120<\/td>\n<td style=\"width: 12.3444%; text-align: center; height: 24px;\">150<\/td>\n<\/tr>\n<tr style=\"height: 24px;\">\n<td style=\"width: 41.9102%; height: 24px;\">Luftgeschwindigkeit (m\/s)<\/td>\n<td style=\"width: 10.6404%; text-align: center; height: 24px;\">20<\/td>\n<td style=\"width: 9.26541%; text-align: center; height: 24px;\">20<\/td>\n<td style=\"width: 12.3851%; text-align: center; height: 24px;\">20<\/td>\n<td style=\"width: 10.5912%; text-align: center; height: 24px;\">20<\/td>\n<td style=\"width: 12.3444%; text-align: center; height: 24px;\">20<\/td>\n<\/tr>\n<tr style=\"height: 24px;\">\n<td style=\"width: 41.9102%; height: 24px;\">Luftmenge (m\u00b3\/h)<\/td>\n<td style=\"width: 10.6404%; text-align: center; height: 24px;\">565<\/td>\n<td style=\"width: 9.26541%; text-align: center; height: 24px;\">565<\/td>\n<td style=\"width: 12.3851%; text-align: center; height: 24px;\">815<\/td>\n<td style=\"width: 10.5912%; text-align: center; height: 24px;\">815<\/td>\n<td style=\"width: 12.3444%; text-align: center; height: 24px;\">1.000<\/td>\n<\/tr>\n<tr style=\"height: 24px;\">\n<td style=\"width: 41.9102%; height: 24px;\">Luftdruck (mmws)<\/td>\n<td style=\"width: 10.6404%; text-align: center; height: 24px;\">160<\/td>\n<td style=\"width: 9.26541%; text-align: center; height: 24px;\">275<\/td>\n<td style=\"width: 12.3851%; text-align: center; height: 24px;\">450<\/td>\n<td style=\"width: 10.5912%; text-align: center; height: 24px;\">540<\/td>\n<td style=\"width: 12.3444%; text-align: center; height: 24px;\">450<\/td>\n<\/tr>\n<tr style=\"height: 24px;\">\n<td style=\"width: 41.9102%; height: 24px;\">Min. Filterfl\u00e4che (m\u00b2)<\/td>\n<td style=\"width: 10.6404%; text-align: center; height: 24px;\">9<\/td>\n<td style=\"width: 9.26541%; text-align: center; height: 24px;\">9<\/td>\n<td style=\"width: 12.3851%; text-align: center; height: 24px;\">15<\/td>\n<td style=\"width: 10.5912%; text-align: center; height: 24px;\">15<\/td>\n<td style=\"width: 12.3444%; text-align: center; height: 24px;\">30<\/td>\n<\/tr>\n<tr style=\"height: 24px;\">\n<td style=\"width: 41.9102%; height: 24px;\">Min. L\u00e4nge des Filterschlauchs \u00f8 200 mm (m)<\/td>\n<td style=\"width: 10.6404%; text-align: center; height: 24px;\">12<\/td>\n<td style=\"width: 9.26541%; text-align: center; height: 24px;\">12<\/td>\n<td style=\"width: 12.3851%; text-align: center; height: 24px;\">24<\/td>\n<td style=\"width: 10.5912%; text-align: center; height: 24px;\">24<\/td>\n<td style=\"width: 12.3444%; text-align: center; height: 24px;\">50<\/td>\n<\/tr>\n<tr style=\"height: 24px;\">\n<td style=\"width: 41.9102%; height: 24px;\">Antrieb (kW)<\/td>\n<td style=\"width: 10.6404%; text-align: center; height: 24px;\">5,5 &#8211; 7,5<\/td>\n<td style=\"width: 9.26541%; text-align: center; height: 24px;\">5,5 &#8211; 7,5<\/td>\n<td style=\"width: 12.3851%; text-align: center; height: 24px;\">11 &#8211; 18,5<\/td>\n<td style=\"width: 10.5912%; text-align: center; height: 24px;\">11 &#8211; 18,5<\/td>\n<td style=\"width: 12.3444%; text-align: center; height: 24px;\">37<\/td>\n<\/tr>\n<\/tbody>\n<\/table>\n<p>Alle Angaben sind Richtwerte.<\/p>\n<h3>Abmessungen<\/h3>\n<h3><img decoding=\"async\" src=\"https:\/\/jh.nl\/wp-content\/uploads\/2026\/04\/maatschets-DM2-DM3-BM5-.png\" alt=\"\" \/><\/h3>\n<p>&nbsp;<\/p>\n<table style=\"border-collapse: collapse; width: 100%; height: 96px;\">\n<tbody>\n<tr style=\"height: 24px;\">\n<td style=\"width: 132.639px; height: 24px; text-align: center;\"><strong>Typ<\/strong><\/td>\n<td style=\"width: 132.639px; height: 24px; text-align: center;\"><strong>A<\/strong><\/td>\n<td style=\"width: 132.639px; height: 24px; text-align: center;\"><strong>B<\/strong><\/td>\n<td style=\"width: 132.639px; height: 24px; text-align: center;\"><strong>C<\/strong><\/td>\n<td style=\"width: 132.639px; height: 24px; text-align: center;\"><strong>D<\/strong><\/td>\n<td style=\"width: 132.708px; height: 24px; text-align: center;\"><strong>E<\/strong><\/td>\n<\/tr>\n<tr style=\"height: 24px;\">\n<td style=\"width: 132.639px; height: 24px; text-align: center;\">Dm2<\/td>\n<td style=\"width: 132.639px; height: 24px; text-align: center;\">700<\/td>\n<td style=\"width: 132.639px; height: 24px; text-align: center;\">675<\/td>\n<td style=\"width: 132.639px; height: 24px; text-align: center;\">430<\/td>\n<td style=\"width: 132.639px; height: 24px; text-align: center;\">355<\/td>\n<td style=\"width: 132.708px; height: 24px; text-align: center;\">225<\/td>\n<\/tr>\n<tr style=\"height: 24px;\">\n<td style=\"width: 132.639px; height: 24px; text-align: center;\">DM3<\/td>\n<td style=\"width: 132.639px; height: 24px; text-align: center;\">700<\/td>\n<td style=\"width: 132.639px; height: 24px; text-align: center;\">679<\/td>\n<td style=\"width: 132.639px; height: 24px; text-align: center;\">430<\/td>\n<td style=\"width: 132.639px; height: 24px; text-align: center;\">355<\/td>\n<td style=\"width: 132.708px; height: 24px; text-align: center;\">278<\/td>\n<\/tr>\n<tr style=\"height: 24px;\">\n<td style=\"width: 132.639px; height: 24px; text-align: center;\">BM5<\/td>\n<td style=\"width: 132.639px; height: 24px; text-align: center;\">1.000<\/td>\n<td style=\"width: 132.639px; height: 24px; text-align: center;\">810<\/td>\n<td style=\"width: 132.639px; height: 24px; text-align: center;\">1.000<\/td>\n<td style=\"width: 132.639px; height: 24px; text-align: center;\">450<\/td>\n<td style=\"width: 132.708px; height: 24px; text-align: center;\">700<\/td>\n<\/tr>\n<\/tbody>\n<\/table>\n<h3 data-start=\"1247\" data-end=\"1258\">Kontakt<\/h3>\n<p data-start=\"1260\" data-end=\"1357\">F\u00fcr weitere Informationen oder ein individuelles Angebot wenden Sie sich bitte an Jansen&amp;Heuning:<\/p>\n<ul>\n<li data-start=\"1971\" data-end=\"2066\">Telefon:\u00a0<a href=\"callto:+310503126448\"><span class=\"relative -mx-px my-[-0.2rem] rounded px-px py-[0.2rem]\">+31(0)50 3126 448<\/span><\/a><\/li>\n<li data-start=\"2069\" data-end=\"2162\">E-mail:\u00a0<span class=\"relative -mx-px my-[-0.2rem] rounded px-px py-[0.2rem]\"><a href=\"mailto:sales@jh.nl\" data-start=\"0\" data-end=\"11\" data-is-last-node=\"\" data-is-only-node=\"\">sales@jh.nl<\/a><\/span>\u200b<\/li>\n<li data-start=\"2165\" data-end=\"2268\">Kontaktformular:\u00a0<span class=\"relative -mx-px my-[-0.2rem] rounded px-px py-[0.2rem]\"><a href=\"https:\/\/jh.nl\/de\/contact\/\" target=\"_new\" rel=\"noopener noreferrer\" data-start=\"0\" data-end=\"46\" data-is-last-node=\"\" data-is-only-node=\"\">www.jh.de\/kontakt\/<\/a><\/span><\/li>\n<\/ul>\n","protected":false},"excerpt":{"rendered":"<p>Die Hammerm\u00fchlen DM2, DM3 und BM5 eignen sich hervorragend zum&#8230;<\/p>\n","protected":false},"featured_media":28362,"comment_status":"closed","ping_status":"closed","template":"","meta":{"_acf_changed":false},"product_brand":[],"product_cat":[436],"product_tag":[],"class_list":{"0":"post-28363","1":"product","2":"type-product","3":"status-publish","4":"has-post-thumbnail","6":"product_cat-getreidequetscher","8":"first","9":"instock","10":"product-type-simple"},"acf":[],"yoast_head":"<!-- This site is optimized with the Yoast SEO plugin v27.5 - https:\/\/yoast.com\/product\/yoast-seo-wordpress\/ -->\n<title>Ventilator F\u00fcr Hammerm\u00fchlen | Jansen&amp;Heuning<\/title>\n<meta name=\"description\" content=\"Optimiert Lufttransport und Entstaubung in Hammerm\u00fchlen. Ventilator f\u00fcr Sch\u00fcttgut in Futtermittel, Lebensmittel und Industrie.\" \/>\n<meta name=\"robots\" content=\"index, follow, max-snippet:-1, max-image-preview:large, max-video-preview:-1\" \/>\n<link rel=\"canonical\" href=\"https:\/\/jh.nl\/de\/product\/ventilator-hammermuehle\/\" \/>\n<meta property=\"og:locale\" content=\"de_DE\" \/>\n<meta property=\"og:type\" content=\"article\" \/>\n<meta property=\"og:title\" content=\"Ventilator F\u00fcr Hammerm\u00fchlen | Jansen&amp;Heuning\" \/>\n<meta property=\"og:description\" content=\"Optimiert Lufttransport und Entstaubung in Hammerm\u00fchlen. Ventilator f\u00fcr Sch\u00fcttgut in Futtermittel, Lebensmittel und Industrie.\" \/>\n<meta property=\"og:url\" content=\"https:\/\/jh.nl\/de\/product\/ventilator-hammermuehle\/\" \/>\n<meta property=\"og:site_name\" content=\"Jansen&amp;Heuning\" \/>\n<meta property=\"article:publisher\" content=\"https:\/\/www.facebook.com\/JansenHeuning\" \/>\n<meta property=\"article:modified_time\" content=\"2026-05-05T12:12:23+00:00\" \/>\n<meta property=\"og:image\" content=\"https:\/\/jh.nl\/wp-content\/uploads\/2026\/04\/skiold-hammer-mill-dm3-1.jpg\" \/>\n\t<meta property=\"og:image:width\" content=\"2400\" \/>\n\t<meta property=\"og:image:height\" content=\"2492\" \/>\n\t<meta property=\"og:image:type\" content=\"image\/jpeg\" \/>\n<meta name=\"twitter:card\" content=\"summary_large_image\" \/>\n<meta name=\"twitter:label1\" content=\"Gesch\u00e4tzte Lesezeit\" \/>\n\t<meta name=\"twitter:data1\" content=\"3\u00a0Minuten\" \/>\n<script type=\"application\/ld+json\" class=\"yoast-schema-graph\">{\"@context\":\"https:\\\/\\\/schema.org\",\"@graph\":[{\"@type\":\"WebPage\",\"@id\":\"https:\\\/\\\/jh.nl\\\/de\\\/product\\\/ventilator-hammermuehle\\\/\",\"url\":\"https:\\\/\\\/jh.nl\\\/de\\\/product\\\/ventilator-hammermuehle\\\/\",\"name\":\"Ventilator F\u00fcr Hammerm\u00fchlen | Jansen&Heuning\",\"isPartOf\":{\"@id\":\"https:\\\/\\\/jh.nl\\\/nl\\\/#website\"},\"primaryImageOfPage\":{\"@id\":\"https:\\\/\\\/jh.nl\\\/de\\\/product\\\/ventilator-hammermuehle\\\/#primaryimage\"},\"image\":{\"@id\":\"https:\\\/\\\/jh.nl\\\/de\\\/product\\\/ventilator-hammermuehle\\\/#primaryimage\"},\"thumbnailUrl\":\"https:\\\/\\\/jh.nl\\\/wp-content\\\/uploads\\\/2026\\\/04\\\/skiold-hammer-mill-dm3-1.jpg\",\"datePublished\":\"2026-05-05T12:12:22+00:00\",\"dateModified\":\"2026-05-05T12:12:23+00:00\",\"description\":\"Optimiert Lufttransport und Entstaubung in Hammerm\u00fchlen. Ventilator f\u00fcr Sch\u00fcttgut in Futtermittel, Lebensmittel und Industrie.\",\"breadcrumb\":{\"@id\":\"https:\\\/\\\/jh.nl\\\/de\\\/product\\\/ventilator-hammermuehle\\\/#breadcrumb\"},\"inLanguage\":\"de\",\"potentialAction\":[{\"@type\":\"ReadAction\",\"target\":[\"https:\\\/\\\/jh.nl\\\/de\\\/product\\\/ventilator-hammermuehle\\\/\"]}]},{\"@type\":\"ImageObject\",\"inLanguage\":\"de\",\"@id\":\"https:\\\/\\\/jh.nl\\\/de\\\/product\\\/ventilator-hammermuehle\\\/#primaryimage\",\"url\":\"https:\\\/\\\/jh.nl\\\/wp-content\\\/uploads\\\/2026\\\/04\\\/skiold-hammer-mill-dm3-1.jpg\",\"contentUrl\":\"https:\\\/\\\/jh.nl\\\/wp-content\\\/uploads\\\/2026\\\/04\\\/skiold-hammer-mill-dm3-1.jpg\",\"width\":2400,\"height\":2492,\"caption\":\"ventilator-hamermolen DM2-DM3-BM5\"},{\"@type\":\"BreadcrumbList\",\"@id\":\"https:\\\/\\\/jh.nl\\\/de\\\/product\\\/ventilator-hammermuehle\\\/#breadcrumb\",\"itemListElement\":[{\"@type\":\"ListItem\",\"position\":1,\"name\":\"Home\",\"item\":\"https:\\\/\\\/jh.nl\\\/de\\\/\"},{\"@type\":\"ListItem\",\"position\":2,\"name\":\"Producten\",\"item\":\"https:\\\/\\\/jh.nl\\\/nl\\\/producten\\\/\"},{\"@type\":\"ListItem\",\"position\":3,\"name\":\"Getreidetechnik\",\"item\":\"https:\\\/\\\/jh.nl\\\/de\\\/produkt-kategorie\\\/getreidetechnik\\\/\"},{\"@type\":\"ListItem\",\"position\":4,\"name\":\"Getreide quetschen \\\/ mahlen\",\"item\":\"https:\\\/\\\/jh.nl\\\/de\\\/produkt-kategorie\\\/getreidetechnik\\\/getreidequetscher\\\/\"},{\"@type\":\"ListItem\",\"position\":5,\"name\":\"Ventilator-Hammerm\u00fchle\"}]},{\"@type\":\"WebSite\",\"@id\":\"https:\\\/\\\/jh.nl\\\/nl\\\/#website\",\"url\":\"https:\\\/\\\/jh.nl\\\/nl\\\/\",\"name\":\"Jansen & Heuning\",\"description\":\"Bulk Handling Systems\",\"publisher\":{\"@id\":\"https:\\\/\\\/jh.nl\\\/nl\\\/#organization\"},\"alternateName\":\"J&H\",\"potentialAction\":[{\"@type\":\"SearchAction\",\"target\":{\"@type\":\"EntryPoint\",\"urlTemplate\":\"https:\\\/\\\/jh.nl\\\/nl\\\/?s={search_term_string}\"},\"query-input\":{\"@type\":\"PropertyValueSpecification\",\"valueRequired\":true,\"valueName\":\"search_term_string\"}}],\"inLanguage\":\"de\"},{\"@type\":\"Organization\",\"@id\":\"https:\\\/\\\/jh.nl\\\/nl\\\/#organization\",\"name\":\"Jansen & Heuning\",\"alternateName\":\"J&H\",\"url\":\"https:\\\/\\\/jh.nl\\\/nl\\\/\",\"logo\":{\"@type\":\"ImageObject\",\"inLanguage\":\"de\",\"@id\":\"https:\\\/\\\/jh.nl\\\/nl\\\/#\\\/schema\\\/logo\\\/image\\\/\",\"url\":\"https:\\\/\\\/jh.nl\\\/wp-content\\\/uploads\\\/2022\\\/05\\\/JH-logo-scaled.gif\",\"contentUrl\":\"https:\\\/\\\/jh.nl\\\/wp-content\\\/uploads\\\/2022\\\/05\\\/JH-logo-scaled.gif\",\"width\":2560,\"height\":429,\"caption\":\"Jansen & Heuning\"},\"image\":{\"@id\":\"https:\\\/\\\/jh.nl\\\/nl\\\/#\\\/schema\\\/logo\\\/image\\\/\"},\"sameAs\":[\"https:\\\/\\\/www.facebook.com\\\/JansenHeuning\",\"https:\\\/\\\/www.youtube.com\\\/user\\\/JansenenHeuning\\\/featured\",\"https:\\\/\\\/www.linkedin.com\\\/company\\\/1768497\\\/\"]}]}<\/script>\n<!-- \/ Yoast SEO plugin. -->","yoast_head_json":{"title":"Ventilator F\u00fcr Hammerm\u00fchlen | Jansen&Heuning","description":"Optimiert Lufttransport und Entstaubung in Hammerm\u00fchlen. Ventilator f\u00fcr Sch\u00fcttgut in Futtermittel, Lebensmittel und Industrie.","robots":{"index":"index","follow":"follow","max-snippet":"max-snippet:-1","max-image-preview":"max-image-preview:large","max-video-preview":"max-video-preview:-1"},"canonical":"https:\/\/jh.nl\/de\/product\/ventilator-hammermuehle\/","og_locale":"de_DE","og_type":"article","og_title":"Ventilator F\u00fcr Hammerm\u00fchlen | Jansen&Heuning","og_description":"Optimiert Lufttransport und Entstaubung in Hammerm\u00fchlen. Ventilator f\u00fcr Sch\u00fcttgut in Futtermittel, Lebensmittel und Industrie.","og_url":"https:\/\/jh.nl\/de\/product\/ventilator-hammermuehle\/","og_site_name":"Jansen&amp;Heuning","article_publisher":"https:\/\/www.facebook.com\/JansenHeuning","article_modified_time":"2026-05-05T12:12:23+00:00","og_image":[{"width":2400,"height":2492,"url":"https:\/\/jh.nl\/wp-content\/uploads\/2026\/04\/skiold-hammer-mill-dm3-1.jpg","type":"image\/jpeg"}],"twitter_card":"summary_large_image","twitter_misc":{"Gesch\u00e4tzte Lesezeit":"3\u00a0Minuten"},"schema":{"@context":"https:\/\/schema.org","@graph":[{"@type":"WebPage","@id":"https:\/\/jh.nl\/de\/product\/ventilator-hammermuehle\/","url":"https:\/\/jh.nl\/de\/product\/ventilator-hammermuehle\/","name":"Ventilator F\u00fcr Hammerm\u00fchlen | Jansen&Heuning","isPartOf":{"@id":"https:\/\/jh.nl\/nl\/#website"},"primaryImageOfPage":{"@id":"https:\/\/jh.nl\/de\/product\/ventilator-hammermuehle\/#primaryimage"},"image":{"@id":"https:\/\/jh.nl\/de\/product\/ventilator-hammermuehle\/#primaryimage"},"thumbnailUrl":"https:\/\/jh.nl\/wp-content\/uploads\/2026\/04\/skiold-hammer-mill-dm3-1.jpg","datePublished":"2026-05-05T12:12:22+00:00","dateModified":"2026-05-05T12:12:23+00:00","description":"Optimiert Lufttransport und Entstaubung in Hammerm\u00fchlen. Ventilator f\u00fcr Sch\u00fcttgut in Futtermittel, Lebensmittel und Industrie.","breadcrumb":{"@id":"https:\/\/jh.nl\/de\/product\/ventilator-hammermuehle\/#breadcrumb"},"inLanguage":"de","potentialAction":[{"@type":"ReadAction","target":["https:\/\/jh.nl\/de\/product\/ventilator-hammermuehle\/"]}]},{"@type":"ImageObject","inLanguage":"de","@id":"https:\/\/jh.nl\/de\/product\/ventilator-hammermuehle\/#primaryimage","url":"https:\/\/jh.nl\/wp-content\/uploads\/2026\/04\/skiold-hammer-mill-dm3-1.jpg","contentUrl":"https:\/\/jh.nl\/wp-content\/uploads\/2026\/04\/skiold-hammer-mill-dm3-1.jpg","width":2400,"height":2492,"caption":"ventilator-hamermolen DM2-DM3-BM5"},{"@type":"BreadcrumbList","@id":"https:\/\/jh.nl\/de\/product\/ventilator-hammermuehle\/#breadcrumb","itemListElement":[{"@type":"ListItem","position":1,"name":"Home","item":"https:\/\/jh.nl\/de\/"},{"@type":"ListItem","position":2,"name":"Producten","item":"https:\/\/jh.nl\/nl\/producten\/"},{"@type":"ListItem","position":3,"name":"Getreidetechnik","item":"https:\/\/jh.nl\/de\/produkt-kategorie\/getreidetechnik\/"},{"@type":"ListItem","position":4,"name":"Getreide quetschen \/ mahlen","item":"https:\/\/jh.nl\/de\/produkt-kategorie\/getreidetechnik\/getreidequetscher\/"},{"@type":"ListItem","position":5,"name":"Ventilator-Hammerm\u00fchle"}]},{"@type":"WebSite","@id":"https:\/\/jh.nl\/nl\/#website","url":"https:\/\/jh.nl\/nl\/","name":"Jansen & Heuning","description":"Bulk Handling Systems","publisher":{"@id":"https:\/\/jh.nl\/nl\/#organization"},"alternateName":"J&H","potentialAction":[{"@type":"SearchAction","target":{"@type":"EntryPoint","urlTemplate":"https:\/\/jh.nl\/nl\/?s={search_term_string}"},"query-input":{"@type":"PropertyValueSpecification","valueRequired":true,"valueName":"search_term_string"}}],"inLanguage":"de"},{"@type":"Organization","@id":"https:\/\/jh.nl\/nl\/#organization","name":"Jansen & Heuning","alternateName":"J&H","url":"https:\/\/jh.nl\/nl\/","logo":{"@type":"ImageObject","inLanguage":"de","@id":"https:\/\/jh.nl\/nl\/#\/schema\/logo\/image\/","url":"https:\/\/jh.nl\/wp-content\/uploads\/2022\/05\/JH-logo-scaled.gif","contentUrl":"https:\/\/jh.nl\/wp-content\/uploads\/2022\/05\/JH-logo-scaled.gif","width":2560,"height":429,"caption":"Jansen & Heuning"},"image":{"@id":"https:\/\/jh.nl\/nl\/#\/schema\/logo\/image\/"},"sameAs":["https:\/\/www.facebook.com\/JansenHeuning","https:\/\/www.youtube.com\/user\/JansenenHeuning\/featured","https:\/\/www.linkedin.com\/company\/1768497\/"]}]}},"_links":{"self":[{"href":"https:\/\/jh.nl\/de\/wp-json\/wp\/v2\/product\/28363","targetHints":{"allow":["GET"]}}],"collection":[{"href":"https:\/\/jh.nl\/de\/wp-json\/wp\/v2\/product"}],"about":[{"href":"https:\/\/jh.nl\/de\/wp-json\/wp\/v2\/types\/product"}],"replies":[{"embeddable":true,"href":"https:\/\/jh.nl\/de\/wp-json\/wp\/v2\/comments?post=28363"}],"wp:featuredmedia":[{"embeddable":true,"href":"https:\/\/jh.nl\/de\/wp-json\/wp\/v2\/media\/28362"}],"wp:attachment":[{"href":"https:\/\/jh.nl\/de\/wp-json\/wp\/v2\/media?parent=28363"}],"wp:term":[{"taxonomy":"product_brand","embeddable":true,"href":"https:\/\/jh.nl\/de\/wp-json\/wp\/v2\/product_brand?post=28363"},{"taxonomy":"product_cat","embeddable":true,"href":"https:\/\/jh.nl\/de\/wp-json\/wp\/v2\/product_cat?post=28363"},{"taxonomy":"product_tag","embeddable":true,"href":"https:\/\/jh.nl\/de\/wp-json\/wp\/v2\/product_tag?post=28363"}],"curies":[{"name":"wp","href":"https:\/\/api.w.org\/{rel}","templated":true}]}}