{"id":28409,"date":"2026-05-04T11:35:03","date_gmt":"2026-05-04T09:35:03","guid":{"rendered":"https:\/\/jh.nl\/?post_type=product&#038;p=28409"},"modified":"2026-05-07T16:05:03","modified_gmt":"2026-05-07T14:05:03","slug":"horizontal-mischer","status":"publish","type":"product","link":"https:\/\/jh.nl\/de\/product\/horizontal-mischer\/","title":{"rendered":"Horizontalmischer"},"content":{"rendered":"<p>Der Horizontalmischer von Jansen&amp;Heuning ist ein Chargenmischer, der sich f\u00fcr das \u00e4u\u00dferst pr\u00e4zise Mischen nahezu aller Arten von mehligen oder k\u00f6rnigen Rohstoffen eignet. Die Mischdauer betr\u00e4gt 4 bis 12 Minuten; w\u00e4hrend dieser Zeit k\u00f6nnen fl\u00fcssige\u00a0 und trockene Rohstoffe wie Fett und \u00d6l sowie bis zu 50% Maiskolbenmehl (CCM) zugegeben werden.<br \/>\nDie JHMH02-Horizontalmischer sind mit einer offenen Doppelschnecke ausgestattet. Die Mischkammer ist mit genau derselben zylindrischen Kr\u00fcmmung wie die Schnecke konstruiert. Dies gew\u00e4hrleistet eine homogene Durchmischung und erleichtert die vollst\u00e4ndige Entleerung des Mischers.<\/p>\n<p>Der Horizontalmischer JHMH02 ist in drei Ausf\u00fchrungen erh\u00e4ltlich:<br \/>\n\u2022 1-stufig \u2013 nur Mischer<br \/>\n\u2022 2-stufig \u2013 Mischer und Vorbeh\u00e4lter<br \/>\nAls option ein Gestell f\u00fcr den Vorbeh\u00e4lter auf W\u00e4gezellen.<br \/>\n\u2022 3-stufig \u2013 Mischer, Vorbeh\u00e4lter und Auslaufbeh\u00e4lter<\/p>\n<p>Die Anzahl der Stufen richtet sich nach den Anforderungen an die Kapazit\u00e4t.<\/p>\n<h2>Technischen Daten<\/h2>\n<table style=\"border-collapse: collapse; width: 53.7836%; height: 239px;\">\n<tbody>\n<tr style=\"height: 23px;\">\n<td style=\"width: 36.7498%; height: 23px;\">Mischleistung bis zu (m\u00b3\/Stunde)<\/td>\n<td style=\"width: 25.4215%; height: 23px;\">14<\/td>\n<\/tr>\n<tr style=\"height: 24px;\">\n<td style=\"width: 36.7498%; height: 24px;\">maximale Chargengr\u00f6\u00dfe (Liter)<\/td>\n<td style=\"width: 25.4215%; height: 24px;\">2.000<\/td>\n<\/tr>\n<tr style=\"height: 24px;\">\n<td style=\"width: 36.7498%; height: 24px;\">maximale Chargengr\u00f6\u00dfe (kg)<\/td>\n<td style=\"width: 25.4215%; height: 24px;\">1.000<\/td>\n<\/tr>\n<tr style=\"height: 24px;\">\n<td style=\"width: 36.7498%; height: 24px;\">Mischzeit f\u00fcr trockene Zutaten (Min.)<\/td>\n<td style=\"width: 25.4215%; height: 24px;\">6 &#8211; 8<\/td>\n<\/tr>\n<tr style=\"height: 24px;\">\n<td style=\"width: 36.7498%; height: 24px;\">Mischzeit f\u00fcr fl\u00fcssige Zutaten<\/td>\n<td style=\"width: 25.4215%; height: 24px;\">8 &#8211; 10<\/td>\n<\/tr>\n<tr style=\"height: 24px;\">\n<td style=\"width: 36.7498%; height: 24px;\">Mischgenauigkeit<\/td>\n<td style=\"width: 25.4215%; height: 24px;\">1 : 10.000<\/td>\n<\/tr>\n<tr style=\"height: 24px;\">\n<td style=\"width: 36.7498%; height: 24px;\">Antrieb (KW)<\/td>\n<td style=\"width: 25.4215%; height: 24px;\">11<\/td>\n<\/tr>\n<tr style=\"height: 24px;\">\n<td style=\"width: 36.7498%; height: 24px;\">Auslassantrieb<\/td>\n<td style=\"width: 25.4215%; height: 24px;\">pneumatisch<\/td>\n<\/tr>\n<tr style=\"height: 24px;\">\n<td style=\"width: 36.7498%; height: 24px;\">Eigengewicht (kg)<\/td>\n<td style=\"width: 25.4215%; height: 24px;\">1.000<\/td>\n<\/tr>\n<tr style=\"height: 24px;\">\n<td style=\"width: 36.7498%; height: 24px;\">Auslauf<\/td>\n<td style=\"width: 25.4215%; height: 24px;\">200 x 200 \/ 200 x 550<\/td>\n<\/tr>\n<\/tbody>\n<\/table>\n<h2>Vorteile Misscher JHMH02<\/h2>\n<ul>\n<li>Zum Mischen von Mischfutter und Futtermittelzutaten<\/li>\n<li>Robuste Industrieausf\u00fchrung<\/li>\n<li>Schnelles Bef\u00fcllen und Entleeren<\/li>\n<li>Erh\u00e4ltlich mit Vor- und Auslaufbeh\u00e4lter<\/li>\n<li>Vollst\u00e4ndige Entleerung \u00fcber \u201eFallklappen\u201c (als Option))<\/li>\n<li>Zugabe von bis zu zwei verschiedenen Fl\u00fcssigkeiten<\/li>\n<\/ul>\n","protected":false},"excerpt":{"rendered":"<p>Der Horizontalmischer von Jansen&amp;Heuning ist ein Chargenmischer, der sich f\u00fcr&#8230;<\/p>\n","protected":false},"featured_media":28413,"comment_status":"open","ping_status":"closed","template":"","meta":{"_acf_changed":false},"product_brand":[],"product_cat":[1009],"product_tag":[],"class_list":{"0":"post-28409","1":"product","2":"type-product","3":"status-publish","4":"has-post-thumbnail","6":"product_cat-mischfutter-herstellen","8":"first","9":"instock","10":"taxable","11":"shipping-taxable","12":"product-type-simple"},"acf":[],"yoast_head":"<!-- This site is optimized with the Yoast SEO plugin v27.6 - https:\/\/yoast.com\/product\/yoast-seo-wordpress\/ -->\n<title>Horizontalmischer | Jansen&amp;Heuning<\/title>\n<meta name=\"description\" content=\"Horizontalmischer | Jansen&amp;Heuning\" \/>\n<meta name=\"robots\" content=\"index, follow, max-snippet:-1, max-image-preview:large, max-video-preview:-1\" \/>\n<link rel=\"canonical\" href=\"https:\/\/jh.nl\/de\/product\/horizontal-mischer\/\" \/>\n<meta property=\"og:locale\" content=\"de_DE\" \/>\n<meta property=\"og:type\" content=\"article\" \/>\n<meta property=\"og:title\" content=\"Horizontalmischer | Jansen&amp;Heuning\" \/>\n<meta property=\"og:description\" content=\"Horizontalmischer | Jansen&amp;Heuning\" \/>\n<meta property=\"og:url\" content=\"https:\/\/jh.nl\/de\/product\/horizontal-mischer\/\" \/>\n<meta property=\"og:site_name\" content=\"Jansen&amp;Heuning\" \/>\n<meta property=\"article:publisher\" content=\"https:\/\/www.facebook.com\/JansenHeuning\" \/>\n<meta property=\"article:modified_time\" content=\"2026-05-07T14:05:03+00:00\" \/>\n<meta property=\"og:image\" content=\"https:\/\/jh.nl\/wp-content\/uploads\/2026\/05\/JHMH02.jpg\" \/>\n\t<meta property=\"og:image:width\" content=\"2428\" \/>\n\t<meta property=\"og:image:height\" content=\"2034\" \/>\n\t<meta property=\"og:image:type\" content=\"image\/jpeg\" \/>\n<meta name=\"twitter:card\" content=\"summary_large_image\" \/>\n<meta name=\"twitter:label1\" content=\"Gesch\u00e4tzte Lesezeit\" \/>\n\t<meta name=\"twitter:data1\" content=\"2\u00a0Minuten\" \/>\n<script type=\"application\/ld+json\" class=\"yoast-schema-graph\">{\"@context\":\"https:\\\/\\\/schema.org\",\"@graph\":[{\"@type\":\"WebPage\",\"@id\":\"https:\\\/\\\/jh.nl\\\/de\\\/product\\\/horizontal-mischer\\\/\",\"url\":\"https:\\\/\\\/jh.nl\\\/de\\\/product\\\/horizontal-mischer\\\/\",\"name\":\"Horizontalmischer | Jansen&amp;Heuning\",\"isPartOf\":{\"@id\":\"https:\\\/\\\/jh.nl\\\/nl\\\/#website\"},\"primaryImageOfPage\":{\"@id\":\"https:\\\/\\\/jh.nl\\\/de\\\/product\\\/horizontal-mischer\\\/#primaryimage\"},\"image\":{\"@id\":\"https:\\\/\\\/jh.nl\\\/de\\\/product\\\/horizontal-mischer\\\/#primaryimage\"},\"thumbnailUrl\":\"https:\\\/\\\/jh.nl\\\/wp-content\\\/uploads\\\/2026\\\/05\\\/JHMH02.jpg\",\"datePublished\":\"2026-05-04T09:35:03+00:00\",\"dateModified\":\"2026-05-07T14:05:03+00:00\",\"description\":\"Horizontalmischer | Jansen&amp;Heuning\",\"breadcrumb\":{\"@id\":\"https:\\\/\\\/jh.nl\\\/de\\\/product\\\/horizontal-mischer\\\/#breadcrumb\"},\"inLanguage\":\"de\",\"potentialAction\":[{\"@type\":\"ReadAction\",\"target\":[\"https:\\\/\\\/jh.nl\\\/de\\\/product\\\/horizontal-mischer\\\/\"]}]},{\"@type\":\"ImageObject\",\"inLanguage\":\"de\",\"@id\":\"https:\\\/\\\/jh.nl\\\/de\\\/product\\\/horizontal-mischer\\\/#primaryimage\",\"url\":\"https:\\\/\\\/jh.nl\\\/wp-content\\\/uploads\\\/2026\\\/05\\\/JHMH02.jpg\",\"contentUrl\":\"https:\\\/\\\/jh.nl\\\/wp-content\\\/uploads\\\/2026\\\/05\\\/JHMH02.jpg\",\"width\":2428,\"height\":2034,\"caption\":\"JHMH02\"},{\"@type\":\"BreadcrumbList\",\"@id\":\"https:\\\/\\\/jh.nl\\\/de\\\/product\\\/horizontal-mischer\\\/#breadcrumb\",\"itemListElement\":[{\"@type\":\"ListItem\",\"position\":1,\"name\":\"Home\",\"item\":\"https:\\\/\\\/jh.nl\\\/de\\\/\"},{\"@type\":\"ListItem\",\"position\":2,\"name\":\"Producten\",\"item\":\"https:\\\/\\\/jh.nl\\\/nl\\\/producten\\\/\"},{\"@type\":\"ListItem\",\"position\":3,\"name\":\"Getreidetechnik\",\"item\":\"https:\\\/\\\/jh.nl\\\/de\\\/produkt-kategorie\\\/getreidetechnik\\\/\"},{\"@type\":\"ListItem\",\"position\":4,\"name\":\"Mischfutter herstellen\",\"item\":\"https:\\\/\\\/jh.nl\\\/de\\\/produkt-kategorie\\\/getreidetechnik\\\/mischfutter-herstellen\\\/\"},{\"@type\":\"ListItem\",\"position\":5,\"name\":\"Horizontalmischer\"}]},{\"@type\":\"WebSite\",\"@id\":\"https:\\\/\\\/jh.nl\\\/nl\\\/#website\",\"url\":\"https:\\\/\\\/jh.nl\\\/nl\\\/\",\"name\":\"Jansen & Heuning\",\"description\":\"Bulk Handling Systems\",\"publisher\":{\"@id\":\"https:\\\/\\\/jh.nl\\\/nl\\\/#organization\"},\"alternateName\":\"J&H\",\"potentialAction\":[{\"@type\":\"SearchAction\",\"target\":{\"@type\":\"EntryPoint\",\"urlTemplate\":\"https:\\\/\\\/jh.nl\\\/nl\\\/?s={search_term_string}\"},\"query-input\":{\"@type\":\"PropertyValueSpecification\",\"valueRequired\":true,\"valueName\":\"search_term_string\"}}],\"inLanguage\":\"de\"},{\"@type\":\"Organization\",\"@id\":\"https:\\\/\\\/jh.nl\\\/nl\\\/#organization\",\"name\":\"Jansen & Heuning\",\"alternateName\":\"J&H\",\"url\":\"https:\\\/\\\/jh.nl\\\/nl\\\/\",\"logo\":{\"@type\":\"ImageObject\",\"inLanguage\":\"de\",\"@id\":\"https:\\\/\\\/jh.nl\\\/nl\\\/#\\\/schema\\\/logo\\\/image\\\/\",\"url\":\"https:\\\/\\\/jh.nl\\\/wp-content\\\/uploads\\\/2022\\\/05\\\/JH-logo-scaled.gif\",\"contentUrl\":\"https:\\\/\\\/jh.nl\\\/wp-content\\\/uploads\\\/2022\\\/05\\\/JH-logo-scaled.gif\",\"width\":2560,\"height\":429,\"caption\":\"Jansen & Heuning\"},\"image\":{\"@id\":\"https:\\\/\\\/jh.nl\\\/nl\\\/#\\\/schema\\\/logo\\\/image\\\/\"},\"sameAs\":[\"https:\\\/\\\/www.facebook.com\\\/JansenHeuning\",\"https:\\\/\\\/www.youtube.com\\\/user\\\/JansenenHeuning\\\/featured\",\"https:\\\/\\\/www.linkedin.com\\\/company\\\/1768497\\\/\"]}]}<\/script>\n<!-- \/ Yoast SEO plugin. -->","yoast_head_json":{"title":"Horizontalmischer | Jansen&amp;Heuning","description":"Horizontalmischer | Jansen&amp;Heuning","robots":{"index":"index","follow":"follow","max-snippet":"max-snippet:-1","max-image-preview":"max-image-preview:large","max-video-preview":"max-video-preview:-1"},"canonical":"https:\/\/jh.nl\/de\/product\/horizontal-mischer\/","og_locale":"de_DE","og_type":"article","og_title":"Horizontalmischer | Jansen&amp;Heuning","og_description":"Horizontalmischer | Jansen&amp;Heuning","og_url":"https:\/\/jh.nl\/de\/product\/horizontal-mischer\/","og_site_name":"Jansen&amp;Heuning","article_publisher":"https:\/\/www.facebook.com\/JansenHeuning","article_modified_time":"2026-05-07T14:05:03+00:00","og_image":[{"width":2428,"height":2034,"url":"https:\/\/jh.nl\/wp-content\/uploads\/2026\/05\/JHMH02.jpg","type":"image\/jpeg"}],"twitter_card":"summary_large_image","twitter_misc":{"Gesch\u00e4tzte Lesezeit":"2\u00a0Minuten"},"schema":{"@context":"https:\/\/schema.org","@graph":[{"@type":"WebPage","@id":"https:\/\/jh.nl\/de\/product\/horizontal-mischer\/","url":"https:\/\/jh.nl\/de\/product\/horizontal-mischer\/","name":"Horizontalmischer | Jansen&amp;Heuning","isPartOf":{"@id":"https:\/\/jh.nl\/nl\/#website"},"primaryImageOfPage":{"@id":"https:\/\/jh.nl\/de\/product\/horizontal-mischer\/#primaryimage"},"image":{"@id":"https:\/\/jh.nl\/de\/product\/horizontal-mischer\/#primaryimage"},"thumbnailUrl":"https:\/\/jh.nl\/wp-content\/uploads\/2026\/05\/JHMH02.jpg","datePublished":"2026-05-04T09:35:03+00:00","dateModified":"2026-05-07T14:05:03+00:00","description":"Horizontalmischer | Jansen&amp;Heuning","breadcrumb":{"@id":"https:\/\/jh.nl\/de\/product\/horizontal-mischer\/#breadcrumb"},"inLanguage":"de","potentialAction":[{"@type":"ReadAction","target":["https:\/\/jh.nl\/de\/product\/horizontal-mischer\/"]}]},{"@type":"ImageObject","inLanguage":"de","@id":"https:\/\/jh.nl\/de\/product\/horizontal-mischer\/#primaryimage","url":"https:\/\/jh.nl\/wp-content\/uploads\/2026\/05\/JHMH02.jpg","contentUrl":"https:\/\/jh.nl\/wp-content\/uploads\/2026\/05\/JHMH02.jpg","width":2428,"height":2034,"caption":"JHMH02"},{"@type":"BreadcrumbList","@id":"https:\/\/jh.nl\/de\/product\/horizontal-mischer\/#breadcrumb","itemListElement":[{"@type":"ListItem","position":1,"name":"Home","item":"https:\/\/jh.nl\/de\/"},{"@type":"ListItem","position":2,"name":"Producten","item":"https:\/\/jh.nl\/nl\/producten\/"},{"@type":"ListItem","position":3,"name":"Getreidetechnik","item":"https:\/\/jh.nl\/de\/produkt-kategorie\/getreidetechnik\/"},{"@type":"ListItem","position":4,"name":"Mischfutter herstellen","item":"https:\/\/jh.nl\/de\/produkt-kategorie\/getreidetechnik\/mischfutter-herstellen\/"},{"@type":"ListItem","position":5,"name":"Horizontalmischer"}]},{"@type":"WebSite","@id":"https:\/\/jh.nl\/nl\/#website","url":"https:\/\/jh.nl\/nl\/","name":"Jansen & Heuning","description":"Bulk Handling Systems","publisher":{"@id":"https:\/\/jh.nl\/nl\/#organization"},"alternateName":"J&H","potentialAction":[{"@type":"SearchAction","target":{"@type":"EntryPoint","urlTemplate":"https:\/\/jh.nl\/nl\/?s={search_term_string}"},"query-input":{"@type":"PropertyValueSpecification","valueRequired":true,"valueName":"search_term_string"}}],"inLanguage":"de"},{"@type":"Organization","@id":"https:\/\/jh.nl\/nl\/#organization","name":"Jansen & Heuning","alternateName":"J&H","url":"https:\/\/jh.nl\/nl\/","logo":{"@type":"ImageObject","inLanguage":"de","@id":"https:\/\/jh.nl\/nl\/#\/schema\/logo\/image\/","url":"https:\/\/jh.nl\/wp-content\/uploads\/2022\/05\/JH-logo-scaled.gif","contentUrl":"https:\/\/jh.nl\/wp-content\/uploads\/2022\/05\/JH-logo-scaled.gif","width":2560,"height":429,"caption":"Jansen & Heuning"},"image":{"@id":"https:\/\/jh.nl\/nl\/#\/schema\/logo\/image\/"},"sameAs":["https:\/\/www.facebook.com\/JansenHeuning","https:\/\/www.youtube.com\/user\/JansenenHeuning\/featured","https:\/\/www.linkedin.com\/company\/1768497\/"]}]}},"_links":{"self":[{"href":"https:\/\/jh.nl\/de\/wp-json\/wp\/v2\/product\/28409","targetHints":{"allow":["GET"]}}],"collection":[{"href":"https:\/\/jh.nl\/de\/wp-json\/wp\/v2\/product"}],"about":[{"href":"https:\/\/jh.nl\/de\/wp-json\/wp\/v2\/types\/product"}],"replies":[{"embeddable":true,"href":"https:\/\/jh.nl\/de\/wp-json\/wp\/v2\/comments?post=28409"}],"wp:featuredmedia":[{"embeddable":true,"href":"https:\/\/jh.nl\/de\/wp-json\/wp\/v2\/media\/28413"}],"wp:attachment":[{"href":"https:\/\/jh.nl\/de\/wp-json\/wp\/v2\/media?parent=28409"}],"wp:term":[{"taxonomy":"product_brand","embeddable":true,"href":"https:\/\/jh.nl\/de\/wp-json\/wp\/v2\/product_brand?post=28409"},{"taxonomy":"product_cat","embeddable":true,"href":"https:\/\/jh.nl\/de\/wp-json\/wp\/v2\/product_cat?post=28409"},{"taxonomy":"product_tag","embeddable":true,"href":"https:\/\/jh.nl\/de\/wp-json\/wp\/v2\/product_tag?post=28409"}],"curies":[{"name":"wp","href":"https:\/\/api.w.org\/{rel}","templated":true}]}}