{"id":28423,"date":"2026-05-01T15:55:38","date_gmt":"2026-05-01T13:55:38","guid":{"rendered":"https:\/\/jh.nl\/?post_type=product&#038;p=28423"},"modified":"2026-05-01T15:58:55","modified_gmt":"2026-05-01T13:58:55","slug":"diagonal-mischer-jhmd10-und-jhdm15","status":"publish","type":"product","link":"https:\/\/jh.nl\/de\/product\/diagonal-mischer-jhmd10-und-jhdm15\/","title":{"rendered":"Diagonal Mischer JHMD10 und JHDM15"},"content":{"rendered":"<p>Der Diagonal-Mischer eignet sich zum schonenden Mischen nahezu aller Arten von Rohstoffen in Form von Mehl oder Granulat. Es ist m\u00f6glich, fl\u00fcssige Rohstoffe wie Fett, Melasse oder \u00d6l w\u00e4hrend des Mischvorgangs zuzugeben. Das Mischprinzip, das auf einer gro\u00dfen, langsam rotierenden Bodenschnecke basiert, schont die Struktur des Rohmaterials, wodurch sich der Diagonal-Mischer f\u00fcr das<br \/>\nMischen von Rinderfutter mit zerkleinerten Bestandteilen eignet. Das Mischen von CCM ist m\u00f6glich.<\/p>\n<p>&nbsp;<\/p>\n<h2>Vorteile Diagonal Misscher<\/h2>\n<ul>\n<li>Auch f\u00fcr kleine Mengen geeignet<\/li>\n<li>Leicht zug\u00e4nglicher Konzentratspeicher<\/li>\n<li>Effizient \u2013 auch bei Fett und Melasse<\/li>\n<li>Geeignet f\u00fcr den Einsatz auf W\u00e4gezellen<\/li>\n<li>Robuste Konstruktion mit Getriebemotorantrieb<\/li>\n<li>Hohe Mischgenauigkeit \u2013 auch bei feuchten Materialien<\/li>\n<\/ul>\n","protected":false},"excerpt":{"rendered":"<p>Der Diagonal-Mischer eignet sich zum schonenden Mischen nahezu aller Arten&#8230;<\/p>\n","protected":false},"featured_media":28425,"comment_status":"open","ping_status":"closed","template":"","meta":{"_acf_changed":false},"product_brand":[],"product_cat":[423],"product_tag":[],"class_list":{"0":"post-28423","1":"product","2":"type-product","3":"status-publish","4":"has-post-thumbnail","6":"product_cat-rollensortierer","8":"first","9":"instock","10":"taxable","11":"shipping-taxable","12":"product-type-simple"},"acf":[],"yoast_head":"<!-- This site is optimized with the Yoast SEO plugin v27.5 - https:\/\/yoast.com\/product\/yoast-seo-wordpress\/ -->\n<title>Diagonal Mischer JHMD10 und JHDM15 | Jansen&amp;Heuning<\/title>\n<meta name=\"description\" content=\"Diagonal Mischer JHMD10 und JHDM15 | Jansen&amp;Heuning\" \/>\n<meta name=\"robots\" content=\"index, follow, max-snippet:-1, max-image-preview:large, max-video-preview:-1\" \/>\n<link rel=\"canonical\" href=\"https:\/\/jh.nl\/de\/product\/diagonal-mischer-jhmd10-und-jhdm15\/\" \/>\n<meta property=\"og:locale\" content=\"de_DE\" \/>\n<meta property=\"og:type\" content=\"article\" \/>\n<meta property=\"og:title\" content=\"Diagonal Mischer JHMD10 und JHDM15 | Jansen&amp;Heuning\" \/>\n<meta property=\"og:description\" content=\"Diagonal Mischer JHMD10 und JHDM15 | Jansen&amp;Heuning\" \/>\n<meta property=\"og:url\" content=\"https:\/\/jh.nl\/de\/product\/diagonal-mischer-jhmd10-und-jhdm15\/\" \/>\n<meta property=\"og:site_name\" content=\"Jansen&amp;Heuning\" \/>\n<meta property=\"article:publisher\" content=\"https:\/\/www.facebook.com\/JansenHeuning\" \/>\n<meta property=\"article:modified_time\" content=\"2026-05-01T13:58:55+00:00\" \/>\n<meta property=\"og:image\" content=\"https:\/\/jh.nl\/wp-content\/uploads\/2026\/05\/JHMD10-15.jpg\" \/>\n\t<meta property=\"og:image:width\" content=\"2066\" \/>\n\t<meta property=\"og:image:height\" content=\"2225\" \/>\n\t<meta property=\"og:image:type\" content=\"image\/jpeg\" \/>\n<meta name=\"twitter:card\" content=\"summary_large_image\" \/>\n<meta name=\"twitter:label1\" content=\"Gesch\u00e4tzte Lesezeit\" \/>\n\t<meta name=\"twitter:data1\" content=\"1\u00a0Minute\" \/>\n<script type=\"application\/ld+json\" class=\"yoast-schema-graph\">{\"@context\":\"https:\\\/\\\/schema.org\",\"@graph\":[{\"@type\":\"WebPage\",\"@id\":\"https:\\\/\\\/jh.nl\\\/de\\\/product\\\/diagonal-mischer-jhmd10-und-jhdm15\\\/\",\"url\":\"https:\\\/\\\/jh.nl\\\/de\\\/product\\\/diagonal-mischer-jhmd10-und-jhdm15\\\/\",\"name\":\"Diagonal Mischer JHMD10 und JHDM15 | Jansen&amp;Heuning\",\"isPartOf\":{\"@id\":\"https:\\\/\\\/jh.nl\\\/nl\\\/#website\"},\"primaryImageOfPage\":{\"@id\":\"https:\\\/\\\/jh.nl\\\/de\\\/product\\\/diagonal-mischer-jhmd10-und-jhdm15\\\/#primaryimage\"},\"image\":{\"@id\":\"https:\\\/\\\/jh.nl\\\/de\\\/product\\\/diagonal-mischer-jhmd10-und-jhdm15\\\/#primaryimage\"},\"thumbnailUrl\":\"https:\\\/\\\/jh.nl\\\/wp-content\\\/uploads\\\/2026\\\/05\\\/JHMD10-15.jpg\",\"datePublished\":\"2026-05-01T13:55:38+00:00\",\"dateModified\":\"2026-05-01T13:58:55+00:00\",\"description\":\"Diagonal Mischer JHMD10 und JHDM15 | Jansen&amp;Heuning\",\"breadcrumb\":{\"@id\":\"https:\\\/\\\/jh.nl\\\/de\\\/product\\\/diagonal-mischer-jhmd10-und-jhdm15\\\/#breadcrumb\"},\"inLanguage\":\"de\",\"potentialAction\":[{\"@type\":\"ReadAction\",\"target\":[\"https:\\\/\\\/jh.nl\\\/de\\\/product\\\/diagonal-mischer-jhmd10-und-jhdm15\\\/\"]}]},{\"@type\":\"ImageObject\",\"inLanguage\":\"de\",\"@id\":\"https:\\\/\\\/jh.nl\\\/de\\\/product\\\/diagonal-mischer-jhmd10-und-jhdm15\\\/#primaryimage\",\"url\":\"https:\\\/\\\/jh.nl\\\/wp-content\\\/uploads\\\/2026\\\/05\\\/JHMD10-15.jpg\",\"contentUrl\":\"https:\\\/\\\/jh.nl\\\/wp-content\\\/uploads\\\/2026\\\/05\\\/JHMD10-15.jpg\",\"width\":2066,\"height\":2225,\"caption\":\"JHMD10-15\"},{\"@type\":\"BreadcrumbList\",\"@id\":\"https:\\\/\\\/jh.nl\\\/de\\\/product\\\/diagonal-mischer-jhmd10-und-jhdm15\\\/#breadcrumb\",\"itemListElement\":[{\"@type\":\"ListItem\",\"position\":1,\"name\":\"Home\",\"item\":\"https:\\\/\\\/jh.nl\\\/de\\\/\"},{\"@type\":\"ListItem\",\"position\":2,\"name\":\"Producten\",\"item\":\"https:\\\/\\\/jh.nl\\\/nl\\\/producten\\\/\"},{\"@type\":\"ListItem\",\"position\":3,\"name\":\"Graantechniek\",\"item\":\"https:\\\/\\\/jh.nl\\\/nl\\\/product-categorie\\\/graantechniek\\\/\"},{\"@type\":\"ListItem\",\"position\":4,\"name\":\"Mengvoer Productie\",\"item\":\"https:\\\/\\\/jh.nl\\\/nl\\\/product-categorie\\\/graantechniek\\\/mengvoer-productie\\\/\"},{\"@type\":\"ListItem\",\"position\":5,\"name\":\"Diagonal Mischer JHMD10 und JHDM15\"}]},{\"@type\":\"WebSite\",\"@id\":\"https:\\\/\\\/jh.nl\\\/nl\\\/#website\",\"url\":\"https:\\\/\\\/jh.nl\\\/nl\\\/\",\"name\":\"Jansen & Heuning\",\"description\":\"Bulk Handling Systems\",\"publisher\":{\"@id\":\"https:\\\/\\\/jh.nl\\\/nl\\\/#organization\"},\"alternateName\":\"J&H\",\"potentialAction\":[{\"@type\":\"SearchAction\",\"target\":{\"@type\":\"EntryPoint\",\"urlTemplate\":\"https:\\\/\\\/jh.nl\\\/nl\\\/?s={search_term_string}\"},\"query-input\":{\"@type\":\"PropertyValueSpecification\",\"valueRequired\":true,\"valueName\":\"search_term_string\"}}],\"inLanguage\":\"de\"},{\"@type\":\"Organization\",\"@id\":\"https:\\\/\\\/jh.nl\\\/nl\\\/#organization\",\"name\":\"Jansen & Heuning\",\"alternateName\":\"J&H\",\"url\":\"https:\\\/\\\/jh.nl\\\/nl\\\/\",\"logo\":{\"@type\":\"ImageObject\",\"inLanguage\":\"de\",\"@id\":\"https:\\\/\\\/jh.nl\\\/nl\\\/#\\\/schema\\\/logo\\\/image\\\/\",\"url\":\"https:\\\/\\\/jh.nl\\\/wp-content\\\/uploads\\\/2022\\\/05\\\/JH-logo-scaled.gif\",\"contentUrl\":\"https:\\\/\\\/jh.nl\\\/wp-content\\\/uploads\\\/2022\\\/05\\\/JH-logo-scaled.gif\",\"width\":2560,\"height\":429,\"caption\":\"Jansen & Heuning\"},\"image\":{\"@id\":\"https:\\\/\\\/jh.nl\\\/nl\\\/#\\\/schema\\\/logo\\\/image\\\/\"},\"sameAs\":[\"https:\\\/\\\/www.facebook.com\\\/JansenHeuning\",\"https:\\\/\\\/www.youtube.com\\\/user\\\/JansenenHeuning\\\/featured\",\"https:\\\/\\\/www.linkedin.com\\\/company\\\/1768497\\\/\"]}]}<\/script>\n<!-- \/ Yoast SEO plugin. -->","yoast_head_json":{"title":"Diagonal Mischer JHMD10 und JHDM15 | Jansen&amp;Heuning","description":"Diagonal Mischer JHMD10 und JHDM15 | Jansen&amp;Heuning","robots":{"index":"index","follow":"follow","max-snippet":"max-snippet:-1","max-image-preview":"max-image-preview:large","max-video-preview":"max-video-preview:-1"},"canonical":"https:\/\/jh.nl\/de\/product\/diagonal-mischer-jhmd10-und-jhdm15\/","og_locale":"de_DE","og_type":"article","og_title":"Diagonal Mischer JHMD10 und JHDM15 | Jansen&amp;Heuning","og_description":"Diagonal Mischer JHMD10 und JHDM15 | Jansen&amp;Heuning","og_url":"https:\/\/jh.nl\/de\/product\/diagonal-mischer-jhmd10-und-jhdm15\/","og_site_name":"Jansen&amp;Heuning","article_publisher":"https:\/\/www.facebook.com\/JansenHeuning","article_modified_time":"2026-05-01T13:58:55+00:00","og_image":[{"width":2066,"height":2225,"url":"https:\/\/jh.nl\/wp-content\/uploads\/2026\/05\/JHMD10-15.jpg","type":"image\/jpeg"}],"twitter_card":"summary_large_image","twitter_misc":{"Gesch\u00e4tzte Lesezeit":"1\u00a0Minute"},"schema":{"@context":"https:\/\/schema.org","@graph":[{"@type":"WebPage","@id":"https:\/\/jh.nl\/de\/product\/diagonal-mischer-jhmd10-und-jhdm15\/","url":"https:\/\/jh.nl\/de\/product\/diagonal-mischer-jhmd10-und-jhdm15\/","name":"Diagonal Mischer JHMD10 und JHDM15 | Jansen&amp;Heuning","isPartOf":{"@id":"https:\/\/jh.nl\/nl\/#website"},"primaryImageOfPage":{"@id":"https:\/\/jh.nl\/de\/product\/diagonal-mischer-jhmd10-und-jhdm15\/#primaryimage"},"image":{"@id":"https:\/\/jh.nl\/de\/product\/diagonal-mischer-jhmd10-und-jhdm15\/#primaryimage"},"thumbnailUrl":"https:\/\/jh.nl\/wp-content\/uploads\/2026\/05\/JHMD10-15.jpg","datePublished":"2026-05-01T13:55:38+00:00","dateModified":"2026-05-01T13:58:55+00:00","description":"Diagonal Mischer JHMD10 und JHDM15 | Jansen&amp;Heuning","breadcrumb":{"@id":"https:\/\/jh.nl\/de\/product\/diagonal-mischer-jhmd10-und-jhdm15\/#breadcrumb"},"inLanguage":"de","potentialAction":[{"@type":"ReadAction","target":["https:\/\/jh.nl\/de\/product\/diagonal-mischer-jhmd10-und-jhdm15\/"]}]},{"@type":"ImageObject","inLanguage":"de","@id":"https:\/\/jh.nl\/de\/product\/diagonal-mischer-jhmd10-und-jhdm15\/#primaryimage","url":"https:\/\/jh.nl\/wp-content\/uploads\/2026\/05\/JHMD10-15.jpg","contentUrl":"https:\/\/jh.nl\/wp-content\/uploads\/2026\/05\/JHMD10-15.jpg","width":2066,"height":2225,"caption":"JHMD10-15"},{"@type":"BreadcrumbList","@id":"https:\/\/jh.nl\/de\/product\/diagonal-mischer-jhmd10-und-jhdm15\/#breadcrumb","itemListElement":[{"@type":"ListItem","position":1,"name":"Home","item":"https:\/\/jh.nl\/de\/"},{"@type":"ListItem","position":2,"name":"Producten","item":"https:\/\/jh.nl\/nl\/producten\/"},{"@type":"ListItem","position":3,"name":"Graantechniek","item":"https:\/\/jh.nl\/nl\/product-categorie\/graantechniek\/"},{"@type":"ListItem","position":4,"name":"Mengvoer Productie","item":"https:\/\/jh.nl\/nl\/product-categorie\/graantechniek\/mengvoer-productie\/"},{"@type":"ListItem","position":5,"name":"Diagonal Mischer JHMD10 und JHDM15"}]},{"@type":"WebSite","@id":"https:\/\/jh.nl\/nl\/#website","url":"https:\/\/jh.nl\/nl\/","name":"Jansen & Heuning","description":"Bulk Handling Systems","publisher":{"@id":"https:\/\/jh.nl\/nl\/#organization"},"alternateName":"J&H","potentialAction":[{"@type":"SearchAction","target":{"@type":"EntryPoint","urlTemplate":"https:\/\/jh.nl\/nl\/?s={search_term_string}"},"query-input":{"@type":"PropertyValueSpecification","valueRequired":true,"valueName":"search_term_string"}}],"inLanguage":"de"},{"@type":"Organization","@id":"https:\/\/jh.nl\/nl\/#organization","name":"Jansen & Heuning","alternateName":"J&H","url":"https:\/\/jh.nl\/nl\/","logo":{"@type":"ImageObject","inLanguage":"de","@id":"https:\/\/jh.nl\/nl\/#\/schema\/logo\/image\/","url":"https:\/\/jh.nl\/wp-content\/uploads\/2022\/05\/JH-logo-scaled.gif","contentUrl":"https:\/\/jh.nl\/wp-content\/uploads\/2022\/05\/JH-logo-scaled.gif","width":2560,"height":429,"caption":"Jansen & Heuning"},"image":{"@id":"https:\/\/jh.nl\/nl\/#\/schema\/logo\/image\/"},"sameAs":["https:\/\/www.facebook.com\/JansenHeuning","https:\/\/www.youtube.com\/user\/JansenenHeuning\/featured","https:\/\/www.linkedin.com\/company\/1768497\/"]}]}},"_links":{"self":[{"href":"https:\/\/jh.nl\/de\/wp-json\/wp\/v2\/product\/28423","targetHints":{"allow":["GET"]}}],"collection":[{"href":"https:\/\/jh.nl\/de\/wp-json\/wp\/v2\/product"}],"about":[{"href":"https:\/\/jh.nl\/de\/wp-json\/wp\/v2\/types\/product"}],"replies":[{"embeddable":true,"href":"https:\/\/jh.nl\/de\/wp-json\/wp\/v2\/comments?post=28423"}],"wp:featuredmedia":[{"embeddable":true,"href":"https:\/\/jh.nl\/de\/wp-json\/wp\/v2\/media\/28425"}],"wp:attachment":[{"href":"https:\/\/jh.nl\/de\/wp-json\/wp\/v2\/media?parent=28423"}],"wp:term":[{"taxonomy":"product_brand","embeddable":true,"href":"https:\/\/jh.nl\/de\/wp-json\/wp\/v2\/product_brand?post=28423"},{"taxonomy":"product_cat","embeddable":true,"href":"https:\/\/jh.nl\/de\/wp-json\/wp\/v2\/product_cat?post=28423"},{"taxonomy":"product_tag","embeddable":true,"href":"https:\/\/jh.nl\/de\/wp-json\/wp\/v2\/product_tag?post=28423"}],"curies":[{"name":"wp","href":"https:\/\/api.w.org\/{rel}","templated":true}]}}