{"id":28485,"date":"2026-05-01T15:55:10","date_gmt":"2026-05-01T13:55:10","guid":{"rendered":"https:\/\/jh.nl\/product\/diagonaal-mixer-jhmd10-en-jhmd15\/"},"modified":"2026-05-07T15:41:23","modified_gmt":"2026-05-07T13:41:23","slug":"diagonaal-mixer-jhmd10-en-jhmd15","status":"publish","type":"product","link":"https:\/\/jh.nl\/de\/product\/diagonaal-mixer-jhmd10-en-jhmd15\/","title":{"rendered":"Diagonalmischer"},"content":{"rendered":"<p>Der Diagonalmischer eignet sich zum pr\u00e4zisen Mischen von Mehl und Granulat. Das Mischprinzip basiert auf einer gro\u00dfen Bodenschnecke, die sich langsam dreht. Dies gew\u00e4hrleistet eine schonende Behandlung der Rohstoffe \u2014 auch wenn das Gemisch gemahlenes Material enth\u00e4lt, wie beispielsweise in Tierfutter.<\/p>\n<p>W\u00e4hrend des Mischvorgangs k\u00f6nnen fl\u00fcssige Rohstoffe zugegeben werden, wie Fett, Melasse oder \u00d6l.<br \/>\nAuch das Mischen von CCM ist m\u00f6glich.<\/p>\n<p><strong>Funktionsweise des Diagonalmischers<\/strong><\/p>\n<p>Die Bodenschnecke f\u00f6rdert das Material nach oben, woraufhin es \u00fcber den Haufen zur\u00fcckrollt zum Boden und sich dabei mit dem \u00fcbrigen Inhalt des Mischers vermischt.<\/p>\n<p><img fetchpriority=\"high\" decoding=\"async\" class=\"\" src=\"https:\/\/jh.nl\/wp-content\/uploads\/2026\/05\/JHMD10-15-Werking.png\" width=\"354\" height=\"257\" \/><\/p>\n<h2><strong>Anwendung Diagonalmischer<\/strong><\/h2>\n<ul>\n<li>Tierfutter mit gemahlenen Bestandteilen<\/li>\n<li>Rohstoffe in Form von Mehl oder Granulat<\/li>\n<li>Produkte, bei denen die Zugabe von Fl\u00fcssigkeiten erforderlich ist<\/li>\n<\/ul>\n<h2><strong>Technische Spezifikation Diagonalmischer<\/strong><\/h2>\n<table style=\"border-collapse: collapse; width: 100%;\">\n<tbody>\n<tr>\n<td style=\"width: 39.4891%;\"><strong>Typ<\/strong><\/td>\n<td style=\"width: 30.6951%; text-align: center;\"><strong>JHMD10<\/strong><\/td>\n<td style=\"width: 29.8157%; text-align: center;\"><strong>JHMD15<\/strong><\/td>\n<\/tr>\n<tr>\n<td style=\"width: 39.4891%;\">Kapazit\u00e4t (t\/h)<\/td>\n<td style=\"width: 30.6951%; text-align: center;\">3,0<\/td>\n<td style=\"width: 29.8157%; text-align: center;\">4,5<\/td>\n<\/tr>\n<tr>\n<td style=\"width: 39.4891%;\">Chargengr\u00f6\u00dfe (kg)<\/td>\n<td style=\"width: 30.6951%; text-align: center;\">1.000<\/td>\n<td style=\"width: 29.8157%; text-align: center;\">1.500<\/td>\n<\/tr>\n<tr>\n<td style=\"width: 39.4891%;\">Entleerungszeit (min)<\/td>\n<td style=\"width: 30.6951%; text-align: center;\">8 &#8211; 10<\/td>\n<td style=\"width: 29.8157%; text-align: center;\">1- &#8211; 12<\/td>\n<\/tr>\n<tr>\n<td style=\"width: 39.4891%;\">Mischzeit \u2013 Trockenprodukte (min<\/td>\n<td style=\"width: 30.6951%; text-align: center;\">10 &#8211; 15<\/td>\n<td style=\"width: 29.8157%; text-align: center;\">10 &#8211; 15<\/td>\n<\/tr>\n<tr>\n<td style=\"width: 39.4891%;\">Mischzeit \u2013 Fl\u00fcssigkeiten &lt;3% (min)<\/td>\n<td style=\"width: 30.6951%; text-align: center;\">15 &#8211; 20<\/td>\n<td style=\"width: 29.8157%; text-align: center;\">15 &#8211; 20<\/td>\n<\/tr>\n<tr>\n<td style=\"width: 39.4891%;\">Mischgenauigkeit<\/td>\n<td style=\"width: 30.6951%; text-align: center;\">1 : 10.000<\/td>\n<td style=\"width: 29.8157%; text-align: center;\">1 : 10.000<\/td>\n<\/tr>\n<tr>\n<td style=\"width: 39.4891%;\">Antrieb (kW)<\/td>\n<td style=\"width: 30.6951%; text-align: center;\">4<\/td>\n<td style=\"width: 29.8157%; text-align: center;\">5,5<\/td>\n<\/tr>\n<tr>\n<td style=\"width: 39.4891%;\">Gewicht (kg)<\/td>\n<td style=\"width: 30.6951%; text-align: center;\">440<\/td>\n<td style=\"width: 29.8157%; text-align: center;\">465<\/td>\n<\/tr>\n<tr>\n<td style=\"width: 39.4891%;\">Fl\u00fcssigkeitszudosierung, maximal<\/td>\n<td style=\"width: 30.6951%; text-align: center;\">6%<\/td>\n<td style=\"width: 29.8157%; text-align: center;\">6%<\/td>\n<\/tr>\n<tr>\n<td style=\"width: 39.4891%;\">Neigungswinkel F\u00f6rderschnecke<\/td>\n<td style=\"width: 30.6951%; text-align: center;\">27\u00b0<\/td>\n<td style=\"width: 29.8157%; text-align: center;\">27\u00b0<\/td>\n<\/tr>\n<\/tbody>\n<\/table>\n<h2><img decoding=\"async\" class=\"\" src=\"https:\/\/jh.nl\/wp-content\/uploads\/2026\/05\/Maatschets-JHMD10-15-.png\" width=\"569\" height=\"603\" \/><\/h2>\n<h2>Vorteile Diagonalmischer<\/h2>\n<ul>\n<li>Hohe Mischgenauigkeit \u2013 auch bei feuchten Materialien<\/li>\n<li>Auch geeignet f\u00fcr das Mischen kleiner Mengen<\/li>\n<li>Leicht zug\u00e4nglicher Mischtrichter<\/li>\n<li>Effizient \u2013 auch bei Zugabe von Fett und Melasse<\/li>\n<li>Geeignet f\u00fcr die Aufstellung auf W\u00e4gezellen<\/li>\n<li>Robuste Konstruktion<\/li>\n<li>Antrieb mit Getriebemotor<\/li>\n<\/ul>\n","protected":false},"excerpt":{"rendered":"<p>Der Diagonalmischer eignet sich zum pr\u00e4zisen Mischen von Mehl und&#8230;<\/p>\n","protected":false},"featured_media":28425,"comment_status":"open","ping_status":"closed","template":"","meta":{"_acf_changed":false},"product_brand":[],"product_cat":[1009],"product_tag":[],"class_list":{"0":"post-28485","1":"product","2":"type-product","3":"status-publish","4":"has-post-thumbnail","6":"product_cat-mischfutter-herstellen","8":"first","9":"instock","10":"taxable","11":"shipping-taxable","12":"product-type-simple"},"acf":[],"yoast_head":"<!-- This site is optimized with the Yoast SEO plugin v27.5 - https:\/\/yoast.com\/product\/yoast-seo-wordpress\/ -->\n<title>Diagonalmischer | Jansen&amp;Heuning<\/title>\n<meta name=\"description\" content=\"Diagonalmischer | Jansen&amp;Heuning\" \/>\n<meta name=\"robots\" content=\"index, follow, max-snippet:-1, max-image-preview:large, max-video-preview:-1\" \/>\n<link rel=\"canonical\" href=\"https:\/\/jh.nl\/de\/product\/diagonaal-mixer-jhmd10-en-jhmd15\/\" \/>\n<meta property=\"og:locale\" content=\"de_DE\" \/>\n<meta property=\"og:type\" content=\"article\" \/>\n<meta property=\"og:title\" content=\"Diagonalmischer | Jansen&amp;Heuning\" \/>\n<meta property=\"og:description\" content=\"Diagonalmischer | Jansen&amp;Heuning\" \/>\n<meta property=\"og:url\" content=\"https:\/\/jh.nl\/de\/product\/diagonaal-mixer-jhmd10-en-jhmd15\/\" \/>\n<meta property=\"og:site_name\" content=\"Jansen&amp;Heuning\" \/>\n<meta property=\"article:publisher\" content=\"https:\/\/www.facebook.com\/JansenHeuning\" \/>\n<meta property=\"article:modified_time\" content=\"2026-05-07T13:41:23+00:00\" \/>\n<meta property=\"og:image\" content=\"https:\/\/jh.nl\/wp-content\/uploads\/2026\/05\/JHMD10-15.jpg\" \/>\n\t<meta property=\"og:image:width\" content=\"2066\" \/>\n\t<meta property=\"og:image:height\" content=\"2225\" \/>\n\t<meta property=\"og:image:type\" content=\"image\/jpeg\" \/>\n<meta name=\"twitter:card\" content=\"summary_large_image\" \/>\n<meta name=\"twitter:label1\" content=\"Gesch\u00e4tzte Lesezeit\" \/>\n\t<meta name=\"twitter:data1\" content=\"2\u00a0Minuten\" \/>\n<script type=\"application\/ld+json\" class=\"yoast-schema-graph\">{\"@context\":\"https:\\\/\\\/schema.org\",\"@graph\":[{\"@type\":\"WebPage\",\"@id\":\"https:\\\/\\\/jh.nl\\\/de\\\/product\\\/diagonaal-mixer-jhmd10-en-jhmd15\\\/\",\"url\":\"https:\\\/\\\/jh.nl\\\/de\\\/product\\\/diagonaal-mixer-jhmd10-en-jhmd15\\\/\",\"name\":\"Diagonalmischer | Jansen&amp;Heuning\",\"isPartOf\":{\"@id\":\"https:\\\/\\\/jh.nl\\\/nl\\\/#website\"},\"primaryImageOfPage\":{\"@id\":\"https:\\\/\\\/jh.nl\\\/de\\\/product\\\/diagonaal-mixer-jhmd10-en-jhmd15\\\/#primaryimage\"},\"image\":{\"@id\":\"https:\\\/\\\/jh.nl\\\/de\\\/product\\\/diagonaal-mixer-jhmd10-en-jhmd15\\\/#primaryimage\"},\"thumbnailUrl\":\"https:\\\/\\\/jh.nl\\\/wp-content\\\/uploads\\\/2026\\\/05\\\/JHMD10-15.jpg\",\"datePublished\":\"2026-05-01T13:55:10+00:00\",\"dateModified\":\"2026-05-07T13:41:23+00:00\",\"description\":\"Diagonalmischer | Jansen&amp;Heuning\",\"breadcrumb\":{\"@id\":\"https:\\\/\\\/jh.nl\\\/de\\\/product\\\/diagonaal-mixer-jhmd10-en-jhmd15\\\/#breadcrumb\"},\"inLanguage\":\"de\",\"potentialAction\":[{\"@type\":\"ReadAction\",\"target\":[\"https:\\\/\\\/jh.nl\\\/de\\\/product\\\/diagonaal-mixer-jhmd10-en-jhmd15\\\/\"]}]},{\"@type\":\"ImageObject\",\"inLanguage\":\"de\",\"@id\":\"https:\\\/\\\/jh.nl\\\/de\\\/product\\\/diagonaal-mixer-jhmd10-en-jhmd15\\\/#primaryimage\",\"url\":\"https:\\\/\\\/jh.nl\\\/wp-content\\\/uploads\\\/2026\\\/05\\\/JHMD10-15.jpg\",\"contentUrl\":\"https:\\\/\\\/jh.nl\\\/wp-content\\\/uploads\\\/2026\\\/05\\\/JHMD10-15.jpg\",\"width\":2066,\"height\":2225,\"caption\":\"JHMD10-15\"},{\"@type\":\"BreadcrumbList\",\"@id\":\"https:\\\/\\\/jh.nl\\\/de\\\/product\\\/diagonaal-mixer-jhmd10-en-jhmd15\\\/#breadcrumb\",\"itemListElement\":[{\"@type\":\"ListItem\",\"position\":1,\"name\":\"Home\",\"item\":\"https:\\\/\\\/jh.nl\\\/de\\\/\"},{\"@type\":\"ListItem\",\"position\":2,\"name\":\"Producten\",\"item\":\"https:\\\/\\\/jh.nl\\\/nl\\\/producten\\\/\"},{\"@type\":\"ListItem\",\"position\":3,\"name\":\"Getreidetechnik\",\"item\":\"https:\\\/\\\/jh.nl\\\/de\\\/produkt-kategorie\\\/getreidetechnik\\\/\"},{\"@type\":\"ListItem\",\"position\":4,\"name\":\"Mischfutter herstellen\",\"item\":\"https:\\\/\\\/jh.nl\\\/de\\\/produkt-kategorie\\\/getreidetechnik\\\/mischfutter-herstellen\\\/\"},{\"@type\":\"ListItem\",\"position\":5,\"name\":\"Diagonalmischer\"}]},{\"@type\":\"WebSite\",\"@id\":\"https:\\\/\\\/jh.nl\\\/nl\\\/#website\",\"url\":\"https:\\\/\\\/jh.nl\\\/nl\\\/\",\"name\":\"Jansen & Heuning\",\"description\":\"Bulk Handling Systems\",\"publisher\":{\"@id\":\"https:\\\/\\\/jh.nl\\\/nl\\\/#organization\"},\"alternateName\":\"J&H\",\"potentialAction\":[{\"@type\":\"SearchAction\",\"target\":{\"@type\":\"EntryPoint\",\"urlTemplate\":\"https:\\\/\\\/jh.nl\\\/nl\\\/?s={search_term_string}\"},\"query-input\":{\"@type\":\"PropertyValueSpecification\",\"valueRequired\":true,\"valueName\":\"search_term_string\"}}],\"inLanguage\":\"de\"},{\"@type\":\"Organization\",\"@id\":\"https:\\\/\\\/jh.nl\\\/nl\\\/#organization\",\"name\":\"Jansen & Heuning\",\"alternateName\":\"J&H\",\"url\":\"https:\\\/\\\/jh.nl\\\/nl\\\/\",\"logo\":{\"@type\":\"ImageObject\",\"inLanguage\":\"de\",\"@id\":\"https:\\\/\\\/jh.nl\\\/nl\\\/#\\\/schema\\\/logo\\\/image\\\/\",\"url\":\"https:\\\/\\\/jh.nl\\\/wp-content\\\/uploads\\\/2022\\\/05\\\/JH-logo-scaled.gif\",\"contentUrl\":\"https:\\\/\\\/jh.nl\\\/wp-content\\\/uploads\\\/2022\\\/05\\\/JH-logo-scaled.gif\",\"width\":2560,\"height\":429,\"caption\":\"Jansen & Heuning\"},\"image\":{\"@id\":\"https:\\\/\\\/jh.nl\\\/nl\\\/#\\\/schema\\\/logo\\\/image\\\/\"},\"sameAs\":[\"https:\\\/\\\/www.facebook.com\\\/JansenHeuning\",\"https:\\\/\\\/www.youtube.com\\\/user\\\/JansenenHeuning\\\/featured\",\"https:\\\/\\\/www.linkedin.com\\\/company\\\/1768497\\\/\"]}]}<\/script>\n<!-- \/ Yoast SEO plugin. -->","yoast_head_json":{"title":"Diagonalmischer | Jansen&amp;Heuning","description":"Diagonalmischer | Jansen&amp;Heuning","robots":{"index":"index","follow":"follow","max-snippet":"max-snippet:-1","max-image-preview":"max-image-preview:large","max-video-preview":"max-video-preview:-1"},"canonical":"https:\/\/jh.nl\/de\/product\/diagonaal-mixer-jhmd10-en-jhmd15\/","og_locale":"de_DE","og_type":"article","og_title":"Diagonalmischer | Jansen&amp;Heuning","og_description":"Diagonalmischer | Jansen&amp;Heuning","og_url":"https:\/\/jh.nl\/de\/product\/diagonaal-mixer-jhmd10-en-jhmd15\/","og_site_name":"Jansen&amp;Heuning","article_publisher":"https:\/\/www.facebook.com\/JansenHeuning","article_modified_time":"2026-05-07T13:41:23+00:00","og_image":[{"width":2066,"height":2225,"url":"https:\/\/jh.nl\/wp-content\/uploads\/2026\/05\/JHMD10-15.jpg","type":"image\/jpeg"}],"twitter_card":"summary_large_image","twitter_misc":{"Gesch\u00e4tzte Lesezeit":"2\u00a0Minuten"},"schema":{"@context":"https:\/\/schema.org","@graph":[{"@type":"WebPage","@id":"https:\/\/jh.nl\/de\/product\/diagonaal-mixer-jhmd10-en-jhmd15\/","url":"https:\/\/jh.nl\/de\/product\/diagonaal-mixer-jhmd10-en-jhmd15\/","name":"Diagonalmischer | Jansen&amp;Heuning","isPartOf":{"@id":"https:\/\/jh.nl\/nl\/#website"},"primaryImageOfPage":{"@id":"https:\/\/jh.nl\/de\/product\/diagonaal-mixer-jhmd10-en-jhmd15\/#primaryimage"},"image":{"@id":"https:\/\/jh.nl\/de\/product\/diagonaal-mixer-jhmd10-en-jhmd15\/#primaryimage"},"thumbnailUrl":"https:\/\/jh.nl\/wp-content\/uploads\/2026\/05\/JHMD10-15.jpg","datePublished":"2026-05-01T13:55:10+00:00","dateModified":"2026-05-07T13:41:23+00:00","description":"Diagonalmischer | Jansen&amp;Heuning","breadcrumb":{"@id":"https:\/\/jh.nl\/de\/product\/diagonaal-mixer-jhmd10-en-jhmd15\/#breadcrumb"},"inLanguage":"de","potentialAction":[{"@type":"ReadAction","target":["https:\/\/jh.nl\/de\/product\/diagonaal-mixer-jhmd10-en-jhmd15\/"]}]},{"@type":"ImageObject","inLanguage":"de","@id":"https:\/\/jh.nl\/de\/product\/diagonaal-mixer-jhmd10-en-jhmd15\/#primaryimage","url":"https:\/\/jh.nl\/wp-content\/uploads\/2026\/05\/JHMD10-15.jpg","contentUrl":"https:\/\/jh.nl\/wp-content\/uploads\/2026\/05\/JHMD10-15.jpg","width":2066,"height":2225,"caption":"JHMD10-15"},{"@type":"BreadcrumbList","@id":"https:\/\/jh.nl\/de\/product\/diagonaal-mixer-jhmd10-en-jhmd15\/#breadcrumb","itemListElement":[{"@type":"ListItem","position":1,"name":"Home","item":"https:\/\/jh.nl\/de\/"},{"@type":"ListItem","position":2,"name":"Producten","item":"https:\/\/jh.nl\/nl\/producten\/"},{"@type":"ListItem","position":3,"name":"Getreidetechnik","item":"https:\/\/jh.nl\/de\/produkt-kategorie\/getreidetechnik\/"},{"@type":"ListItem","position":4,"name":"Mischfutter herstellen","item":"https:\/\/jh.nl\/de\/produkt-kategorie\/getreidetechnik\/mischfutter-herstellen\/"},{"@type":"ListItem","position":5,"name":"Diagonalmischer"}]},{"@type":"WebSite","@id":"https:\/\/jh.nl\/nl\/#website","url":"https:\/\/jh.nl\/nl\/","name":"Jansen & Heuning","description":"Bulk Handling Systems","publisher":{"@id":"https:\/\/jh.nl\/nl\/#organization"},"alternateName":"J&H","potentialAction":[{"@type":"SearchAction","target":{"@type":"EntryPoint","urlTemplate":"https:\/\/jh.nl\/nl\/?s={search_term_string}"},"query-input":{"@type":"PropertyValueSpecification","valueRequired":true,"valueName":"search_term_string"}}],"inLanguage":"de"},{"@type":"Organization","@id":"https:\/\/jh.nl\/nl\/#organization","name":"Jansen & Heuning","alternateName":"J&H","url":"https:\/\/jh.nl\/nl\/","logo":{"@type":"ImageObject","inLanguage":"de","@id":"https:\/\/jh.nl\/nl\/#\/schema\/logo\/image\/","url":"https:\/\/jh.nl\/wp-content\/uploads\/2022\/05\/JH-logo-scaled.gif","contentUrl":"https:\/\/jh.nl\/wp-content\/uploads\/2022\/05\/JH-logo-scaled.gif","width":2560,"height":429,"caption":"Jansen & Heuning"},"image":{"@id":"https:\/\/jh.nl\/nl\/#\/schema\/logo\/image\/"},"sameAs":["https:\/\/www.facebook.com\/JansenHeuning","https:\/\/www.youtube.com\/user\/JansenenHeuning\/featured","https:\/\/www.linkedin.com\/company\/1768497\/"]}]}},"_links":{"self":[{"href":"https:\/\/jh.nl\/de\/wp-json\/wp\/v2\/product\/28485","targetHints":{"allow":["GET"]}}],"collection":[{"href":"https:\/\/jh.nl\/de\/wp-json\/wp\/v2\/product"}],"about":[{"href":"https:\/\/jh.nl\/de\/wp-json\/wp\/v2\/types\/product"}],"replies":[{"embeddable":true,"href":"https:\/\/jh.nl\/de\/wp-json\/wp\/v2\/comments?post=28485"}],"wp:featuredmedia":[{"embeddable":true,"href":"https:\/\/jh.nl\/de\/wp-json\/wp\/v2\/media\/28425"}],"wp:attachment":[{"href":"https:\/\/jh.nl\/de\/wp-json\/wp\/v2\/media?parent=28485"}],"wp:term":[{"taxonomy":"product_brand","embeddable":true,"href":"https:\/\/jh.nl\/de\/wp-json\/wp\/v2\/product_brand?post=28485"},{"taxonomy":"product_cat","embeddable":true,"href":"https:\/\/jh.nl\/de\/wp-json\/wp\/v2\/product_cat?post=28485"},{"taxonomy":"product_tag","embeddable":true,"href":"https:\/\/jh.nl\/de\/wp-json\/wp\/v2\/product_tag?post=28485"}],"curies":[{"name":"wp","href":"https:\/\/api.w.org\/{rel}","templated":true}]}}