{"id":7875,"date":"2018-01-29T15:39:05","date_gmt":"2018-01-29T14:50:40","guid":{"rendered":"https:\/\/jh.nl\/product\/granolyser\/"},"modified":"2019-09-11T11:05:17","modified_gmt":"2019-09-11T09:05:17","slug":"granolyser","status":"publish","type":"product","link":"https:\/\/jh.nl\/de\/product\/granolyser\/","title":{"rendered":"Granolyser"},"content":{"rendered":"<p>Der Granolyser ist ein Diodenarray basiertes NIR Analysenger\u00e4t. Es ist zur Untersuchung einer Vielzahl von verschiedenen K\u00f6rnerfr\u00fcchten geeignet, wie Getreide, \u00d6lsaaten, Leguminosen und Mais. Der Granolyser hat einen Wellenl\u00e4ngenbereich von 950 bis 1540 nm mit einer hohen Aufl\u00f6sung und bietet damit die beste Basis f\u00fcr pr\u00e4zise und aussagekr\u00e4ftige Ergebnisse von Parametern wie Feuchte, Protein, \u00d6l, Sedi und Kleber.<\/p>\n<h3>Bedienung<\/h3>\n<p>Die Probe (600 ml) in das Ger\u00e4t f\u00fcllen, Produkt auf dem integrierten Touchscreen-Display w\u00e4hlen und auf das Start-Symbol dr\u00fccken. Der Granolyser startet den Transport der Probe. Die mit den integrierten Kalibrationsmodellen berechneten Ergebnisse werden anschlie\u00dfend angezeigt. Der Bediener kann die Ergebnisse auch ausdrucken. Der Granolyser hat eine Export-Funktion, so dass die generierten Dateien mit Ihrem PC (z.\u00a0B. mit MS Excel\u00ae) ge\u00f6ffnet werden k\u00f6nnen.<\/p>\n<p><iframe src=\"https:\/\/www.youtube.com\/embed\/WK_Iq9zuY9o\" width=\"560\" height=\"315\" frameborder=\"0\" allowfullscreen=\"allowfullscreen\"><\/iframe><\/p>\n<h3>Konnektivit\u00e4t<\/h3>\n<p>Der Granolyser verf\u00fcgt \u00fcber LAN-Anschluss und USB-Schnittstelle f\u00fcr Datentransfer, Barcode-Scanner, Tastatur oder USB-Datenspeicher sowie eine PC-Datenbank-Applikation (MS Access\u00ae) zur zentralen Datensammlung (optional).<\/p>\n<h3><strong>Vorteil<\/strong><\/h3>\n<ul>\n<li>Ergebnisse in weniger als 40 Sekunden<\/li>\n<li>Gro\u00dfes Probenvolumen von 600 ml<\/li>\n<li>NIR Diodenarray Technologie<\/li>\n<li>Mehr als 1000 Scans je Probe<\/li>\n<li>Farbiges LCD Touch Screen Display<\/li>\n<li>Eingebauter Drucker<\/li>\n<\/ul>\n<table border=\"0\">\n<tbody>\n<tr>\n<td><\/td>\n<td>Feuchtigkeit<\/td>\n<td>Eiwei\u00df<\/td>\n<td>\u00d6l<\/td>\n<td>Gluten<\/td>\n<td>Sediment<\/td>\n<\/tr>\n<tr>\n<td>Weizen<\/td>\n<td>+<\/td>\n<td>+<\/td>\n<td><\/td>\n<td>+<\/td>\n<td>+<\/td>\n<\/tr>\n<tr>\n<td>Roggen<\/td>\n<td>+<\/td>\n<td><\/td>\n<td><\/td>\n<td><\/td>\n<td><\/td>\n<\/tr>\n<tr>\n<td>Malz<\/td>\n<td>+<\/td>\n<td>+<\/td>\n<td><\/td>\n<td><\/td>\n<td><\/td>\n<\/tr>\n<tr>\n<td><span style=\"background-color: #eff8ef;\">Triticum<\/span><\/td>\n<td>+<\/td>\n<td><\/td>\n<td><\/td>\n<td><\/td>\n<td><\/td>\n<\/tr>\n<tr>\n<td>Mais<\/td>\n<td>+<\/td>\n<td>+<\/td>\n<td>+<\/td>\n<td><\/td>\n<td><\/td>\n<\/tr>\n<tr>\n<td>Raps<\/td>\n<td>+<\/td>\n<td><\/td>\n<td>+<\/td>\n<td><\/td>\n<td><\/td>\n<\/tr>\n<tr>\n<td><span style=\"background-color: #fef9e7;\">Hafer<\/span><\/td>\n<td>+<\/td>\n<td><\/td>\n<td><\/td>\n<td><\/td>\n<td><\/td>\n<\/tr>\n<tr>\n<td>Hartweizen<\/td>\n<td>+<\/td>\n<td><\/td>\n<td><\/td>\n<td><\/td>\n<td><\/td>\n<td><\/td>\n<td><\/td>\n<\/tr>\n<tr>\n<td>erbse<\/td>\n<td>+<\/td>\n<td>+<\/td>\n<td><\/td>\n<td><\/td>\n<td><\/td>\n<td><\/td>\n<td><\/td>\n<td><\/td>\n<\/tr>\n<tr>\n<td>Dinkel<\/td>\n<td>+<\/td>\n<td>+<\/td>\n<td><\/td>\n<td><\/td>\n<td><\/td>\n<td><\/td>\n<td><\/td>\n<\/tr>\n<tr>\n<td>Soja<\/td>\n<td>+<\/td>\n<td>+<\/td>\n<td>+<\/td>\n<td><\/td>\n<td><\/td>\n<td><\/td>\n<td><\/td>\n<td><\/td>\n<\/tr>\n<tr>\n<td>Sonnenblume<\/td>\n<td>+<\/td>\n<td><\/td>\n<td>+<\/td>\n<td><\/td>\n<td><\/td>\n<td><\/td>\n<td><\/td>\n<\/tr>\n<\/tbody>\n<\/table>\n<h3>Technische Daten<\/h3>\n<ul>\n<li>Spannung: 100 &#8211; 240 V, 50\/60 Hz<\/li>\n<li>Gr\u00f6\u00dfe: \u00a0 \u00a0 \u00a0 376x452x370 mm<\/li>\n<li>Gewicht: \u00a0 \u00a023 kg<\/li>\n<\/ul>\n","protected":false},"excerpt":{"rendered":"<p>Der Granolyser ist ein Diodenarray basiertes NIR Analysenger\u00e4t. Es ist&#8230;<\/p>\n","protected":false},"featured_media":22544,"comment_status":"closed","ping_status":"closed","template":"","meta":{"_acf_changed":false},"product_brand":[],"product_cat":[323],"product_tag":[],"class_list":{"0":"post-7875","1":"product","2":"type-product","3":"status-publish","4":"has-post-thumbnail","6":"product_cat-steuerungsgeraete","8":"first","9":"instock","10":"product-type-simple"},"acf":[],"yoast_head":"<!-- This site is optimized with the Yoast SEO plugin v27.4 - https:\/\/yoast.com\/product\/yoast-seo-wordpress\/ -->\n<title>Granolyser | Jansen&amp;Heuning<\/title>\n<meta name=\"description\" content=\"Granolyser | Jansen&amp;Heuning\" \/>\n<meta name=\"robots\" content=\"index, follow, max-snippet:-1, max-image-preview:large, max-video-preview:-1\" \/>\n<link rel=\"canonical\" href=\"https:\/\/jh.nl\/de\/product\/granolyser\/\" \/>\n<meta property=\"og:locale\" content=\"de_DE\" \/>\n<meta property=\"og:type\" content=\"article\" \/>\n<meta property=\"og:title\" content=\"Granolyser | Jansen&amp;Heuning\" \/>\n<meta property=\"og:description\" content=\"Granolyser | Jansen&amp;Heuning\" \/>\n<meta property=\"og:url\" content=\"https:\/\/jh.nl\/de\/product\/granolyser\/\" \/>\n<meta property=\"og:site_name\" content=\"Jansen&amp;Heuning\" \/>\n<meta property=\"article:publisher\" content=\"https:\/\/www.facebook.com\/JansenHeuning\" \/>\n<meta property=\"article:modified_time\" content=\"2019-09-11T09:05:17+00:00\" \/>\n<meta property=\"og:image\" content=\"https:\/\/jh.nl\/wp-content\/uploads\/2018\/01\/granolyser-removebg-preview.png\" \/>\n\t<meta property=\"og:image:width\" content=\"500\" \/>\n\t<meta property=\"og:image:height\" content=\"500\" \/>\n\t<meta property=\"og:image:type\" content=\"image\/png\" \/>\n<meta name=\"twitter:card\" content=\"summary_large_image\" \/>\n<meta name=\"twitter:label1\" content=\"Gesch\u00e4tzte Lesezeit\" \/>\n\t<meta name=\"twitter:data1\" content=\"1\u00a0Minute\" \/>\n<script type=\"application\/ld+json\" class=\"yoast-schema-graph\">{\"@context\":\"https:\\\/\\\/schema.org\",\"@graph\":[{\"@type\":\"WebPage\",\"@id\":\"https:\\\/\\\/jh.nl\\\/de\\\/product\\\/granolyser\\\/\",\"url\":\"https:\\\/\\\/jh.nl\\\/de\\\/product\\\/granolyser\\\/\",\"name\":\"Granolyser | Jansen&amp;Heuning\",\"isPartOf\":{\"@id\":\"https:\\\/\\\/jh.nl\\\/nl\\\/#website\"},\"primaryImageOfPage\":{\"@id\":\"https:\\\/\\\/jh.nl\\\/de\\\/product\\\/granolyser\\\/#primaryimage\"},\"image\":{\"@id\":\"https:\\\/\\\/jh.nl\\\/de\\\/product\\\/granolyser\\\/#primaryimage\"},\"thumbnailUrl\":\"https:\\\/\\\/jh.nl\\\/wp-content\\\/uploads\\\/2018\\\/01\\\/granolyser-removebg-preview.png\",\"datePublished\":\"2018-01-29T14:50:40+00:00\",\"dateModified\":\"2019-09-11T09:05:17+00:00\",\"description\":\"Granolyser | Jansen&amp;Heuning\",\"breadcrumb\":{\"@id\":\"https:\\\/\\\/jh.nl\\\/de\\\/product\\\/granolyser\\\/#breadcrumb\"},\"inLanguage\":\"de\",\"potentialAction\":[{\"@type\":\"ReadAction\",\"target\":[\"https:\\\/\\\/jh.nl\\\/de\\\/product\\\/granolyser\\\/\"]}]},{\"@type\":\"ImageObject\",\"inLanguage\":\"de\",\"@id\":\"https:\\\/\\\/jh.nl\\\/de\\\/product\\\/granolyser\\\/#primaryimage\",\"url\":\"https:\\\/\\\/jh.nl\\\/wp-content\\\/uploads\\\/2018\\\/01\\\/granolyser-removebg-preview.png\",\"contentUrl\":\"https:\\\/\\\/jh.nl\\\/wp-content\\\/uploads\\\/2018\\\/01\\\/granolyser-removebg-preview.png\",\"width\":500,\"height\":500},{\"@type\":\"BreadcrumbList\",\"@id\":\"https:\\\/\\\/jh.nl\\\/de\\\/product\\\/granolyser\\\/#breadcrumb\",\"itemListElement\":[{\"@type\":\"ListItem\",\"position\":1,\"name\":\"Home\",\"item\":\"https:\\\/\\\/jh.nl\\\/de\\\/\"},{\"@type\":\"ListItem\",\"position\":2,\"name\":\"Producten\",\"item\":\"https:\\\/\\\/jh.nl\\\/nl\\\/producten\\\/\"},{\"@type\":\"ListItem\",\"position\":3,\"name\":\"Getreidetechnik\",\"item\":\"https:\\\/\\\/jh.nl\\\/de\\\/produkt-kategorie\\\/getreidetechnik\\\/\"},{\"@type\":\"ListItem\",\"position\":4,\"name\":\"Steuerungsger\u00e4te\",\"item\":\"https:\\\/\\\/jh.nl\\\/de\\\/produkt-kategorie\\\/getreidetechnik\\\/steuerungsgeraete\\\/\"},{\"@type\":\"ListItem\",\"position\":5,\"name\":\"Granolyser\"}]},{\"@type\":\"WebSite\",\"@id\":\"https:\\\/\\\/jh.nl\\\/nl\\\/#website\",\"url\":\"https:\\\/\\\/jh.nl\\\/nl\\\/\",\"name\":\"Jansen & Heuning\",\"description\":\"Bulk Handling Systems\",\"publisher\":{\"@id\":\"https:\\\/\\\/jh.nl\\\/nl\\\/#organization\"},\"alternateName\":\"J&H\",\"potentialAction\":[{\"@type\":\"SearchAction\",\"target\":{\"@type\":\"EntryPoint\",\"urlTemplate\":\"https:\\\/\\\/jh.nl\\\/nl\\\/?s={search_term_string}\"},\"query-input\":{\"@type\":\"PropertyValueSpecification\",\"valueRequired\":true,\"valueName\":\"search_term_string\"}}],\"inLanguage\":\"de\"},{\"@type\":\"Organization\",\"@id\":\"https:\\\/\\\/jh.nl\\\/nl\\\/#organization\",\"name\":\"Jansen & Heuning\",\"alternateName\":\"J&H\",\"url\":\"https:\\\/\\\/jh.nl\\\/nl\\\/\",\"logo\":{\"@type\":\"ImageObject\",\"inLanguage\":\"de\",\"@id\":\"https:\\\/\\\/jh.nl\\\/nl\\\/#\\\/schema\\\/logo\\\/image\\\/\",\"url\":\"https:\\\/\\\/jh.nl\\\/wp-content\\\/uploads\\\/2022\\\/05\\\/JH-logo-scaled.gif\",\"contentUrl\":\"https:\\\/\\\/jh.nl\\\/wp-content\\\/uploads\\\/2022\\\/05\\\/JH-logo-scaled.gif\",\"width\":2560,\"height\":429,\"caption\":\"Jansen & Heuning\"},\"image\":{\"@id\":\"https:\\\/\\\/jh.nl\\\/nl\\\/#\\\/schema\\\/logo\\\/image\\\/\"},\"sameAs\":[\"https:\\\/\\\/www.facebook.com\\\/JansenHeuning\",\"https:\\\/\\\/www.youtube.com\\\/user\\\/JansenenHeuning\\\/featured\",\"https:\\\/\\\/www.linkedin.com\\\/company\\\/1768497\\\/\"]}]}<\/script>\n<!-- \/ Yoast SEO plugin. -->","yoast_head_json":{"title":"Granolyser | Jansen&amp;Heuning","description":"Granolyser | Jansen&amp;Heuning","robots":{"index":"index","follow":"follow","max-snippet":"max-snippet:-1","max-image-preview":"max-image-preview:large","max-video-preview":"max-video-preview:-1"},"canonical":"https:\/\/jh.nl\/de\/product\/granolyser\/","og_locale":"de_DE","og_type":"article","og_title":"Granolyser | Jansen&amp;Heuning","og_description":"Granolyser | Jansen&amp;Heuning","og_url":"https:\/\/jh.nl\/de\/product\/granolyser\/","og_site_name":"Jansen&amp;Heuning","article_publisher":"https:\/\/www.facebook.com\/JansenHeuning","article_modified_time":"2019-09-11T09:05:17+00:00","og_image":[{"width":500,"height":500,"url":"https:\/\/jh.nl\/wp-content\/uploads\/2018\/01\/granolyser-removebg-preview.png","type":"image\/png"}],"twitter_card":"summary_large_image","twitter_misc":{"Gesch\u00e4tzte Lesezeit":"1\u00a0Minute"},"schema":{"@context":"https:\/\/schema.org","@graph":[{"@type":"WebPage","@id":"https:\/\/jh.nl\/de\/product\/granolyser\/","url":"https:\/\/jh.nl\/de\/product\/granolyser\/","name":"Granolyser | Jansen&amp;Heuning","isPartOf":{"@id":"https:\/\/jh.nl\/nl\/#website"},"primaryImageOfPage":{"@id":"https:\/\/jh.nl\/de\/product\/granolyser\/#primaryimage"},"image":{"@id":"https:\/\/jh.nl\/de\/product\/granolyser\/#primaryimage"},"thumbnailUrl":"https:\/\/jh.nl\/wp-content\/uploads\/2018\/01\/granolyser-removebg-preview.png","datePublished":"2018-01-29T14:50:40+00:00","dateModified":"2019-09-11T09:05:17+00:00","description":"Granolyser | Jansen&amp;Heuning","breadcrumb":{"@id":"https:\/\/jh.nl\/de\/product\/granolyser\/#breadcrumb"},"inLanguage":"de","potentialAction":[{"@type":"ReadAction","target":["https:\/\/jh.nl\/de\/product\/granolyser\/"]}]},{"@type":"ImageObject","inLanguage":"de","@id":"https:\/\/jh.nl\/de\/product\/granolyser\/#primaryimage","url":"https:\/\/jh.nl\/wp-content\/uploads\/2018\/01\/granolyser-removebg-preview.png","contentUrl":"https:\/\/jh.nl\/wp-content\/uploads\/2018\/01\/granolyser-removebg-preview.png","width":500,"height":500},{"@type":"BreadcrumbList","@id":"https:\/\/jh.nl\/de\/product\/granolyser\/#breadcrumb","itemListElement":[{"@type":"ListItem","position":1,"name":"Home","item":"https:\/\/jh.nl\/de\/"},{"@type":"ListItem","position":2,"name":"Producten","item":"https:\/\/jh.nl\/nl\/producten\/"},{"@type":"ListItem","position":3,"name":"Getreidetechnik","item":"https:\/\/jh.nl\/de\/produkt-kategorie\/getreidetechnik\/"},{"@type":"ListItem","position":4,"name":"Steuerungsger\u00e4te","item":"https:\/\/jh.nl\/de\/produkt-kategorie\/getreidetechnik\/steuerungsgeraete\/"},{"@type":"ListItem","position":5,"name":"Granolyser"}]},{"@type":"WebSite","@id":"https:\/\/jh.nl\/nl\/#website","url":"https:\/\/jh.nl\/nl\/","name":"Jansen & Heuning","description":"Bulk Handling Systems","publisher":{"@id":"https:\/\/jh.nl\/nl\/#organization"},"alternateName":"J&H","potentialAction":[{"@type":"SearchAction","target":{"@type":"EntryPoint","urlTemplate":"https:\/\/jh.nl\/nl\/?s={search_term_string}"},"query-input":{"@type":"PropertyValueSpecification","valueRequired":true,"valueName":"search_term_string"}}],"inLanguage":"de"},{"@type":"Organization","@id":"https:\/\/jh.nl\/nl\/#organization","name":"Jansen & Heuning","alternateName":"J&H","url":"https:\/\/jh.nl\/nl\/","logo":{"@type":"ImageObject","inLanguage":"de","@id":"https:\/\/jh.nl\/nl\/#\/schema\/logo\/image\/","url":"https:\/\/jh.nl\/wp-content\/uploads\/2022\/05\/JH-logo-scaled.gif","contentUrl":"https:\/\/jh.nl\/wp-content\/uploads\/2022\/05\/JH-logo-scaled.gif","width":2560,"height":429,"caption":"Jansen & Heuning"},"image":{"@id":"https:\/\/jh.nl\/nl\/#\/schema\/logo\/image\/"},"sameAs":["https:\/\/www.facebook.com\/JansenHeuning","https:\/\/www.youtube.com\/user\/JansenenHeuning\/featured","https:\/\/www.linkedin.com\/company\/1768497\/"]}]}},"_links":{"self":[{"href":"https:\/\/jh.nl\/de\/wp-json\/wp\/v2\/product\/7875","targetHints":{"allow":["GET"]}}],"collection":[{"href":"https:\/\/jh.nl\/de\/wp-json\/wp\/v2\/product"}],"about":[{"href":"https:\/\/jh.nl\/de\/wp-json\/wp\/v2\/types\/product"}],"replies":[{"embeddable":true,"href":"https:\/\/jh.nl\/de\/wp-json\/wp\/v2\/comments?post=7875"}],"wp:featuredmedia":[{"embeddable":true,"href":"https:\/\/jh.nl\/de\/wp-json\/wp\/v2\/media\/22544"}],"wp:attachment":[{"href":"https:\/\/jh.nl\/de\/wp-json\/wp\/v2\/media?parent=7875"}],"wp:term":[{"taxonomy":"product_brand","embeddable":true,"href":"https:\/\/jh.nl\/de\/wp-json\/wp\/v2\/product_brand?post=7875"},{"taxonomy":"product_cat","embeddable":true,"href":"https:\/\/jh.nl\/de\/wp-json\/wp\/v2\/product_cat?post=7875"},{"taxonomy":"product_tag","embeddable":true,"href":"https:\/\/jh.nl\/de\/wp-json\/wp\/v2\/product_tag?post=7875"}],"curies":[{"name":"wp","href":"https:\/\/api.w.org\/{rel}","templated":true}]}}