{"id":7899,"date":"2018-01-29T15:35:14","date_gmt":"2018-01-29T14:35:14","guid":{"rendered":"https:\/\/jh.nl\/product\/gurtfoerderer-fuer-getreide\/"},"modified":"2019-09-24T14:14:58","modified_gmt":"2019-09-24T12:14:58","slug":"gurtfoerderer-fuer-getreide","status":"publish","type":"product","link":"https:\/\/jh.nl\/de\/product\/gurtfoerderer-fuer-getreide\/","title":{"rendered":"Gurtf\u00f6rderer f\u00fcr Getreide"},"content":{"rendered":"<p>F\u00fcr das F\u00f6rdern von Getreide \u00fcber gr\u00f6\u00dfere Distanzen sind F\u00f6rderb\u00e4nder gut geeignet. Durch ihre leichten Konstruktionen k\u00f6nnen sie an der Dachkonstruktion des Lagers aufgeh\u00e4ngt werden. Ein Bandschleifenwagen ist ein n\u00fctzliches Ger\u00e4t. Damit kann das Getreide \u00fcber die L\u00e4nge des F\u00f6rderbandes nach links und rechts vom Gurt abgeworfen und verteilt werden.<br \/>\nFalls Sie ein fahrbares F\u00f6rderband w\u00fcnschen, k\u00f6nnen wir es mit R\u00e4dern f\u00fcr das Verfahren auf Schienen ausger\u00fcsten. Mit unserem umfangreichen Standardprogramm finden wir f\u00fcr Sie die beste Konfiguration.<\/p>\n<p>Jansen &amp; Heuning kann verschiedene Typen von F\u00f6rderb\u00e4ndern liefern. Bitte kontaktieren Sie uns, um das beste F\u00f6rderband f\u00fcr Sie zu besprechen.<\/p>\n<p><strong>T50\/T51\/T52 Bandtransport<\/strong><\/p>\n<table border=\"0\" cellpadding=\"4\">\n<tbody>\n<tr>\n<td><strong>Typ<\/strong><\/td>\n<td><strong>Kapazit\u00e4t* (t\/h)<\/strong><\/td>\n<td><strong>Bandbreite\u00a0(mm)<\/strong><\/td>\n<td><strong>Schnelligkeit\u00a0(m\/s)<\/strong><\/td>\n<td><strong>Transportrollen<\/strong><\/td>\n<\/tr>\n<tr>\n<td>T50<\/td>\n<td>60<\/td>\n<td>400<\/td>\n<td>1<\/td>\n<td>ja, jede 0,5 m<\/td>\n<\/tr>\n<tr>\n<td>T51<\/td>\n<td>105<\/td>\n<td>500<\/td>\n<td>1<\/td>\n<td>ja, jede 0,5 m<\/td>\n<\/tr>\n<tr>\n<td>T52<\/td>\n<td>150<\/td>\n<td>650<\/td>\n<td>1<\/td>\n<td>ja, jede 0,5 m<\/td>\n<\/tr>\n<\/tbody>\n<\/table>\n<p>* bei 750 kg\/m\u00b3<\/p>\n<ul>\n<li>Modulbauweise<\/li>\n<li>vollverzinkt<\/li>\n<li>geringer Stromverbrauch<\/li>\n<li>Bandf\u00f6rderer k\u00f6nnen in beide Richtungen transportieren<\/li>\n<li>F\u00e4higkeit, max 35 \u00b0 Neigung (mit Profil auf Band)<\/li>\n<li>Abwurfungswagen m\u00f6glich (auch elektrisch beweglich)<\/li>\n<li>Transportrollen in der Wanne<\/li>\n<\/ul>\n","protected":false},"excerpt":{"rendered":"<p>F\u00fcr das F\u00f6rdern von Getreide \u00fcber gr\u00f6\u00dfere Distanzen sind F\u00f6rderb\u00e4nder&#8230;<\/p>\n","protected":false},"featured_media":25681,"comment_status":"closed","ping_status":"closed","template":"","meta":{"_acf_changed":false},"product_brand":[],"product_cat":[331],"product_tag":[],"class_list":{"0":"post-7899","1":"product","2":"type-product","3":"status-publish","4":"has-post-thumbnail","6":"product_cat-getreidefoerderung","8":"first","9":"instock","10":"product-type-simple"},"acf":[],"yoast_head":"<!-- This site is optimized with the Yoast SEO plugin v27.4 - https:\/\/yoast.com\/product\/yoast-seo-wordpress\/ -->\n<title>Gurtf\u00f6rderer f\u00fcr Getreide | Jansen&amp;Heuning<\/title>\n<meta name=\"description\" content=\"Gurtf\u00f6rderer f\u00fcr Getreide | Jansen&amp;Heuning\" \/>\n<meta name=\"robots\" content=\"index, follow, max-snippet:-1, max-image-preview:large, max-video-preview:-1\" \/>\n<link rel=\"canonical\" href=\"https:\/\/jh.nl\/de\/product\/gurtfoerderer-fuer-getreide\/\" \/>\n<meta property=\"og:locale\" content=\"de_DE\" \/>\n<meta property=\"og:type\" content=\"article\" \/>\n<meta property=\"og:title\" content=\"Gurtf\u00f6rderer f\u00fcr Getreide | Jansen&amp;Heuning\" \/>\n<meta property=\"og:description\" content=\"Gurtf\u00f6rderer f\u00fcr Getreide | Jansen&amp;Heuning\" \/>\n<meta property=\"og:url\" content=\"https:\/\/jh.nl\/de\/product\/gurtfoerderer-fuer-getreide\/\" \/>\n<meta property=\"og:site_name\" content=\"Jansen&amp;Heuning\" \/>\n<meta property=\"article:publisher\" content=\"https:\/\/www.facebook.com\/JansenHeuning\" \/>\n<meta property=\"article:modified_time\" content=\"2019-09-24T12:14:58+00:00\" \/>\n<meta property=\"og:image\" content=\"https:\/\/jh.nl\/wp-content\/uploads\/2024\/10\/Schermopname-27_edited.jpg\" \/>\n\t<meta property=\"og:image:width\" content=\"1900\" \/>\n\t<meta property=\"og:image:height\" content=\"898\" \/>\n\t<meta property=\"og:image:type\" content=\"image\/jpeg\" \/>\n<meta name=\"twitter:card\" content=\"summary_large_image\" \/>\n<meta name=\"twitter:label1\" content=\"Gesch\u00e4tzte Lesezeit\" \/>\n\t<meta name=\"twitter:data1\" content=\"1\u00a0Minute\" \/>\n<script type=\"application\/ld+json\" class=\"yoast-schema-graph\">{\"@context\":\"https:\\\/\\\/schema.org\",\"@graph\":[{\"@type\":\"WebPage\",\"@id\":\"https:\\\/\\\/jh.nl\\\/de\\\/product\\\/gurtfoerderer-fuer-getreide\\\/\",\"url\":\"https:\\\/\\\/jh.nl\\\/de\\\/product\\\/gurtfoerderer-fuer-getreide\\\/\",\"name\":\"Gurtf\u00f6rderer f\u00fcr Getreide | Jansen&amp;Heuning\",\"isPartOf\":{\"@id\":\"https:\\\/\\\/jh.nl\\\/nl\\\/#website\"},\"primaryImageOfPage\":{\"@id\":\"https:\\\/\\\/jh.nl\\\/de\\\/product\\\/gurtfoerderer-fuer-getreide\\\/#primaryimage\"},\"image\":{\"@id\":\"https:\\\/\\\/jh.nl\\\/de\\\/product\\\/gurtfoerderer-fuer-getreide\\\/#primaryimage\"},\"thumbnailUrl\":\"https:\\\/\\\/jh.nl\\\/wp-content\\\/uploads\\\/2018\\\/01\\\/Zijaanzicht-transporteur-scaled.jpg\",\"datePublished\":\"2018-01-29T14:35:14+00:00\",\"dateModified\":\"2019-09-24T12:14:58+00:00\",\"description\":\"Gurtf\u00f6rderer f\u00fcr Getreide | Jansen&amp;Heuning\",\"breadcrumb\":{\"@id\":\"https:\\\/\\\/jh.nl\\\/de\\\/product\\\/gurtfoerderer-fuer-getreide\\\/#breadcrumb\"},\"inLanguage\":\"de\",\"potentialAction\":[{\"@type\":\"ReadAction\",\"target\":[\"https:\\\/\\\/jh.nl\\\/de\\\/product\\\/gurtfoerderer-fuer-getreide\\\/\"]}]},{\"@type\":\"ImageObject\",\"inLanguage\":\"de\",\"@id\":\"https:\\\/\\\/jh.nl\\\/de\\\/product\\\/gurtfoerderer-fuer-getreide\\\/#primaryimage\",\"url\":\"https:\\\/\\\/jh.nl\\\/wp-content\\\/uploads\\\/2018\\\/01\\\/Zijaanzicht-transporteur-scaled.jpg\",\"contentUrl\":\"https:\\\/\\\/jh.nl\\\/wp-content\\\/uploads\\\/2018\\\/01\\\/Zijaanzicht-transporteur-scaled.jpg\",\"width\":2560,\"height\":1920,\"caption\":\"Graan bandtransporteur\"},{\"@type\":\"BreadcrumbList\",\"@id\":\"https:\\\/\\\/jh.nl\\\/de\\\/product\\\/gurtfoerderer-fuer-getreide\\\/#breadcrumb\",\"itemListElement\":[{\"@type\":\"ListItem\",\"position\":1,\"name\":\"Home\",\"item\":\"https:\\\/\\\/jh.nl\\\/de\\\/\"},{\"@type\":\"ListItem\",\"position\":2,\"name\":\"Producten\",\"item\":\"https:\\\/\\\/jh.nl\\\/nl\\\/producten\\\/\"},{\"@type\":\"ListItem\",\"position\":3,\"name\":\"Getreidetechnik\",\"item\":\"https:\\\/\\\/jh.nl\\\/de\\\/produkt-kategorie\\\/getreidetechnik\\\/\"},{\"@type\":\"ListItem\",\"position\":4,\"name\":\"Getreidef\u00f6rderung\",\"item\":\"https:\\\/\\\/jh.nl\\\/de\\\/produkt-kategorie\\\/getreidetechnik\\\/getreidefoerderung\\\/\"},{\"@type\":\"ListItem\",\"position\":5,\"name\":\"Gurtf\u00f6rderer f\u00fcr Getreide\"}]},{\"@type\":\"WebSite\",\"@id\":\"https:\\\/\\\/jh.nl\\\/nl\\\/#website\",\"url\":\"https:\\\/\\\/jh.nl\\\/nl\\\/\",\"name\":\"Jansen & Heuning\",\"description\":\"Bulk Handling Systems\",\"publisher\":{\"@id\":\"https:\\\/\\\/jh.nl\\\/nl\\\/#organization\"},\"alternateName\":\"J&H\",\"potentialAction\":[{\"@type\":\"SearchAction\",\"target\":{\"@type\":\"EntryPoint\",\"urlTemplate\":\"https:\\\/\\\/jh.nl\\\/nl\\\/?s={search_term_string}\"},\"query-input\":{\"@type\":\"PropertyValueSpecification\",\"valueRequired\":true,\"valueName\":\"search_term_string\"}}],\"inLanguage\":\"de\"},{\"@type\":\"Organization\",\"@id\":\"https:\\\/\\\/jh.nl\\\/nl\\\/#organization\",\"name\":\"Jansen & Heuning\",\"alternateName\":\"J&H\",\"url\":\"https:\\\/\\\/jh.nl\\\/nl\\\/\",\"logo\":{\"@type\":\"ImageObject\",\"inLanguage\":\"de\",\"@id\":\"https:\\\/\\\/jh.nl\\\/nl\\\/#\\\/schema\\\/logo\\\/image\\\/\",\"url\":\"https:\\\/\\\/jh.nl\\\/wp-content\\\/uploads\\\/2022\\\/05\\\/JH-logo-scaled.gif\",\"contentUrl\":\"https:\\\/\\\/jh.nl\\\/wp-content\\\/uploads\\\/2022\\\/05\\\/JH-logo-scaled.gif\",\"width\":2560,\"height\":429,\"caption\":\"Jansen & Heuning\"},\"image\":{\"@id\":\"https:\\\/\\\/jh.nl\\\/nl\\\/#\\\/schema\\\/logo\\\/image\\\/\"},\"sameAs\":[\"https:\\\/\\\/www.facebook.com\\\/JansenHeuning\",\"https:\\\/\\\/www.youtube.com\\\/user\\\/JansenenHeuning\\\/featured\",\"https:\\\/\\\/www.linkedin.com\\\/company\\\/1768497\\\/\"]}]}<\/script>\n<!-- \/ Yoast SEO plugin. -->","yoast_head_json":{"title":"Gurtf\u00f6rderer f\u00fcr Getreide | Jansen&amp;Heuning","description":"Gurtf\u00f6rderer f\u00fcr Getreide | Jansen&amp;Heuning","robots":{"index":"index","follow":"follow","max-snippet":"max-snippet:-1","max-image-preview":"max-image-preview:large","max-video-preview":"max-video-preview:-1"},"canonical":"https:\/\/jh.nl\/de\/product\/gurtfoerderer-fuer-getreide\/","og_locale":"de_DE","og_type":"article","og_title":"Gurtf\u00f6rderer f\u00fcr Getreide | Jansen&amp;Heuning","og_description":"Gurtf\u00f6rderer f\u00fcr Getreide | Jansen&amp;Heuning","og_url":"https:\/\/jh.nl\/de\/product\/gurtfoerderer-fuer-getreide\/","og_site_name":"Jansen&amp;Heuning","article_publisher":"https:\/\/www.facebook.com\/JansenHeuning","article_modified_time":"2019-09-24T12:14:58+00:00","og_image":[{"width":1900,"height":898,"url":"https:\/\/jh.nl\/wp-content\/uploads\/2024\/10\/Schermopname-27_edited.jpg","type":"image\/jpeg"}],"twitter_card":"summary_large_image","twitter_misc":{"Gesch\u00e4tzte Lesezeit":"1\u00a0Minute"},"schema":{"@context":"https:\/\/schema.org","@graph":[{"@type":"WebPage","@id":"https:\/\/jh.nl\/de\/product\/gurtfoerderer-fuer-getreide\/","url":"https:\/\/jh.nl\/de\/product\/gurtfoerderer-fuer-getreide\/","name":"Gurtf\u00f6rderer f\u00fcr Getreide | Jansen&amp;Heuning","isPartOf":{"@id":"https:\/\/jh.nl\/nl\/#website"},"primaryImageOfPage":{"@id":"https:\/\/jh.nl\/de\/product\/gurtfoerderer-fuer-getreide\/#primaryimage"},"image":{"@id":"https:\/\/jh.nl\/de\/product\/gurtfoerderer-fuer-getreide\/#primaryimage"},"thumbnailUrl":"https:\/\/jh.nl\/wp-content\/uploads\/2018\/01\/Zijaanzicht-transporteur-scaled.jpg","datePublished":"2018-01-29T14:35:14+00:00","dateModified":"2019-09-24T12:14:58+00:00","description":"Gurtf\u00f6rderer f\u00fcr Getreide | Jansen&amp;Heuning","breadcrumb":{"@id":"https:\/\/jh.nl\/de\/product\/gurtfoerderer-fuer-getreide\/#breadcrumb"},"inLanguage":"de","potentialAction":[{"@type":"ReadAction","target":["https:\/\/jh.nl\/de\/product\/gurtfoerderer-fuer-getreide\/"]}]},{"@type":"ImageObject","inLanguage":"de","@id":"https:\/\/jh.nl\/de\/product\/gurtfoerderer-fuer-getreide\/#primaryimage","url":"https:\/\/jh.nl\/wp-content\/uploads\/2018\/01\/Zijaanzicht-transporteur-scaled.jpg","contentUrl":"https:\/\/jh.nl\/wp-content\/uploads\/2018\/01\/Zijaanzicht-transporteur-scaled.jpg","width":2560,"height":1920,"caption":"Graan bandtransporteur"},{"@type":"BreadcrumbList","@id":"https:\/\/jh.nl\/de\/product\/gurtfoerderer-fuer-getreide\/#breadcrumb","itemListElement":[{"@type":"ListItem","position":1,"name":"Home","item":"https:\/\/jh.nl\/de\/"},{"@type":"ListItem","position":2,"name":"Producten","item":"https:\/\/jh.nl\/nl\/producten\/"},{"@type":"ListItem","position":3,"name":"Getreidetechnik","item":"https:\/\/jh.nl\/de\/produkt-kategorie\/getreidetechnik\/"},{"@type":"ListItem","position":4,"name":"Getreidef\u00f6rderung","item":"https:\/\/jh.nl\/de\/produkt-kategorie\/getreidetechnik\/getreidefoerderung\/"},{"@type":"ListItem","position":5,"name":"Gurtf\u00f6rderer f\u00fcr Getreide"}]},{"@type":"WebSite","@id":"https:\/\/jh.nl\/nl\/#website","url":"https:\/\/jh.nl\/nl\/","name":"Jansen & Heuning","description":"Bulk Handling Systems","publisher":{"@id":"https:\/\/jh.nl\/nl\/#organization"},"alternateName":"J&H","potentialAction":[{"@type":"SearchAction","target":{"@type":"EntryPoint","urlTemplate":"https:\/\/jh.nl\/nl\/?s={search_term_string}"},"query-input":{"@type":"PropertyValueSpecification","valueRequired":true,"valueName":"search_term_string"}}],"inLanguage":"de"},{"@type":"Organization","@id":"https:\/\/jh.nl\/nl\/#organization","name":"Jansen & Heuning","alternateName":"J&H","url":"https:\/\/jh.nl\/nl\/","logo":{"@type":"ImageObject","inLanguage":"de","@id":"https:\/\/jh.nl\/nl\/#\/schema\/logo\/image\/","url":"https:\/\/jh.nl\/wp-content\/uploads\/2022\/05\/JH-logo-scaled.gif","contentUrl":"https:\/\/jh.nl\/wp-content\/uploads\/2022\/05\/JH-logo-scaled.gif","width":2560,"height":429,"caption":"Jansen & Heuning"},"image":{"@id":"https:\/\/jh.nl\/nl\/#\/schema\/logo\/image\/"},"sameAs":["https:\/\/www.facebook.com\/JansenHeuning","https:\/\/www.youtube.com\/user\/JansenenHeuning\/featured","https:\/\/www.linkedin.com\/company\/1768497\/"]}]}},"_links":{"self":[{"href":"https:\/\/jh.nl\/de\/wp-json\/wp\/v2\/product\/7899","targetHints":{"allow":["GET"]}}],"collection":[{"href":"https:\/\/jh.nl\/de\/wp-json\/wp\/v2\/product"}],"about":[{"href":"https:\/\/jh.nl\/de\/wp-json\/wp\/v2\/types\/product"}],"replies":[{"embeddable":true,"href":"https:\/\/jh.nl\/de\/wp-json\/wp\/v2\/comments?post=7899"}],"wp:featuredmedia":[{"embeddable":true,"href":"https:\/\/jh.nl\/de\/wp-json\/wp\/v2\/media\/25681"}],"wp:attachment":[{"href":"https:\/\/jh.nl\/de\/wp-json\/wp\/v2\/media?parent=7899"}],"wp:term":[{"taxonomy":"product_brand","embeddable":true,"href":"https:\/\/jh.nl\/de\/wp-json\/wp\/v2\/product_brand?post=7899"},{"taxonomy":"product_cat","embeddable":true,"href":"https:\/\/jh.nl\/de\/wp-json\/wp\/v2\/product_cat?post=7899"},{"taxonomy":"product_tag","embeddable":true,"href":"https:\/\/jh.nl\/de\/wp-json\/wp\/v2\/product_tag?post=7899"}],"curies":[{"name":"wp","href":"https:\/\/api.w.org\/{rel}","templated":true}]}}